





{"id":98698,"date":"2026-05-07T14:51:25","date_gmt":"2026-05-07T12:51:25","guid":{"rendered":"https:\/\/repliquemangacine.fr\/?post_type=product&#038;p=98698"},"modified":"2026-05-07T17:26:49","modified_gmt":"2026-05-07T15:26:49","slug":"pugnale-templare-crociato","status":"publish","type":"product","link":"https:\/\/repliquemangacine.fr\/it\/dagues-medievales\/dague-templier-des-croisades\/","title":{"rendered":"Pugnale templare delle crociate"},"content":{"rendered":"<h2>Pugnale templare delle Crociate: un oggetto sacro medievale<\/h2>\n<p>Questo <strong>Pugnale templare delle Crociate<\/strong> \u00e8 una dichiarazione di stile immediata. La lama dritta, il fodero nero e i dettagli rossi evocano il mondo della cavalleria. Perci\u00f2 cattura l'attenzione fin dalla prima esposizione.<\/p>\n<p>Inoltre, la sua elsa ricurva, con incisa la parola \u201cCrociata\u201d, ricordava a chi la indossava che stava combattendo una battaglia spirituale oltre che militare. Anche le croci rosse rafforzano la sua identit\u00e0 medievale. Il pomo a forma di elmo aggiunge una vera e propria presenza storica.<\/p>\n<p>Infine, questa replica decorativa \u00e8 ideale per i collezionisti, gli appassionati di Templari e gli amanti della decorazione medievale. Si abbina perfettamente a una spada, uno scudo o un elmo medievale.<\/p>\n<h3>Una guardia incisa piena di simboli<\/h3>\n<p>L'elsa d'argento, la croce e la goffratura conferiscono una finitura di grande impatto visivo.<\/p>\n<h2>Un pugnale ispirato ai Cavalieri Templari<\/h2>\n<p>I Templari sono ancora oggi affascinanti. La loro storia unisce fede, disciplina, mistero e leggenda. Di conseguenza, ogni simbolo diventa immediatamente potente.<\/p>\n<p>Questo pugnale riprende i codici forti della\u2019<a href=\"https:\/\/fr.wikipedia.org\/wiki\/Ordre_du_Temple\" target=\"_blank\" rel=\"noopener noreferrer\">Ordine del Tempio<\/a>. Le croci rosse ricordano le Crociate. L'incisione \u201cCrusade\u201d aggiunge un tocco ancora pi\u00f9 suggestivo.<\/p>\n<p>Si dice che questo pugnale, conosciuto come il\u00a0<strong><em>Lama dell'Ombra Sacra<\/em><\/strong>, fu forgiato nel cuore di Gerusalemme, alla vigilia della Settima Crociata. Indossato dal cavaliere Alphonse de Marnay, non fu usato solo in battaglia, ma segn\u00f2 anche il sigillo di un giuramento sacro. Ogni Templare lo riceveva dopo aver giurato fedelt\u00e0 alla Regola, davanti all'altare del Santo Sepolcro.<\/p>\n<h2>Perch\u00e9 scegliere questo pugnale decorativo dei Templari?<\/h2>\n<p>Questo pugnale \u00e8 ideale per arricchire una collezione medievale. Pu\u00f2 anche essere utilizzato per decorazioni storiche, servizi fotografici o cosplay. Tuttavia, rimane principalmente un pezzo decorativo.<\/p>\n<p>Il suo principale vantaggio \u00e8 l'aspetto completo. Lama, guardia, impugnatura e fodero seguono la stessa direzione visiva. Nulla sembra essere lasciato al caso.<\/p>\n<p>Scoprite il nostro mondo di <a href=\"https:\/\/repliquemangacine.fr\/it\/riproduzioni-di-armi-e-accessori-medievali\/\">riproduzioni medievali<\/a> : <a href=\"https:\/\/repliquemangacine.fr\/it\/spada-templare-medievale\/\">spade dei cavalieri<\/a>, <a href=\"https:\/\/repliquemangacine.fr\/it\/elmo-cavaliere-templare\/\">timoni<\/a>, <a href=\"https:\/\/repliquemangacine.fr\/it\/pugnali-medievali\/\">pugnali<\/a>, <a href=\"https:\/\/repliquemangacine.fr\/it\/scudi-e-armature\/\">scudi<\/a> e armi storiche ispirate alle grandi battaglie del Medioevo. Immergetevi in una collezione pensata per gli appassionati di storia, i collezionisti e gli amanti della rievocazione medievale.<\/p>","protected":false},"excerpt":{"rendered":"<p><strong>Un pugnale templare con inciso \u201cCrusade\u201d, pensato per gli amanti delle crociate e dei manufatti medievali di pregio.<\/strong><\/p>\n<p>Questa replica decorativa presenta una lama dritta, un'elsa elaborata e un fodero nero decorato con croci rosse.<br \/>\nIl pomo a forma di elmo ne rafforza lo stile cavalleresco.<br \/>\nPerfetto per il collezionismo, la decorazione o il cosplay medievale.<\/p>\n<p><strong>Caratteristiche :<\/strong><\/p>\n<ul>\n<li>Lama in acciaio inox da 24 cm<\/li>\n<li>Protezione in acciaio inciso<\/li>\n<li>Impugnatura in ABS sagomata per una presa sicura<\/li>\n<li>Manopola in metallo a forma di elmo da cavaliere<\/li>\n<li>Guaina in ABS con finiture<\/li>\n<li>Lunghezza totale con fodero: 39 cm<\/li>\n<li>Peso 315 g<\/li>\n<\/ul>","protected":false},"featured_media":98700,"template":"","meta":[],"product_brand":[],"product_cat":[93,107],"product_tag":[],"class_list":{"0":"post-98698","1":"product","2":"type-product","3":"status-publish","4":"has-post-thumbnail","6":"product_cat-dagues-medievales","7":"product_cat-nouveautes","9":"first","10":"instock","11":"taxable","12":"shipping-taxable","13":"purchasable","14":"product-type-simple"},"yoast_head":"<!-- This site is optimized with the Yoast SEO plugin v27.6 - https:\/\/yoast.com\/product\/yoast-seo-wordpress\/ -->\n<title>Dague Templier des Croisades - R\u00e9plique Manga Cin\u00e9<\/title>\n<meta name=\"description\" content=\"Dague Templier des Croisades, son pommeau en forme de heaume, croix rouges et fourreau noir. Une pi\u00e8ce m\u00e9di\u00e9vale forte pour collection, d\u00e9co ou cosplay.\" \/>\n<meta name=\"robots\" content=\"index, follow, max-snippet:-1, max-image-preview:large, max-video-preview:-1\" \/>\n<link rel=\"canonical\" href=\"https:\/\/repliquemangacine.fr\/it\/pugnali-medievali\/pugnale-templare-crociato\/\" \/>\n<meta property=\"og:locale\" content=\"it_IT\" \/>\n<meta property=\"og:type\" content=\"article\" \/>\n<meta property=\"og:title\" content=\"Dague Templier des Croisades - R\u00e9plique Manga Cin\u00e9\" \/>\n<meta property=\"og:description\" content=\"Dague Templier des Croisades, son pommeau en forme de heaume, croix rouges et fourreau noir. Une pi\u00e8ce m\u00e9di\u00e9vale forte pour collection, d\u00e9co ou cosplay.\" \/>\n<meta property=\"og:url\" content=\"https:\/\/repliquemangacine.fr\/it\/pugnali-medievali\/pugnale-templare-crociato\/\" \/>\n<meta property=\"og:site_name\" content=\"R\u00e9plique Manga Cin\u00e9\" \/>\n<meta property=\"article:publisher\" content=\"https:\/\/www.facebook.com\/RepliqueMangaCine\" \/>\n<meta property=\"article:modified_time\" content=\"2026-05-07T15:26:49+00:00\" \/>\n<meta property=\"og:image\" content=\"https:\/\/repliquemangacine.fr\/wp-content\/uploads\/2026\/05\/Dague-des-Templiers-des-Croisades-dans-son-fourreau.jpg\" \/>\n\t<meta property=\"og:image:width\" content=\"700\" \/>\n\t<meta property=\"og:image:height\" content=\"700\" \/>\n\t<meta property=\"og:image:type\" content=\"image\/jpeg\" \/>\n<meta name=\"twitter:card\" content=\"summary_large_image\" \/>\n<meta name=\"twitter:label1\" content=\"Tempo di lettura stimato\" \/>\n\t<meta name=\"twitter:data1\" content=\"3 minuti\" \/>\n<script type=\"application\/ld+json\" class=\"yoast-schema-graph\">{\"@context\":\"https:\\\/\\\/schema.org\",\"@graph\":[{\"@type\":\"WebPage\",\"@id\":\"https:\\\/\\\/repliquemangacine.fr\\\/dagues-medievales\\\/dague-templier-des-croisades\\\/\",\"url\":\"https:\\\/\\\/repliquemangacine.fr\\\/dagues-medievales\\\/dague-templier-des-croisades\\\/\",\"name\":\"Dague Templier des Croisades - R\u00e9plique Manga Cin\u00e9\",\"isPartOf\":{\"@id\":\"https:\\\/\\\/repliquemangacine.fr\\\/#website\"},\"primaryImageOfPage\":{\"@id\":\"https:\\\/\\\/repliquemangacine.fr\\\/dagues-medievales\\\/dague-templier-des-croisades\\\/#primaryimage\"},\"image\":{\"@id\":\"https:\\\/\\\/repliquemangacine.fr\\\/dagues-medievales\\\/dague-templier-des-croisades\\\/#primaryimage\"},\"thumbnailUrl\":\"https:\\\/\\\/repliquemangacine.fr\\\/wp-content\\\/uploads\\\/2026\\\/05\\\/Dague-des-Templiers-des-Croisades-dans-son-fourreau.jpg\",\"datePublished\":\"2026-05-07T12:51:25+00:00\",\"dateModified\":\"2026-05-07T15:26:49+00:00\",\"description\":\"Dague Templier des Croisades, son pommeau en forme de heaume, croix rouges et fourreau noir. Une pi\u00e8ce m\u00e9di\u00e9vale forte pour collection, d\u00e9co ou cosplay.\",\"breadcrumb\":{\"@id\":\"https:\\\/\\\/repliquemangacine.fr\\\/dagues-medievales\\\/dague-templier-des-croisades\\\/#breadcrumb\"},\"inLanguage\":\"it-IT\",\"potentialAction\":[{\"@type\":\"ReadAction\",\"target\":[\"https:\\\/\\\/repliquemangacine.fr\\\/dagues-medievales\\\/dague-templier-des-croisades\\\/\"]}]},{\"@type\":\"ImageObject\",\"inLanguage\":\"it-IT\",\"@id\":\"https:\\\/\\\/repliquemangacine.fr\\\/dagues-medievales\\\/dague-templier-des-croisades\\\/#primaryimage\",\"url\":\"https:\\\/\\\/repliquemangacine.fr\\\/wp-content\\\/uploads\\\/2026\\\/05\\\/Dague-des-Templiers-des-Croisades-dans-son-fourreau.jpg\",\"contentUrl\":\"https:\\\/\\\/repliquemangacine.fr\\\/wp-content\\\/uploads\\\/2026\\\/05\\\/Dague-des-Templiers-des-Croisades-dans-son-fourreau.jpg\",\"width\":700,\"height\":700,\"caption\":\"Dague-des-Templiers-des-Croisades-dans-son-fourreau\"},{\"@type\":\"BreadcrumbList\",\"@id\":\"https:\\\/\\\/repliquemangacine.fr\\\/dagues-medievales\\\/dague-templier-des-croisades\\\/#breadcrumb\",\"itemListElement\":[{\"@type\":\"ListItem\",\"position\":1,\"name\":\"Accueil\",\"item\":\"https:\\\/\\\/repliquemangacine.fr\\\/\"},{\"@type\":\"ListItem\",\"position\":2,\"name\":\"Produits\",\"item\":\"https:\\\/\\\/repliquemangacine.fr\\\/boutique\\\/\"},{\"@type\":\"ListItem\",\"position\":3,\"name\":\"Dague Templier des Croisades\"}]},{\"@type\":\"WebSite\",\"@id\":\"https:\\\/\\\/repliquemangacine.fr\\\/#website\",\"url\":\"https:\\\/\\\/repliquemangacine.fr\\\/\",\"name\":\"R\u00e9plique Manga Cin\u00e9\",\"description\":\"\",\"publisher\":{\"@id\":\"https:\\\/\\\/repliquemangacine.fr\\\/#organization\"},\"potentialAction\":[{\"@type\":\"SearchAction\",\"target\":{\"@type\":\"EntryPoint\",\"urlTemplate\":\"https:\\\/\\\/repliquemangacine.fr\\\/?s={search_term_string}\"},\"query-input\":{\"@type\":\"PropertyValueSpecification\",\"valueRequired\":true,\"valueName\":\"search_term_string\"}}],\"inLanguage\":\"it-IT\"},{\"@type\":\"Organization\",\"@id\":\"https:\\\/\\\/repliquemangacine.fr\\\/#organization\",\"name\":\"R\u00e9plique Manga Cin\u00e9\",\"url\":\"https:\\\/\\\/repliquemangacine.fr\\\/\",\"logo\":{\"@type\":\"ImageObject\",\"inLanguage\":\"it-IT\",\"@id\":\"https:\\\/\\\/repliquemangacine.fr\\\/#\\\/schema\\\/logo\\\/image\\\/\",\"url\":\"https:\\\/\\\/repliquemangacine.fr\\\/wp-content\\\/uploads\\\/2023\\\/10\\\/RMC-500250.png\",\"contentUrl\":\"https:\\\/\\\/repliquemangacine.fr\\\/wp-content\\\/uploads\\\/2023\\\/10\\\/RMC-500250.png\",\"width\":500,\"height\":250,\"caption\":\"R\u00e9plique Manga Cin\u00e9\"},\"image\":{\"@id\":\"https:\\\/\\\/repliquemangacine.fr\\\/#\\\/schema\\\/logo\\\/image\\\/\"},\"sameAs\":[\"https:\\\/\\\/www.facebook.com\\\/RepliqueMangaCine\",\"https:\\\/\\\/www.instagram.com\\\/repliquemangacine.fr\\\/\"]}]}<\/script>\n<!-- \/ Yoast SEO plugin. -->","yoast_head_json":{"title":"Pugnale Templare delle Crociate - R\u00e9plique Manga Cin\u00e9","description":"Pugnale templare delle Crociate, con pomo a forma di elmo, croci rosse e fodero nero. Un potente pezzo medievale da collezione, decorazione o cosplay.","robots":{"index":"index","follow":"follow","max-snippet":"max-snippet:-1","max-image-preview":"max-image-preview:large","max-video-preview":"max-video-preview:-1"},"canonical":"https:\/\/repliquemangacine.fr\/it\/pugnali-medievali\/pugnale-templare-crociato\/","og_locale":"it_IT","og_type":"article","og_title":"Dague Templier des Croisades - R\u00e9plique Manga Cin\u00e9","og_description":"Dague Templier des Croisades, son pommeau en forme de heaume, croix rouges et fourreau noir. Une pi\u00e8ce m\u00e9di\u00e9vale forte pour collection, d\u00e9co ou cosplay.","og_url":"https:\/\/repliquemangacine.fr\/it\/pugnali-medievali\/pugnale-templare-crociato\/","og_site_name":"R\u00e9plique Manga Cin\u00e9","article_publisher":"https:\/\/www.facebook.com\/RepliqueMangaCine","article_modified_time":"2026-05-07T15:26:49+00:00","og_image":[{"width":700,"height":700,"url":"https:\/\/repliquemangacine.fr\/wp-content\/uploads\/2026\/05\/Dague-des-Templiers-des-Croisades-dans-son-fourreau.jpg","type":"image\/jpeg"}],"twitter_card":"summary_large_image","twitter_misc":{"Tempo di lettura stimato":"3 minuti"},"schema":{"@context":"https:\/\/schema.org","@graph":[{"@type":"WebPage","@id":"https:\/\/repliquemangacine.fr\/dagues-medievales\/dague-templier-des-croisades\/","url":"https:\/\/repliquemangacine.fr\/dagues-medievales\/dague-templier-des-croisades\/","name":"Pugnale Templare delle Crociate - R\u00e9plique Manga Cin\u00e9","isPartOf":{"@id":"https:\/\/repliquemangacine.fr\/#website"},"primaryImageOfPage":{"@id":"https:\/\/repliquemangacine.fr\/dagues-medievales\/dague-templier-des-croisades\/#primaryimage"},"image":{"@id":"https:\/\/repliquemangacine.fr\/dagues-medievales\/dague-templier-des-croisades\/#primaryimage"},"thumbnailUrl":"https:\/\/repliquemangacine.fr\/wp-content\/uploads\/2026\/05\/Dague-des-Templiers-des-Croisades-dans-son-fourreau.jpg","datePublished":"2026-05-07T12:51:25+00:00","dateModified":"2026-05-07T15:26:49+00:00","description":"Pugnale templare delle Crociate, con pomo a forma di elmo, croci rosse e fodero nero. Un potente pezzo medievale da collezione, decorazione o cosplay.","breadcrumb":{"@id":"https:\/\/repliquemangacine.fr\/dagues-medievales\/dague-templier-des-croisades\/#breadcrumb"},"inLanguage":"it-IT","potentialAction":[{"@type":"ReadAction","target":["https:\/\/repliquemangacine.fr\/dagues-medievales\/dague-templier-des-croisades\/"]}]},{"@type":"ImageObject","inLanguage":"it-IT","@id":"https:\/\/repliquemangacine.fr\/dagues-medievales\/dague-templier-des-croisades\/#primaryimage","url":"https:\/\/repliquemangacine.fr\/wp-content\/uploads\/2026\/05\/Dague-des-Templiers-des-Croisades-dans-son-fourreau.jpg","contentUrl":"https:\/\/repliquemangacine.fr\/wp-content\/uploads\/2026\/05\/Dague-des-Templiers-des-Croisades-dans-son-fourreau.jpg","width":700,"height":700,"caption":"Dague-des-Templiers-des-Croisades-dans-son-fourreau"},{"@type":"BreadcrumbList","@id":"https:\/\/repliquemangacine.fr\/dagues-medievales\/dague-templier-des-croisades\/#breadcrumb","itemListElement":[{"@type":"ListItem","position":1,"name":"Accueil","item":"https:\/\/repliquemangacine.fr\/"},{"@type":"ListItem","position":2,"name":"Produits","item":"https:\/\/repliquemangacine.fr\/boutique\/"},{"@type":"ListItem","position":3,"name":"Dague Templier des Croisades"}]},{"@type":"WebSite","@id":"https:\/\/repliquemangacine.fr\/#website","url":"https:\/\/repliquemangacine.fr\/","name":"R\u00e9plique Manga Cin\u00e9","description":"","publisher":{"@id":"https:\/\/repliquemangacine.fr\/#organization"},"potentialAction":[{"@type":"SearchAction","target":{"@type":"EntryPoint","urlTemplate":"https:\/\/repliquemangacine.fr\/?s={search_term_string}"},"query-input":{"@type":"PropertyValueSpecification","valueRequired":true,"valueName":"search_term_string"}}],"inLanguage":"it-IT"},{"@type":"Organization","@id":"https:\/\/repliquemangacine.fr\/#organization","name":"R\u00e9plique Manga Cin\u00e9","url":"https:\/\/repliquemangacine.fr\/","logo":{"@type":"ImageObject","inLanguage":"it-IT","@id":"https:\/\/repliquemangacine.fr\/#\/schema\/logo\/image\/","url":"https:\/\/repliquemangacine.fr\/wp-content\/uploads\/2023\/10\/RMC-500250.png","contentUrl":"https:\/\/repliquemangacine.fr\/wp-content\/uploads\/2023\/10\/RMC-500250.png","width":500,"height":250,"caption":"R\u00e9plique Manga Cin\u00e9"},"image":{"@id":"https:\/\/repliquemangacine.fr\/#\/schema\/logo\/image\/"},"sameAs":["https:\/\/www.facebook.com\/RepliqueMangaCine","https:\/\/www.instagram.com\/repliquemangacine.fr\/"]}]}},"_links":{"self":[{"href":"https:\/\/repliquemangacine.fr\/it\/wp-json\/wp\/v2\/product\/98698","targetHints":{"allow":["GET"]}}],"collection":[{"href":"https:\/\/repliquemangacine.fr\/it\/wp-json\/wp\/v2\/product"}],"about":[{"href":"https:\/\/repliquemangacine.fr\/it\/wp-json\/wp\/v2\/types\/product"}],"wp:featuredmedia":[{"embeddable":true,"href":"https:\/\/repliquemangacine.fr\/it\/wp-json\/wp\/v2\/media\/98700"}],"wp:attachment":[{"href":"https:\/\/repliquemangacine.fr\/it\/wp-json\/wp\/v2\/media?parent=98698"}],"wp:term":[{"taxonomy":"product_brand","embeddable":true,"href":"https:\/\/repliquemangacine.fr\/it\/wp-json\/wp\/v2\/product_brand?post=98698"},{"taxonomy":"product_cat","embeddable":true,"href":"https:\/\/repliquemangacine.fr\/it\/wp-json\/wp\/v2\/product_cat?post=98698"},{"taxonomy":"product_tag","embeddable":true,"href":"https:\/\/repliquemangacine.fr\/it\/wp-json\/wp\/v2\/product_tag?post=98698"}],"curies":[{"name":"wp","href":"https:\/\/api.w.org\/{rel}","templated":true}]}}