





{"id":97348,"date":"2026-04-01T16:56:32","date_gmt":"2026-04-01T14:56:32","guid":{"rendered":"https:\/\/repliquemangacine.fr\/?post_type=product&#038;p=97348"},"modified":"2026-05-06T03:26:04","modified_gmt":"2026-05-06T01:26:04","slug":"anello-elden-fiume-di-sangue-katana","status":"publish","type":"product","link":"https:\/\/repliquemangacine.fr\/it\/elden-ring\/katana-riviere-de-sang-elden-ring\/","title":{"rendered":"Katana Blood River 130 cm - Anello Elden"},"content":{"rendered":"<h2>Elden Ring Blood River Katana: un'accattivante replica rossa<\/h2>\n<p>La katana River of Blood \u00e8 un pezzo che non passa mai inosservato. Innanzitutto, la sua lama in acciaio 440 verniciata di rosso crea un impatto visivo immediato. In secondo luogo, le scanalature a forma di onda rafforzano l'illusione del movimento dell'acqua. Il risultato \u00e8 sorprendente. Questa replica unisce eleganza, violenza visiva e finitura fantasy in un raro equilibrio. La protezione in metallo nero e oro aggiunge un tocco nobile e minaccioso. Inoltre, l'impugnatura in legno rivestita di finta pelle di razza rossa aggiunge rilievo e carattere. Infine, la treccia in finta pelle nera garantisce un'ottima presa. Con una lama di 81 cm e una lunghezza complessiva di 130 cm con fodero, questa katana ha una portata notevole. Di conseguenza, \u00e8 una replica ideale per una collezione di grande impatto o per una decorazione d'effetto.<\/p>\n<h3>Un design immediatamente riconoscibile<\/h3>\n<p>Il colore rosso intenso attira l'attenzione senza sforzo. Ma sono i dettagli scolpiti a conferirgli personalit\u00e0.<\/p>\n<h3>Finiture progettate per l'impatto visivo<\/h3>\n<p>Il contrasto tra rosso, nero e oro conferisce a questo pezzo uno stile scuro, lussuoso e terribilmente efficace.<\/p>\n<h2>Nell'Elden Ring, la Katana del Fiume di Sangue \u00e8 un'arma di culto molto temuta.<\/h2>\n<p>Nel mondo di\u2019<a href=\"https:\/\/eldenring.fandom.com\/fr\/wiki\/Wiki_Elden_Ring\" target=\"_blank\" rel=\"noopener noreferrer\">Anello di Elden<\/a>, La katana di River of Blood evoca immediatamente l'immagine di un'arma associata alla brutalit\u00e0, alla velocit\u00e0 e a un temibile stile di combattimento. Si rivolge ai giocatori che amano le lame con una forte identit\u00e0. Questa replica non si rivolge solo agli appassionati di armi fantasy. Si rivolger\u00e0 anche ai fan del gioco che desiderano sfoggiare un simbolo forte della loro avventura. Il suo aspetto tormentato \u00e8 perfettamente in sintonia con l'atmosfera cupa e spietata del mondo creato da FromSoftware. Trover\u00e0 quindi sicuramente posto in qualsiasi collezione dedicata al dark fantasy, <a href=\"https:\/\/repliquemangacine.fr\/it\/katana-e-spada-videogiochi-altri-videogiochi\/\">katane per videogiochi<\/a> e oggetti iconici. Questa non \u00e8 una semplice katana decorativa. \u00c8 un pezzo che evoca immediatamente pericolo, potere e prestigio. Per un appassionato dell'Anello di Elden, l'effetto \u00e8 chiaro: non si guarda questa replica, la si contempla. E, siamo onesti, ha chiaramente il carisma di un boss finale.<\/p>\n<h3>Katana di Blood River: un'arma iconica per i fan del gioco<\/h3>\n<p>Questa replica prolunga l'esperienza di gioco anche quando la console \u00e8 spenta.<\/p>\n<h3>Una presenza forte in una collezione fantasy<\/h3>\n<p>\u00c8 il complemento perfetto per una vetrina dedicata ai mondi oscuri, <a href=\"https:\/\/repliquemangacine.fr\/it\/spade-e-pugnali-fantasy\/\">spade e sciabole fantasy<\/a>.<\/p>\n<h2>Una collezione di anelli Elden dominata da armi leggendarie<\/h2>\n<p>Oltre alle katane, l'universo dell'Elden Ring \u00e8 ricco di armi semplicemente indimenticabili. Ad esempio, la <a href=\"https:\/\/repliquemangacine.fr\/it\/anello-di-elden\/anello-elden-in-metallo-dark-moon-greatsword\/\">Spada della Luna Nera <\/a>colpisce per la sua aura mistica e la sua silhouette imponente. Poi, il <a href=\"https:\/\/repliquemangacine.fr\/it\/anello-di-elden\/spada-ad-anello-elden-con-zanna-di-segugio\/\">Zanna di segugio<\/a> seduce con la sua curvatura unica e lo stile brutale. Da parte sua, il <a href=\"https:\/\/repliquemangacine.fr\/it\/anello-di-elden\/grande-katana-cacciatore-di-draghi-elden-ring\/\">grande katana da caccia al drago<\/a> evoca la potenza selvaggia di un combattimento titanico. Infine, la spada reliquia sacra aggiunge una dimensione quasi divina con il suo design luminoso ed elegante.<\/p>\n<p>Di conseguenza, ogni pezzo ha una forte identit\u00e0 ed \u00e8 l'aggiunta perfetta a qualsiasi collezione. Pi\u00f9 che una scelta estetica, queste armi ricreano tutta la ricchezza visiva del gioco. Di conseguenza, la vostra collezione guadagner\u00e0 in variet\u00e0, carattere e impatto visivo immediato.<\/p>","protected":false},"excerpt":{"rendered":"<p>Con la sua lama rossa ondulata e il suo stile devastante, la katana River of Blood trasforma immediatamente una collezione in una leggenda.<\/p>\n<p><strong>La katana River of Blood di Elden Ring \u00e8 un successo immediato grazie al suo design spettacolare.<\/strong><\/p>\n<p>La sua lama rossa in acciaio 440 presenta onde scanalate che ricordano una corrente viva.<br \/>\nLa sua guardia nera e oro rafforza il suo aspetto nobile e minaccioso.<br \/>\nInfine, l'impugnatura rossa intrecciata e il fodero nero sono un'ottima finitura visiva.<\/p>\n<p><strong>Caratteristiche<\/strong> :<\/p>\n<ul>\n<li>Lama in acciaio 440 verniciata di rosso<\/li>\n<li>Scanalature a effetto onda per l'illusione dell'acqua<\/li>\n<li>Protezione in metallo nero e oro<\/li>\n<li>Manico in legno con imitazione di pelle di razza rossa<\/li>\n<li>Treccia in similpelle nera<\/li>\n<li>Fodero di legno rivestito di feltro nero<\/li>\n<li>Lunghezza lama: 81 cm - Lunghezza totale con fodero: 130 cm<\/li>\n<li>Peso: 1250 g con fodero<\/li>\n<\/ul>","protected":false},"featured_media":97350,"template":"","meta":[],"product_brand":[],"product_cat":[876,107],"product_tag":[1025,1024],"class_list":{"0":"post-97348","1":"product","2":"type-product","3":"status-publish","4":"has-post-thumbnail","6":"product_cat-elden-ring","7":"product_cat-nouveautes","8":"product_tag-arme-elden-ring-riviere-de-sang","9":"product_tag-replique-katana-elden-ring","11":"first","12":"outofstock","13":"taxable","14":"shipping-taxable","15":"purchasable","16":"product-type-simple"},"yoast_head":"<!-- This site is optimized with the Yoast SEO plugin v27.6 - https:\/\/yoast.com\/product\/yoast-seo-wordpress\/ -->\n<title>Katana Rivi\u00e8re de Sang 130 cm - Elden Ring - R\u00e9plique Manga Cin\u00e9<\/title>\n<meta name=\"description\" content=\"D\u00e9couvrez le katana rivi\u00e8re de sang d\u2019Elden Ring, une r\u00e9plique impressionnante de 130 cm avec lame rouge en acier 440, garde m\u00e9tal noir et dor\u00e9.\" \/>\n<meta name=\"robots\" content=\"index, follow, max-snippet:-1, max-image-preview:large, max-video-preview:-1\" \/>\n<link rel=\"canonical\" href=\"https:\/\/repliquemangacine.fr\/it\/anello-di-elden\/anello-elden-fiume-di-sangue-katana\/\" \/>\n<meta property=\"og:locale\" content=\"it_IT\" \/>\n<meta property=\"og:type\" content=\"article\" \/>\n<meta property=\"og:title\" content=\"Katana Rivi\u00e8re de Sang 130 cm - Elden Ring - R\u00e9plique Manga Cin\u00e9\" \/>\n<meta property=\"og:description\" content=\"D\u00e9couvrez le katana rivi\u00e8re de sang d\u2019Elden Ring, une r\u00e9plique impressionnante de 130 cm avec lame rouge en acier 440, garde m\u00e9tal noir et dor\u00e9.\" \/>\n<meta property=\"og:url\" content=\"https:\/\/repliquemangacine.fr\/it\/anello-di-elden\/anello-elden-fiume-di-sangue-katana\/\" \/>\n<meta property=\"og:site_name\" content=\"R\u00e9plique Manga Cin\u00e9\" \/>\n<meta property=\"article:publisher\" content=\"https:\/\/www.facebook.com\/RepliqueMangaCine\" \/>\n<meta property=\"article:modified_time\" content=\"2026-05-06T01:26:04+00:00\" \/>\n<meta property=\"og:image\" content=\"https:\/\/repliquemangacine.fr\/wp-content\/uploads\/2026\/04\/katana-riviere-de-sang-elden-ring.webp\" \/>\n\t<meta property=\"og:image:width\" content=\"700\" \/>\n\t<meta property=\"og:image:height\" content=\"700\" \/>\n\t<meta property=\"og:image:type\" content=\"image\/webp\" \/>\n<meta name=\"twitter:card\" content=\"summary_large_image\" \/>\n<meta name=\"twitter:label1\" content=\"Tempo di lettura stimato\" \/>\n\t<meta name=\"twitter:data1\" content=\"3 minuti\" \/>\n<script type=\"application\/ld+json\" class=\"yoast-schema-graph\">{\"@context\":\"https:\\\/\\\/schema.org\",\"@graph\":[{\"@type\":\"WebPage\",\"@id\":\"https:\\\/\\\/repliquemangacine.fr\\\/elden-ring\\\/katana-riviere-de-sang-elden-ring\\\/\",\"url\":\"https:\\\/\\\/repliquemangacine.fr\\\/elden-ring\\\/katana-riviere-de-sang-elden-ring\\\/\",\"name\":\"Katana Rivi\u00e8re de Sang 130 cm - Elden Ring - R\u00e9plique Manga Cin\u00e9\",\"isPartOf\":{\"@id\":\"https:\\\/\\\/repliquemangacine.fr\\\/#website\"},\"primaryImageOfPage\":{\"@id\":\"https:\\\/\\\/repliquemangacine.fr\\\/elden-ring\\\/katana-riviere-de-sang-elden-ring\\\/#primaryimage\"},\"image\":{\"@id\":\"https:\\\/\\\/repliquemangacine.fr\\\/elden-ring\\\/katana-riviere-de-sang-elden-ring\\\/#primaryimage\"},\"thumbnailUrl\":\"https:\\\/\\\/repliquemangacine.fr\\\/wp-content\\\/uploads\\\/2026\\\/04\\\/katana-riviere-de-sang-elden-ring.webp\",\"datePublished\":\"2026-04-01T14:56:32+00:00\",\"dateModified\":\"2026-05-06T01:26:04+00:00\",\"description\":\"D\u00e9couvrez le katana rivi\u00e8re de sang d\u2019Elden Ring, une r\u00e9plique impressionnante de 130 cm avec lame rouge en acier 440, garde m\u00e9tal noir et dor\u00e9.\",\"breadcrumb\":{\"@id\":\"https:\\\/\\\/repliquemangacine.fr\\\/elden-ring\\\/katana-riviere-de-sang-elden-ring\\\/#breadcrumb\"},\"inLanguage\":\"it-IT\",\"potentialAction\":[{\"@type\":\"ReadAction\",\"target\":[\"https:\\\/\\\/repliquemangacine.fr\\\/elden-ring\\\/katana-riviere-de-sang-elden-ring\\\/\"]}]},{\"@type\":\"ImageObject\",\"inLanguage\":\"it-IT\",\"@id\":\"https:\\\/\\\/repliquemangacine.fr\\\/elden-ring\\\/katana-riviere-de-sang-elden-ring\\\/#primaryimage\",\"url\":\"https:\\\/\\\/repliquemangacine.fr\\\/wp-content\\\/uploads\\\/2026\\\/04\\\/katana-riviere-de-sang-elden-ring.webp\",\"contentUrl\":\"https:\\\/\\\/repliquemangacine.fr\\\/wp-content\\\/uploads\\\/2026\\\/04\\\/katana-riviere-de-sang-elden-ring.webp\",\"width\":700,\"height\":700,\"caption\":\"Katana Rivi\u00e8re de Sang 130 cm - Elden Ring\"},{\"@type\":\"BreadcrumbList\",\"@id\":\"https:\\\/\\\/repliquemangacine.fr\\\/elden-ring\\\/katana-riviere-de-sang-elden-ring\\\/#breadcrumb\",\"itemListElement\":[{\"@type\":\"ListItem\",\"position\":1,\"name\":\"Accueil\",\"item\":\"https:\\\/\\\/repliquemangacine.fr\\\/\"},{\"@type\":\"ListItem\",\"position\":2,\"name\":\"Produits\",\"item\":\"https:\\\/\\\/repliquemangacine.fr\\\/boutique\\\/\"},{\"@type\":\"ListItem\",\"position\":3,\"name\":\"Katana Rivi\u00e8re de Sang 130 cm &#8211; Elden Ring\"}]},{\"@type\":\"WebSite\",\"@id\":\"https:\\\/\\\/repliquemangacine.fr\\\/#website\",\"url\":\"https:\\\/\\\/repliquemangacine.fr\\\/\",\"name\":\"R\u00e9plique Manga Cin\u00e9\",\"description\":\"\",\"publisher\":{\"@id\":\"https:\\\/\\\/repliquemangacine.fr\\\/#organization\"},\"potentialAction\":[{\"@type\":\"SearchAction\",\"target\":{\"@type\":\"EntryPoint\",\"urlTemplate\":\"https:\\\/\\\/repliquemangacine.fr\\\/?s={search_term_string}\"},\"query-input\":{\"@type\":\"PropertyValueSpecification\",\"valueRequired\":true,\"valueName\":\"search_term_string\"}}],\"inLanguage\":\"it-IT\"},{\"@type\":\"Organization\",\"@id\":\"https:\\\/\\\/repliquemangacine.fr\\\/#organization\",\"name\":\"R\u00e9plique Manga Cin\u00e9\",\"url\":\"https:\\\/\\\/repliquemangacine.fr\\\/\",\"logo\":{\"@type\":\"ImageObject\",\"inLanguage\":\"it-IT\",\"@id\":\"https:\\\/\\\/repliquemangacine.fr\\\/#\\\/schema\\\/logo\\\/image\\\/\",\"url\":\"https:\\\/\\\/repliquemangacine.fr\\\/wp-content\\\/uploads\\\/2023\\\/10\\\/RMC-500250.png\",\"contentUrl\":\"https:\\\/\\\/repliquemangacine.fr\\\/wp-content\\\/uploads\\\/2023\\\/10\\\/RMC-500250.png\",\"width\":500,\"height\":250,\"caption\":\"R\u00e9plique Manga Cin\u00e9\"},\"image\":{\"@id\":\"https:\\\/\\\/repliquemangacine.fr\\\/#\\\/schema\\\/logo\\\/image\\\/\"},\"sameAs\":[\"https:\\\/\\\/www.facebook.com\\\/RepliqueMangaCine\",\"https:\\\/\\\/www.instagram.com\\\/repliquemangacine.fr\\\/\"]}]}<\/script>\n<!-- \/ Yoast SEO plugin. -->","yoast_head_json":{"title":"Katana Blood River 130 cm - Anello Elden - R\u00e9plique Manga Cin\u00e9","description":"Scoprite la katana River of Blood di Elden Ring, un'impressionante replica di 130 cm con lama in acciaio rosso 440 e guardia in metallo nero e oro.","robots":{"index":"index","follow":"follow","max-snippet":"max-snippet:-1","max-image-preview":"max-image-preview:large","max-video-preview":"max-video-preview:-1"},"canonical":"https:\/\/repliquemangacine.fr\/it\/anello-di-elden\/anello-elden-fiume-di-sangue-katana\/","og_locale":"it_IT","og_type":"article","og_title":"Katana Rivi\u00e8re de Sang 130 cm - Elden Ring - R\u00e9plique Manga Cin\u00e9","og_description":"D\u00e9couvrez le katana rivi\u00e8re de sang d\u2019Elden Ring, une r\u00e9plique impressionnante de 130 cm avec lame rouge en acier 440, garde m\u00e9tal noir et dor\u00e9.","og_url":"https:\/\/repliquemangacine.fr\/it\/anello-di-elden\/anello-elden-fiume-di-sangue-katana\/","og_site_name":"R\u00e9plique Manga Cin\u00e9","article_publisher":"https:\/\/www.facebook.com\/RepliqueMangaCine","article_modified_time":"2026-05-06T01:26:04+00:00","og_image":[{"width":700,"height":700,"url":"https:\/\/repliquemangacine.fr\/wp-content\/uploads\/2026\/04\/katana-riviere-de-sang-elden-ring.webp","type":"image\/webp"}],"twitter_card":"summary_large_image","twitter_misc":{"Tempo di lettura stimato":"3 minuti"},"schema":{"@context":"https:\/\/schema.org","@graph":[{"@type":"WebPage","@id":"https:\/\/repliquemangacine.fr\/elden-ring\/katana-riviere-de-sang-elden-ring\/","url":"https:\/\/repliquemangacine.fr\/elden-ring\/katana-riviere-de-sang-elden-ring\/","name":"Katana Blood River 130 cm - Anello Elden - R\u00e9plique Manga Cin\u00e9","isPartOf":{"@id":"https:\/\/repliquemangacine.fr\/#website"},"primaryImageOfPage":{"@id":"https:\/\/repliquemangacine.fr\/elden-ring\/katana-riviere-de-sang-elden-ring\/#primaryimage"},"image":{"@id":"https:\/\/repliquemangacine.fr\/elden-ring\/katana-riviere-de-sang-elden-ring\/#primaryimage"},"thumbnailUrl":"https:\/\/repliquemangacine.fr\/wp-content\/uploads\/2026\/04\/katana-riviere-de-sang-elden-ring.webp","datePublished":"2026-04-01T14:56:32+00:00","dateModified":"2026-05-06T01:26:04+00:00","description":"Scoprite la katana River of Blood di Elden Ring, un'impressionante replica di 130 cm con lama in acciaio rosso 440 e guardia in metallo nero e oro.","breadcrumb":{"@id":"https:\/\/repliquemangacine.fr\/elden-ring\/katana-riviere-de-sang-elden-ring\/#breadcrumb"},"inLanguage":"it-IT","potentialAction":[{"@type":"ReadAction","target":["https:\/\/repliquemangacine.fr\/elden-ring\/katana-riviere-de-sang-elden-ring\/"]}]},{"@type":"ImageObject","inLanguage":"it-IT","@id":"https:\/\/repliquemangacine.fr\/elden-ring\/katana-riviere-de-sang-elden-ring\/#primaryimage","url":"https:\/\/repliquemangacine.fr\/wp-content\/uploads\/2026\/04\/katana-riviere-de-sang-elden-ring.webp","contentUrl":"https:\/\/repliquemangacine.fr\/wp-content\/uploads\/2026\/04\/katana-riviere-de-sang-elden-ring.webp","width":700,"height":700,"caption":"Katana Rivi\u00e8re de Sang 130 cm - Elden Ring"},{"@type":"BreadcrumbList","@id":"https:\/\/repliquemangacine.fr\/elden-ring\/katana-riviere-de-sang-elden-ring\/#breadcrumb","itemListElement":[{"@type":"ListItem","position":1,"name":"Accueil","item":"https:\/\/repliquemangacine.fr\/"},{"@type":"ListItem","position":2,"name":"Produits","item":"https:\/\/repliquemangacine.fr\/boutique\/"},{"@type":"ListItem","position":3,"name":"Katana Rivi\u00e8re de Sang 130 cm &#8211; Elden Ring"}]},{"@type":"WebSite","@id":"https:\/\/repliquemangacine.fr\/#website","url":"https:\/\/repliquemangacine.fr\/","name":"R\u00e9plique Manga Cin\u00e9","description":"","publisher":{"@id":"https:\/\/repliquemangacine.fr\/#organization"},"potentialAction":[{"@type":"SearchAction","target":{"@type":"EntryPoint","urlTemplate":"https:\/\/repliquemangacine.fr\/?s={search_term_string}"},"query-input":{"@type":"PropertyValueSpecification","valueRequired":true,"valueName":"search_term_string"}}],"inLanguage":"it-IT"},{"@type":"Organization","@id":"https:\/\/repliquemangacine.fr\/#organization","name":"R\u00e9plique Manga Cin\u00e9","url":"https:\/\/repliquemangacine.fr\/","logo":{"@type":"ImageObject","inLanguage":"it-IT","@id":"https:\/\/repliquemangacine.fr\/#\/schema\/logo\/image\/","url":"https:\/\/repliquemangacine.fr\/wp-content\/uploads\/2023\/10\/RMC-500250.png","contentUrl":"https:\/\/repliquemangacine.fr\/wp-content\/uploads\/2023\/10\/RMC-500250.png","width":500,"height":250,"caption":"R\u00e9plique Manga Cin\u00e9"},"image":{"@id":"https:\/\/repliquemangacine.fr\/#\/schema\/logo\/image\/"},"sameAs":["https:\/\/www.facebook.com\/RepliqueMangaCine","https:\/\/www.instagram.com\/repliquemangacine.fr\/"]}]}},"_links":{"self":[{"href":"https:\/\/repliquemangacine.fr\/it\/wp-json\/wp\/v2\/product\/97348","targetHints":{"allow":["GET"]}}],"collection":[{"href":"https:\/\/repliquemangacine.fr\/it\/wp-json\/wp\/v2\/product"}],"about":[{"href":"https:\/\/repliquemangacine.fr\/it\/wp-json\/wp\/v2\/types\/product"}],"wp:featuredmedia":[{"embeddable":true,"href":"https:\/\/repliquemangacine.fr\/it\/wp-json\/wp\/v2\/media\/97350"}],"wp:attachment":[{"href":"https:\/\/repliquemangacine.fr\/it\/wp-json\/wp\/v2\/media?parent=97348"}],"wp:term":[{"taxonomy":"product_brand","embeddable":true,"href":"https:\/\/repliquemangacine.fr\/it\/wp-json\/wp\/v2\/product_brand?post=97348"},{"taxonomy":"product_cat","embeddable":true,"href":"https:\/\/repliquemangacine.fr\/it\/wp-json\/wp\/v2\/product_cat?post=97348"},{"taxonomy":"product_tag","embeddable":true,"href":"https:\/\/repliquemangacine.fr\/it\/wp-json\/wp\/v2\/product_tag?post=97348"}],"curies":[{"name":"wp","href":"https:\/\/api.w.org\/{rel}","templated":true}]}}