





{"id":96182,"date":"2026-03-12T11:46:48","date_gmt":"2026-03-12T10:46:48","guid":{"rendered":"https:\/\/repliquemangacine.fr\/?post_type=product&#038;p=96182"},"modified":"2026-04-02T11:19:36","modified_gmt":"2026-04-02T09:19:36","slug":"harry-potter-pietra-filosofale-e-bacchette-25-anni-cofanetto","status":"publish","type":"product","link":"https:\/\/repliquemangacine.fr\/it\/baguettes-et-goodies-harry-potter\/coffret-25ans-harry-potter-pierre-philosophale-et-baguettes\/","title":{"rendered":"Cofanetto Harry Potter 25 anni - Pietra filosofale e bacchette"},"content":{"rendered":"<h2>Harry Potter 25 Years Box Set - Celebrazione della magia<\/h2>\n<p>Per celebrare il 25\u00b0 anniversario del primo film di Harry Potter, alla Pietra Filosofale, questo <strong>Harry Potter 25 anni, cofanetto<\/strong> rende omaggio agli esordi del pi\u00f9 famoso stregone del cinema.<br \/>\nIl progetto riunisce due delle iconiche bacchette di Harry Potter e una riproduzione della leggendaria Pietra Filosofale.<\/p>\n<p>Ogni elemento ha un'elegante finitura argentata, fedele agli oggetti di scena del film.<br \/>\nLe bacchette misurano rispettivamente 33 cm e 34,3 cm.<br \/>\nLa Pietra filosofale \u00e8 realizzata in resina rossa traslucida.<\/p>\n<p>Il set \u00e8 presentato in un'elegante scatola anniversario con i colori del Mondo Magico.<br \/>\nDi conseguenza, questo cofanetto diventa immediatamente un pezzo centrale di ogni collezione di Harry Potter.<\/p>\n<h2>Le bacchette di Harry Potter e la storia della Pietra Filosofale<\/h2>\n<p>Questo cofanetto celebra i primi anni di Harry Potter a Hogwarts.<br \/>\nIn particolare, contiene la prima bacchetta che si vede nei primi due film.<\/p>\n<p>Questa bacchetta appare in Harry Potter e la Pietra Filosofale e Harry Potter e la Camera dei Segreti.<br \/>\nRappresenta il momento in cui Harry scopre il suo destino di mago.<\/p>\n<p>La seconda bacchetta corrisponde al design utilizzato a partire dal terzo film.<br \/>\nAccompagna Harry nelle sue avventure contro Voldemort fino alla fine della saga.<\/p>\n<p>La <a href=\"https:\/\/harrypotter.fandom.com\/fr\/wiki\/Pierre_philosophale\" target=\"_blank\" rel=\"noopener noreferrer\">Pietra filosofale<\/a> \u00e8 il complemento perfetto per questo set.<br \/>\nNella storia, questo artefatto viene utilizzato per produrre l'elisir di lunga vita e l'oro puro.<br \/>\nDiventa cos\u00ec l'oggetto centrale del primo confronto tra Harry e Voldemort.<\/p>\n<p>Questo cofanetto ripercorre le origini della leggenda del giovane stregone.<\/p>\n<h2>Un pezzo ideale per i collezionisti e i fan del Mondo Magico<\/h2>\n<p>Questo cofanetto anniversario \u00e8 pensato soprattutto per i collezionisti e i fan dell'universo di Harry Potter.<br \/>\nLa sua elegante presentazione lo rende facile da esporre in una vetrina o su uno scaffale.<\/p>\n<p>Gli spunti sono rifiniti allo stesso modo degli oggetti di scena del film.<br \/>\nPossono anche essere utilizzati per ricreare scene iconiche per il cosplay o la fotografia.<\/p>\n<p>Tuttavia, questa scatola si distingue soprattutto per la sua dimensione simbolica.<br \/>\nSi celebra il 25\u00b0 anniversario di una saga che ha segnato diverse generazioni.<\/p>\n<p>Questo lo rende un'aggiunta perfetta a qualsiasi collezione del Mondo Magico.<\/p>\n<p>Completate la vostra collezione di Harry Potter<\/p>\n<p>Scoprite altre repliche del mondo magico:<\/p>\n<ul>\n<li>Scoprire il<a href=\"https:\/\/repliquemangacine.fr\/it\/varie-chicche\/scacchiera-dei-maghi-gioco-degli-scacchi-hp\/\">Scacchiera ufficiale di Harry Potter<\/a> distribuito da The Noble Collection.<\/li>\n<li>C'\u00e8 anche L\u2019<a href=\"https:\/\/repliquemangacine.fr\/it\/collezionisti-di-harry-potter-e-chicche\/harry-potter-godric-grifondoro-spada\/\">Spada di Grifondoro<\/a> con staffa da parete in legno con emblema<\/li>\n<li>Cos\u00ec come tutti i <a href=\"https:\/\/repliquemangacine.fr\/it\/bacchette-dei-personaggi-di-harry-potter\/\">bacchette magiche<\/a> dalla saga di Harry Potter<\/li>\n<\/ul>","protected":false},"excerpt":{"rendered":"<p>Un magico cofanetto per l'anniversario con le due iconiche bacchette di Harry Potter e la misteriosa Pietra Filosofale.<\/p>\n<p>Per celebrare il 25\u00b0 anniversario del primo film di Harry Potter alla Pietra Filosofale, questo cofanetto da collezione rende omaggio agli esordi del mago pi\u00f9 famoso del cinema.<\/p>\n<p>Ogni elemento ha un'elegante finitura argentata, fedele agli oggetti di scena del film.<br \/>\nLe bacchette misurano rispettivamente 33 cm e 34,3 cm.<br \/>\nLa Pietra filosofale \u00e8 realizzata in resina rossa traslucida.<\/p>\n<p>Il set \u00e8 presentato in un'elegante scatola anniversario con i colori del Mondo Magico.<br \/>\nDi conseguenza, questo cofanetto diventa immediatamente un pezzo centrale di ogni collezione di Harry Potter.<\/p>\n<p><strong>Caratteristiche :<\/strong><\/p>\n<ul>\n<li>Due bacchette di Harry Potter in resina argentata<\/li>\n<li>7,6 cm Pietra filosofale in lucite traslucida<\/li>\n<li>Lunghezze delle aste: 33 cm e 34,3 cm<\/li>\n<li>Dimensioni della scatola: 38,1 \u00d7 16,5 cm<\/li>\n<li>Peso: 244 g<\/li>\n<\/ul>","protected":false},"featured_media":96196,"template":"","meta":[],"product_brand":[],"product_cat":[80,87,41,107],"product_tag":[],"class_list":{"0":"post-96182","1":"product","2":"type-product","3":"status-publish","4":"has-post-thumbnail","6":"product_cat-baguettes-personnages-harry-potter","7":"product_cat-collectors-et-goodies-harry-potter","8":"product_cat-baguettes-et-goodies-harry-potter","9":"product_cat-nouveautes","11":"first","12":"instock","13":"taxable","14":"shipping-taxable","15":"purchasable","16":"product-type-simple"},"yoast_head":"<!-- This site is optimized with the Yoast SEO plugin v27.5 - https:\/\/yoast.com\/product\/yoast-seo-wordpress\/ -->\n<title>Coffret 25ans Harry Potter - Pierre philosophale et Baguettes - R\u00e9plique Manga Cin\u00e9<\/title>\n<meta name=\"description\" content=\"Coffret 25ans Harry Potter: deux baguettes de Harry Potter et la Pierre Philosophale en r\u00e9sine. Une pi\u00e8ce magique pour les fans du Wizarding World.\" \/>\n<meta name=\"robots\" content=\"index, follow, max-snippet:-1, max-image-preview:large, max-video-preview:-1\" \/>\n<link rel=\"canonical\" href=\"https:\/\/repliquemangacine.fr\/it\/bacchette-e-oggetti-di-harry-potter\/harry-potter-pietra-filosofale-e-bacchette-25-anni-cofanetto\/\" \/>\n<meta property=\"og:locale\" content=\"it_IT\" \/>\n<meta property=\"og:type\" content=\"article\" \/>\n<meta property=\"og:title\" content=\"Coffret 25ans Harry Potter - Pierre philosophale et Baguettes - R\u00e9plique Manga Cin\u00e9\" \/>\n<meta property=\"og:description\" content=\"Coffret 25ans Harry Potter: deux baguettes de Harry Potter et la Pierre Philosophale en r\u00e9sine. Une pi\u00e8ce magique pour les fans du Wizarding World.\" \/>\n<meta property=\"og:url\" content=\"https:\/\/repliquemangacine.fr\/it\/bacchette-e-oggetti-di-harry-potter\/harry-potter-pietra-filosofale-e-bacchette-25-anni-cofanetto\/\" \/>\n<meta property=\"og:site_name\" content=\"R\u00e9plique Manga Cin\u00e9\" \/>\n<meta property=\"article:publisher\" content=\"https:\/\/www.facebook.com\/RepliqueMangaCine\" \/>\n<meta property=\"article:modified_time\" content=\"2026-04-02T09:19:36+00:00\" \/>\n<meta property=\"og:image\" content=\"https:\/\/repliquemangacine.fr\/wp-content\/uploads\/2026\/03\/Coffret-Anniversaire-Harry-Potter-sans-coffret-1.jpg\" \/>\n\t<meta property=\"og:image:width\" content=\"700\" \/>\n\t<meta property=\"og:image:height\" content=\"700\" \/>\n\t<meta property=\"og:image:type\" content=\"image\/jpeg\" \/>\n<meta name=\"twitter:card\" content=\"summary_large_image\" \/>\n<meta name=\"twitter:label1\" content=\"Tempo di lettura stimato\" \/>\n\t<meta name=\"twitter:data1\" content=\"3 minuti\" \/>\n<script type=\"application\/ld+json\" class=\"yoast-schema-graph\">{\"@context\":\"https:\\\/\\\/schema.org\",\"@graph\":[{\"@type\":\"WebPage\",\"@id\":\"https:\\\/\\\/repliquemangacine.fr\\\/baguettes-et-goodies-harry-potter\\\/coffret-25ans-harry-potter-pierre-philosophale-et-baguettes\\\/\",\"url\":\"https:\\\/\\\/repliquemangacine.fr\\\/baguettes-et-goodies-harry-potter\\\/coffret-25ans-harry-potter-pierre-philosophale-et-baguettes\\\/\",\"name\":\"Coffret 25ans Harry Potter - Pierre philosophale et Baguettes - R\u00e9plique Manga Cin\u00e9\",\"isPartOf\":{\"@id\":\"https:\\\/\\\/repliquemangacine.fr\\\/#website\"},\"primaryImageOfPage\":{\"@id\":\"https:\\\/\\\/repliquemangacine.fr\\\/baguettes-et-goodies-harry-potter\\\/coffret-25ans-harry-potter-pierre-philosophale-et-baguettes\\\/#primaryimage\"},\"image\":{\"@id\":\"https:\\\/\\\/repliquemangacine.fr\\\/baguettes-et-goodies-harry-potter\\\/coffret-25ans-harry-potter-pierre-philosophale-et-baguettes\\\/#primaryimage\"},\"thumbnailUrl\":\"https:\\\/\\\/repliquemangacine.fr\\\/wp-content\\\/uploads\\\/2026\\\/03\\\/Coffret-Anniversaire-Harry-Potter-sans-coffret-1.jpg\",\"datePublished\":\"2026-03-12T10:46:48+00:00\",\"dateModified\":\"2026-04-02T09:19:36+00:00\",\"description\":\"Coffret 25ans Harry Potter: deux baguettes de Harry Potter et la Pierre Philosophale en r\u00e9sine. Une pi\u00e8ce magique pour les fans du Wizarding World.\",\"breadcrumb\":{\"@id\":\"https:\\\/\\\/repliquemangacine.fr\\\/baguettes-et-goodies-harry-potter\\\/coffret-25ans-harry-potter-pierre-philosophale-et-baguettes\\\/#breadcrumb\"},\"inLanguage\":\"it-IT\",\"potentialAction\":[{\"@type\":\"ReadAction\",\"target\":[\"https:\\\/\\\/repliquemangacine.fr\\\/baguettes-et-goodies-harry-potter\\\/coffret-25ans-harry-potter-pierre-philosophale-et-baguettes\\\/\"]}]},{\"@type\":\"ImageObject\",\"inLanguage\":\"it-IT\",\"@id\":\"https:\\\/\\\/repliquemangacine.fr\\\/baguettes-et-goodies-harry-potter\\\/coffret-25ans-harry-potter-pierre-philosophale-et-baguettes\\\/#primaryimage\",\"url\":\"https:\\\/\\\/repliquemangacine.fr\\\/wp-content\\\/uploads\\\/2026\\\/03\\\/Coffret-Anniversaire-Harry-Potter-sans-coffret-1.jpg\",\"contentUrl\":\"https:\\\/\\\/repliquemangacine.fr\\\/wp-content\\\/uploads\\\/2026\\\/03\\\/Coffret-Anniversaire-Harry-Potter-sans-coffret-1.jpg\",\"width\":700,\"height\":700,\"caption\":\"Coffret 25ans Harry Potter, officielle Noble Collection\"},{\"@type\":\"BreadcrumbList\",\"@id\":\"https:\\\/\\\/repliquemangacine.fr\\\/baguettes-et-goodies-harry-potter\\\/coffret-25ans-harry-potter-pierre-philosophale-et-baguettes\\\/#breadcrumb\",\"itemListElement\":[{\"@type\":\"ListItem\",\"position\":1,\"name\":\"Accueil\",\"item\":\"https:\\\/\\\/repliquemangacine.fr\\\/\"},{\"@type\":\"ListItem\",\"position\":2,\"name\":\"Produits\",\"item\":\"https:\\\/\\\/repliquemangacine.fr\\\/boutique\\\/\"},{\"@type\":\"ListItem\",\"position\":3,\"name\":\"Coffret 25ans Harry Potter &#8211; Pierre philosophale et Baguettes\"}]},{\"@type\":\"WebSite\",\"@id\":\"https:\\\/\\\/repliquemangacine.fr\\\/#website\",\"url\":\"https:\\\/\\\/repliquemangacine.fr\\\/\",\"name\":\"R\u00e9plique Manga Cin\u00e9\",\"description\":\"\",\"publisher\":{\"@id\":\"https:\\\/\\\/repliquemangacine.fr\\\/#organization\"},\"potentialAction\":[{\"@type\":\"SearchAction\",\"target\":{\"@type\":\"EntryPoint\",\"urlTemplate\":\"https:\\\/\\\/repliquemangacine.fr\\\/?s={search_term_string}\"},\"query-input\":{\"@type\":\"PropertyValueSpecification\",\"valueRequired\":true,\"valueName\":\"search_term_string\"}}],\"inLanguage\":\"it-IT\"},{\"@type\":\"Organization\",\"@id\":\"https:\\\/\\\/repliquemangacine.fr\\\/#organization\",\"name\":\"R\u00e9plique Manga Cin\u00e9\",\"url\":\"https:\\\/\\\/repliquemangacine.fr\\\/\",\"logo\":{\"@type\":\"ImageObject\",\"inLanguage\":\"it-IT\",\"@id\":\"https:\\\/\\\/repliquemangacine.fr\\\/#\\\/schema\\\/logo\\\/image\\\/\",\"url\":\"https:\\\/\\\/repliquemangacine.fr\\\/wp-content\\\/uploads\\\/2023\\\/10\\\/RMC-500250.png\",\"contentUrl\":\"https:\\\/\\\/repliquemangacine.fr\\\/wp-content\\\/uploads\\\/2023\\\/10\\\/RMC-500250.png\",\"width\":500,\"height\":250,\"caption\":\"R\u00e9plique Manga Cin\u00e9\"},\"image\":{\"@id\":\"https:\\\/\\\/repliquemangacine.fr\\\/#\\\/schema\\\/logo\\\/image\\\/\"},\"sameAs\":[\"https:\\\/\\\/www.facebook.com\\\/RepliqueMangaCine\",\"https:\\\/\\\/www.instagram.com\\\/repliquemangacine.fr\\\/\"]}]}<\/script>\n<!-- \/ Yoast SEO plugin. -->","yoast_head_json":{"title":"Harry Potter 25 anni - Pietra filosofale e bacchette - R\u00e9plique Manga Cin\u00e9","description":"Cofanetto per il 25\u00b0 anniversario di Harry Potter: due bacchette di Harry Potter e la Pietra Filosofale in resina. Un pezzo magico per i fan del mondo magico.","robots":{"index":"index","follow":"follow","max-snippet":"max-snippet:-1","max-image-preview":"max-image-preview:large","max-video-preview":"max-video-preview:-1"},"canonical":"https:\/\/repliquemangacine.fr\/it\/bacchette-e-oggetti-di-harry-potter\/harry-potter-pietra-filosofale-e-bacchette-25-anni-cofanetto\/","og_locale":"it_IT","og_type":"article","og_title":"Coffret 25ans Harry Potter - Pierre philosophale et Baguettes - R\u00e9plique Manga Cin\u00e9","og_description":"Coffret 25ans Harry Potter: deux baguettes de Harry Potter et la Pierre Philosophale en r\u00e9sine. Une pi\u00e8ce magique pour les fans du Wizarding World.","og_url":"https:\/\/repliquemangacine.fr\/it\/bacchette-e-oggetti-di-harry-potter\/harry-potter-pietra-filosofale-e-bacchette-25-anni-cofanetto\/","og_site_name":"R\u00e9plique Manga Cin\u00e9","article_publisher":"https:\/\/www.facebook.com\/RepliqueMangaCine","article_modified_time":"2026-04-02T09:19:36+00:00","og_image":[{"width":700,"height":700,"url":"https:\/\/repliquemangacine.fr\/wp-content\/uploads\/2026\/03\/Coffret-Anniversaire-Harry-Potter-sans-coffret-1.jpg","type":"image\/jpeg"}],"twitter_card":"summary_large_image","twitter_misc":{"Tempo di lettura stimato":"3 minuti"},"schema":{"@context":"https:\/\/schema.org","@graph":[{"@type":"WebPage","@id":"https:\/\/repliquemangacine.fr\/baguettes-et-goodies-harry-potter\/coffret-25ans-harry-potter-pierre-philosophale-et-baguettes\/","url":"https:\/\/repliquemangacine.fr\/baguettes-et-goodies-harry-potter\/coffret-25ans-harry-potter-pierre-philosophale-et-baguettes\/","name":"Harry Potter 25 anni - Pietra filosofale e bacchette - R\u00e9plique Manga Cin\u00e9","isPartOf":{"@id":"https:\/\/repliquemangacine.fr\/#website"},"primaryImageOfPage":{"@id":"https:\/\/repliquemangacine.fr\/baguettes-et-goodies-harry-potter\/coffret-25ans-harry-potter-pierre-philosophale-et-baguettes\/#primaryimage"},"image":{"@id":"https:\/\/repliquemangacine.fr\/baguettes-et-goodies-harry-potter\/coffret-25ans-harry-potter-pierre-philosophale-et-baguettes\/#primaryimage"},"thumbnailUrl":"https:\/\/repliquemangacine.fr\/wp-content\/uploads\/2026\/03\/Coffret-Anniversaire-Harry-Potter-sans-coffret-1.jpg","datePublished":"2026-03-12T10:46:48+00:00","dateModified":"2026-04-02T09:19:36+00:00","description":"Cofanetto per il 25\u00b0 anniversario di Harry Potter: due bacchette di Harry Potter e la Pietra Filosofale in resina. Un pezzo magico per i fan del mondo magico.","breadcrumb":{"@id":"https:\/\/repliquemangacine.fr\/baguettes-et-goodies-harry-potter\/coffret-25ans-harry-potter-pierre-philosophale-et-baguettes\/#breadcrumb"},"inLanguage":"it-IT","potentialAction":[{"@type":"ReadAction","target":["https:\/\/repliquemangacine.fr\/baguettes-et-goodies-harry-potter\/coffret-25ans-harry-potter-pierre-philosophale-et-baguettes\/"]}]},{"@type":"ImageObject","inLanguage":"it-IT","@id":"https:\/\/repliquemangacine.fr\/baguettes-et-goodies-harry-potter\/coffret-25ans-harry-potter-pierre-philosophale-et-baguettes\/#primaryimage","url":"https:\/\/repliquemangacine.fr\/wp-content\/uploads\/2026\/03\/Coffret-Anniversaire-Harry-Potter-sans-coffret-1.jpg","contentUrl":"https:\/\/repliquemangacine.fr\/wp-content\/uploads\/2026\/03\/Coffret-Anniversaire-Harry-Potter-sans-coffret-1.jpg","width":700,"height":700,"caption":"Coffret 25ans Harry Potter, officielle Noble Collection"},{"@type":"BreadcrumbList","@id":"https:\/\/repliquemangacine.fr\/baguettes-et-goodies-harry-potter\/coffret-25ans-harry-potter-pierre-philosophale-et-baguettes\/#breadcrumb","itemListElement":[{"@type":"ListItem","position":1,"name":"Accueil","item":"https:\/\/repliquemangacine.fr\/"},{"@type":"ListItem","position":2,"name":"Produits","item":"https:\/\/repliquemangacine.fr\/boutique\/"},{"@type":"ListItem","position":3,"name":"Coffret 25ans Harry Potter &#8211; Pierre philosophale et Baguettes"}]},{"@type":"WebSite","@id":"https:\/\/repliquemangacine.fr\/#website","url":"https:\/\/repliquemangacine.fr\/","name":"R\u00e9plique Manga Cin\u00e9","description":"","publisher":{"@id":"https:\/\/repliquemangacine.fr\/#organization"},"potentialAction":[{"@type":"SearchAction","target":{"@type":"EntryPoint","urlTemplate":"https:\/\/repliquemangacine.fr\/?s={search_term_string}"},"query-input":{"@type":"PropertyValueSpecification","valueRequired":true,"valueName":"search_term_string"}}],"inLanguage":"it-IT"},{"@type":"Organization","@id":"https:\/\/repliquemangacine.fr\/#organization","name":"R\u00e9plique Manga Cin\u00e9","url":"https:\/\/repliquemangacine.fr\/","logo":{"@type":"ImageObject","inLanguage":"it-IT","@id":"https:\/\/repliquemangacine.fr\/#\/schema\/logo\/image\/","url":"https:\/\/repliquemangacine.fr\/wp-content\/uploads\/2023\/10\/RMC-500250.png","contentUrl":"https:\/\/repliquemangacine.fr\/wp-content\/uploads\/2023\/10\/RMC-500250.png","width":500,"height":250,"caption":"R\u00e9plique Manga Cin\u00e9"},"image":{"@id":"https:\/\/repliquemangacine.fr\/#\/schema\/logo\/image\/"},"sameAs":["https:\/\/www.facebook.com\/RepliqueMangaCine","https:\/\/www.instagram.com\/repliquemangacine.fr\/"]}]}},"_links":{"self":[{"href":"https:\/\/repliquemangacine.fr\/it\/wp-json\/wp\/v2\/product\/96182","targetHints":{"allow":["GET"]}}],"collection":[{"href":"https:\/\/repliquemangacine.fr\/it\/wp-json\/wp\/v2\/product"}],"about":[{"href":"https:\/\/repliquemangacine.fr\/it\/wp-json\/wp\/v2\/types\/product"}],"wp:featuredmedia":[{"embeddable":true,"href":"https:\/\/repliquemangacine.fr\/it\/wp-json\/wp\/v2\/media\/96196"}],"wp:attachment":[{"href":"https:\/\/repliquemangacine.fr\/it\/wp-json\/wp\/v2\/media?parent=96182"}],"wp:term":[{"taxonomy":"product_brand","embeddable":true,"href":"https:\/\/repliquemangacine.fr\/it\/wp-json\/wp\/v2\/product_brand?post=96182"},{"taxonomy":"product_cat","embeddable":true,"href":"https:\/\/repliquemangacine.fr\/it\/wp-json\/wp\/v2\/product_cat?post=96182"},{"taxonomy":"product_tag","embeddable":true,"href":"https:\/\/repliquemangacine.fr\/it\/wp-json\/wp\/v2\/product_tag?post=96182"}],"curies":[{"name":"wp","href":"https:\/\/api.w.org\/{rel}","templated":true}]}}