





{"id":95830,"date":"2026-03-02T18:16:54","date_gmt":"2026-03-02T17:16:54","guid":{"rendered":"https:\/\/repliquemangacine.fr\/?post_type=product&#038;p=95830"},"modified":"2026-04-02T11:18:16","modified_gmt":"2026-04-02T09:18:16","slug":"staffa-da-parete-in-legno-di-zelda","status":"publish","type":"product","link":"https:\/\/repliquemangacine.fr\/it\/epee-zelda\/support-mural-zelda-en-bois\/","title":{"rendered":"Supporto da parete Zelda in legno"},"content":{"rendered":"<h2>Supporto da parete Zelda in legno - L'elemento essenziale per le vostre spade Zelda<\/h2>\n<p>Ecco finalmente il supporto da parete in legno di Zelda che la vostra collezione stava aspettando.<br \/>\nProgettato in legno massiccio con una tinta rosso intenso, mette subito in risalto il simbolo sacro della <a href=\"https:\/\/zelda.fandom.com\/fr\/wiki\/Triforce\" target=\"_blank\" rel=\"noopener noreferrer\">La Triforza<\/a> e l'emblema reale di Hyrule.<\/p>\n<p>La sua silhouette a forma di scudo rafforza l'identit\u00e0 medievale ed eroica della saga.<br \/>\nInoltre, i due ganci in metallo dorato garantiscono una tenuta stabile ed elegante.<\/p>\n<p>Tuttavia, il vero vantaggio di questo mezzo \u00e8 la sua utilit\u00e0.<br \/>\nTutte le spade di Zelda vengono fornite con il fodero.<br \/>\nDi conseguenza, non vengono mai forniti con un supporto a parete.<\/p>\n<p>\u00c8 stata una vera mancanza per i collezionisti pi\u00f9 esigenti.<br \/>\nOra potete esibire con orgoglio le vostre lame sulla parete senza ricorrere al fai-da-te.<br \/>\nQuesto conferisce alla vostra replica una dimensione visiva completamente nuova.<\/p>\n<p>Questo supporto trasforma una spada in un centrotavola decorativo.<\/p>\n<h2>Link, Hyrule e l'importanza di una presentazione degna di un eroe<\/h2>\n<p>Nel mondo di Zelda, ogni spada ha un'immensa carica simbolica.<br \/>\nLa Master Sword non \u00e8 solo un'arma.<br \/>\nIncarna il coraggio di fronte all'oscurit\u00e0.<\/p>\n<p>Link non brandisce mai la sua lama seminascosta.<br \/>\nAl contrario, rappresenta la speranza di Hyrule.<br \/>\nMerita quindi una produzione all'altezza della sua leggenda.<\/p>\n<p>Esporre una spada di Zelda senza un supporto \u00e8 come lasciare un artefatto sacro nell'ombra.<br \/>\nMa una replica non \u00e8 solo un oggetto.<br \/>\nRacconta una storia.<\/p>\n<p>Con questo supporto a parete \u00e8 possibile ricreare l'atmosfera di un santuario reale.<br \/>\nIl muro diventa una sala d'armi degna del Castello di Hyrule.<br \/>\nInoltre, l'emblema inciso richiama immediatamente il mondo del gioco.<\/p>\n<p>\u00c8 un dettaglio, ovviamente.<br \/>\nMa per un appassionato, i dettagli fanno la differenza.<\/p>\n<h2>Legno o metallo? Collezione o cosplay? Fate la scelta giusta<\/h2>\n<p>A differenza dei supporti metallici industriali, questo modello in legno conferisce calore e autenticit\u00e0.<br \/>\nIl legno ricorda antiche armerie e fortezze medievali.<\/p>\n<p>Inoltre, si adatta perfettamente a qualsiasi arredamento geek di alto livello.<br \/>\nPromuove sia una <a href=\"https:\/\/repliquemangacine.fr\/it\/spada-di-zelda\/spada-master-spada-zelda\/\">Maestro di spada<\/a> a <a href=\"https:\/\/repliquemangacine.fr\/it\/spada-di-zelda\/zelda-leggenda-spada-link-spada\/\">Spada di Link<\/a> o qualsiasi altro <a href=\"https:\/\/repliquemangacine.fr\/it\/spada-di-zelda\/\">Zelda risponde<\/a>.<\/p>\n<p>Per i collezionisti, non c'\u00e8 dubbio.<br \/>\nL'espositore a parete protegge la lama e la mette in risalto.<br \/>\n\u00c8 anche pratico per i cosplayer.<br \/>\nMantenete la vostra spada accessibile e perfettamente presentata tra due convenzioni.<\/p>\n<p>Infine, investendo in un supporto adeguato si evitano supporti improvvisati o fissaggi antiestetici.<br \/>\nLa sua risposta merita pi\u00f9 di un semplice chiodo.<\/p>\n<p>E poich\u00e9 una collezione si costruisce con coerenza, scoprite le nostre repliche di Zelda disponibili su Repliquemangacine per creare un insieme armonioso.<\/p>","protected":false},"excerpt":{"rendered":"<p>Esponete la vostra spada di Zelda come un vero manufatto di Hyrule con questo iconico supporto da parete in legno.<\/p>\n<ul>\n<li>Piedistallo interamente in legno<\/li>\n<li>Serigrafia della Triforza e dell'emblema reale di Hyrule<\/li>\n<li>Fornito con tutte le viti e i bulloni<\/li>\n<li>Altezza: 30 cm - Larghezza: 23 cm - Spessore: 1,2 cm<\/li>\n<li>Peso: 385 g<\/li>\n<\/ul>","protected":false},"featured_media":95831,"template":"","meta":[],"product_brand":[],"product_cat":[50,107,56],"product_tag":[],"class_list":{"0":"post-95830","1":"product","2":"type-product","3":"status-publish","4":"has-post-thumbnail","6":"product_cat-accessoires-katana","7":"product_cat-nouveautes","8":"product_cat-epee-zelda","10":"first","11":"instock","12":"taxable","13":"shipping-taxable","14":"purchasable","15":"product-type-simple"},"yoast_head":"<!-- This site is optimized with the Yoast SEO plugin v27.4 - https:\/\/yoast.com\/product\/yoast-seo-wordpress\/ -->\n<title>Support Mural Zelda en bois - R\u00e9plique Manga Cin\u00e9<\/title>\n<meta name=\"description\" content=\"Support mural Zelda en bois avec embl\u00e8me Triforce. Id\u00e9al pour exposer vos \u00e9p\u00e9es Zelda livr\u00e9es sans support. \u00c9l\u00e9gant, robuste et indispensable.\" \/>\n<meta name=\"robots\" content=\"index, follow, max-snippet:-1, max-image-preview:large, max-video-preview:-1\" \/>\n<link rel=\"canonical\" href=\"https:\/\/repliquemangacine.fr\/it\/spada-di-zelda\/staffa-da-parete-in-legno-di-zelda\/\" \/>\n<meta property=\"og:locale\" content=\"it_IT\" \/>\n<meta property=\"og:type\" content=\"article\" \/>\n<meta property=\"og:title\" content=\"Support Mural Zelda en bois - R\u00e9plique Manga Cin\u00e9\" \/>\n<meta property=\"og:description\" content=\"Support mural Zelda en bois avec embl\u00e8me Triforce. Id\u00e9al pour exposer vos \u00e9p\u00e9es Zelda livr\u00e9es sans support. \u00c9l\u00e9gant, robuste et indispensable.\" \/>\n<meta property=\"og:url\" content=\"https:\/\/repliquemangacine.fr\/it\/spada-di-zelda\/staffa-da-parete-in-legno-di-zelda\/\" \/>\n<meta property=\"og:site_name\" content=\"R\u00e9plique Manga Cin\u00e9\" \/>\n<meta property=\"article:publisher\" content=\"https:\/\/www.facebook.com\/RepliqueMangaCine\" \/>\n<meta property=\"article:modified_time\" content=\"2026-04-02T09:18:16+00:00\" \/>\n<meta property=\"og:image\" content=\"https:\/\/repliquemangacine.fr\/wp-content\/uploads\/2026\/03\/Plaque-murale-Zelda.jpg\" \/>\n\t<meta property=\"og:image:width\" content=\"700\" \/>\n\t<meta property=\"og:image:height\" content=\"700\" \/>\n\t<meta property=\"og:image:type\" content=\"image\/jpeg\" \/>\n<meta name=\"twitter:card\" content=\"summary_large_image\" \/>\n<meta name=\"twitter:label1\" content=\"Tempo di lettura stimato\" \/>\n\t<meta name=\"twitter:data1\" content=\"3 minuti\" \/>\n<script type=\"application\/ld+json\" class=\"yoast-schema-graph\">{\"@context\":\"https:\\\/\\\/schema.org\",\"@graph\":[{\"@type\":\"WebPage\",\"@id\":\"https:\\\/\\\/repliquemangacine.fr\\\/epee-zelda\\\/support-mural-zelda-en-bois\\\/\",\"url\":\"https:\\\/\\\/repliquemangacine.fr\\\/epee-zelda\\\/support-mural-zelda-en-bois\\\/\",\"name\":\"Support Mural Zelda en bois - R\u00e9plique Manga Cin\u00e9\",\"isPartOf\":{\"@id\":\"https:\\\/\\\/repliquemangacine.fr\\\/#website\"},\"primaryImageOfPage\":{\"@id\":\"https:\\\/\\\/repliquemangacine.fr\\\/epee-zelda\\\/support-mural-zelda-en-bois\\\/#primaryimage\"},\"image\":{\"@id\":\"https:\\\/\\\/repliquemangacine.fr\\\/epee-zelda\\\/support-mural-zelda-en-bois\\\/#primaryimage\"},\"thumbnailUrl\":\"https:\\\/\\\/repliquemangacine.fr\\\/wp-content\\\/uploads\\\/2026\\\/03\\\/Plaque-murale-Zelda.jpg\",\"datePublished\":\"2026-03-02T17:16:54+00:00\",\"dateModified\":\"2026-04-02T09:18:16+00:00\",\"description\":\"Support mural Zelda en bois avec embl\u00e8me Triforce. Id\u00e9al pour exposer vos \u00e9p\u00e9es Zelda livr\u00e9es sans support. \u00c9l\u00e9gant, robuste et indispensable.\",\"breadcrumb\":{\"@id\":\"https:\\\/\\\/repliquemangacine.fr\\\/epee-zelda\\\/support-mural-zelda-en-bois\\\/#breadcrumb\"},\"inLanguage\":\"it-IT\",\"potentialAction\":[{\"@type\":\"ReadAction\",\"target\":[\"https:\\\/\\\/repliquemangacine.fr\\\/epee-zelda\\\/support-mural-zelda-en-bois\\\/\"]}]},{\"@type\":\"ImageObject\",\"inLanguage\":\"it-IT\",\"@id\":\"https:\\\/\\\/repliquemangacine.fr\\\/epee-zelda\\\/support-mural-zelda-en-bois\\\/#primaryimage\",\"url\":\"https:\\\/\\\/repliquemangacine.fr\\\/wp-content\\\/uploads\\\/2026\\\/03\\\/Plaque-murale-Zelda.jpg\",\"contentUrl\":\"https:\\\/\\\/repliquemangacine.fr\\\/wp-content\\\/uploads\\\/2026\\\/03\\\/Plaque-murale-Zelda.jpg\",\"width\":700,\"height\":700,\"caption\":\"Support mural Zelda en bois avec logo triforce\"},{\"@type\":\"BreadcrumbList\",\"@id\":\"https:\\\/\\\/repliquemangacine.fr\\\/epee-zelda\\\/support-mural-zelda-en-bois\\\/#breadcrumb\",\"itemListElement\":[{\"@type\":\"ListItem\",\"position\":1,\"name\":\"Accueil\",\"item\":\"https:\\\/\\\/repliquemangacine.fr\\\/\"},{\"@type\":\"ListItem\",\"position\":2,\"name\":\"Produits\",\"item\":\"https:\\\/\\\/repliquemangacine.fr\\\/boutique\\\/\"},{\"@type\":\"ListItem\",\"position\":3,\"name\":\"Support Mural Zelda en bois\"}]},{\"@type\":\"WebSite\",\"@id\":\"https:\\\/\\\/repliquemangacine.fr\\\/#website\",\"url\":\"https:\\\/\\\/repliquemangacine.fr\\\/\",\"name\":\"R\u00e9plique Manga Cin\u00e9\",\"description\":\"\",\"publisher\":{\"@id\":\"https:\\\/\\\/repliquemangacine.fr\\\/#organization\"},\"potentialAction\":[{\"@type\":\"SearchAction\",\"target\":{\"@type\":\"EntryPoint\",\"urlTemplate\":\"https:\\\/\\\/repliquemangacine.fr\\\/?s={search_term_string}\"},\"query-input\":{\"@type\":\"PropertyValueSpecification\",\"valueRequired\":true,\"valueName\":\"search_term_string\"}}],\"inLanguage\":\"it-IT\"},{\"@type\":\"Organization\",\"@id\":\"https:\\\/\\\/repliquemangacine.fr\\\/#organization\",\"name\":\"R\u00e9plique Manga Cin\u00e9\",\"url\":\"https:\\\/\\\/repliquemangacine.fr\\\/\",\"logo\":{\"@type\":\"ImageObject\",\"inLanguage\":\"it-IT\",\"@id\":\"https:\\\/\\\/repliquemangacine.fr\\\/#\\\/schema\\\/logo\\\/image\\\/\",\"url\":\"https:\\\/\\\/repliquemangacine.fr\\\/wp-content\\\/uploads\\\/2023\\\/10\\\/RMC-500250.png\",\"contentUrl\":\"https:\\\/\\\/repliquemangacine.fr\\\/wp-content\\\/uploads\\\/2023\\\/10\\\/RMC-500250.png\",\"width\":500,\"height\":250,\"caption\":\"R\u00e9plique Manga Cin\u00e9\"},\"image\":{\"@id\":\"https:\\\/\\\/repliquemangacine.fr\\\/#\\\/schema\\\/logo\\\/image\\\/\"},\"sameAs\":[\"https:\\\/\\\/www.facebook.com\\\/RepliqueMangaCine\",\"https:\\\/\\\/www.instagram.com\\\/repliquemangacine.fr\\\/\"]}]}<\/script>\n<!-- \/ Yoast SEO plugin. -->","yoast_head_json":{"title":"Supporto da parete in legno per Zelda - R\u00e9plique Manga Cin\u00e9","description":"Supporto da parete in legno per Zelda con emblema della Triforza. Ideale per esporre le spade di Zelda senza supporto. Elegante, robusto ed essenziale.","robots":{"index":"index","follow":"follow","max-snippet":"max-snippet:-1","max-image-preview":"max-image-preview:large","max-video-preview":"max-video-preview:-1"},"canonical":"https:\/\/repliquemangacine.fr\/it\/spada-di-zelda\/staffa-da-parete-in-legno-di-zelda\/","og_locale":"it_IT","og_type":"article","og_title":"Support Mural Zelda en bois - R\u00e9plique Manga Cin\u00e9","og_description":"Support mural Zelda en bois avec embl\u00e8me Triforce. Id\u00e9al pour exposer vos \u00e9p\u00e9es Zelda livr\u00e9es sans support. \u00c9l\u00e9gant, robuste et indispensable.","og_url":"https:\/\/repliquemangacine.fr\/it\/spada-di-zelda\/staffa-da-parete-in-legno-di-zelda\/","og_site_name":"R\u00e9plique Manga Cin\u00e9","article_publisher":"https:\/\/www.facebook.com\/RepliqueMangaCine","article_modified_time":"2026-04-02T09:18:16+00:00","og_image":[{"width":700,"height":700,"url":"https:\/\/repliquemangacine.fr\/wp-content\/uploads\/2026\/03\/Plaque-murale-Zelda.jpg","type":"image\/jpeg"}],"twitter_card":"summary_large_image","twitter_misc":{"Tempo di lettura stimato":"3 minuti"},"schema":{"@context":"https:\/\/schema.org","@graph":[{"@type":"WebPage","@id":"https:\/\/repliquemangacine.fr\/epee-zelda\/support-mural-zelda-en-bois\/","url":"https:\/\/repliquemangacine.fr\/epee-zelda\/support-mural-zelda-en-bois\/","name":"Supporto da parete in legno per Zelda - R\u00e9plique Manga Cin\u00e9","isPartOf":{"@id":"https:\/\/repliquemangacine.fr\/#website"},"primaryImageOfPage":{"@id":"https:\/\/repliquemangacine.fr\/epee-zelda\/support-mural-zelda-en-bois\/#primaryimage"},"image":{"@id":"https:\/\/repliquemangacine.fr\/epee-zelda\/support-mural-zelda-en-bois\/#primaryimage"},"thumbnailUrl":"https:\/\/repliquemangacine.fr\/wp-content\/uploads\/2026\/03\/Plaque-murale-Zelda.jpg","datePublished":"2026-03-02T17:16:54+00:00","dateModified":"2026-04-02T09:18:16+00:00","description":"Supporto da parete in legno per Zelda con emblema della Triforza. Ideale per esporre le spade di Zelda senza supporto. Elegante, robusto ed essenziale.","breadcrumb":{"@id":"https:\/\/repliquemangacine.fr\/epee-zelda\/support-mural-zelda-en-bois\/#breadcrumb"},"inLanguage":"it-IT","potentialAction":[{"@type":"ReadAction","target":["https:\/\/repliquemangacine.fr\/epee-zelda\/support-mural-zelda-en-bois\/"]}]},{"@type":"ImageObject","inLanguage":"it-IT","@id":"https:\/\/repliquemangacine.fr\/epee-zelda\/support-mural-zelda-en-bois\/#primaryimage","url":"https:\/\/repliquemangacine.fr\/wp-content\/uploads\/2026\/03\/Plaque-murale-Zelda.jpg","contentUrl":"https:\/\/repliquemangacine.fr\/wp-content\/uploads\/2026\/03\/Plaque-murale-Zelda.jpg","width":700,"height":700,"caption":"Support mural Zelda en bois avec logo triforce"},{"@type":"BreadcrumbList","@id":"https:\/\/repliquemangacine.fr\/epee-zelda\/support-mural-zelda-en-bois\/#breadcrumb","itemListElement":[{"@type":"ListItem","position":1,"name":"Accueil","item":"https:\/\/repliquemangacine.fr\/"},{"@type":"ListItem","position":2,"name":"Produits","item":"https:\/\/repliquemangacine.fr\/boutique\/"},{"@type":"ListItem","position":3,"name":"Support Mural Zelda en bois"}]},{"@type":"WebSite","@id":"https:\/\/repliquemangacine.fr\/#website","url":"https:\/\/repliquemangacine.fr\/","name":"R\u00e9plique Manga Cin\u00e9","description":"","publisher":{"@id":"https:\/\/repliquemangacine.fr\/#organization"},"potentialAction":[{"@type":"SearchAction","target":{"@type":"EntryPoint","urlTemplate":"https:\/\/repliquemangacine.fr\/?s={search_term_string}"},"query-input":{"@type":"PropertyValueSpecification","valueRequired":true,"valueName":"search_term_string"}}],"inLanguage":"it-IT"},{"@type":"Organization","@id":"https:\/\/repliquemangacine.fr\/#organization","name":"R\u00e9plique Manga Cin\u00e9","url":"https:\/\/repliquemangacine.fr\/","logo":{"@type":"ImageObject","inLanguage":"it-IT","@id":"https:\/\/repliquemangacine.fr\/#\/schema\/logo\/image\/","url":"https:\/\/repliquemangacine.fr\/wp-content\/uploads\/2023\/10\/RMC-500250.png","contentUrl":"https:\/\/repliquemangacine.fr\/wp-content\/uploads\/2023\/10\/RMC-500250.png","width":500,"height":250,"caption":"R\u00e9plique Manga Cin\u00e9"},"image":{"@id":"https:\/\/repliquemangacine.fr\/#\/schema\/logo\/image\/"},"sameAs":["https:\/\/www.facebook.com\/RepliqueMangaCine","https:\/\/www.instagram.com\/repliquemangacine.fr\/"]}]}},"_links":{"self":[{"href":"https:\/\/repliquemangacine.fr\/it\/wp-json\/wp\/v2\/product\/95830","targetHints":{"allow":["GET"]}}],"collection":[{"href":"https:\/\/repliquemangacine.fr\/it\/wp-json\/wp\/v2\/product"}],"about":[{"href":"https:\/\/repliquemangacine.fr\/it\/wp-json\/wp\/v2\/types\/product"}],"wp:featuredmedia":[{"embeddable":true,"href":"https:\/\/repliquemangacine.fr\/it\/wp-json\/wp\/v2\/media\/95831"}],"wp:attachment":[{"href":"https:\/\/repliquemangacine.fr\/it\/wp-json\/wp\/v2\/media?parent=95830"}],"wp:term":[{"taxonomy":"product_brand","embeddable":true,"href":"https:\/\/repliquemangacine.fr\/it\/wp-json\/wp\/v2\/product_brand?post=95830"},{"taxonomy":"product_cat","embeddable":true,"href":"https:\/\/repliquemangacine.fr\/it\/wp-json\/wp\/v2\/product_cat?post=95830"},{"taxonomy":"product_tag","embeddable":true,"href":"https:\/\/repliquemangacine.fr\/it\/wp-json\/wp\/v2\/product_tag?post=95830"}],"curies":[{"name":"wp","href":"https:\/\/api.w.org\/{rel}","templated":true}]}}