





{"id":95777,"date":"2026-02-28T19:27:17","date_gmt":"2026-02-28T18:27:17","guid":{"rendered":"https:\/\/repliquemangacine.fr\/?post_type=product&#038;p=95777"},"modified":"2026-04-20T13:55:45","modified_gmt":"2026-04-20T11:55:45","slug":"luomo-spada-di-potere-i-padroni-delluniverso-2026","status":"publish","type":"product","link":"https:\/\/repliquemangacine.fr\/it\/films-series-tv-vente-de-katana-epee-et-produits-derives\/epee-de-pouvoir-de-he-man-les-maitres-de-lunivers-2026\/","title":{"rendered":"La spada del potere di He-Man - Masters of the Universe 2026"},"content":{"rendered":"<h2>Spada del potere di He-Man - replica in anteprima del 2026<\/h2>\n<p>Innanzitutto, la Power Sword di He-Man, ispirata a Masters of the Universe, arriva prima dell'uscita al cinema nel giugno 2026. La sua presenza ha un impatto immediato. La lama in acciaio lucido riflette la luce in modo brillante. Cattura ogni sguardo.<\/p>\n<p>La guardia in acciaio opaco presenta incisioni precise. Il suo design solido ricorda la potenza di Eternia. Inoltre, l'impugnatura rivestita in similpelle marrone assicura una presa confortevole. Inoltre, rafforza l'estetica eroica del pezzo.<\/p>\n<p>Il set viene fornito con un supporto da esposizione. In questo modo \u00e8 possibile esporlo al meglio non appena lo si riceve. In una vetrina o su una parete, diventa immediatamente il centro dell'attenzione.<\/p>\n<h2>He-Man e il simbolismo della Spada del Potere<\/h2>\n<p>Per cominciare, in Masters of the Universe la Spada del Potere non \u00e8 solo un'arma. Incarna la trasformazione di Adam in He-Man. Rappresenta forza, coraggio e responsabilit\u00e0.<\/p>\n<p>Questa replica rende omaggio a questa dimensione mitica. L'imponente struttura evoca il potere crudo. Al contrario, le delicate incisioni ricordano l'eredit\u00e0 reale di Eternia. Ogni dettaglio racconta una storia.<\/p>\n<p>Per arricchire la vostra collezione di film retr\u00f2 e cinematografici, scoprite i nostri <a href=\"https:\/\/repliquemangacine.fr\/it\/spade-antiche\/spada-dachille-a-troia\/\">La spada di Achille del film Troy<\/a> disponibile su Repliquemangacine. Ogni lama simboleggia un eroe. Questa incarna un'intera generazione.<\/p>\n<h2>Acciaio lucido o decorativo: perch\u00e9 scegliere questa versione?<\/h2>\n<p>Innanzitutto, l'acciaio lucido conferisce un immediato realismo. Riflette la luce come nelle scene epiche. A differenza delle versioni in resina, questa replica offre peso e presenza autentici.<\/p>\n<p>Per un collezionista, questo \u00e8 un pezzo strategico. Segna la prima del film 2026. Per i cosplayers, porta credibilit\u00e0 e impatto visivo. Tuttavia, rimane una replica destinata all'esposizione. Come per qualsiasi lama in acciaio, si raccomanda una manutenzione regolare per preservarne la lucentezza e prevenire l'ossidazione.\u2019<a href=\"https:\/\/repliquemangacine.fr\/it\/armi-storiche\/olio-universale-ballistol\/\">Olio universale Ballistol<\/a>, appositamente studiati per la protezione e la manutenzione del metallo.<\/p>\n<p>Se volete confrontare l'evoluzione delle versioni di He-Man nel corso dei decenni, potete consultare gli archivi specializzati sul franchising <a href=\"https:\/\/he-man.fandom.com\/wiki\/Masters_of_the_Universe\" target=\"_blank\" rel=\"noopener noreferrer\">I padroni dell'universo<\/a>.<\/p>\n<p>In conclusione, questa spada non \u00e8 solo iconica. Preannuncia il ritorno di un mito. E un mito non torna mai in silenzio.<\/p>","protected":false},"excerpt":{"rendered":"<p>Con il potere di Eternia, smascherate la leggenda prima di chiunque altro con la Spada del Potere di He-Man in Masters of the Universe.<\/p>\n<ul>\n<li>Lama in acciaio lucidato<\/li>\n<li>Protezione in acciaio massiccio con incisioni<\/li>\n<li>Due maniglie sulla protezione in acciaio<\/li>\n<li>Manico in metallo rivestito in similpelle marrone per una presa sicura.<\/li>\n<li>Manopola in metallo<\/li>\n<li>Fornito con staffa da parete in legno<\/li>\n<li>Lunghezza lama: 65 cm - Lunghezza totale: 105 cm<\/li>\n<li>Peso: 2507 g<\/li>\n<\/ul>\n<p><strong>Vendita vietata ai minori<\/strong><\/p>","protected":false},"featured_media":95779,"template":"","meta":[],"product_brand":[],"product_cat":[66,24,107],"product_tag":[995,996],"class_list":{"0":"post-95777","1":"product","2":"type-product","3":"status-publish","4":"has-post-thumbnail","6":"product_cat-repliques-d-armes-films-et-series","7":"product_cat-films-series-tv-vente-de-katana-epee-et-produits-derives","8":"product_cat-nouveautes","9":"product_tag-epee-de-musclor","10":"product_tag-epee-des-maitres-de-lunivers","12":"first","13":"instock","14":"taxable","15":"shipping-taxable","16":"purchasable","17":"product-type-simple"},"yoast_head":"<!-- This site is optimized with the Yoast SEO plugin v27.4 - https:\/\/yoast.com\/product\/yoast-seo-wordpress\/ -->\n<title>\u00c9p\u00e9e de Pouvoir de He-Man - Les Maitres de L&#039;univers 2026 - R\u00e9plique Manga Cin\u00e9<\/title>\n<meta name=\"description\" content=\"D\u00e9couvrez l\u2019\u00c9p\u00e9e de Pouvoir de He-Man issue des Ma\u00eetres de l\u2019Univers 2026. Lame en acier poli, garde grav\u00e9e, support inclus. Pi\u00e8ce collector incontournable.\" \/>\n<meta name=\"robots\" content=\"index, follow, max-snippet:-1, max-image-preview:large, max-video-preview:-1\" \/>\n<link rel=\"canonical\" href=\"https:\/\/repliquemangacine.fr\/it\/film-serie-tv-vendita-di-spade-katana-e-prodotti-correlati\/luomo-spada-di-potere-i-padroni-delluniverso-2026\/\" \/>\n<meta property=\"og:locale\" content=\"it_IT\" \/>\n<meta property=\"og:type\" content=\"article\" \/>\n<meta property=\"og:title\" content=\"\u00c9p\u00e9e de Pouvoir de He-Man - Les Maitres de L&#039;univers 2026 - R\u00e9plique Manga Cin\u00e9\" \/>\n<meta property=\"og:description\" content=\"D\u00e9couvrez l\u2019\u00c9p\u00e9e de Pouvoir de He-Man issue des Ma\u00eetres de l\u2019Univers 2026. Lame en acier poli, garde grav\u00e9e, support inclus. Pi\u00e8ce collector incontournable.\" \/>\n<meta property=\"og:url\" content=\"https:\/\/repliquemangacine.fr\/it\/film-serie-tv-vendita-di-spade-katana-e-prodotti-correlati\/luomo-spada-di-potere-i-padroni-delluniverso-2026\/\" \/>\n<meta property=\"og:site_name\" content=\"R\u00e9plique Manga Cin\u00e9\" \/>\n<meta property=\"article:publisher\" content=\"https:\/\/www.facebook.com\/RepliqueMangaCine\" \/>\n<meta property=\"article:modified_time\" content=\"2026-04-20T11:55:45+00:00\" \/>\n<meta property=\"og:image\" content=\"https:\/\/repliquemangacine.fr\/wp-content\/uploads\/2026\/02\/epee-He-man-les-maitres-de-lunivers.jpg\" \/>\n\t<meta property=\"og:image:width\" content=\"700\" \/>\n\t<meta property=\"og:image:height\" content=\"700\" \/>\n\t<meta property=\"og:image:type\" content=\"image\/jpeg\" \/>\n<meta name=\"twitter:card\" content=\"summary_large_image\" \/>\n<meta name=\"twitter:label1\" content=\"Tempo di lettura stimato\" \/>\n\t<meta name=\"twitter:data1\" content=\"3 minuti\" \/>\n<script type=\"application\/ld+json\" class=\"yoast-schema-graph\">{\"@context\":\"https:\\\/\\\/schema.org\",\"@graph\":[{\"@type\":\"WebPage\",\"@id\":\"https:\\\/\\\/repliquemangacine.fr\\\/films-series-tv-vente-de-katana-epee-et-produits-derives\\\/epee-de-pouvoir-de-he-man-les-maitres-de-lunivers-2026\\\/\",\"url\":\"https:\\\/\\\/repliquemangacine.fr\\\/films-series-tv-vente-de-katana-epee-et-produits-derives\\\/epee-de-pouvoir-de-he-man-les-maitres-de-lunivers-2026\\\/\",\"name\":\"\u00c9p\u00e9e de Pouvoir de He-Man - Les Maitres de L'univers 2026 - R\u00e9plique Manga Cin\u00e9\",\"isPartOf\":{\"@id\":\"https:\\\/\\\/repliquemangacine.fr\\\/#website\"},\"primaryImageOfPage\":{\"@id\":\"https:\\\/\\\/repliquemangacine.fr\\\/films-series-tv-vente-de-katana-epee-et-produits-derives\\\/epee-de-pouvoir-de-he-man-les-maitres-de-lunivers-2026\\\/#primaryimage\"},\"image\":{\"@id\":\"https:\\\/\\\/repliquemangacine.fr\\\/films-series-tv-vente-de-katana-epee-et-produits-derives\\\/epee-de-pouvoir-de-he-man-les-maitres-de-lunivers-2026\\\/#primaryimage\"},\"thumbnailUrl\":\"https:\\\/\\\/repliquemangacine.fr\\\/wp-content\\\/uploads\\\/2026\\\/02\\\/epee-He-man-les-maitres-de-lunivers.jpg\",\"datePublished\":\"2026-02-28T18:27:17+00:00\",\"dateModified\":\"2026-04-20T11:55:45+00:00\",\"description\":\"D\u00e9couvrez l\u2019\u00c9p\u00e9e de Pouvoir de He-Man issue des Ma\u00eetres de l\u2019Univers 2026. Lame en acier poli, garde grav\u00e9e, support inclus. Pi\u00e8ce collector incontournable.\",\"breadcrumb\":{\"@id\":\"https:\\\/\\\/repliquemangacine.fr\\\/films-series-tv-vente-de-katana-epee-et-produits-derives\\\/epee-de-pouvoir-de-he-man-les-maitres-de-lunivers-2026\\\/#breadcrumb\"},\"inLanguage\":\"it-IT\",\"potentialAction\":[{\"@type\":\"ReadAction\",\"target\":[\"https:\\\/\\\/repliquemangacine.fr\\\/films-series-tv-vente-de-katana-epee-et-produits-derives\\\/epee-de-pouvoir-de-he-man-les-maitres-de-lunivers-2026\\\/\"]}]},{\"@type\":\"ImageObject\",\"inLanguage\":\"it-IT\",\"@id\":\"https:\\\/\\\/repliquemangacine.fr\\\/films-series-tv-vente-de-katana-epee-et-produits-derives\\\/epee-de-pouvoir-de-he-man-les-maitres-de-lunivers-2026\\\/#primaryimage\",\"url\":\"https:\\\/\\\/repliquemangacine.fr\\\/wp-content\\\/uploads\\\/2026\\\/02\\\/epee-He-man-les-maitres-de-lunivers.jpg\",\"contentUrl\":\"https:\\\/\\\/repliquemangacine.fr\\\/wp-content\\\/uploads\\\/2026\\\/02\\\/epee-He-man-les-maitres-de-lunivers.jpg\",\"width\":700,\"height\":700,\"caption\":\"\u00c9p\u00e9e de Pouvoir de He-Man dans Les Maitres de l'Univers\"},{\"@type\":\"BreadcrumbList\",\"@id\":\"https:\\\/\\\/repliquemangacine.fr\\\/films-series-tv-vente-de-katana-epee-et-produits-derives\\\/epee-de-pouvoir-de-he-man-les-maitres-de-lunivers-2026\\\/#breadcrumb\",\"itemListElement\":[{\"@type\":\"ListItem\",\"position\":1,\"name\":\"Accueil\",\"item\":\"https:\\\/\\\/repliquemangacine.fr\\\/\"},{\"@type\":\"ListItem\",\"position\":2,\"name\":\"Produits\",\"item\":\"https:\\\/\\\/repliquemangacine.fr\\\/boutique\\\/\"},{\"@type\":\"ListItem\",\"position\":3,\"name\":\"\u00c9p\u00e9e de Pouvoir de He-Man &#8211; Les Maitres de L&#8217;univers 2026\"}]},{\"@type\":\"WebSite\",\"@id\":\"https:\\\/\\\/repliquemangacine.fr\\\/#website\",\"url\":\"https:\\\/\\\/repliquemangacine.fr\\\/\",\"name\":\"R\u00e9plique Manga Cin\u00e9\",\"description\":\"\",\"publisher\":{\"@id\":\"https:\\\/\\\/repliquemangacine.fr\\\/#organization\"},\"potentialAction\":[{\"@type\":\"SearchAction\",\"target\":{\"@type\":\"EntryPoint\",\"urlTemplate\":\"https:\\\/\\\/repliquemangacine.fr\\\/?s={search_term_string}\"},\"query-input\":{\"@type\":\"PropertyValueSpecification\",\"valueRequired\":true,\"valueName\":\"search_term_string\"}}],\"inLanguage\":\"it-IT\"},{\"@type\":\"Organization\",\"@id\":\"https:\\\/\\\/repliquemangacine.fr\\\/#organization\",\"name\":\"R\u00e9plique Manga Cin\u00e9\",\"url\":\"https:\\\/\\\/repliquemangacine.fr\\\/\",\"logo\":{\"@type\":\"ImageObject\",\"inLanguage\":\"it-IT\",\"@id\":\"https:\\\/\\\/repliquemangacine.fr\\\/#\\\/schema\\\/logo\\\/image\\\/\",\"url\":\"https:\\\/\\\/repliquemangacine.fr\\\/wp-content\\\/uploads\\\/2023\\\/10\\\/RMC-500250.png\",\"contentUrl\":\"https:\\\/\\\/repliquemangacine.fr\\\/wp-content\\\/uploads\\\/2023\\\/10\\\/RMC-500250.png\",\"width\":500,\"height\":250,\"caption\":\"R\u00e9plique Manga Cin\u00e9\"},\"image\":{\"@id\":\"https:\\\/\\\/repliquemangacine.fr\\\/#\\\/schema\\\/logo\\\/image\\\/\"},\"sameAs\":[\"https:\\\/\\\/www.facebook.com\\\/RepliqueMangaCine\",\"https:\\\/\\\/www.instagram.com\\\/repliquemangacine.fr\\\/\"]}]}<\/script>\n<!-- \/ Yoast SEO plugin. -->","yoast_head_json":{"title":"Spada del potere di He-Man - Masters of the Universe 2026 - R\u00e9plique Manga Cin\u00e9","description":"Scoprite la spada del potere di He-Man in Masters of the Universe 2026. Lama in acciaio lucido, guardia incisa, supporto incluso. Un oggetto da collezione imperdibile.","robots":{"index":"index","follow":"follow","max-snippet":"max-snippet:-1","max-image-preview":"max-image-preview:large","max-video-preview":"max-video-preview:-1"},"canonical":"https:\/\/repliquemangacine.fr\/it\/film-serie-tv-vendita-di-spade-katana-e-prodotti-correlati\/luomo-spada-di-potere-i-padroni-delluniverso-2026\/","og_locale":"it_IT","og_type":"article","og_title":"\u00c9p\u00e9e de Pouvoir de He-Man - Les Maitres de L'univers 2026 - R\u00e9plique Manga Cin\u00e9","og_description":"D\u00e9couvrez l\u2019\u00c9p\u00e9e de Pouvoir de He-Man issue des Ma\u00eetres de l\u2019Univers 2026. Lame en acier poli, garde grav\u00e9e, support inclus. Pi\u00e8ce collector incontournable.","og_url":"https:\/\/repliquemangacine.fr\/it\/film-serie-tv-vendita-di-spade-katana-e-prodotti-correlati\/luomo-spada-di-potere-i-padroni-delluniverso-2026\/","og_site_name":"R\u00e9plique Manga Cin\u00e9","article_publisher":"https:\/\/www.facebook.com\/RepliqueMangaCine","article_modified_time":"2026-04-20T11:55:45+00:00","og_image":[{"width":700,"height":700,"url":"https:\/\/repliquemangacine.fr\/wp-content\/uploads\/2026\/02\/epee-He-man-les-maitres-de-lunivers.jpg","type":"image\/jpeg"}],"twitter_card":"summary_large_image","twitter_misc":{"Tempo di lettura stimato":"3 minuti"},"schema":{"@context":"https:\/\/schema.org","@graph":[{"@type":"WebPage","@id":"https:\/\/repliquemangacine.fr\/films-series-tv-vente-de-katana-epee-et-produits-derives\/epee-de-pouvoir-de-he-man-les-maitres-de-lunivers-2026\/","url":"https:\/\/repliquemangacine.fr\/films-series-tv-vente-de-katana-epee-et-produits-derives\/epee-de-pouvoir-de-he-man-les-maitres-de-lunivers-2026\/","name":"Spada del potere di He-Man - Masters of the Universe 2026 - R\u00e9plique Manga Cin\u00e9","isPartOf":{"@id":"https:\/\/repliquemangacine.fr\/#website"},"primaryImageOfPage":{"@id":"https:\/\/repliquemangacine.fr\/films-series-tv-vente-de-katana-epee-et-produits-derives\/epee-de-pouvoir-de-he-man-les-maitres-de-lunivers-2026\/#primaryimage"},"image":{"@id":"https:\/\/repliquemangacine.fr\/films-series-tv-vente-de-katana-epee-et-produits-derives\/epee-de-pouvoir-de-he-man-les-maitres-de-lunivers-2026\/#primaryimage"},"thumbnailUrl":"https:\/\/repliquemangacine.fr\/wp-content\/uploads\/2026\/02\/epee-He-man-les-maitres-de-lunivers.jpg","datePublished":"2026-02-28T18:27:17+00:00","dateModified":"2026-04-20T11:55:45+00:00","description":"Scoprite la spada del potere di He-Man in Masters of the Universe 2026. Lama in acciaio lucido, guardia incisa, supporto incluso. Un oggetto da collezione imperdibile.","breadcrumb":{"@id":"https:\/\/repliquemangacine.fr\/films-series-tv-vente-de-katana-epee-et-produits-derives\/epee-de-pouvoir-de-he-man-les-maitres-de-lunivers-2026\/#breadcrumb"},"inLanguage":"it-IT","potentialAction":[{"@type":"ReadAction","target":["https:\/\/repliquemangacine.fr\/films-series-tv-vente-de-katana-epee-et-produits-derives\/epee-de-pouvoir-de-he-man-les-maitres-de-lunivers-2026\/"]}]},{"@type":"ImageObject","inLanguage":"it-IT","@id":"https:\/\/repliquemangacine.fr\/films-series-tv-vente-de-katana-epee-et-produits-derives\/epee-de-pouvoir-de-he-man-les-maitres-de-lunivers-2026\/#primaryimage","url":"https:\/\/repliquemangacine.fr\/wp-content\/uploads\/2026\/02\/epee-He-man-les-maitres-de-lunivers.jpg","contentUrl":"https:\/\/repliquemangacine.fr\/wp-content\/uploads\/2026\/02\/epee-He-man-les-maitres-de-lunivers.jpg","width":700,"height":700,"caption":"\u00c9p\u00e9e de Pouvoir de He-Man dans Les Maitres de l'Univers"},{"@type":"BreadcrumbList","@id":"https:\/\/repliquemangacine.fr\/films-series-tv-vente-de-katana-epee-et-produits-derives\/epee-de-pouvoir-de-he-man-les-maitres-de-lunivers-2026\/#breadcrumb","itemListElement":[{"@type":"ListItem","position":1,"name":"Accueil","item":"https:\/\/repliquemangacine.fr\/"},{"@type":"ListItem","position":2,"name":"Produits","item":"https:\/\/repliquemangacine.fr\/boutique\/"},{"@type":"ListItem","position":3,"name":"\u00c9p\u00e9e de Pouvoir de He-Man &#8211; Les Maitres de L&#8217;univers 2026"}]},{"@type":"WebSite","@id":"https:\/\/repliquemangacine.fr\/#website","url":"https:\/\/repliquemangacine.fr\/","name":"R\u00e9plique Manga Cin\u00e9","description":"","publisher":{"@id":"https:\/\/repliquemangacine.fr\/#organization"},"potentialAction":[{"@type":"SearchAction","target":{"@type":"EntryPoint","urlTemplate":"https:\/\/repliquemangacine.fr\/?s={search_term_string}"},"query-input":{"@type":"PropertyValueSpecification","valueRequired":true,"valueName":"search_term_string"}}],"inLanguage":"it-IT"},{"@type":"Organization","@id":"https:\/\/repliquemangacine.fr\/#organization","name":"R\u00e9plique Manga Cin\u00e9","url":"https:\/\/repliquemangacine.fr\/","logo":{"@type":"ImageObject","inLanguage":"it-IT","@id":"https:\/\/repliquemangacine.fr\/#\/schema\/logo\/image\/","url":"https:\/\/repliquemangacine.fr\/wp-content\/uploads\/2023\/10\/RMC-500250.png","contentUrl":"https:\/\/repliquemangacine.fr\/wp-content\/uploads\/2023\/10\/RMC-500250.png","width":500,"height":250,"caption":"R\u00e9plique Manga Cin\u00e9"},"image":{"@id":"https:\/\/repliquemangacine.fr\/#\/schema\/logo\/image\/"},"sameAs":["https:\/\/www.facebook.com\/RepliqueMangaCine","https:\/\/www.instagram.com\/repliquemangacine.fr\/"]}]}},"_links":{"self":[{"href":"https:\/\/repliquemangacine.fr\/it\/wp-json\/wp\/v2\/product\/95777","targetHints":{"allow":["GET"]}}],"collection":[{"href":"https:\/\/repliquemangacine.fr\/it\/wp-json\/wp\/v2\/product"}],"about":[{"href":"https:\/\/repliquemangacine.fr\/it\/wp-json\/wp\/v2\/types\/product"}],"wp:featuredmedia":[{"embeddable":true,"href":"https:\/\/repliquemangacine.fr\/it\/wp-json\/wp\/v2\/media\/95779"}],"wp:attachment":[{"href":"https:\/\/repliquemangacine.fr\/it\/wp-json\/wp\/v2\/media?parent=95777"}],"wp:term":[{"taxonomy":"product_brand","embeddable":true,"href":"https:\/\/repliquemangacine.fr\/it\/wp-json\/wp\/v2\/product_brand?post=95777"},{"taxonomy":"product_cat","embeddable":true,"href":"https:\/\/repliquemangacine.fr\/it\/wp-json\/wp\/v2\/product_cat?post=95777"},{"taxonomy":"product_tag","embeddable":true,"href":"https:\/\/repliquemangacine.fr\/it\/wp-json\/wp\/v2\/product_tag?post=95777"}],"curies":[{"name":"wp","href":"https:\/\/api.w.org\/{rel}","templated":true}]}}