





{"id":95548,"date":"2026-02-24T19:12:50","date_gmt":"2026-02-24T18:12:50","guid":{"rendered":"https:\/\/repliquemangacine.fr\/?post_type=product&#038;p=95548"},"modified":"2026-04-05T11:17:06","modified_gmt":"2026-04-05T09:17:06","slug":"anello-elden-cavaliere-bandito-pesce-spada","status":"publish","type":"product","link":"https:\/\/repliquemangacine.fr\/it\/elden-ring\/espadon-de-chevalier-banni-elden-ring\/","title":{"rendered":"Cavaliere bandito Pesce Spada - Anello di Elden"},"content":{"rendered":"<h2>Cavaliere bandito Pesce spada ispirato all'anello Elden<\/h2>\n<p>Questo pesce spada Banned Knight colpisce immediatamente per la sua eleganza marziale. Realizzato interamente in metallo, riproduce fedelmente il nobile design visto in <a href=\"https:\/\/fr.bandainamcoent.eu\/elden-ring-wiki\" target=\"_blank\" rel=\"noopener noreferrer\">Anello di Elden<\/a>. La lama \u00e8 forgiata in acciaio inossidabile 440. Questa scelta garantisce robustezza, durata ed eccellente resistenza nel tempo. Inoltre, la doppia scanalatura centrale rende la lama visivamente pi\u00f9 leggera, esaltandone l'estetica medievale. Le incisioni in oro aggiungono un sottile tocco regale. La guardia, finemente lavorata, presenta motivi dettagliati visibili da ogni angolazione. L'impugnatura presenta un raffinato motivo a griglia per una presa visivamente autentica. Infine, il set viene fornito con un fodero in similpelle marrone, perfetto per essere esposto o presentato.<\/p>\n<h2>Il Cavaliere bandito - Guerriero caduto delle Terre Centrali<\/h2>\n<p>Nell'Elden Ring, i Cavalieri banditi sono un tempo nobili guerrieri, ora erranti e temibili. Le loro armi riflettono il loro rango passato. Questo pesce spada incarna questa dualit\u00e0. Elegante e brutale al tempo stesso. Simboleggia la disciplina marziale e la tragica caduta. Possedere questa replica significa catturare un frammento dell'atmosfera unica delle Midlands. Per arricchire la vostra collezione, scoprite la nostra selezione completa di repliche a Elden Ring. Troverete questa incredibile replica del\u2019<a href=\"https:\/\/repliquemangacine.fr\/it\/anello-di-elden\/spada-ad-anello-elden-con-zanna-di-segugio\/\">Spada Bloodhound Fang<\/a>, a meno che non vogliate dominare l'Entre-Terre con il <a href=\"https:\/\/repliquemangacine.fr\/it\/anello-di-elden\/grande-katana-cacciatore-di-draghi-elden-ring\/\">Grande Katana Cacciatore di Draghi<\/a>. Come complemento, esplorate i nostri altri <a href=\"https:\/\/repliquemangacine.fr\/it\/katana-e-spada-videogiochi-altri-videogiochi\/\">repliche di videogiochi<\/a>.<\/p>\n<h2>Acciaio inox 440 e doppia gola - La scelta del collezionista pi\u00f9 esigente<\/h2>\n<p>L'acciaio inossidabile 440 \u00e8 rinomato per la sua resistenza alla corrosione e la sua robustezza. Di conseguenza, questa replica manterr\u00e0 la sua lucentezza nel tempo. La doppia scanalatura non \u00e8 solo un dettaglio estetico. Rende la lama visivamente pi\u00f9 leggera e sottile. Di conseguenza, la spada acquista eleganza pur mantenendo il suo aspetto solido. Il fodero in similpelle rafforza l'immersione medievale. Inoltre, \u00e8 un'ottima presentazione. Tuttavia, come ogni pezzo in metallo, questa spada si rivolge principalmente ai collezionisti e agli appassionati di decorazioni immersive. In breve, questa spada del Cavaliere Bandito non \u00e8 un semplice accessorio. \u00c8 un pezzo potente. Un'arma che racconta la storia di un mondo distrutto e maestoso. E in una collezione, questo tipo di storia fa la differenza.<\/p>","protected":false},"excerpt":{"rendered":"<p>Un pesce spada degno delle Midlands. Elegante. Maestoso. Inflessibile.<\/p>\n<ul>\n<li>Costruzione interamente in metallo<\/li>\n<li>Lama in acciaio inox 440<\/li>\n<li>Doppia scanalatura centrale<\/li>\n<li>Incisioni decorative dorate<\/li>\n<li>Mantenere un'immagine finemente dettagliata<\/li>\n<li>Maniglia in metallo con raffinato motivo a quadri<\/li>\n<li>Fodero in similpelle con cordino e moschettone per il trasporto a spalla<\/li>\n<li>Pu\u00f2 essere indossato anche su una cintura<\/li>\n<li>Lunghezza lama: 79 cm - Lunghezza totale: 110 cm<\/li>\n<li>Peso: 1400 g e 1750 g con il fodero<\/li>\n<\/ul>\n<p><strong>Vendita vietata ai minori<\/strong><\/p>","protected":false},"featured_media":95549,"template":"","meta":[],"product_brand":[],"product_cat":[876,107],"product_tag":[],"class_list":{"0":"post-95548","1":"product","2":"type-product","3":"status-publish","4":"has-post-thumbnail","6":"product_cat-elden-ring","7":"product_cat-nouveautes","9":"first","10":"instock","11":"taxable","12":"shipping-taxable","13":"purchasable","14":"product-type-simple"},"yoast_head":"<!-- This site is optimized with the Yoast SEO plugin v27.4 - https:\/\/yoast.com\/product\/yoast-seo-wordpress\/ -->\n<title>Espadon de Chevalier Banni - Elden Ring - R\u00e9plique Manga Cin\u00e9<\/title>\n<meta name=\"description\" content=\"Espadon du Chevalier Banni inspir\u00e9 d\u2019Elden Ring. Lame en 440 stainless steel avec double gorge, r\u00e9plique tout m\u00e9tal livr\u00e9e avec fourreau en similicuir.\" \/>\n<meta name=\"robots\" content=\"index, follow, max-snippet:-1, max-image-preview:large, max-video-preview:-1\" \/>\n<link rel=\"canonical\" href=\"https:\/\/repliquemangacine.fr\/it\/anello-di-elden\/anello-elden-cavaliere-bandito-pesce-spada\/\" \/>\n<meta property=\"og:locale\" content=\"it_IT\" \/>\n<meta property=\"og:type\" content=\"article\" \/>\n<meta property=\"og:title\" content=\"Espadon de Chevalier Banni - Elden Ring - R\u00e9plique Manga Cin\u00e9\" \/>\n<meta property=\"og:description\" content=\"Espadon du Chevalier Banni inspir\u00e9 d\u2019Elden Ring. Lame en 440 stainless steel avec double gorge, r\u00e9plique tout m\u00e9tal livr\u00e9e avec fourreau en similicuir.\" \/>\n<meta property=\"og:url\" content=\"https:\/\/repliquemangacine.fr\/it\/anello-di-elden\/anello-elden-cavaliere-bandito-pesce-spada\/\" \/>\n<meta property=\"og:site_name\" content=\"R\u00e9plique Manga Cin\u00e9\" \/>\n<meta property=\"article:publisher\" content=\"https:\/\/www.facebook.com\/RepliqueMangaCine\" \/>\n<meta property=\"article:modified_time\" content=\"2026-04-05T09:17:06+00:00\" \/>\n<meta property=\"og:image\" content=\"https:\/\/repliquemangacine.fr\/wp-content\/uploads\/2026\/02\/Espadon-du-Chevalier-Banni-Elden-Ring.jpg\" \/>\n\t<meta property=\"og:image:width\" content=\"1000\" \/>\n\t<meta property=\"og:image:height\" content=\"1000\" \/>\n\t<meta property=\"og:image:type\" content=\"image\/jpeg\" \/>\n<meta name=\"twitter:card\" content=\"summary_large_image\" \/>\n<meta name=\"twitter:label1\" content=\"Tempo di lettura stimato\" \/>\n\t<meta name=\"twitter:data1\" content=\"3 minuti\" \/>\n<script type=\"application\/ld+json\" class=\"yoast-schema-graph\">{\"@context\":\"https:\\\/\\\/schema.org\",\"@graph\":[{\"@type\":\"WebPage\",\"@id\":\"https:\\\/\\\/repliquemangacine.fr\\\/elden-ring\\\/espadon-de-chevalier-banni-elden-ring\\\/\",\"url\":\"https:\\\/\\\/repliquemangacine.fr\\\/elden-ring\\\/espadon-de-chevalier-banni-elden-ring\\\/\",\"name\":\"Espadon de Chevalier Banni - Elden Ring - R\u00e9plique Manga Cin\u00e9\",\"isPartOf\":{\"@id\":\"https:\\\/\\\/repliquemangacine.fr\\\/#website\"},\"primaryImageOfPage\":{\"@id\":\"https:\\\/\\\/repliquemangacine.fr\\\/elden-ring\\\/espadon-de-chevalier-banni-elden-ring\\\/#primaryimage\"},\"image\":{\"@id\":\"https:\\\/\\\/repliquemangacine.fr\\\/elden-ring\\\/espadon-de-chevalier-banni-elden-ring\\\/#primaryimage\"},\"thumbnailUrl\":\"https:\\\/\\\/repliquemangacine.fr\\\/wp-content\\\/uploads\\\/2026\\\/02\\\/Espadon-du-Chevalier-Banni-Elden-Ring.jpg\",\"datePublished\":\"2026-02-24T18:12:50+00:00\",\"dateModified\":\"2026-04-05T09:17:06+00:00\",\"description\":\"Espadon du Chevalier Banni inspir\u00e9 d\u2019Elden Ring. Lame en 440 stainless steel avec double gorge, r\u00e9plique tout m\u00e9tal livr\u00e9e avec fourreau en similicuir.\",\"breadcrumb\":{\"@id\":\"https:\\\/\\\/repliquemangacine.fr\\\/elden-ring\\\/espadon-de-chevalier-banni-elden-ring\\\/#breadcrumb\"},\"inLanguage\":\"it-IT\",\"potentialAction\":[{\"@type\":\"ReadAction\",\"target\":[\"https:\\\/\\\/repliquemangacine.fr\\\/elden-ring\\\/espadon-de-chevalier-banni-elden-ring\\\/\"]}]},{\"@type\":\"ImageObject\",\"inLanguage\":\"it-IT\",\"@id\":\"https:\\\/\\\/repliquemangacine.fr\\\/elden-ring\\\/espadon-de-chevalier-banni-elden-ring\\\/#primaryimage\",\"url\":\"https:\\\/\\\/repliquemangacine.fr\\\/wp-content\\\/uploads\\\/2026\\\/02\\\/Espadon-du-Chevalier-Banni-Elden-Ring.jpg\",\"contentUrl\":\"https:\\\/\\\/repliquemangacine.fr\\\/wp-content\\\/uploads\\\/2026\\\/02\\\/Espadon-du-Chevalier-Banni-Elden-Ring.jpg\",\"width\":1000,\"height\":1000,\"caption\":\"Espadon de Chevalier Banni - Elden Ring\"},{\"@type\":\"BreadcrumbList\",\"@id\":\"https:\\\/\\\/repliquemangacine.fr\\\/elden-ring\\\/espadon-de-chevalier-banni-elden-ring\\\/#breadcrumb\",\"itemListElement\":[{\"@type\":\"ListItem\",\"position\":1,\"name\":\"Accueil\",\"item\":\"https:\\\/\\\/repliquemangacine.fr\\\/\"},{\"@type\":\"ListItem\",\"position\":2,\"name\":\"Produits\",\"item\":\"https:\\\/\\\/repliquemangacine.fr\\\/boutique\\\/\"},{\"@type\":\"ListItem\",\"position\":3,\"name\":\"Espadon de Chevalier Banni &#8211; Elden Ring\"}]},{\"@type\":\"WebSite\",\"@id\":\"https:\\\/\\\/repliquemangacine.fr\\\/#website\",\"url\":\"https:\\\/\\\/repliquemangacine.fr\\\/\",\"name\":\"R\u00e9plique Manga Cin\u00e9\",\"description\":\"\",\"publisher\":{\"@id\":\"https:\\\/\\\/repliquemangacine.fr\\\/#organization\"},\"potentialAction\":[{\"@type\":\"SearchAction\",\"target\":{\"@type\":\"EntryPoint\",\"urlTemplate\":\"https:\\\/\\\/repliquemangacine.fr\\\/?s={search_term_string}\"},\"query-input\":{\"@type\":\"PropertyValueSpecification\",\"valueRequired\":true,\"valueName\":\"search_term_string\"}}],\"inLanguage\":\"it-IT\"},{\"@type\":\"Organization\",\"@id\":\"https:\\\/\\\/repliquemangacine.fr\\\/#organization\",\"name\":\"R\u00e9plique Manga Cin\u00e9\",\"url\":\"https:\\\/\\\/repliquemangacine.fr\\\/\",\"logo\":{\"@type\":\"ImageObject\",\"inLanguage\":\"it-IT\",\"@id\":\"https:\\\/\\\/repliquemangacine.fr\\\/#\\\/schema\\\/logo\\\/image\\\/\",\"url\":\"https:\\\/\\\/repliquemangacine.fr\\\/wp-content\\\/uploads\\\/2023\\\/10\\\/RMC-500250.png\",\"contentUrl\":\"https:\\\/\\\/repliquemangacine.fr\\\/wp-content\\\/uploads\\\/2023\\\/10\\\/RMC-500250.png\",\"width\":500,\"height\":250,\"caption\":\"R\u00e9plique Manga Cin\u00e9\"},\"image\":{\"@id\":\"https:\\\/\\\/repliquemangacine.fr\\\/#\\\/schema\\\/logo\\\/image\\\/\"},\"sameAs\":[\"https:\\\/\\\/www.facebook.com\\\/RepliqueMangaCine\",\"https:\\\/\\\/www.instagram.com\\\/repliquemangacine.fr\\\/\"]}]}<\/script>\n<!-- \/ Yoast SEO plugin. -->","yoast_head_json":{"title":"Cavaliere bandito Pesce Spada - Anello di Elden - R\u00e9plique Manga Cin\u00e9","description":"Pesce spada del Cavaliere bandito ispirato all'Anello di Elden. Lama in acciaio inox 440 con doppia gola, replica interamente in metallo fornita con fodero in similpelle.","robots":{"index":"index","follow":"follow","max-snippet":"max-snippet:-1","max-image-preview":"max-image-preview:large","max-video-preview":"max-video-preview:-1"},"canonical":"https:\/\/repliquemangacine.fr\/it\/anello-di-elden\/anello-elden-cavaliere-bandito-pesce-spada\/","og_locale":"it_IT","og_type":"article","og_title":"Espadon de Chevalier Banni - Elden Ring - R\u00e9plique Manga Cin\u00e9","og_description":"Espadon du Chevalier Banni inspir\u00e9 d\u2019Elden Ring. Lame en 440 stainless steel avec double gorge, r\u00e9plique tout m\u00e9tal livr\u00e9e avec fourreau en similicuir.","og_url":"https:\/\/repliquemangacine.fr\/it\/anello-di-elden\/anello-elden-cavaliere-bandito-pesce-spada\/","og_site_name":"R\u00e9plique Manga Cin\u00e9","article_publisher":"https:\/\/www.facebook.com\/RepliqueMangaCine","article_modified_time":"2026-04-05T09:17:06+00:00","og_image":[{"width":1000,"height":1000,"url":"https:\/\/repliquemangacine.fr\/wp-content\/uploads\/2026\/02\/Espadon-du-Chevalier-Banni-Elden-Ring.jpg","type":"image\/jpeg"}],"twitter_card":"summary_large_image","twitter_misc":{"Tempo di lettura stimato":"3 minuti"},"schema":{"@context":"https:\/\/schema.org","@graph":[{"@type":"WebPage","@id":"https:\/\/repliquemangacine.fr\/elden-ring\/espadon-de-chevalier-banni-elden-ring\/","url":"https:\/\/repliquemangacine.fr\/elden-ring\/espadon-de-chevalier-banni-elden-ring\/","name":"Cavaliere bandito Pesce Spada - Anello di Elden - R\u00e9plique Manga Cin\u00e9","isPartOf":{"@id":"https:\/\/repliquemangacine.fr\/#website"},"primaryImageOfPage":{"@id":"https:\/\/repliquemangacine.fr\/elden-ring\/espadon-de-chevalier-banni-elden-ring\/#primaryimage"},"image":{"@id":"https:\/\/repliquemangacine.fr\/elden-ring\/espadon-de-chevalier-banni-elden-ring\/#primaryimage"},"thumbnailUrl":"https:\/\/repliquemangacine.fr\/wp-content\/uploads\/2026\/02\/Espadon-du-Chevalier-Banni-Elden-Ring.jpg","datePublished":"2026-02-24T18:12:50+00:00","dateModified":"2026-04-05T09:17:06+00:00","description":"Pesce spada del Cavaliere bandito ispirato all'Anello di Elden. Lama in acciaio inox 440 con doppia gola, replica interamente in metallo fornita con fodero in similpelle.","breadcrumb":{"@id":"https:\/\/repliquemangacine.fr\/elden-ring\/espadon-de-chevalier-banni-elden-ring\/#breadcrumb"},"inLanguage":"it-IT","potentialAction":[{"@type":"ReadAction","target":["https:\/\/repliquemangacine.fr\/elden-ring\/espadon-de-chevalier-banni-elden-ring\/"]}]},{"@type":"ImageObject","inLanguage":"it-IT","@id":"https:\/\/repliquemangacine.fr\/elden-ring\/espadon-de-chevalier-banni-elden-ring\/#primaryimage","url":"https:\/\/repliquemangacine.fr\/wp-content\/uploads\/2026\/02\/Espadon-du-Chevalier-Banni-Elden-Ring.jpg","contentUrl":"https:\/\/repliquemangacine.fr\/wp-content\/uploads\/2026\/02\/Espadon-du-Chevalier-Banni-Elden-Ring.jpg","width":1000,"height":1000,"caption":"Espadon de Chevalier Banni - Elden Ring"},{"@type":"BreadcrumbList","@id":"https:\/\/repliquemangacine.fr\/elden-ring\/espadon-de-chevalier-banni-elden-ring\/#breadcrumb","itemListElement":[{"@type":"ListItem","position":1,"name":"Accueil","item":"https:\/\/repliquemangacine.fr\/"},{"@type":"ListItem","position":2,"name":"Produits","item":"https:\/\/repliquemangacine.fr\/boutique\/"},{"@type":"ListItem","position":3,"name":"Espadon de Chevalier Banni &#8211; Elden Ring"}]},{"@type":"WebSite","@id":"https:\/\/repliquemangacine.fr\/#website","url":"https:\/\/repliquemangacine.fr\/","name":"R\u00e9plique Manga Cin\u00e9","description":"","publisher":{"@id":"https:\/\/repliquemangacine.fr\/#organization"},"potentialAction":[{"@type":"SearchAction","target":{"@type":"EntryPoint","urlTemplate":"https:\/\/repliquemangacine.fr\/?s={search_term_string}"},"query-input":{"@type":"PropertyValueSpecification","valueRequired":true,"valueName":"search_term_string"}}],"inLanguage":"it-IT"},{"@type":"Organization","@id":"https:\/\/repliquemangacine.fr\/#organization","name":"R\u00e9plique Manga Cin\u00e9","url":"https:\/\/repliquemangacine.fr\/","logo":{"@type":"ImageObject","inLanguage":"it-IT","@id":"https:\/\/repliquemangacine.fr\/#\/schema\/logo\/image\/","url":"https:\/\/repliquemangacine.fr\/wp-content\/uploads\/2023\/10\/RMC-500250.png","contentUrl":"https:\/\/repliquemangacine.fr\/wp-content\/uploads\/2023\/10\/RMC-500250.png","width":500,"height":250,"caption":"R\u00e9plique Manga Cin\u00e9"},"image":{"@id":"https:\/\/repliquemangacine.fr\/#\/schema\/logo\/image\/"},"sameAs":["https:\/\/www.facebook.com\/RepliqueMangaCine","https:\/\/www.instagram.com\/repliquemangacine.fr\/"]}]}},"_links":{"self":[{"href":"https:\/\/repliquemangacine.fr\/it\/wp-json\/wp\/v2\/product\/95548","targetHints":{"allow":["GET"]}}],"collection":[{"href":"https:\/\/repliquemangacine.fr\/it\/wp-json\/wp\/v2\/product"}],"about":[{"href":"https:\/\/repliquemangacine.fr\/it\/wp-json\/wp\/v2\/types\/product"}],"wp:featuredmedia":[{"embeddable":true,"href":"https:\/\/repliquemangacine.fr\/it\/wp-json\/wp\/v2\/media\/95549"}],"wp:attachment":[{"href":"https:\/\/repliquemangacine.fr\/it\/wp-json\/wp\/v2\/media?parent=95548"}],"wp:term":[{"taxonomy":"product_brand","embeddable":true,"href":"https:\/\/repliquemangacine.fr\/it\/wp-json\/wp\/v2\/product_brand?post=95548"},{"taxonomy":"product_cat","embeddable":true,"href":"https:\/\/repliquemangacine.fr\/it\/wp-json\/wp\/v2\/product_cat?post=95548"},{"taxonomy":"product_tag","embeddable":true,"href":"https:\/\/repliquemangacine.fr\/it\/wp-json\/wp\/v2\/product_tag?post=95548"}],"curies":[{"name":"wp","href":"https:\/\/api.w.org\/{rel}","templated":true}]}}