





{"id":95362,"date":"2026-02-17T11:44:13","date_gmt":"2026-02-17T10:44:13","guid":{"rendered":"https:\/\/repliquemangacine.fr\/?post_type=product&#038;p=95362"},"modified":"2026-04-15T12:20:53","modified_gmt":"2026-04-15T10:20:53","slug":"spada-dachille-a-troia","status":"publish","type":"product","link":"https:\/\/repliquemangacine.fr\/it\/epees-glaives-antique\/epee-dachille-dans-troie\/","title":{"rendered":"La spada di Achille a Troia"},"content":{"rendered":"<h2>La spada di Achille - Replica ispirata al film Troy<\/h2>\n<p>Immergetevi nel cuore del mito con questa replica della spada di Achille del film Troy. La lama d'acciaio incute rispetto fin dal momento in cui la si prende in mano. La sua silhouette \u00e8 sobria, reattiva e perfettamente bilanciata dal punto di vista visivo. Evoca la potenza e la precisione di un guerriero nato per combattere. La finitura dell'acciaio cattura la luce e mette in risalto ogni linea. Inoltre, il design \u00e8 fedele al film e ne aumenta l'impatto in vetrina. Questa spada non \u00e8 un semplice oggetto decorativo. Al contrario, incarna un frammento di epopea. Che siate collezionisti esigenti o appassionati di cinema antico, questo pezzo diventer\u00e0 rapidamente un punto focale della vostra collezione. Infine, il suo fascino senza tempo si adatta perfettamente a un ambiente moderno o medievale.<\/p>\n<h2>Achille, il mitico guerriero interpretato da Brad Pitt<\/h2>\n<p>In Troy, Brad Pitt presta le sue fattezze ad Achille, semidio e macchina da guerra. Il suo personaggio affascina per la sua velocit\u00e0, la sua furia e il suo senso dell'onore. Questa spada simboleggia quindi molto pi\u00f9 di un'arma. Rappresenta la ricerca della gloria e l'ossessione di lasciare un segno immortale. Ogni scena di duello rafforza la sua aura leggendaria. Possedere questa replica significa quindi catturare un momento epico del cinema. Evoca gli scontri con Ettore e le battaglie sotto le mura di Troia. Inoltre, Achille non \u00e8 solo un combattente. \u00c8 un mito della guerra di <a href=\"https:\/\/fr.wikipedia.org\/wiki\/Guerre_de_Troie\" target=\"_blank\" rel=\"noopener noreferrer\">Guerra di Troia<\/a>. La spada diventa cos\u00ec un potente simbolo culturale, all'incrocio tra la storia, il mito e il grande schermo.<\/p>\n<h2>Perch\u00e9 scegliere un'arma antica in acciaio?<\/h2>\n<p>Soprattutto la scelta del materiale fa la differenza. Una lama in acciaio offre un aspetto autentico e una presenza incomparabile. A differenza delle versioni in resina, aggiunge peso visivo e una sensazione realistica. Quindi, per i collezionisti, l'acciaio rimane il punto di riferimento. D'altra parte, per i cosplay leggeri, altri materiali possono essere adatti. Tuttavia, per un pezzo da esposizione durevole, l'acciaio \u00e8 la scelta pi\u00f9 ovvia. Inoltre, questa replica \u00e8 l'aggiunta perfetta a una collezione dedicata agli eroi antichi o ai grandi affreschi storici. Si pu\u00f2, ad esempio, combinare con le nostre altre repliche del mondo del cinema antico, come il <a href=\"https:\/\/repliquemangacine.fr\/it\/spade-katana-da-film-e-serie\/spada-di-leonida-dal-film-301\/\">spada di Leonida<\/a> nel film 300. Infine, per arricchire la vostra collezione, il film <a href=\"https:\/\/repliquemangacine.fr\/it\/spade-katana-da-film-e-serie\/elmo-da-gladiatore-maximus-con-spuntoni\/\">Casco Maximus<\/a> nel film Il Gladiatore sar\u00e0 perfetto.<\/p>","protected":false},"excerpt":{"rendered":"<p>Incarna il potere di Achille e aggiungi la leggenda di Troia alla tua collezione.<\/p>\n<ul>\n<li>Lama incisa in acciaio inox 440<\/li>\n<li>Maniglia in metallo nero<\/li>\n<li>Fornito con una staffa a parete decorata<\/li>\n<li>Lunghezza lama: 63 cm - Lunghezza totale: 80,5 cm<\/li>\n<li>Peso: 900 g<\/li>\n<\/ul>\n<p><strong>Vendita vietata ai minori<\/strong><\/p>\n<p>&nbsp;<\/p>","protected":false},"featured_media":95363,"template":"","meta":[],"product_brand":[],"product_cat":[25,66,73,24],"product_tag":[],"class_list":{"0":"post-95362","1":"product","2":"type-product","3":"status-publish","4":"has-post-thumbnail","6":"product_cat-armes-historiques","7":"product_cat-repliques-d-armes-films-et-series","8":"product_cat-epees-glaives-antique","9":"product_cat-films-series-tv-vente-de-katana-epee-et-produits-derives","11":"first","12":"instock","13":"taxable","14":"shipping-taxable","15":"purchasable","16":"product-type-simple"},"yoast_head":"<!-- This site is optimized with the Yoast SEO plugin v27.5 - https:\/\/yoast.com\/product\/yoast-seo-wordpress\/ -->\n<title>\u00c9p\u00e9e d\u2019Achille dans Troie - R\u00e9plique Manga Cin\u00e9<\/title>\n<meta name=\"description\" content=\"D\u00e9couvrez la r\u00e9plique de l\u2019\u00e9p\u00e9e d\u2019Achille du film Troie avec lame en acier. Une pi\u00e8ce mythique inspir\u00e9e de Brad Pitt pour collection et d\u00e9coration \u00e9pique.\" \/>\n<meta name=\"robots\" content=\"index, follow, max-snippet:-1, max-image-preview:large, max-video-preview:-1\" \/>\n<link rel=\"canonical\" href=\"https:\/\/repliquemangacine.fr\/it\/spade-antiche\/spada-dachille-a-troia\/\" \/>\n<meta property=\"og:locale\" content=\"it_IT\" \/>\n<meta property=\"og:type\" content=\"article\" \/>\n<meta property=\"og:title\" content=\"\u00c9p\u00e9e d\u2019Achille dans Troie - R\u00e9plique Manga Cin\u00e9\" \/>\n<meta property=\"og:description\" content=\"D\u00e9couvrez la r\u00e9plique de l\u2019\u00e9p\u00e9e d\u2019Achille du film Troie avec lame en acier. Une pi\u00e8ce mythique inspir\u00e9e de Brad Pitt pour collection et d\u00e9coration \u00e9pique.\" \/>\n<meta property=\"og:url\" content=\"https:\/\/repliquemangacine.fr\/it\/spade-antiche\/spada-dachille-a-troia\/\" \/>\n<meta property=\"og:site_name\" content=\"R\u00e9plique Manga Cin\u00e9\" \/>\n<meta property=\"article:publisher\" content=\"https:\/\/www.facebook.com\/RepliqueMangaCine\" \/>\n<meta property=\"article:modified_time\" content=\"2026-04-15T10:20:53+00:00\" \/>\n<meta property=\"og:image\" content=\"https:\/\/repliquemangacine.fr\/wp-content\/uploads\/2026\/02\/epee-dachille-dans-le-film-Troie.jpg\" \/>\n\t<meta property=\"og:image:width\" content=\"800\" \/>\n\t<meta property=\"og:image:height\" content=\"800\" \/>\n\t<meta property=\"og:image:type\" content=\"image\/jpeg\" \/>\n<meta name=\"twitter:card\" content=\"summary_large_image\" \/>\n<meta name=\"twitter:label1\" content=\"Tempo di lettura stimato\" \/>\n\t<meta name=\"twitter:data1\" content=\"3 minuti\" \/>\n<script type=\"application\/ld+json\" class=\"yoast-schema-graph\">{\"@context\":\"https:\\\/\\\/schema.org\",\"@graph\":[{\"@type\":\"WebPage\",\"@id\":\"https:\\\/\\\/repliquemangacine.fr\\\/epees-glaives-antique\\\/epee-dachille-dans-troie\\\/\",\"url\":\"https:\\\/\\\/repliquemangacine.fr\\\/epees-glaives-antique\\\/epee-dachille-dans-troie\\\/\",\"name\":\"\u00c9p\u00e9e d\u2019Achille dans Troie - R\u00e9plique Manga Cin\u00e9\",\"isPartOf\":{\"@id\":\"https:\\\/\\\/repliquemangacine.fr\\\/#website\"},\"primaryImageOfPage\":{\"@id\":\"https:\\\/\\\/repliquemangacine.fr\\\/epees-glaives-antique\\\/epee-dachille-dans-troie\\\/#primaryimage\"},\"image\":{\"@id\":\"https:\\\/\\\/repliquemangacine.fr\\\/epees-glaives-antique\\\/epee-dachille-dans-troie\\\/#primaryimage\"},\"thumbnailUrl\":\"https:\\\/\\\/repliquemangacine.fr\\\/wp-content\\\/uploads\\\/2026\\\/02\\\/epee-dachille-dans-le-film-Troie.jpg\",\"datePublished\":\"2026-02-17T10:44:13+00:00\",\"dateModified\":\"2026-04-15T10:20:53+00:00\",\"description\":\"D\u00e9couvrez la r\u00e9plique de l\u2019\u00e9p\u00e9e d\u2019Achille du film Troie avec lame en acier. Une pi\u00e8ce mythique inspir\u00e9e de Brad Pitt pour collection et d\u00e9coration \u00e9pique.\",\"breadcrumb\":{\"@id\":\"https:\\\/\\\/repliquemangacine.fr\\\/epees-glaives-antique\\\/epee-dachille-dans-troie\\\/#breadcrumb\"},\"inLanguage\":\"it-IT\",\"potentialAction\":[{\"@type\":\"ReadAction\",\"target\":[\"https:\\\/\\\/repliquemangacine.fr\\\/epees-glaives-antique\\\/epee-dachille-dans-troie\\\/\"]}]},{\"@type\":\"ImageObject\",\"inLanguage\":\"it-IT\",\"@id\":\"https:\\\/\\\/repliquemangacine.fr\\\/epees-glaives-antique\\\/epee-dachille-dans-troie\\\/#primaryimage\",\"url\":\"https:\\\/\\\/repliquemangacine.fr\\\/wp-content\\\/uploads\\\/2026\\\/02\\\/epee-dachille-dans-le-film-Troie.jpg\",\"contentUrl\":\"https:\\\/\\\/repliquemangacine.fr\\\/wp-content\\\/uploads\\\/2026\\\/02\\\/epee-dachille-dans-le-film-Troie.jpg\",\"width\":800,\"height\":800,\"caption\":\"\u00e9p\u00e9e d'achille dans le film Troie\"},{\"@type\":\"BreadcrumbList\",\"@id\":\"https:\\\/\\\/repliquemangacine.fr\\\/epees-glaives-antique\\\/epee-dachille-dans-troie\\\/#breadcrumb\",\"itemListElement\":[{\"@type\":\"ListItem\",\"position\":1,\"name\":\"Accueil\",\"item\":\"https:\\\/\\\/repliquemangacine.fr\\\/\"},{\"@type\":\"ListItem\",\"position\":2,\"name\":\"Produits\",\"item\":\"https:\\\/\\\/repliquemangacine.fr\\\/boutique\\\/\"},{\"@type\":\"ListItem\",\"position\":3,\"name\":\"\u00c9p\u00e9e d\u2019Achille dans Troie\"}]},{\"@type\":\"WebSite\",\"@id\":\"https:\\\/\\\/repliquemangacine.fr\\\/#website\",\"url\":\"https:\\\/\\\/repliquemangacine.fr\\\/\",\"name\":\"R\u00e9plique Manga Cin\u00e9\",\"description\":\"\",\"publisher\":{\"@id\":\"https:\\\/\\\/repliquemangacine.fr\\\/#organization\"},\"potentialAction\":[{\"@type\":\"SearchAction\",\"target\":{\"@type\":\"EntryPoint\",\"urlTemplate\":\"https:\\\/\\\/repliquemangacine.fr\\\/?s={search_term_string}\"},\"query-input\":{\"@type\":\"PropertyValueSpecification\",\"valueRequired\":true,\"valueName\":\"search_term_string\"}}],\"inLanguage\":\"it-IT\"},{\"@type\":\"Organization\",\"@id\":\"https:\\\/\\\/repliquemangacine.fr\\\/#organization\",\"name\":\"R\u00e9plique Manga Cin\u00e9\",\"url\":\"https:\\\/\\\/repliquemangacine.fr\\\/\",\"logo\":{\"@type\":\"ImageObject\",\"inLanguage\":\"it-IT\",\"@id\":\"https:\\\/\\\/repliquemangacine.fr\\\/#\\\/schema\\\/logo\\\/image\\\/\",\"url\":\"https:\\\/\\\/repliquemangacine.fr\\\/wp-content\\\/uploads\\\/2023\\\/10\\\/RMC-500250.png\",\"contentUrl\":\"https:\\\/\\\/repliquemangacine.fr\\\/wp-content\\\/uploads\\\/2023\\\/10\\\/RMC-500250.png\",\"width\":500,\"height\":250,\"caption\":\"R\u00e9plique Manga Cin\u00e9\"},\"image\":{\"@id\":\"https:\\\/\\\/repliquemangacine.fr\\\/#\\\/schema\\\/logo\\\/image\\\/\"},\"sameAs\":[\"https:\\\/\\\/www.facebook.com\\\/RepliqueMangaCine\",\"https:\\\/\\\/www.instagram.com\\\/repliquemangacine.fr\\\/\"]}]}<\/script>\n<!-- \/ Yoast SEO plugin. -->","yoast_head_json":{"title":"La spada di Achille a Troia - R\u00e9plique Manga Cin\u00e9","description":"Scoprite la replica della spada di Achille del film Troy con lama in acciaio. Un pezzo mitico ispirato a Brad Pitt per collezioni e decorazioni epiche.","robots":{"index":"index","follow":"follow","max-snippet":"max-snippet:-1","max-image-preview":"max-image-preview:large","max-video-preview":"max-video-preview:-1"},"canonical":"https:\/\/repliquemangacine.fr\/it\/spade-antiche\/spada-dachille-a-troia\/","og_locale":"it_IT","og_type":"article","og_title":"\u00c9p\u00e9e d\u2019Achille dans Troie - R\u00e9plique Manga Cin\u00e9","og_description":"D\u00e9couvrez la r\u00e9plique de l\u2019\u00e9p\u00e9e d\u2019Achille du film Troie avec lame en acier. Une pi\u00e8ce mythique inspir\u00e9e de Brad Pitt pour collection et d\u00e9coration \u00e9pique.","og_url":"https:\/\/repliquemangacine.fr\/it\/spade-antiche\/spada-dachille-a-troia\/","og_site_name":"R\u00e9plique Manga Cin\u00e9","article_publisher":"https:\/\/www.facebook.com\/RepliqueMangaCine","article_modified_time":"2026-04-15T10:20:53+00:00","og_image":[{"width":800,"height":800,"url":"https:\/\/repliquemangacine.fr\/wp-content\/uploads\/2026\/02\/epee-dachille-dans-le-film-Troie.jpg","type":"image\/jpeg"}],"twitter_card":"summary_large_image","twitter_misc":{"Tempo di lettura stimato":"3 minuti"},"schema":{"@context":"https:\/\/schema.org","@graph":[{"@type":"WebPage","@id":"https:\/\/repliquemangacine.fr\/epees-glaives-antique\/epee-dachille-dans-troie\/","url":"https:\/\/repliquemangacine.fr\/epees-glaives-antique\/epee-dachille-dans-troie\/","name":"La spada di Achille a Troia - R\u00e9plique Manga Cin\u00e9","isPartOf":{"@id":"https:\/\/repliquemangacine.fr\/#website"},"primaryImageOfPage":{"@id":"https:\/\/repliquemangacine.fr\/epees-glaives-antique\/epee-dachille-dans-troie\/#primaryimage"},"image":{"@id":"https:\/\/repliquemangacine.fr\/epees-glaives-antique\/epee-dachille-dans-troie\/#primaryimage"},"thumbnailUrl":"https:\/\/repliquemangacine.fr\/wp-content\/uploads\/2026\/02\/epee-dachille-dans-le-film-Troie.jpg","datePublished":"2026-02-17T10:44:13+00:00","dateModified":"2026-04-15T10:20:53+00:00","description":"Scoprite la replica della spada di Achille del film Troy con lama in acciaio. Un pezzo mitico ispirato a Brad Pitt per collezioni e decorazioni epiche.","breadcrumb":{"@id":"https:\/\/repliquemangacine.fr\/epees-glaives-antique\/epee-dachille-dans-troie\/#breadcrumb"},"inLanguage":"it-IT","potentialAction":[{"@type":"ReadAction","target":["https:\/\/repliquemangacine.fr\/epees-glaives-antique\/epee-dachille-dans-troie\/"]}]},{"@type":"ImageObject","inLanguage":"it-IT","@id":"https:\/\/repliquemangacine.fr\/epees-glaives-antique\/epee-dachille-dans-troie\/#primaryimage","url":"https:\/\/repliquemangacine.fr\/wp-content\/uploads\/2026\/02\/epee-dachille-dans-le-film-Troie.jpg","contentUrl":"https:\/\/repliquemangacine.fr\/wp-content\/uploads\/2026\/02\/epee-dachille-dans-le-film-Troie.jpg","width":800,"height":800,"caption":"\u00e9p\u00e9e d'achille dans le film Troie"},{"@type":"BreadcrumbList","@id":"https:\/\/repliquemangacine.fr\/epees-glaives-antique\/epee-dachille-dans-troie\/#breadcrumb","itemListElement":[{"@type":"ListItem","position":1,"name":"Accueil","item":"https:\/\/repliquemangacine.fr\/"},{"@type":"ListItem","position":2,"name":"Produits","item":"https:\/\/repliquemangacine.fr\/boutique\/"},{"@type":"ListItem","position":3,"name":"\u00c9p\u00e9e d\u2019Achille dans Troie"}]},{"@type":"WebSite","@id":"https:\/\/repliquemangacine.fr\/#website","url":"https:\/\/repliquemangacine.fr\/","name":"R\u00e9plique Manga Cin\u00e9","description":"","publisher":{"@id":"https:\/\/repliquemangacine.fr\/#organization"},"potentialAction":[{"@type":"SearchAction","target":{"@type":"EntryPoint","urlTemplate":"https:\/\/repliquemangacine.fr\/?s={search_term_string}"},"query-input":{"@type":"PropertyValueSpecification","valueRequired":true,"valueName":"search_term_string"}}],"inLanguage":"it-IT"},{"@type":"Organization","@id":"https:\/\/repliquemangacine.fr\/#organization","name":"R\u00e9plique Manga Cin\u00e9","url":"https:\/\/repliquemangacine.fr\/","logo":{"@type":"ImageObject","inLanguage":"it-IT","@id":"https:\/\/repliquemangacine.fr\/#\/schema\/logo\/image\/","url":"https:\/\/repliquemangacine.fr\/wp-content\/uploads\/2023\/10\/RMC-500250.png","contentUrl":"https:\/\/repliquemangacine.fr\/wp-content\/uploads\/2023\/10\/RMC-500250.png","width":500,"height":250,"caption":"R\u00e9plique Manga Cin\u00e9"},"image":{"@id":"https:\/\/repliquemangacine.fr\/#\/schema\/logo\/image\/"},"sameAs":["https:\/\/www.facebook.com\/RepliqueMangaCine","https:\/\/www.instagram.com\/repliquemangacine.fr\/"]}]}},"_links":{"self":[{"href":"https:\/\/repliquemangacine.fr\/it\/wp-json\/wp\/v2\/product\/95362","targetHints":{"allow":["GET"]}}],"collection":[{"href":"https:\/\/repliquemangacine.fr\/it\/wp-json\/wp\/v2\/product"}],"about":[{"href":"https:\/\/repliquemangacine.fr\/it\/wp-json\/wp\/v2\/types\/product"}],"wp:featuredmedia":[{"embeddable":true,"href":"https:\/\/repliquemangacine.fr\/it\/wp-json\/wp\/v2\/media\/95363"}],"wp:attachment":[{"href":"https:\/\/repliquemangacine.fr\/it\/wp-json\/wp\/v2\/media?parent=95362"}],"wp:term":[{"taxonomy":"product_brand","embeddable":true,"href":"https:\/\/repliquemangacine.fr\/it\/wp-json\/wp\/v2\/product_brand?post=95362"},{"taxonomy":"product_cat","embeddable":true,"href":"https:\/\/repliquemangacine.fr\/it\/wp-json\/wp\/v2\/product_cat?post=95362"},{"taxonomy":"product_tag","embeddable":true,"href":"https:\/\/repliquemangacine.fr\/it\/wp-json\/wp\/v2\/product_tag?post=95362"}],"curies":[{"name":"wp","href":"https:\/\/api.w.org\/{rel}","templated":true}]}}