





{"id":95250,"date":"2026-02-24T14:16:55","date_gmt":"2026-02-24T13:16:55","guid":{"rendered":"https:\/\/repliquemangacine.fr\/?post_type=product&#038;p=95250"},"modified":"2026-02-24T14:16:55","modified_gmt":"2026-02-24T13:16:55","slug":"asso-di-picche-destino-2-pistola","status":"publish","type":"product","link":"https:\/\/repliquemangacine.fr\/it\/katana-et-epee-de-jeux-video-autre-jeux-video\/pistolet-ace-of-spades-destiny-2\/","title":{"rendered":"Pistola Asso di Picche - Destiny 2"},"content":{"rendered":"<h2>Il potere di un guardiano, versione da collezione<\/h2>\n<p>Ecco una replica della leggendaria pistola Asso di picche, ispirata alla serie Destiny 2.<br \/>\nUn orologio iconico, immediatamente riconoscibile per le sue linee massicce e l'imponente bariletto.<\/p>\n<p>Realizzato in resina di alta qualit\u00e0, offre una resa visiva fedele e meticolosa.<br \/>\nLa lunghezza di 430 mm incute rispetto.<br \/>\nCon un peso di soli 1110 g, \u00e8 facile da tenere in mano.<\/p>\n<p>Viene inoltre fornito con un supporto da tavolo.<br \/>\nCos\u00ec potrete esporlo con orgoglio nella vostra collezione.<br \/>\nNaturalmente, si tratta di un modello non funzionale e puramente decorativo.<\/p>\n<p>Tuttavia, il suo impatto visivo rimane totale.<br \/>\nTrasforma istantaneamente un ufficio, una vetrina o una sala giochi.<\/p>\n<h2>La pistola Asso di Picche, la mitica arma di Cayde-6<\/h2>\n<p>In primo luogo, nel mondo di <a href=\"https:\/\/www.bungie.net\/7\/fr\/Destiny\" target=\"_blank\" rel=\"noopener noreferrer\">Destino 2<\/a>, L'Asso di picche \u00e8 inseparabile dal Cayde-6.<br \/>\nUn Exo carismatico, sarcastico e temibile.<\/p>\n<p>Questo cannone a mano simboleggia l'audacia e la libert\u00e0.<br \/>\nQuest'arma incarna lo spirito dei Cacciatori.<br \/>\nOgni dettaglio di questa replica ricorda l'arma originale del gioco.<\/p>\n<p>Possedere l'Asso di picche non significa solo esibire un'arma.<br \/>\n\u00c8 un pezzo di storia del videogioco.<br \/>\n\u00c8 un'affermazione di appartenenza alla comunit\u00e0 dei Guardiani.<\/p>\n<p>E se siete appassionati di armi di culto della cultura pop, date un'occhiata al nostro <a href=\"https:\/\/repliquemangacine.fr\/it\/film-e-serie-di-repliche-di-armi\/pistola-blaster-dl-44-han-solo-star-wars\/\">Il blaster DL-44 di Han Solo - Star Wars<\/a><\/p>\n<p>E per arricchire la vostra collezione di giochi, date un'occhiata al nostro <a href=\"https:\/\/repliquemangacine.fr\/it\/film-serie-tv-vendita-di-spade-katana-e-prodotti-correlati\/\">Replica di armi da film e serie TV<\/a><\/p>\n<h2>Resina o metallo? Collezione o cosplay?<\/h2>\n<p>Scegliere una replica in resina significa concentrarsi sui dettagli e sulla sicurezza.<br \/>\nLa resina offre una finitura precisa e un peso controllato.<br \/>\nIn questo modo, l'oggetto rimane ideale per essere esposto.<\/p>\n<p>Questa versione ornamentale \u00e8 perfetta per i collezionisti.<br \/>\nOffre quindi una resa fedele senza complessi vincoli legali.<br \/>\nPu\u00f2 essere facilmente integrato in una vetrina dedicata alle licenze di gioco.<\/p>\n<p>Per una cosplayer, completa con coerenza un abito da cacciatore.<br \/>\nRafforza immediatamente la credibilit\u00e0 del personaggio.<\/p>\n<p>In breve, l'Asso di Picche non \u00e8 solo un accessorio.<br \/>\nIn conclusione, \u00e8 un simbolo.<\/p>\n<p>E in una collezione ispirata al mondo della fantascienza, diventa un elemento centrale.<\/p>","protected":false},"excerpt":{"rendered":"<p>Svelate la leggenda dei Guardiani con l'Asso di Picche, l'arma cult di Destiny 2.<\/p>\n<p><strong>Caratteristiche principali<\/strong><\/p>\n<ul>\n<li>Replica ispirata all'Asso di Picche - Destiny 2<\/li>\n<li>Costruzione in resina<\/li>\n<li>Lunghezza: 430 mm<\/li>\n<li>Peso: 1110 g<\/li>\n<li>Supporto da tavolo incluso<\/li>\n<li>Modello non funzionale - solo uso decorativo<\/li>\n<\/ul>","protected":false},"featured_media":95254,"template":"","meta":[],"product_brand":[],"product_cat":[107,67],"product_tag":[],"class_list":{"0":"post-95250","1":"product","2":"type-product","3":"status-publish","4":"has-post-thumbnail","6":"product_cat-nouveautes","7":"product_cat-katana-et-epee-de-jeux-video-autre-jeux-video","9":"first","10":"instock","11":"taxable","12":"shipping-taxable","13":"purchasable","14":"product-type-simple"},"yoast_head":"<!-- This site is optimized with the Yoast SEO plugin v27.5 - https:\/\/yoast.com\/product\/yoast-seo-wordpress\/ -->\n<title>Pistolet Ace of Spades - Destiny 2 - R\u00e9plique Manga Cin\u00e9<\/title>\n<meta name=\"description\" content=\"R\u00e9plique du pistolet Ace of Spades inspir\u00e9 de Destiny 2. Construction en r\u00e9sine, 430 mm, support inclus. Id\u00e9al collection et d\u00e9co gaming.\" \/>\n<meta name=\"robots\" content=\"index, follow, max-snippet:-1, max-image-preview:large, max-video-preview:-1\" \/>\n<link rel=\"canonical\" href=\"https:\/\/repliquemangacine.fr\/it\/katana-e-spada-videogiochi-altri-videogiochi\/asso-di-picche-destino-2-pistola\/\" \/>\n<meta property=\"og:locale\" content=\"it_IT\" \/>\n<meta property=\"og:type\" content=\"article\" \/>\n<meta property=\"og:title\" content=\"Pistolet Ace of Spades - Destiny 2 - R\u00e9plique Manga Cin\u00e9\" \/>\n<meta property=\"og:description\" content=\"R\u00e9plique du pistolet Ace of Spades inspir\u00e9 de Destiny 2. Construction en r\u00e9sine, 430 mm, support inclus. Id\u00e9al collection et d\u00e9co gaming.\" \/>\n<meta property=\"og:url\" content=\"https:\/\/repliquemangacine.fr\/it\/katana-e-spada-videogiochi-altri-videogiochi\/asso-di-picche-destino-2-pistola\/\" \/>\n<meta property=\"og:site_name\" content=\"R\u00e9plique Manga Cin\u00e9\" \/>\n<meta property=\"article:publisher\" content=\"https:\/\/www.facebook.com\/RepliqueMangaCine\" \/>\n<meta property=\"og:image\" content=\"https:\/\/repliquemangacine.fr\/wp-content\/uploads\/2026\/02\/pistolet-Ace-of-Spades-sur-son-support.jpg\" \/>\n\t<meta property=\"og:image:width\" content=\"800\" \/>\n\t<meta property=\"og:image:height\" content=\"800\" \/>\n\t<meta property=\"og:image:type\" content=\"image\/jpeg\" \/>\n<meta name=\"twitter:card\" content=\"summary_large_image\" \/>\n<meta name=\"twitter:label1\" content=\"Tempo di lettura stimato\" \/>\n\t<meta name=\"twitter:data1\" content=\"2 minuti\" \/>\n<script type=\"application\/ld+json\" class=\"yoast-schema-graph\">{\"@context\":\"https:\\\/\\\/schema.org\",\"@graph\":[{\"@type\":\"WebPage\",\"@id\":\"https:\\\/\\\/repliquemangacine.fr\\\/katana-et-epee-de-jeux-video-autre-jeux-video\\\/pistolet-ace-of-spades-destiny-2\\\/\",\"url\":\"https:\\\/\\\/repliquemangacine.fr\\\/katana-et-epee-de-jeux-video-autre-jeux-video\\\/pistolet-ace-of-spades-destiny-2\\\/\",\"name\":\"Pistolet Ace of Spades - Destiny 2 - R\u00e9plique Manga Cin\u00e9\",\"isPartOf\":{\"@id\":\"https:\\\/\\\/repliquemangacine.fr\\\/#website\"},\"primaryImageOfPage\":{\"@id\":\"https:\\\/\\\/repliquemangacine.fr\\\/katana-et-epee-de-jeux-video-autre-jeux-video\\\/pistolet-ace-of-spades-destiny-2\\\/#primaryimage\"},\"image\":{\"@id\":\"https:\\\/\\\/repliquemangacine.fr\\\/katana-et-epee-de-jeux-video-autre-jeux-video\\\/pistolet-ace-of-spades-destiny-2\\\/#primaryimage\"},\"thumbnailUrl\":\"https:\\\/\\\/repliquemangacine.fr\\\/wp-content\\\/uploads\\\/2026\\\/02\\\/pistolet-Ace-of-Spades-sur-son-support.jpg\",\"datePublished\":\"2026-02-24T13:16:55+00:00\",\"description\":\"R\u00e9plique du pistolet Ace of Spades inspir\u00e9 de Destiny 2. Construction en r\u00e9sine, 430 mm, support inclus. Id\u00e9al collection et d\u00e9co gaming.\",\"breadcrumb\":{\"@id\":\"https:\\\/\\\/repliquemangacine.fr\\\/katana-et-epee-de-jeux-video-autre-jeux-video\\\/pistolet-ace-of-spades-destiny-2\\\/#breadcrumb\"},\"inLanguage\":\"it-IT\",\"potentialAction\":[{\"@type\":\"ReadAction\",\"target\":[\"https:\\\/\\\/repliquemangacine.fr\\\/katana-et-epee-de-jeux-video-autre-jeux-video\\\/pistolet-ace-of-spades-destiny-2\\\/\"]}]},{\"@type\":\"ImageObject\",\"inLanguage\":\"it-IT\",\"@id\":\"https:\\\/\\\/repliquemangacine.fr\\\/katana-et-epee-de-jeux-video-autre-jeux-video\\\/pistolet-ace-of-spades-destiny-2\\\/#primaryimage\",\"url\":\"https:\\\/\\\/repliquemangacine.fr\\\/wp-content\\\/uploads\\\/2026\\\/02\\\/pistolet-Ace-of-Spades-sur-son-support.jpg\",\"contentUrl\":\"https:\\\/\\\/repliquemangacine.fr\\\/wp-content\\\/uploads\\\/2026\\\/02\\\/pistolet-Ace-of-Spades-sur-son-support.jpg\",\"width\":800,\"height\":800,\"caption\":\"pistolet Ace of Spades- Destiny 2 sur son support\"},{\"@type\":\"BreadcrumbList\",\"@id\":\"https:\\\/\\\/repliquemangacine.fr\\\/katana-et-epee-de-jeux-video-autre-jeux-video\\\/pistolet-ace-of-spades-destiny-2\\\/#breadcrumb\",\"itemListElement\":[{\"@type\":\"ListItem\",\"position\":1,\"name\":\"Accueil\",\"item\":\"https:\\\/\\\/repliquemangacine.fr\\\/\"},{\"@type\":\"ListItem\",\"position\":2,\"name\":\"Produits\",\"item\":\"https:\\\/\\\/repliquemangacine.fr\\\/boutique\\\/\"},{\"@type\":\"ListItem\",\"position\":3,\"name\":\"Pistolet Ace of Spades &#8211; Destiny 2\"}]},{\"@type\":\"WebSite\",\"@id\":\"https:\\\/\\\/repliquemangacine.fr\\\/#website\",\"url\":\"https:\\\/\\\/repliquemangacine.fr\\\/\",\"name\":\"R\u00e9plique Manga Cin\u00e9\",\"description\":\"\",\"publisher\":{\"@id\":\"https:\\\/\\\/repliquemangacine.fr\\\/#organization\"},\"potentialAction\":[{\"@type\":\"SearchAction\",\"target\":{\"@type\":\"EntryPoint\",\"urlTemplate\":\"https:\\\/\\\/repliquemangacine.fr\\\/?s={search_term_string}\"},\"query-input\":{\"@type\":\"PropertyValueSpecification\",\"valueRequired\":true,\"valueName\":\"search_term_string\"}}],\"inLanguage\":\"it-IT\"},{\"@type\":\"Organization\",\"@id\":\"https:\\\/\\\/repliquemangacine.fr\\\/#organization\",\"name\":\"R\u00e9plique Manga Cin\u00e9\",\"url\":\"https:\\\/\\\/repliquemangacine.fr\\\/\",\"logo\":{\"@type\":\"ImageObject\",\"inLanguage\":\"it-IT\",\"@id\":\"https:\\\/\\\/repliquemangacine.fr\\\/#\\\/schema\\\/logo\\\/image\\\/\",\"url\":\"https:\\\/\\\/repliquemangacine.fr\\\/wp-content\\\/uploads\\\/2023\\\/10\\\/RMC-500250.png\",\"contentUrl\":\"https:\\\/\\\/repliquemangacine.fr\\\/wp-content\\\/uploads\\\/2023\\\/10\\\/RMC-500250.png\",\"width\":500,\"height\":250,\"caption\":\"R\u00e9plique Manga Cin\u00e9\"},\"image\":{\"@id\":\"https:\\\/\\\/repliquemangacine.fr\\\/#\\\/schema\\\/logo\\\/image\\\/\"},\"sameAs\":[\"https:\\\/\\\/www.facebook.com\\\/RepliqueMangaCine\",\"https:\\\/\\\/www.instagram.com\\\/repliquemangacine.fr\\\/\"]}]}<\/script>\n<!-- \/ Yoast SEO plugin. -->","yoast_head_json":{"title":"Pistola Asso di Picche - Destiny 2 - R\u00e9plique Manga Cin\u00e9","description":"Pistola replica Ace of Spades ispirata a Destiny 2. Costruzione in resina, 430 mm, supporto incluso. Ideale per il collezionismo e l'arredamento di gioco.","robots":{"index":"index","follow":"follow","max-snippet":"max-snippet:-1","max-image-preview":"max-image-preview:large","max-video-preview":"max-video-preview:-1"},"canonical":"https:\/\/repliquemangacine.fr\/it\/katana-e-spada-videogiochi-altri-videogiochi\/asso-di-picche-destino-2-pistola\/","og_locale":"it_IT","og_type":"article","og_title":"Pistolet Ace of Spades - Destiny 2 - R\u00e9plique Manga Cin\u00e9","og_description":"R\u00e9plique du pistolet Ace of Spades inspir\u00e9 de Destiny 2. Construction en r\u00e9sine, 430 mm, support inclus. Id\u00e9al collection et d\u00e9co gaming.","og_url":"https:\/\/repliquemangacine.fr\/it\/katana-e-spada-videogiochi-altri-videogiochi\/asso-di-picche-destino-2-pistola\/","og_site_name":"R\u00e9plique Manga Cin\u00e9","article_publisher":"https:\/\/www.facebook.com\/RepliqueMangaCine","og_image":[{"width":800,"height":800,"url":"https:\/\/repliquemangacine.fr\/wp-content\/uploads\/2026\/02\/pistolet-Ace-of-Spades-sur-son-support.jpg","type":"image\/jpeg"}],"twitter_card":"summary_large_image","twitter_misc":{"Tempo di lettura stimato":"2 minuti"},"schema":{"@context":"https:\/\/schema.org","@graph":[{"@type":"WebPage","@id":"https:\/\/repliquemangacine.fr\/katana-et-epee-de-jeux-video-autre-jeux-video\/pistolet-ace-of-spades-destiny-2\/","url":"https:\/\/repliquemangacine.fr\/katana-et-epee-de-jeux-video-autre-jeux-video\/pistolet-ace-of-spades-destiny-2\/","name":"Pistola Asso di Picche - Destiny 2 - R\u00e9plique Manga Cin\u00e9","isPartOf":{"@id":"https:\/\/repliquemangacine.fr\/#website"},"primaryImageOfPage":{"@id":"https:\/\/repliquemangacine.fr\/katana-et-epee-de-jeux-video-autre-jeux-video\/pistolet-ace-of-spades-destiny-2\/#primaryimage"},"image":{"@id":"https:\/\/repliquemangacine.fr\/katana-et-epee-de-jeux-video-autre-jeux-video\/pistolet-ace-of-spades-destiny-2\/#primaryimage"},"thumbnailUrl":"https:\/\/repliquemangacine.fr\/wp-content\/uploads\/2026\/02\/pistolet-Ace-of-Spades-sur-son-support.jpg","datePublished":"2026-02-24T13:16:55+00:00","description":"Pistola replica Ace of Spades ispirata a Destiny 2. Costruzione in resina, 430 mm, supporto incluso. Ideale per il collezionismo e l'arredamento di gioco.","breadcrumb":{"@id":"https:\/\/repliquemangacine.fr\/katana-et-epee-de-jeux-video-autre-jeux-video\/pistolet-ace-of-spades-destiny-2\/#breadcrumb"},"inLanguage":"it-IT","potentialAction":[{"@type":"ReadAction","target":["https:\/\/repliquemangacine.fr\/katana-et-epee-de-jeux-video-autre-jeux-video\/pistolet-ace-of-spades-destiny-2\/"]}]},{"@type":"ImageObject","inLanguage":"it-IT","@id":"https:\/\/repliquemangacine.fr\/katana-et-epee-de-jeux-video-autre-jeux-video\/pistolet-ace-of-spades-destiny-2\/#primaryimage","url":"https:\/\/repliquemangacine.fr\/wp-content\/uploads\/2026\/02\/pistolet-Ace-of-Spades-sur-son-support.jpg","contentUrl":"https:\/\/repliquemangacine.fr\/wp-content\/uploads\/2026\/02\/pistolet-Ace-of-Spades-sur-son-support.jpg","width":800,"height":800,"caption":"pistolet Ace of Spades- Destiny 2 sur son support"},{"@type":"BreadcrumbList","@id":"https:\/\/repliquemangacine.fr\/katana-et-epee-de-jeux-video-autre-jeux-video\/pistolet-ace-of-spades-destiny-2\/#breadcrumb","itemListElement":[{"@type":"ListItem","position":1,"name":"Accueil","item":"https:\/\/repliquemangacine.fr\/"},{"@type":"ListItem","position":2,"name":"Produits","item":"https:\/\/repliquemangacine.fr\/boutique\/"},{"@type":"ListItem","position":3,"name":"Pistolet Ace of Spades &#8211; Destiny 2"}]},{"@type":"WebSite","@id":"https:\/\/repliquemangacine.fr\/#website","url":"https:\/\/repliquemangacine.fr\/","name":"R\u00e9plique Manga Cin\u00e9","description":"","publisher":{"@id":"https:\/\/repliquemangacine.fr\/#organization"},"potentialAction":[{"@type":"SearchAction","target":{"@type":"EntryPoint","urlTemplate":"https:\/\/repliquemangacine.fr\/?s={search_term_string}"},"query-input":{"@type":"PropertyValueSpecification","valueRequired":true,"valueName":"search_term_string"}}],"inLanguage":"it-IT"},{"@type":"Organization","@id":"https:\/\/repliquemangacine.fr\/#organization","name":"R\u00e9plique Manga Cin\u00e9","url":"https:\/\/repliquemangacine.fr\/","logo":{"@type":"ImageObject","inLanguage":"it-IT","@id":"https:\/\/repliquemangacine.fr\/#\/schema\/logo\/image\/","url":"https:\/\/repliquemangacine.fr\/wp-content\/uploads\/2023\/10\/RMC-500250.png","contentUrl":"https:\/\/repliquemangacine.fr\/wp-content\/uploads\/2023\/10\/RMC-500250.png","width":500,"height":250,"caption":"R\u00e9plique Manga Cin\u00e9"},"image":{"@id":"https:\/\/repliquemangacine.fr\/#\/schema\/logo\/image\/"},"sameAs":["https:\/\/www.facebook.com\/RepliqueMangaCine","https:\/\/www.instagram.com\/repliquemangacine.fr\/"]}]}},"_links":{"self":[{"href":"https:\/\/repliquemangacine.fr\/it\/wp-json\/wp\/v2\/product\/95250","targetHints":{"allow":["GET"]}}],"collection":[{"href":"https:\/\/repliquemangacine.fr\/it\/wp-json\/wp\/v2\/product"}],"about":[{"href":"https:\/\/repliquemangacine.fr\/it\/wp-json\/wp\/v2\/types\/product"}],"wp:featuredmedia":[{"embeddable":true,"href":"https:\/\/repliquemangacine.fr\/it\/wp-json\/wp\/v2\/media\/95254"}],"wp:attachment":[{"href":"https:\/\/repliquemangacine.fr\/it\/wp-json\/wp\/v2\/media?parent=95250"}],"wp:term":[{"taxonomy":"product_brand","embeddable":true,"href":"https:\/\/repliquemangacine.fr\/it\/wp-json\/wp\/v2\/product_brand?post=95250"},{"taxonomy":"product_cat","embeddable":true,"href":"https:\/\/repliquemangacine.fr\/it\/wp-json\/wp\/v2\/product_cat?post=95250"},{"taxonomy":"product_tag","embeddable":true,"href":"https:\/\/repliquemangacine.fr\/it\/wp-json\/wp\/v2\/product_tag?post=95250"}],"curies":[{"name":"wp","href":"https:\/\/api.w.org\/{rel}","templated":true}]}}