





{"id":94178,"date":"2026-01-15T17:19:18","date_gmt":"2026-01-15T16:19:18","guid":{"rendered":"https:\/\/repliquemangacine.fr\/?post_type=product&#038;p=94178"},"modified":"2026-04-29T15:47:55","modified_gmt":"2026-04-29T13:47:55","slug":"pugnale-anduril-signore-degli-anelli","status":"publish","type":"product","link":"https:\/\/repliquemangacine.fr\/it\/epees-seigneur-des-anneaux\/dague-anduril-le-seigneur-des-anneaux\/","title":{"rendered":"Pugnale Anduril - Signore degli Anelli"},"content":{"rendered":"<h2>Pugnale Anduril, l'eredit\u00e0 del Re in un formato unico<\/h2>\n<p>Prima di tutto, questo <strong>Pugnale Anduril<\/strong>\u00a0\u00e8 un'elegante interpretazione della leggendaria spada del <a href=\"https:\/\/lotr.fandom.com\/fr\/wiki\/Aragorn\" target=\"_blank\" rel=\"noopener noreferrer\">Re Elessar<\/a>. La lama in acciaio \u00e8 finemente incisa con motivi elfici ispirati alla Terra di Mezzo. La guardia e il pomo in acciaio massiccio aggiungono forza ed equilibrio. Inoltre, il fodero \u00e8 realizzato in ABS stampato di alta qualit\u00e0 e presenta una decorazione meticolosa in linea con l'estetica elfica. In breve, questo pugnale unisce finezza, simbolismo e maestria. Le sue dimensioni compatte lo rendono ideale per essere esposto o collezionato. Il risultato \u00e8 che questo pezzo diventa un oggetto originale, pur conservando l'aura mitica di And\u00faril.<\/p>\n<h2>Da Narsil spezzato ad And\u00faril, la fiamma dell'Occidente si riaccende<\/h2>\n<p>Per cominciare, questa lama era in origine il Narsil, il\u2019<a href=\"https:\/\/repliquemangacine.fr\/it\/spade-del-signore-degli-anelli\/spada-spezzata-di-narsil\/\">La spada spezzata di Elendil<\/a> durante la battaglia contro Sauron. Dopo secoli di attesa, gli elfi di Gran Burrone riforgiarono la lama. Nasce cos\u00ec And\u00faril, Fiamma dell'Ovest, simbolo del ritorno del legittimo re. Quando Aragorn riceve And\u00faril, accetta finalmente il suo destino.<br \/>\nQuesta trasformazione segna la rinascita della speranza per i Popoli Liberi. Ogni incisione elfica richiama questo legame tra passato e futuro. Anche nella versione pugnale, And\u00faril conserva questa carica simbolica. Rappresenta la trasmissione, il destino e la restaurazione di un regno perduto.<\/p>\n<h2>Tutte le armi della trilogia disponibili su R\u00e9plique Manga Cin\u00e9<\/h2>\n<p>Infine, questo pugnale And\u00faril fa parte della vasta collezione del Signore degli Anelli offerta da R\u00e9plique Manga Cin\u00e9. Offriamo tutti i modelli emblematici della trilogia. In particolare, troverete il <a href=\"https:\/\/repliquemangacine.fr\/it\/spade-del-signore-degli-anelli\/signore-degli-anelli-sam-gamegie-sword\/\">Il pugnale di Sam Gamegie<\/a>, un simbolo di coraggio e lealt\u00e0. Inoltre, il\u2019<a href=\"https:\/\/repliquemangacine.fr\/it\/spade-del-signore-degli-anelli\/la-spada-di-eowyn-il-signore-degli-anelli\/\">spada di \u00c9owyn<\/a>, contro il Re Stregone, \u00e8 una delle nostre scelte. Naturalmente, il\u2019<a href=\"https:\/\/repliquemangacine.fr\/it\/spade-e-pugnali-gli-anelli-del-potere\/spada-anduril-aragorn-signore-degli-anelli\/\">Spada And\u00faril<\/a> \u00e8 disponibile in diverse versioni, sia classiche che deluxe. Cos\u00ec ogni appassionato potr\u00e0 ricreare l'arsenale completo della Terra di Mezzo.<\/p>","protected":false},"excerpt":{"rendered":"<p>Scoprite la versione del pugnale di And\u00faril, l'eredit\u00e0 del re condensata in un elegante pezzo elfico ricco di leggenda.<\/p>\n<ul>\n<li>Lama in acciaio con incisioni elfiche<\/li>\n<li>Maniglia e pomolo in acciaio massiccio appositamente sagomato<\/li>\n<li>Fodero in ABS stampato nero con decorazione*.<\/li>\n<li>Lunghezza lama: 27 cm - Lunghezza totale: 48 cm<\/li>\n<li>Peso: 270 g<\/li>\n<\/ul>","protected":false},"featured_media":94179,"template":"","meta":[],"product_brand":[],"product_cat":[68,107],"product_tag":[],"class_list":{"0":"post-94178","1":"product","2":"type-product","3":"status-publish","4":"has-post-thumbnail","6":"product_cat-epees-seigneur-des-anneaux","7":"product_cat-nouveautes","9":"first","10":"instock","11":"taxable","12":"shipping-taxable","13":"purchasable","14":"product-type-simple"},"yoast_head":"<!-- This site is optimized with the Yoast SEO plugin v27.5 - https:\/\/yoast.com\/product\/yoast-seo-wordpress\/ -->\n<title>Dague Anduril - Seigneur des Anneaux - R\u00e9plique Manga Cin\u00e9<\/title>\n<meta name=\"description\" content=\"Dague Anduril en acier grav\u00e9 elfique, garde et pommeau acier, fourreau d\u00e9cor\u00e9. R\u00e9plique Seigneur des Anneaux id\u00e9ale collection.\" \/>\n<meta name=\"robots\" content=\"index, follow, max-snippet:-1, max-image-preview:large, max-video-preview:-1\" \/>\n<link rel=\"canonical\" href=\"https:\/\/repliquemangacine.fr\/it\/spade-del-signore-degli-anelli\/pugnale-anduril-signore-degli-anelli\/\" \/>\n<meta property=\"og:locale\" content=\"it_IT\" \/>\n<meta property=\"og:type\" content=\"article\" \/>\n<meta property=\"og:title\" content=\"Dague Anduril - Seigneur des Anneaux - R\u00e9plique Manga Cin\u00e9\" \/>\n<meta property=\"og:description\" content=\"Dague Anduril en acier grav\u00e9 elfique, garde et pommeau acier, fourreau d\u00e9cor\u00e9. R\u00e9plique Seigneur des Anneaux id\u00e9ale collection.\" \/>\n<meta property=\"og:url\" content=\"https:\/\/repliquemangacine.fr\/it\/spade-del-signore-degli-anelli\/pugnale-anduril-signore-degli-anelli\/\" \/>\n<meta property=\"og:site_name\" content=\"R\u00e9plique Manga Cin\u00e9\" \/>\n<meta property=\"article:publisher\" content=\"https:\/\/www.facebook.com\/RepliqueMangaCine\" \/>\n<meta property=\"article:modified_time\" content=\"2026-04-29T13:47:55+00:00\" \/>\n<meta property=\"og:image\" content=\"https:\/\/repliquemangacine.fr\/wp-content\/uploads\/2026\/01\/Dague-Anduril-de-luxe-Le-Seigneur-des-Anneaux.jpg\" \/>\n\t<meta property=\"og:image:width\" content=\"800\" \/>\n\t<meta property=\"og:image:height\" content=\"800\" \/>\n\t<meta property=\"og:image:type\" content=\"image\/jpeg\" \/>\n<meta name=\"twitter:card\" content=\"summary_large_image\" \/>\n<meta name=\"twitter:label1\" content=\"Tempo di lettura stimato\" \/>\n\t<meta name=\"twitter:data1\" content=\"2 minuti\" \/>\n<script type=\"application\/ld+json\" class=\"yoast-schema-graph\">{\"@context\":\"https:\\\/\\\/schema.org\",\"@graph\":[{\"@type\":\"WebPage\",\"@id\":\"https:\\\/\\\/repliquemangacine.fr\\\/epees-seigneur-des-anneaux\\\/dague-anduril-le-seigneur-des-anneaux\\\/\",\"url\":\"https:\\\/\\\/repliquemangacine.fr\\\/epees-seigneur-des-anneaux\\\/dague-anduril-le-seigneur-des-anneaux\\\/\",\"name\":\"Dague Anduril - Seigneur des Anneaux - R\u00e9plique Manga Cin\u00e9\",\"isPartOf\":{\"@id\":\"https:\\\/\\\/repliquemangacine.fr\\\/#website\"},\"primaryImageOfPage\":{\"@id\":\"https:\\\/\\\/repliquemangacine.fr\\\/epees-seigneur-des-anneaux\\\/dague-anduril-le-seigneur-des-anneaux\\\/#primaryimage\"},\"image\":{\"@id\":\"https:\\\/\\\/repliquemangacine.fr\\\/epees-seigneur-des-anneaux\\\/dague-anduril-le-seigneur-des-anneaux\\\/#primaryimage\"},\"thumbnailUrl\":\"https:\\\/\\\/repliquemangacine.fr\\\/wp-content\\\/uploads\\\/2026\\\/01\\\/Dague-Anduril-de-luxe-Le-Seigneur-des-Anneaux.jpg\",\"datePublished\":\"2026-01-15T16:19:18+00:00\",\"dateModified\":\"2026-04-29T13:47:55+00:00\",\"description\":\"Dague Anduril en acier grav\u00e9 elfique, garde et pommeau acier, fourreau d\u00e9cor\u00e9. R\u00e9plique Seigneur des Anneaux id\u00e9ale collection.\",\"breadcrumb\":{\"@id\":\"https:\\\/\\\/repliquemangacine.fr\\\/epees-seigneur-des-anneaux\\\/dague-anduril-le-seigneur-des-anneaux\\\/#breadcrumb\"},\"inLanguage\":\"it-IT\",\"potentialAction\":[{\"@type\":\"ReadAction\",\"target\":[\"https:\\\/\\\/repliquemangacine.fr\\\/epees-seigneur-des-anneaux\\\/dague-anduril-le-seigneur-des-anneaux\\\/\"]}]},{\"@type\":\"ImageObject\",\"inLanguage\":\"it-IT\",\"@id\":\"https:\\\/\\\/repliquemangacine.fr\\\/epees-seigneur-des-anneaux\\\/dague-anduril-le-seigneur-des-anneaux\\\/#primaryimage\",\"url\":\"https:\\\/\\\/repliquemangacine.fr\\\/wp-content\\\/uploads\\\/2026\\\/01\\\/Dague-Anduril-de-luxe-Le-Seigneur-des-Anneaux.jpg\",\"contentUrl\":\"https:\\\/\\\/repliquemangacine.fr\\\/wp-content\\\/uploads\\\/2026\\\/01\\\/Dague-Anduril-de-luxe-Le-Seigneur-des-Anneaux.jpg\",\"width\":800,\"height\":800,\"caption\":\"Dague Anduril, le Seigneur des Anneaux\"},{\"@type\":\"BreadcrumbList\",\"@id\":\"https:\\\/\\\/repliquemangacine.fr\\\/epees-seigneur-des-anneaux\\\/dague-anduril-le-seigneur-des-anneaux\\\/#breadcrumb\",\"itemListElement\":[{\"@type\":\"ListItem\",\"position\":1,\"name\":\"Accueil\",\"item\":\"https:\\\/\\\/repliquemangacine.fr\\\/\"},{\"@type\":\"ListItem\",\"position\":2,\"name\":\"Produits\",\"item\":\"https:\\\/\\\/repliquemangacine.fr\\\/boutique\\\/\"},{\"@type\":\"ListItem\",\"position\":3,\"name\":\"Dague Anduril &#8211; Seigneur des Anneaux\"}]},{\"@type\":\"WebSite\",\"@id\":\"https:\\\/\\\/repliquemangacine.fr\\\/#website\",\"url\":\"https:\\\/\\\/repliquemangacine.fr\\\/\",\"name\":\"R\u00e9plique Manga Cin\u00e9\",\"description\":\"\",\"publisher\":{\"@id\":\"https:\\\/\\\/repliquemangacine.fr\\\/#organization\"},\"potentialAction\":[{\"@type\":\"SearchAction\",\"target\":{\"@type\":\"EntryPoint\",\"urlTemplate\":\"https:\\\/\\\/repliquemangacine.fr\\\/?s={search_term_string}\"},\"query-input\":{\"@type\":\"PropertyValueSpecification\",\"valueRequired\":true,\"valueName\":\"search_term_string\"}}],\"inLanguage\":\"it-IT\"},{\"@type\":\"Organization\",\"@id\":\"https:\\\/\\\/repliquemangacine.fr\\\/#organization\",\"name\":\"R\u00e9plique Manga Cin\u00e9\",\"url\":\"https:\\\/\\\/repliquemangacine.fr\\\/\",\"logo\":{\"@type\":\"ImageObject\",\"inLanguage\":\"it-IT\",\"@id\":\"https:\\\/\\\/repliquemangacine.fr\\\/#\\\/schema\\\/logo\\\/image\\\/\",\"url\":\"https:\\\/\\\/repliquemangacine.fr\\\/wp-content\\\/uploads\\\/2023\\\/10\\\/RMC-500250.png\",\"contentUrl\":\"https:\\\/\\\/repliquemangacine.fr\\\/wp-content\\\/uploads\\\/2023\\\/10\\\/RMC-500250.png\",\"width\":500,\"height\":250,\"caption\":\"R\u00e9plique Manga Cin\u00e9\"},\"image\":{\"@id\":\"https:\\\/\\\/repliquemangacine.fr\\\/#\\\/schema\\\/logo\\\/image\\\/\"},\"sameAs\":[\"https:\\\/\\\/www.facebook.com\\\/RepliqueMangaCine\",\"https:\\\/\\\/www.instagram.com\\\/repliquemangacine.fr\\\/\"]}]}<\/script>\n<!-- \/ Yoast SEO plugin. -->","yoast_head_json":{"title":"Pugnale Anduril - Il Signore degli Anelli - R\u00e9plique Manga Cin\u00e9","description":"Pugnale Anduril in acciaio elfico inciso, elsa e pomo in acciaio, fodero decorato. Ideale per la collezione di repliche del Signore degli Anelli.","robots":{"index":"index","follow":"follow","max-snippet":"max-snippet:-1","max-image-preview":"max-image-preview:large","max-video-preview":"max-video-preview:-1"},"canonical":"https:\/\/repliquemangacine.fr\/it\/spade-del-signore-degli-anelli\/pugnale-anduril-signore-degli-anelli\/","og_locale":"it_IT","og_type":"article","og_title":"Dague Anduril - Seigneur des Anneaux - R\u00e9plique Manga Cin\u00e9","og_description":"Dague Anduril en acier grav\u00e9 elfique, garde et pommeau acier, fourreau d\u00e9cor\u00e9. R\u00e9plique Seigneur des Anneaux id\u00e9ale collection.","og_url":"https:\/\/repliquemangacine.fr\/it\/spade-del-signore-degli-anelli\/pugnale-anduril-signore-degli-anelli\/","og_site_name":"R\u00e9plique Manga Cin\u00e9","article_publisher":"https:\/\/www.facebook.com\/RepliqueMangaCine","article_modified_time":"2026-04-29T13:47:55+00:00","og_image":[{"width":800,"height":800,"url":"https:\/\/repliquemangacine.fr\/wp-content\/uploads\/2026\/01\/Dague-Anduril-de-luxe-Le-Seigneur-des-Anneaux.jpg","type":"image\/jpeg"}],"twitter_card":"summary_large_image","twitter_misc":{"Tempo di lettura stimato":"2 minuti"},"schema":{"@context":"https:\/\/schema.org","@graph":[{"@type":"WebPage","@id":"https:\/\/repliquemangacine.fr\/epees-seigneur-des-anneaux\/dague-anduril-le-seigneur-des-anneaux\/","url":"https:\/\/repliquemangacine.fr\/epees-seigneur-des-anneaux\/dague-anduril-le-seigneur-des-anneaux\/","name":"Pugnale Anduril - Il Signore degli Anelli - R\u00e9plique Manga Cin\u00e9","isPartOf":{"@id":"https:\/\/repliquemangacine.fr\/#website"},"primaryImageOfPage":{"@id":"https:\/\/repliquemangacine.fr\/epees-seigneur-des-anneaux\/dague-anduril-le-seigneur-des-anneaux\/#primaryimage"},"image":{"@id":"https:\/\/repliquemangacine.fr\/epees-seigneur-des-anneaux\/dague-anduril-le-seigneur-des-anneaux\/#primaryimage"},"thumbnailUrl":"https:\/\/repliquemangacine.fr\/wp-content\/uploads\/2026\/01\/Dague-Anduril-de-luxe-Le-Seigneur-des-Anneaux.jpg","datePublished":"2026-01-15T16:19:18+00:00","dateModified":"2026-04-29T13:47:55+00:00","description":"Pugnale Anduril in acciaio elfico inciso, elsa e pomo in acciaio, fodero decorato. Ideale per la collezione di repliche del Signore degli Anelli.","breadcrumb":{"@id":"https:\/\/repliquemangacine.fr\/epees-seigneur-des-anneaux\/dague-anduril-le-seigneur-des-anneaux\/#breadcrumb"},"inLanguage":"it-IT","potentialAction":[{"@type":"ReadAction","target":["https:\/\/repliquemangacine.fr\/epees-seigneur-des-anneaux\/dague-anduril-le-seigneur-des-anneaux\/"]}]},{"@type":"ImageObject","inLanguage":"it-IT","@id":"https:\/\/repliquemangacine.fr\/epees-seigneur-des-anneaux\/dague-anduril-le-seigneur-des-anneaux\/#primaryimage","url":"https:\/\/repliquemangacine.fr\/wp-content\/uploads\/2026\/01\/Dague-Anduril-de-luxe-Le-Seigneur-des-Anneaux.jpg","contentUrl":"https:\/\/repliquemangacine.fr\/wp-content\/uploads\/2026\/01\/Dague-Anduril-de-luxe-Le-Seigneur-des-Anneaux.jpg","width":800,"height":800,"caption":"Dague Anduril, le Seigneur des Anneaux"},{"@type":"BreadcrumbList","@id":"https:\/\/repliquemangacine.fr\/epees-seigneur-des-anneaux\/dague-anduril-le-seigneur-des-anneaux\/#breadcrumb","itemListElement":[{"@type":"ListItem","position":1,"name":"Accueil","item":"https:\/\/repliquemangacine.fr\/"},{"@type":"ListItem","position":2,"name":"Produits","item":"https:\/\/repliquemangacine.fr\/boutique\/"},{"@type":"ListItem","position":3,"name":"Dague Anduril &#8211; Seigneur des Anneaux"}]},{"@type":"WebSite","@id":"https:\/\/repliquemangacine.fr\/#website","url":"https:\/\/repliquemangacine.fr\/","name":"R\u00e9plique Manga Cin\u00e9","description":"","publisher":{"@id":"https:\/\/repliquemangacine.fr\/#organization"},"potentialAction":[{"@type":"SearchAction","target":{"@type":"EntryPoint","urlTemplate":"https:\/\/repliquemangacine.fr\/?s={search_term_string}"},"query-input":{"@type":"PropertyValueSpecification","valueRequired":true,"valueName":"search_term_string"}}],"inLanguage":"it-IT"},{"@type":"Organization","@id":"https:\/\/repliquemangacine.fr\/#organization","name":"R\u00e9plique Manga Cin\u00e9","url":"https:\/\/repliquemangacine.fr\/","logo":{"@type":"ImageObject","inLanguage":"it-IT","@id":"https:\/\/repliquemangacine.fr\/#\/schema\/logo\/image\/","url":"https:\/\/repliquemangacine.fr\/wp-content\/uploads\/2023\/10\/RMC-500250.png","contentUrl":"https:\/\/repliquemangacine.fr\/wp-content\/uploads\/2023\/10\/RMC-500250.png","width":500,"height":250,"caption":"R\u00e9plique Manga Cin\u00e9"},"image":{"@id":"https:\/\/repliquemangacine.fr\/#\/schema\/logo\/image\/"},"sameAs":["https:\/\/www.facebook.com\/RepliqueMangaCine","https:\/\/www.instagram.com\/repliquemangacine.fr\/"]}]}},"_links":{"self":[{"href":"https:\/\/repliquemangacine.fr\/it\/wp-json\/wp\/v2\/product\/94178","targetHints":{"allow":["GET"]}}],"collection":[{"href":"https:\/\/repliquemangacine.fr\/it\/wp-json\/wp\/v2\/product"}],"about":[{"href":"https:\/\/repliquemangacine.fr\/it\/wp-json\/wp\/v2\/types\/product"}],"wp:featuredmedia":[{"embeddable":true,"href":"https:\/\/repliquemangacine.fr\/it\/wp-json\/wp\/v2\/media\/94179"}],"wp:attachment":[{"href":"https:\/\/repliquemangacine.fr\/it\/wp-json\/wp\/v2\/media?parent=94178"}],"wp:term":[{"taxonomy":"product_brand","embeddable":true,"href":"https:\/\/repliquemangacine.fr\/it\/wp-json\/wp\/v2\/product_brand?post=94178"},{"taxonomy":"product_cat","embeddable":true,"href":"https:\/\/repliquemangacine.fr\/it\/wp-json\/wp\/v2\/product_cat?post=94178"},{"taxonomy":"product_tag","embeddable":true,"href":"https:\/\/repliquemangacine.fr\/it\/wp-json\/wp\/v2\/product_tag?post=94178"}],"curies":[{"name":"wp","href":"https:\/\/api.w.org\/{rel}","templated":true}]}}