





{"id":94169,"date":"2026-01-15T15:52:04","date_gmt":"2026-01-15T14:52:04","guid":{"rendered":"https:\/\/repliquemangacine.fr\/?post_type=product&#038;p=94169"},"modified":"2026-02-15T15:28:54","modified_gmt":"2026-02-15T14:28:54","slug":"aerondight-spada-lama-sacra-the-witcher","status":"publish","type":"product","link":"https:\/\/repliquemangacine.fr\/it\/epee-the-witcher\/epee-aerondight-lame-sacre-the-witcher\/","title":{"rendered":"Spada a lama sacra Aerondight - The Witcher"},"content":{"rendered":"<h2>Spada Aerondight, la lama sacra forgiata per i giusti<\/h2>\n<p>Spada Aerondight, una leggendaria spada d'argento del mondo di The Witcher. La sua lama in acciaio lucido presenta rune dorate finemente incise. La complessa guardia angolare evoca un senso di protezione quasi mistico. L'impugnatura con guaina garantisce una presa salda ed equilibrata. Inoltre, il pomo decorato ne rafforza l'estetica cavalleresca. Questa spada non \u00e8 pensata per la brutalit\u00e0 indiscriminata. Al contrario, premia la maestria e la precisione. In questo modo, Aerondight incarna un'arma nobile, destinata a combattenti degni del suo potere. Ogni dettaglio ricorda la sua origine sacra e il suo legame con la Dama del Lago.<\/p>\n<h2>Una spada leggendaria nel cuore di The Witcher<\/h2>\n<p>In primo luogo, in The Witcher, l'Aerondight \u00e8 strettamente legato ai valori dell'onore e del coraggio. Viene offerta a <a href=\"https:\/\/witcher-archive.fandom.com\/fr\/wiki\/Geralt_de_Riv\" target=\"_blank\" rel=\"noopener noreferrer\">Geralt<\/a> come riconoscimento delle loro azioni virtuose. A differenza di altre armi, cresce con chi la indossa. Pi\u00f9 il combattimento \u00e8 esperto, maggiore \u00e8 il suo potere. In questo modo, la spada diventa un riflesso del talento dello stregone. Simboleggia l'equilibrio tra la violenza necessaria e la moderazione morale. L'Aerondight non \u00e8 semplicemente un'arma da caccia. Rappresenta l'ideale di cavalleria in un mondo brutale e imperfetto.<\/p>\n<h2>Le iconiche spade di The Witcher sono disponibili su R\u00e9plique Manga Cin\u00e9<\/h2>\n<p>Questa spada Aerondight si adatta perfettamente alla collezione The Witcher disponibile su R\u00e9plique Manga Cin\u00e9. Troverete anche la\u2019<a href=\"https:\/\/repliquemangacine.fr\/it\/spada-il-cacciatore\/spada-dello-stregone-geralt-de-riv-the-witcher-stagione-2\/\">Spada dello Stregone di Geralt di Riv<\/a> - Stagione 2, fedele alla serie Netflix. Inoltre, il\u2019<a href=\"https:\/\/repliquemangacine.fr\/it\/spada-il-cacciatore\/spada-lupo-gemello-geralt-de-riv-the-witcher-3-con-il-suo-medaglione-come-un-dono\/\">Spada Twin Wolf<\/a> di Geralt de Riv - The Witcher 3, consegnato con il suo medaglione in regalo, rimane un oggetto molto apprezzato. Infine, il\u2019<a href=\"https:\/\/repliquemangacine.fr\/it\/spada-il-cacciatore\/lupo-epee-the-witcher3\/\">Spada del lupo da The Witcher 3<\/a> completa l'arsenale del famoso Lupo Bianco. I collezionisti possono ora riunire le armi pi\u00f9 iconiche della saga. Grazie a queste fedeli repliche, la vostra collezione guadagner\u00e0 in coerenza, prestigio e immersione nell'universo del mago.<\/p>","protected":false},"excerpt":{"rendered":"<p>Sfoggia Aerondight, la spada sacra di The Witcher, e incarna l'onore e la maestria del vero stregone.<\/p>\n<ul>\n<li>Lama in acciaio lucido con rune dorate<\/li>\n<li>Protezione in acciaio massiccio appositamente sagomata<\/li>\n<li>Manico in metallo rivestito con filo di cotone marrone per una buona presa<\/li>\n<li>Pomello in acciaio a forma di testa di lupo<\/li>\n<li>Fodero in legno rivestito in similpelle nera con cinghia da trasporto<\/li>\n<li>Lunghezza lama: 89 cm - Lunghezza totale: 129 cm<\/li>\n<li>Peso: 2320 gr<\/li>\n<\/ul>","protected":false},"featured_media":94172,"template":"","meta":[],"product_brand":[],"product_cat":[107,58],"product_tag":[],"class_list":{"0":"post-94169","1":"product","2":"type-product","3":"status-publish","4":"has-post-thumbnail","6":"product_cat-nouveautes","7":"product_cat-epee-the-witcher","9":"first","10":"instock","11":"taxable","12":"shipping-taxable","13":"purchasable","14":"product-type-simple"},"yoast_head":"<!-- This site is optimized with the Yoast SEO plugin v27.4 - https:\/\/yoast.com\/product\/yoast-seo-wordpress\/ -->\n<title>Ep\u00e9e Aerondight Lame Sacr\u00e9 - The Witcher - R\u00e9plique Manga Cin\u00e9<\/title>\n<meta name=\"description\" content=\"Ep\u00e9e Aerondight The Witcher, lame argent grav\u00e9e de runes dor\u00e9es. R\u00e9plique l\u00e9gendaire id\u00e9ale pour collection et exposition.\" \/>\n<meta name=\"robots\" content=\"index, follow, max-snippet:-1, max-image-preview:large, max-video-preview:-1\" \/>\n<link rel=\"canonical\" href=\"https:\/\/repliquemangacine.fr\/it\/spada-il-cacciatore\/aerondight-spada-lama-sacra-the-witcher\/\" \/>\n<meta property=\"og:locale\" content=\"it_IT\" \/>\n<meta property=\"og:type\" content=\"article\" \/>\n<meta property=\"og:title\" content=\"Ep\u00e9e Aerondight Lame Sacr\u00e9 - The Witcher - R\u00e9plique Manga Cin\u00e9\" \/>\n<meta property=\"og:description\" content=\"Ep\u00e9e Aerondight The Witcher, lame argent grav\u00e9e de runes dor\u00e9es. R\u00e9plique l\u00e9gendaire id\u00e9ale pour collection et exposition.\" \/>\n<meta property=\"og:url\" content=\"https:\/\/repliquemangacine.fr\/it\/spada-il-cacciatore\/aerondight-spada-lama-sacra-the-witcher\/\" \/>\n<meta property=\"og:site_name\" content=\"R\u00e9plique Manga Cin\u00e9\" \/>\n<meta property=\"article:publisher\" content=\"https:\/\/www.facebook.com\/RepliqueMangaCine\" \/>\n<meta property=\"article:modified_time\" content=\"2026-02-15T14:28:54+00:00\" \/>\n<meta property=\"og:image\" content=\"https:\/\/repliquemangacine.fr\/wp-content\/uploads\/2026\/01\/Epee-Aerondight-The-Witcher.jpg\" \/>\n\t<meta property=\"og:image:width\" content=\"800\" \/>\n\t<meta property=\"og:image:height\" content=\"800\" \/>\n\t<meta property=\"og:image:type\" content=\"image\/jpeg\" \/>\n<meta name=\"twitter:card\" content=\"summary_large_image\" \/>\n<meta name=\"twitter:label1\" content=\"Tempo di lettura stimato\" \/>\n\t<meta name=\"twitter:data1\" content=\"2 minuti\" \/>\n<script type=\"application\/ld+json\" class=\"yoast-schema-graph\">{\"@context\":\"https:\\\/\\\/schema.org\",\"@graph\":[{\"@type\":\"WebPage\",\"@id\":\"https:\\\/\\\/repliquemangacine.fr\\\/epee-the-witcher\\\/epee-aerondight-lame-sacre-the-witcher\\\/\",\"url\":\"https:\\\/\\\/repliquemangacine.fr\\\/epee-the-witcher\\\/epee-aerondight-lame-sacre-the-witcher\\\/\",\"name\":\"Ep\u00e9e Aerondight Lame Sacr\u00e9 - The Witcher - R\u00e9plique Manga Cin\u00e9\",\"isPartOf\":{\"@id\":\"https:\\\/\\\/repliquemangacine.fr\\\/#website\"},\"primaryImageOfPage\":{\"@id\":\"https:\\\/\\\/repliquemangacine.fr\\\/epee-the-witcher\\\/epee-aerondight-lame-sacre-the-witcher\\\/#primaryimage\"},\"image\":{\"@id\":\"https:\\\/\\\/repliquemangacine.fr\\\/epee-the-witcher\\\/epee-aerondight-lame-sacre-the-witcher\\\/#primaryimage\"},\"thumbnailUrl\":\"https:\\\/\\\/repliquemangacine.fr\\\/wp-content\\\/uploads\\\/2026\\\/01\\\/Epee-Aerondight-The-Witcher.jpg\",\"datePublished\":\"2026-01-15T14:52:04+00:00\",\"dateModified\":\"2026-02-15T14:28:54+00:00\",\"description\":\"Ep\u00e9e Aerondight The Witcher, lame argent grav\u00e9e de runes dor\u00e9es. R\u00e9plique l\u00e9gendaire id\u00e9ale pour collection et exposition.\",\"breadcrumb\":{\"@id\":\"https:\\\/\\\/repliquemangacine.fr\\\/epee-the-witcher\\\/epee-aerondight-lame-sacre-the-witcher\\\/#breadcrumb\"},\"inLanguage\":\"it-IT\",\"potentialAction\":[{\"@type\":\"ReadAction\",\"target\":[\"https:\\\/\\\/repliquemangacine.fr\\\/epee-the-witcher\\\/epee-aerondight-lame-sacre-the-witcher\\\/\"]}]},{\"@type\":\"ImageObject\",\"inLanguage\":\"it-IT\",\"@id\":\"https:\\\/\\\/repliquemangacine.fr\\\/epee-the-witcher\\\/epee-aerondight-lame-sacre-the-witcher\\\/#primaryimage\",\"url\":\"https:\\\/\\\/repliquemangacine.fr\\\/wp-content\\\/uploads\\\/2026\\\/01\\\/Epee-Aerondight-The-Witcher.jpg\",\"contentUrl\":\"https:\\\/\\\/repliquemangacine.fr\\\/wp-content\\\/uploads\\\/2026\\\/01\\\/Epee-Aerondight-The-Witcher.jpg\",\"width\":800,\"height\":800,\"caption\":\"Ep\u00e9e Aerondight dans the Witcher\"},{\"@type\":\"BreadcrumbList\",\"@id\":\"https:\\\/\\\/repliquemangacine.fr\\\/epee-the-witcher\\\/epee-aerondight-lame-sacre-the-witcher\\\/#breadcrumb\",\"itemListElement\":[{\"@type\":\"ListItem\",\"position\":1,\"name\":\"Accueil\",\"item\":\"https:\\\/\\\/repliquemangacine.fr\\\/\"},{\"@type\":\"ListItem\",\"position\":2,\"name\":\"Produits\",\"item\":\"https:\\\/\\\/repliquemangacine.fr\\\/boutique\\\/\"},{\"@type\":\"ListItem\",\"position\":3,\"name\":\"Ep\u00e9e Aerondight Lame Sacr\u00e9 &#8211; The Witcher\"}]},{\"@type\":\"WebSite\",\"@id\":\"https:\\\/\\\/repliquemangacine.fr\\\/#website\",\"url\":\"https:\\\/\\\/repliquemangacine.fr\\\/\",\"name\":\"R\u00e9plique Manga Cin\u00e9\",\"description\":\"\",\"publisher\":{\"@id\":\"https:\\\/\\\/repliquemangacine.fr\\\/#organization\"},\"potentialAction\":[{\"@type\":\"SearchAction\",\"target\":{\"@type\":\"EntryPoint\",\"urlTemplate\":\"https:\\\/\\\/repliquemangacine.fr\\\/?s={search_term_string}\"},\"query-input\":{\"@type\":\"PropertyValueSpecification\",\"valueRequired\":true,\"valueName\":\"search_term_string\"}}],\"inLanguage\":\"it-IT\"},{\"@type\":\"Organization\",\"@id\":\"https:\\\/\\\/repliquemangacine.fr\\\/#organization\",\"name\":\"R\u00e9plique Manga Cin\u00e9\",\"url\":\"https:\\\/\\\/repliquemangacine.fr\\\/\",\"logo\":{\"@type\":\"ImageObject\",\"inLanguage\":\"it-IT\",\"@id\":\"https:\\\/\\\/repliquemangacine.fr\\\/#\\\/schema\\\/logo\\\/image\\\/\",\"url\":\"https:\\\/\\\/repliquemangacine.fr\\\/wp-content\\\/uploads\\\/2023\\\/10\\\/RMC-500250.png\",\"contentUrl\":\"https:\\\/\\\/repliquemangacine.fr\\\/wp-content\\\/uploads\\\/2023\\\/10\\\/RMC-500250.png\",\"width\":500,\"height\":250,\"caption\":\"R\u00e9plique Manga Cin\u00e9\"},\"image\":{\"@id\":\"https:\\\/\\\/repliquemangacine.fr\\\/#\\\/schema\\\/logo\\\/image\\\/\"},\"sameAs\":[\"https:\\\/\\\/www.facebook.com\\\/RepliqueMangaCine\",\"https:\\\/\\\/www.instagram.com\\\/repliquemangacine.fr\\\/\"]}]}<\/script>\n<!-- \/ Yoast SEO plugin. -->","yoast_head_json":{"title":"Spada a lama sacra Aerondight - The Witcher - R\u00e9plique Manga Cin\u00e9","description":"Spada Aerondight The Witcher, lama d'argento incisa con rune dorate. Replica leggendaria ideale per la collezione e l'esposizione.","robots":{"index":"index","follow":"follow","max-snippet":"max-snippet:-1","max-image-preview":"max-image-preview:large","max-video-preview":"max-video-preview:-1"},"canonical":"https:\/\/repliquemangacine.fr\/it\/spada-il-cacciatore\/aerondight-spada-lama-sacra-the-witcher\/","og_locale":"it_IT","og_type":"article","og_title":"Ep\u00e9e Aerondight Lame Sacr\u00e9 - The Witcher - R\u00e9plique Manga Cin\u00e9","og_description":"Ep\u00e9e Aerondight The Witcher, lame argent grav\u00e9e de runes dor\u00e9es. R\u00e9plique l\u00e9gendaire id\u00e9ale pour collection et exposition.","og_url":"https:\/\/repliquemangacine.fr\/it\/spada-il-cacciatore\/aerondight-spada-lama-sacra-the-witcher\/","og_site_name":"R\u00e9plique Manga Cin\u00e9","article_publisher":"https:\/\/www.facebook.com\/RepliqueMangaCine","article_modified_time":"2026-02-15T14:28:54+00:00","og_image":[{"width":800,"height":800,"url":"https:\/\/repliquemangacine.fr\/wp-content\/uploads\/2026\/01\/Epee-Aerondight-The-Witcher.jpg","type":"image\/jpeg"}],"twitter_card":"summary_large_image","twitter_misc":{"Tempo di lettura stimato":"2 minuti"},"schema":{"@context":"https:\/\/schema.org","@graph":[{"@type":"WebPage","@id":"https:\/\/repliquemangacine.fr\/epee-the-witcher\/epee-aerondight-lame-sacre-the-witcher\/","url":"https:\/\/repliquemangacine.fr\/epee-the-witcher\/epee-aerondight-lame-sacre-the-witcher\/","name":"Spada a lama sacra Aerondight - The Witcher - R\u00e9plique Manga Cin\u00e9","isPartOf":{"@id":"https:\/\/repliquemangacine.fr\/#website"},"primaryImageOfPage":{"@id":"https:\/\/repliquemangacine.fr\/epee-the-witcher\/epee-aerondight-lame-sacre-the-witcher\/#primaryimage"},"image":{"@id":"https:\/\/repliquemangacine.fr\/epee-the-witcher\/epee-aerondight-lame-sacre-the-witcher\/#primaryimage"},"thumbnailUrl":"https:\/\/repliquemangacine.fr\/wp-content\/uploads\/2026\/01\/Epee-Aerondight-The-Witcher.jpg","datePublished":"2026-01-15T14:52:04+00:00","dateModified":"2026-02-15T14:28:54+00:00","description":"Spada Aerondight The Witcher, lama d'argento incisa con rune dorate. Replica leggendaria ideale per la collezione e l'esposizione.","breadcrumb":{"@id":"https:\/\/repliquemangacine.fr\/epee-the-witcher\/epee-aerondight-lame-sacre-the-witcher\/#breadcrumb"},"inLanguage":"it-IT","potentialAction":[{"@type":"ReadAction","target":["https:\/\/repliquemangacine.fr\/epee-the-witcher\/epee-aerondight-lame-sacre-the-witcher\/"]}]},{"@type":"ImageObject","inLanguage":"it-IT","@id":"https:\/\/repliquemangacine.fr\/epee-the-witcher\/epee-aerondight-lame-sacre-the-witcher\/#primaryimage","url":"https:\/\/repliquemangacine.fr\/wp-content\/uploads\/2026\/01\/Epee-Aerondight-The-Witcher.jpg","contentUrl":"https:\/\/repliquemangacine.fr\/wp-content\/uploads\/2026\/01\/Epee-Aerondight-The-Witcher.jpg","width":800,"height":800,"caption":"Ep\u00e9e Aerondight dans the Witcher"},{"@type":"BreadcrumbList","@id":"https:\/\/repliquemangacine.fr\/epee-the-witcher\/epee-aerondight-lame-sacre-the-witcher\/#breadcrumb","itemListElement":[{"@type":"ListItem","position":1,"name":"Accueil","item":"https:\/\/repliquemangacine.fr\/"},{"@type":"ListItem","position":2,"name":"Produits","item":"https:\/\/repliquemangacine.fr\/boutique\/"},{"@type":"ListItem","position":3,"name":"Ep\u00e9e Aerondight Lame Sacr\u00e9 &#8211; The Witcher"}]},{"@type":"WebSite","@id":"https:\/\/repliquemangacine.fr\/#website","url":"https:\/\/repliquemangacine.fr\/","name":"R\u00e9plique Manga Cin\u00e9","description":"","publisher":{"@id":"https:\/\/repliquemangacine.fr\/#organization"},"potentialAction":[{"@type":"SearchAction","target":{"@type":"EntryPoint","urlTemplate":"https:\/\/repliquemangacine.fr\/?s={search_term_string}"},"query-input":{"@type":"PropertyValueSpecification","valueRequired":true,"valueName":"search_term_string"}}],"inLanguage":"it-IT"},{"@type":"Organization","@id":"https:\/\/repliquemangacine.fr\/#organization","name":"R\u00e9plique Manga Cin\u00e9","url":"https:\/\/repliquemangacine.fr\/","logo":{"@type":"ImageObject","inLanguage":"it-IT","@id":"https:\/\/repliquemangacine.fr\/#\/schema\/logo\/image\/","url":"https:\/\/repliquemangacine.fr\/wp-content\/uploads\/2023\/10\/RMC-500250.png","contentUrl":"https:\/\/repliquemangacine.fr\/wp-content\/uploads\/2023\/10\/RMC-500250.png","width":500,"height":250,"caption":"R\u00e9plique Manga Cin\u00e9"},"image":{"@id":"https:\/\/repliquemangacine.fr\/#\/schema\/logo\/image\/"},"sameAs":["https:\/\/www.facebook.com\/RepliqueMangaCine","https:\/\/www.instagram.com\/repliquemangacine.fr\/"]}]}},"_links":{"self":[{"href":"https:\/\/repliquemangacine.fr\/it\/wp-json\/wp\/v2\/product\/94169","targetHints":{"allow":["GET"]}}],"collection":[{"href":"https:\/\/repliquemangacine.fr\/it\/wp-json\/wp\/v2\/product"}],"about":[{"href":"https:\/\/repliquemangacine.fr\/it\/wp-json\/wp\/v2\/types\/product"}],"wp:featuredmedia":[{"embeddable":true,"href":"https:\/\/repliquemangacine.fr\/it\/wp-json\/wp\/v2\/media\/94172"}],"wp:attachment":[{"href":"https:\/\/repliquemangacine.fr\/it\/wp-json\/wp\/v2\/media?parent=94169"}],"wp:term":[{"taxonomy":"product_brand","embeddable":true,"href":"https:\/\/repliquemangacine.fr\/it\/wp-json\/wp\/v2\/product_brand?post=94169"},{"taxonomy":"product_cat","embeddable":true,"href":"https:\/\/repliquemangacine.fr\/it\/wp-json\/wp\/v2\/product_cat?post=94169"},{"taxonomy":"product_tag","embeddable":true,"href":"https:\/\/repliquemangacine.fr\/it\/wp-json\/wp\/v2\/product_tag?post=94169"}],"curies":[{"name":"wp","href":"https:\/\/api.w.org\/{rel}","templated":true}]}}