





{"id":92165,"date":"2025-12-05T11:23:50","date_gmt":"2025-12-05T10:23:50","guid":{"rendered":"https:\/\/repliquemangacine.fr\/?post_type=product&#038;p=92165"},"modified":"2026-03-04T22:18:45","modified_gmt":"2026-03-04T21:18:45","slug":"fucile-m16-guerra-del-vietnam-1967","status":"publish","type":"product","link":"https:\/\/repliquemangacine.fr\/it\/fusil-d-assaut-fusil-moderne\/fusil-m16-guerre-du-viet-nam-1967\/","title":{"rendered":"Fucile M16 Guerra del Vietnam 1967"},"content":{"rendered":"<h2>Il leggendario fucile M16 A1 del 1967: una replica storica imperdibile<\/h2>\n<p>Con questo <strong>Fucile M16<\/strong> del 1967 firmato <a href=\"https:\/\/www.denix.fr\/fr\/catalogue\/armes-modernes-1945-1982\/carabines-carabines-et-fusils\/9133\/\" target=\"_blank\" rel=\"noopener noreferrer\">Denix<\/a>, ci ritroviamo catapultati nel pieno della guerra del Vietnam. Questa replica interamente realizzata in metallo zamac e ABS stampato offre un realismo sorprendente. In particolare grazie al caricatore rimovibile, alla simulazione di caricamento e al meccanismo di sparo fittizio. La tracolla in tessuto aggiunge un tocco finale autentico, perfetto per esporla con orgoglio o completare un cosplay militare ultra fedele. Inoltre, il suo peso equilibrato e la finitura nera opaca ricordano immediatamente l'arma emblematica dei GI. Questo pezzo diventa quindi la scelta ideale per gli appassionati di storia, i collezionisti esigenti o gli amanti delle rievocazioni storiche. Di conseguenza, questa replica dell'M16A1 incarna perfettamente la potenza visiva e l'aura leggendaria di un'arma che ha segnato la sua epoca.<\/p>\n<h2>Fucile M16: un'icona militare diventata simbolo di una generazione<\/h2>\n<p>L'M16A1 \u00e8 molto pi\u00f9 di un fucile: \u00e8 l'emblema tecnologico e culturale di un conflitto decisivo. Utilizzato massicciamente dall'esercito americano a partire dal 1967, ha rivoluzionato la concezione dei fucili d'assalto grazie alla sua leggerezza, alla sua cadenza di fuoco e al suo design futuristico per l'epoca. Nei film, nelle serie televisive o nei videogiochi, simboleggia la tensione delle giungle vietnamite e la modernizzazione delle armi moderne. Da allora, questa replica Denix permette di cogliere tutta l'importanza storica di quest'arma diventata mitica. Il suo aspetto cos\u00ec particolare evoca innumerevoli scene iconiche, rendendo l'oggetto immediatamente riconoscibile. Cos\u00ec, per un collezionista, possedere l'M16A1 significa tenere tra le mani un vero pezzo di storia. Un frammento materiale dell'evoluzione militare del XX secolo.<\/p>\n<h2>R\u00e9plique Manga Cin\u00e9: il punto di riferimento per le armi storiche della Seconda Guerra Mondiale<\/h2>\n<p>Per gli appassionati di storia militare, R\u00e9plique Manga Cin\u00e9 offre anche un'ampia scelta di repliche emblematiche della Seconda Guerra Mondiale e dello Sbarco in Normandia. Ad esempio, la <a href=\"https:\/\/repliquemangacine.fr\/it\/denix\/replica-della-mitragliatrice-mg34-con-treppiedi-denix\/\">Mitragliatrice MG-34<\/a>, vera icona dell'arsenale tedesco, colpisce per il suo realismo e la sua robusta finitura. Allo stesso modo, il <a href=\"https:\/\/repliquemangacine.fr\/it\/denix\/mitragliatrice-subacquea-mp40\/\">Mitragliatrice MP40<\/a>, arma indispensabile dei paracadutisti e delle unit\u00e0 motorizzate, completa perfettamente una collezione dedicata a quell'epoca. Inoltre, la replica del <a href=\"https:\/\/repliquemangacine.fr\/it\/riproduzione-armi-seconda-guerra-mondiale-denix\/fucile-m1-garand\/\">fucile Garand M1<\/a>, il primo fucile semiautomatico adottato dalle forze armate americane, rimane un must per gli appassionati di rievocazioni storiche. Infine, il <a href=\"https:\/\/repliquemangacine.fr\/it\/riproduzione-armi-seconda-guerra-mondiale-denix\/pistola-automatica-m1911a1-con-patina-e-finitura-antica\/\">pistola automatica M1911A1<\/a> patinato e invecchiato conferisce un tocco di autenticit\u00e0, che ricorda le armi portate dai soldati americani. Grazie a questi dettagli, la tua collezione rimane composta da repliche ricche di storia.<\/p>","protected":false},"excerpt":{"rendered":"<p>Rivivi l'intensit\u00e0 del Vietnam con questa replica del fucile d'assalto M16 A1 Denix, l'arma leggendaria dei G.I. finalmente nelle tue mani.<\/p>\n<ul>\n<li>Tutto in metallo e ABS stampato (calcio e canna).<\/li>\n<li>Parti metalliche in Zamac.<\/li>\n<li>Caricatore rimovibile.<\/li>\n<li>Simulazione di carico e sparo  (Si arma e colpisce).<\/li>\n<li>Non idoneo a sparare.<\/li>\n<li>Fornito con tracolla in tessuto<\/li>\n<li>Non \u00e8 richiesta alcuna autorizzazione. Vendita e possesso gratuiti<\/li>\n<li>Lunghezza totale: 98 cm \u2013 Peso: 3608 g<\/li>\n<\/ul>","protected":false},"featured_media":92169,"template":"","meta":[],"product_brand":[],"product_cat":[25,46,107,28,76],"product_tag":[],"class_list":{"0":"post-92165","1":"product","2":"type-product","3":"status-publish","4":"has-post-thumbnail","6":"product_cat-armes-historiques","7":"product_cat-fusil-d-assaut-fusil-moderne","8":"product_cat-nouveautes","9":"product_cat-repliques-darmes","10":"product_cat-reproductions-armes-seconde-guerre-mondiale-denix","12":"first","13":"instock","14":"taxable","15":"shipping-taxable","16":"purchasable","17":"product-type-simple"},"yoast_head":"<!-- This site is optimized with the Yoast SEO plugin v27.5 - https:\/\/yoast.com\/product\/yoast-seo-wordpress\/ -->\n<title>Fusil M16 Guerre du Vi\u00eat-nam 1967 - R\u00e9plique Manga Cin\u00e9<\/title>\n<meta name=\"description\" content=\"Fusil M16 Guerre du Vi\u00eat-nam Denix : m\u00e9tal r\u00e9aliste, chargeur amovible, simulation de tirs. R\u00e9plique historique id\u00e9ale collection, d\u00e9co ou reconstitution.\" \/>\n<meta name=\"robots\" content=\"index, follow, max-snippet:-1, max-image-preview:large, max-video-preview:-1\" \/>\n<link rel=\"canonical\" href=\"https:\/\/repliquemangacine.fr\/it\/fucile-dassalto-fucile-moderno\/fucile-m16-guerra-del-vietnam-1967\/\" \/>\n<meta property=\"og:locale\" content=\"it_IT\" \/>\n<meta property=\"og:type\" content=\"article\" \/>\n<meta property=\"og:title\" content=\"Fusil M16 Guerre du Vi\u00eat-nam 1967 - R\u00e9plique Manga Cin\u00e9\" \/>\n<meta property=\"og:description\" content=\"Fusil M16 Guerre du Vi\u00eat-nam Denix : m\u00e9tal r\u00e9aliste, chargeur amovible, simulation de tirs. R\u00e9plique historique id\u00e9ale collection, d\u00e9co ou reconstitution.\" \/>\n<meta property=\"og:url\" content=\"https:\/\/repliquemangacine.fr\/it\/fucile-dassalto-fucile-moderno\/fucile-m16-guerra-del-vietnam-1967\/\" \/>\n<meta property=\"og:site_name\" content=\"R\u00e9plique Manga Cin\u00e9\" \/>\n<meta property=\"article:publisher\" content=\"https:\/\/www.facebook.com\/RepliqueMangaCine\" \/>\n<meta property=\"article:modified_time\" content=\"2026-03-04T21:18:45+00:00\" \/>\n<meta property=\"og:image\" content=\"https:\/\/repliquemangacine.fr\/wp-content\/uploads\/2025\/12\/Fusil-M16A1-Guerre-Vietnam.jpg\" \/>\n\t<meta property=\"og:image:width\" content=\"700\" \/>\n\t<meta property=\"og:image:height\" content=\"700\" \/>\n\t<meta property=\"og:image:type\" content=\"image\/jpeg\" \/>\n<meta name=\"twitter:card\" content=\"summary_large_image\" \/>\n<meta name=\"twitter:label1\" content=\"Tempo di lettura stimato\" \/>\n\t<meta name=\"twitter:data1\" content=\"3 minuti\" \/>\n<script type=\"application\/ld+json\" class=\"yoast-schema-graph\">{\"@context\":\"https:\\\/\\\/schema.org\",\"@graph\":[{\"@type\":\"WebPage\",\"@id\":\"https:\\\/\\\/repliquemangacine.fr\\\/fusil-d-assaut-fusil-moderne\\\/fusil-m16-guerre-du-viet-nam-1967\\\/\",\"url\":\"https:\\\/\\\/repliquemangacine.fr\\\/fusil-d-assaut-fusil-moderne\\\/fusil-m16-guerre-du-viet-nam-1967\\\/\",\"name\":\"Fusil M16 Guerre du Vi\u00eat-nam 1967 - R\u00e9plique Manga Cin\u00e9\",\"isPartOf\":{\"@id\":\"https:\\\/\\\/repliquemangacine.fr\\\/#website\"},\"primaryImageOfPage\":{\"@id\":\"https:\\\/\\\/repliquemangacine.fr\\\/fusil-d-assaut-fusil-moderne\\\/fusil-m16-guerre-du-viet-nam-1967\\\/#primaryimage\"},\"image\":{\"@id\":\"https:\\\/\\\/repliquemangacine.fr\\\/fusil-d-assaut-fusil-moderne\\\/fusil-m16-guerre-du-viet-nam-1967\\\/#primaryimage\"},\"thumbnailUrl\":\"https:\\\/\\\/repliquemangacine.fr\\\/wp-content\\\/uploads\\\/2025\\\/12\\\/Fusil-M16A1-Guerre-Vietnam.jpg\",\"datePublished\":\"2025-12-05T10:23:50+00:00\",\"dateModified\":\"2026-03-04T21:18:45+00:00\",\"description\":\"Fusil M16 Guerre du Vi\u00eat-nam Denix : m\u00e9tal r\u00e9aliste, chargeur amovible, simulation de tirs. R\u00e9plique historique id\u00e9ale collection, d\u00e9co ou reconstitution.\",\"breadcrumb\":{\"@id\":\"https:\\\/\\\/repliquemangacine.fr\\\/fusil-d-assaut-fusil-moderne\\\/fusil-m16-guerre-du-viet-nam-1967\\\/#breadcrumb\"},\"inLanguage\":\"it-IT\",\"potentialAction\":[{\"@type\":\"ReadAction\",\"target\":[\"https:\\\/\\\/repliquemangacine.fr\\\/fusil-d-assaut-fusil-moderne\\\/fusil-m16-guerre-du-viet-nam-1967\\\/\"]}]},{\"@type\":\"ImageObject\",\"inLanguage\":\"it-IT\",\"@id\":\"https:\\\/\\\/repliquemangacine.fr\\\/fusil-d-assaut-fusil-moderne\\\/fusil-m16-guerre-du-viet-nam-1967\\\/#primaryimage\",\"url\":\"https:\\\/\\\/repliquemangacine.fr\\\/wp-content\\\/uploads\\\/2025\\\/12\\\/Fusil-M16A1-Guerre-Vietnam.jpg\",\"contentUrl\":\"https:\\\/\\\/repliquemangacine.fr\\\/wp-content\\\/uploads\\\/2025\\\/12\\\/Fusil-M16A1-Guerre-Vietnam.jpg\",\"width\":700,\"height\":700,\"caption\":\"Fusil M16 Guerre du Vi\u00eat-nam 1967\"},{\"@type\":\"BreadcrumbList\",\"@id\":\"https:\\\/\\\/repliquemangacine.fr\\\/fusil-d-assaut-fusil-moderne\\\/fusil-m16-guerre-du-viet-nam-1967\\\/#breadcrumb\",\"itemListElement\":[{\"@type\":\"ListItem\",\"position\":1,\"name\":\"Accueil\",\"item\":\"https:\\\/\\\/repliquemangacine.fr\\\/\"},{\"@type\":\"ListItem\",\"position\":2,\"name\":\"Produits\",\"item\":\"https:\\\/\\\/repliquemangacine.fr\\\/boutique\\\/\"},{\"@type\":\"ListItem\",\"position\":3,\"name\":\"Fusil M16 Guerre du Vi\u00eat-nam 1967\"}]},{\"@type\":\"WebSite\",\"@id\":\"https:\\\/\\\/repliquemangacine.fr\\\/#website\",\"url\":\"https:\\\/\\\/repliquemangacine.fr\\\/\",\"name\":\"R\u00e9plique Manga Cin\u00e9\",\"description\":\"\",\"publisher\":{\"@id\":\"https:\\\/\\\/repliquemangacine.fr\\\/#organization\"},\"potentialAction\":[{\"@type\":\"SearchAction\",\"target\":{\"@type\":\"EntryPoint\",\"urlTemplate\":\"https:\\\/\\\/repliquemangacine.fr\\\/?s={search_term_string}\"},\"query-input\":{\"@type\":\"PropertyValueSpecification\",\"valueRequired\":true,\"valueName\":\"search_term_string\"}}],\"inLanguage\":\"it-IT\"},{\"@type\":\"Organization\",\"@id\":\"https:\\\/\\\/repliquemangacine.fr\\\/#organization\",\"name\":\"R\u00e9plique Manga Cin\u00e9\",\"url\":\"https:\\\/\\\/repliquemangacine.fr\\\/\",\"logo\":{\"@type\":\"ImageObject\",\"inLanguage\":\"it-IT\",\"@id\":\"https:\\\/\\\/repliquemangacine.fr\\\/#\\\/schema\\\/logo\\\/image\\\/\",\"url\":\"https:\\\/\\\/repliquemangacine.fr\\\/wp-content\\\/uploads\\\/2023\\\/10\\\/RMC-500250.png\",\"contentUrl\":\"https:\\\/\\\/repliquemangacine.fr\\\/wp-content\\\/uploads\\\/2023\\\/10\\\/RMC-500250.png\",\"width\":500,\"height\":250,\"caption\":\"R\u00e9plique Manga Cin\u00e9\"},\"image\":{\"@id\":\"https:\\\/\\\/repliquemangacine.fr\\\/#\\\/schema\\\/logo\\\/image\\\/\"},\"sameAs\":[\"https:\\\/\\\/www.facebook.com\\\/RepliqueMangaCine\",\"https:\\\/\\\/www.instagram.com\\\/repliquemangacine.fr\\\/\"]}]}<\/script>\n<!-- \/ Yoast SEO plugin. -->","yoast_head_json":{"title":"Fucile M16 Guerra del Vietnam 1967 - R\u00e9plique Manga Cin\u00e9","description":"Fucile M16 Guerra del Vietnam Denix: metallo realistico, caricatore rimovibile, simulazione di spari. Replica storica ideale per collezioni, decorazioni o rievocazioni storiche.","robots":{"index":"index","follow":"follow","max-snippet":"max-snippet:-1","max-image-preview":"max-image-preview:large","max-video-preview":"max-video-preview:-1"},"canonical":"https:\/\/repliquemangacine.fr\/it\/fucile-dassalto-fucile-moderno\/fucile-m16-guerra-del-vietnam-1967\/","og_locale":"it_IT","og_type":"article","og_title":"Fusil M16 Guerre du Vi\u00eat-nam 1967 - R\u00e9plique Manga Cin\u00e9","og_description":"Fusil M16 Guerre du Vi\u00eat-nam Denix : m\u00e9tal r\u00e9aliste, chargeur amovible, simulation de tirs. R\u00e9plique historique id\u00e9ale collection, d\u00e9co ou reconstitution.","og_url":"https:\/\/repliquemangacine.fr\/it\/fucile-dassalto-fucile-moderno\/fucile-m16-guerra-del-vietnam-1967\/","og_site_name":"R\u00e9plique Manga Cin\u00e9","article_publisher":"https:\/\/www.facebook.com\/RepliqueMangaCine","article_modified_time":"2026-03-04T21:18:45+00:00","og_image":[{"width":700,"height":700,"url":"https:\/\/repliquemangacine.fr\/wp-content\/uploads\/2025\/12\/Fusil-M16A1-Guerre-Vietnam.jpg","type":"image\/jpeg"}],"twitter_card":"summary_large_image","twitter_misc":{"Tempo di lettura stimato":"3 minuti"},"schema":{"@context":"https:\/\/schema.org","@graph":[{"@type":"WebPage","@id":"https:\/\/repliquemangacine.fr\/fusil-d-assaut-fusil-moderne\/fusil-m16-guerre-du-viet-nam-1967\/","url":"https:\/\/repliquemangacine.fr\/fusil-d-assaut-fusil-moderne\/fusil-m16-guerre-du-viet-nam-1967\/","name":"Fucile M16 Guerra del Vietnam 1967 - R\u00e9plique Manga Cin\u00e9","isPartOf":{"@id":"https:\/\/repliquemangacine.fr\/#website"},"primaryImageOfPage":{"@id":"https:\/\/repliquemangacine.fr\/fusil-d-assaut-fusil-moderne\/fusil-m16-guerre-du-viet-nam-1967\/#primaryimage"},"image":{"@id":"https:\/\/repliquemangacine.fr\/fusil-d-assaut-fusil-moderne\/fusil-m16-guerre-du-viet-nam-1967\/#primaryimage"},"thumbnailUrl":"https:\/\/repliquemangacine.fr\/wp-content\/uploads\/2025\/12\/Fusil-M16A1-Guerre-Vietnam.jpg","datePublished":"2025-12-05T10:23:50+00:00","dateModified":"2026-03-04T21:18:45+00:00","description":"Fucile M16 Guerra del Vietnam Denix: metallo realistico, caricatore rimovibile, simulazione di spari. Replica storica ideale per collezioni, decorazioni o rievocazioni storiche.","breadcrumb":{"@id":"https:\/\/repliquemangacine.fr\/fusil-d-assaut-fusil-moderne\/fusil-m16-guerre-du-viet-nam-1967\/#breadcrumb"},"inLanguage":"it-IT","potentialAction":[{"@type":"ReadAction","target":["https:\/\/repliquemangacine.fr\/fusil-d-assaut-fusil-moderne\/fusil-m16-guerre-du-viet-nam-1967\/"]}]},{"@type":"ImageObject","inLanguage":"it-IT","@id":"https:\/\/repliquemangacine.fr\/fusil-d-assaut-fusil-moderne\/fusil-m16-guerre-du-viet-nam-1967\/#primaryimage","url":"https:\/\/repliquemangacine.fr\/wp-content\/uploads\/2025\/12\/Fusil-M16A1-Guerre-Vietnam.jpg","contentUrl":"https:\/\/repliquemangacine.fr\/wp-content\/uploads\/2025\/12\/Fusil-M16A1-Guerre-Vietnam.jpg","width":700,"height":700,"caption":"Fusil M16 Guerre du Vi\u00eat-nam 1967"},{"@type":"BreadcrumbList","@id":"https:\/\/repliquemangacine.fr\/fusil-d-assaut-fusil-moderne\/fusil-m16-guerre-du-viet-nam-1967\/#breadcrumb","itemListElement":[{"@type":"ListItem","position":1,"name":"Accueil","item":"https:\/\/repliquemangacine.fr\/"},{"@type":"ListItem","position":2,"name":"Produits","item":"https:\/\/repliquemangacine.fr\/boutique\/"},{"@type":"ListItem","position":3,"name":"Fusil M16 Guerre du Vi\u00eat-nam 1967"}]},{"@type":"WebSite","@id":"https:\/\/repliquemangacine.fr\/#website","url":"https:\/\/repliquemangacine.fr\/","name":"R\u00e9plique Manga Cin\u00e9","description":"","publisher":{"@id":"https:\/\/repliquemangacine.fr\/#organization"},"potentialAction":[{"@type":"SearchAction","target":{"@type":"EntryPoint","urlTemplate":"https:\/\/repliquemangacine.fr\/?s={search_term_string}"},"query-input":{"@type":"PropertyValueSpecification","valueRequired":true,"valueName":"search_term_string"}}],"inLanguage":"it-IT"},{"@type":"Organization","@id":"https:\/\/repliquemangacine.fr\/#organization","name":"R\u00e9plique Manga Cin\u00e9","url":"https:\/\/repliquemangacine.fr\/","logo":{"@type":"ImageObject","inLanguage":"it-IT","@id":"https:\/\/repliquemangacine.fr\/#\/schema\/logo\/image\/","url":"https:\/\/repliquemangacine.fr\/wp-content\/uploads\/2023\/10\/RMC-500250.png","contentUrl":"https:\/\/repliquemangacine.fr\/wp-content\/uploads\/2023\/10\/RMC-500250.png","width":500,"height":250,"caption":"R\u00e9plique Manga Cin\u00e9"},"image":{"@id":"https:\/\/repliquemangacine.fr\/#\/schema\/logo\/image\/"},"sameAs":["https:\/\/www.facebook.com\/RepliqueMangaCine","https:\/\/www.instagram.com\/repliquemangacine.fr\/"]}]}},"_links":{"self":[{"href":"https:\/\/repliquemangacine.fr\/it\/wp-json\/wp\/v2\/product\/92165","targetHints":{"allow":["GET"]}}],"collection":[{"href":"https:\/\/repliquemangacine.fr\/it\/wp-json\/wp\/v2\/product"}],"about":[{"href":"https:\/\/repliquemangacine.fr\/it\/wp-json\/wp\/v2\/types\/product"}],"wp:featuredmedia":[{"embeddable":true,"href":"https:\/\/repliquemangacine.fr\/it\/wp-json\/wp\/v2\/media\/92169"}],"wp:attachment":[{"href":"https:\/\/repliquemangacine.fr\/it\/wp-json\/wp\/v2\/media?parent=92165"}],"wp:term":[{"taxonomy":"product_brand","embeddable":true,"href":"https:\/\/repliquemangacine.fr\/it\/wp-json\/wp\/v2\/product_brand?post=92165"},{"taxonomy":"product_cat","embeddable":true,"href":"https:\/\/repliquemangacine.fr\/it\/wp-json\/wp\/v2\/product_cat?post=92165"},{"taxonomy":"product_tag","embeddable":true,"href":"https:\/\/repliquemangacine.fr\/it\/wp-json\/wp\/v2\/product_tag?post=92165"}],"curies":[{"name":"wp","href":"https:\/\/api.w.org\/{rel}","templated":true}]}}