





{"id":91203,"date":"2025-11-23T16:56:24","date_gmt":"2025-11-23T15:56:24","guid":{"rendered":"https:\/\/repliquemangacine.fr\/?post_type=product&#038;p=91203"},"modified":"2026-04-15T12:06:20","modified_gmt":"2026-04-15T10:06:20","slug":"spada-incatenata-di-ciri","status":"publish","type":"product","link":"https:\/\/repliquemangacine.fr\/it\/epee-the-witcher\/epee-enchainee-de-ciri\/","title":{"rendered":"Spada incatenata di Ciri"},"content":{"rendered":"<h2>Spada incatenata di Ciri: una lama mistica<\/h2>\n<p>Innanzitutto, questa <strong>Spada incatenata di Ciri<\/strong> Una replica ispirata all'iconica lama della Lupa Bianca in The Witcher. La sua silhouette slanciata combina acciaio lucido e raffinate incisioni lungo la lama. L'elsa metallica presenta forme angolari e asimmetriche che richiamano la magia instabile manipolata da Ciri. L'impugnatura avvolgente consente una presa comoda e salda. Inoltre, la spada \u00e8 dotata di un fodero nero con motivi cuciti e di un sistema di aggancio alla cintura. \u00c8 quindi adatta sia ai collezionisti che ai cosplayer che desiderano incarnare un'eroina in grado di attraversare i mondi.<\/p>\n<h2>L'arma di una figlia del Sangue Antico<\/h2>\n<p>Per cominciare, nella saga <a href=\"https:\/\/witcher-archive.fandom.com\/fr\/wiki\/Accueil\" target=\"_blank\" rel=\"noopener noreferrer\">Il cacciatore<\/a>, Ciri non \u00e8 una semplice combattente. \u00c8 l'erede di un potere ancestrale, in grado di manipolare lo spazio e il tempo. La sua spada riflette questo destino spezzato e la sua progressiva padronanza del combattimento sotto l'addestramento di Geralt e Yennefer. Ogni dettaglio rimanda alle sue origini reali, ma anche al suo tragico percorso. Questa replica evoca i suoi scontri contro i Cacciatori Selvaggi e i suoi viaggi interdimensionali. Possedere questa lama significa celebrare una delle eroine pi\u00f9 potenti e misteriose dell'universo di The Witcher.<\/p>\n<h2>Una collezione completa di The Witcher su R\u00e9plique Manga Cin\u00e9<\/h2>\n<p>Questa spada fa parte di una straordinaria gamma di repliche ispirate all'universo di The Witcher, disponibile su R\u00e9plique Manga Cin\u00e9. Vi si trova ad esempio l\u2019<a href=\"https:\/\/repliquemangacine.fr\/it\/spada-il-cacciatore\/spilla-argent-geralt-de-riv-the-witcher\/\">Spada d'argento di Geralt di Rivia<\/a>, vestita interamente di bianco per dare la caccia a bestie e spettri. Inoltre, l\u2019<a href=\"https:\/\/repliquemangacine.fr\/it\/spada-il-cacciatore\/spada-dello-stregone-geralt-de-riv-the-witcher-stagione-2\/\">Spada dello strigo di Geralt di Riv<\/a> rende omaggio alla sua arma preferita durante i combattimenti terrestri. Infine, la T<a href=\"https:\/\/repliquemangacine.fr\/it\/spada-il-cacciatore\/epee-twin-wolf-geralt-de-riv-the-witcher-3-lame-gravee\/\">win Wolf Grav\u00e9e tratto da The Witcher 3<\/a> conferisce uno stile pi\u00f9 selvaggio con il suo iconico emblema del lupo. Grazie a questi vari pezzi, ogni collezionista pu\u00f2 riunire l'arsenale completo di un cacciatore di mostri. Esplora le nostre repliche per perseguire il tuo destino di Sorceleur.<\/p>","protected":false},"excerpt":{"rendered":"<p>Domina le sfere con la Spada Incatenata di Ciri, una lama mistica ispirata a The Witcher, creata per i cacciatori di dimensioni.<\/p>\n<ul>\n<li>Lama in acciaio lucido con incisioni dorate<\/li>\n<li>Protezione in acciaio appositamente sagomata<\/li>\n<li>Maniglia in metallo rivestita con filo di coron nero per una buona presa<\/li>\n<li>Manopola in acciaio massiccio<\/li>\n<li>Fodero in similpelle nera con finiture in metallo<\/li>\n<li>Lunghezza della lama: 92,5 cm \u2013 Lunghezza totale: 124,5 cm<\/li>\n<li>Peso: 2440 g con fodero<\/li>\n<\/ul>","protected":false},"featured_media":91204,"template":"","meta":[],"product_brand":[],"product_cat":[107,58],"product_tag":[],"class_list":{"0":"post-91203","1":"product","2":"type-product","3":"status-publish","4":"has-post-thumbnail","6":"product_cat-nouveautes","7":"product_cat-epee-the-witcher","9":"first","10":"instock","11":"taxable","12":"shipping-taxable","13":"purchasable","14":"product-type-simple"},"yoast_head":"<!-- This site is optimized with the Yoast SEO plugin v27.4 - https:\/\/yoast.com\/product\/yoast-seo-wordpress\/ -->\n<title>\u00c9p\u00e9e Encha\u00een\u00e9e de Ciri - R\u00e9plique Manga Cin\u00e9<\/title>\n<meta name=\"description\" content=\"\u00c9p\u00e9e Encha\u00een\u00e9e de Ciri The Witcher, acier grav\u00e9 avec fourreau et port ceinture. R\u00e9plique premium id\u00e9ale collection et exposition.\" \/>\n<meta name=\"robots\" content=\"index, follow, max-snippet:-1, max-image-preview:large, max-video-preview:-1\" \/>\n<link rel=\"canonical\" href=\"https:\/\/repliquemangacine.fr\/it\/spada-il-cacciatore\/spada-incatenata-di-ciri\/\" \/>\n<meta property=\"og:locale\" content=\"it_IT\" \/>\n<meta property=\"og:type\" content=\"article\" \/>\n<meta property=\"og:title\" content=\"\u00c9p\u00e9e Encha\u00een\u00e9e de Ciri - R\u00e9plique Manga Cin\u00e9\" \/>\n<meta property=\"og:description\" content=\"\u00c9p\u00e9e Encha\u00een\u00e9e de Ciri The Witcher, acier grav\u00e9 avec fourreau et port ceinture. R\u00e9plique premium id\u00e9ale collection et exposition.\" \/>\n<meta property=\"og:url\" content=\"https:\/\/repliquemangacine.fr\/it\/spada-il-cacciatore\/spada-incatenata-di-ciri\/\" \/>\n<meta property=\"og:site_name\" content=\"R\u00e9plique Manga Cin\u00e9\" \/>\n<meta property=\"article:publisher\" content=\"https:\/\/www.facebook.com\/RepliqueMangaCine\" \/>\n<meta property=\"article:modified_time\" content=\"2026-04-15T10:06:20+00:00\" \/>\n<meta property=\"og:image\" content=\"https:\/\/repliquemangacine.fr\/wp-content\/uploads\/2025\/11\/Epee-enchainee-de-Ciri-The-Witcher-4.jpg\" \/>\n\t<meta property=\"og:image:width\" content=\"700\" \/>\n\t<meta property=\"og:image:height\" content=\"700\" \/>\n\t<meta property=\"og:image:type\" content=\"image\/jpeg\" \/>\n<meta name=\"twitter:card\" content=\"summary_large_image\" \/>\n<meta name=\"twitter:label1\" content=\"Tempo di lettura stimato\" \/>\n\t<meta name=\"twitter:data1\" content=\"2 minuti\" \/>\n<script type=\"application\/ld+json\" class=\"yoast-schema-graph\">{\"@context\":\"https:\\\/\\\/schema.org\",\"@graph\":[{\"@type\":\"WebPage\",\"@id\":\"https:\\\/\\\/repliquemangacine.fr\\\/epee-the-witcher\\\/epee-enchainee-de-ciri\\\/\",\"url\":\"https:\\\/\\\/repliquemangacine.fr\\\/epee-the-witcher\\\/epee-enchainee-de-ciri\\\/\",\"name\":\"\u00c9p\u00e9e Encha\u00een\u00e9e de Ciri - R\u00e9plique Manga Cin\u00e9\",\"isPartOf\":{\"@id\":\"https:\\\/\\\/repliquemangacine.fr\\\/#website\"},\"primaryImageOfPage\":{\"@id\":\"https:\\\/\\\/repliquemangacine.fr\\\/epee-the-witcher\\\/epee-enchainee-de-ciri\\\/#primaryimage\"},\"image\":{\"@id\":\"https:\\\/\\\/repliquemangacine.fr\\\/epee-the-witcher\\\/epee-enchainee-de-ciri\\\/#primaryimage\"},\"thumbnailUrl\":\"https:\\\/\\\/repliquemangacine.fr\\\/wp-content\\\/uploads\\\/2025\\\/11\\\/Epee-enchainee-de-Ciri-The-Witcher-4.jpg\",\"datePublished\":\"2025-11-23T15:56:24+00:00\",\"dateModified\":\"2026-04-15T10:06:20+00:00\",\"description\":\"\u00c9p\u00e9e Encha\u00een\u00e9e de Ciri The Witcher, acier grav\u00e9 avec fourreau et port ceinture. R\u00e9plique premium id\u00e9ale collection et exposition.\",\"breadcrumb\":{\"@id\":\"https:\\\/\\\/repliquemangacine.fr\\\/epee-the-witcher\\\/epee-enchainee-de-ciri\\\/#breadcrumb\"},\"inLanguage\":\"it-IT\",\"potentialAction\":[{\"@type\":\"ReadAction\",\"target\":[\"https:\\\/\\\/repliquemangacine.fr\\\/epee-the-witcher\\\/epee-enchainee-de-ciri\\\/\"]}]},{\"@type\":\"ImageObject\",\"inLanguage\":\"it-IT\",\"@id\":\"https:\\\/\\\/repliquemangacine.fr\\\/epee-the-witcher\\\/epee-enchainee-de-ciri\\\/#primaryimage\",\"url\":\"https:\\\/\\\/repliquemangacine.fr\\\/wp-content\\\/uploads\\\/2025\\\/11\\\/Epee-enchainee-de-Ciri-The-Witcher-4.jpg\",\"contentUrl\":\"https:\\\/\\\/repliquemangacine.fr\\\/wp-content\\\/uploads\\\/2025\\\/11\\\/Epee-enchainee-de-Ciri-The-Witcher-4.jpg\",\"width\":700,\"height\":700,\"caption\":\"\u00c9p\u00e9e Encha\u00een\u00e9e de Ciri the Witcher\"},{\"@type\":\"BreadcrumbList\",\"@id\":\"https:\\\/\\\/repliquemangacine.fr\\\/epee-the-witcher\\\/epee-enchainee-de-ciri\\\/#breadcrumb\",\"itemListElement\":[{\"@type\":\"ListItem\",\"position\":1,\"name\":\"Accueil\",\"item\":\"https:\\\/\\\/repliquemangacine.fr\\\/\"},{\"@type\":\"ListItem\",\"position\":2,\"name\":\"Produits\",\"item\":\"https:\\\/\\\/repliquemangacine.fr\\\/boutique\\\/\"},{\"@type\":\"ListItem\",\"position\":3,\"name\":\"\u00c9p\u00e9e Encha\u00een\u00e9e de Ciri\"}]},{\"@type\":\"WebSite\",\"@id\":\"https:\\\/\\\/repliquemangacine.fr\\\/#website\",\"url\":\"https:\\\/\\\/repliquemangacine.fr\\\/\",\"name\":\"R\u00e9plique Manga Cin\u00e9\",\"description\":\"\",\"publisher\":{\"@id\":\"https:\\\/\\\/repliquemangacine.fr\\\/#organization\"},\"potentialAction\":[{\"@type\":\"SearchAction\",\"target\":{\"@type\":\"EntryPoint\",\"urlTemplate\":\"https:\\\/\\\/repliquemangacine.fr\\\/?s={search_term_string}\"},\"query-input\":{\"@type\":\"PropertyValueSpecification\",\"valueRequired\":true,\"valueName\":\"search_term_string\"}}],\"inLanguage\":\"it-IT\"},{\"@type\":\"Organization\",\"@id\":\"https:\\\/\\\/repliquemangacine.fr\\\/#organization\",\"name\":\"R\u00e9plique Manga Cin\u00e9\",\"url\":\"https:\\\/\\\/repliquemangacine.fr\\\/\",\"logo\":{\"@type\":\"ImageObject\",\"inLanguage\":\"it-IT\",\"@id\":\"https:\\\/\\\/repliquemangacine.fr\\\/#\\\/schema\\\/logo\\\/image\\\/\",\"url\":\"https:\\\/\\\/repliquemangacine.fr\\\/wp-content\\\/uploads\\\/2023\\\/10\\\/RMC-500250.png\",\"contentUrl\":\"https:\\\/\\\/repliquemangacine.fr\\\/wp-content\\\/uploads\\\/2023\\\/10\\\/RMC-500250.png\",\"width\":500,\"height\":250,\"caption\":\"R\u00e9plique Manga Cin\u00e9\"},\"image\":{\"@id\":\"https:\\\/\\\/repliquemangacine.fr\\\/#\\\/schema\\\/logo\\\/image\\\/\"},\"sameAs\":[\"https:\\\/\\\/www.facebook.com\\\/RepliqueMangaCine\",\"https:\\\/\\\/www.instagram.com\\\/repliquemangacine.fr\\\/\"]}]}<\/script>\n<!-- \/ Yoast SEO plugin. -->","yoast_head_json":{"title":"Spada incatenata di Ciri - R\u00e9plique Manga Cin\u00e9","description":"Spada incatenata di Ciri The Witcher, acciaio inciso con fodero e cintura. Replica premium ideale per collezioni ed esposizioni.","robots":{"index":"index","follow":"follow","max-snippet":"max-snippet:-1","max-image-preview":"max-image-preview:large","max-video-preview":"max-video-preview:-1"},"canonical":"https:\/\/repliquemangacine.fr\/it\/spada-il-cacciatore\/spada-incatenata-di-ciri\/","og_locale":"it_IT","og_type":"article","og_title":"\u00c9p\u00e9e Encha\u00een\u00e9e de Ciri - R\u00e9plique Manga Cin\u00e9","og_description":"\u00c9p\u00e9e Encha\u00een\u00e9e de Ciri The Witcher, acier grav\u00e9 avec fourreau et port ceinture. R\u00e9plique premium id\u00e9ale collection et exposition.","og_url":"https:\/\/repliquemangacine.fr\/it\/spada-il-cacciatore\/spada-incatenata-di-ciri\/","og_site_name":"R\u00e9plique Manga Cin\u00e9","article_publisher":"https:\/\/www.facebook.com\/RepliqueMangaCine","article_modified_time":"2026-04-15T10:06:20+00:00","og_image":[{"width":700,"height":700,"url":"https:\/\/repliquemangacine.fr\/wp-content\/uploads\/2025\/11\/Epee-enchainee-de-Ciri-The-Witcher-4.jpg","type":"image\/jpeg"}],"twitter_card":"summary_large_image","twitter_misc":{"Tempo di lettura stimato":"2 minuti"},"schema":{"@context":"https:\/\/schema.org","@graph":[{"@type":"WebPage","@id":"https:\/\/repliquemangacine.fr\/epee-the-witcher\/epee-enchainee-de-ciri\/","url":"https:\/\/repliquemangacine.fr\/epee-the-witcher\/epee-enchainee-de-ciri\/","name":"Spada incatenata di Ciri - R\u00e9plique Manga Cin\u00e9","isPartOf":{"@id":"https:\/\/repliquemangacine.fr\/#website"},"primaryImageOfPage":{"@id":"https:\/\/repliquemangacine.fr\/epee-the-witcher\/epee-enchainee-de-ciri\/#primaryimage"},"image":{"@id":"https:\/\/repliquemangacine.fr\/epee-the-witcher\/epee-enchainee-de-ciri\/#primaryimage"},"thumbnailUrl":"https:\/\/repliquemangacine.fr\/wp-content\/uploads\/2025\/11\/Epee-enchainee-de-Ciri-The-Witcher-4.jpg","datePublished":"2025-11-23T15:56:24+00:00","dateModified":"2026-04-15T10:06:20+00:00","description":"Spada incatenata di Ciri The Witcher, acciaio inciso con fodero e cintura. Replica premium ideale per collezioni ed esposizioni.","breadcrumb":{"@id":"https:\/\/repliquemangacine.fr\/epee-the-witcher\/epee-enchainee-de-ciri\/#breadcrumb"},"inLanguage":"it-IT","potentialAction":[{"@type":"ReadAction","target":["https:\/\/repliquemangacine.fr\/epee-the-witcher\/epee-enchainee-de-ciri\/"]}]},{"@type":"ImageObject","inLanguage":"it-IT","@id":"https:\/\/repliquemangacine.fr\/epee-the-witcher\/epee-enchainee-de-ciri\/#primaryimage","url":"https:\/\/repliquemangacine.fr\/wp-content\/uploads\/2025\/11\/Epee-enchainee-de-Ciri-The-Witcher-4.jpg","contentUrl":"https:\/\/repliquemangacine.fr\/wp-content\/uploads\/2025\/11\/Epee-enchainee-de-Ciri-The-Witcher-4.jpg","width":700,"height":700,"caption":"\u00c9p\u00e9e Encha\u00een\u00e9e de Ciri the Witcher"},{"@type":"BreadcrumbList","@id":"https:\/\/repliquemangacine.fr\/epee-the-witcher\/epee-enchainee-de-ciri\/#breadcrumb","itemListElement":[{"@type":"ListItem","position":1,"name":"Accueil","item":"https:\/\/repliquemangacine.fr\/"},{"@type":"ListItem","position":2,"name":"Produits","item":"https:\/\/repliquemangacine.fr\/boutique\/"},{"@type":"ListItem","position":3,"name":"\u00c9p\u00e9e Encha\u00een\u00e9e de Ciri"}]},{"@type":"WebSite","@id":"https:\/\/repliquemangacine.fr\/#website","url":"https:\/\/repliquemangacine.fr\/","name":"R\u00e9plique Manga Cin\u00e9","description":"","publisher":{"@id":"https:\/\/repliquemangacine.fr\/#organization"},"potentialAction":[{"@type":"SearchAction","target":{"@type":"EntryPoint","urlTemplate":"https:\/\/repliquemangacine.fr\/?s={search_term_string}"},"query-input":{"@type":"PropertyValueSpecification","valueRequired":true,"valueName":"search_term_string"}}],"inLanguage":"it-IT"},{"@type":"Organization","@id":"https:\/\/repliquemangacine.fr\/#organization","name":"R\u00e9plique Manga Cin\u00e9","url":"https:\/\/repliquemangacine.fr\/","logo":{"@type":"ImageObject","inLanguage":"it-IT","@id":"https:\/\/repliquemangacine.fr\/#\/schema\/logo\/image\/","url":"https:\/\/repliquemangacine.fr\/wp-content\/uploads\/2023\/10\/RMC-500250.png","contentUrl":"https:\/\/repliquemangacine.fr\/wp-content\/uploads\/2023\/10\/RMC-500250.png","width":500,"height":250,"caption":"R\u00e9plique Manga Cin\u00e9"},"image":{"@id":"https:\/\/repliquemangacine.fr\/#\/schema\/logo\/image\/"},"sameAs":["https:\/\/www.facebook.com\/RepliqueMangaCine","https:\/\/www.instagram.com\/repliquemangacine.fr\/"]}]}},"_links":{"self":[{"href":"https:\/\/repliquemangacine.fr\/it\/wp-json\/wp\/v2\/product\/91203","targetHints":{"allow":["GET"]}}],"collection":[{"href":"https:\/\/repliquemangacine.fr\/it\/wp-json\/wp\/v2\/product"}],"about":[{"href":"https:\/\/repliquemangacine.fr\/it\/wp-json\/wp\/v2\/types\/product"}],"wp:featuredmedia":[{"embeddable":true,"href":"https:\/\/repliquemangacine.fr\/it\/wp-json\/wp\/v2\/media\/91204"}],"wp:attachment":[{"href":"https:\/\/repliquemangacine.fr\/it\/wp-json\/wp\/v2\/media?parent=91203"}],"wp:term":[{"taxonomy":"product_brand","embeddable":true,"href":"https:\/\/repliquemangacine.fr\/it\/wp-json\/wp\/v2\/product_brand?post=91203"},{"taxonomy":"product_cat","embeddable":true,"href":"https:\/\/repliquemangacine.fr\/it\/wp-json\/wp\/v2\/product_cat?post=91203"},{"taxonomy":"product_tag","embeddable":true,"href":"https:\/\/repliquemangacine.fr\/it\/wp-json\/wp\/v2\/product_tag?post=91203"}],"curies":[{"name":"wp","href":"https:\/\/api.w.org\/{rel}","templated":true}]}}