





{"id":91195,"date":"2025-11-23T16:35:13","date_gmt":"2025-11-23T15:35:13","guid":{"rendered":"https:\/\/repliquemangacine.fr\/?post_type=product&#038;p=91195"},"modified":"2025-11-30T20:12:03","modified_gmt":"2025-11-30T19:12:03","slug":"spada-reliquia-sacra-elden-ring","status":"publish","type":"product","link":"https:\/\/repliquemangacine.fr\/it\/elden-ring\/epee-relique-sacree-elden-ring\/","title":{"rendered":"Spada Sacra Reliquia Elden Ring"},"content":{"rendered":"<h2>Spada Sacra Reliquia: una lama dal design unico<\/h2>\n<p>Innanzitutto, l\u2019<strong>Spada Sacra Reliquia,<\/strong> \u00c8 IL trofeo definitivo del campione Sans-\u00c9clat, premio simbolico del boss finale di Elden Ring quando si segue il finale \u201cL'era della frattura\u201d.<\/p>\n<p>Va sottolineato che questa <strong>Spada Sacra Reliquia<\/strong> presenta una silhouette caratteristica e immediatamente riconoscibile. Una lama sottile, chiara e traforata che forma una struttura intrecciata. Il suo metallo testurizzato passa da tonalit\u00e0 argentate a sfumature dorate, evocando una reliquia divina sigillata nel tempo. L'elsa presenta motivi organici scolpiti che ricordano la radice dell'Elden e l'influenza della Bestia d'Oro. Viene fornita con un supporto da parete in legno, che consente un'esposizione nobile degna di un'arma sacra. La sua forma slanciata rafforza l'aspetto celeste di quest'arma destinata a coloro che hanno raggiunto la pi\u00f9 alta ascensione.<\/p>\n<h2>Simbolo del destino del Senza Splendore<\/h2>\n<p>Per cominciare, in <a href=\"https:\/\/eldenring.fandom.com\/wiki\/Elden_Ring_Wiki\" target=\"_blank\" rel=\"noopener noreferrer\">Anello di Elden<\/a>, la Sacra Spada Reliccia \u00e8 l'arma emblematica legata alla fine dell\u201c\u201dEra della Frattura\", che incarna il ripristino dell'Ordine d'Oro. Collegata al potere sacro della Bestia di Elden, permette di scatenare devastanti onde di luce, punendo i nemici corrotti e le creature del Caos. Ottenere quest'arma significa aver sconfitto le entit\u00e0 pi\u00f9 potenti dell'Entre-Terre e aver assunto il ruolo di Signore di Elden. In conclusione, non \u00e8 solo un'arma, ma un sigillo divino che dimostra che la volont\u00e0 dorata ti ha scelto. Esposta, racconta l'ascesa eroica del Senza Splendore.<\/p>\n<h2>Una collezione completa di Elden Ring su R\u00e9plique Manga Cin\u00e9<\/h2>\n<p>Questa spada entra a far parte di una prestigiosa selezione di armi dell'universo di Elden Ring proposta da R\u00e9plique Manga Cin\u00e9. Vi si trovano il <a href=\"https:\/\/repliquemangacine.fr\/it\/anello-di-elden\/grande-katana-cacciatore-di-draghi-elden-ring\/\">Grande Katana Cacciatore di Draghi<\/a>, lama rossa in acciaio ricoperta di spine minerali. Inoltre, la <a href=\"https:\/\/repliquemangacine.fr\/it\/anello-di-elden\/lama-di-richiamo-elden-ring\/\">pugnale Lama dell'Appello<\/a> rende omaggio agli assassini guidati dalla Grazia. Infine, il superbo <a href=\"https:\/\/repliquemangacine.fr\/it\/anello-di-elden\/rellana-elden-anello-lame-gemelle\/\">Set di due Lame Gemelle di Rellana<\/a> offre un design imperiale e celestiale. Grazie a queste varie repliche, ogni fan pu\u00f2 creare una collezione degna di un leggendario Sans-\u00c9clat. Scoprite quindi tutte le nostre armi per completare il vostro pantheon.<\/p>","protected":false},"excerpt":{"rendered":"<p>\u00c9p\u00e9e Relique Sacr\u00e9e:Une lame au design unique D&#8217;abord, l\u2019\u00c9p\u00e9e Relique Sacr\u00e9e, c\u2019est LE troph\u00e9e ultime du Sans-\u00c9clat champion, r\u00e9compense symbolique du boss final de Elden Ring quand on suit la fin \u201c\u00c2ge de la Fracture\u201d. Il faut souligner que cette \u00c9p\u00e9e Relique Sacr\u00e9e arbore la silhouette caract\u00e9ristique reconnaissable entre toutes. Une lame fine, claire et [&hellip;]<\/p>\n","protected":false},"featured_media":91197,"template":"","meta":[],"product_brand":[],"product_cat":[876,107],"product_tag":[],"class_list":{"0":"post-91195","1":"product","2":"type-product","3":"status-publish","4":"has-post-thumbnail","6":"product_cat-elden-ring","7":"product_cat-nouveautes","9":"first","10":"instock","11":"taxable","12":"shipping-taxable","13":"purchasable","14":"product-type-simple"},"yoast_head":"<!-- This site is optimized with the Yoast SEO plugin v27.4 - https:\/\/yoast.com\/product\/yoast-seo-wordpress\/ -->\n<title>\u00c9p\u00e9e Relique Sacr\u00e9e Elden Ring - R\u00e9plique Manga Cin\u00e9<\/title>\n<meta name=\"description\" content=\"\u00c9p\u00e9e Relique Sacr\u00e9e Elden Ring, lame dor\u00e9e ajour\u00e9e avec support mural. R\u00e9plique divine id\u00e9ale exposition et collection fantasy.\" \/>\n<meta name=\"robots\" content=\"index, follow, max-snippet:-1, max-image-preview:large, max-video-preview:-1\" \/>\n<link rel=\"canonical\" href=\"https:\/\/repliquemangacine.fr\/it\/anello-di-elden\/spada-reliquia-sacra-elden-ring\/\" \/>\n<meta property=\"og:locale\" content=\"it_IT\" \/>\n<meta property=\"og:type\" content=\"article\" \/>\n<meta property=\"og:title\" content=\"\u00c9p\u00e9e Relique Sacr\u00e9e Elden Ring - R\u00e9plique Manga Cin\u00e9\" \/>\n<meta property=\"og:description\" content=\"\u00c9p\u00e9e Relique Sacr\u00e9e Elden Ring, lame dor\u00e9e ajour\u00e9e avec support mural. R\u00e9plique divine id\u00e9ale exposition et collection fantasy.\" \/>\n<meta property=\"og:url\" content=\"https:\/\/repliquemangacine.fr\/it\/anello-di-elden\/spada-reliquia-sacra-elden-ring\/\" \/>\n<meta property=\"og:site_name\" content=\"R\u00e9plique Manga Cin\u00e9\" \/>\n<meta property=\"article:publisher\" content=\"https:\/\/www.facebook.com\/RepliqueMangaCine\" \/>\n<meta property=\"article:modified_time\" content=\"2025-11-30T19:12:03+00:00\" \/>\n<meta property=\"og:image\" content=\"https:\/\/repliquemangacine.fr\/wp-content\/uploads\/2025\/11\/Epee-Relique-Sacree.jpg\" \/>\n\t<meta property=\"og:image:width\" content=\"700\" \/>\n\t<meta property=\"og:image:height\" content=\"700\" \/>\n\t<meta property=\"og:image:type\" content=\"image\/jpeg\" \/>\n<meta name=\"twitter:card\" content=\"summary_large_image\" \/>\n<meta name=\"twitter:label1\" content=\"Tempo di lettura stimato\" \/>\n\t<meta name=\"twitter:data1\" content=\"2 minuti\" \/>\n<script type=\"application\/ld+json\" class=\"yoast-schema-graph\">{\"@context\":\"https:\\\/\\\/schema.org\",\"@graph\":[{\"@type\":\"WebPage\",\"@id\":\"https:\\\/\\\/repliquemangacine.fr\\\/elden-ring\\\/epee-relique-sacree-elden-ring\\\/\",\"url\":\"https:\\\/\\\/repliquemangacine.fr\\\/elden-ring\\\/epee-relique-sacree-elden-ring\\\/\",\"name\":\"\u00c9p\u00e9e Relique Sacr\u00e9e Elden Ring - R\u00e9plique Manga Cin\u00e9\",\"isPartOf\":{\"@id\":\"https:\\\/\\\/repliquemangacine.fr\\\/#website\"},\"primaryImageOfPage\":{\"@id\":\"https:\\\/\\\/repliquemangacine.fr\\\/elden-ring\\\/epee-relique-sacree-elden-ring\\\/#primaryimage\"},\"image\":{\"@id\":\"https:\\\/\\\/repliquemangacine.fr\\\/elden-ring\\\/epee-relique-sacree-elden-ring\\\/#primaryimage\"},\"thumbnailUrl\":\"https:\\\/\\\/repliquemangacine.fr\\\/wp-content\\\/uploads\\\/2025\\\/11\\\/Epee-Relique-Sacree.jpg\",\"datePublished\":\"2025-11-23T15:35:13+00:00\",\"dateModified\":\"2025-11-30T19:12:03+00:00\",\"description\":\"\u00c9p\u00e9e Relique Sacr\u00e9e Elden Ring, lame dor\u00e9e ajour\u00e9e avec support mural. R\u00e9plique divine id\u00e9ale exposition et collection fantasy.\",\"breadcrumb\":{\"@id\":\"https:\\\/\\\/repliquemangacine.fr\\\/elden-ring\\\/epee-relique-sacree-elden-ring\\\/#breadcrumb\"},\"inLanguage\":\"it-IT\",\"potentialAction\":[{\"@type\":\"ReadAction\",\"target\":[\"https:\\\/\\\/repliquemangacine.fr\\\/elden-ring\\\/epee-relique-sacree-elden-ring\\\/\"]}]},{\"@type\":\"ImageObject\",\"inLanguage\":\"it-IT\",\"@id\":\"https:\\\/\\\/repliquemangacine.fr\\\/elden-ring\\\/epee-relique-sacree-elden-ring\\\/#primaryimage\",\"url\":\"https:\\\/\\\/repliquemangacine.fr\\\/wp-content\\\/uploads\\\/2025\\\/11\\\/Epee-Relique-Sacree.jpg\",\"contentUrl\":\"https:\\\/\\\/repliquemangacine.fr\\\/wp-content\\\/uploads\\\/2025\\\/11\\\/Epee-Relique-Sacree.jpg\",\"width\":700,\"height\":700,\"caption\":\"\u00c9p\u00e9e Relique Sacr\u00e9e dans Elden Ring\"},{\"@type\":\"BreadcrumbList\",\"@id\":\"https:\\\/\\\/repliquemangacine.fr\\\/elden-ring\\\/epee-relique-sacree-elden-ring\\\/#breadcrumb\",\"itemListElement\":[{\"@type\":\"ListItem\",\"position\":1,\"name\":\"Accueil\",\"item\":\"https:\\\/\\\/repliquemangacine.fr\\\/\"},{\"@type\":\"ListItem\",\"position\":2,\"name\":\"Produits\",\"item\":\"https:\\\/\\\/repliquemangacine.fr\\\/boutique\\\/\"},{\"@type\":\"ListItem\",\"position\":3,\"name\":\"\u00c9p\u00e9e Relique Sacr\u00e9e Elden Ring\"}]},{\"@type\":\"WebSite\",\"@id\":\"https:\\\/\\\/repliquemangacine.fr\\\/#website\",\"url\":\"https:\\\/\\\/repliquemangacine.fr\\\/\",\"name\":\"R\u00e9plique Manga Cin\u00e9\",\"description\":\"\",\"publisher\":{\"@id\":\"https:\\\/\\\/repliquemangacine.fr\\\/#organization\"},\"potentialAction\":[{\"@type\":\"SearchAction\",\"target\":{\"@type\":\"EntryPoint\",\"urlTemplate\":\"https:\\\/\\\/repliquemangacine.fr\\\/?s={search_term_string}\"},\"query-input\":{\"@type\":\"PropertyValueSpecification\",\"valueRequired\":true,\"valueName\":\"search_term_string\"}}],\"inLanguage\":\"it-IT\"},{\"@type\":\"Organization\",\"@id\":\"https:\\\/\\\/repliquemangacine.fr\\\/#organization\",\"name\":\"R\u00e9plique Manga Cin\u00e9\",\"url\":\"https:\\\/\\\/repliquemangacine.fr\\\/\",\"logo\":{\"@type\":\"ImageObject\",\"inLanguage\":\"it-IT\",\"@id\":\"https:\\\/\\\/repliquemangacine.fr\\\/#\\\/schema\\\/logo\\\/image\\\/\",\"url\":\"https:\\\/\\\/repliquemangacine.fr\\\/wp-content\\\/uploads\\\/2023\\\/10\\\/RMC-500250.png\",\"contentUrl\":\"https:\\\/\\\/repliquemangacine.fr\\\/wp-content\\\/uploads\\\/2023\\\/10\\\/RMC-500250.png\",\"width\":500,\"height\":250,\"caption\":\"R\u00e9plique Manga Cin\u00e9\"},\"image\":{\"@id\":\"https:\\\/\\\/repliquemangacine.fr\\\/#\\\/schema\\\/logo\\\/image\\\/\"},\"sameAs\":[\"https:\\\/\\\/www.facebook.com\\\/RepliqueMangaCine\",\"https:\\\/\\\/www.instagram.com\\\/repliquemangacine.fr\\\/\"]}]}<\/script>\n<!-- \/ Yoast SEO plugin. -->","yoast_head_json":{"title":"Spada Sacra Reliquia Elden Ring - R\u00e9plique Manga Cin\u00e9","description":"Spada Sacra Reliquia Elden Ring, lama dorata traforata con supporto a muro. Replica divina ideale per esposizioni e collezioni fantasy.","robots":{"index":"index","follow":"follow","max-snippet":"max-snippet:-1","max-image-preview":"max-image-preview:large","max-video-preview":"max-video-preview:-1"},"canonical":"https:\/\/repliquemangacine.fr\/it\/anello-di-elden\/spada-reliquia-sacra-elden-ring\/","og_locale":"it_IT","og_type":"article","og_title":"\u00c9p\u00e9e Relique Sacr\u00e9e Elden Ring - R\u00e9plique Manga Cin\u00e9","og_description":"\u00c9p\u00e9e Relique Sacr\u00e9e Elden Ring, lame dor\u00e9e ajour\u00e9e avec support mural. R\u00e9plique divine id\u00e9ale exposition et collection fantasy.","og_url":"https:\/\/repliquemangacine.fr\/it\/anello-di-elden\/spada-reliquia-sacra-elden-ring\/","og_site_name":"R\u00e9plique Manga Cin\u00e9","article_publisher":"https:\/\/www.facebook.com\/RepliqueMangaCine","article_modified_time":"2025-11-30T19:12:03+00:00","og_image":[{"width":700,"height":700,"url":"https:\/\/repliquemangacine.fr\/wp-content\/uploads\/2025\/11\/Epee-Relique-Sacree.jpg","type":"image\/jpeg"}],"twitter_card":"summary_large_image","twitter_misc":{"Tempo di lettura stimato":"2 minuti"},"schema":{"@context":"https:\/\/schema.org","@graph":[{"@type":"WebPage","@id":"https:\/\/repliquemangacine.fr\/elden-ring\/epee-relique-sacree-elden-ring\/","url":"https:\/\/repliquemangacine.fr\/elden-ring\/epee-relique-sacree-elden-ring\/","name":"Spada Sacra Reliquia Elden Ring - R\u00e9plique Manga Cin\u00e9","isPartOf":{"@id":"https:\/\/repliquemangacine.fr\/#website"},"primaryImageOfPage":{"@id":"https:\/\/repliquemangacine.fr\/elden-ring\/epee-relique-sacree-elden-ring\/#primaryimage"},"image":{"@id":"https:\/\/repliquemangacine.fr\/elden-ring\/epee-relique-sacree-elden-ring\/#primaryimage"},"thumbnailUrl":"https:\/\/repliquemangacine.fr\/wp-content\/uploads\/2025\/11\/Epee-Relique-Sacree.jpg","datePublished":"2025-11-23T15:35:13+00:00","dateModified":"2025-11-30T19:12:03+00:00","description":"Spada Sacra Reliquia Elden Ring, lama dorata traforata con supporto a muro. Replica divina ideale per esposizioni e collezioni fantasy.","breadcrumb":{"@id":"https:\/\/repliquemangacine.fr\/elden-ring\/epee-relique-sacree-elden-ring\/#breadcrumb"},"inLanguage":"it-IT","potentialAction":[{"@type":"ReadAction","target":["https:\/\/repliquemangacine.fr\/elden-ring\/epee-relique-sacree-elden-ring\/"]}]},{"@type":"ImageObject","inLanguage":"it-IT","@id":"https:\/\/repliquemangacine.fr\/elden-ring\/epee-relique-sacree-elden-ring\/#primaryimage","url":"https:\/\/repliquemangacine.fr\/wp-content\/uploads\/2025\/11\/Epee-Relique-Sacree.jpg","contentUrl":"https:\/\/repliquemangacine.fr\/wp-content\/uploads\/2025\/11\/Epee-Relique-Sacree.jpg","width":700,"height":700,"caption":"\u00c9p\u00e9e Relique Sacr\u00e9e dans Elden Ring"},{"@type":"BreadcrumbList","@id":"https:\/\/repliquemangacine.fr\/elden-ring\/epee-relique-sacree-elden-ring\/#breadcrumb","itemListElement":[{"@type":"ListItem","position":1,"name":"Accueil","item":"https:\/\/repliquemangacine.fr\/"},{"@type":"ListItem","position":2,"name":"Produits","item":"https:\/\/repliquemangacine.fr\/boutique\/"},{"@type":"ListItem","position":3,"name":"\u00c9p\u00e9e Relique Sacr\u00e9e Elden Ring"}]},{"@type":"WebSite","@id":"https:\/\/repliquemangacine.fr\/#website","url":"https:\/\/repliquemangacine.fr\/","name":"R\u00e9plique Manga Cin\u00e9","description":"","publisher":{"@id":"https:\/\/repliquemangacine.fr\/#organization"},"potentialAction":[{"@type":"SearchAction","target":{"@type":"EntryPoint","urlTemplate":"https:\/\/repliquemangacine.fr\/?s={search_term_string}"},"query-input":{"@type":"PropertyValueSpecification","valueRequired":true,"valueName":"search_term_string"}}],"inLanguage":"it-IT"},{"@type":"Organization","@id":"https:\/\/repliquemangacine.fr\/#organization","name":"R\u00e9plique Manga Cin\u00e9","url":"https:\/\/repliquemangacine.fr\/","logo":{"@type":"ImageObject","inLanguage":"it-IT","@id":"https:\/\/repliquemangacine.fr\/#\/schema\/logo\/image\/","url":"https:\/\/repliquemangacine.fr\/wp-content\/uploads\/2023\/10\/RMC-500250.png","contentUrl":"https:\/\/repliquemangacine.fr\/wp-content\/uploads\/2023\/10\/RMC-500250.png","width":500,"height":250,"caption":"R\u00e9plique Manga Cin\u00e9"},"image":{"@id":"https:\/\/repliquemangacine.fr\/#\/schema\/logo\/image\/"},"sameAs":["https:\/\/www.facebook.com\/RepliqueMangaCine","https:\/\/www.instagram.com\/repliquemangacine.fr\/"]}]}},"_links":{"self":[{"href":"https:\/\/repliquemangacine.fr\/it\/wp-json\/wp\/v2\/product\/91195","targetHints":{"allow":["GET"]}}],"collection":[{"href":"https:\/\/repliquemangacine.fr\/it\/wp-json\/wp\/v2\/product"}],"about":[{"href":"https:\/\/repliquemangacine.fr\/it\/wp-json\/wp\/v2\/types\/product"}],"wp:featuredmedia":[{"embeddable":true,"href":"https:\/\/repliquemangacine.fr\/it\/wp-json\/wp\/v2\/media\/91197"}],"wp:attachment":[{"href":"https:\/\/repliquemangacine.fr\/it\/wp-json\/wp\/v2\/media?parent=91195"}],"wp:term":[{"taxonomy":"product_brand","embeddable":true,"href":"https:\/\/repliquemangacine.fr\/it\/wp-json\/wp\/v2\/product_brand?post=91195"},{"taxonomy":"product_cat","embeddable":true,"href":"https:\/\/repliquemangacine.fr\/it\/wp-json\/wp\/v2\/product_cat?post=91195"},{"taxonomy":"product_tag","embeddable":true,"href":"https:\/\/repliquemangacine.fr\/it\/wp-json\/wp\/v2\/product_tag?post=91195"}],"curies":[{"name":"wp","href":"https:\/\/api.w.org\/{rel}","templated":true}]}}