





{"id":91187,"date":"2025-11-23T16:01:03","date_gmt":"2025-11-23T15:01:03","guid":{"rendered":"https:\/\/repliquemangacine.fr\/?post_type=product&#038;p=91187"},"modified":"2026-01-13T10:20:28","modified_gmt":"2026-01-13T09:20:28","slug":"antares-fang-solo-levening","status":"publish","type":"product","link":"https:\/\/repliquemangacine.fr\/it\/solo-leveling\/antares-fang-solo-levening\/","title":{"rendered":"Antares\u2019 Fang \u2013 Solo Levening"},"content":{"rendered":"<h2>Antares\u2019 Fang: Una lama regale intrisa di potere draconico<\/h2>\n<p>Questa riproduzione di\u2019<strong>Zanna di Antares<\/strong> presenta una lama in acciaio viola, forgiata per evocare l'energia del Re dei Draghi. L'elsa e le decorazioni sono realizzate in metallo con dettagli aggressivi ispirati alle scaglie e agli artigli eldritch. L'impugnatura in legno laccato offre una presa elegante, in contrasto con la brutalit\u00e0 del design. Inoltre, con una lama di 42 cm, una lunghezza totale di 79 cm e un peso di 1225 g, questo pezzo impone la sua presenza. Viene fornito con un supporto di presentazione in legno per esporlo con dignit\u00e0. Cos\u00ec, quest'arma si rivela tanto decorativa quanto simbolica, incarnando il potere assoluto di chi la impugna.<\/p>\n<h2>Un'arma emblematica di Solo Leveling<\/h2>\n<p>Per cominciare, in <a href=\"https:\/\/solo-leveling.fandom.com\/wiki\/Solo_Leveling_Wiki\" target=\"_blank\" rel=\"noopener noreferrer\">Livellamento in solitaria<\/a>, Antares incarna la minaccia definitiva, sovrano della Distruzione e capo dei Draghi. La sua lama riflette questa natura. Simboleggia un potere schiacciante in grado di annientare regni e dimensioni. Ogni curva del metallo ricorda l'estetica caotica dell'universo in cui l'evoluzione passa attraverso il combattimento. Sung Jin-Woo, attraverso il suo confronto con Antares, supera i propri limiti e forgia il proprio destino. Grazie a questa replica, i fan ritrovano un frammento di questo scontro mitico. \u00c8 destinata a coloro che desiderano esporre un manufatto proveniente dal culmine della narrazione.<\/p>\n<h2>Una collezione Solo Leveling degna dei pi\u00f9 grandi cacciatori<\/h2>\n<p>Quest'arma fa parte di una gamma completa ispirata a Solo Leveling disponibile presso R\u00e9plique Manga Cin\u00e9. Troverete ad esempio la replica della <a href=\"https:\/\/repliquemangacine.fr\/it\/livellamento-in-solitaria\/livellamento-in-solitaria-della-zanna-del-veleno-di-kasakas\/\">Pugnale con zanna velenosa di Kasaka<\/a>, noto anche come Croc Venimeux de Kasaka. Offriamo anche l\u2019<a href=\"https:\/\/repliquemangacine.fr\/it\/livellamento-in-solitaria\/la-lunga-spada-del-re-demone-sung-jin-woo\/\">Spada lunga del Re Demone<\/a> interpretata da Sung Jin-Woo, un'opera cupa e maestosa. Infine, la <a href=\"https:\/\/repliquemangacine.fr\/it\/nuovi-prodotti\/pugnale-moonshadow-livellamento-in-solitaria\/\">Pugnale Moonshadow<\/a> con la sua guardia sferica completa una collezione incentrata sulle ombre e sulla potenza crescente. Grazie a questi pezzi variegati, ogni fan pu\u00f2 mettere insieme un arsenale fedele al webtoon e all'anime. Scopri l'intera gamma nel nostro negozio e dai vita alla tua armeria.<\/p>","protected":false},"excerpt":{"rendered":"<p>Impugnate Antares\u2019 Fang, l'arma draconica di Solo Leveling, e aggiungete la potenza del Re dei Draghi alla vostra collezione.<\/p>\n<ul>\n<li>Lama in acciaio viola<\/li>\n<li>La guardia e gli ornamenti sono realizzati in metallo stampato.<\/li>\n<li>Dettagli aggressivi ispirati alle squame e agli artigli eldritch.<\/li>\n<li>Maniglia in legno laccato nero<\/li>\n<li>Fornito con supporto di presentazione.<\/li>\n<li>Lunghezza della lama: 42 cm \u2013 Lunghezza totale: 76 cm<\/li>\n<li>Peso: 1255 g<\/li>\n<\/ul>","protected":false},"featured_media":91188,"template":"","meta":[],"product_brand":[],"product_cat":[107,895],"product_tag":[],"class_list":{"0":"post-91187","1":"product","2":"type-product","3":"status-publish","4":"has-post-thumbnail","6":"product_cat-nouveautes","7":"product_cat-solo-leveling","9":"first","10":"instock","11":"taxable","12":"shipping-taxable","13":"purchasable","14":"product-type-simple"},"yoast_head":"<!-- This site is optimized with the Yoast SEO plugin v27.4 - https:\/\/yoast.com\/product\/yoast-seo-wordpress\/ -->\n<title>Antares\u2019 Fang - Solo Levening - R\u00e9plique Manga Cin\u00e9<\/title>\n<meta name=\"description\" content=\"Antares\u2019 Fang en acier violet, garde m\u00e9tal et poign\u00e9e bois laqu\u00e9. R\u00e9plique Solo Leveling avec support, id\u00e9ale collection et exposition styl\u00e9e.\" \/>\n<meta name=\"robots\" content=\"index, follow, max-snippet:-1, max-image-preview:large, max-video-preview:-1\" \/>\n<link rel=\"canonical\" href=\"https:\/\/repliquemangacine.fr\/it\/livellamento-in-solitaria\/antares-fang-solo-levening\/\" \/>\n<meta property=\"og:locale\" content=\"it_IT\" \/>\n<meta property=\"og:type\" content=\"article\" \/>\n<meta property=\"og:title\" content=\"Antares\u2019 Fang - Solo Levening - R\u00e9plique Manga Cin\u00e9\" \/>\n<meta property=\"og:description\" content=\"Antares\u2019 Fang en acier violet, garde m\u00e9tal et poign\u00e9e bois laqu\u00e9. R\u00e9plique Solo Leveling avec support, id\u00e9ale collection et exposition styl\u00e9e.\" \/>\n<meta property=\"og:url\" content=\"https:\/\/repliquemangacine.fr\/it\/livellamento-in-solitaria\/antares-fang-solo-levening\/\" \/>\n<meta property=\"og:site_name\" content=\"R\u00e9plique Manga Cin\u00e9\" \/>\n<meta property=\"article:publisher\" content=\"https:\/\/www.facebook.com\/RepliqueMangaCine\" \/>\n<meta property=\"article:modified_time\" content=\"2026-01-13T09:20:28+00:00\" \/>\n<meta property=\"og:image\" content=\"https:\/\/repliquemangacine.fr\/wp-content\/uploads\/2025\/11\/ANTARES-FANG.jpg\" \/>\n\t<meta property=\"og:image:width\" content=\"700\" \/>\n\t<meta property=\"og:image:height\" content=\"700\" \/>\n\t<meta property=\"og:image:type\" content=\"image\/jpeg\" \/>\n<meta name=\"twitter:card\" content=\"summary_large_image\" \/>\n<meta name=\"twitter:label1\" content=\"Tempo di lettura stimato\" \/>\n\t<meta name=\"twitter:data1\" content=\"2 minuti\" \/>\n<script type=\"application\/ld+json\" class=\"yoast-schema-graph\">{\"@context\":\"https:\\\/\\\/schema.org\",\"@graph\":[{\"@type\":\"WebPage\",\"@id\":\"https:\\\/\\\/repliquemangacine.fr\\\/solo-leveling\\\/antares-fang-solo-levening\\\/\",\"url\":\"https:\\\/\\\/repliquemangacine.fr\\\/solo-leveling\\\/antares-fang-solo-levening\\\/\",\"name\":\"Antares\u2019 Fang - Solo Levening - R\u00e9plique Manga Cin\u00e9\",\"isPartOf\":{\"@id\":\"https:\\\/\\\/repliquemangacine.fr\\\/#website\"},\"primaryImageOfPage\":{\"@id\":\"https:\\\/\\\/repliquemangacine.fr\\\/solo-leveling\\\/antares-fang-solo-levening\\\/#primaryimage\"},\"image\":{\"@id\":\"https:\\\/\\\/repliquemangacine.fr\\\/solo-leveling\\\/antares-fang-solo-levening\\\/#primaryimage\"},\"thumbnailUrl\":\"https:\\\/\\\/repliquemangacine.fr\\\/wp-content\\\/uploads\\\/2025\\\/11\\\/ANTARES-FANG.jpg\",\"datePublished\":\"2025-11-23T15:01:03+00:00\",\"dateModified\":\"2026-01-13T09:20:28+00:00\",\"description\":\"Antares\u2019 Fang en acier violet, garde m\u00e9tal et poign\u00e9e bois laqu\u00e9. R\u00e9plique Solo Leveling avec support, id\u00e9ale collection et exposition styl\u00e9e.\",\"breadcrumb\":{\"@id\":\"https:\\\/\\\/repliquemangacine.fr\\\/solo-leveling\\\/antares-fang-solo-levening\\\/#breadcrumb\"},\"inLanguage\":\"it-IT\",\"potentialAction\":[{\"@type\":\"ReadAction\",\"target\":[\"https:\\\/\\\/repliquemangacine.fr\\\/solo-leveling\\\/antares-fang-solo-levening\\\/\"]}]},{\"@type\":\"ImageObject\",\"inLanguage\":\"it-IT\",\"@id\":\"https:\\\/\\\/repliquemangacine.fr\\\/solo-leveling\\\/antares-fang-solo-levening\\\/#primaryimage\",\"url\":\"https:\\\/\\\/repliquemangacine.fr\\\/wp-content\\\/uploads\\\/2025\\\/11\\\/ANTARES-FANG.jpg\",\"contentUrl\":\"https:\\\/\\\/repliquemangacine.fr\\\/wp-content\\\/uploads\\\/2025\\\/11\\\/ANTARES-FANG.jpg\",\"width\":700,\"height\":700,\"caption\":\"Antares\u2019 Fang - Solo Levening\"},{\"@type\":\"BreadcrumbList\",\"@id\":\"https:\\\/\\\/repliquemangacine.fr\\\/solo-leveling\\\/antares-fang-solo-levening\\\/#breadcrumb\",\"itemListElement\":[{\"@type\":\"ListItem\",\"position\":1,\"name\":\"Accueil\",\"item\":\"https:\\\/\\\/repliquemangacine.fr\\\/\"},{\"@type\":\"ListItem\",\"position\":2,\"name\":\"Produits\",\"item\":\"https:\\\/\\\/repliquemangacine.fr\\\/boutique\\\/\"},{\"@type\":\"ListItem\",\"position\":3,\"name\":\"Antares\u2019 Fang &#8211; Solo Levening\"}]},{\"@type\":\"WebSite\",\"@id\":\"https:\\\/\\\/repliquemangacine.fr\\\/#website\",\"url\":\"https:\\\/\\\/repliquemangacine.fr\\\/\",\"name\":\"R\u00e9plique Manga Cin\u00e9\",\"description\":\"\",\"publisher\":{\"@id\":\"https:\\\/\\\/repliquemangacine.fr\\\/#organization\"},\"potentialAction\":[{\"@type\":\"SearchAction\",\"target\":{\"@type\":\"EntryPoint\",\"urlTemplate\":\"https:\\\/\\\/repliquemangacine.fr\\\/?s={search_term_string}\"},\"query-input\":{\"@type\":\"PropertyValueSpecification\",\"valueRequired\":true,\"valueName\":\"search_term_string\"}}],\"inLanguage\":\"it-IT\"},{\"@type\":\"Organization\",\"@id\":\"https:\\\/\\\/repliquemangacine.fr\\\/#organization\",\"name\":\"R\u00e9plique Manga Cin\u00e9\",\"url\":\"https:\\\/\\\/repliquemangacine.fr\\\/\",\"logo\":{\"@type\":\"ImageObject\",\"inLanguage\":\"it-IT\",\"@id\":\"https:\\\/\\\/repliquemangacine.fr\\\/#\\\/schema\\\/logo\\\/image\\\/\",\"url\":\"https:\\\/\\\/repliquemangacine.fr\\\/wp-content\\\/uploads\\\/2023\\\/10\\\/RMC-500250.png\",\"contentUrl\":\"https:\\\/\\\/repliquemangacine.fr\\\/wp-content\\\/uploads\\\/2023\\\/10\\\/RMC-500250.png\",\"width\":500,\"height\":250,\"caption\":\"R\u00e9plique Manga Cin\u00e9\"},\"image\":{\"@id\":\"https:\\\/\\\/repliquemangacine.fr\\\/#\\\/schema\\\/logo\\\/image\\\/\"},\"sameAs\":[\"https:\\\/\\\/www.facebook.com\\\/RepliqueMangaCine\",\"https:\\\/\\\/www.instagram.com\\\/repliquemangacine.fr\\\/\"]}]}<\/script>\n<!-- \/ Yoast SEO plugin. -->","yoast_head_json":{"title":"Antares\u2019 Fang - Solo Levening - R\u00e9plique Manga Cin\u00e9","description":"Zanna di Antares in acciaio viola, guardia in metallo e impugnatura in legno laccato. Replica Solo Leveling con supporto, ideale per collezionisti e per un'esposizione di stile.","robots":{"index":"index","follow":"follow","max-snippet":"max-snippet:-1","max-image-preview":"max-image-preview:large","max-video-preview":"max-video-preview:-1"},"canonical":"https:\/\/repliquemangacine.fr\/it\/livellamento-in-solitaria\/antares-fang-solo-levening\/","og_locale":"it_IT","og_type":"article","og_title":"Antares\u2019 Fang - Solo Levening - R\u00e9plique Manga Cin\u00e9","og_description":"Antares\u2019 Fang en acier violet, garde m\u00e9tal et poign\u00e9e bois laqu\u00e9. R\u00e9plique Solo Leveling avec support, id\u00e9ale collection et exposition styl\u00e9e.","og_url":"https:\/\/repliquemangacine.fr\/it\/livellamento-in-solitaria\/antares-fang-solo-levening\/","og_site_name":"R\u00e9plique Manga Cin\u00e9","article_publisher":"https:\/\/www.facebook.com\/RepliqueMangaCine","article_modified_time":"2026-01-13T09:20:28+00:00","og_image":[{"width":700,"height":700,"url":"https:\/\/repliquemangacine.fr\/wp-content\/uploads\/2025\/11\/ANTARES-FANG.jpg","type":"image\/jpeg"}],"twitter_card":"summary_large_image","twitter_misc":{"Tempo di lettura stimato":"2 minuti"},"schema":{"@context":"https:\/\/schema.org","@graph":[{"@type":"WebPage","@id":"https:\/\/repliquemangacine.fr\/solo-leveling\/antares-fang-solo-levening\/","url":"https:\/\/repliquemangacine.fr\/solo-leveling\/antares-fang-solo-levening\/","name":"Antares\u2019 Fang - Solo Levening - R\u00e9plique Manga Cin\u00e9","isPartOf":{"@id":"https:\/\/repliquemangacine.fr\/#website"},"primaryImageOfPage":{"@id":"https:\/\/repliquemangacine.fr\/solo-leveling\/antares-fang-solo-levening\/#primaryimage"},"image":{"@id":"https:\/\/repliquemangacine.fr\/solo-leveling\/antares-fang-solo-levening\/#primaryimage"},"thumbnailUrl":"https:\/\/repliquemangacine.fr\/wp-content\/uploads\/2025\/11\/ANTARES-FANG.jpg","datePublished":"2025-11-23T15:01:03+00:00","dateModified":"2026-01-13T09:20:28+00:00","description":"Zanna di Antares in acciaio viola, guardia in metallo e impugnatura in legno laccato. Replica Solo Leveling con supporto, ideale per collezionisti e per un'esposizione di stile.","breadcrumb":{"@id":"https:\/\/repliquemangacine.fr\/solo-leveling\/antares-fang-solo-levening\/#breadcrumb"},"inLanguage":"it-IT","potentialAction":[{"@type":"ReadAction","target":["https:\/\/repliquemangacine.fr\/solo-leveling\/antares-fang-solo-levening\/"]}]},{"@type":"ImageObject","inLanguage":"it-IT","@id":"https:\/\/repliquemangacine.fr\/solo-leveling\/antares-fang-solo-levening\/#primaryimage","url":"https:\/\/repliquemangacine.fr\/wp-content\/uploads\/2025\/11\/ANTARES-FANG.jpg","contentUrl":"https:\/\/repliquemangacine.fr\/wp-content\/uploads\/2025\/11\/ANTARES-FANG.jpg","width":700,"height":700,"caption":"Antares\u2019 Fang - Solo Levening"},{"@type":"BreadcrumbList","@id":"https:\/\/repliquemangacine.fr\/solo-leveling\/antares-fang-solo-levening\/#breadcrumb","itemListElement":[{"@type":"ListItem","position":1,"name":"Accueil","item":"https:\/\/repliquemangacine.fr\/"},{"@type":"ListItem","position":2,"name":"Produits","item":"https:\/\/repliquemangacine.fr\/boutique\/"},{"@type":"ListItem","position":3,"name":"Antares\u2019 Fang &#8211; Solo Levening"}]},{"@type":"WebSite","@id":"https:\/\/repliquemangacine.fr\/#website","url":"https:\/\/repliquemangacine.fr\/","name":"R\u00e9plique Manga Cin\u00e9","description":"","publisher":{"@id":"https:\/\/repliquemangacine.fr\/#organization"},"potentialAction":[{"@type":"SearchAction","target":{"@type":"EntryPoint","urlTemplate":"https:\/\/repliquemangacine.fr\/?s={search_term_string}"},"query-input":{"@type":"PropertyValueSpecification","valueRequired":true,"valueName":"search_term_string"}}],"inLanguage":"it-IT"},{"@type":"Organization","@id":"https:\/\/repliquemangacine.fr\/#organization","name":"R\u00e9plique Manga Cin\u00e9","url":"https:\/\/repliquemangacine.fr\/","logo":{"@type":"ImageObject","inLanguage":"it-IT","@id":"https:\/\/repliquemangacine.fr\/#\/schema\/logo\/image\/","url":"https:\/\/repliquemangacine.fr\/wp-content\/uploads\/2023\/10\/RMC-500250.png","contentUrl":"https:\/\/repliquemangacine.fr\/wp-content\/uploads\/2023\/10\/RMC-500250.png","width":500,"height":250,"caption":"R\u00e9plique Manga Cin\u00e9"},"image":{"@id":"https:\/\/repliquemangacine.fr\/#\/schema\/logo\/image\/"},"sameAs":["https:\/\/www.facebook.com\/RepliqueMangaCine","https:\/\/www.instagram.com\/repliquemangacine.fr\/"]}]}},"_links":{"self":[{"href":"https:\/\/repliquemangacine.fr\/it\/wp-json\/wp\/v2\/product\/91187","targetHints":{"allow":["GET"]}}],"collection":[{"href":"https:\/\/repliquemangacine.fr\/it\/wp-json\/wp\/v2\/product"}],"about":[{"href":"https:\/\/repliquemangacine.fr\/it\/wp-json\/wp\/v2\/types\/product"}],"wp:featuredmedia":[{"embeddable":true,"href":"https:\/\/repliquemangacine.fr\/it\/wp-json\/wp\/v2\/media\/91188"}],"wp:attachment":[{"href":"https:\/\/repliquemangacine.fr\/it\/wp-json\/wp\/v2\/media?parent=91187"}],"wp:term":[{"taxonomy":"product_brand","embeddable":true,"href":"https:\/\/repliquemangacine.fr\/it\/wp-json\/wp\/v2\/product_brand?post=91187"},{"taxonomy":"product_cat","embeddable":true,"href":"https:\/\/repliquemangacine.fr\/it\/wp-json\/wp\/v2\/product_cat?post=91187"},{"taxonomy":"product_tag","embeddable":true,"href":"https:\/\/repliquemangacine.fr\/it\/wp-json\/wp\/v2\/product_tag?post=91187"}],"curies":[{"name":"wp","href":"https:\/\/api.w.org\/{rel}","templated":true}]}}