





{"id":91103,"date":"2025-11-22T16:43:30","date_gmt":"2025-11-22T15:43:30","guid":{"rendered":"https:\/\/repliquemangacine.fr\/?post_type=product&#038;p=91103"},"modified":"2025-11-30T20:10:43","modified_gmt":"2025-11-30T19:10:43","slug":"pistola-454-casull-alucard-hellsing","status":"publish","type":"product","link":"https:\/\/repliquemangacine.fr\/it\/katana-et-epee-de-manga-anime-autre-manga\/pistolet-454-casull-alucard-hellsing\/","title":{"rendered":"Pistola 454 Casull Alucard \u2013 Hellsing"},"content":{"rendered":"<h2>Una formidabile replica della pistola 454 Casull di Alucard<\/h2>\n<p>In primo luogo, questo <strong>Pistola 454 Casull, <\/strong>Replica in resina ispirata alla mitica arma utilizzata nel manga Hellsing. Interamente modellata in resina solida, presenta una finitura in metallo argentato con incisioni emblematiche. L'impugnatura imita il legno verniciato per un risultato di alta qualit\u00e0 degno delle collezioni pi\u00f9 prestigiose. Con i suoi 34,5 cm e i suoi 790 g, offre proporzioni realistiche adatte all'esposizione o al cosplay. Fornita con il suo supporto di presentazione in legno, troneggia come un'arma sacra di un esorcista moderno. Nell'universo di Hellsing, questa pistola spara proiettili anti-mostri in grado di annientare ghoul e vampiri. Diventa cos\u00ec un simbolo di autorit\u00e0 e terrore di fronte alle creature della notte.<\/p>\n<h2>Alucard, l'arma definitiva dell'Organizzazione Hellsing<\/h2>\n<p>Prima di tutto, le cose da fare, <a href=\"https:\/\/hellsing.fandom.com\/wiki\/Alucard#Weapons\" target=\"_blank\" rel=\"noopener noreferrer\">Alucard<\/a> \u00e8 uno dei personaggi pi\u00f9 potenti e misteriosi del manga. Vampiro immortale assetato di combattimento, serve fedelmente l'Organizzazione Hellsing che lotta contro le forze occulte. Il suo stile di combattimento unisce sadismo dichiarato, eleganza macabra e potenza schiacciante. La 454 Casull \u00e8 la prima arma che usa prima di passare all'arsenale anti-demoni pi\u00f9 distruttivo. Grazie a quest'arma, elimina i suoi nemici con precisione spietata, rivelando la sua natura mostruosa. Questa replica rende omaggio a una figura vampiresca unica, emblema del manga dark e stilizzato.<\/p>\n<h2>Una collezione pop culture cupa ed eroica<\/h2>\n<p>Quest'arma si aggiunge a una vasta selezione ispirata ai mondi cult disponibili su R\u00e9plique Manga Cin\u00e9. Ad esempio, la replica in resina del <a href=\"https:\/\/repliquemangacine.fr\/it\/film-e-serie-di-repliche-di-armi\/pistola-blaster-dl-44-han-solo-star-wars\/\">Pistola Blaster DL-44<\/a> di Han Solo \u2013 Star Wars dona un tocco galattico alla tua vetrina. Proponiamo anche l\u2019<a href=\"https:\/\/repliquemangacine.fr\/it\/film-e-serie-di-repliche-di-armi\/spada-alita-battle-angel-lama-in-damasco\/\">Spada Alita Battle Angel Damascus Blade<\/a> per gli appassionati del cyberpunk sanguinario. Infine, la replica dell\u2019<a href=\"https:\/\/repliquemangacine.fr\/it\/film-serie-tv-vendita-di-spade-katana-e-prodotti-correlati\/spada-del-giudizio-doptimus-prime\/\">Spada del Giudizio di Optimus Prime<\/a> in Transformers completa una collezione incentrata su eroi titanici. Grazie a questi pezzi, potrete creare un insieme unico che unisce fantascienza, manga e fantasy. Scoprite tutta la nostra gamma per arricchire la vostra collezione.<\/p>","protected":false},"excerpt":{"rendered":"<p>Arricchite la vostra collezione con la 454 Casull di Alucard, una replica inquietante ed elegante ispirata al manga Hellsing.<\/p>\n<ul>\n<li>Pistola interamente realizzata in resina stampata.<\/li>\n<li>Alta qualit\u00e0<\/li>\n<li>Non funzionante, riservato esclusivamente alla collezione o al cosplay.<\/li>\n<li>Fornito con supporto espositivo in legno<\/li>\n<li>Lunghezza: 34,5 cm \u2013 Peso: 790 g<\/li>\n<\/ul>","protected":false},"featured_media":91107,"template":"","meta":[],"product_brand":[],"product_cat":[65,23,107],"product_tag":[],"class_list":{"0":"post-91103","1":"product","2":"type-product","3":"status-publish","4":"has-post-thumbnail","6":"product_cat-katana-et-epee-de-manga-anime-autre-manga","7":"product_cat-repliques-manga-jeux-video","8":"product_cat-nouveautes","10":"first","11":"instock","12":"taxable","13":"shipping-taxable","14":"purchasable","15":"product-type-simple"},"yoast_head":"<!-- This site is optimized with the Yoast SEO plugin v27.4 - https:\/\/yoast.com\/product\/yoast-seo-wordpress\/ -->\n<title>Pistolet 454 Casull Alucard - Hellsing - R\u00e9plique Manga Cin\u00e9<\/title>\n<meta name=\"description\" content=\"Pistolet 454 Casull Hellsing en r\u00e9sine, 34,5 cm, 790 g, avec support bois. R\u00e9plique d\u00e9corative id\u00e9ale cosplay et collection manga dark.\" \/>\n<meta name=\"robots\" content=\"index, follow, max-snippet:-1, max-image-preview:large, max-video-preview:-1\" \/>\n<link rel=\"canonical\" href=\"https:\/\/repliquemangacine.fr\/it\/katana-e-manga-spada-anime-altri-manga\/pistola-454-casull-alucard-hellsing\/\" \/>\n<meta property=\"og:locale\" content=\"it_IT\" \/>\n<meta property=\"og:type\" content=\"article\" \/>\n<meta property=\"og:title\" content=\"Pistolet 454 Casull Alucard - Hellsing - R\u00e9plique Manga Cin\u00e9\" \/>\n<meta property=\"og:description\" content=\"Pistolet 454 Casull Hellsing en r\u00e9sine, 34,5 cm, 790 g, avec support bois. R\u00e9plique d\u00e9corative id\u00e9ale cosplay et collection manga dark.\" \/>\n<meta property=\"og:url\" content=\"https:\/\/repliquemangacine.fr\/it\/katana-e-manga-spada-anime-altri-manga\/pistola-454-casull-alucard-hellsing\/\" \/>\n<meta property=\"og:site_name\" content=\"R\u00e9plique Manga Cin\u00e9\" \/>\n<meta property=\"article:publisher\" content=\"https:\/\/www.facebook.com\/RepliqueMangaCine\" \/>\n<meta property=\"article:modified_time\" content=\"2025-11-30T19:10:43+00:00\" \/>\n<meta property=\"og:image\" content=\"https:\/\/repliquemangacine.fr\/wp-content\/uploads\/2025\/11\/Pistolet-454-Casull-Hellsing-sur-son-support.jpg\" \/>\n\t<meta property=\"og:image:width\" content=\"700\" \/>\n\t<meta property=\"og:image:height\" content=\"700\" \/>\n\t<meta property=\"og:image:type\" content=\"image\/jpeg\" \/>\n<meta name=\"twitter:card\" content=\"summary_large_image\" \/>\n<meta name=\"twitter:label1\" content=\"Tempo di lettura stimato\" \/>\n\t<meta name=\"twitter:data1\" content=\"2 minuti\" \/>\n<script type=\"application\/ld+json\" class=\"yoast-schema-graph\">{\"@context\":\"https:\\\/\\\/schema.org\",\"@graph\":[{\"@type\":\"WebPage\",\"@id\":\"https:\\\/\\\/repliquemangacine.fr\\\/katana-et-epee-de-manga-anime-autre-manga\\\/pistolet-454-casull-alucard-hellsing\\\/\",\"url\":\"https:\\\/\\\/repliquemangacine.fr\\\/katana-et-epee-de-manga-anime-autre-manga\\\/pistolet-454-casull-alucard-hellsing\\\/\",\"name\":\"Pistolet 454 Casull Alucard - Hellsing - R\u00e9plique Manga Cin\u00e9\",\"isPartOf\":{\"@id\":\"https:\\\/\\\/repliquemangacine.fr\\\/#website\"},\"primaryImageOfPage\":{\"@id\":\"https:\\\/\\\/repliquemangacine.fr\\\/katana-et-epee-de-manga-anime-autre-manga\\\/pistolet-454-casull-alucard-hellsing\\\/#primaryimage\"},\"image\":{\"@id\":\"https:\\\/\\\/repliquemangacine.fr\\\/katana-et-epee-de-manga-anime-autre-manga\\\/pistolet-454-casull-alucard-hellsing\\\/#primaryimage\"},\"thumbnailUrl\":\"https:\\\/\\\/repliquemangacine.fr\\\/wp-content\\\/uploads\\\/2025\\\/11\\\/Pistolet-454-Casull-Hellsing-sur-son-support.jpg\",\"datePublished\":\"2025-11-22T15:43:30+00:00\",\"dateModified\":\"2025-11-30T19:10:43+00:00\",\"description\":\"Pistolet 454 Casull Hellsing en r\u00e9sine, 34,5 cm, 790 g, avec support bois. R\u00e9plique d\u00e9corative id\u00e9ale cosplay et collection manga dark.\",\"breadcrumb\":{\"@id\":\"https:\\\/\\\/repliquemangacine.fr\\\/katana-et-epee-de-manga-anime-autre-manga\\\/pistolet-454-casull-alucard-hellsing\\\/#breadcrumb\"},\"inLanguage\":\"it-IT\",\"potentialAction\":[{\"@type\":\"ReadAction\",\"target\":[\"https:\\\/\\\/repliquemangacine.fr\\\/katana-et-epee-de-manga-anime-autre-manga\\\/pistolet-454-casull-alucard-hellsing\\\/\"]}]},{\"@type\":\"ImageObject\",\"inLanguage\":\"it-IT\",\"@id\":\"https:\\\/\\\/repliquemangacine.fr\\\/katana-et-epee-de-manga-anime-autre-manga\\\/pistolet-454-casull-alucard-hellsing\\\/#primaryimage\",\"url\":\"https:\\\/\\\/repliquemangacine.fr\\\/wp-content\\\/uploads\\\/2025\\\/11\\\/Pistolet-454-Casull-Hellsing-sur-son-support.jpg\",\"contentUrl\":\"https:\\\/\\\/repliquemangacine.fr\\\/wp-content\\\/uploads\\\/2025\\\/11\\\/Pistolet-454-Casull-Hellsing-sur-son-support.jpg\",\"width\":700,\"height\":700,\"caption\":\"Pistolet 454 Casull - Alucard - Hellsing\"},{\"@type\":\"BreadcrumbList\",\"@id\":\"https:\\\/\\\/repliquemangacine.fr\\\/katana-et-epee-de-manga-anime-autre-manga\\\/pistolet-454-casull-alucard-hellsing\\\/#breadcrumb\",\"itemListElement\":[{\"@type\":\"ListItem\",\"position\":1,\"name\":\"Accueil\",\"item\":\"https:\\\/\\\/repliquemangacine.fr\\\/\"},{\"@type\":\"ListItem\",\"position\":2,\"name\":\"Produits\",\"item\":\"https:\\\/\\\/repliquemangacine.fr\\\/boutique\\\/\"},{\"@type\":\"ListItem\",\"position\":3,\"name\":\"Pistolet 454 Casull Alucard &#8211; Hellsing\"}]},{\"@type\":\"WebSite\",\"@id\":\"https:\\\/\\\/repliquemangacine.fr\\\/#website\",\"url\":\"https:\\\/\\\/repliquemangacine.fr\\\/\",\"name\":\"R\u00e9plique Manga Cin\u00e9\",\"description\":\"\",\"publisher\":{\"@id\":\"https:\\\/\\\/repliquemangacine.fr\\\/#organization\"},\"potentialAction\":[{\"@type\":\"SearchAction\",\"target\":{\"@type\":\"EntryPoint\",\"urlTemplate\":\"https:\\\/\\\/repliquemangacine.fr\\\/?s={search_term_string}\"},\"query-input\":{\"@type\":\"PropertyValueSpecification\",\"valueRequired\":true,\"valueName\":\"search_term_string\"}}],\"inLanguage\":\"it-IT\"},{\"@type\":\"Organization\",\"@id\":\"https:\\\/\\\/repliquemangacine.fr\\\/#organization\",\"name\":\"R\u00e9plique Manga Cin\u00e9\",\"url\":\"https:\\\/\\\/repliquemangacine.fr\\\/\",\"logo\":{\"@type\":\"ImageObject\",\"inLanguage\":\"it-IT\",\"@id\":\"https:\\\/\\\/repliquemangacine.fr\\\/#\\\/schema\\\/logo\\\/image\\\/\",\"url\":\"https:\\\/\\\/repliquemangacine.fr\\\/wp-content\\\/uploads\\\/2023\\\/10\\\/RMC-500250.png\",\"contentUrl\":\"https:\\\/\\\/repliquemangacine.fr\\\/wp-content\\\/uploads\\\/2023\\\/10\\\/RMC-500250.png\",\"width\":500,\"height\":250,\"caption\":\"R\u00e9plique Manga Cin\u00e9\"},\"image\":{\"@id\":\"https:\\\/\\\/repliquemangacine.fr\\\/#\\\/schema\\\/logo\\\/image\\\/\"},\"sameAs\":[\"https:\\\/\\\/www.facebook.com\\\/RepliqueMangaCine\",\"https:\\\/\\\/www.instagram.com\\\/repliquemangacine.fr\\\/\"]}]}<\/script>\n<!-- \/ Yoast SEO plugin. -->","yoast_head_json":{"title":"Pistola 454 Casull Alucard - Hellsing - R\u00e9plique Manga Cin\u00e9","description":"Pistola 454 Casull Hellsing in resina, 34,5 cm, 790 g, con supporto in legno. Replica decorativa ideale per cosplay e collezioni manga dark.","robots":{"index":"index","follow":"follow","max-snippet":"max-snippet:-1","max-image-preview":"max-image-preview:large","max-video-preview":"max-video-preview:-1"},"canonical":"https:\/\/repliquemangacine.fr\/it\/katana-e-manga-spada-anime-altri-manga\/pistola-454-casull-alucard-hellsing\/","og_locale":"it_IT","og_type":"article","og_title":"Pistolet 454 Casull Alucard - Hellsing - R\u00e9plique Manga Cin\u00e9","og_description":"Pistolet 454 Casull Hellsing en r\u00e9sine, 34,5 cm, 790 g, avec support bois. R\u00e9plique d\u00e9corative id\u00e9ale cosplay et collection manga dark.","og_url":"https:\/\/repliquemangacine.fr\/it\/katana-e-manga-spada-anime-altri-manga\/pistola-454-casull-alucard-hellsing\/","og_site_name":"R\u00e9plique Manga Cin\u00e9","article_publisher":"https:\/\/www.facebook.com\/RepliqueMangaCine","article_modified_time":"2025-11-30T19:10:43+00:00","og_image":[{"width":700,"height":700,"url":"https:\/\/repliquemangacine.fr\/wp-content\/uploads\/2025\/11\/Pistolet-454-Casull-Hellsing-sur-son-support.jpg","type":"image\/jpeg"}],"twitter_card":"summary_large_image","twitter_misc":{"Tempo di lettura stimato":"2 minuti"},"schema":{"@context":"https:\/\/schema.org","@graph":[{"@type":"WebPage","@id":"https:\/\/repliquemangacine.fr\/katana-et-epee-de-manga-anime-autre-manga\/pistolet-454-casull-alucard-hellsing\/","url":"https:\/\/repliquemangacine.fr\/katana-et-epee-de-manga-anime-autre-manga\/pistolet-454-casull-alucard-hellsing\/","name":"Pistola 454 Casull Alucard - Hellsing - R\u00e9plique Manga Cin\u00e9","isPartOf":{"@id":"https:\/\/repliquemangacine.fr\/#website"},"primaryImageOfPage":{"@id":"https:\/\/repliquemangacine.fr\/katana-et-epee-de-manga-anime-autre-manga\/pistolet-454-casull-alucard-hellsing\/#primaryimage"},"image":{"@id":"https:\/\/repliquemangacine.fr\/katana-et-epee-de-manga-anime-autre-manga\/pistolet-454-casull-alucard-hellsing\/#primaryimage"},"thumbnailUrl":"https:\/\/repliquemangacine.fr\/wp-content\/uploads\/2025\/11\/Pistolet-454-Casull-Hellsing-sur-son-support.jpg","datePublished":"2025-11-22T15:43:30+00:00","dateModified":"2025-11-30T19:10:43+00:00","description":"Pistola 454 Casull Hellsing in resina, 34,5 cm, 790 g, con supporto in legno. Replica decorativa ideale per cosplay e collezioni manga dark.","breadcrumb":{"@id":"https:\/\/repliquemangacine.fr\/katana-et-epee-de-manga-anime-autre-manga\/pistolet-454-casull-alucard-hellsing\/#breadcrumb"},"inLanguage":"it-IT","potentialAction":[{"@type":"ReadAction","target":["https:\/\/repliquemangacine.fr\/katana-et-epee-de-manga-anime-autre-manga\/pistolet-454-casull-alucard-hellsing\/"]}]},{"@type":"ImageObject","inLanguage":"it-IT","@id":"https:\/\/repliquemangacine.fr\/katana-et-epee-de-manga-anime-autre-manga\/pistolet-454-casull-alucard-hellsing\/#primaryimage","url":"https:\/\/repliquemangacine.fr\/wp-content\/uploads\/2025\/11\/Pistolet-454-Casull-Hellsing-sur-son-support.jpg","contentUrl":"https:\/\/repliquemangacine.fr\/wp-content\/uploads\/2025\/11\/Pistolet-454-Casull-Hellsing-sur-son-support.jpg","width":700,"height":700,"caption":"Pistolet 454 Casull - Alucard - Hellsing"},{"@type":"BreadcrumbList","@id":"https:\/\/repliquemangacine.fr\/katana-et-epee-de-manga-anime-autre-manga\/pistolet-454-casull-alucard-hellsing\/#breadcrumb","itemListElement":[{"@type":"ListItem","position":1,"name":"Accueil","item":"https:\/\/repliquemangacine.fr\/"},{"@type":"ListItem","position":2,"name":"Produits","item":"https:\/\/repliquemangacine.fr\/boutique\/"},{"@type":"ListItem","position":3,"name":"Pistolet 454 Casull Alucard &#8211; Hellsing"}]},{"@type":"WebSite","@id":"https:\/\/repliquemangacine.fr\/#website","url":"https:\/\/repliquemangacine.fr\/","name":"R\u00e9plique Manga Cin\u00e9","description":"","publisher":{"@id":"https:\/\/repliquemangacine.fr\/#organization"},"potentialAction":[{"@type":"SearchAction","target":{"@type":"EntryPoint","urlTemplate":"https:\/\/repliquemangacine.fr\/?s={search_term_string}"},"query-input":{"@type":"PropertyValueSpecification","valueRequired":true,"valueName":"search_term_string"}}],"inLanguage":"it-IT"},{"@type":"Organization","@id":"https:\/\/repliquemangacine.fr\/#organization","name":"R\u00e9plique Manga Cin\u00e9","url":"https:\/\/repliquemangacine.fr\/","logo":{"@type":"ImageObject","inLanguage":"it-IT","@id":"https:\/\/repliquemangacine.fr\/#\/schema\/logo\/image\/","url":"https:\/\/repliquemangacine.fr\/wp-content\/uploads\/2023\/10\/RMC-500250.png","contentUrl":"https:\/\/repliquemangacine.fr\/wp-content\/uploads\/2023\/10\/RMC-500250.png","width":500,"height":250,"caption":"R\u00e9plique Manga Cin\u00e9"},"image":{"@id":"https:\/\/repliquemangacine.fr\/#\/schema\/logo\/image\/"},"sameAs":["https:\/\/www.facebook.com\/RepliqueMangaCine","https:\/\/www.instagram.com\/repliquemangacine.fr\/"]}]}},"_links":{"self":[{"href":"https:\/\/repliquemangacine.fr\/it\/wp-json\/wp\/v2\/product\/91103","targetHints":{"allow":["GET"]}}],"collection":[{"href":"https:\/\/repliquemangacine.fr\/it\/wp-json\/wp\/v2\/product"}],"about":[{"href":"https:\/\/repliquemangacine.fr\/it\/wp-json\/wp\/v2\/types\/product"}],"wp:featuredmedia":[{"embeddable":true,"href":"https:\/\/repliquemangacine.fr\/it\/wp-json\/wp\/v2\/media\/91107"}],"wp:attachment":[{"href":"https:\/\/repliquemangacine.fr\/it\/wp-json\/wp\/v2\/media?parent=91103"}],"wp:term":[{"taxonomy":"product_brand","embeddable":true,"href":"https:\/\/repliquemangacine.fr\/it\/wp-json\/wp\/v2\/product_brand?post=91103"},{"taxonomy":"product_cat","embeddable":true,"href":"https:\/\/repliquemangacine.fr\/it\/wp-json\/wp\/v2\/product_cat?post=91103"},{"taxonomy":"product_tag","embeddable":true,"href":"https:\/\/repliquemangacine.fr\/it\/wp-json\/wp\/v2\/product_tag?post=91103"}],"curies":[{"name":"wp","href":"https:\/\/api.w.org\/{rel}","templated":true}]}}