





{"id":91045,"date":"2025-11-21T15:51:49","date_gmt":"2025-11-21T14:51:49","guid":{"rendered":"https:\/\/repliquemangacine.fr\/?post_type=product&#038;p=91045"},"modified":"2026-03-08T00:20:55","modified_gmt":"2026-03-07T23:20:55","slug":"pistola-blaster-dl-44-han-solo-star-wars","status":"publish","type":"product","link":"https:\/\/repliquemangacine.fr\/it\/repliques-d-armes-films-et-series\/pistolet-blaster-dl-44-han-solo-star-wars\/","title":{"rendered":"Pistola blaster Han Solo DL-44 - Guerre stellari"},"content":{"rendered":"<h2>L'iconica pistola blaster DL-44 per la dominazione galattica<\/h2>\n<p>In primo luogo, questo <strong>Pistola blaster DL-44, <\/strong>una replica fedele del modello utilizzato da un famoso contrabbandiere nella saga di Star Wars. \u00c8 realizzata interamente in resina stampata con una finitura invecchiata che imita il metallo consumato in battaglia. L'impugnatura testurizzata offre uno stile autentico che ricorda le armi dei briganti interstellari. Inoltre, viene fornito con un supporto in legno e plexiglas per un'esposizione elegante. Con il suo design unico che unisce meccanica retr\u00f2 e tecnologia futuristica, questo pezzo diventa un vero e proprio simbolo di ribellione. Ed \u00e8 perfetto per i collezionisti alla ricerca di un oggetto di culto di un universo leggendario.<\/p>\n<h2>Han Solo, la pistola pi\u00f9 veloce della galassia<\/h2>\n<p><a href=\"https:\/\/starwars.fandom.com\/fr\/wiki\/Han_Solo\" target=\"_blank\" rel=\"noopener noreferrer\">Han Solo<\/a> \u00e8 un pilota audace con un acuto senso dell'umorismo e un coraggio imprevedibile. Maneggia questo blaster con precisione istintiva, spesso prima ancora di pensare. Infatti, quest'arma accompagna le sue imprese a bordo del Millennium Falcon e incarna il suo spirito ribelle. Il DL-44 \u00e8 diventato un'estensione della sua personalit\u00e0, una miscela di fortuna sfacciata e di abilit\u00e0 tattica. Grazie a questa replica, i fan possono rivivere le memorabili scene in cui Han sfida l'Impero con brio. Cattura l'essenza di un eroe carismatico che \u00e8 diventato una figura leggendaria della fantascienza.<\/p>\n<h2>Una collezione di cinema degna di un museo geek<\/h2>\n<p>Questo blaster si aggiunge a una prestigiosa selezione di repliche ispirate a film di culto disponibili su R\u00e9plique Manga Cin\u00e9. Ad esempio, il\u2019<a href=\"https:\/\/repliquemangacine.fr\/it\/casa-del-drago\/epee-de-rhaenyra-casa-del-drago\/\">Spada di Rhaenyra<\/a> della serie House of the Dragon porta un tocco regale e draconico alla vostra collezione. Troverete anche il <a href=\"https:\/\/repliquemangacine.fr\/it\/spade-del-signore-degli-anelli\/ascia-a-doppia-lama-di-gimli\/\">Ascia a doppia lama di Gimli<\/a> da Il Signore degli Anelli, potente e raffinato. Infine, il\u2019<a href=\"https:\/\/repliquemangacine.fr\/it\/spade-serie-tv-vichinghi\/replica-della-spada-di-re-ragnar-lothbrok-della-serie-tv-vikings\/\">La spada del re Ragnar Lothbrok<\/a> in Vikings richiama lo spirito guerriero del Nord e la conquista senza paura. Con questi variegati pezzi, ogni fan pu\u00f2 costruire un arsenale degno delle pi\u00f9 grandi saghe cinematografiche. Scoprite la nostra selezione completa per completare il vostro pantheon eroico.<\/p>","protected":false},"excerpt":{"rendered":"<p>Armati del blaster DL-44, l'iconica arma del pi\u00f9 famoso contrabbandiere di Star Wars, e lascia il segno nella galassia.<\/p>\n<ul>\n<li>Pistola stampata interamente in resina<\/li>\n<li>Finitura invecchiata e imitazione del metallo consumato<\/li>\n<li>Design unico e di alta qualit\u00e0<\/li>\n<li>Fornito con espositore in legno e plexiglas<\/li>\n<li>Lunghezza totale: 33 cm - Peso: 825 g<\/li>\n<\/ul>","protected":false},"featured_media":91047,"template":"","meta":[],"product_brand":[],"product_cat":[66,24,107],"product_tag":[],"class_list":{"0":"post-91045","1":"product","2":"type-product","3":"status-publish","4":"has-post-thumbnail","6":"product_cat-repliques-d-armes-films-et-series","7":"product_cat-films-series-tv-vente-de-katana-epee-et-produits-derives","8":"product_cat-nouveautes","10":"first","11":"instock","12":"taxable","13":"shipping-taxable","14":"purchasable","15":"product-type-simple"},"yoast_head":"<!-- This site is optimized with the Yoast SEO plugin v27.4 - https:\/\/yoast.com\/product\/yoast-seo-wordpress\/ -->\n<title>Pistolet blaster DL-44 Han Solo - Star Wars - R\u00e9plique Manga Cin\u00e9<\/title>\n<meta name=\"description\" content=\"Pistolet Blaster DL-44 de Han Solo en r\u00e9sine finition m\u00e9tal, avec support bois\/plexi. R\u00e9plique Star Wars parfaite pour collection, cosplay et exposition.\" \/>\n<meta name=\"robots\" content=\"index, follow, max-snippet:-1, max-image-preview:large, max-video-preview:-1\" \/>\n<link rel=\"canonical\" href=\"https:\/\/repliquemangacine.fr\/it\/film-e-serie-di-repliche-di-armi\/pistola-blaster-dl-44-han-solo-star-wars\/\" \/>\n<meta property=\"og:locale\" content=\"it_IT\" \/>\n<meta property=\"og:type\" content=\"article\" \/>\n<meta property=\"og:title\" content=\"Pistolet blaster DL-44 Han Solo - Star Wars - R\u00e9plique Manga Cin\u00e9\" \/>\n<meta property=\"og:description\" content=\"Pistolet Blaster DL-44 de Han Solo en r\u00e9sine finition m\u00e9tal, avec support bois\/plexi. R\u00e9plique Star Wars parfaite pour collection, cosplay et exposition.\" \/>\n<meta property=\"og:url\" content=\"https:\/\/repliquemangacine.fr\/it\/film-e-serie-di-repliche-di-armi\/pistola-blaster-dl-44-han-solo-star-wars\/\" \/>\n<meta property=\"og:site_name\" content=\"R\u00e9plique Manga Cin\u00e9\" \/>\n<meta property=\"article:publisher\" content=\"https:\/\/www.facebook.com\/RepliqueMangaCine\" \/>\n<meta property=\"article:modified_time\" content=\"2026-03-07T23:20:55+00:00\" \/>\n<meta property=\"og:image\" content=\"https:\/\/repliquemangacine.fr\/wp-content\/uploads\/2025\/11\/Pistolet-blaster-DL-44-de-Han-Solo-sur-son-support.jpg\" \/>\n\t<meta property=\"og:image:width\" content=\"700\" \/>\n\t<meta property=\"og:image:height\" content=\"700\" \/>\n\t<meta property=\"og:image:type\" content=\"image\/jpeg\" \/>\n<meta name=\"twitter:card\" content=\"summary_large_image\" \/>\n<meta name=\"twitter:label1\" content=\"Tempo di lettura stimato\" \/>\n\t<meta name=\"twitter:data1\" content=\"2 minuti\" \/>\n<script type=\"application\/ld+json\" class=\"yoast-schema-graph\">{\"@context\":\"https:\\\/\\\/schema.org\",\"@graph\":[{\"@type\":\"WebPage\",\"@id\":\"https:\\\/\\\/repliquemangacine.fr\\\/repliques-d-armes-films-et-series\\\/pistolet-blaster-dl-44-han-solo-star-wars\\\/\",\"url\":\"https:\\\/\\\/repliquemangacine.fr\\\/repliques-d-armes-films-et-series\\\/pistolet-blaster-dl-44-han-solo-star-wars\\\/\",\"name\":\"Pistolet blaster DL-44 Han Solo - Star Wars - R\u00e9plique Manga Cin\u00e9\",\"isPartOf\":{\"@id\":\"https:\\\/\\\/repliquemangacine.fr\\\/#website\"},\"primaryImageOfPage\":{\"@id\":\"https:\\\/\\\/repliquemangacine.fr\\\/repliques-d-armes-films-et-series\\\/pistolet-blaster-dl-44-han-solo-star-wars\\\/#primaryimage\"},\"image\":{\"@id\":\"https:\\\/\\\/repliquemangacine.fr\\\/repliques-d-armes-films-et-series\\\/pistolet-blaster-dl-44-han-solo-star-wars\\\/#primaryimage\"},\"thumbnailUrl\":\"https:\\\/\\\/repliquemangacine.fr\\\/wp-content\\\/uploads\\\/2025\\\/11\\\/Pistolet-blaster-DL-44-de-Han-Solo-sur-son-support.jpg\",\"datePublished\":\"2025-11-21T14:51:49+00:00\",\"dateModified\":\"2026-03-07T23:20:55+00:00\",\"description\":\"Pistolet Blaster DL-44 de Han Solo en r\u00e9sine finition m\u00e9tal, avec support bois\\\/plexi. R\u00e9plique Star Wars parfaite pour collection, cosplay et exposition.\",\"breadcrumb\":{\"@id\":\"https:\\\/\\\/repliquemangacine.fr\\\/repliques-d-armes-films-et-series\\\/pistolet-blaster-dl-44-han-solo-star-wars\\\/#breadcrumb\"},\"inLanguage\":\"it-IT\",\"potentialAction\":[{\"@type\":\"ReadAction\",\"target\":[\"https:\\\/\\\/repliquemangacine.fr\\\/repliques-d-armes-films-et-series\\\/pistolet-blaster-dl-44-han-solo-star-wars\\\/\"]}]},{\"@type\":\"ImageObject\",\"inLanguage\":\"it-IT\",\"@id\":\"https:\\\/\\\/repliquemangacine.fr\\\/repliques-d-armes-films-et-series\\\/pistolet-blaster-dl-44-han-solo-star-wars\\\/#primaryimage\",\"url\":\"https:\\\/\\\/repliquemangacine.fr\\\/wp-content\\\/uploads\\\/2025\\\/11\\\/Pistolet-blaster-DL-44-de-Han-Solo-sur-son-support.jpg\",\"contentUrl\":\"https:\\\/\\\/repliquemangacine.fr\\\/wp-content\\\/uploads\\\/2025\\\/11\\\/Pistolet-blaster-DL-44-de-Han-Solo-sur-son-support.jpg\",\"width\":700,\"height\":700,\"caption\":\"Pistolet blaster DL-44 de Han solo dans Star Wars\"},{\"@type\":\"BreadcrumbList\",\"@id\":\"https:\\\/\\\/repliquemangacine.fr\\\/repliques-d-armes-films-et-series\\\/pistolet-blaster-dl-44-han-solo-star-wars\\\/#breadcrumb\",\"itemListElement\":[{\"@type\":\"ListItem\",\"position\":1,\"name\":\"Accueil\",\"item\":\"https:\\\/\\\/repliquemangacine.fr\\\/\"},{\"@type\":\"ListItem\",\"position\":2,\"name\":\"Produits\",\"item\":\"https:\\\/\\\/repliquemangacine.fr\\\/boutique\\\/\"},{\"@type\":\"ListItem\",\"position\":3,\"name\":\"Pistolet blaster DL-44 Han Solo &#8211; Star Wars\"}]},{\"@type\":\"WebSite\",\"@id\":\"https:\\\/\\\/repliquemangacine.fr\\\/#website\",\"url\":\"https:\\\/\\\/repliquemangacine.fr\\\/\",\"name\":\"R\u00e9plique Manga Cin\u00e9\",\"description\":\"\",\"publisher\":{\"@id\":\"https:\\\/\\\/repliquemangacine.fr\\\/#organization\"},\"potentialAction\":[{\"@type\":\"SearchAction\",\"target\":{\"@type\":\"EntryPoint\",\"urlTemplate\":\"https:\\\/\\\/repliquemangacine.fr\\\/?s={search_term_string}\"},\"query-input\":{\"@type\":\"PropertyValueSpecification\",\"valueRequired\":true,\"valueName\":\"search_term_string\"}}],\"inLanguage\":\"it-IT\"},{\"@type\":\"Organization\",\"@id\":\"https:\\\/\\\/repliquemangacine.fr\\\/#organization\",\"name\":\"R\u00e9plique Manga Cin\u00e9\",\"url\":\"https:\\\/\\\/repliquemangacine.fr\\\/\",\"logo\":{\"@type\":\"ImageObject\",\"inLanguage\":\"it-IT\",\"@id\":\"https:\\\/\\\/repliquemangacine.fr\\\/#\\\/schema\\\/logo\\\/image\\\/\",\"url\":\"https:\\\/\\\/repliquemangacine.fr\\\/wp-content\\\/uploads\\\/2023\\\/10\\\/RMC-500250.png\",\"contentUrl\":\"https:\\\/\\\/repliquemangacine.fr\\\/wp-content\\\/uploads\\\/2023\\\/10\\\/RMC-500250.png\",\"width\":500,\"height\":250,\"caption\":\"R\u00e9plique Manga Cin\u00e9\"},\"image\":{\"@id\":\"https:\\\/\\\/repliquemangacine.fr\\\/#\\\/schema\\\/logo\\\/image\\\/\"},\"sameAs\":[\"https:\\\/\\\/www.facebook.com\\\/RepliqueMangaCine\",\"https:\\\/\\\/www.instagram.com\\\/repliquemangacine.fr\\\/\"]}]}<\/script>\n<!-- \/ Yoast SEO plugin. -->","yoast_head_json":{"title":"Pistola blaster Han Solo DL-44 - Star Wars - R\u00e9plique Manga Cin\u00e9","description":"Pistola blaster Han Solo DL-44 in resina con finitura metallica e supporto in legno\/plexi. Replica perfetta di Star Wars per collezioni, cosplay e mostre.","robots":{"index":"index","follow":"follow","max-snippet":"max-snippet:-1","max-image-preview":"max-image-preview:large","max-video-preview":"max-video-preview:-1"},"canonical":"https:\/\/repliquemangacine.fr\/it\/film-e-serie-di-repliche-di-armi\/pistola-blaster-dl-44-han-solo-star-wars\/","og_locale":"it_IT","og_type":"article","og_title":"Pistolet blaster DL-44 Han Solo - Star Wars - R\u00e9plique Manga Cin\u00e9","og_description":"Pistolet Blaster DL-44 de Han Solo en r\u00e9sine finition m\u00e9tal, avec support bois\/plexi. R\u00e9plique Star Wars parfaite pour collection, cosplay et exposition.","og_url":"https:\/\/repliquemangacine.fr\/it\/film-e-serie-di-repliche-di-armi\/pistola-blaster-dl-44-han-solo-star-wars\/","og_site_name":"R\u00e9plique Manga Cin\u00e9","article_publisher":"https:\/\/www.facebook.com\/RepliqueMangaCine","article_modified_time":"2026-03-07T23:20:55+00:00","og_image":[{"width":700,"height":700,"url":"https:\/\/repliquemangacine.fr\/wp-content\/uploads\/2025\/11\/Pistolet-blaster-DL-44-de-Han-Solo-sur-son-support.jpg","type":"image\/jpeg"}],"twitter_card":"summary_large_image","twitter_misc":{"Tempo di lettura stimato":"2 minuti"},"schema":{"@context":"https:\/\/schema.org","@graph":[{"@type":"WebPage","@id":"https:\/\/repliquemangacine.fr\/repliques-d-armes-films-et-series\/pistolet-blaster-dl-44-han-solo-star-wars\/","url":"https:\/\/repliquemangacine.fr\/repliques-d-armes-films-et-series\/pistolet-blaster-dl-44-han-solo-star-wars\/","name":"Pistola blaster Han Solo DL-44 - Star Wars - R\u00e9plique Manga Cin\u00e9","isPartOf":{"@id":"https:\/\/repliquemangacine.fr\/#website"},"primaryImageOfPage":{"@id":"https:\/\/repliquemangacine.fr\/repliques-d-armes-films-et-series\/pistolet-blaster-dl-44-han-solo-star-wars\/#primaryimage"},"image":{"@id":"https:\/\/repliquemangacine.fr\/repliques-d-armes-films-et-series\/pistolet-blaster-dl-44-han-solo-star-wars\/#primaryimage"},"thumbnailUrl":"https:\/\/repliquemangacine.fr\/wp-content\/uploads\/2025\/11\/Pistolet-blaster-DL-44-de-Han-Solo-sur-son-support.jpg","datePublished":"2025-11-21T14:51:49+00:00","dateModified":"2026-03-07T23:20:55+00:00","description":"Pistola blaster Han Solo DL-44 in resina con finitura metallica e supporto in legno\/plexi. Replica perfetta di Star Wars per collezioni, cosplay e mostre.","breadcrumb":{"@id":"https:\/\/repliquemangacine.fr\/repliques-d-armes-films-et-series\/pistolet-blaster-dl-44-han-solo-star-wars\/#breadcrumb"},"inLanguage":"it-IT","potentialAction":[{"@type":"ReadAction","target":["https:\/\/repliquemangacine.fr\/repliques-d-armes-films-et-series\/pistolet-blaster-dl-44-han-solo-star-wars\/"]}]},{"@type":"ImageObject","inLanguage":"it-IT","@id":"https:\/\/repliquemangacine.fr\/repliques-d-armes-films-et-series\/pistolet-blaster-dl-44-han-solo-star-wars\/#primaryimage","url":"https:\/\/repliquemangacine.fr\/wp-content\/uploads\/2025\/11\/Pistolet-blaster-DL-44-de-Han-Solo-sur-son-support.jpg","contentUrl":"https:\/\/repliquemangacine.fr\/wp-content\/uploads\/2025\/11\/Pistolet-blaster-DL-44-de-Han-Solo-sur-son-support.jpg","width":700,"height":700,"caption":"Pistolet blaster DL-44 de Han solo dans Star Wars"},{"@type":"BreadcrumbList","@id":"https:\/\/repliquemangacine.fr\/repliques-d-armes-films-et-series\/pistolet-blaster-dl-44-han-solo-star-wars\/#breadcrumb","itemListElement":[{"@type":"ListItem","position":1,"name":"Accueil","item":"https:\/\/repliquemangacine.fr\/"},{"@type":"ListItem","position":2,"name":"Produits","item":"https:\/\/repliquemangacine.fr\/boutique\/"},{"@type":"ListItem","position":3,"name":"Pistolet blaster DL-44 Han Solo &#8211; Star Wars"}]},{"@type":"WebSite","@id":"https:\/\/repliquemangacine.fr\/#website","url":"https:\/\/repliquemangacine.fr\/","name":"R\u00e9plique Manga Cin\u00e9","description":"","publisher":{"@id":"https:\/\/repliquemangacine.fr\/#organization"},"potentialAction":[{"@type":"SearchAction","target":{"@type":"EntryPoint","urlTemplate":"https:\/\/repliquemangacine.fr\/?s={search_term_string}"},"query-input":{"@type":"PropertyValueSpecification","valueRequired":true,"valueName":"search_term_string"}}],"inLanguage":"it-IT"},{"@type":"Organization","@id":"https:\/\/repliquemangacine.fr\/#organization","name":"R\u00e9plique Manga Cin\u00e9","url":"https:\/\/repliquemangacine.fr\/","logo":{"@type":"ImageObject","inLanguage":"it-IT","@id":"https:\/\/repliquemangacine.fr\/#\/schema\/logo\/image\/","url":"https:\/\/repliquemangacine.fr\/wp-content\/uploads\/2023\/10\/RMC-500250.png","contentUrl":"https:\/\/repliquemangacine.fr\/wp-content\/uploads\/2023\/10\/RMC-500250.png","width":500,"height":250,"caption":"R\u00e9plique Manga Cin\u00e9"},"image":{"@id":"https:\/\/repliquemangacine.fr\/#\/schema\/logo\/image\/"},"sameAs":["https:\/\/www.facebook.com\/RepliqueMangaCine","https:\/\/www.instagram.com\/repliquemangacine.fr\/"]}]}},"_links":{"self":[{"href":"https:\/\/repliquemangacine.fr\/it\/wp-json\/wp\/v2\/product\/91045","targetHints":{"allow":["GET"]}}],"collection":[{"href":"https:\/\/repliquemangacine.fr\/it\/wp-json\/wp\/v2\/product"}],"about":[{"href":"https:\/\/repliquemangacine.fr\/it\/wp-json\/wp\/v2\/types\/product"}],"wp:featuredmedia":[{"embeddable":true,"href":"https:\/\/repliquemangacine.fr\/it\/wp-json\/wp\/v2\/media\/91047"}],"wp:attachment":[{"href":"https:\/\/repliquemangacine.fr\/it\/wp-json\/wp\/v2\/media?parent=91045"}],"wp:term":[{"taxonomy":"product_brand","embeddable":true,"href":"https:\/\/repliquemangacine.fr\/it\/wp-json\/wp\/v2\/product_brand?post=91045"},{"taxonomy":"product_cat","embeddable":true,"href":"https:\/\/repliquemangacine.fr\/it\/wp-json\/wp\/v2\/product_cat?post=91045"},{"taxonomy":"product_tag","embeddable":true,"href":"https:\/\/repliquemangacine.fr\/it\/wp-json\/wp\/v2\/product_tag?post=91045"}],"curies":[{"name":"wp","href":"https:\/\/api.w.org\/{rel}","templated":true}]}}