





{"id":91007,"date":"2025-11-20T17:48:04","date_gmt":"2025-11-20T16:48:04","guid":{"rendered":"https:\/\/repliquemangacine.fr\/?post_type=product&#038;p=91007"},"modified":"2026-02-18T16:08:49","modified_gmt":"2026-02-18T15:08:49","slug":"scudo-guardiano-di-kratos-god-of-war","status":"publish","type":"product","link":"https:\/\/repliquemangacine.fr\/it\/replique-god-of-war\/bouclier-de-gardien-de-kratos-god-of-war\/","title":{"rendered":"Scudo del guardiano di Kratos - God of War"},"content":{"rendered":"<h2>Scudo guardiano mitico per proteggere sia gli dei che i mortali<\/h2>\n<p>In primo luogo, questo <strong>Scudo del Guardiano<\/strong> \u00e8 basato sull'iconico design utilizzato da Kratos in God of War. \u00c8 realizzato interamente in resina dettagliata, con motivi geometrici che richiamano l'eredit\u00e0 spartana e runica. Con dimensioni di 680 mm per 610 mm e un peso di 3,2 kg, ha una presenza imponente degna di un pezzo da esposizione. Sul retro, una maniglia e una cinghia consentono di trasportarlo sul braccio, mentre una catena lo rende facile da appendere alla parete. Nel gioco, questo scudo viene utilizzato per assorbire i colpi, parare gli attacchi e respingere i nemici. Simboleggia l'evoluzione di Kratos verso un combattimento pi\u00f9 strategico, che combina la potenza grezza e la difesa controllata.<\/p>\n<h2>Kratos, guerriero divino dal tragico destino<\/h2>\n<p>Prima di tutto, le cose da fare, <a href=\"https:\/\/godofwar.fandom.com\/fr\/wiki\/Kratos\" target=\"_blank\" rel=\"noopener noreferrer\">Kratos<\/a>, Il Fantasma di Sparta, un formidabile combattente con una storia fatta di rabbia e redenzione. Conosciuto come il Fantasma di Sparta, combatte con feroce determinazione contro dei, titani e creature mitologiche. In God of War, il suo stile di combattimento si evolve grazie a questo scudo, che incanala la sua rabbia contenendola. Lo usa per bloccare, contrattaccare e abbattere le difese avversarie. Il suo legame con il figlio Atreus rivela un carattere pi\u00f9 umano, pronto a trasmettere i suoi valori attraverso l'azione. Con questa fedele replica, si cattura l'essenza di un eroe distrutto ma indomito, guidato dalla forza e dall'istinto.<\/p>\n<h2>Una collezione di God of War degna del Valhalla<\/h2>\n<p>Questo scudo si aggiunge a una selezione di pezzi iconici disponibili su R\u00e9plique Manga Cin\u00e9. L'impressionante <a href=\"https:\/\/repliquemangacine.fr\/it\/katana-e-spada-videogiochi-altri-videogiochi\/ascia-di-kratos-dio-della-guerra\/\">Ascia Leviathan di Kratos<\/a> \u00e8 dotato di una testa in acciaio inossidabile incisa e fluorescente per un look spettacolare. Inoltre, i due <a href=\"https:\/\/repliquemangacine.fr\/it\/videogiochi-manga-replica\/lame-del-caos-kratos\/\">Lame del Caos da God of War 4<\/a> incarna le origini del guerriero spartano. Offriamo anche il <a href=\"https:\/\/repliquemangacine.fr\/it\/katana-e-spada-videogiochi-altri-videogiochi\/il-martello-di-thor-in-god-of-war-ragnarok\/\">Il martello di Thor in God of War Ragnarok<\/a> per completare il vostro pantheon mitologico. Con questa gamma diversificata, ogni fan pu\u00f2 creare una collezione coinvolgente che racconta l'epica storia di Kratos. Esplorate il nostro negozio per collezionare tutte le armi del dio della guerra.<\/p>","protected":false},"excerpt":{"rendered":"<p>Impugna la difesa degli dei con lo Scudo del Guardiano di Kratos, una replica massiccia e dettagliata ispirata a God of War.<\/p>\n<ul>\n<li>Scudo realizzato interamente in resina stampata.<\/li>\n<li>Finiture di alta qualit\u00e0<\/li>\n<li>Sul retro \u00e8 presente una catena per essere appeso alla parete.<\/li>\n<li>Oltre a una maniglia e a una cinghia per il trasporto.<\/li>\n<li>Dimensioni: 68 cm X61 cm<\/li>\n<li>Peso: 3200 g<\/li>\n<\/ul>","protected":false},"featured_media":91008,"template":"","meta":[],"product_brand":[],"product_cat":[985,28],"product_tag":[],"class_list":{"0":"post-91007","1":"product","2":"type-product","3":"status-publish","4":"has-post-thumbnail","6":"product_cat-replique-god-of-war","7":"product_cat-repliques-darmes","9":"first","10":"instock","11":"taxable","12":"shipping-taxable","13":"purchasable","14":"product-type-simple"},"yoast_head":"<!-- This site is optimized with the Yoast SEO plugin v27.4 - https:\/\/yoast.com\/product\/yoast-seo-wordpress\/ -->\n<title>Bouclier de Gardien de Kratos - God of War - R\u00e9plique Manga Cin\u00e9<\/title>\n<meta name=\"description\" content=\"Bouclier de Gardien de Kratos en r\u00e9sine d\u00e9taill\u00e9e, 68\u00d761 cm, 3,2 kg, poign\u00e9e + sangle + cha\u00eene murale. R\u00e9plique God of War pour collection immersive.\" \/>\n<meta name=\"robots\" content=\"index, follow, max-snippet:-1, max-image-preview:large, max-video-preview:-1\" \/>\n<link rel=\"canonical\" href=\"https:\/\/repliquemangacine.fr\/it\/dio-della-guerra-replica\/scudo-guardiano-di-kratos-god-of-war\/\" \/>\n<meta property=\"og:locale\" content=\"it_IT\" \/>\n<meta property=\"og:type\" content=\"article\" \/>\n<meta property=\"og:title\" content=\"Bouclier de Gardien de Kratos - God of War - R\u00e9plique Manga Cin\u00e9\" \/>\n<meta property=\"og:description\" content=\"Bouclier de Gardien de Kratos en r\u00e9sine d\u00e9taill\u00e9e, 68\u00d761 cm, 3,2 kg, poign\u00e9e + sangle + cha\u00eene murale. R\u00e9plique God of War pour collection immersive.\" \/>\n<meta property=\"og:url\" content=\"https:\/\/repliquemangacine.fr\/it\/dio-della-guerra-replica\/scudo-guardiano-di-kratos-god-of-war\/\" \/>\n<meta property=\"og:site_name\" content=\"R\u00e9plique Manga Cin\u00e9\" \/>\n<meta property=\"article:publisher\" content=\"https:\/\/www.facebook.com\/RepliqueMangaCine\" \/>\n<meta property=\"article:modified_time\" content=\"2026-02-18T15:08:49+00:00\" \/>\n<meta property=\"og:image\" content=\"https:\/\/repliquemangacine.fr\/wp-content\/uploads\/2025\/11\/Bouclier-de-Kratos-God-of-War.jpg\" \/>\n\t<meta property=\"og:image:width\" content=\"700\" \/>\n\t<meta property=\"og:image:height\" content=\"700\" \/>\n\t<meta property=\"og:image:type\" content=\"image\/jpeg\" \/>\n<meta name=\"twitter:card\" content=\"summary_large_image\" \/>\n<meta name=\"twitter:label1\" content=\"Tempo di lettura stimato\" \/>\n\t<meta name=\"twitter:data1\" content=\"2 minuti\" \/>\n<script type=\"application\/ld+json\" class=\"yoast-schema-graph\">{\"@context\":\"https:\\\/\\\/schema.org\",\"@graph\":[{\"@type\":\"WebPage\",\"@id\":\"https:\\\/\\\/repliquemangacine.fr\\\/replique-god-of-war\\\/bouclier-de-gardien-de-kratos-god-of-war\\\/\",\"url\":\"https:\\\/\\\/repliquemangacine.fr\\\/replique-god-of-war\\\/bouclier-de-gardien-de-kratos-god-of-war\\\/\",\"name\":\"Bouclier de Gardien de Kratos - God of War - R\u00e9plique Manga Cin\u00e9\",\"isPartOf\":{\"@id\":\"https:\\\/\\\/repliquemangacine.fr\\\/#website\"},\"primaryImageOfPage\":{\"@id\":\"https:\\\/\\\/repliquemangacine.fr\\\/replique-god-of-war\\\/bouclier-de-gardien-de-kratos-god-of-war\\\/#primaryimage\"},\"image\":{\"@id\":\"https:\\\/\\\/repliquemangacine.fr\\\/replique-god-of-war\\\/bouclier-de-gardien-de-kratos-god-of-war\\\/#primaryimage\"},\"thumbnailUrl\":\"https:\\\/\\\/repliquemangacine.fr\\\/wp-content\\\/uploads\\\/2025\\\/11\\\/Bouclier-de-Kratos-God-of-War.jpg\",\"datePublished\":\"2025-11-20T16:48:04+00:00\",\"dateModified\":\"2026-02-18T15:08:49+00:00\",\"description\":\"Bouclier de Gardien de Kratos en r\u00e9sine d\u00e9taill\u00e9e, 68\u00d761 cm, 3,2 kg, poign\u00e9e + sangle + cha\u00eene murale. R\u00e9plique God of War pour collection immersive.\",\"breadcrumb\":{\"@id\":\"https:\\\/\\\/repliquemangacine.fr\\\/replique-god-of-war\\\/bouclier-de-gardien-de-kratos-god-of-war\\\/#breadcrumb\"},\"inLanguage\":\"it-IT\",\"potentialAction\":[{\"@type\":\"ReadAction\",\"target\":[\"https:\\\/\\\/repliquemangacine.fr\\\/replique-god-of-war\\\/bouclier-de-gardien-de-kratos-god-of-war\\\/\"]}]},{\"@type\":\"ImageObject\",\"inLanguage\":\"it-IT\",\"@id\":\"https:\\\/\\\/repliquemangacine.fr\\\/replique-god-of-war\\\/bouclier-de-gardien-de-kratos-god-of-war\\\/#primaryimage\",\"url\":\"https:\\\/\\\/repliquemangacine.fr\\\/wp-content\\\/uploads\\\/2025\\\/11\\\/Bouclier-de-Kratos-God-of-War.jpg\",\"contentUrl\":\"https:\\\/\\\/repliquemangacine.fr\\\/wp-content\\\/uploads\\\/2025\\\/11\\\/Bouclier-de-Kratos-God-of-War.jpg\",\"width\":700,\"height\":700,\"caption\":\"Bouclier de Gardien de Kratos - God of War\"},{\"@type\":\"BreadcrumbList\",\"@id\":\"https:\\\/\\\/repliquemangacine.fr\\\/replique-god-of-war\\\/bouclier-de-gardien-de-kratos-god-of-war\\\/#breadcrumb\",\"itemListElement\":[{\"@type\":\"ListItem\",\"position\":1,\"name\":\"Accueil\",\"item\":\"https:\\\/\\\/repliquemangacine.fr\\\/\"},{\"@type\":\"ListItem\",\"position\":2,\"name\":\"Produits\",\"item\":\"https:\\\/\\\/repliquemangacine.fr\\\/boutique\\\/\"},{\"@type\":\"ListItem\",\"position\":3,\"name\":\"Bouclier de Gardien de Kratos &#8211; God of War\"}]},{\"@type\":\"WebSite\",\"@id\":\"https:\\\/\\\/repliquemangacine.fr\\\/#website\",\"url\":\"https:\\\/\\\/repliquemangacine.fr\\\/\",\"name\":\"R\u00e9plique Manga Cin\u00e9\",\"description\":\"\",\"publisher\":{\"@id\":\"https:\\\/\\\/repliquemangacine.fr\\\/#organization\"},\"potentialAction\":[{\"@type\":\"SearchAction\",\"target\":{\"@type\":\"EntryPoint\",\"urlTemplate\":\"https:\\\/\\\/repliquemangacine.fr\\\/?s={search_term_string}\"},\"query-input\":{\"@type\":\"PropertyValueSpecification\",\"valueRequired\":true,\"valueName\":\"search_term_string\"}}],\"inLanguage\":\"it-IT\"},{\"@type\":\"Organization\",\"@id\":\"https:\\\/\\\/repliquemangacine.fr\\\/#organization\",\"name\":\"R\u00e9plique Manga Cin\u00e9\",\"url\":\"https:\\\/\\\/repliquemangacine.fr\\\/\",\"logo\":{\"@type\":\"ImageObject\",\"inLanguage\":\"it-IT\",\"@id\":\"https:\\\/\\\/repliquemangacine.fr\\\/#\\\/schema\\\/logo\\\/image\\\/\",\"url\":\"https:\\\/\\\/repliquemangacine.fr\\\/wp-content\\\/uploads\\\/2023\\\/10\\\/RMC-500250.png\",\"contentUrl\":\"https:\\\/\\\/repliquemangacine.fr\\\/wp-content\\\/uploads\\\/2023\\\/10\\\/RMC-500250.png\",\"width\":500,\"height\":250,\"caption\":\"R\u00e9plique Manga Cin\u00e9\"},\"image\":{\"@id\":\"https:\\\/\\\/repliquemangacine.fr\\\/#\\\/schema\\\/logo\\\/image\\\/\"},\"sameAs\":[\"https:\\\/\\\/www.facebook.com\\\/RepliqueMangaCine\",\"https:\\\/\\\/www.instagram.com\\\/repliquemangacine.fr\\\/\"]}]}<\/script>\n<!-- \/ Yoast SEO plugin. -->","yoast_head_json":{"title":"Scudo del guardiano di Kratos - God of War - R\u00e9plique Manga Cin\u00e9","description":"Scudo del Guardiano di Kratos in resina dettagliata, 68\u00d761 cm, 3,2 kg, maniglia + cinghia + catena da parete. Replica di God of War per una collezione coinvolgente.","robots":{"index":"index","follow":"follow","max-snippet":"max-snippet:-1","max-image-preview":"max-image-preview:large","max-video-preview":"max-video-preview:-1"},"canonical":"https:\/\/repliquemangacine.fr\/it\/dio-della-guerra-replica\/scudo-guardiano-di-kratos-god-of-war\/","og_locale":"it_IT","og_type":"article","og_title":"Bouclier de Gardien de Kratos - God of War - R\u00e9plique Manga Cin\u00e9","og_description":"Bouclier de Gardien de Kratos en r\u00e9sine d\u00e9taill\u00e9e, 68\u00d761 cm, 3,2 kg, poign\u00e9e + sangle + cha\u00eene murale. R\u00e9plique God of War pour collection immersive.","og_url":"https:\/\/repliquemangacine.fr\/it\/dio-della-guerra-replica\/scudo-guardiano-di-kratos-god-of-war\/","og_site_name":"R\u00e9plique Manga Cin\u00e9","article_publisher":"https:\/\/www.facebook.com\/RepliqueMangaCine","article_modified_time":"2026-02-18T15:08:49+00:00","og_image":[{"width":700,"height":700,"url":"https:\/\/repliquemangacine.fr\/wp-content\/uploads\/2025\/11\/Bouclier-de-Kratos-God-of-War.jpg","type":"image\/jpeg"}],"twitter_card":"summary_large_image","twitter_misc":{"Tempo di lettura stimato":"2 minuti"},"schema":{"@context":"https:\/\/schema.org","@graph":[{"@type":"WebPage","@id":"https:\/\/repliquemangacine.fr\/replique-god-of-war\/bouclier-de-gardien-de-kratos-god-of-war\/","url":"https:\/\/repliquemangacine.fr\/replique-god-of-war\/bouclier-de-gardien-de-kratos-god-of-war\/","name":"Scudo del guardiano di Kratos - God of War - R\u00e9plique Manga Cin\u00e9","isPartOf":{"@id":"https:\/\/repliquemangacine.fr\/#website"},"primaryImageOfPage":{"@id":"https:\/\/repliquemangacine.fr\/replique-god-of-war\/bouclier-de-gardien-de-kratos-god-of-war\/#primaryimage"},"image":{"@id":"https:\/\/repliquemangacine.fr\/replique-god-of-war\/bouclier-de-gardien-de-kratos-god-of-war\/#primaryimage"},"thumbnailUrl":"https:\/\/repliquemangacine.fr\/wp-content\/uploads\/2025\/11\/Bouclier-de-Kratos-God-of-War.jpg","datePublished":"2025-11-20T16:48:04+00:00","dateModified":"2026-02-18T15:08:49+00:00","description":"Scudo del Guardiano di Kratos in resina dettagliata, 68\u00d761 cm, 3,2 kg, maniglia + cinghia + catena da parete. Replica di God of War per una collezione coinvolgente.","breadcrumb":{"@id":"https:\/\/repliquemangacine.fr\/replique-god-of-war\/bouclier-de-gardien-de-kratos-god-of-war\/#breadcrumb"},"inLanguage":"it-IT","potentialAction":[{"@type":"ReadAction","target":["https:\/\/repliquemangacine.fr\/replique-god-of-war\/bouclier-de-gardien-de-kratos-god-of-war\/"]}]},{"@type":"ImageObject","inLanguage":"it-IT","@id":"https:\/\/repliquemangacine.fr\/replique-god-of-war\/bouclier-de-gardien-de-kratos-god-of-war\/#primaryimage","url":"https:\/\/repliquemangacine.fr\/wp-content\/uploads\/2025\/11\/Bouclier-de-Kratos-God-of-War.jpg","contentUrl":"https:\/\/repliquemangacine.fr\/wp-content\/uploads\/2025\/11\/Bouclier-de-Kratos-God-of-War.jpg","width":700,"height":700,"caption":"Bouclier de Gardien de Kratos - God of War"},{"@type":"BreadcrumbList","@id":"https:\/\/repliquemangacine.fr\/replique-god-of-war\/bouclier-de-gardien-de-kratos-god-of-war\/#breadcrumb","itemListElement":[{"@type":"ListItem","position":1,"name":"Accueil","item":"https:\/\/repliquemangacine.fr\/"},{"@type":"ListItem","position":2,"name":"Produits","item":"https:\/\/repliquemangacine.fr\/boutique\/"},{"@type":"ListItem","position":3,"name":"Bouclier de Gardien de Kratos &#8211; God of War"}]},{"@type":"WebSite","@id":"https:\/\/repliquemangacine.fr\/#website","url":"https:\/\/repliquemangacine.fr\/","name":"R\u00e9plique Manga Cin\u00e9","description":"","publisher":{"@id":"https:\/\/repliquemangacine.fr\/#organization"},"potentialAction":[{"@type":"SearchAction","target":{"@type":"EntryPoint","urlTemplate":"https:\/\/repliquemangacine.fr\/?s={search_term_string}"},"query-input":{"@type":"PropertyValueSpecification","valueRequired":true,"valueName":"search_term_string"}}],"inLanguage":"it-IT"},{"@type":"Organization","@id":"https:\/\/repliquemangacine.fr\/#organization","name":"R\u00e9plique Manga Cin\u00e9","url":"https:\/\/repliquemangacine.fr\/","logo":{"@type":"ImageObject","inLanguage":"it-IT","@id":"https:\/\/repliquemangacine.fr\/#\/schema\/logo\/image\/","url":"https:\/\/repliquemangacine.fr\/wp-content\/uploads\/2023\/10\/RMC-500250.png","contentUrl":"https:\/\/repliquemangacine.fr\/wp-content\/uploads\/2023\/10\/RMC-500250.png","width":500,"height":250,"caption":"R\u00e9plique Manga Cin\u00e9"},"image":{"@id":"https:\/\/repliquemangacine.fr\/#\/schema\/logo\/image\/"},"sameAs":["https:\/\/www.facebook.com\/RepliqueMangaCine","https:\/\/www.instagram.com\/repliquemangacine.fr\/"]}]}},"_links":{"self":[{"href":"https:\/\/repliquemangacine.fr\/it\/wp-json\/wp\/v2\/product\/91007","targetHints":{"allow":["GET"]}}],"collection":[{"href":"https:\/\/repliquemangacine.fr\/it\/wp-json\/wp\/v2\/product"}],"about":[{"href":"https:\/\/repliquemangacine.fr\/it\/wp-json\/wp\/v2\/types\/product"}],"wp:featuredmedia":[{"embeddable":true,"href":"https:\/\/repliquemangacine.fr\/it\/wp-json\/wp\/v2\/media\/91008"}],"wp:attachment":[{"href":"https:\/\/repliquemangacine.fr\/it\/wp-json\/wp\/v2\/media?parent=91007"}],"wp:term":[{"taxonomy":"product_brand","embeddable":true,"href":"https:\/\/repliquemangacine.fr\/it\/wp-json\/wp\/v2\/product_brand?post=91007"},{"taxonomy":"product_cat","embeddable":true,"href":"https:\/\/repliquemangacine.fr\/it\/wp-json\/wp\/v2\/product_cat?post=91007"},{"taxonomy":"product_tag","embeddable":true,"href":"https:\/\/repliquemangacine.fr\/it\/wp-json\/wp\/v2\/product_tag?post=91007"}],"curies":[{"name":"wp","href":"https:\/\/api.w.org\/{rel}","templated":true}]}}