





{"id":90994,"date":"2025-11-20T15:40:04","date_gmt":"2025-11-20T14:40:04","guid":{"rendered":"https:\/\/repliquemangacine.fr\/?post_type=product&#038;p=90994"},"modified":"2026-03-31T10:04:55","modified_gmt":"2026-03-31T08:04:55","slug":"ascia-a-doppia-lama-di-gimli","status":"publish","type":"product","link":"https:\/\/repliquemangacine.fr\/it\/epees-seigneur-des-anneaux\/hache-double-lame-gimli\/","title":{"rendered":"Ascia a doppia lama di Gimli"},"content":{"rendered":"<h2>Un'ascia a doppia lama Gimli per gli eroi della Terra di Mezzo<\/h2>\n<p>Prima di tutto, questa replica del <strong>Ascia a doppia lama di Gimli<\/strong> riproduce fedelmente l'estetica dell'arma vista ne Il Signore degli Anelli. La testa \u00e8 composta da due lame in metallo finemente lavorate con motivi dorati ispirati ai nani. L'impugnatura marrone \u00e8 rinforzata con una texture antiscivolo per garantire una presa salda. Con le sue dimensioni ben bilanciate, il pezzo vanta una lunghezza complessiva di 880 mm per una lama di 280 mm. Il peso imponente di 4.400 g rafforza l'aspetto autentico e solido dell'arma. Fornita con un supporto da parete, \u00e8 un pezzo decorativo di prestigio. Quest'ascia simboleggia la forza guerriera del popolo dei Nani e la loro maestria nel combattimento ravvicinato in tutta la trilogia.<\/p>\n<h2>Gimli, guerriero nanico dall'inesauribile coraggio<\/h2>\n<p>Gimli \u00e8 l'incarnazione del coraggio e della lealt\u00e0, combinando forza bruta e umorismo pungente. Questo <strong>Ascia a doppia lama di Gimli<\/strong>, La spada, brandita in battaglia, accompagna le sue cariche eroiche e il suo temperamento inflessibile. La sua amicizia con Legolas rimane uno dei simboli pi\u00f9 forti dell'unione tra i popoli liberi. Ogni loro impresa rafforza il rispetto reciproco nato in mezzo alla guerra. Inoltre, la sua alleanza con <a href=\"https:\/\/lotr.fandom.com\/fr\/wiki\/Aragorn\" target=\"_blank\" rel=\"noopener noreferrer\">Aragorn<\/a> dimostra la sua fedelt\u00e0 ai re di Gondor. Infatti, quest'arma sottolinea il suo orgoglio nanico, la sua eredit\u00e0 ancestrale e il suo posto all'interno della Comunit\u00e0. Possedere questa replica significa celebrare uno dei pi\u00f9 grandi guerrieri di Tolkien.<\/p>\n<h2>Una raccolta epica per i fan de Il Signore degli Anelli<\/h2>\n<p>Quest'ascia si aggiunge a una prestigiosa selezione disponibile su R\u00e9plique Manga Cin\u00e9. Tra queste, la superba replica del\u2019<a href=\"https:\/\/repliquemangacine.fr\/it\/spade-del-signore-degli-anelli\/la-spada-di-eowyn-il-signore-degli-anelli\/\">spada di \u00c9owyn<\/a> rende omaggio al coraggio dei Rohirrim. C'\u00e8 anche una replica della\u2019<a href=\"https:\/\/repliquemangacine.fr\/it\/spade-del-signore-degli-anelli\/signore-degli-anelli-nazgul-spada-cavalieri-neri-spada\/\">Spada Nazg\u00fbl<\/a>, un'arma oscura portata dai Cavalieri Neri. Infine, il magnifico <a href=\"https:\/\/repliquemangacine.fr\/it\/spade-del-signore-degli-anelli\/fodero-glamdring-spada-di-gandalf-lotr\/\">Spada Glamdring<\/a> La versione blu ricorda lo splendore dell'arma di Gandalf. Con queste repliche, potrete comporre una collezione completa dedicata alle mitiche battaglie della Terra di Mezzo. In conclusione, scoprite tutte le nostre armi ispirate a Tolkien per arricchire il vostro pantheon di eroi.<\/p>","protected":false},"excerpt":{"rendered":"<p>Dominate la Terra di Mezzo con l'ascia a doppia lama di Gimli, una replica massiccia e autentica degna di un guerriero nanico.<\/p>\n<ul>\n<li>Testa a doppia lama in acciaio non affilato<\/li>\n<li>Piastra metallica che collega le due lame in ottone con incisioni.<\/li>\n<li>Manico in metallo rivestito in fibra marrone<\/li>\n<li>Fornito con supporto di presentazione in legno<\/li>\n<li>Dimensioni della testa doppia: 28 cm - Lunghezza totale: 88 cm<\/li>\n<li>Peso: 4400 g<\/li>\n<\/ul>","protected":false},"featured_media":90996,"template":"","meta":[],"product_brand":[],"product_cat":[68,29],"product_tag":[],"class_list":{"0":"post-90994","1":"product","2":"type-product","3":"status-publish","4":"has-post-thumbnail","6":"product_cat-epees-seigneur-des-anneaux","7":"product_cat-le-seigneur-des-anneaux","9":"first","10":"outofstock","11":"taxable","12":"shipping-taxable","13":"purchasable","14":"product-type-simple"},"yoast_head":"<!-- This site is optimized with the Yoast SEO plugin v27.4 - https:\/\/yoast.com\/product\/yoast-seo-wordpress\/ -->\n<title>Hache double lame Gimli - R\u00e9plique Manga Cin\u00e9<\/title>\n<meta name=\"description\" content=\"Hache double lame de Gimli en m\u00e9tal avec poign\u00e9e marron et support mural. 880 mm, 4,4 kg. R\u00e9plique Seigneur des Anneaux pour collection passionn\u00e9e.\" \/>\n<meta name=\"robots\" content=\"index, follow, max-snippet:-1, max-image-preview:large, max-video-preview:-1\" \/>\n<link rel=\"canonical\" href=\"https:\/\/repliquemangacine.fr\/it\/spade-del-signore-degli-anelli\/ascia-a-doppia-lama-di-gimli\/\" \/>\n<meta property=\"og:locale\" content=\"it_IT\" \/>\n<meta property=\"og:type\" content=\"article\" \/>\n<meta property=\"og:title\" content=\"Hache double lame Gimli - R\u00e9plique Manga Cin\u00e9\" \/>\n<meta property=\"og:description\" content=\"Hache double lame de Gimli en m\u00e9tal avec poign\u00e9e marron et support mural. 880 mm, 4,4 kg. R\u00e9plique Seigneur des Anneaux pour collection passionn\u00e9e.\" \/>\n<meta property=\"og:url\" content=\"https:\/\/repliquemangacine.fr\/it\/spade-del-signore-degli-anelli\/ascia-a-doppia-lama-di-gimli\/\" \/>\n<meta property=\"og:site_name\" content=\"R\u00e9plique Manga Cin\u00e9\" \/>\n<meta property=\"article:publisher\" content=\"https:\/\/www.facebook.com\/RepliqueMangaCine\" \/>\n<meta property=\"article:modified_time\" content=\"2026-03-31T08:04:55+00:00\" \/>\n<meta property=\"og:image\" content=\"https:\/\/repliquemangacine.fr\/wp-content\/uploads\/2025\/11\/Hache-double-lame-Gimli-Lord-of-the-Ring.jpg\" \/>\n\t<meta property=\"og:image:width\" content=\"700\" \/>\n\t<meta property=\"og:image:height\" content=\"700\" \/>\n\t<meta property=\"og:image:type\" content=\"image\/jpeg\" \/>\n<meta name=\"twitter:card\" content=\"summary_large_image\" \/>\n<meta name=\"twitter:label1\" content=\"Tempo di lettura stimato\" \/>\n\t<meta name=\"twitter:data1\" content=\"2 minuti\" \/>\n<script type=\"application\/ld+json\" class=\"yoast-schema-graph\">{\"@context\":\"https:\\\/\\\/schema.org\",\"@graph\":[{\"@type\":\"WebPage\",\"@id\":\"https:\\\/\\\/repliquemangacine.fr\\\/epees-seigneur-des-anneaux\\\/hache-double-lame-gimli\\\/\",\"url\":\"https:\\\/\\\/repliquemangacine.fr\\\/epees-seigneur-des-anneaux\\\/hache-double-lame-gimli\\\/\",\"name\":\"Hache double lame Gimli - R\u00e9plique Manga Cin\u00e9\",\"isPartOf\":{\"@id\":\"https:\\\/\\\/repliquemangacine.fr\\\/#website\"},\"primaryImageOfPage\":{\"@id\":\"https:\\\/\\\/repliquemangacine.fr\\\/epees-seigneur-des-anneaux\\\/hache-double-lame-gimli\\\/#primaryimage\"},\"image\":{\"@id\":\"https:\\\/\\\/repliquemangacine.fr\\\/epees-seigneur-des-anneaux\\\/hache-double-lame-gimli\\\/#primaryimage\"},\"thumbnailUrl\":\"https:\\\/\\\/repliquemangacine.fr\\\/wp-content\\\/uploads\\\/2025\\\/11\\\/Hache-double-lame-Gimli-Lord-of-the-Ring.jpg\",\"datePublished\":\"2025-11-20T14:40:04+00:00\",\"dateModified\":\"2026-03-31T08:04:55+00:00\",\"description\":\"Hache double lame de Gimli en m\u00e9tal avec poign\u00e9e marron et support mural. 880 mm, 4,4 kg. R\u00e9plique Seigneur des Anneaux pour collection passionn\u00e9e.\",\"breadcrumb\":{\"@id\":\"https:\\\/\\\/repliquemangacine.fr\\\/epees-seigneur-des-anneaux\\\/hache-double-lame-gimli\\\/#breadcrumb\"},\"inLanguage\":\"it-IT\",\"potentialAction\":[{\"@type\":\"ReadAction\",\"target\":[\"https:\\\/\\\/repliquemangacine.fr\\\/epees-seigneur-des-anneaux\\\/hache-double-lame-gimli\\\/\"]}]},{\"@type\":\"ImageObject\",\"inLanguage\":\"it-IT\",\"@id\":\"https:\\\/\\\/repliquemangacine.fr\\\/epees-seigneur-des-anneaux\\\/hache-double-lame-gimli\\\/#primaryimage\",\"url\":\"https:\\\/\\\/repliquemangacine.fr\\\/wp-content\\\/uploads\\\/2025\\\/11\\\/Hache-double-lame-Gimli-Lord-of-the-Ring.jpg\",\"contentUrl\":\"https:\\\/\\\/repliquemangacine.fr\\\/wp-content\\\/uploads\\\/2025\\\/11\\\/Hache-double-lame-Gimli-Lord-of-the-Ring.jpg\",\"width\":700,\"height\":700,\"caption\":\"Hache double lame Gimli - Le Seigneur des Anneaux\"},{\"@type\":\"BreadcrumbList\",\"@id\":\"https:\\\/\\\/repliquemangacine.fr\\\/epees-seigneur-des-anneaux\\\/hache-double-lame-gimli\\\/#breadcrumb\",\"itemListElement\":[{\"@type\":\"ListItem\",\"position\":1,\"name\":\"Accueil\",\"item\":\"https:\\\/\\\/repliquemangacine.fr\\\/\"},{\"@type\":\"ListItem\",\"position\":2,\"name\":\"Produits\",\"item\":\"https:\\\/\\\/repliquemangacine.fr\\\/boutique\\\/\"},{\"@type\":\"ListItem\",\"position\":3,\"name\":\"Hache double lame Gimli\"}]},{\"@type\":\"WebSite\",\"@id\":\"https:\\\/\\\/repliquemangacine.fr\\\/#website\",\"url\":\"https:\\\/\\\/repliquemangacine.fr\\\/\",\"name\":\"R\u00e9plique Manga Cin\u00e9\",\"description\":\"\",\"publisher\":{\"@id\":\"https:\\\/\\\/repliquemangacine.fr\\\/#organization\"},\"potentialAction\":[{\"@type\":\"SearchAction\",\"target\":{\"@type\":\"EntryPoint\",\"urlTemplate\":\"https:\\\/\\\/repliquemangacine.fr\\\/?s={search_term_string}\"},\"query-input\":{\"@type\":\"PropertyValueSpecification\",\"valueRequired\":true,\"valueName\":\"search_term_string\"}}],\"inLanguage\":\"it-IT\"},{\"@type\":\"Organization\",\"@id\":\"https:\\\/\\\/repliquemangacine.fr\\\/#organization\",\"name\":\"R\u00e9plique Manga Cin\u00e9\",\"url\":\"https:\\\/\\\/repliquemangacine.fr\\\/\",\"logo\":{\"@type\":\"ImageObject\",\"inLanguage\":\"it-IT\",\"@id\":\"https:\\\/\\\/repliquemangacine.fr\\\/#\\\/schema\\\/logo\\\/image\\\/\",\"url\":\"https:\\\/\\\/repliquemangacine.fr\\\/wp-content\\\/uploads\\\/2023\\\/10\\\/RMC-500250.png\",\"contentUrl\":\"https:\\\/\\\/repliquemangacine.fr\\\/wp-content\\\/uploads\\\/2023\\\/10\\\/RMC-500250.png\",\"width\":500,\"height\":250,\"caption\":\"R\u00e9plique Manga Cin\u00e9\"},\"image\":{\"@id\":\"https:\\\/\\\/repliquemangacine.fr\\\/#\\\/schema\\\/logo\\\/image\\\/\"},\"sameAs\":[\"https:\\\/\\\/www.facebook.com\\\/RepliqueMangaCine\",\"https:\\\/\\\/www.instagram.com\\\/repliquemangacine.fr\\\/\"]}]}<\/script>\n<!-- \/ Yoast SEO plugin. -->","yoast_head_json":{"title":"Ascia a doppia lama di Gimli - R\u00e9plique Manga Cin\u00e9","description":"Ascia Gimli a doppia lama in metallo con manico marrone e supporto a muro. 880 mm, 4,4 kg. Replica del Signore degli Anelli per collezionisti appassionati.","robots":{"index":"index","follow":"follow","max-snippet":"max-snippet:-1","max-image-preview":"max-image-preview:large","max-video-preview":"max-video-preview:-1"},"canonical":"https:\/\/repliquemangacine.fr\/it\/spade-del-signore-degli-anelli\/ascia-a-doppia-lama-di-gimli\/","og_locale":"it_IT","og_type":"article","og_title":"Hache double lame Gimli - R\u00e9plique Manga Cin\u00e9","og_description":"Hache double lame de Gimli en m\u00e9tal avec poign\u00e9e marron et support mural. 880 mm, 4,4 kg. R\u00e9plique Seigneur des Anneaux pour collection passionn\u00e9e.","og_url":"https:\/\/repliquemangacine.fr\/it\/spade-del-signore-degli-anelli\/ascia-a-doppia-lama-di-gimli\/","og_site_name":"R\u00e9plique Manga Cin\u00e9","article_publisher":"https:\/\/www.facebook.com\/RepliqueMangaCine","article_modified_time":"2026-03-31T08:04:55+00:00","og_image":[{"width":700,"height":700,"url":"https:\/\/repliquemangacine.fr\/wp-content\/uploads\/2025\/11\/Hache-double-lame-Gimli-Lord-of-the-Ring.jpg","type":"image\/jpeg"}],"twitter_card":"summary_large_image","twitter_misc":{"Tempo di lettura stimato":"2 minuti"},"schema":{"@context":"https:\/\/schema.org","@graph":[{"@type":"WebPage","@id":"https:\/\/repliquemangacine.fr\/epees-seigneur-des-anneaux\/hache-double-lame-gimli\/","url":"https:\/\/repliquemangacine.fr\/epees-seigneur-des-anneaux\/hache-double-lame-gimli\/","name":"Ascia a doppia lama di Gimli - R\u00e9plique Manga Cin\u00e9","isPartOf":{"@id":"https:\/\/repliquemangacine.fr\/#website"},"primaryImageOfPage":{"@id":"https:\/\/repliquemangacine.fr\/epees-seigneur-des-anneaux\/hache-double-lame-gimli\/#primaryimage"},"image":{"@id":"https:\/\/repliquemangacine.fr\/epees-seigneur-des-anneaux\/hache-double-lame-gimli\/#primaryimage"},"thumbnailUrl":"https:\/\/repliquemangacine.fr\/wp-content\/uploads\/2025\/11\/Hache-double-lame-Gimli-Lord-of-the-Ring.jpg","datePublished":"2025-11-20T14:40:04+00:00","dateModified":"2026-03-31T08:04:55+00:00","description":"Ascia Gimli a doppia lama in metallo con manico marrone e supporto a muro. 880 mm, 4,4 kg. Replica del Signore degli Anelli per collezionisti appassionati.","breadcrumb":{"@id":"https:\/\/repliquemangacine.fr\/epees-seigneur-des-anneaux\/hache-double-lame-gimli\/#breadcrumb"},"inLanguage":"it-IT","potentialAction":[{"@type":"ReadAction","target":["https:\/\/repliquemangacine.fr\/epees-seigneur-des-anneaux\/hache-double-lame-gimli\/"]}]},{"@type":"ImageObject","inLanguage":"it-IT","@id":"https:\/\/repliquemangacine.fr\/epees-seigneur-des-anneaux\/hache-double-lame-gimli\/#primaryimage","url":"https:\/\/repliquemangacine.fr\/wp-content\/uploads\/2025\/11\/Hache-double-lame-Gimli-Lord-of-the-Ring.jpg","contentUrl":"https:\/\/repliquemangacine.fr\/wp-content\/uploads\/2025\/11\/Hache-double-lame-Gimli-Lord-of-the-Ring.jpg","width":700,"height":700,"caption":"Hache double lame Gimli - Le Seigneur des Anneaux"},{"@type":"BreadcrumbList","@id":"https:\/\/repliquemangacine.fr\/epees-seigneur-des-anneaux\/hache-double-lame-gimli\/#breadcrumb","itemListElement":[{"@type":"ListItem","position":1,"name":"Accueil","item":"https:\/\/repliquemangacine.fr\/"},{"@type":"ListItem","position":2,"name":"Produits","item":"https:\/\/repliquemangacine.fr\/boutique\/"},{"@type":"ListItem","position":3,"name":"Hache double lame Gimli"}]},{"@type":"WebSite","@id":"https:\/\/repliquemangacine.fr\/#website","url":"https:\/\/repliquemangacine.fr\/","name":"R\u00e9plique Manga Cin\u00e9","description":"","publisher":{"@id":"https:\/\/repliquemangacine.fr\/#organization"},"potentialAction":[{"@type":"SearchAction","target":{"@type":"EntryPoint","urlTemplate":"https:\/\/repliquemangacine.fr\/?s={search_term_string}"},"query-input":{"@type":"PropertyValueSpecification","valueRequired":true,"valueName":"search_term_string"}}],"inLanguage":"it-IT"},{"@type":"Organization","@id":"https:\/\/repliquemangacine.fr\/#organization","name":"R\u00e9plique Manga Cin\u00e9","url":"https:\/\/repliquemangacine.fr\/","logo":{"@type":"ImageObject","inLanguage":"it-IT","@id":"https:\/\/repliquemangacine.fr\/#\/schema\/logo\/image\/","url":"https:\/\/repliquemangacine.fr\/wp-content\/uploads\/2023\/10\/RMC-500250.png","contentUrl":"https:\/\/repliquemangacine.fr\/wp-content\/uploads\/2023\/10\/RMC-500250.png","width":500,"height":250,"caption":"R\u00e9plique Manga Cin\u00e9"},"image":{"@id":"https:\/\/repliquemangacine.fr\/#\/schema\/logo\/image\/"},"sameAs":["https:\/\/www.facebook.com\/RepliqueMangaCine","https:\/\/www.instagram.com\/repliquemangacine.fr\/"]}]}},"_links":{"self":[{"href":"https:\/\/repliquemangacine.fr\/it\/wp-json\/wp\/v2\/product\/90994","targetHints":{"allow":["GET"]}}],"collection":[{"href":"https:\/\/repliquemangacine.fr\/it\/wp-json\/wp\/v2\/product"}],"about":[{"href":"https:\/\/repliquemangacine.fr\/it\/wp-json\/wp\/v2\/types\/product"}],"wp:featuredmedia":[{"embeddable":true,"href":"https:\/\/repliquemangacine.fr\/it\/wp-json\/wp\/v2\/media\/90996"}],"wp:attachment":[{"href":"https:\/\/repliquemangacine.fr\/it\/wp-json\/wp\/v2\/media?parent=90994"}],"wp:term":[{"taxonomy":"product_brand","embeddable":true,"href":"https:\/\/repliquemangacine.fr\/it\/wp-json\/wp\/v2\/product_brand?post=90994"},{"taxonomy":"product_cat","embeddable":true,"href":"https:\/\/repliquemangacine.fr\/it\/wp-json\/wp\/v2\/product_cat?post=90994"},{"taxonomy":"product_tag","embeddable":true,"href":"https:\/\/repliquemangacine.fr\/it\/wp-json\/wp\/v2\/product_tag?post=90994"}],"curies":[{"name":"wp","href":"https:\/\/api.w.org\/{rel}","templated":true}]}}