





{"id":90985,"date":"2025-11-20T15:03:46","date_gmt":"2025-11-20T14:03:46","guid":{"rendered":"https:\/\/repliquemangacine.fr\/?post_type=product&#038;p=90985"},"modified":"2026-03-31T10:04:55","modified_gmt":"2026-03-31T08:04:55","slug":"ascia-di-gimli-signore-degli-anelli","status":"publish","type":"product","link":"https:\/\/repliquemangacine.fr\/it\/epees-seigneur-des-anneaux\/hache-de-gimli-le-seigneur-des-anneaux\/","title":{"rendered":"L'ascia di Gimli - Il Signore degli Anelli"},"content":{"rendered":"<h2>L'ascia di Gimli, un'arma leggendaria forgiata per la battaglia<\/h2>\n<p>Prima di tutto, questa replica del <strong>Ascia di Gimli<\/strong> riproduce fedelmente il suo aspetto nella trilogia de Il Signore degli Anelli. La testa dell'ascia \u00e8 interamente in metallo, con una realistica finitura damascata e una placca d'oro incisa. Il manico \u00e8 in metallo rivestito in fibra nera, per una presa solida e autentica. Viene fornita con un supporto da parete per un'elegante esposizione. Nella storia, quest'ascia simboleggia la forza e il coraggio indomabili del popolo dei nani. Accompagna Gimli nella sua ricerca dell'Anello, attraversando le terre della Terra di Mezzo. Questo pezzo aggiunge un'aura eroica a qualsiasi collezione fantasy.<\/p>\n<h2>Gimli, fedele alleato di Aragorn e Legolas<\/h2>\n<p>Per cominciare, Gimli \u00e8 un nano guerriero dal carattere fiero, leale e temerario. Il suo umorismo schietto e il suo temperamento solido segnano ogni scena in cui appare. Ma la sua storia si distingue soprattutto per l'inaspettata amicizia con <a href=\"https:\/\/lotr.fandom.com\/fr\/wiki\/Legolas\" target=\"_blank\" rel=\"noopener noreferrer\">Legolas<\/a>, rafforzando il legame tra Elfi e Nani. Il suo profondo rispetto per Aragorn sottolinea la sua gratitudine verso i Re di Gondor. Con quest'ascia, Gimli incarna la fratellanza nata in guerra e l'onore del popolo nanico. Questa replica permette di rivivere quei momenti iconici in cui il cameratismo ha trionfato su rancori secolari. \u00c8 l'ideale per i fan che vogliono sottolineare questa mitica alleanza.<\/p>\n<h2>Una collezione completa della Terra di Mezzo su R\u00e9pliqueMangaCin\u00e9<\/h2>\n<p>Quest'ascia \u00e8 un'aggiunta perfetta alla nostra gamma per i fan del Signore degli Anelli. Tra i nostri pezzi iconici, l'ascia <a href=\"https:\/\/repliquemangacine.fr\/it\/il-signore-degli-anelli\/uruk-hai-scimitarra-signore-degli-anelli\/\">Scimitarra Uruk-Hai<\/a> offre un'estetica brutale e bellicosa. Offriamo anche la versione di lusso del\u2019<a href=\"https:\/\/repliquemangacine.fr\/it\/spade-del-signore-degli-anelli\/spada-anduril-de-luxe\/\">La spada di Aragorn, l'Anduril<\/a>, un simbolo dell'eredit\u00e0 reale di Gondor. Inoltre, il\u2019<a href=\"https:\/\/repliquemangacine.fr\/it\/spade-del-signore-degli-anelli\/signore-degli-anelli-sam-gamegie-sword\/\">La spada di Sam Gamegie<\/a> ricorda la lealt\u00e0 e il coraggio degli Hobbit. Il nostro negozio R\u00e9plique Manga Cin\u00e9 riunisce tutte le spade della trilogia, per creare una collezione fedele all'opera epica. In questo modo, ogni fan pu\u00f2 esibire un pezzo completo della leggenda di Tolkien.<\/p>","protected":false},"excerpt":{"rendered":"<p>Sfrutta il potere dei Nani con l'ascia di Gimli, una replica robusta ed epica ispirata a Il Signore degli Anelli.<\/p>\n<ul>\n<li>Testa dell'ascia in acciaio stile Damasco<\/li>\n<li>Piccola placca d'oro incisa sulla parte superiore della testa<\/li>\n<li>Impugnatura in metallo rivestita in fibra nera per una presa sicura<\/li>\n<li>Fornito con un supporto di presentazione in legno<\/li>\n<li>Lunghezza della testa: 21,5 cm - Lunghezza totale: 86 cm<\/li>\n<li>Peso: 3070 g<\/li>\n<\/ul>","protected":false},"featured_media":90986,"template":"","meta":[],"product_brand":[],"product_cat":[68,29],"product_tag":[],"class_list":{"0":"post-90985","1":"product","2":"type-product","3":"status-publish","4":"has-post-thumbnail","6":"product_cat-epees-seigneur-des-anneaux","7":"product_cat-le-seigneur-des-anneaux","9":"first","10":"instock","11":"taxable","12":"shipping-taxable","13":"purchasable","14":"product-type-simple"},"yoast_head":"<!-- This site is optimized with the Yoast SEO plugin v27.4 - https:\/\/yoast.com\/product\/yoast-seo-wordpress\/ -->\n<title>Hache de Gimli - Le Seigneur des Anneaux - R\u00e9plique Manga Cin\u00e9<\/title>\n<meta name=\"description\" content=\"Hache de Gimli en m\u00e9tal style damas avec poign\u00e9e fibre et support mural. R\u00e9plique Seigneur des Anneaux id\u00e9ale collection et d\u00e9coration fantasy.\" \/>\n<meta name=\"robots\" content=\"index, follow, max-snippet:-1, max-image-preview:large, max-video-preview:-1\" \/>\n<link rel=\"canonical\" href=\"https:\/\/repliquemangacine.fr\/it\/spade-del-signore-degli-anelli\/ascia-di-gimli-signore-degli-anelli\/\" \/>\n<meta property=\"og:locale\" content=\"it_IT\" \/>\n<meta property=\"og:type\" content=\"article\" \/>\n<meta property=\"og:title\" content=\"Hache de Gimli - Le Seigneur des Anneaux - R\u00e9plique Manga Cin\u00e9\" \/>\n<meta property=\"og:description\" content=\"Hache de Gimli en m\u00e9tal style damas avec poign\u00e9e fibre et support mural. R\u00e9plique Seigneur des Anneaux id\u00e9ale collection et d\u00e9coration fantasy.\" \/>\n<meta property=\"og:url\" content=\"https:\/\/repliquemangacine.fr\/it\/spade-del-signore-degli-anelli\/ascia-di-gimli-signore-degli-anelli\/\" \/>\n<meta property=\"og:site_name\" content=\"R\u00e9plique Manga Cin\u00e9\" \/>\n<meta property=\"article:publisher\" content=\"https:\/\/www.facebook.com\/RepliqueMangaCine\" \/>\n<meta property=\"article:modified_time\" content=\"2026-03-31T08:04:55+00:00\" \/>\n<meta property=\"og:image\" content=\"https:\/\/repliquemangacine.fr\/wp-content\/uploads\/2025\/11\/Hache-de-Gimli-Le-Seigneur-des-Anneaux.jpg\" \/>\n\t<meta property=\"og:image:width\" content=\"700\" \/>\n\t<meta property=\"og:image:height\" content=\"700\" \/>\n\t<meta property=\"og:image:type\" content=\"image\/jpeg\" \/>\n<meta name=\"twitter:card\" content=\"summary_large_image\" \/>\n<meta name=\"twitter:label1\" content=\"Tempo di lettura stimato\" \/>\n\t<meta name=\"twitter:data1\" content=\"2 minuti\" \/>\n<script type=\"application\/ld+json\" class=\"yoast-schema-graph\">{\"@context\":\"https:\\\/\\\/schema.org\",\"@graph\":[{\"@type\":\"WebPage\",\"@id\":\"https:\\\/\\\/repliquemangacine.fr\\\/epees-seigneur-des-anneaux\\\/hache-de-gimli-le-seigneur-des-anneaux\\\/\",\"url\":\"https:\\\/\\\/repliquemangacine.fr\\\/epees-seigneur-des-anneaux\\\/hache-de-gimli-le-seigneur-des-anneaux\\\/\",\"name\":\"Hache de Gimli - Le Seigneur des Anneaux - R\u00e9plique Manga Cin\u00e9\",\"isPartOf\":{\"@id\":\"https:\\\/\\\/repliquemangacine.fr\\\/#website\"},\"primaryImageOfPage\":{\"@id\":\"https:\\\/\\\/repliquemangacine.fr\\\/epees-seigneur-des-anneaux\\\/hache-de-gimli-le-seigneur-des-anneaux\\\/#primaryimage\"},\"image\":{\"@id\":\"https:\\\/\\\/repliquemangacine.fr\\\/epees-seigneur-des-anneaux\\\/hache-de-gimli-le-seigneur-des-anneaux\\\/#primaryimage\"},\"thumbnailUrl\":\"https:\\\/\\\/repliquemangacine.fr\\\/wp-content\\\/uploads\\\/2025\\\/11\\\/Hache-de-Gimli-Le-Seigneur-des-Anneaux.jpg\",\"datePublished\":\"2025-11-20T14:03:46+00:00\",\"dateModified\":\"2026-03-31T08:04:55+00:00\",\"description\":\"Hache de Gimli en m\u00e9tal style damas avec poign\u00e9e fibre et support mural. R\u00e9plique Seigneur des Anneaux id\u00e9ale collection et d\u00e9coration fantasy.\",\"breadcrumb\":{\"@id\":\"https:\\\/\\\/repliquemangacine.fr\\\/epees-seigneur-des-anneaux\\\/hache-de-gimli-le-seigneur-des-anneaux\\\/#breadcrumb\"},\"inLanguage\":\"it-IT\",\"potentialAction\":[{\"@type\":\"ReadAction\",\"target\":[\"https:\\\/\\\/repliquemangacine.fr\\\/epees-seigneur-des-anneaux\\\/hache-de-gimli-le-seigneur-des-anneaux\\\/\"]}]},{\"@type\":\"ImageObject\",\"inLanguage\":\"it-IT\",\"@id\":\"https:\\\/\\\/repliquemangacine.fr\\\/epees-seigneur-des-anneaux\\\/hache-de-gimli-le-seigneur-des-anneaux\\\/#primaryimage\",\"url\":\"https:\\\/\\\/repliquemangacine.fr\\\/wp-content\\\/uploads\\\/2025\\\/11\\\/Hache-de-Gimli-Le-Seigneur-des-Anneaux.jpg\",\"contentUrl\":\"https:\\\/\\\/repliquemangacine.fr\\\/wp-content\\\/uploads\\\/2025\\\/11\\\/Hache-de-Gimli-Le-Seigneur-des-Anneaux.jpg\",\"width\":700,\"height\":700,\"caption\":\"Hache de Gimli dans Le Seigneur des Anneaux\"},{\"@type\":\"BreadcrumbList\",\"@id\":\"https:\\\/\\\/repliquemangacine.fr\\\/epees-seigneur-des-anneaux\\\/hache-de-gimli-le-seigneur-des-anneaux\\\/#breadcrumb\",\"itemListElement\":[{\"@type\":\"ListItem\",\"position\":1,\"name\":\"Accueil\",\"item\":\"https:\\\/\\\/repliquemangacine.fr\\\/\"},{\"@type\":\"ListItem\",\"position\":2,\"name\":\"Produits\",\"item\":\"https:\\\/\\\/repliquemangacine.fr\\\/boutique\\\/\"},{\"@type\":\"ListItem\",\"position\":3,\"name\":\"Hache de Gimli &#8211; Le Seigneur des Anneaux\"}]},{\"@type\":\"WebSite\",\"@id\":\"https:\\\/\\\/repliquemangacine.fr\\\/#website\",\"url\":\"https:\\\/\\\/repliquemangacine.fr\\\/\",\"name\":\"R\u00e9plique Manga Cin\u00e9\",\"description\":\"\",\"publisher\":{\"@id\":\"https:\\\/\\\/repliquemangacine.fr\\\/#organization\"},\"potentialAction\":[{\"@type\":\"SearchAction\",\"target\":{\"@type\":\"EntryPoint\",\"urlTemplate\":\"https:\\\/\\\/repliquemangacine.fr\\\/?s={search_term_string}\"},\"query-input\":{\"@type\":\"PropertyValueSpecification\",\"valueRequired\":true,\"valueName\":\"search_term_string\"}}],\"inLanguage\":\"it-IT\"},{\"@type\":\"Organization\",\"@id\":\"https:\\\/\\\/repliquemangacine.fr\\\/#organization\",\"name\":\"R\u00e9plique Manga Cin\u00e9\",\"url\":\"https:\\\/\\\/repliquemangacine.fr\\\/\",\"logo\":{\"@type\":\"ImageObject\",\"inLanguage\":\"it-IT\",\"@id\":\"https:\\\/\\\/repliquemangacine.fr\\\/#\\\/schema\\\/logo\\\/image\\\/\",\"url\":\"https:\\\/\\\/repliquemangacine.fr\\\/wp-content\\\/uploads\\\/2023\\\/10\\\/RMC-500250.png\",\"contentUrl\":\"https:\\\/\\\/repliquemangacine.fr\\\/wp-content\\\/uploads\\\/2023\\\/10\\\/RMC-500250.png\",\"width\":500,\"height\":250,\"caption\":\"R\u00e9plique Manga Cin\u00e9\"},\"image\":{\"@id\":\"https:\\\/\\\/repliquemangacine.fr\\\/#\\\/schema\\\/logo\\\/image\\\/\"},\"sameAs\":[\"https:\\\/\\\/www.facebook.com\\\/RepliqueMangaCine\",\"https:\\\/\\\/www.instagram.com\\\/repliquemangacine.fr\\\/\"]}]}<\/script>\n<!-- \/ Yoast SEO plugin. -->","yoast_head_json":{"title":"L'ascia di Gimli - Il Signore degli Anelli - R\u00e9plique Manga Cin\u00e9","description":"Ascia di Gimli in metallo stile Damasco con manico in fibra e supporto da parete. Replica del Signore degli Anelli ideale per collezioni e decorazioni fantasy.","robots":{"index":"index","follow":"follow","max-snippet":"max-snippet:-1","max-image-preview":"max-image-preview:large","max-video-preview":"max-video-preview:-1"},"canonical":"https:\/\/repliquemangacine.fr\/it\/spade-del-signore-degli-anelli\/ascia-di-gimli-signore-degli-anelli\/","og_locale":"it_IT","og_type":"article","og_title":"Hache de Gimli - Le Seigneur des Anneaux - R\u00e9plique Manga Cin\u00e9","og_description":"Hache de Gimli en m\u00e9tal style damas avec poign\u00e9e fibre et support mural. R\u00e9plique Seigneur des Anneaux id\u00e9ale collection et d\u00e9coration fantasy.","og_url":"https:\/\/repliquemangacine.fr\/it\/spade-del-signore-degli-anelli\/ascia-di-gimli-signore-degli-anelli\/","og_site_name":"R\u00e9plique Manga Cin\u00e9","article_publisher":"https:\/\/www.facebook.com\/RepliqueMangaCine","article_modified_time":"2026-03-31T08:04:55+00:00","og_image":[{"width":700,"height":700,"url":"https:\/\/repliquemangacine.fr\/wp-content\/uploads\/2025\/11\/Hache-de-Gimli-Le-Seigneur-des-Anneaux.jpg","type":"image\/jpeg"}],"twitter_card":"summary_large_image","twitter_misc":{"Tempo di lettura stimato":"2 minuti"},"schema":{"@context":"https:\/\/schema.org","@graph":[{"@type":"WebPage","@id":"https:\/\/repliquemangacine.fr\/epees-seigneur-des-anneaux\/hache-de-gimli-le-seigneur-des-anneaux\/","url":"https:\/\/repliquemangacine.fr\/epees-seigneur-des-anneaux\/hache-de-gimli-le-seigneur-des-anneaux\/","name":"L'ascia di Gimli - Il Signore degli Anelli - R\u00e9plique Manga Cin\u00e9","isPartOf":{"@id":"https:\/\/repliquemangacine.fr\/#website"},"primaryImageOfPage":{"@id":"https:\/\/repliquemangacine.fr\/epees-seigneur-des-anneaux\/hache-de-gimli-le-seigneur-des-anneaux\/#primaryimage"},"image":{"@id":"https:\/\/repliquemangacine.fr\/epees-seigneur-des-anneaux\/hache-de-gimli-le-seigneur-des-anneaux\/#primaryimage"},"thumbnailUrl":"https:\/\/repliquemangacine.fr\/wp-content\/uploads\/2025\/11\/Hache-de-Gimli-Le-Seigneur-des-Anneaux.jpg","datePublished":"2025-11-20T14:03:46+00:00","dateModified":"2026-03-31T08:04:55+00:00","description":"Ascia di Gimli in metallo stile Damasco con manico in fibra e supporto da parete. Replica del Signore degli Anelli ideale per collezioni e decorazioni fantasy.","breadcrumb":{"@id":"https:\/\/repliquemangacine.fr\/epees-seigneur-des-anneaux\/hache-de-gimli-le-seigneur-des-anneaux\/#breadcrumb"},"inLanguage":"it-IT","potentialAction":[{"@type":"ReadAction","target":["https:\/\/repliquemangacine.fr\/epees-seigneur-des-anneaux\/hache-de-gimli-le-seigneur-des-anneaux\/"]}]},{"@type":"ImageObject","inLanguage":"it-IT","@id":"https:\/\/repliquemangacine.fr\/epees-seigneur-des-anneaux\/hache-de-gimli-le-seigneur-des-anneaux\/#primaryimage","url":"https:\/\/repliquemangacine.fr\/wp-content\/uploads\/2025\/11\/Hache-de-Gimli-Le-Seigneur-des-Anneaux.jpg","contentUrl":"https:\/\/repliquemangacine.fr\/wp-content\/uploads\/2025\/11\/Hache-de-Gimli-Le-Seigneur-des-Anneaux.jpg","width":700,"height":700,"caption":"Hache de Gimli dans Le Seigneur des Anneaux"},{"@type":"BreadcrumbList","@id":"https:\/\/repliquemangacine.fr\/epees-seigneur-des-anneaux\/hache-de-gimli-le-seigneur-des-anneaux\/#breadcrumb","itemListElement":[{"@type":"ListItem","position":1,"name":"Accueil","item":"https:\/\/repliquemangacine.fr\/"},{"@type":"ListItem","position":2,"name":"Produits","item":"https:\/\/repliquemangacine.fr\/boutique\/"},{"@type":"ListItem","position":3,"name":"Hache de Gimli &#8211; Le Seigneur des Anneaux"}]},{"@type":"WebSite","@id":"https:\/\/repliquemangacine.fr\/#website","url":"https:\/\/repliquemangacine.fr\/","name":"R\u00e9plique Manga Cin\u00e9","description":"","publisher":{"@id":"https:\/\/repliquemangacine.fr\/#organization"},"potentialAction":[{"@type":"SearchAction","target":{"@type":"EntryPoint","urlTemplate":"https:\/\/repliquemangacine.fr\/?s={search_term_string}"},"query-input":{"@type":"PropertyValueSpecification","valueRequired":true,"valueName":"search_term_string"}}],"inLanguage":"it-IT"},{"@type":"Organization","@id":"https:\/\/repliquemangacine.fr\/#organization","name":"R\u00e9plique Manga Cin\u00e9","url":"https:\/\/repliquemangacine.fr\/","logo":{"@type":"ImageObject","inLanguage":"it-IT","@id":"https:\/\/repliquemangacine.fr\/#\/schema\/logo\/image\/","url":"https:\/\/repliquemangacine.fr\/wp-content\/uploads\/2023\/10\/RMC-500250.png","contentUrl":"https:\/\/repliquemangacine.fr\/wp-content\/uploads\/2023\/10\/RMC-500250.png","width":500,"height":250,"caption":"R\u00e9plique Manga Cin\u00e9"},"image":{"@id":"https:\/\/repliquemangacine.fr\/#\/schema\/logo\/image\/"},"sameAs":["https:\/\/www.facebook.com\/RepliqueMangaCine","https:\/\/www.instagram.com\/repliquemangacine.fr\/"]}]}},"_links":{"self":[{"href":"https:\/\/repliquemangacine.fr\/it\/wp-json\/wp\/v2\/product\/90985","targetHints":{"allow":["GET"]}}],"collection":[{"href":"https:\/\/repliquemangacine.fr\/it\/wp-json\/wp\/v2\/product"}],"about":[{"href":"https:\/\/repliquemangacine.fr\/it\/wp-json\/wp\/v2\/types\/product"}],"wp:featuredmedia":[{"embeddable":true,"href":"https:\/\/repliquemangacine.fr\/it\/wp-json\/wp\/v2\/media\/90986"}],"wp:attachment":[{"href":"https:\/\/repliquemangacine.fr\/it\/wp-json\/wp\/v2\/media?parent=90985"}],"wp:term":[{"taxonomy":"product_brand","embeddable":true,"href":"https:\/\/repliquemangacine.fr\/it\/wp-json\/wp\/v2\/product_brand?post=90985"},{"taxonomy":"product_cat","embeddable":true,"href":"https:\/\/repliquemangacine.fr\/it\/wp-json\/wp\/v2\/product_cat?post=90985"},{"taxonomy":"product_tag","embeddable":true,"href":"https:\/\/repliquemangacine.fr\/it\/wp-json\/wp\/v2\/product_tag?post=90985"}],"curies":[{"name":"wp","href":"https:\/\/api.w.org\/{rel}","templated":true}]}}