





{"id":90971,"date":"2025-11-20T11:42:14","date_gmt":"2025-11-20T10:42:14","guid":{"rendered":"https:\/\/repliquemangacine.fr\/?post_type=product&#038;p=90971"},"modified":"2026-03-29T14:08:54","modified_gmt":"2026-03-29T12:08:54","slug":"bastone-da-passeggio-di-lucius-malfoy-harry-potter","status":"publish","type":"product","link":"https:\/\/repliquemangacine.fr\/it\/collectors-et-goodies-harry-potter\/canne-de-lucius-malfoy-harry-potter\/","title":{"rendered":"Il bastone da passeggio di Lucius Malfoy - Harry Potter"},"content":{"rendered":"<h2>Il bastone di Lucius Malfoy, risposta magistrale<\/h2>\n<p>Questo bastone da passeggio di Lucius Malfoy riproduce l'iconica arma utilizzata da un certo mago influente della saga. Il tubo \u00e8 interamente in metallo per garantire rigidit\u00e0 e durata. L'impugnatura a forma di serpente \u00e8 realizzata in alluminio con una superba finitura argentata. Per aumentare il suo fascino velenoso, \u00e8 presente anche un occhio verde intarsiato. Con i suoi 93,5 cm e il peso di soli 530 g, \u00e8 ancora leggero e maneggevole. Nel mondo della magia, questo bastone simboleggia autorit\u00e0, ricchezza e intimidazione. \u00c8 un elemento essenziale di ogni collezione di Harry Potter, sia in esposizione che in cosplay.<\/p>\n<h2>Lucius Malfoy, eleganza velenosa<\/h2>\n<p>Lucius Malfoy si distingue per il suo carisma freddo, il suo rango prestigioso e la sua influenza politica. Maneggia questo bastone con sicurezza, rivelando un carattere calcolatore e aristocratico. Il suo ruolo nella saga va oltre quello di un semplice antagonista, illustrando la complessit\u00e0 delle famiglie nobili di maghi. Quest'arma non \u00e8 solo un accessorio, ma un simbolo di potere e fedelt\u00e0. Lucius incarna la superiorit\u00e0 ma anche l'oscurit\u00e0, operando dietro le quinte dei principali eventi. Grazie a questa replica, i fan potranno riscoprire un po' del fascino oscuro e raffinato che ha contraddistinto la saga.<\/p>\n<h2>Una prestigiosa collezione di Harry Potter<\/h2>\n<p>Questa canna si abbina perfettamente a una selezione di pezzi eccezionali disponibili nel nostro negozio Replique Manga Cin\u00e9. Inoltre, troverete tutte le<a href=\"https:\/\/repliquemangacine.fr\/it\/bacchette-dei-personaggi-di-harry-potter\/\"> bacchette per personaggi<\/a> per allestire la propria Sala delle Reliquie. Inoltre, la replica ufficiale dell'edificio di <a href=\"https:\/\/repliquemangacine.fr\/it\/collezionisti-di-harry-potter-e-chicche\/scopa-di-harry-potter-firebolt\/\">Scopa \u00c9clair de Feu<\/a> \u00e8 ideale per gli appassionati di quidditch. Infine, il\u2019<a href=\"https:\/\/repliquemangacine.fr\/it\/varie-chicche\/scacchiera-dei-maghi-gioco-degli-scacchi-hp\/\">Scacchiera ufficiale di Harry Potter<\/a> distribuito da The <a href=\"https:\/\/noblecollection.fr\/index.php\" target=\"_blank\" rel=\"noopener noreferrer\">Collezione Nobile<\/a> permette di rivivere la magica atmosfera dei duelli strategici. Grazie a una selezione ampia e variegata, ogni collezionista pu\u00f2 creare un universo completo ispirato al mondo dei maghi. Scoprite subito tutti i nostri prodotti.<\/p>","protected":false},"excerpt":{"rendered":"<p>Mostrate la vostra magia con il bastone da passeggio di Lucius Malfoy, un'elegante replica dal fascino velenoso per i collezionisti pi\u00f9 esigenti.<\/p>\n<ul>\n<li>Bastone da passeggio non ufficiale<\/li>\n<li>Tubo d'acciaio<\/li>\n<li>Punta in gomma<\/li>\n<li>Testa di serpente in alluminio finemente dettagliata<\/li>\n<li>Lunghezza totale dell'asta: 93,5 cm - Peso: 530 g<\/li>\n<\/ul>","protected":false},"featured_media":90972,"template":"","meta":[],"product_brand":[],"product_cat":[87,41,107],"product_tag":[],"class_list":{"0":"post-90971","1":"product","2":"type-product","3":"status-publish","4":"has-post-thumbnail","6":"product_cat-collectors-et-goodies-harry-potter","7":"product_cat-baguettes-et-goodies-harry-potter","8":"product_cat-nouveautes","10":"first","11":"instock","12":"taxable","13":"shipping-taxable","14":"purchasable","15":"product-type-simple"},"yoast_head":"<!-- This site is optimized with the Yoast SEO plugin v27.5 - https:\/\/yoast.com\/product\/yoast-seo-wordpress\/ -->\n<title>Canne de Lucius Malfoy - Harry Potter - R\u00e9plique Manga Cin\u00e9<\/title>\n<meta name=\"description\" content=\"Canne de Lucius Malfoy en m\u00e9tal avec poign\u00e9e serpent aluminium et \u0153il vert. 93,5 cm, 530 g. R\u00e9plique Harry Potter id\u00e9ale cosplay et collection.\" \/>\n<meta name=\"robots\" content=\"index, follow, max-snippet:-1, max-image-preview:large, max-video-preview:-1\" \/>\n<link rel=\"canonical\" href=\"https:\/\/repliquemangacine.fr\/it\/collezionisti-di-harry-potter-e-chicche\/bastone-da-passeggio-di-lucius-malfoy-harry-potter\/\" \/>\n<meta property=\"og:locale\" content=\"it_IT\" \/>\n<meta property=\"og:type\" content=\"article\" \/>\n<meta property=\"og:title\" content=\"Canne de Lucius Malfoy - Harry Potter - R\u00e9plique Manga Cin\u00e9\" \/>\n<meta property=\"og:description\" content=\"Canne de Lucius Malfoy en m\u00e9tal avec poign\u00e9e serpent aluminium et \u0153il vert. 93,5 cm, 530 g. R\u00e9plique Harry Potter id\u00e9ale cosplay et collection.\" \/>\n<meta property=\"og:url\" content=\"https:\/\/repliquemangacine.fr\/it\/collezionisti-di-harry-potter-e-chicche\/bastone-da-passeggio-di-lucius-malfoy-harry-potter\/\" \/>\n<meta property=\"og:site_name\" content=\"R\u00e9plique Manga Cin\u00e9\" \/>\n<meta property=\"article:publisher\" content=\"https:\/\/www.facebook.com\/RepliqueMangaCine\" \/>\n<meta property=\"article:modified_time\" content=\"2026-03-29T12:08:54+00:00\" \/>\n<meta property=\"og:image\" content=\"https:\/\/repliquemangacine.fr\/wp-content\/uploads\/2025\/11\/Canne-de-Lucius-Malfoy.jpg\" \/>\n\t<meta property=\"og:image:width\" content=\"700\" \/>\n\t<meta property=\"og:image:height\" content=\"700\" \/>\n\t<meta property=\"og:image:type\" content=\"image\/jpeg\" \/>\n<meta name=\"twitter:card\" content=\"summary_large_image\" \/>\n<meta name=\"twitter:label1\" content=\"Tempo di lettura stimato\" \/>\n\t<meta name=\"twitter:data1\" content=\"2 minuti\" \/>\n<script type=\"application\/ld+json\" class=\"yoast-schema-graph\">{\"@context\":\"https:\\\/\\\/schema.org\",\"@graph\":[{\"@type\":\"WebPage\",\"@id\":\"https:\\\/\\\/repliquemangacine.fr\\\/collectors-et-goodies-harry-potter\\\/canne-de-lucius-malfoy-harry-potter\\\/\",\"url\":\"https:\\\/\\\/repliquemangacine.fr\\\/collectors-et-goodies-harry-potter\\\/canne-de-lucius-malfoy-harry-potter\\\/\",\"name\":\"Canne de Lucius Malfoy - Harry Potter - R\u00e9plique Manga Cin\u00e9\",\"isPartOf\":{\"@id\":\"https:\\\/\\\/repliquemangacine.fr\\\/#website\"},\"primaryImageOfPage\":{\"@id\":\"https:\\\/\\\/repliquemangacine.fr\\\/collectors-et-goodies-harry-potter\\\/canne-de-lucius-malfoy-harry-potter\\\/#primaryimage\"},\"image\":{\"@id\":\"https:\\\/\\\/repliquemangacine.fr\\\/collectors-et-goodies-harry-potter\\\/canne-de-lucius-malfoy-harry-potter\\\/#primaryimage\"},\"thumbnailUrl\":\"https:\\\/\\\/repliquemangacine.fr\\\/wp-content\\\/uploads\\\/2025\\\/11\\\/Canne-de-Lucius-Malfoy.jpg\",\"datePublished\":\"2025-11-20T10:42:14+00:00\",\"dateModified\":\"2026-03-29T12:08:54+00:00\",\"description\":\"Canne de Lucius Malfoy en m\u00e9tal avec poign\u00e9e serpent aluminium et \u0153il vert. 93,5 cm, 530 g. R\u00e9plique Harry Potter id\u00e9ale cosplay et collection.\",\"breadcrumb\":{\"@id\":\"https:\\\/\\\/repliquemangacine.fr\\\/collectors-et-goodies-harry-potter\\\/canne-de-lucius-malfoy-harry-potter\\\/#breadcrumb\"},\"inLanguage\":\"it-IT\",\"potentialAction\":[{\"@type\":\"ReadAction\",\"target\":[\"https:\\\/\\\/repliquemangacine.fr\\\/collectors-et-goodies-harry-potter\\\/canne-de-lucius-malfoy-harry-potter\\\/\"]}]},{\"@type\":\"ImageObject\",\"inLanguage\":\"it-IT\",\"@id\":\"https:\\\/\\\/repliquemangacine.fr\\\/collectors-et-goodies-harry-potter\\\/canne-de-lucius-malfoy-harry-potter\\\/#primaryimage\",\"url\":\"https:\\\/\\\/repliquemangacine.fr\\\/wp-content\\\/uploads\\\/2025\\\/11\\\/Canne-de-Lucius-Malfoy.jpg\",\"contentUrl\":\"https:\\\/\\\/repliquemangacine.fr\\\/wp-content\\\/uploads\\\/2025\\\/11\\\/Canne-de-Lucius-Malfoy.jpg\",\"width\":700,\"height\":700,\"caption\":\"Canne de Lucius Malfoy dans Harry Potter\"},{\"@type\":\"BreadcrumbList\",\"@id\":\"https:\\\/\\\/repliquemangacine.fr\\\/collectors-et-goodies-harry-potter\\\/canne-de-lucius-malfoy-harry-potter\\\/#breadcrumb\",\"itemListElement\":[{\"@type\":\"ListItem\",\"position\":1,\"name\":\"Accueil\",\"item\":\"https:\\\/\\\/repliquemangacine.fr\\\/\"},{\"@type\":\"ListItem\",\"position\":2,\"name\":\"Produits\",\"item\":\"https:\\\/\\\/repliquemangacine.fr\\\/boutique\\\/\"},{\"@type\":\"ListItem\",\"position\":3,\"name\":\"Canne de Lucius Malfoy &#8211; Harry Potter\"}]},{\"@type\":\"WebSite\",\"@id\":\"https:\\\/\\\/repliquemangacine.fr\\\/#website\",\"url\":\"https:\\\/\\\/repliquemangacine.fr\\\/\",\"name\":\"R\u00e9plique Manga Cin\u00e9\",\"description\":\"\",\"publisher\":{\"@id\":\"https:\\\/\\\/repliquemangacine.fr\\\/#organization\"},\"potentialAction\":[{\"@type\":\"SearchAction\",\"target\":{\"@type\":\"EntryPoint\",\"urlTemplate\":\"https:\\\/\\\/repliquemangacine.fr\\\/?s={search_term_string}\"},\"query-input\":{\"@type\":\"PropertyValueSpecification\",\"valueRequired\":true,\"valueName\":\"search_term_string\"}}],\"inLanguage\":\"it-IT\"},{\"@type\":\"Organization\",\"@id\":\"https:\\\/\\\/repliquemangacine.fr\\\/#organization\",\"name\":\"R\u00e9plique Manga Cin\u00e9\",\"url\":\"https:\\\/\\\/repliquemangacine.fr\\\/\",\"logo\":{\"@type\":\"ImageObject\",\"inLanguage\":\"it-IT\",\"@id\":\"https:\\\/\\\/repliquemangacine.fr\\\/#\\\/schema\\\/logo\\\/image\\\/\",\"url\":\"https:\\\/\\\/repliquemangacine.fr\\\/wp-content\\\/uploads\\\/2023\\\/10\\\/RMC-500250.png\",\"contentUrl\":\"https:\\\/\\\/repliquemangacine.fr\\\/wp-content\\\/uploads\\\/2023\\\/10\\\/RMC-500250.png\",\"width\":500,\"height\":250,\"caption\":\"R\u00e9plique Manga Cin\u00e9\"},\"image\":{\"@id\":\"https:\\\/\\\/repliquemangacine.fr\\\/#\\\/schema\\\/logo\\\/image\\\/\"},\"sameAs\":[\"https:\\\/\\\/www.facebook.com\\\/RepliqueMangaCine\",\"https:\\\/\\\/www.instagram.com\\\/repliquemangacine.fr\\\/\"]}]}<\/script>\n<!-- \/ Yoast SEO plugin. -->","yoast_head_json":{"title":"Bastone da passeggio di Lucius Malfoy - Harry Potter - R\u00e9plique Manga Cin\u00e9","description":"Bastone da passeggio in metallo di Lucius Malfoy con impugnatura a serpente in alluminio e occhio verde. 93,5 cm, 530 g. Replica di Harry Potter ideale per cosplay e collezione.","robots":{"index":"index","follow":"follow","max-snippet":"max-snippet:-1","max-image-preview":"max-image-preview:large","max-video-preview":"max-video-preview:-1"},"canonical":"https:\/\/repliquemangacine.fr\/it\/collezionisti-di-harry-potter-e-chicche\/bastone-da-passeggio-di-lucius-malfoy-harry-potter\/","og_locale":"it_IT","og_type":"article","og_title":"Canne de Lucius Malfoy - Harry Potter - R\u00e9plique Manga Cin\u00e9","og_description":"Canne de Lucius Malfoy en m\u00e9tal avec poign\u00e9e serpent aluminium et \u0153il vert. 93,5 cm, 530 g. R\u00e9plique Harry Potter id\u00e9ale cosplay et collection.","og_url":"https:\/\/repliquemangacine.fr\/it\/collezionisti-di-harry-potter-e-chicche\/bastone-da-passeggio-di-lucius-malfoy-harry-potter\/","og_site_name":"R\u00e9plique Manga Cin\u00e9","article_publisher":"https:\/\/www.facebook.com\/RepliqueMangaCine","article_modified_time":"2026-03-29T12:08:54+00:00","og_image":[{"width":700,"height":700,"url":"https:\/\/repliquemangacine.fr\/wp-content\/uploads\/2025\/11\/Canne-de-Lucius-Malfoy.jpg","type":"image\/jpeg"}],"twitter_card":"summary_large_image","twitter_misc":{"Tempo di lettura stimato":"2 minuti"},"schema":{"@context":"https:\/\/schema.org","@graph":[{"@type":"WebPage","@id":"https:\/\/repliquemangacine.fr\/collectors-et-goodies-harry-potter\/canne-de-lucius-malfoy-harry-potter\/","url":"https:\/\/repliquemangacine.fr\/collectors-et-goodies-harry-potter\/canne-de-lucius-malfoy-harry-potter\/","name":"Bastone da passeggio di Lucius Malfoy - Harry Potter - R\u00e9plique Manga Cin\u00e9","isPartOf":{"@id":"https:\/\/repliquemangacine.fr\/#website"},"primaryImageOfPage":{"@id":"https:\/\/repliquemangacine.fr\/collectors-et-goodies-harry-potter\/canne-de-lucius-malfoy-harry-potter\/#primaryimage"},"image":{"@id":"https:\/\/repliquemangacine.fr\/collectors-et-goodies-harry-potter\/canne-de-lucius-malfoy-harry-potter\/#primaryimage"},"thumbnailUrl":"https:\/\/repliquemangacine.fr\/wp-content\/uploads\/2025\/11\/Canne-de-Lucius-Malfoy.jpg","datePublished":"2025-11-20T10:42:14+00:00","dateModified":"2026-03-29T12:08:54+00:00","description":"Bastone da passeggio in metallo di Lucius Malfoy con impugnatura a serpente in alluminio e occhio verde. 93,5 cm, 530 g. Replica di Harry Potter ideale per cosplay e collezione.","breadcrumb":{"@id":"https:\/\/repliquemangacine.fr\/collectors-et-goodies-harry-potter\/canne-de-lucius-malfoy-harry-potter\/#breadcrumb"},"inLanguage":"it-IT","potentialAction":[{"@type":"ReadAction","target":["https:\/\/repliquemangacine.fr\/collectors-et-goodies-harry-potter\/canne-de-lucius-malfoy-harry-potter\/"]}]},{"@type":"ImageObject","inLanguage":"it-IT","@id":"https:\/\/repliquemangacine.fr\/collectors-et-goodies-harry-potter\/canne-de-lucius-malfoy-harry-potter\/#primaryimage","url":"https:\/\/repliquemangacine.fr\/wp-content\/uploads\/2025\/11\/Canne-de-Lucius-Malfoy.jpg","contentUrl":"https:\/\/repliquemangacine.fr\/wp-content\/uploads\/2025\/11\/Canne-de-Lucius-Malfoy.jpg","width":700,"height":700,"caption":"Canne de Lucius Malfoy dans Harry Potter"},{"@type":"BreadcrumbList","@id":"https:\/\/repliquemangacine.fr\/collectors-et-goodies-harry-potter\/canne-de-lucius-malfoy-harry-potter\/#breadcrumb","itemListElement":[{"@type":"ListItem","position":1,"name":"Accueil","item":"https:\/\/repliquemangacine.fr\/"},{"@type":"ListItem","position":2,"name":"Produits","item":"https:\/\/repliquemangacine.fr\/boutique\/"},{"@type":"ListItem","position":3,"name":"Canne de Lucius Malfoy &#8211; Harry Potter"}]},{"@type":"WebSite","@id":"https:\/\/repliquemangacine.fr\/#website","url":"https:\/\/repliquemangacine.fr\/","name":"R\u00e9plique Manga Cin\u00e9","description":"","publisher":{"@id":"https:\/\/repliquemangacine.fr\/#organization"},"potentialAction":[{"@type":"SearchAction","target":{"@type":"EntryPoint","urlTemplate":"https:\/\/repliquemangacine.fr\/?s={search_term_string}"},"query-input":{"@type":"PropertyValueSpecification","valueRequired":true,"valueName":"search_term_string"}}],"inLanguage":"it-IT"},{"@type":"Organization","@id":"https:\/\/repliquemangacine.fr\/#organization","name":"R\u00e9plique Manga Cin\u00e9","url":"https:\/\/repliquemangacine.fr\/","logo":{"@type":"ImageObject","inLanguage":"it-IT","@id":"https:\/\/repliquemangacine.fr\/#\/schema\/logo\/image\/","url":"https:\/\/repliquemangacine.fr\/wp-content\/uploads\/2023\/10\/RMC-500250.png","contentUrl":"https:\/\/repliquemangacine.fr\/wp-content\/uploads\/2023\/10\/RMC-500250.png","width":500,"height":250,"caption":"R\u00e9plique Manga Cin\u00e9"},"image":{"@id":"https:\/\/repliquemangacine.fr\/#\/schema\/logo\/image\/"},"sameAs":["https:\/\/www.facebook.com\/RepliqueMangaCine","https:\/\/www.instagram.com\/repliquemangacine.fr\/"]}]}},"_links":{"self":[{"href":"https:\/\/repliquemangacine.fr\/it\/wp-json\/wp\/v2\/product\/90971","targetHints":{"allow":["GET"]}}],"collection":[{"href":"https:\/\/repliquemangacine.fr\/it\/wp-json\/wp\/v2\/product"}],"about":[{"href":"https:\/\/repliquemangacine.fr\/it\/wp-json\/wp\/v2\/types\/product"}],"wp:featuredmedia":[{"embeddable":true,"href":"https:\/\/repliquemangacine.fr\/it\/wp-json\/wp\/v2\/media\/90972"}],"wp:attachment":[{"href":"https:\/\/repliquemangacine.fr\/it\/wp-json\/wp\/v2\/media?parent=90971"}],"wp:term":[{"taxonomy":"product_brand","embeddable":true,"href":"https:\/\/repliquemangacine.fr\/it\/wp-json\/wp\/v2\/product_brand?post=90971"},{"taxonomy":"product_cat","embeddable":true,"href":"https:\/\/repliquemangacine.fr\/it\/wp-json\/wp\/v2\/product_cat?post=90971"},{"taxonomy":"product_tag","embeddable":true,"href":"https:\/\/repliquemangacine.fr\/it\/wp-json\/wp\/v2\/product_tag?post=90971"}],"curies":[{"name":"wp","href":"https:\/\/api.w.org\/{rel}","templated":true}]}}