





{"id":90966,"date":"2025-11-20T11:05:10","date_gmt":"2025-11-20T10:05:10","guid":{"rendered":"https:\/\/repliquemangacine.fr\/?post_type=product&#038;p=90966"},"modified":"2026-03-15T17:11:01","modified_gmt":"2026-03-15T16:11:01","slug":"spada-di-dinitie-dalamut-assassins-creed-mirage","status":"publish","type":"product","link":"https:\/\/repliquemangacine.fr\/it\/armes-assassins-creed\/epee-dinitie-dalamut-assassins-creed-mirage\/","title":{"rendered":"La Spada di Alamut di Insider - Assassin's Creed Mirage"},"content":{"rendered":"<h2>Una fedele riproduzione della Spada dell'Iniziato di Alamut<\/h2>\n<p>Questa replica dell\u2019<strong>Spada dell'iniziato di Alamut<\/strong> presenta una lama in acciaio inossidabile decorata con incisioni dettagliate ispirate all'arte mediorientale. L'elsa dorata aggiunge un tocco maestoso che richiama l'eredit\u00e0 del Credo. Il pomolo presenta motivi lavorati che rafforzano l'eleganza dell'arma. Inoltre, l'impugnatura in legno offre una presa comoda e autentica. Il fodero in similpelle nera completa il set per un'esposizione elegante o un cosplay realistico. Questa spada \u00e8 realizzata in scala 1\/1 per corrispondere perfettamente all'arma vista nel gioco. Infine, \u00e8 un pezzo premium pensato per i collezionisti e gli appassionati dell'universo di Assassin's Creed.<\/p>\n<h2>All'ombra di Basim, maestro assassino di Mirage<\/h2>\n<p>In primo luogo, quest'arma iconica \u00e8 utilizzata da <a href=\"https:\/\/assassinscreed.fandom.com\/fr\/wiki\/Basim_Ibn_Ishaq\" target=\"_blank\" rel=\"noopener noreferrer\">Basim<\/a>, figura centrale della storia e assassino enigmatico dal destino complesso. Il suo percorso inizia nelle strade di Baghdad, dove usa discrezione, agilit\u00e0 e astuzia per evolversi nel Credo. La Spada dell'Iniziato riflette il suo stile di combattimento fluido, preciso e spesso imprevedibile. Grazie alla sua forma ricurva, accompagna i suoi movimenti rapidi durante le eliminazioni silenziose e gli scontri diretti. In Assassin's Creed Mirage, Basim incarna l'eredit\u00e0 di Alamut con un'elegante e strategica maestria marziale. Con questa fedele replica, rendi omaggio a uno dei protagonisti pi\u00f9 misteriosi e influenti della saga.<\/p>\n<h2>Una collezione Assassin's Creed in continua espansione<\/h2>\n<p>Questa spada pu\u00f2 entrare a far parte di una collezione gi\u00e0 ricca di armi emblematiche della serie. Potete quindi abbinarla alla <a href=\"https:\/\/repliquemangacine.fr\/it\/armi-di-assassins-creed\/fodero-per-pugnale-assassins-creed\/\">pugnale di Alta\u00efr<\/a> e il suo fodero dorsale, oggetto essenziale per tutti i fan dei primi capitoli. Troverete anche l'ascia di Connor, soprannominata <a href=\"https:\/\/repliquemangacine.fr\/it\/armi-di-assassins-creed\/tomahawk-degli-assassini-assassins-creed-3\/\">Tomahawk degli assassini<\/a>, perfetta per rappresentare il periodo coloniale. A completamento, la <a href=\"https:\/\/repliquemangacine.fr\/it\/armi-di-assassins-creed\/assassin-s-creed-odyssey-replica-lancia-spezzata-di-leonida\/\">Lancia spezzata<\/a> di Leonida tratta da Assassin's Creed Odyssey aggiunge una dimensione mitologica alla tua collezione. Grazie alla nostra vasta selezione, ogni appassionato pu\u00f2 creare un pantheon di armi che ripercorre l'evoluzione del Credo nel corso dei secoli. In conclusione, scopri subito l'intera gamma nel nostro negozio.<\/p>","protected":false},"excerpt":{"rendered":"<p>Maneggia l'eredit\u00e0 di Alamut con questa fedele replica della Spada dell'Iniziato, un raffinato oggetto ispirato ad Assassin's Creed Mirage.<\/p>\n<ul>\n<li>Lama in acciaio inossidabile con incisione.<\/li>\n<li>Maniglia in legno<\/li>\n<li>Guardia e pomello in acciaio dorato finemente decorato<\/li>\n<li>Fornito con custodia in similpelle nera<\/li>\n<li>Lunghezza della lama: 64 cm \u2013 Lunghezza totale: 92,5 cm<\/li>\n<li>Peso: 1490 g<\/li>\n<\/ul>","protected":false},"featured_media":90967,"template":"","meta":[],"product_brand":[],"product_cat":[836,48],"product_tag":[],"class_list":{"0":"post-90966","1":"product","2":"type-product","3":"status-publish","4":"has-post-thumbnail","6":"product_cat-armes-assassins-creed","7":"product_cat-epees-assassins-creed-armes-assassins-creed","9":"first","10":"instock","11":"taxable","12":"shipping-taxable","13":"purchasable","14":"product-type-simple"},"yoast_head":"<!-- This site is optimized with the Yoast SEO plugin v27.5 - https:\/\/yoast.com\/product\/yoast-seo-wordpress\/ -->\n<title>\u00c9p\u00e9e d\u2019initi\u00e9 d\u2019Alamut - Assassin&#039;s Creed Mirage - R\u00e9plique Manga Cin\u00e9<\/title>\n<meta name=\"description\" content=\"R\u00e9plique 1\/1 de l\u2019\u00c9p\u00e9e d\u2019Initi\u00e9 d\u2019Alamut en acier avec gravures, garde dor\u00e9e et fourreau cuir. Inspir\u00e9e d\u2019Assassin\u2019s Creed Mirage, id\u00e9ale collection.\" \/>\n<meta name=\"robots\" content=\"index, follow, max-snippet:-1, max-image-preview:large, max-video-preview:-1\" \/>\n<link rel=\"canonical\" href=\"https:\/\/repliquemangacine.fr\/it\/armi-di-assassins-creed\/spada-di-dinitie-dalamut-assassins-creed-mirage\/\" \/>\n<meta property=\"og:locale\" content=\"it_IT\" \/>\n<meta property=\"og:type\" content=\"article\" \/>\n<meta property=\"og:title\" content=\"\u00c9p\u00e9e d\u2019initi\u00e9 d\u2019Alamut - Assassin&#039;s Creed Mirage - R\u00e9plique Manga Cin\u00e9\" \/>\n<meta property=\"og:description\" content=\"R\u00e9plique 1\/1 de l\u2019\u00c9p\u00e9e d\u2019Initi\u00e9 d\u2019Alamut en acier avec gravures, garde dor\u00e9e et fourreau cuir. Inspir\u00e9e d\u2019Assassin\u2019s Creed Mirage, id\u00e9ale collection.\" \/>\n<meta property=\"og:url\" content=\"https:\/\/repliquemangacine.fr\/it\/armi-di-assassins-creed\/spada-di-dinitie-dalamut-assassins-creed-mirage\/\" \/>\n<meta property=\"og:site_name\" content=\"R\u00e9plique Manga Cin\u00e9\" \/>\n<meta property=\"article:publisher\" content=\"https:\/\/www.facebook.com\/RepliqueMangaCine\" \/>\n<meta property=\"article:modified_time\" content=\"2026-03-15T16:11:01+00:00\" \/>\n<meta property=\"og:image\" content=\"https:\/\/repliquemangacine.fr\/wp-content\/uploads\/2025\/11\/Epee-dinitie-dAlamut.jpg\" \/>\n\t<meta property=\"og:image:width\" content=\"700\" \/>\n\t<meta property=\"og:image:height\" content=\"700\" \/>\n\t<meta property=\"og:image:type\" content=\"image\/jpeg\" \/>\n<meta name=\"twitter:card\" content=\"summary_large_image\" \/>\n<meta name=\"twitter:label1\" content=\"Tempo di lettura stimato\" \/>\n\t<meta name=\"twitter:data1\" content=\"2 minuti\" \/>\n<script type=\"application\/ld+json\" class=\"yoast-schema-graph\">{\"@context\":\"https:\\\/\\\/schema.org\",\"@graph\":[{\"@type\":\"WebPage\",\"@id\":\"https:\\\/\\\/repliquemangacine.fr\\\/armes-assassins-creed\\\/epee-dinitie-dalamut-assassins-creed-mirage\\\/\",\"url\":\"https:\\\/\\\/repliquemangacine.fr\\\/armes-assassins-creed\\\/epee-dinitie-dalamut-assassins-creed-mirage\\\/\",\"name\":\"\u00c9p\u00e9e d\u2019initi\u00e9 d\u2019Alamut - Assassin's Creed Mirage - R\u00e9plique Manga Cin\u00e9\",\"isPartOf\":{\"@id\":\"https:\\\/\\\/repliquemangacine.fr\\\/#website\"},\"primaryImageOfPage\":{\"@id\":\"https:\\\/\\\/repliquemangacine.fr\\\/armes-assassins-creed\\\/epee-dinitie-dalamut-assassins-creed-mirage\\\/#primaryimage\"},\"image\":{\"@id\":\"https:\\\/\\\/repliquemangacine.fr\\\/armes-assassins-creed\\\/epee-dinitie-dalamut-assassins-creed-mirage\\\/#primaryimage\"},\"thumbnailUrl\":\"https:\\\/\\\/repliquemangacine.fr\\\/wp-content\\\/uploads\\\/2025\\\/11\\\/Epee-dinitie-dAlamut.jpg\",\"datePublished\":\"2025-11-20T10:05:10+00:00\",\"dateModified\":\"2026-03-15T16:11:01+00:00\",\"description\":\"R\u00e9plique 1\\\/1 de l\u2019\u00c9p\u00e9e d\u2019Initi\u00e9 d\u2019Alamut en acier avec gravures, garde dor\u00e9e et fourreau cuir. Inspir\u00e9e d\u2019Assassin\u2019s Creed Mirage, id\u00e9ale collection.\",\"breadcrumb\":{\"@id\":\"https:\\\/\\\/repliquemangacine.fr\\\/armes-assassins-creed\\\/epee-dinitie-dalamut-assassins-creed-mirage\\\/#breadcrumb\"},\"inLanguage\":\"it-IT\",\"potentialAction\":[{\"@type\":\"ReadAction\",\"target\":[\"https:\\\/\\\/repliquemangacine.fr\\\/armes-assassins-creed\\\/epee-dinitie-dalamut-assassins-creed-mirage\\\/\"]}]},{\"@type\":\"ImageObject\",\"inLanguage\":\"it-IT\",\"@id\":\"https:\\\/\\\/repliquemangacine.fr\\\/armes-assassins-creed\\\/epee-dinitie-dalamut-assassins-creed-mirage\\\/#primaryimage\",\"url\":\"https:\\\/\\\/repliquemangacine.fr\\\/wp-content\\\/uploads\\\/2025\\\/11\\\/Epee-dinitie-dAlamut.jpg\",\"contentUrl\":\"https:\\\/\\\/repliquemangacine.fr\\\/wp-content\\\/uploads\\\/2025\\\/11\\\/Epee-dinitie-dAlamut.jpg\",\"width\":700,\"height\":700,\"caption\":\"\u00c9p\u00e9e d\u2019initi\u00e9 d\u2019Alamut - Assassin's Creed Mirage\"},{\"@type\":\"BreadcrumbList\",\"@id\":\"https:\\\/\\\/repliquemangacine.fr\\\/armes-assassins-creed\\\/epee-dinitie-dalamut-assassins-creed-mirage\\\/#breadcrumb\",\"itemListElement\":[{\"@type\":\"ListItem\",\"position\":1,\"name\":\"Accueil\",\"item\":\"https:\\\/\\\/repliquemangacine.fr\\\/\"},{\"@type\":\"ListItem\",\"position\":2,\"name\":\"Produits\",\"item\":\"https:\\\/\\\/repliquemangacine.fr\\\/boutique\\\/\"},{\"@type\":\"ListItem\",\"position\":3,\"name\":\"\u00c9p\u00e9e d\u2019initi\u00e9 d\u2019Alamut &#8211; Assassin&#8217;s Creed Mirage\"}]},{\"@type\":\"WebSite\",\"@id\":\"https:\\\/\\\/repliquemangacine.fr\\\/#website\",\"url\":\"https:\\\/\\\/repliquemangacine.fr\\\/\",\"name\":\"R\u00e9plique Manga Cin\u00e9\",\"description\":\"\",\"publisher\":{\"@id\":\"https:\\\/\\\/repliquemangacine.fr\\\/#organization\"},\"potentialAction\":[{\"@type\":\"SearchAction\",\"target\":{\"@type\":\"EntryPoint\",\"urlTemplate\":\"https:\\\/\\\/repliquemangacine.fr\\\/?s={search_term_string}\"},\"query-input\":{\"@type\":\"PropertyValueSpecification\",\"valueRequired\":true,\"valueName\":\"search_term_string\"}}],\"inLanguage\":\"it-IT\"},{\"@type\":\"Organization\",\"@id\":\"https:\\\/\\\/repliquemangacine.fr\\\/#organization\",\"name\":\"R\u00e9plique Manga Cin\u00e9\",\"url\":\"https:\\\/\\\/repliquemangacine.fr\\\/\",\"logo\":{\"@type\":\"ImageObject\",\"inLanguage\":\"it-IT\",\"@id\":\"https:\\\/\\\/repliquemangacine.fr\\\/#\\\/schema\\\/logo\\\/image\\\/\",\"url\":\"https:\\\/\\\/repliquemangacine.fr\\\/wp-content\\\/uploads\\\/2023\\\/10\\\/RMC-500250.png\",\"contentUrl\":\"https:\\\/\\\/repliquemangacine.fr\\\/wp-content\\\/uploads\\\/2023\\\/10\\\/RMC-500250.png\",\"width\":500,\"height\":250,\"caption\":\"R\u00e9plique Manga Cin\u00e9\"},\"image\":{\"@id\":\"https:\\\/\\\/repliquemangacine.fr\\\/#\\\/schema\\\/logo\\\/image\\\/\"},\"sameAs\":[\"https:\\\/\\\/www.facebook.com\\\/RepliqueMangaCine\",\"https:\\\/\\\/www.instagram.com\\\/repliquemangacine.fr\\\/\"]}]}<\/script>\n<!-- \/ Yoast SEO plugin. -->","yoast_head_json":{"title":"Spada dell'iniziato di Alamut - Assassin's Creed Mirage - R\u00e9plique Manga Cin\u00e9","description":"Replica 1\/1 della Spada dell'Iniziato di Alamut in acciaio con incisioni, guardia dorata e fodero in pelle. Ispirata ad Assassin's Creed Mirage, ideale da collezione.","robots":{"index":"index","follow":"follow","max-snippet":"max-snippet:-1","max-image-preview":"max-image-preview:large","max-video-preview":"max-video-preview:-1"},"canonical":"https:\/\/repliquemangacine.fr\/it\/armi-di-assassins-creed\/spada-di-dinitie-dalamut-assassins-creed-mirage\/","og_locale":"it_IT","og_type":"article","og_title":"\u00c9p\u00e9e d\u2019initi\u00e9 d\u2019Alamut - Assassin's Creed Mirage - R\u00e9plique Manga Cin\u00e9","og_description":"R\u00e9plique 1\/1 de l\u2019\u00c9p\u00e9e d\u2019Initi\u00e9 d\u2019Alamut en acier avec gravures, garde dor\u00e9e et fourreau cuir. Inspir\u00e9e d\u2019Assassin\u2019s Creed Mirage, id\u00e9ale collection.","og_url":"https:\/\/repliquemangacine.fr\/it\/armi-di-assassins-creed\/spada-di-dinitie-dalamut-assassins-creed-mirage\/","og_site_name":"R\u00e9plique Manga Cin\u00e9","article_publisher":"https:\/\/www.facebook.com\/RepliqueMangaCine","article_modified_time":"2026-03-15T16:11:01+00:00","og_image":[{"width":700,"height":700,"url":"https:\/\/repliquemangacine.fr\/wp-content\/uploads\/2025\/11\/Epee-dinitie-dAlamut.jpg","type":"image\/jpeg"}],"twitter_card":"summary_large_image","twitter_misc":{"Tempo di lettura stimato":"2 minuti"},"schema":{"@context":"https:\/\/schema.org","@graph":[{"@type":"WebPage","@id":"https:\/\/repliquemangacine.fr\/armes-assassins-creed\/epee-dinitie-dalamut-assassins-creed-mirage\/","url":"https:\/\/repliquemangacine.fr\/armes-assassins-creed\/epee-dinitie-dalamut-assassins-creed-mirage\/","name":"Spada dell'iniziato di Alamut - Assassin's Creed Mirage - R\u00e9plique Manga Cin\u00e9","isPartOf":{"@id":"https:\/\/repliquemangacine.fr\/#website"},"primaryImageOfPage":{"@id":"https:\/\/repliquemangacine.fr\/armes-assassins-creed\/epee-dinitie-dalamut-assassins-creed-mirage\/#primaryimage"},"image":{"@id":"https:\/\/repliquemangacine.fr\/armes-assassins-creed\/epee-dinitie-dalamut-assassins-creed-mirage\/#primaryimage"},"thumbnailUrl":"https:\/\/repliquemangacine.fr\/wp-content\/uploads\/2025\/11\/Epee-dinitie-dAlamut.jpg","datePublished":"2025-11-20T10:05:10+00:00","dateModified":"2026-03-15T16:11:01+00:00","description":"Replica 1\/1 della Spada dell'Iniziato di Alamut in acciaio con incisioni, guardia dorata e fodero in pelle. Ispirata ad Assassin's Creed Mirage, ideale da collezione.","breadcrumb":{"@id":"https:\/\/repliquemangacine.fr\/armes-assassins-creed\/epee-dinitie-dalamut-assassins-creed-mirage\/#breadcrumb"},"inLanguage":"it-IT","potentialAction":[{"@type":"ReadAction","target":["https:\/\/repliquemangacine.fr\/armes-assassins-creed\/epee-dinitie-dalamut-assassins-creed-mirage\/"]}]},{"@type":"ImageObject","inLanguage":"it-IT","@id":"https:\/\/repliquemangacine.fr\/armes-assassins-creed\/epee-dinitie-dalamut-assassins-creed-mirage\/#primaryimage","url":"https:\/\/repliquemangacine.fr\/wp-content\/uploads\/2025\/11\/Epee-dinitie-dAlamut.jpg","contentUrl":"https:\/\/repliquemangacine.fr\/wp-content\/uploads\/2025\/11\/Epee-dinitie-dAlamut.jpg","width":700,"height":700,"caption":"\u00c9p\u00e9e d\u2019initi\u00e9 d\u2019Alamut - Assassin's Creed Mirage"},{"@type":"BreadcrumbList","@id":"https:\/\/repliquemangacine.fr\/armes-assassins-creed\/epee-dinitie-dalamut-assassins-creed-mirage\/#breadcrumb","itemListElement":[{"@type":"ListItem","position":1,"name":"Accueil","item":"https:\/\/repliquemangacine.fr\/"},{"@type":"ListItem","position":2,"name":"Produits","item":"https:\/\/repliquemangacine.fr\/boutique\/"},{"@type":"ListItem","position":3,"name":"\u00c9p\u00e9e d\u2019initi\u00e9 d\u2019Alamut &#8211; Assassin&#8217;s Creed Mirage"}]},{"@type":"WebSite","@id":"https:\/\/repliquemangacine.fr\/#website","url":"https:\/\/repliquemangacine.fr\/","name":"R\u00e9plique Manga Cin\u00e9","description":"","publisher":{"@id":"https:\/\/repliquemangacine.fr\/#organization"},"potentialAction":[{"@type":"SearchAction","target":{"@type":"EntryPoint","urlTemplate":"https:\/\/repliquemangacine.fr\/?s={search_term_string}"},"query-input":{"@type":"PropertyValueSpecification","valueRequired":true,"valueName":"search_term_string"}}],"inLanguage":"it-IT"},{"@type":"Organization","@id":"https:\/\/repliquemangacine.fr\/#organization","name":"R\u00e9plique Manga Cin\u00e9","url":"https:\/\/repliquemangacine.fr\/","logo":{"@type":"ImageObject","inLanguage":"it-IT","@id":"https:\/\/repliquemangacine.fr\/#\/schema\/logo\/image\/","url":"https:\/\/repliquemangacine.fr\/wp-content\/uploads\/2023\/10\/RMC-500250.png","contentUrl":"https:\/\/repliquemangacine.fr\/wp-content\/uploads\/2023\/10\/RMC-500250.png","width":500,"height":250,"caption":"R\u00e9plique Manga Cin\u00e9"},"image":{"@id":"https:\/\/repliquemangacine.fr\/#\/schema\/logo\/image\/"},"sameAs":["https:\/\/www.facebook.com\/RepliqueMangaCine","https:\/\/www.instagram.com\/repliquemangacine.fr\/"]}]}},"_links":{"self":[{"href":"https:\/\/repliquemangacine.fr\/it\/wp-json\/wp\/v2\/product\/90966","targetHints":{"allow":["GET"]}}],"collection":[{"href":"https:\/\/repliquemangacine.fr\/it\/wp-json\/wp\/v2\/product"}],"about":[{"href":"https:\/\/repliquemangacine.fr\/it\/wp-json\/wp\/v2\/types\/product"}],"wp:featuredmedia":[{"embeddable":true,"href":"https:\/\/repliquemangacine.fr\/it\/wp-json\/wp\/v2\/media\/90967"}],"wp:attachment":[{"href":"https:\/\/repliquemangacine.fr\/it\/wp-json\/wp\/v2\/media?parent=90966"}],"wp:term":[{"taxonomy":"product_brand","embeddable":true,"href":"https:\/\/repliquemangacine.fr\/it\/wp-json\/wp\/v2\/product_brand?post=90966"},{"taxonomy":"product_cat","embeddable":true,"href":"https:\/\/repliquemangacine.fr\/it\/wp-json\/wp\/v2\/product_cat?post=90966"},{"taxonomy":"product_tag","embeddable":true,"href":"https:\/\/repliquemangacine.fr\/it\/wp-json\/wp\/v2\/product_tag?post=90966"}],"curies":[{"name":"wp","href":"https:\/\/api.w.org\/{rel}","templated":true}]}}