





{"id":90932,"date":"2025-11-19T16:45:26","date_gmt":"2025-11-19T15:45:26","guid":{"rendered":"https:\/\/repliquemangacine.fr\/?post_type=product&#038;p=90932"},"modified":"2026-04-24T14:27:23","modified_gmt":"2026-04-24T12:27:23","slug":"squall-gunblade-fantasia-finale","status":"publish","type":"product","link":"https:\/\/repliquemangacine.fr\/it\/katana-et-epee-de-jeux-video-autre-jeux-video\/gunblade-de-squall-final-fantasy\/","title":{"rendered":"Il Gunblade di Squall - Final Fantasy"},"content":{"rendered":"<h2>L'iconico Gunblade per i veri SeeD del cuore<\/h2>\n<p>Questa replica di <strong>Lama di fucile<\/strong> presenta una lama in acciaio lucido con un'incisione dettagliata di un leone. L'elsa \u00e8 modellata su una canna di metallo per un aspetto potente e solido. Il cilindro ruota, anche se il meccanismo non \u00e8 funzionale. L'impugnatura in resina offre una presa confortevole nel rispetto del design originale. Inoltre, una catena termina con una testa di leone, aggiungendo un tocco di eleganza. Infine, il set viene fornito con un supporto in legno per un'esposizione degna di una sala da giardino.<\/p>\n<h2>Squall e Final Fantasy, una leggenda dei JRPG<\/h2>\n<p>Questa spada a pistola <strong>Lama di fucile<\/strong> si \u00e8 ispirato all'eroe taciturno noto per la sua pelliccia nera e la sua natura solitaria. <a href=\"https:\/\/finalfantasy.fandom.com\/wiki\/Squall_Leonhart\" target=\"_blank\" rel=\"noopener noreferrer\">Squall Leonhart<\/a> incarna uno stile decisamente moderno che unisce malinconia, combattimento tattico e destino eroico. Idolatra il mitico leone griever dalle ali angeliche, considerandolo un idolo di coraggio e forza, caratteristiche che lui stesso cerca di incarnare. Il leone \u00e8 diventato il suo simbolo, cos\u00ec come Rinoa \u00e8 associata alle ali d'angelo.<\/p>\n<p>Nell'universo di Final Fantasy, questo tipo di arma fonde ingegnosamente tecnologia e tradizione. Questa riproduzione cattura l'essenza di un mondo pieno di evocazioni titaniche, romanzi epici e battaglie memorabili. \u00c8 destinata ai fan che desiderano rivivere un'avventura caratterizzata da coraggio e determinazione.<\/p>\n<h2>Una collezione di Final Fantasy da completare<\/h2>\n<p>Questo Gunblade pu\u00f2 essere aggiunto a una collezione gi\u00e0 ampia, portando coerenza e prestigio. Il nostro negozio presenta anche altri riferimenti della saga, creando una galleria degna di un museo dedicato al JRPG. Ad esempio, c'\u00e8 il\u2019<a href=\"https:\/\/repliquemangacine.fr\/it\/katana-e-spada-videogiochi-altri-videogiochi\/spada-fusion-cloud-multiblade-buster-spada-final-fantasy-vii\/\">Nuvola di spade Fusion<\/a> Strife con le sue parti staccabili. C'\u00e8 anche l'enorme <a href=\"https:\/\/repliquemangacine.fr\/it\/katana-e-spada-videogiochi-altri-videogiochi\/spada-sephiroth-masamune-192-cm\/\">Spada Sephiroth Masamune<\/a> 192 cm di lunghezza. Cos\u00ec ogni fan pu\u00f2 mettere insieme una collezione unica che ricorda le sue ore pi\u00f9 belle nei videogiochi. L'universo di Final Fantasy vi aspetta.<\/p>","protected":false},"excerpt":{"rendered":"<p>Immergetevi nel leggendario mondo di Final Fantasy con il Gunblade di Squall, una replica in acciaio tanto elegante quanto temibile, ideale per i collezionisti pi\u00f9 esigenti.<\/p>\n<ul>\n<li>Lama in acciaio inox 440<\/li>\n<li>Incisione sulla lama di un leone<\/li>\n<li>Protezione pistola in metallo<\/li>\n<li>Presenta un cilindro rotante, ma il meccanismo non \u00e8 funzionante.<\/li>\n<li>Manico in metallo e resina per una presa sicura<\/li>\n<li>Catenella con testa di leone all'estremit\u00e0 del manico.<\/li>\n<li>Fornito con espositore in legno.<\/li>\n<li>Lunghezza lama: 88 cm - Lunghezza totale: 129 cm<\/li>\n<li>Peso: 3660 g<\/li>\n<\/ul>","protected":false},"featured_media":90934,"template":"","meta":[],"product_brand":[],"product_cat":[1012,107,67],"product_tag":[],"class_list":{"0":"post-90932","1":"product","2":"type-product","3":"status-publish","4":"has-post-thumbnail","6":"product_cat-final-fantasy-repliques-final-fantasy","7":"product_cat-nouveautes","8":"product_cat-katana-et-epee-de-jeux-video-autre-jeux-video","10":"first","11":"instock","12":"taxable","13":"shipping-taxable","14":"purchasable","15":"product-type-simple"},"yoast_head":"<!-- This site is optimized with the Yoast SEO plugin v27.4 - https:\/\/yoast.com\/product\/yoast-seo-wordpress\/ -->\n<title>Gunblade de Squall - Final Fantasy - R\u00e9plique Manga Cin\u00e9<\/title>\n<meta name=\"description\" content=\"R\u00e9plique Gunblade de Squall en acier avec gravure lion, garde pistolet et support bois. Une pi\u00e8ce premium inspir\u00e9e de Final Fantasy pour fans.\" \/>\n<meta name=\"robots\" content=\"index, follow, max-snippet:-1, max-image-preview:large, max-video-preview:-1\" \/>\n<link rel=\"canonical\" href=\"https:\/\/repliquemangacine.fr\/it\/katana-e-spada-videogiochi-altri-videogiochi\/squall-gunblade-fantasia-finale\/\" \/>\n<meta property=\"og:locale\" content=\"it_IT\" \/>\n<meta property=\"og:type\" content=\"article\" \/>\n<meta property=\"og:title\" content=\"Gunblade de Squall - Final Fantasy - R\u00e9plique Manga Cin\u00e9\" \/>\n<meta property=\"og:description\" content=\"R\u00e9plique Gunblade de Squall en acier avec gravure lion, garde pistolet et support bois. Une pi\u00e8ce premium inspir\u00e9e de Final Fantasy pour fans.\" \/>\n<meta property=\"og:url\" content=\"https:\/\/repliquemangacine.fr\/it\/katana-e-spada-videogiochi-altri-videogiochi\/squall-gunblade-fantasia-finale\/\" \/>\n<meta property=\"og:site_name\" content=\"R\u00e9plique Manga Cin\u00e9\" \/>\n<meta property=\"article:publisher\" content=\"https:\/\/www.facebook.com\/RepliqueMangaCine\" \/>\n<meta property=\"article:modified_time\" content=\"2026-04-24T12:27:23+00:00\" \/>\n<meta property=\"og:image\" content=\"https:\/\/repliquemangacine.fr\/wp-content\/uploads\/2025\/11\/Gunblade-Epee-de-Squall-FF7.jpg\" \/>\n\t<meta property=\"og:image:width\" content=\"700\" \/>\n\t<meta property=\"og:image:height\" content=\"700\" \/>\n\t<meta property=\"og:image:type\" content=\"image\/jpeg\" \/>\n<meta name=\"twitter:card\" content=\"summary_large_image\" \/>\n<meta name=\"twitter:label1\" content=\"Tempo di lettura stimato\" \/>\n\t<meta name=\"twitter:data1\" content=\"2 minuti\" \/>\n<script type=\"application\/ld+json\" class=\"yoast-schema-graph\">{\"@context\":\"https:\\\/\\\/schema.org\",\"@graph\":[{\"@type\":\"WebPage\",\"@id\":\"https:\\\/\\\/repliquemangacine.fr\\\/katana-et-epee-de-jeux-video-autre-jeux-video\\\/gunblade-de-squall-final-fantasy\\\/\",\"url\":\"https:\\\/\\\/repliquemangacine.fr\\\/katana-et-epee-de-jeux-video-autre-jeux-video\\\/gunblade-de-squall-final-fantasy\\\/\",\"name\":\"Gunblade de Squall - Final Fantasy - R\u00e9plique Manga Cin\u00e9\",\"isPartOf\":{\"@id\":\"https:\\\/\\\/repliquemangacine.fr\\\/#website\"},\"primaryImageOfPage\":{\"@id\":\"https:\\\/\\\/repliquemangacine.fr\\\/katana-et-epee-de-jeux-video-autre-jeux-video\\\/gunblade-de-squall-final-fantasy\\\/#primaryimage\"},\"image\":{\"@id\":\"https:\\\/\\\/repliquemangacine.fr\\\/katana-et-epee-de-jeux-video-autre-jeux-video\\\/gunblade-de-squall-final-fantasy\\\/#primaryimage\"},\"thumbnailUrl\":\"https:\\\/\\\/repliquemangacine.fr\\\/wp-content\\\/uploads\\\/2025\\\/11\\\/Gunblade-Epee-de-Squall-FF7.jpg\",\"datePublished\":\"2025-11-19T15:45:26+00:00\",\"dateModified\":\"2026-04-24T12:27:23+00:00\",\"description\":\"R\u00e9plique Gunblade de Squall en acier avec gravure lion, garde pistolet et support bois. Une pi\u00e8ce premium inspir\u00e9e de Final Fantasy pour fans.\",\"breadcrumb\":{\"@id\":\"https:\\\/\\\/repliquemangacine.fr\\\/katana-et-epee-de-jeux-video-autre-jeux-video\\\/gunblade-de-squall-final-fantasy\\\/#breadcrumb\"},\"inLanguage\":\"it-IT\",\"potentialAction\":[{\"@type\":\"ReadAction\",\"target\":[\"https:\\\/\\\/repliquemangacine.fr\\\/katana-et-epee-de-jeux-video-autre-jeux-video\\\/gunblade-de-squall-final-fantasy\\\/\"]}]},{\"@type\":\"ImageObject\",\"inLanguage\":\"it-IT\",\"@id\":\"https:\\\/\\\/repliquemangacine.fr\\\/katana-et-epee-de-jeux-video-autre-jeux-video\\\/gunblade-de-squall-final-fantasy\\\/#primaryimage\",\"url\":\"https:\\\/\\\/repliquemangacine.fr\\\/wp-content\\\/uploads\\\/2025\\\/11\\\/Gunblade-Epee-de-Squall-FF7.jpg\",\"contentUrl\":\"https:\\\/\\\/repliquemangacine.fr\\\/wp-content\\\/uploads\\\/2025\\\/11\\\/Gunblade-Epee-de-Squall-FF7.jpg\",\"width\":700,\"height\":700,\"caption\":\"Gunblade Ep\u00e9e de squall Final Fantasy\"},{\"@type\":\"BreadcrumbList\",\"@id\":\"https:\\\/\\\/repliquemangacine.fr\\\/katana-et-epee-de-jeux-video-autre-jeux-video\\\/gunblade-de-squall-final-fantasy\\\/#breadcrumb\",\"itemListElement\":[{\"@type\":\"ListItem\",\"position\":1,\"name\":\"Accueil\",\"item\":\"https:\\\/\\\/repliquemangacine.fr\\\/\"},{\"@type\":\"ListItem\",\"position\":2,\"name\":\"Produits\",\"item\":\"https:\\\/\\\/repliquemangacine.fr\\\/boutique\\\/\"},{\"@type\":\"ListItem\",\"position\":3,\"name\":\"Gunblade de Squall &#8211; Final Fantasy\"}]},{\"@type\":\"WebSite\",\"@id\":\"https:\\\/\\\/repliquemangacine.fr\\\/#website\",\"url\":\"https:\\\/\\\/repliquemangacine.fr\\\/\",\"name\":\"R\u00e9plique Manga Cin\u00e9\",\"description\":\"\",\"publisher\":{\"@id\":\"https:\\\/\\\/repliquemangacine.fr\\\/#organization\"},\"potentialAction\":[{\"@type\":\"SearchAction\",\"target\":{\"@type\":\"EntryPoint\",\"urlTemplate\":\"https:\\\/\\\/repliquemangacine.fr\\\/?s={search_term_string}\"},\"query-input\":{\"@type\":\"PropertyValueSpecification\",\"valueRequired\":true,\"valueName\":\"search_term_string\"}}],\"inLanguage\":\"it-IT\"},{\"@type\":\"Organization\",\"@id\":\"https:\\\/\\\/repliquemangacine.fr\\\/#organization\",\"name\":\"R\u00e9plique Manga Cin\u00e9\",\"url\":\"https:\\\/\\\/repliquemangacine.fr\\\/\",\"logo\":{\"@type\":\"ImageObject\",\"inLanguage\":\"it-IT\",\"@id\":\"https:\\\/\\\/repliquemangacine.fr\\\/#\\\/schema\\\/logo\\\/image\\\/\",\"url\":\"https:\\\/\\\/repliquemangacine.fr\\\/wp-content\\\/uploads\\\/2023\\\/10\\\/RMC-500250.png\",\"contentUrl\":\"https:\\\/\\\/repliquemangacine.fr\\\/wp-content\\\/uploads\\\/2023\\\/10\\\/RMC-500250.png\",\"width\":500,\"height\":250,\"caption\":\"R\u00e9plique Manga Cin\u00e9\"},\"image\":{\"@id\":\"https:\\\/\\\/repliquemangacine.fr\\\/#\\\/schema\\\/logo\\\/image\\\/\"},\"sameAs\":[\"https:\\\/\\\/www.facebook.com\\\/RepliqueMangaCine\",\"https:\\\/\\\/www.instagram.com\\\/repliquemangacine.fr\\\/\"]}]}<\/script>\n<!-- \/ Yoast SEO plugin. -->","yoast_head_json":{"title":"Cannone di Squall - Final Fantasy - R\u00e9plique Manga Cin\u00e9","description":"Replica del Gunblade Squall in acciaio con incisione del leone, guardia della pistola e supporto in legno. Un pezzo pregiato ispirato a Final Fantasy per i fan.","robots":{"index":"index","follow":"follow","max-snippet":"max-snippet:-1","max-image-preview":"max-image-preview:large","max-video-preview":"max-video-preview:-1"},"canonical":"https:\/\/repliquemangacine.fr\/it\/katana-e-spada-videogiochi-altri-videogiochi\/squall-gunblade-fantasia-finale\/","og_locale":"it_IT","og_type":"article","og_title":"Gunblade de Squall - Final Fantasy - R\u00e9plique Manga Cin\u00e9","og_description":"R\u00e9plique Gunblade de Squall en acier avec gravure lion, garde pistolet et support bois. Une pi\u00e8ce premium inspir\u00e9e de Final Fantasy pour fans.","og_url":"https:\/\/repliquemangacine.fr\/it\/katana-e-spada-videogiochi-altri-videogiochi\/squall-gunblade-fantasia-finale\/","og_site_name":"R\u00e9plique Manga Cin\u00e9","article_publisher":"https:\/\/www.facebook.com\/RepliqueMangaCine","article_modified_time":"2026-04-24T12:27:23+00:00","og_image":[{"width":700,"height":700,"url":"https:\/\/repliquemangacine.fr\/wp-content\/uploads\/2025\/11\/Gunblade-Epee-de-Squall-FF7.jpg","type":"image\/jpeg"}],"twitter_card":"summary_large_image","twitter_misc":{"Tempo di lettura stimato":"2 minuti"},"schema":{"@context":"https:\/\/schema.org","@graph":[{"@type":"WebPage","@id":"https:\/\/repliquemangacine.fr\/katana-et-epee-de-jeux-video-autre-jeux-video\/gunblade-de-squall-final-fantasy\/","url":"https:\/\/repliquemangacine.fr\/katana-et-epee-de-jeux-video-autre-jeux-video\/gunblade-de-squall-final-fantasy\/","name":"Cannone di Squall - Final Fantasy - R\u00e9plique Manga Cin\u00e9","isPartOf":{"@id":"https:\/\/repliquemangacine.fr\/#website"},"primaryImageOfPage":{"@id":"https:\/\/repliquemangacine.fr\/katana-et-epee-de-jeux-video-autre-jeux-video\/gunblade-de-squall-final-fantasy\/#primaryimage"},"image":{"@id":"https:\/\/repliquemangacine.fr\/katana-et-epee-de-jeux-video-autre-jeux-video\/gunblade-de-squall-final-fantasy\/#primaryimage"},"thumbnailUrl":"https:\/\/repliquemangacine.fr\/wp-content\/uploads\/2025\/11\/Gunblade-Epee-de-Squall-FF7.jpg","datePublished":"2025-11-19T15:45:26+00:00","dateModified":"2026-04-24T12:27:23+00:00","description":"Replica del Gunblade Squall in acciaio con incisione del leone, guardia della pistola e supporto in legno. Un pezzo pregiato ispirato a Final Fantasy per i fan.","breadcrumb":{"@id":"https:\/\/repliquemangacine.fr\/katana-et-epee-de-jeux-video-autre-jeux-video\/gunblade-de-squall-final-fantasy\/#breadcrumb"},"inLanguage":"it-IT","potentialAction":[{"@type":"ReadAction","target":["https:\/\/repliquemangacine.fr\/katana-et-epee-de-jeux-video-autre-jeux-video\/gunblade-de-squall-final-fantasy\/"]}]},{"@type":"ImageObject","inLanguage":"it-IT","@id":"https:\/\/repliquemangacine.fr\/katana-et-epee-de-jeux-video-autre-jeux-video\/gunblade-de-squall-final-fantasy\/#primaryimage","url":"https:\/\/repliquemangacine.fr\/wp-content\/uploads\/2025\/11\/Gunblade-Epee-de-Squall-FF7.jpg","contentUrl":"https:\/\/repliquemangacine.fr\/wp-content\/uploads\/2025\/11\/Gunblade-Epee-de-Squall-FF7.jpg","width":700,"height":700,"caption":"Gunblade Ep\u00e9e de squall Final Fantasy"},{"@type":"BreadcrumbList","@id":"https:\/\/repliquemangacine.fr\/katana-et-epee-de-jeux-video-autre-jeux-video\/gunblade-de-squall-final-fantasy\/#breadcrumb","itemListElement":[{"@type":"ListItem","position":1,"name":"Accueil","item":"https:\/\/repliquemangacine.fr\/"},{"@type":"ListItem","position":2,"name":"Produits","item":"https:\/\/repliquemangacine.fr\/boutique\/"},{"@type":"ListItem","position":3,"name":"Gunblade de Squall &#8211; Final Fantasy"}]},{"@type":"WebSite","@id":"https:\/\/repliquemangacine.fr\/#website","url":"https:\/\/repliquemangacine.fr\/","name":"R\u00e9plique Manga Cin\u00e9","description":"","publisher":{"@id":"https:\/\/repliquemangacine.fr\/#organization"},"potentialAction":[{"@type":"SearchAction","target":{"@type":"EntryPoint","urlTemplate":"https:\/\/repliquemangacine.fr\/?s={search_term_string}"},"query-input":{"@type":"PropertyValueSpecification","valueRequired":true,"valueName":"search_term_string"}}],"inLanguage":"it-IT"},{"@type":"Organization","@id":"https:\/\/repliquemangacine.fr\/#organization","name":"R\u00e9plique Manga Cin\u00e9","url":"https:\/\/repliquemangacine.fr\/","logo":{"@type":"ImageObject","inLanguage":"it-IT","@id":"https:\/\/repliquemangacine.fr\/#\/schema\/logo\/image\/","url":"https:\/\/repliquemangacine.fr\/wp-content\/uploads\/2023\/10\/RMC-500250.png","contentUrl":"https:\/\/repliquemangacine.fr\/wp-content\/uploads\/2023\/10\/RMC-500250.png","width":500,"height":250,"caption":"R\u00e9plique Manga Cin\u00e9"},"image":{"@id":"https:\/\/repliquemangacine.fr\/#\/schema\/logo\/image\/"},"sameAs":["https:\/\/www.facebook.com\/RepliqueMangaCine","https:\/\/www.instagram.com\/repliquemangacine.fr\/"]}]}},"_links":{"self":[{"href":"https:\/\/repliquemangacine.fr\/it\/wp-json\/wp\/v2\/product\/90932","targetHints":{"allow":["GET"]}}],"collection":[{"href":"https:\/\/repliquemangacine.fr\/it\/wp-json\/wp\/v2\/product"}],"about":[{"href":"https:\/\/repliquemangacine.fr\/it\/wp-json\/wp\/v2\/types\/product"}],"wp:featuredmedia":[{"embeddable":true,"href":"https:\/\/repliquemangacine.fr\/it\/wp-json\/wp\/v2\/media\/90934"}],"wp:attachment":[{"href":"https:\/\/repliquemangacine.fr\/it\/wp-json\/wp\/v2\/media?parent=90932"}],"wp:term":[{"taxonomy":"product_brand","embeddable":true,"href":"https:\/\/repliquemangacine.fr\/it\/wp-json\/wp\/v2\/product_brand?post=90932"},{"taxonomy":"product_cat","embeddable":true,"href":"https:\/\/repliquemangacine.fr\/it\/wp-json\/wp\/v2\/product_cat?post=90932"},{"taxonomy":"product_tag","embeddable":true,"href":"https:\/\/repliquemangacine.fr\/it\/wp-json\/wp\/v2\/product_tag?post=90932"}],"curies":[{"name":"wp","href":"https:\/\/api.w.org\/{rel}","templated":true}]}}