





{"id":90680,"date":"2025-11-15T19:38:10","date_gmt":"2025-11-15T18:38:10","guid":{"rendered":"https:\/\/repliquemangacine.fr\/?post_type=product&#038;p=90680"},"modified":"2025-11-30T21:45:13","modified_gmt":"2025-11-30T20:45:13","slug":"mini-katana-enma-nero","status":"publish","type":"product","link":"https:\/\/repliquemangacine.fr\/it\/tanto-mini-katana-one-piece\/mini-katana-enma-noir\/","title":{"rendered":"Mini Katana Enma nero"},"content":{"rendered":"<h2>Mini katana Enma nera dallo stile sobrio e potente<\/h2>\n<p>Questa mini katana Enma nera \u00e8 un must per tutti i fan di One Piece. La sua lama in acciaio ha una finitura pulita e affilata, fedele allo spirito della spada originale. Inoltre, l'impugnatura laccata nera, impreziosita da raffinate decorazioni, assicura un look elegante e scuro. La guardia in ABS, appositamente sagomata, aggiunge un tocco di autenticit\u00e0. Il fodero laccato nero, ornato da sottili motivi, \u00e8 il complemento perfetto per questa replica di qualit\u00e0. Fornita con il suo supporto in ABS. Questa mini katana \u00e8 ideale per uno scaffale, una scrivania o una vetrina dedicata ai tesori dell'universo di One Piece.<\/p>\n<h2>Zoro ed Enma: padronanza di una lama temibile<\/h2>\n<p>Per cominciare, in One Piece, <a href=\"https:\/\/onepiece.fandom.com\/fr\/f\/t\/Roronoa%20Zoro\" target=\"_blank\" rel=\"noopener noreferrer\">Roronoa Zoro<\/a> si trova faccia a faccia con il potere totalizzante di Enma, una lama in grado di risucchiare il suo haki. In effetti, questa spada maledetta mette alla prova la forza d'animo di chi la porta e solo un vero spadaccino pu\u00f2 rivelare il suo potenziale. Zoro, fedele alla sua ambizione di diventare il miglior spadaccino del mondo, riesce a domarla. Infatti, il suo legame con Enma simboleggia la sua evoluzione, la sua disciplina e la sua incrollabile determinazione. Questa mini katana nera rende omaggio a questo evento mitico e cattura tutta l'intensit\u00e0 della battaglia interiore di Zoro.<\/p>\n<h2>Completa la tua collezione di One Piece su R\u00e9plique Manga Cin\u00e9<\/h2>\n<p>Per accompagnare questa mini katana, esplorate la collezione completa di One Piece disponibile su R\u00e9plique Manga Cin\u00e9. Troverete la Tanto One Piece, perfetta per gli appassionati di armi corte e raffinate. Ci sono anche le <a href=\"https:\/\/repliquemangacine.fr\/it\/katana-leggera-monopezzo\/\">Katane luminose di One Piece<\/a>, ispirato alle iconiche spade della serie, con LED per un effetto spettacolare. Infine, completate il vostro outfit con il\u2019<a href=\"https:\/\/repliquemangacine.fr\/it\/videogiochi-manga-replica\/confezione-di-3-katane-di-zoro\/\">set di tre spade Zoro<\/a>, Un simbolo del suo stile unico e della sua assoluta maestria. In conclusione, ogni replica trasporta il collezionista nel mondo dei pirati e rende omaggio alla leggenda di Zoro Roronoa.<\/p>","protected":false},"excerpt":{"rendered":"<p>Scoprite la versione nera di Enma, la spada di Zoro dal design sobrio e potente e dall'aura leggendaria.<\/p>\n<ul>\n<li>Lama in acciaio bicolore<\/li>\n<li>Manico laccato con decorazione<\/li>\n<li>Protezione in ABS con forma specifica<\/li>\n<li>Fodero laccato nero con decorazione<\/li>\n<li>Fornito con un piccolo supporto in ABS.<\/li>\n<li>Lunghezza lama: 27 cm - Lunghezza totale: 45 cm<\/li>\n<li>Peso: 250 g con fodero<\/li>\n<\/ul>","protected":false},"featured_media":90681,"template":"","meta":[],"product_brand":[],"product_cat":[36,121],"product_tag":[],"class_list":{"0":"post-90680","1":"product","2":"type-product","3":"status-publish","4":"has-post-thumbnail","6":"product_cat-katana-one-piece","7":"product_cat-tanto-mini-katana-one-piece","9":"first","10":"instock","11":"taxable","12":"shipping-taxable","13":"purchasable","14":"product-type-simple"},"yoast_head":"<!-- This site is optimized with the Yoast SEO plugin v27.4 - https:\/\/yoast.com\/product\/yoast-seo-wordpress\/ -->\n<title>Mini Katana Enma noir - R\u00e9plique Manga Cin\u00e9<\/title>\n<meta name=\"description\" content=\"Mini katana Enma noir One Piece, lame acier et fourreau laqu\u00e9. Une r\u00e9plique \u00e9l\u00e9gante inspir\u00e9e du sabre mythique de Roronoa Zoro.\" \/>\n<meta name=\"robots\" content=\"index, follow, max-snippet:-1, max-image-preview:large, max-video-preview:-1\" \/>\n<link rel=\"canonical\" href=\"https:\/\/repliquemangacine.fr\/it\/tanto-mini-katana-one-piece\/mini-katana-enma-nero\/\" \/>\n<meta property=\"og:locale\" content=\"it_IT\" \/>\n<meta property=\"og:type\" content=\"article\" \/>\n<meta property=\"og:title\" content=\"Mini Katana Enma noir - R\u00e9plique Manga Cin\u00e9\" \/>\n<meta property=\"og:description\" content=\"Mini katana Enma noir One Piece, lame acier et fourreau laqu\u00e9. Une r\u00e9plique \u00e9l\u00e9gante inspir\u00e9e du sabre mythique de Roronoa Zoro.\" \/>\n<meta property=\"og:url\" content=\"https:\/\/repliquemangacine.fr\/it\/tanto-mini-katana-one-piece\/mini-katana-enma-nero\/\" \/>\n<meta property=\"og:site_name\" content=\"R\u00e9plique Manga Cin\u00e9\" \/>\n<meta property=\"article:publisher\" content=\"https:\/\/www.facebook.com\/RepliqueMangaCine\" \/>\n<meta property=\"article:modified_time\" content=\"2025-11-30T20:45:13+00:00\" \/>\n<meta property=\"og:image\" content=\"https:\/\/repliquemangacine.fr\/wp-content\/uploads\/2025\/11\/Mini-Katana-Enma-Noir.jpg\" \/>\n\t<meta property=\"og:image:width\" content=\"600\" \/>\n\t<meta property=\"og:image:height\" content=\"600\" \/>\n\t<meta property=\"og:image:type\" content=\"image\/jpeg\" \/>\n<meta name=\"twitter:card\" content=\"summary_large_image\" \/>\n<meta name=\"twitter:label1\" content=\"Tempo di lettura stimato\" \/>\n\t<meta name=\"twitter:data1\" content=\"2 minuti\" \/>\n<script type=\"application\/ld+json\" class=\"yoast-schema-graph\">{\"@context\":\"https:\\\/\\\/schema.org\",\"@graph\":[{\"@type\":\"WebPage\",\"@id\":\"https:\\\/\\\/repliquemangacine.fr\\\/tanto-mini-katana-one-piece\\\/mini-katana-enma-noir\\\/\",\"url\":\"https:\\\/\\\/repliquemangacine.fr\\\/tanto-mini-katana-one-piece\\\/mini-katana-enma-noir\\\/\",\"name\":\"Mini Katana Enma noir - R\u00e9plique Manga Cin\u00e9\",\"isPartOf\":{\"@id\":\"https:\\\/\\\/repliquemangacine.fr\\\/#website\"},\"primaryImageOfPage\":{\"@id\":\"https:\\\/\\\/repliquemangacine.fr\\\/tanto-mini-katana-one-piece\\\/mini-katana-enma-noir\\\/#primaryimage\"},\"image\":{\"@id\":\"https:\\\/\\\/repliquemangacine.fr\\\/tanto-mini-katana-one-piece\\\/mini-katana-enma-noir\\\/#primaryimage\"},\"thumbnailUrl\":\"https:\\\/\\\/repliquemangacine.fr\\\/wp-content\\\/uploads\\\/2025\\\/11\\\/Mini-Katana-Enma-Noir.jpg\",\"datePublished\":\"2025-11-15T18:38:10+00:00\",\"dateModified\":\"2025-11-30T20:45:13+00:00\",\"description\":\"Mini katana Enma noir One Piece, lame acier et fourreau laqu\u00e9. Une r\u00e9plique \u00e9l\u00e9gante inspir\u00e9e du sabre mythique de Roronoa Zoro.\",\"breadcrumb\":{\"@id\":\"https:\\\/\\\/repliquemangacine.fr\\\/tanto-mini-katana-one-piece\\\/mini-katana-enma-noir\\\/#breadcrumb\"},\"inLanguage\":\"it-IT\",\"potentialAction\":[{\"@type\":\"ReadAction\",\"target\":[\"https:\\\/\\\/repliquemangacine.fr\\\/tanto-mini-katana-one-piece\\\/mini-katana-enma-noir\\\/\"]}]},{\"@type\":\"ImageObject\",\"inLanguage\":\"it-IT\",\"@id\":\"https:\\\/\\\/repliquemangacine.fr\\\/tanto-mini-katana-one-piece\\\/mini-katana-enma-noir\\\/#primaryimage\",\"url\":\"https:\\\/\\\/repliquemangacine.fr\\\/wp-content\\\/uploads\\\/2025\\\/11\\\/Mini-Katana-Enma-Noir.jpg\",\"contentUrl\":\"https:\\\/\\\/repliquemangacine.fr\\\/wp-content\\\/uploads\\\/2025\\\/11\\\/Mini-Katana-Enma-Noir.jpg\",\"width\":600,\"height\":600,\"caption\":\"Mini Katana Enma noir One Piece\"},{\"@type\":\"BreadcrumbList\",\"@id\":\"https:\\\/\\\/repliquemangacine.fr\\\/tanto-mini-katana-one-piece\\\/mini-katana-enma-noir\\\/#breadcrumb\",\"itemListElement\":[{\"@type\":\"ListItem\",\"position\":1,\"name\":\"Accueil\",\"item\":\"https:\\\/\\\/repliquemangacine.fr\\\/\"},{\"@type\":\"ListItem\",\"position\":2,\"name\":\"Produits\",\"item\":\"https:\\\/\\\/repliquemangacine.fr\\\/boutique\\\/\"},{\"@type\":\"ListItem\",\"position\":3,\"name\":\"Mini Katana Enma noir\"}]},{\"@type\":\"WebSite\",\"@id\":\"https:\\\/\\\/repliquemangacine.fr\\\/#website\",\"url\":\"https:\\\/\\\/repliquemangacine.fr\\\/\",\"name\":\"R\u00e9plique Manga Cin\u00e9\",\"description\":\"\",\"publisher\":{\"@id\":\"https:\\\/\\\/repliquemangacine.fr\\\/#organization\"},\"potentialAction\":[{\"@type\":\"SearchAction\",\"target\":{\"@type\":\"EntryPoint\",\"urlTemplate\":\"https:\\\/\\\/repliquemangacine.fr\\\/?s={search_term_string}\"},\"query-input\":{\"@type\":\"PropertyValueSpecification\",\"valueRequired\":true,\"valueName\":\"search_term_string\"}}],\"inLanguage\":\"it-IT\"},{\"@type\":\"Organization\",\"@id\":\"https:\\\/\\\/repliquemangacine.fr\\\/#organization\",\"name\":\"R\u00e9plique Manga Cin\u00e9\",\"url\":\"https:\\\/\\\/repliquemangacine.fr\\\/\",\"logo\":{\"@type\":\"ImageObject\",\"inLanguage\":\"it-IT\",\"@id\":\"https:\\\/\\\/repliquemangacine.fr\\\/#\\\/schema\\\/logo\\\/image\\\/\",\"url\":\"https:\\\/\\\/repliquemangacine.fr\\\/wp-content\\\/uploads\\\/2023\\\/10\\\/RMC-500250.png\",\"contentUrl\":\"https:\\\/\\\/repliquemangacine.fr\\\/wp-content\\\/uploads\\\/2023\\\/10\\\/RMC-500250.png\",\"width\":500,\"height\":250,\"caption\":\"R\u00e9plique Manga Cin\u00e9\"},\"image\":{\"@id\":\"https:\\\/\\\/repliquemangacine.fr\\\/#\\\/schema\\\/logo\\\/image\\\/\"},\"sameAs\":[\"https:\\\/\\\/www.facebook.com\\\/RepliqueMangaCine\",\"https:\\\/\\\/www.instagram.com\\\/repliquemangacine.fr\\\/\"]}]}<\/script>\n<!-- \/ Yoast SEO plugin. -->","yoast_head_json":{"title":"Mini Katana Enma nero - R\u00e9plique Manga Cin\u00e9","description":"Mini katana Enma nera di One Piece, lama in acciaio e fodero laccato. Un'elegante replica ispirata alla mitica spada di Roronoa Zoro.","robots":{"index":"index","follow":"follow","max-snippet":"max-snippet:-1","max-image-preview":"max-image-preview:large","max-video-preview":"max-video-preview:-1"},"canonical":"https:\/\/repliquemangacine.fr\/it\/tanto-mini-katana-one-piece\/mini-katana-enma-nero\/","og_locale":"it_IT","og_type":"article","og_title":"Mini Katana Enma noir - R\u00e9plique Manga Cin\u00e9","og_description":"Mini katana Enma noir One Piece, lame acier et fourreau laqu\u00e9. Une r\u00e9plique \u00e9l\u00e9gante inspir\u00e9e du sabre mythique de Roronoa Zoro.","og_url":"https:\/\/repliquemangacine.fr\/it\/tanto-mini-katana-one-piece\/mini-katana-enma-nero\/","og_site_name":"R\u00e9plique Manga Cin\u00e9","article_publisher":"https:\/\/www.facebook.com\/RepliqueMangaCine","article_modified_time":"2025-11-30T20:45:13+00:00","og_image":[{"width":600,"height":600,"url":"https:\/\/repliquemangacine.fr\/wp-content\/uploads\/2025\/11\/Mini-Katana-Enma-Noir.jpg","type":"image\/jpeg"}],"twitter_card":"summary_large_image","twitter_misc":{"Tempo di lettura stimato":"2 minuti"},"schema":{"@context":"https:\/\/schema.org","@graph":[{"@type":"WebPage","@id":"https:\/\/repliquemangacine.fr\/tanto-mini-katana-one-piece\/mini-katana-enma-noir\/","url":"https:\/\/repliquemangacine.fr\/tanto-mini-katana-one-piece\/mini-katana-enma-noir\/","name":"Mini Katana Enma nero - R\u00e9plique Manga Cin\u00e9","isPartOf":{"@id":"https:\/\/repliquemangacine.fr\/#website"},"primaryImageOfPage":{"@id":"https:\/\/repliquemangacine.fr\/tanto-mini-katana-one-piece\/mini-katana-enma-noir\/#primaryimage"},"image":{"@id":"https:\/\/repliquemangacine.fr\/tanto-mini-katana-one-piece\/mini-katana-enma-noir\/#primaryimage"},"thumbnailUrl":"https:\/\/repliquemangacine.fr\/wp-content\/uploads\/2025\/11\/Mini-Katana-Enma-Noir.jpg","datePublished":"2025-11-15T18:38:10+00:00","dateModified":"2025-11-30T20:45:13+00:00","description":"Mini katana Enma nera di One Piece, lama in acciaio e fodero laccato. Un'elegante replica ispirata alla mitica spada di Roronoa Zoro.","breadcrumb":{"@id":"https:\/\/repliquemangacine.fr\/tanto-mini-katana-one-piece\/mini-katana-enma-noir\/#breadcrumb"},"inLanguage":"it-IT","potentialAction":[{"@type":"ReadAction","target":["https:\/\/repliquemangacine.fr\/tanto-mini-katana-one-piece\/mini-katana-enma-noir\/"]}]},{"@type":"ImageObject","inLanguage":"it-IT","@id":"https:\/\/repliquemangacine.fr\/tanto-mini-katana-one-piece\/mini-katana-enma-noir\/#primaryimage","url":"https:\/\/repliquemangacine.fr\/wp-content\/uploads\/2025\/11\/Mini-Katana-Enma-Noir.jpg","contentUrl":"https:\/\/repliquemangacine.fr\/wp-content\/uploads\/2025\/11\/Mini-Katana-Enma-Noir.jpg","width":600,"height":600,"caption":"Mini Katana Enma noir One Piece"},{"@type":"BreadcrumbList","@id":"https:\/\/repliquemangacine.fr\/tanto-mini-katana-one-piece\/mini-katana-enma-noir\/#breadcrumb","itemListElement":[{"@type":"ListItem","position":1,"name":"Accueil","item":"https:\/\/repliquemangacine.fr\/"},{"@type":"ListItem","position":2,"name":"Produits","item":"https:\/\/repliquemangacine.fr\/boutique\/"},{"@type":"ListItem","position":3,"name":"Mini Katana Enma noir"}]},{"@type":"WebSite","@id":"https:\/\/repliquemangacine.fr\/#website","url":"https:\/\/repliquemangacine.fr\/","name":"R\u00e9plique Manga Cin\u00e9","description":"","publisher":{"@id":"https:\/\/repliquemangacine.fr\/#organization"},"potentialAction":[{"@type":"SearchAction","target":{"@type":"EntryPoint","urlTemplate":"https:\/\/repliquemangacine.fr\/?s={search_term_string}"},"query-input":{"@type":"PropertyValueSpecification","valueRequired":true,"valueName":"search_term_string"}}],"inLanguage":"it-IT"},{"@type":"Organization","@id":"https:\/\/repliquemangacine.fr\/#organization","name":"R\u00e9plique Manga Cin\u00e9","url":"https:\/\/repliquemangacine.fr\/","logo":{"@type":"ImageObject","inLanguage":"it-IT","@id":"https:\/\/repliquemangacine.fr\/#\/schema\/logo\/image\/","url":"https:\/\/repliquemangacine.fr\/wp-content\/uploads\/2023\/10\/RMC-500250.png","contentUrl":"https:\/\/repliquemangacine.fr\/wp-content\/uploads\/2023\/10\/RMC-500250.png","width":500,"height":250,"caption":"R\u00e9plique Manga Cin\u00e9"},"image":{"@id":"https:\/\/repliquemangacine.fr\/#\/schema\/logo\/image\/"},"sameAs":["https:\/\/www.facebook.com\/RepliqueMangaCine","https:\/\/www.instagram.com\/repliquemangacine.fr\/"]}]}},"_links":{"self":[{"href":"https:\/\/repliquemangacine.fr\/it\/wp-json\/wp\/v2\/product\/90680","targetHints":{"allow":["GET"]}}],"collection":[{"href":"https:\/\/repliquemangacine.fr\/it\/wp-json\/wp\/v2\/product"}],"about":[{"href":"https:\/\/repliquemangacine.fr\/it\/wp-json\/wp\/v2\/types\/product"}],"wp:featuredmedia":[{"embeddable":true,"href":"https:\/\/repliquemangacine.fr\/it\/wp-json\/wp\/v2\/media\/90681"}],"wp:attachment":[{"href":"https:\/\/repliquemangacine.fr\/it\/wp-json\/wp\/v2\/media?parent=90680"}],"wp:term":[{"taxonomy":"product_brand","embeddable":true,"href":"https:\/\/repliquemangacine.fr\/it\/wp-json\/wp\/v2\/product_brand?post=90680"},{"taxonomy":"product_cat","embeddable":true,"href":"https:\/\/repliquemangacine.fr\/it\/wp-json\/wp\/v2\/product_cat?post=90680"},{"taxonomy":"product_tag","embeddable":true,"href":"https:\/\/repliquemangacine.fr\/it\/wp-json\/wp\/v2\/product_tag?post=90680"}],"curies":[{"name":"wp","href":"https:\/\/api.w.org\/{rel}","templated":true}]}}