





{"id":90673,"date":"2025-11-15T19:22:48","date_gmt":"2025-11-15T18:22:48","guid":{"rendered":"https:\/\/repliquemangacine.fr\/?post_type=product&#038;p=90673"},"modified":"2026-02-28T16:45:43","modified_gmt":"2026-02-28T15:45:43","slug":"mini-katana-enma-viola","status":"publish","type":"product","link":"https:\/\/repliquemangacine.fr\/it\/tanto-mini-katana-one-piece\/mini-katana-enma-violet\/","title":{"rendered":"Mini Katana Enma viola"},"content":{"rendered":"<h2>Elegante e temibile mini katana Enma viola<\/h2>\n<p>Prima di tutto, questo <strong>Mini katana Enma viola<\/strong> \u00e8 una splendida replica ispirata alla leggendaria arma brandita da Roronoa Zoro in One Piece. La sua lama in acciaio ha una finitura lucida che cattura elegantemente la luce. L'impugnatura laccata \u00e8 decorata con cura e richiama i dettagli della spada originale. La caratteristica guardia in ABS rafforza l'autentico stile giapponese. Il fodero laccato viola \u00e8 splendidamente decorato per un look ancora pi\u00f9 coinvolgente. Fornita con il suo supporto in ABS, questa mini katana si distingue come un raffinato oggetto da collezione. Leggera e compatta, aggiunge un tocco di avventura a qualsiasi scaffale dedicato ai pirati dell'universo di One Piece.<\/p>\n<h2>Zoro e l'arma maledetta Enma: una prova di forza<\/h2>\n<p>Per cominciare, la katana Enma \u00e8 senza dubbio una delle armi pi\u00f9 formidabili che si possano trovare in commercio. <a href=\"https:\/\/onepiece.fandom.com\/fr\/f\/t\/Roronoa%20Zoro\" target=\"_blank\" rel=\"noopener noreferrer\">Zoro<\/a> che abbia mai padroneggiato. Forgiato per mettere alla prova la volont\u00e0 di chi lo indossa, prosciuga l'haki di chi lo usa, richiedendo una forza interiore eccezionale. Impugnandola, Zoro dimostra ancora una volta la sua incrollabile determinazione. Inoltre, questa lama simboleggia la sua evoluzione e il suo profondo legame con la via della spada. In One Piece, Enma rappresenta sia un pericolo che una promessa di potere. Grazie a Enma, Zoro raggiunge un nuovo traguardo, avvicinandosi al titolo di miglior spadaccino del mondo. Questa mini katana cattura perfettamente l'essenza della maestria e della disciplina.<\/p>\n<h2>Esplora la collezione One Piece su R\u00e9plique Manga Cin\u00e9<\/h2>\n<p>Per completare questa mini katana, scoprite altri pezzi del mondo di One Piece su R\u00e9plique Manga Cin\u00e9. Il <a href=\"https:\/\/repliquemangacine.fr\/it\/tanto-mini-katana-one-piece\/\">Tanto di One Piece<\/a>, Queste figure compatte e dettagliate incarnano l'arte della spada giapponese in tutta la sua finezza. Il <a href=\"https:\/\/repliquemangacine.fr\/it\/katana-leggera-monopezzo\/\">Katane luminose di One Piece<\/a>, L'illuminazione a LED aggiunge un tocco moderno e spettacolare a qualsiasi collezione. Infine, tutti i <a href=\"https:\/\/repliquemangacine.fr\/it\/videogiochi-manga-replica\/confezione-di-3-katane-di-zoro\/\">tre spade Zoro<\/a> - Wado Ichimonji, Sandai Kitetsu ed Enma - rimane un must per i veri fan del cacciatore di pirati. Ogni replica illustra un momento chiave della serie, trasformando una semplice vetrina in un tesoro della Grand Line.<\/p>","protected":false},"excerpt":{"rendered":"<p>Superba replica della tanto di Zoro ispirata al manga animato One Piece<\/p>\n<ul>\n<li>Lama in acciaio bicolore<\/li>\n<li>Manico laccato con decorazione<\/li>\n<li>Protezione in ABS con forma specifica<\/li>\n<li>Fodero laccato viola con decorazione<\/li>\n<li>Fornito con un piccolo supporto in ABS.<\/li>\n<li>Lunghezza lama: 27 cm - Lunghezza totale: 45 cm<\/li>\n<li>Peso: 250 g con fodero<\/li>\n<\/ul>","protected":false},"featured_media":90674,"template":"","meta":[],"product_brand":[],"product_cat":[36,121],"product_tag":[],"class_list":{"0":"post-90673","1":"product","2":"type-product","3":"status-publish","4":"has-post-thumbnail","6":"product_cat-katana-one-piece","7":"product_cat-tanto-mini-katana-one-piece","9":"first","10":"instock","11":"taxable","12":"shipping-taxable","13":"purchasable","14":"product-type-simple"},"yoast_head":"<!-- This site is optimized with the Yoast SEO plugin v27.4 - https:\/\/yoast.com\/product\/yoast-seo-wordpress\/ -->\n<title>Mini Katana Enma violet - R\u00e9plique Manga Cin\u00e9<\/title>\n<meta name=\"description\" content=\"Mini katana Enma violet One Piece, lame acier et fourreau d\u00e9cor\u00e9. Une r\u00e9plique raffin\u00e9e inspir\u00e9e du sabre l\u00e9gendaire de Roronoa Zoro.\" \/>\n<meta name=\"robots\" content=\"index, follow, max-snippet:-1, max-image-preview:large, max-video-preview:-1\" \/>\n<link rel=\"canonical\" href=\"https:\/\/repliquemangacine.fr\/it\/tanto-mini-katana-one-piece\/mini-katana-enma-viola\/\" \/>\n<meta property=\"og:locale\" content=\"it_IT\" \/>\n<meta property=\"og:type\" content=\"article\" \/>\n<meta property=\"og:title\" content=\"Mini Katana Enma violet - R\u00e9plique Manga Cin\u00e9\" \/>\n<meta property=\"og:description\" content=\"Mini katana Enma violet One Piece, lame acier et fourreau d\u00e9cor\u00e9. Une r\u00e9plique raffin\u00e9e inspir\u00e9e du sabre l\u00e9gendaire de Roronoa Zoro.\" \/>\n<meta property=\"og:url\" content=\"https:\/\/repliquemangacine.fr\/it\/tanto-mini-katana-one-piece\/mini-katana-enma-viola\/\" \/>\n<meta property=\"og:site_name\" content=\"R\u00e9plique Manga Cin\u00e9\" \/>\n<meta property=\"article:publisher\" content=\"https:\/\/www.facebook.com\/RepliqueMangaCine\" \/>\n<meta property=\"article:modified_time\" content=\"2026-02-28T15:45:43+00:00\" \/>\n<meta property=\"og:image\" content=\"https:\/\/repliquemangacine.fr\/wp-content\/uploads\/2025\/11\/Mini-Katana-Enma-Violet.jpg\" \/>\n\t<meta property=\"og:image:width\" content=\"600\" \/>\n\t<meta property=\"og:image:height\" content=\"600\" \/>\n\t<meta property=\"og:image:type\" content=\"image\/jpeg\" \/>\n<meta name=\"twitter:card\" content=\"summary_large_image\" \/>\n<meta name=\"twitter:label1\" content=\"Tempo di lettura stimato\" \/>\n\t<meta name=\"twitter:data1\" content=\"2 minuti\" \/>\n<script type=\"application\/ld+json\" class=\"yoast-schema-graph\">{\"@context\":\"https:\\\/\\\/schema.org\",\"@graph\":[{\"@type\":\"WebPage\",\"@id\":\"https:\\\/\\\/repliquemangacine.fr\\\/tanto-mini-katana-one-piece\\\/mini-katana-enma-violet\\\/\",\"url\":\"https:\\\/\\\/repliquemangacine.fr\\\/tanto-mini-katana-one-piece\\\/mini-katana-enma-violet\\\/\",\"name\":\"Mini Katana Enma violet - R\u00e9plique Manga Cin\u00e9\",\"isPartOf\":{\"@id\":\"https:\\\/\\\/repliquemangacine.fr\\\/#website\"},\"primaryImageOfPage\":{\"@id\":\"https:\\\/\\\/repliquemangacine.fr\\\/tanto-mini-katana-one-piece\\\/mini-katana-enma-violet\\\/#primaryimage\"},\"image\":{\"@id\":\"https:\\\/\\\/repliquemangacine.fr\\\/tanto-mini-katana-one-piece\\\/mini-katana-enma-violet\\\/#primaryimage\"},\"thumbnailUrl\":\"https:\\\/\\\/repliquemangacine.fr\\\/wp-content\\\/uploads\\\/2025\\\/11\\\/Mini-Katana-Enma-Violet.jpg\",\"datePublished\":\"2025-11-15T18:22:48+00:00\",\"dateModified\":\"2026-02-28T15:45:43+00:00\",\"description\":\"Mini katana Enma violet One Piece, lame acier et fourreau d\u00e9cor\u00e9. Une r\u00e9plique raffin\u00e9e inspir\u00e9e du sabre l\u00e9gendaire de Roronoa Zoro.\",\"breadcrumb\":{\"@id\":\"https:\\\/\\\/repliquemangacine.fr\\\/tanto-mini-katana-one-piece\\\/mini-katana-enma-violet\\\/#breadcrumb\"},\"inLanguage\":\"it-IT\",\"potentialAction\":[{\"@type\":\"ReadAction\",\"target\":[\"https:\\\/\\\/repliquemangacine.fr\\\/tanto-mini-katana-one-piece\\\/mini-katana-enma-violet\\\/\"]}]},{\"@type\":\"ImageObject\",\"inLanguage\":\"it-IT\",\"@id\":\"https:\\\/\\\/repliquemangacine.fr\\\/tanto-mini-katana-one-piece\\\/mini-katana-enma-violet\\\/#primaryimage\",\"url\":\"https:\\\/\\\/repliquemangacine.fr\\\/wp-content\\\/uploads\\\/2025\\\/11\\\/Mini-Katana-Enma-Violet.jpg\",\"contentUrl\":\"https:\\\/\\\/repliquemangacine.fr\\\/wp-content\\\/uploads\\\/2025\\\/11\\\/Mini-Katana-Enma-Violet.jpg\",\"width\":600,\"height\":600,\"caption\":\"Mini Katana Enma Violet One Piece\"},{\"@type\":\"BreadcrumbList\",\"@id\":\"https:\\\/\\\/repliquemangacine.fr\\\/tanto-mini-katana-one-piece\\\/mini-katana-enma-violet\\\/#breadcrumb\",\"itemListElement\":[{\"@type\":\"ListItem\",\"position\":1,\"name\":\"Accueil\",\"item\":\"https:\\\/\\\/repliquemangacine.fr\\\/\"},{\"@type\":\"ListItem\",\"position\":2,\"name\":\"Produits\",\"item\":\"https:\\\/\\\/repliquemangacine.fr\\\/boutique\\\/\"},{\"@type\":\"ListItem\",\"position\":3,\"name\":\"Mini Katana Enma violet\"}]},{\"@type\":\"WebSite\",\"@id\":\"https:\\\/\\\/repliquemangacine.fr\\\/#website\",\"url\":\"https:\\\/\\\/repliquemangacine.fr\\\/\",\"name\":\"R\u00e9plique Manga Cin\u00e9\",\"description\":\"\",\"publisher\":{\"@id\":\"https:\\\/\\\/repliquemangacine.fr\\\/#organization\"},\"potentialAction\":[{\"@type\":\"SearchAction\",\"target\":{\"@type\":\"EntryPoint\",\"urlTemplate\":\"https:\\\/\\\/repliquemangacine.fr\\\/?s={search_term_string}\"},\"query-input\":{\"@type\":\"PropertyValueSpecification\",\"valueRequired\":true,\"valueName\":\"search_term_string\"}}],\"inLanguage\":\"it-IT\"},{\"@type\":\"Organization\",\"@id\":\"https:\\\/\\\/repliquemangacine.fr\\\/#organization\",\"name\":\"R\u00e9plique Manga Cin\u00e9\",\"url\":\"https:\\\/\\\/repliquemangacine.fr\\\/\",\"logo\":{\"@type\":\"ImageObject\",\"inLanguage\":\"it-IT\",\"@id\":\"https:\\\/\\\/repliquemangacine.fr\\\/#\\\/schema\\\/logo\\\/image\\\/\",\"url\":\"https:\\\/\\\/repliquemangacine.fr\\\/wp-content\\\/uploads\\\/2023\\\/10\\\/RMC-500250.png\",\"contentUrl\":\"https:\\\/\\\/repliquemangacine.fr\\\/wp-content\\\/uploads\\\/2023\\\/10\\\/RMC-500250.png\",\"width\":500,\"height\":250,\"caption\":\"R\u00e9plique Manga Cin\u00e9\"},\"image\":{\"@id\":\"https:\\\/\\\/repliquemangacine.fr\\\/#\\\/schema\\\/logo\\\/image\\\/\"},\"sameAs\":[\"https:\\\/\\\/www.facebook.com\\\/RepliqueMangaCine\",\"https:\\\/\\\/www.instagram.com\\\/repliquemangacine.fr\\\/\"]}]}<\/script>\n<!-- \/ Yoast SEO plugin. -->","yoast_head_json":{"title":"Mini Katana Enma viola - R\u00e9plique Manga Cin\u00e9","description":"Mini katana Enma viola di One Piece, lama in acciaio e fodero decorato. Una raffinata replica ispirata alla leggendaria spada di Roronoa Zoro.","robots":{"index":"index","follow":"follow","max-snippet":"max-snippet:-1","max-image-preview":"max-image-preview:large","max-video-preview":"max-video-preview:-1"},"canonical":"https:\/\/repliquemangacine.fr\/it\/tanto-mini-katana-one-piece\/mini-katana-enma-viola\/","og_locale":"it_IT","og_type":"article","og_title":"Mini Katana Enma violet - R\u00e9plique Manga Cin\u00e9","og_description":"Mini katana Enma violet One Piece, lame acier et fourreau d\u00e9cor\u00e9. Une r\u00e9plique raffin\u00e9e inspir\u00e9e du sabre l\u00e9gendaire de Roronoa Zoro.","og_url":"https:\/\/repliquemangacine.fr\/it\/tanto-mini-katana-one-piece\/mini-katana-enma-viola\/","og_site_name":"R\u00e9plique Manga Cin\u00e9","article_publisher":"https:\/\/www.facebook.com\/RepliqueMangaCine","article_modified_time":"2026-02-28T15:45:43+00:00","og_image":[{"width":600,"height":600,"url":"https:\/\/repliquemangacine.fr\/wp-content\/uploads\/2025\/11\/Mini-Katana-Enma-Violet.jpg","type":"image\/jpeg"}],"twitter_card":"summary_large_image","twitter_misc":{"Tempo di lettura stimato":"2 minuti"},"schema":{"@context":"https:\/\/schema.org","@graph":[{"@type":"WebPage","@id":"https:\/\/repliquemangacine.fr\/tanto-mini-katana-one-piece\/mini-katana-enma-violet\/","url":"https:\/\/repliquemangacine.fr\/tanto-mini-katana-one-piece\/mini-katana-enma-violet\/","name":"Mini Katana Enma viola - R\u00e9plique Manga Cin\u00e9","isPartOf":{"@id":"https:\/\/repliquemangacine.fr\/#website"},"primaryImageOfPage":{"@id":"https:\/\/repliquemangacine.fr\/tanto-mini-katana-one-piece\/mini-katana-enma-violet\/#primaryimage"},"image":{"@id":"https:\/\/repliquemangacine.fr\/tanto-mini-katana-one-piece\/mini-katana-enma-violet\/#primaryimage"},"thumbnailUrl":"https:\/\/repliquemangacine.fr\/wp-content\/uploads\/2025\/11\/Mini-Katana-Enma-Violet.jpg","datePublished":"2025-11-15T18:22:48+00:00","dateModified":"2026-02-28T15:45:43+00:00","description":"Mini katana Enma viola di One Piece, lama in acciaio e fodero decorato. Una raffinata replica ispirata alla leggendaria spada di Roronoa Zoro.","breadcrumb":{"@id":"https:\/\/repliquemangacine.fr\/tanto-mini-katana-one-piece\/mini-katana-enma-violet\/#breadcrumb"},"inLanguage":"it-IT","potentialAction":[{"@type":"ReadAction","target":["https:\/\/repliquemangacine.fr\/tanto-mini-katana-one-piece\/mini-katana-enma-violet\/"]}]},{"@type":"ImageObject","inLanguage":"it-IT","@id":"https:\/\/repliquemangacine.fr\/tanto-mini-katana-one-piece\/mini-katana-enma-violet\/#primaryimage","url":"https:\/\/repliquemangacine.fr\/wp-content\/uploads\/2025\/11\/Mini-Katana-Enma-Violet.jpg","contentUrl":"https:\/\/repliquemangacine.fr\/wp-content\/uploads\/2025\/11\/Mini-Katana-Enma-Violet.jpg","width":600,"height":600,"caption":"Mini Katana Enma Violet One Piece"},{"@type":"BreadcrumbList","@id":"https:\/\/repliquemangacine.fr\/tanto-mini-katana-one-piece\/mini-katana-enma-violet\/#breadcrumb","itemListElement":[{"@type":"ListItem","position":1,"name":"Accueil","item":"https:\/\/repliquemangacine.fr\/"},{"@type":"ListItem","position":2,"name":"Produits","item":"https:\/\/repliquemangacine.fr\/boutique\/"},{"@type":"ListItem","position":3,"name":"Mini Katana Enma violet"}]},{"@type":"WebSite","@id":"https:\/\/repliquemangacine.fr\/#website","url":"https:\/\/repliquemangacine.fr\/","name":"R\u00e9plique Manga Cin\u00e9","description":"","publisher":{"@id":"https:\/\/repliquemangacine.fr\/#organization"},"potentialAction":[{"@type":"SearchAction","target":{"@type":"EntryPoint","urlTemplate":"https:\/\/repliquemangacine.fr\/?s={search_term_string}"},"query-input":{"@type":"PropertyValueSpecification","valueRequired":true,"valueName":"search_term_string"}}],"inLanguage":"it-IT"},{"@type":"Organization","@id":"https:\/\/repliquemangacine.fr\/#organization","name":"R\u00e9plique Manga Cin\u00e9","url":"https:\/\/repliquemangacine.fr\/","logo":{"@type":"ImageObject","inLanguage":"it-IT","@id":"https:\/\/repliquemangacine.fr\/#\/schema\/logo\/image\/","url":"https:\/\/repliquemangacine.fr\/wp-content\/uploads\/2023\/10\/RMC-500250.png","contentUrl":"https:\/\/repliquemangacine.fr\/wp-content\/uploads\/2023\/10\/RMC-500250.png","width":500,"height":250,"caption":"R\u00e9plique Manga Cin\u00e9"},"image":{"@id":"https:\/\/repliquemangacine.fr\/#\/schema\/logo\/image\/"},"sameAs":["https:\/\/www.facebook.com\/RepliqueMangaCine","https:\/\/www.instagram.com\/repliquemangacine.fr\/"]}]}},"_links":{"self":[{"href":"https:\/\/repliquemangacine.fr\/it\/wp-json\/wp\/v2\/product\/90673","targetHints":{"allow":["GET"]}}],"collection":[{"href":"https:\/\/repliquemangacine.fr\/it\/wp-json\/wp\/v2\/product"}],"about":[{"href":"https:\/\/repliquemangacine.fr\/it\/wp-json\/wp\/v2\/types\/product"}],"wp:featuredmedia":[{"embeddable":true,"href":"https:\/\/repliquemangacine.fr\/it\/wp-json\/wp\/v2\/media\/90674"}],"wp:attachment":[{"href":"https:\/\/repliquemangacine.fr\/it\/wp-json\/wp\/v2\/media?parent=90673"}],"wp:term":[{"taxonomy":"product_brand","embeddable":true,"href":"https:\/\/repliquemangacine.fr\/it\/wp-json\/wp\/v2\/product_brand?post=90673"},{"taxonomy":"product_cat","embeddable":true,"href":"https:\/\/repliquemangacine.fr\/it\/wp-json\/wp\/v2\/product_cat?post=90673"},{"taxonomy":"product_tag","embeddable":true,"href":"https:\/\/repliquemangacine.fr\/it\/wp-json\/wp\/v2\/product_tag?post=90673"}],"curies":[{"name":"wp","href":"https:\/\/api.w.org\/{rel}","templated":true}]}}