





{"id":90620,"date":"2025-11-14T15:00:12","date_gmt":"2025-11-14T14:00:12","guid":{"rendered":"https:\/\/repliquemangacine.fr\/?post_type=product&#038;p=90620"},"modified":"2026-02-19T11:39:49","modified_gmt":"2026-02-19T10:39:49","slug":"la-lunga-spada-del-re-demone-sung-jin-woo","status":"publish","type":"product","link":"https:\/\/repliquemangacine.fr\/it\/solo-leveling\/epee-longue-du-roi-demon-sung-jin-woo\/","title":{"rendered":"La lunga spada del Re Demone - Sung Jin-Woo"},"content":{"rendered":"<h2>Un'impressionante replica della Spada del Re Demone<\/h2>\n<p>Prima di tutto, questo <strong>Spada lunga del Re Demone<\/strong>, Solo Leveling, ha una presenza notevole. La sua lama in acciaio viola, decorata con motivi oscuri, richiama l'aura minacciosa dell'arma originale. La guardia in acciaio massiccio, scolpita in forme aggressive, rafforza il suo stile demoniaco. Il pomo in metallo, tagliato a punta, aggiunge una finitura perfetta. L'impugnatura in metallo, circondata da un cinturino in cotone, assicura una presa stabile. La spada viene fornita con un supporto da parete in legno, ideale per un'esposizione degna dei pi\u00f9 grandi cacciatori. In conclusione, questa replica trasmette tutta la potenza visiva del Re Demone.<\/p>\n<h2>Sung Jin-Woo, un cacciatore diventato sovrano dell'ombra<\/h2>\n<p><a href=\"https:\/\/solo-leveling.fandom.com\/wiki\/Sung_Jinwoo\" target=\"_blank\" rel=\"noopener noreferrer\">Sung Jin-Woo<\/a> inizia la sua storia come un semplice e debole cacciatore. Ma il suo destino cambia quando ottiene un potere unico. Si evolve a una velocit\u00e0 incredibile. Ogni battaglia lo avvicina alla sua vera natura. Il suo stile si basa su una straordinaria tenacia. La sua padronanza delle armi aumenta man mano che sale di livello. Diventa una figura mitica. Le sue lame riflettono la sua ascesa al potere. Esse illustrano anche il suo legame con le Ombre. Sung Jin-Woo incarna la determinazione assoluta in un mondo pericoloso. La sua progressione rimane una delle pi\u00f9 sorprendenti nei manhwa.<\/p>\n<h2>Scopri le altre armi iconiche di Solo Leveling su R\u00e9plique Manga Cin\u00e9<\/h2>\n<p>\u00c8 possibile aggiungere alla propria collezione diverse repliche di Solo Leveling. Troverete il sublime <a href=\"https:\/\/repliquemangacine.fr\/it\/livellamento-in-solitaria\/pugnale-occhio-del-re-demone-livellamento-in-solitaria\/\">Pugnale Occhio del Re Demone<\/a>, un'arma affilata dallo stile misterioso. C'\u00e8 anche il <a href=\"https:\/\/repliquemangacine.fr\/it\/livellamento-in-solitaria\/livellamento-in-solitaria-di-dague-knight-killer\/\">Pugnale Knight Killer<\/a>, Il nuovo emblematico film di Sung Jin-Woo, vero e proprio simbolo della sua ascesa al potere. Scoprirete anche il <a href=\"https:\/\/repliquemangacine.fr\/it\/livellamento-in-solitaria\/livellamento-in-solitaria-della-zanna-del-veleno-di-kasakas\/\">Pugnale con zanna velenosa di Kasaka<\/a>, Il Venomous Croc di Kasaka, rinomato per il suo temibile design. Ogni pezzo aggiunge un tocco oscuro ed elegante a una collezione dedicata ai manhwa. Inoltre, ricreano l'evoluzione dell'eroe attraverso le sue armi pi\u00f9 famose.<\/p>","protected":false},"excerpt":{"rendered":"<p>Sfrutta il potere del Re Demone con una lama viola scura come l'ombra di Sung Jin-Woo.<\/p>\n<ul>\n<li>Lama in acciaio viola con sfumature nere<\/li>\n<li>Maniglia e pomolo in acciaio massiccio appositamente sagomato<\/li>\n<li>Manico in metallo circondato da un cinturino in cotone marrone per una buona presa<\/li>\n<li>Fornito con piastra da parete in legno<\/li>\n<li>Lunghezza lama: 80 cm - Lunghezza totale: 108,5 cm<\/li>\n<li>Peso: 1650 g<\/li>\n<\/ul>","protected":false},"featured_media":90624,"template":"","meta":[],"product_brand":[],"product_cat":[895],"product_tag":[],"class_list":{"0":"post-90620","1":"product","2":"type-product","3":"status-publish","4":"has-post-thumbnail","6":"product_cat-solo-leveling","8":"first","9":"instock","10":"taxable","11":"shipping-taxable","12":"purchasable","13":"product-type-simple"},"yoast_head":"<!-- This site is optimized with the Yoast SEO plugin v27.4 - https:\/\/yoast.com\/product\/yoast-seo-wordpress\/ -->\n<title>\u00c9p\u00e9e Longue du Roi D\u00e9mon - Sung Jin-Woo - Solo Leveling - RMC<\/title>\n<meta name=\"description\" content=\"\u00c9p\u00e9e Longue du Roi D\u00e9mon de Solo Leveling, lame violette acier et garde sculpt\u00e9e. Une r\u00e9plique puissante pour tout fan de Sung Jin-Woo.\" \/>\n<meta name=\"robots\" content=\"index, follow, max-snippet:-1, max-image-preview:large, max-video-preview:-1\" \/>\n<link rel=\"canonical\" href=\"https:\/\/repliquemangacine.fr\/it\/livellamento-in-solitaria\/la-lunga-spada-del-re-demone-sung-jin-woo\/\" \/>\n<meta property=\"og:locale\" content=\"it_IT\" \/>\n<meta property=\"og:type\" content=\"article\" \/>\n<meta property=\"og:title\" content=\"\u00c9p\u00e9e Longue du Roi D\u00e9mon - Sung Jin-Woo - Solo Leveling - RMC\" \/>\n<meta property=\"og:description\" content=\"\u00c9p\u00e9e Longue du Roi D\u00e9mon de Solo Leveling, lame violette acier et garde sculpt\u00e9e. Une r\u00e9plique puissante pour tout fan de Sung Jin-Woo.\" \/>\n<meta property=\"og:url\" content=\"https:\/\/repliquemangacine.fr\/it\/livellamento-in-solitaria\/la-lunga-spada-del-re-demone-sung-jin-woo\/\" \/>\n<meta property=\"og:site_name\" content=\"R\u00e9plique Manga Cin\u00e9\" \/>\n<meta property=\"article:publisher\" content=\"https:\/\/www.facebook.com\/RepliqueMangaCine\" \/>\n<meta property=\"article:modified_time\" content=\"2026-02-19T10:39:49+00:00\" \/>\n<meta property=\"og:image\" content=\"https:\/\/repliquemangacine.fr\/wp-content\/uploads\/2025\/11\/Epee-Roi-Demon-Sung-Jin-Woo.jpg\" \/>\n\t<meta property=\"og:image:width\" content=\"700\" \/>\n\t<meta property=\"og:image:height\" content=\"700\" \/>\n\t<meta property=\"og:image:type\" content=\"image\/jpeg\" \/>\n<meta name=\"twitter:card\" content=\"summary_large_image\" \/>\n<meta name=\"twitter:label1\" content=\"Tempo di lettura stimato\" \/>\n\t<meta name=\"twitter:data1\" content=\"2 minuti\" \/>\n<script type=\"application\/ld+json\" class=\"yoast-schema-graph\">{\"@context\":\"https:\\\/\\\/schema.org\",\"@graph\":[{\"@type\":\"WebPage\",\"@id\":\"https:\\\/\\\/repliquemangacine.fr\\\/solo-leveling\\\/epee-longue-du-roi-demon-sung-jin-woo\\\/\",\"url\":\"https:\\\/\\\/repliquemangacine.fr\\\/solo-leveling\\\/epee-longue-du-roi-demon-sung-jin-woo\\\/\",\"name\":\"\u00c9p\u00e9e Longue du Roi D\u00e9mon - Sung Jin-Woo - Solo Leveling - RMC\",\"isPartOf\":{\"@id\":\"https:\\\/\\\/repliquemangacine.fr\\\/#website\"},\"primaryImageOfPage\":{\"@id\":\"https:\\\/\\\/repliquemangacine.fr\\\/solo-leveling\\\/epee-longue-du-roi-demon-sung-jin-woo\\\/#primaryimage\"},\"image\":{\"@id\":\"https:\\\/\\\/repliquemangacine.fr\\\/solo-leveling\\\/epee-longue-du-roi-demon-sung-jin-woo\\\/#primaryimage\"},\"thumbnailUrl\":\"https:\\\/\\\/repliquemangacine.fr\\\/wp-content\\\/uploads\\\/2025\\\/11\\\/Epee-Roi-Demon-Sung-Jin-Woo.jpg\",\"datePublished\":\"2025-11-14T14:00:12+00:00\",\"dateModified\":\"2026-02-19T10:39:49+00:00\",\"description\":\"\u00c9p\u00e9e Longue du Roi D\u00e9mon de Solo Leveling, lame violette acier et garde sculpt\u00e9e. Une r\u00e9plique puissante pour tout fan de Sung Jin-Woo.\",\"breadcrumb\":{\"@id\":\"https:\\\/\\\/repliquemangacine.fr\\\/solo-leveling\\\/epee-longue-du-roi-demon-sung-jin-woo\\\/#breadcrumb\"},\"inLanguage\":\"it-IT\",\"potentialAction\":[{\"@type\":\"ReadAction\",\"target\":[\"https:\\\/\\\/repliquemangacine.fr\\\/solo-leveling\\\/epee-longue-du-roi-demon-sung-jin-woo\\\/\"]}]},{\"@type\":\"ImageObject\",\"inLanguage\":\"it-IT\",\"@id\":\"https:\\\/\\\/repliquemangacine.fr\\\/solo-leveling\\\/epee-longue-du-roi-demon-sung-jin-woo\\\/#primaryimage\",\"url\":\"https:\\\/\\\/repliquemangacine.fr\\\/wp-content\\\/uploads\\\/2025\\\/11\\\/Epee-Roi-Demon-Sung-Jin-Woo.jpg\",\"contentUrl\":\"https:\\\/\\\/repliquemangacine.fr\\\/wp-content\\\/uploads\\\/2025\\\/11\\\/Epee-Roi-Demon-Sung-Jin-Woo.jpg\",\"width\":700,\"height\":700,\"caption\":\"\u00c9p\u00e9e Longue du Roi D\u00e9mon solo leveling\"},{\"@type\":\"BreadcrumbList\",\"@id\":\"https:\\\/\\\/repliquemangacine.fr\\\/solo-leveling\\\/epee-longue-du-roi-demon-sung-jin-woo\\\/#breadcrumb\",\"itemListElement\":[{\"@type\":\"ListItem\",\"position\":1,\"name\":\"Accueil\",\"item\":\"https:\\\/\\\/repliquemangacine.fr\\\/\"},{\"@type\":\"ListItem\",\"position\":2,\"name\":\"Produits\",\"item\":\"https:\\\/\\\/repliquemangacine.fr\\\/boutique\\\/\"},{\"@type\":\"ListItem\",\"position\":3,\"name\":\"\u00c9p\u00e9e Longue du Roi D\u00e9mon &#8211; Sung Jin-Woo\"}]},{\"@type\":\"WebSite\",\"@id\":\"https:\\\/\\\/repliquemangacine.fr\\\/#website\",\"url\":\"https:\\\/\\\/repliquemangacine.fr\\\/\",\"name\":\"R\u00e9plique Manga Cin\u00e9\",\"description\":\"\",\"publisher\":{\"@id\":\"https:\\\/\\\/repliquemangacine.fr\\\/#organization\"},\"potentialAction\":[{\"@type\":\"SearchAction\",\"target\":{\"@type\":\"EntryPoint\",\"urlTemplate\":\"https:\\\/\\\/repliquemangacine.fr\\\/?s={search_term_string}\"},\"query-input\":{\"@type\":\"PropertyValueSpecification\",\"valueRequired\":true,\"valueName\":\"search_term_string\"}}],\"inLanguage\":\"it-IT\"},{\"@type\":\"Organization\",\"@id\":\"https:\\\/\\\/repliquemangacine.fr\\\/#organization\",\"name\":\"R\u00e9plique Manga Cin\u00e9\",\"url\":\"https:\\\/\\\/repliquemangacine.fr\\\/\",\"logo\":{\"@type\":\"ImageObject\",\"inLanguage\":\"it-IT\",\"@id\":\"https:\\\/\\\/repliquemangacine.fr\\\/#\\\/schema\\\/logo\\\/image\\\/\",\"url\":\"https:\\\/\\\/repliquemangacine.fr\\\/wp-content\\\/uploads\\\/2023\\\/10\\\/RMC-500250.png\",\"contentUrl\":\"https:\\\/\\\/repliquemangacine.fr\\\/wp-content\\\/uploads\\\/2023\\\/10\\\/RMC-500250.png\",\"width\":500,\"height\":250,\"caption\":\"R\u00e9plique Manga Cin\u00e9\"},\"image\":{\"@id\":\"https:\\\/\\\/repliquemangacine.fr\\\/#\\\/schema\\\/logo\\\/image\\\/\"},\"sameAs\":[\"https:\\\/\\\/www.facebook.com\\\/RepliqueMangaCine\",\"https:\\\/\\\/www.instagram.com\\\/repliquemangacine.fr\\\/\"]}]}<\/script>\n<!-- \/ Yoast SEO plugin. -->","yoast_head_json":{"title":"Spada del Re Demone - Sung Jin-Woo - Livellamento in solitario - RMC","description":"Spada lunga del Re Demone, lama in acciaio viola ed elsa scolpita. Una replica potente per ogni fan di Sung Jin-Woo.","robots":{"index":"index","follow":"follow","max-snippet":"max-snippet:-1","max-image-preview":"max-image-preview:large","max-video-preview":"max-video-preview:-1"},"canonical":"https:\/\/repliquemangacine.fr\/it\/livellamento-in-solitaria\/la-lunga-spada-del-re-demone-sung-jin-woo\/","og_locale":"it_IT","og_type":"article","og_title":"\u00c9p\u00e9e Longue du Roi D\u00e9mon - Sung Jin-Woo - Solo Leveling - RMC","og_description":"\u00c9p\u00e9e Longue du Roi D\u00e9mon de Solo Leveling, lame violette acier et garde sculpt\u00e9e. Une r\u00e9plique puissante pour tout fan de Sung Jin-Woo.","og_url":"https:\/\/repliquemangacine.fr\/it\/livellamento-in-solitaria\/la-lunga-spada-del-re-demone-sung-jin-woo\/","og_site_name":"R\u00e9plique Manga Cin\u00e9","article_publisher":"https:\/\/www.facebook.com\/RepliqueMangaCine","article_modified_time":"2026-02-19T10:39:49+00:00","og_image":[{"width":700,"height":700,"url":"https:\/\/repliquemangacine.fr\/wp-content\/uploads\/2025\/11\/Epee-Roi-Demon-Sung-Jin-Woo.jpg","type":"image\/jpeg"}],"twitter_card":"summary_large_image","twitter_misc":{"Tempo di lettura stimato":"2 minuti"},"schema":{"@context":"https:\/\/schema.org","@graph":[{"@type":"WebPage","@id":"https:\/\/repliquemangacine.fr\/solo-leveling\/epee-longue-du-roi-demon-sung-jin-woo\/","url":"https:\/\/repliquemangacine.fr\/solo-leveling\/epee-longue-du-roi-demon-sung-jin-woo\/","name":"Spada del Re Demone - Sung Jin-Woo - Livellamento in solitario - RMC","isPartOf":{"@id":"https:\/\/repliquemangacine.fr\/#website"},"primaryImageOfPage":{"@id":"https:\/\/repliquemangacine.fr\/solo-leveling\/epee-longue-du-roi-demon-sung-jin-woo\/#primaryimage"},"image":{"@id":"https:\/\/repliquemangacine.fr\/solo-leveling\/epee-longue-du-roi-demon-sung-jin-woo\/#primaryimage"},"thumbnailUrl":"https:\/\/repliquemangacine.fr\/wp-content\/uploads\/2025\/11\/Epee-Roi-Demon-Sung-Jin-Woo.jpg","datePublished":"2025-11-14T14:00:12+00:00","dateModified":"2026-02-19T10:39:49+00:00","description":"Spada lunga del Re Demone, lama in acciaio viola ed elsa scolpita. Una replica potente per ogni fan di Sung Jin-Woo.","breadcrumb":{"@id":"https:\/\/repliquemangacine.fr\/solo-leveling\/epee-longue-du-roi-demon-sung-jin-woo\/#breadcrumb"},"inLanguage":"it-IT","potentialAction":[{"@type":"ReadAction","target":["https:\/\/repliquemangacine.fr\/solo-leveling\/epee-longue-du-roi-demon-sung-jin-woo\/"]}]},{"@type":"ImageObject","inLanguage":"it-IT","@id":"https:\/\/repliquemangacine.fr\/solo-leveling\/epee-longue-du-roi-demon-sung-jin-woo\/#primaryimage","url":"https:\/\/repliquemangacine.fr\/wp-content\/uploads\/2025\/11\/Epee-Roi-Demon-Sung-Jin-Woo.jpg","contentUrl":"https:\/\/repliquemangacine.fr\/wp-content\/uploads\/2025\/11\/Epee-Roi-Demon-Sung-Jin-Woo.jpg","width":700,"height":700,"caption":"\u00c9p\u00e9e Longue du Roi D\u00e9mon solo leveling"},{"@type":"BreadcrumbList","@id":"https:\/\/repliquemangacine.fr\/solo-leveling\/epee-longue-du-roi-demon-sung-jin-woo\/#breadcrumb","itemListElement":[{"@type":"ListItem","position":1,"name":"Accueil","item":"https:\/\/repliquemangacine.fr\/"},{"@type":"ListItem","position":2,"name":"Produits","item":"https:\/\/repliquemangacine.fr\/boutique\/"},{"@type":"ListItem","position":3,"name":"\u00c9p\u00e9e Longue du Roi D\u00e9mon &#8211; Sung Jin-Woo"}]},{"@type":"WebSite","@id":"https:\/\/repliquemangacine.fr\/#website","url":"https:\/\/repliquemangacine.fr\/","name":"R\u00e9plique Manga Cin\u00e9","description":"","publisher":{"@id":"https:\/\/repliquemangacine.fr\/#organization"},"potentialAction":[{"@type":"SearchAction","target":{"@type":"EntryPoint","urlTemplate":"https:\/\/repliquemangacine.fr\/?s={search_term_string}"},"query-input":{"@type":"PropertyValueSpecification","valueRequired":true,"valueName":"search_term_string"}}],"inLanguage":"it-IT"},{"@type":"Organization","@id":"https:\/\/repliquemangacine.fr\/#organization","name":"R\u00e9plique Manga Cin\u00e9","url":"https:\/\/repliquemangacine.fr\/","logo":{"@type":"ImageObject","inLanguage":"it-IT","@id":"https:\/\/repliquemangacine.fr\/#\/schema\/logo\/image\/","url":"https:\/\/repliquemangacine.fr\/wp-content\/uploads\/2023\/10\/RMC-500250.png","contentUrl":"https:\/\/repliquemangacine.fr\/wp-content\/uploads\/2023\/10\/RMC-500250.png","width":500,"height":250,"caption":"R\u00e9plique Manga Cin\u00e9"},"image":{"@id":"https:\/\/repliquemangacine.fr\/#\/schema\/logo\/image\/"},"sameAs":["https:\/\/www.facebook.com\/RepliqueMangaCine","https:\/\/www.instagram.com\/repliquemangacine.fr\/"]}]}},"_links":{"self":[{"href":"https:\/\/repliquemangacine.fr\/it\/wp-json\/wp\/v2\/product\/90620","targetHints":{"allow":["GET"]}}],"collection":[{"href":"https:\/\/repliquemangacine.fr\/it\/wp-json\/wp\/v2\/product"}],"about":[{"href":"https:\/\/repliquemangacine.fr\/it\/wp-json\/wp\/v2\/types\/product"}],"wp:featuredmedia":[{"embeddable":true,"href":"https:\/\/repliquemangacine.fr\/it\/wp-json\/wp\/v2\/media\/90624"}],"wp:attachment":[{"href":"https:\/\/repliquemangacine.fr\/it\/wp-json\/wp\/v2\/media?parent=90620"}],"wp:term":[{"taxonomy":"product_brand","embeddable":true,"href":"https:\/\/repliquemangacine.fr\/it\/wp-json\/wp\/v2\/product_brand?post=90620"},{"taxonomy":"product_cat","embeddable":true,"href":"https:\/\/repliquemangacine.fr\/it\/wp-json\/wp\/v2\/product_cat?post=90620"},{"taxonomy":"product_tag","embeddable":true,"href":"https:\/\/repliquemangacine.fr\/it\/wp-json\/wp\/v2\/product_tag?post=90620"}],"curies":[{"name":"wp","href":"https:\/\/api.w.org\/{rel}","templated":true}]}}