





{"id":90591,"date":"2025-11-14T11:32:43","date_gmt":"2025-11-14T10:32:43","guid":{"rendered":"https:\/\/repliquemangacine.fr\/?post_type=product&#038;p=90591"},"modified":"2025-11-14T11:32:43","modified_gmt":"2025-11-14T10:32:43","slug":"spada-alita-battle-angel-lama-in-damasco","status":"publish","type":"product","link":"https:\/\/repliquemangacine.fr\/it\/repliques-d-armes-films-et-series\/epee-alita-battle-angel-damascus-blade\/","title":{"rendered":"Alita Battle Angel Spada a lama di Damasco"},"content":{"rendered":"<h2>La spada di Alita Battle Angel: una replica futuristica<\/h2>\n<p>Questo <strong>Spada di Alita Battle Angel<\/strong> Damascus Blade continua l'estetica tagliente del film. La sua lama ricurva presenta motivi futuristici in stile Damasco, che ricordano i circuiti cibernetici dell'eroina. Questa riproduzione offre una finitura meticolosa che rispetta lo spirito visivo del film. \u00c8 comoda da impugnare grazie all'impugnatura ergonomica nera, progettata per una presa stabile. Quest'arma simboleggia la rinascita di Alita e la sua lotta interiore. Illustra inoltre la fusione tra tecnologia avanzata e istinto guerriero. Grazie a questo modello decorativo, i collezionisti possono riscoprire l'intensit\u00e0 del film. La spada diventa un'attrazione immediata. \u00c8 il complemento perfetto per uno spazio dedicato alle opere di <a href=\"https:\/\/fr.wikipedia.org\/wiki\/Science-fiction\" target=\"_blank\" rel=\"noopener noreferrer\">fantascienza<\/a>.<\/p>\n<h2>L'importanza della lama nel viaggio di Alita<\/h2>\n<p>Nella sua storia, Alita scopre la sua identit\u00e0 attraverso il combattimento. La sua lama diventa un'estensione della sua volont\u00e0. La usa per difendere coloro che ama, nonostante le continue minacce. La sua ricerca mostra un'eroina in ricostruzione, alla ricerca del suo posto in un mondo distrutto. La lama simboleggia anche la sua memoria dimenticata. Innesca i ricordi perduti. Con il progredire dell'avventura, il suo stile di combattimento si evolve. Diventa pi\u00f9 consapevole del suo potere. Il suo rapporto con l'arma riflette il suo passaggio da giovane guerriera a combattente esperta. Ogni movimento esprime una precisione quasi istintiva. Questa evoluzione d\u00e0 vita a un personaggio indimenticabile.<\/p>\n<h2>Scoprite altre repliche iconiche su R\u00e9plique Manga Cin\u00e9<\/h2>\n<p>\u00c8 inoltre possibile aggiungere altri pezzi di grande effetto alla propria collezione. Troverete il\u2019<a href=\"https:\/\/repliquemangacine.fr\/it\/film-serie-tv-vendita-di-spade-katana-e-prodotti-correlati\/spada-del-giudizio-doptimus-prime\/\">Spada del Giudizio di Optimus Prime<\/a>, \u00c8 imponente e maestoso, perfetto per i fan dei Transformers. \u00c8 possibile ammirare il\u2019<a href=\"https:\/\/repliquemangacine.fr\/it\/film-serie-tv-vendita-di-spade-katana-e-prodotti-correlati\/epee-duhtred-lultimo-regno\/\">La spada di Uhtred<\/a> della serie The Last Kingdom, un pezzo che evoca la durezza delle battaglie sassoni. Infine, si trova la replica del\u2019<a href=\"https:\/\/repliquemangacine.fr\/it\/spada-templare-medievale\/robin-des-bois-spada\/\">La spada di Russell Crowe in Robin Hood<\/a>, Dal film di Ridley Scott, un'arma elegante che trasuda ribellione. Ogni replica offre uno stile unico. Aggiungono profondit\u00e0 visiva a una vetrina o a un'ambientazione. Grazie a questi modelli variegati, una collezione si trasforma in una vera e propria galleria dedicata agli universi eroici.<\/p>","protected":false},"excerpt":{"rendered":"<p>La leggendaria lama di Alita rinasce qui, combinando tecnologia futuristica e potenza marziale in una replica dallo stile inimitabile.<\/p>\n<ul>\n<li>Lama in acciaio inossidabile con incisione futuristica<\/li>\n<li>Impugnatura in ABS stampato nero<\/li>\n<li>Scala 1\/1<\/li>\n<li>Fornito con un futuristico espositore in ABS nero<\/li>\n<li>Lunghezza lama: 69 cm - Lunghezza totale: 94 cm<\/li>\n<li>Peso: 2045 g<\/li>\n<\/ul>","protected":false},"featured_media":90594,"template":"","meta":[],"product_brand":[],"product_cat":[91,66,107],"product_tag":[],"class_list":{"0":"post-90591","1":"product","2":"type-product","3":"status-publish","4":"has-post-thumbnail","6":"product_cat-katana-les-epees-de-films-et-series","7":"product_cat-repliques-d-armes-films-et-series","8":"product_cat-nouveautes","10":"first","11":"instock","12":"taxable","13":"shipping-taxable","14":"purchasable","15":"product-type-simple"},"yoast_head":"<!-- This site is optimized with the Yoast SEO plugin v27.4 - https:\/\/yoast.com\/product\/yoast-seo-wordpress\/ -->\n<title>Ep\u00e9e Alita Battle Angel Damascus Blade - R\u00e9plique Manga Cin\u00e9<\/title>\n<meta name=\"description\" content=\"R\u00e9plique de l\u2019Ep\u00e9e Alita Battle Angel, lame futuriste motif Damascus et poign\u00e9e ergonomique. Pi\u00e8ce puissante pour tout collectionneur de science-fiction.\" \/>\n<meta name=\"robots\" content=\"index, follow, max-snippet:-1, max-image-preview:large, max-video-preview:-1\" \/>\n<link rel=\"canonical\" href=\"https:\/\/repliquemangacine.fr\/it\/film-e-serie-di-repliche-di-armi\/spada-alita-battle-angel-lama-in-damasco\/\" \/>\n<meta property=\"og:locale\" content=\"it_IT\" \/>\n<meta property=\"og:type\" content=\"article\" \/>\n<meta property=\"og:title\" content=\"Ep\u00e9e Alita Battle Angel Damascus Blade - R\u00e9plique Manga Cin\u00e9\" \/>\n<meta property=\"og:description\" content=\"R\u00e9plique de l\u2019Ep\u00e9e Alita Battle Angel, lame futuriste motif Damascus et poign\u00e9e ergonomique. Pi\u00e8ce puissante pour tout collectionneur de science-fiction.\" \/>\n<meta property=\"og:url\" content=\"https:\/\/repliquemangacine.fr\/it\/film-e-serie-di-repliche-di-armi\/spada-alita-battle-angel-lama-in-damasco\/\" \/>\n<meta property=\"og:site_name\" content=\"R\u00e9plique Manga Cin\u00e9\" \/>\n<meta property=\"article:publisher\" content=\"https:\/\/www.facebook.com\/RepliqueMangaCine\" \/>\n<meta property=\"og:image\" content=\"https:\/\/repliquemangacine.fr\/wp-content\/uploads\/2025\/11\/Epee-Alita-Damascus-Blade.jpg\" \/>\n\t<meta property=\"og:image:width\" content=\"700\" \/>\n\t<meta property=\"og:image:height\" content=\"700\" \/>\n\t<meta property=\"og:image:type\" content=\"image\/jpeg\" \/>\n<meta name=\"twitter:card\" content=\"summary_large_image\" \/>\n<meta name=\"twitter:label1\" content=\"Tempo di lettura stimato\" \/>\n\t<meta name=\"twitter:data1\" content=\"2 minuti\" \/>\n<script type=\"application\/ld+json\" class=\"yoast-schema-graph\">{\"@context\":\"https:\\\/\\\/schema.org\",\"@graph\":[{\"@type\":\"WebPage\",\"@id\":\"https:\\\/\\\/repliquemangacine.fr\\\/repliques-d-armes-films-et-series\\\/epee-alita-battle-angel-damascus-blade\\\/\",\"url\":\"https:\\\/\\\/repliquemangacine.fr\\\/repliques-d-armes-films-et-series\\\/epee-alita-battle-angel-damascus-blade\\\/\",\"name\":\"Ep\u00e9e Alita Battle Angel Damascus Blade - R\u00e9plique Manga Cin\u00e9\",\"isPartOf\":{\"@id\":\"https:\\\/\\\/repliquemangacine.fr\\\/#website\"},\"primaryImageOfPage\":{\"@id\":\"https:\\\/\\\/repliquemangacine.fr\\\/repliques-d-armes-films-et-series\\\/epee-alita-battle-angel-damascus-blade\\\/#primaryimage\"},\"image\":{\"@id\":\"https:\\\/\\\/repliquemangacine.fr\\\/repliques-d-armes-films-et-series\\\/epee-alita-battle-angel-damascus-blade\\\/#primaryimage\"},\"thumbnailUrl\":\"https:\\\/\\\/repliquemangacine.fr\\\/wp-content\\\/uploads\\\/2025\\\/11\\\/Epee-Alita-Damascus-Blade.jpg\",\"datePublished\":\"2025-11-14T10:32:43+00:00\",\"description\":\"R\u00e9plique de l\u2019Ep\u00e9e Alita Battle Angel, lame futuriste motif Damascus et poign\u00e9e ergonomique. Pi\u00e8ce puissante pour tout collectionneur de science-fiction.\",\"breadcrumb\":{\"@id\":\"https:\\\/\\\/repliquemangacine.fr\\\/repliques-d-armes-films-et-series\\\/epee-alita-battle-angel-damascus-blade\\\/#breadcrumb\"},\"inLanguage\":\"it-IT\",\"potentialAction\":[{\"@type\":\"ReadAction\",\"target\":[\"https:\\\/\\\/repliquemangacine.fr\\\/repliques-d-armes-films-et-series\\\/epee-alita-battle-angel-damascus-blade\\\/\"]}]},{\"@type\":\"ImageObject\",\"inLanguage\":\"it-IT\",\"@id\":\"https:\\\/\\\/repliquemangacine.fr\\\/repliques-d-armes-films-et-series\\\/epee-alita-battle-angel-damascus-blade\\\/#primaryimage\",\"url\":\"https:\\\/\\\/repliquemangacine.fr\\\/wp-content\\\/uploads\\\/2025\\\/11\\\/Epee-Alita-Damascus-Blade.jpg\",\"contentUrl\":\"https:\\\/\\\/repliquemangacine.fr\\\/wp-content\\\/uploads\\\/2025\\\/11\\\/Epee-Alita-Damascus-Blade.jpg\",\"width\":700,\"height\":700,\"caption\":\"Ep\u00e9e Alita Battle Angel Damascus Blade\"},{\"@type\":\"BreadcrumbList\",\"@id\":\"https:\\\/\\\/repliquemangacine.fr\\\/repliques-d-armes-films-et-series\\\/epee-alita-battle-angel-damascus-blade\\\/#breadcrumb\",\"itemListElement\":[{\"@type\":\"ListItem\",\"position\":1,\"name\":\"Accueil\",\"item\":\"https:\\\/\\\/repliquemangacine.fr\\\/\"},{\"@type\":\"ListItem\",\"position\":2,\"name\":\"Produits\",\"item\":\"https:\\\/\\\/repliquemangacine.fr\\\/boutique\\\/\"},{\"@type\":\"ListItem\",\"position\":3,\"name\":\"Ep\u00e9e Alita Battle Angel Damascus Blade\"}]},{\"@type\":\"WebSite\",\"@id\":\"https:\\\/\\\/repliquemangacine.fr\\\/#website\",\"url\":\"https:\\\/\\\/repliquemangacine.fr\\\/\",\"name\":\"R\u00e9plique Manga Cin\u00e9\",\"description\":\"\",\"publisher\":{\"@id\":\"https:\\\/\\\/repliquemangacine.fr\\\/#organization\"},\"potentialAction\":[{\"@type\":\"SearchAction\",\"target\":{\"@type\":\"EntryPoint\",\"urlTemplate\":\"https:\\\/\\\/repliquemangacine.fr\\\/?s={search_term_string}\"},\"query-input\":{\"@type\":\"PropertyValueSpecification\",\"valueRequired\":true,\"valueName\":\"search_term_string\"}}],\"inLanguage\":\"it-IT\"},{\"@type\":\"Organization\",\"@id\":\"https:\\\/\\\/repliquemangacine.fr\\\/#organization\",\"name\":\"R\u00e9plique Manga Cin\u00e9\",\"url\":\"https:\\\/\\\/repliquemangacine.fr\\\/\",\"logo\":{\"@type\":\"ImageObject\",\"inLanguage\":\"it-IT\",\"@id\":\"https:\\\/\\\/repliquemangacine.fr\\\/#\\\/schema\\\/logo\\\/image\\\/\",\"url\":\"https:\\\/\\\/repliquemangacine.fr\\\/wp-content\\\/uploads\\\/2023\\\/10\\\/RMC-500250.png\",\"contentUrl\":\"https:\\\/\\\/repliquemangacine.fr\\\/wp-content\\\/uploads\\\/2023\\\/10\\\/RMC-500250.png\",\"width\":500,\"height\":250,\"caption\":\"R\u00e9plique Manga Cin\u00e9\"},\"image\":{\"@id\":\"https:\\\/\\\/repliquemangacine.fr\\\/#\\\/schema\\\/logo\\\/image\\\/\"},\"sameAs\":[\"https:\\\/\\\/www.facebook.com\\\/RepliqueMangaCine\",\"https:\\\/\\\/www.instagram.com\\\/repliquemangacine.fr\\\/\"]}]}<\/script>\n<!-- \/ Yoast SEO plugin. -->","yoast_head_json":{"title":"Lama in damasco Alita Battle Angel - R\u00e9plique Manga Cin\u00e9","description":"Replica della spada Alita Battle Angel, con lama futuristica con motivo Damasco e impugnatura ergonomica. Un pezzo forte per ogni collezionista di fantascienza.","robots":{"index":"index","follow":"follow","max-snippet":"max-snippet:-1","max-image-preview":"max-image-preview:large","max-video-preview":"max-video-preview:-1"},"canonical":"https:\/\/repliquemangacine.fr\/it\/film-e-serie-di-repliche-di-armi\/spada-alita-battle-angel-lama-in-damasco\/","og_locale":"it_IT","og_type":"article","og_title":"Ep\u00e9e Alita Battle Angel Damascus Blade - R\u00e9plique Manga Cin\u00e9","og_description":"R\u00e9plique de l\u2019Ep\u00e9e Alita Battle Angel, lame futuriste motif Damascus et poign\u00e9e ergonomique. Pi\u00e8ce puissante pour tout collectionneur de science-fiction.","og_url":"https:\/\/repliquemangacine.fr\/it\/film-e-serie-di-repliche-di-armi\/spada-alita-battle-angel-lama-in-damasco\/","og_site_name":"R\u00e9plique Manga Cin\u00e9","article_publisher":"https:\/\/www.facebook.com\/RepliqueMangaCine","og_image":[{"width":700,"height":700,"url":"https:\/\/repliquemangacine.fr\/wp-content\/uploads\/2025\/11\/Epee-Alita-Damascus-Blade.jpg","type":"image\/jpeg"}],"twitter_card":"summary_large_image","twitter_misc":{"Tempo di lettura stimato":"2 minuti"},"schema":{"@context":"https:\/\/schema.org","@graph":[{"@type":"WebPage","@id":"https:\/\/repliquemangacine.fr\/repliques-d-armes-films-et-series\/epee-alita-battle-angel-damascus-blade\/","url":"https:\/\/repliquemangacine.fr\/repliques-d-armes-films-et-series\/epee-alita-battle-angel-damascus-blade\/","name":"Lama in damasco Alita Battle Angel - R\u00e9plique Manga Cin\u00e9","isPartOf":{"@id":"https:\/\/repliquemangacine.fr\/#website"},"primaryImageOfPage":{"@id":"https:\/\/repliquemangacine.fr\/repliques-d-armes-films-et-series\/epee-alita-battle-angel-damascus-blade\/#primaryimage"},"image":{"@id":"https:\/\/repliquemangacine.fr\/repliques-d-armes-films-et-series\/epee-alita-battle-angel-damascus-blade\/#primaryimage"},"thumbnailUrl":"https:\/\/repliquemangacine.fr\/wp-content\/uploads\/2025\/11\/Epee-Alita-Damascus-Blade.jpg","datePublished":"2025-11-14T10:32:43+00:00","description":"Replica della spada Alita Battle Angel, con lama futuristica con motivo Damasco e impugnatura ergonomica. Un pezzo forte per ogni collezionista di fantascienza.","breadcrumb":{"@id":"https:\/\/repliquemangacine.fr\/repliques-d-armes-films-et-series\/epee-alita-battle-angel-damascus-blade\/#breadcrumb"},"inLanguage":"it-IT","potentialAction":[{"@type":"ReadAction","target":["https:\/\/repliquemangacine.fr\/repliques-d-armes-films-et-series\/epee-alita-battle-angel-damascus-blade\/"]}]},{"@type":"ImageObject","inLanguage":"it-IT","@id":"https:\/\/repliquemangacine.fr\/repliques-d-armes-films-et-series\/epee-alita-battle-angel-damascus-blade\/#primaryimage","url":"https:\/\/repliquemangacine.fr\/wp-content\/uploads\/2025\/11\/Epee-Alita-Damascus-Blade.jpg","contentUrl":"https:\/\/repliquemangacine.fr\/wp-content\/uploads\/2025\/11\/Epee-Alita-Damascus-Blade.jpg","width":700,"height":700,"caption":"Ep\u00e9e Alita Battle Angel Damascus Blade"},{"@type":"BreadcrumbList","@id":"https:\/\/repliquemangacine.fr\/repliques-d-armes-films-et-series\/epee-alita-battle-angel-damascus-blade\/#breadcrumb","itemListElement":[{"@type":"ListItem","position":1,"name":"Accueil","item":"https:\/\/repliquemangacine.fr\/"},{"@type":"ListItem","position":2,"name":"Produits","item":"https:\/\/repliquemangacine.fr\/boutique\/"},{"@type":"ListItem","position":3,"name":"Ep\u00e9e Alita Battle Angel Damascus Blade"}]},{"@type":"WebSite","@id":"https:\/\/repliquemangacine.fr\/#website","url":"https:\/\/repliquemangacine.fr\/","name":"R\u00e9plique Manga Cin\u00e9","description":"","publisher":{"@id":"https:\/\/repliquemangacine.fr\/#organization"},"potentialAction":[{"@type":"SearchAction","target":{"@type":"EntryPoint","urlTemplate":"https:\/\/repliquemangacine.fr\/?s={search_term_string}"},"query-input":{"@type":"PropertyValueSpecification","valueRequired":true,"valueName":"search_term_string"}}],"inLanguage":"it-IT"},{"@type":"Organization","@id":"https:\/\/repliquemangacine.fr\/#organization","name":"R\u00e9plique Manga Cin\u00e9","url":"https:\/\/repliquemangacine.fr\/","logo":{"@type":"ImageObject","inLanguage":"it-IT","@id":"https:\/\/repliquemangacine.fr\/#\/schema\/logo\/image\/","url":"https:\/\/repliquemangacine.fr\/wp-content\/uploads\/2023\/10\/RMC-500250.png","contentUrl":"https:\/\/repliquemangacine.fr\/wp-content\/uploads\/2023\/10\/RMC-500250.png","width":500,"height":250,"caption":"R\u00e9plique Manga Cin\u00e9"},"image":{"@id":"https:\/\/repliquemangacine.fr\/#\/schema\/logo\/image\/"},"sameAs":["https:\/\/www.facebook.com\/RepliqueMangaCine","https:\/\/www.instagram.com\/repliquemangacine.fr\/"]}]}},"_links":{"self":[{"href":"https:\/\/repliquemangacine.fr\/it\/wp-json\/wp\/v2\/product\/90591","targetHints":{"allow":["GET"]}}],"collection":[{"href":"https:\/\/repliquemangacine.fr\/it\/wp-json\/wp\/v2\/product"}],"about":[{"href":"https:\/\/repliquemangacine.fr\/it\/wp-json\/wp\/v2\/types\/product"}],"wp:featuredmedia":[{"embeddable":true,"href":"https:\/\/repliquemangacine.fr\/it\/wp-json\/wp\/v2\/media\/90594"}],"wp:attachment":[{"href":"https:\/\/repliquemangacine.fr\/it\/wp-json\/wp\/v2\/media?parent=90591"}],"wp:term":[{"taxonomy":"product_brand","embeddable":true,"href":"https:\/\/repliquemangacine.fr\/it\/wp-json\/wp\/v2\/product_brand?post=90591"},{"taxonomy":"product_cat","embeddable":true,"href":"https:\/\/repliquemangacine.fr\/it\/wp-json\/wp\/v2\/product_cat?post=90591"},{"taxonomy":"product_tag","embeddable":true,"href":"https:\/\/repliquemangacine.fr\/it\/wp-json\/wp\/v2\/product_tag?post=90591"}],"curies":[{"name":"wp","href":"https:\/\/api.w.org\/{rel}","templated":true}]}}