





{"id":90491,"date":"2025-11-12T18:25:17","date_gmt":"2025-11-12T17:25:17","guid":{"rendered":"https:\/\/repliquemangacine.fr\/?post_type=product&#038;p=90491"},"modified":"2026-04-16T21:22:58","modified_gmt":"2026-04-16T19:22:58","slug":"katana-samurai-drago","status":"publish","type":"product","link":"https:\/\/repliquemangacine.fr\/it\/katana-decoration\/katana-samourai-dragon\/","title":{"rendered":"Samurai Dragon Katana"},"content":{"rendered":"<h2>Katana Samurai Dragon: Il potere del drago<\/h2>\n<p>Prima di tutto, questa Katana del Drago Samurai, un raffinato pezzo decorativo, perfetto per ogni amante di\u2019<a href=\"https:\/\/fr.wikipedia.org\/wiki\/Art_martial\" target=\"_blank\" rel=\"noopener noreferrer\">arti marziali<\/a> o cultura giapponese. La sua lama in acciaio brilla di una brillantezza impressionante, sottolineando la nobilt\u00e0 e la precisione della sua lavorazione. La guardia in metallo con finitura in bronzo, ornata da un maestoso drago, simboleggia forza e protezione. Infine, il fodero in legno laccato, disponibile in bianco, nero o rosso, rivela un superbo disegno di drago. Elegante e imponente, questa katana \u00e8 un'opera d'arte da esporre con orgoglio in qualsiasi collezione.<\/p>\n<h2>L'anima del samurai attraverso la sua spada<\/h2>\n<p>Per cominciare, nella cultura giapponese la katana \u00e8 molto pi\u00f9 di un'arma: \u00e8 l'anima del samurai. Simbolo di onore, coraggio e disciplina, accompagna il guerriero per tutta la vita. La presenza del drago rafforza questa idea di potere interiore e di saggezza spirituale. Va sottolineato che il samurai riceveva un'educazione severa, volta a non temere la sofferenza e la morte, a rispettare un codice d'onore e a renderlo un guerriero efficace nell'uso delle armi. Se un samurai perde l'onore o commette un crimine, si uccide in una cerimonia pubblica.<\/p>\n<p>Questa katana decorativa \u00e8 una fusione dell'estetica e del simbolismo del bushido, il codice d'onore dei samurai. Possedere una spada di questo tipo significa rendere omaggio a un'arte antica, intrisa di tradizione e leggenda.<\/p>\n<h2>Scopri altre katane decorative su R\u00e9plique Manga Cin\u00e9<\/h2>\n<p>Per arricchire la vostra collezione, potete trovare altri modelli unici nel nostro negozio R\u00e9plique Manga Cin\u00e9. Esplora il <a href=\"https:\/\/repliquemangacine.fr\/it\/decorazione-della-katana\/spada-tradizionale-della-dinastia-ming\/\">lama tradizionale della dinastia Ming<\/a>, un simbolo di storia ed eleganza. Scoprite il <a href=\"https:\/\/repliquemangacine.fr\/it\/decorazione-della-katana\/katana-ninja-cannello-ninjato\/\">katana ninja con cerbottana<\/a> con originalit\u00e0 e ingegno. E per gli appassionati di serie di culto, lasciatevi sedurre dalla<a href=\"https:\/\/repliquemangacine.fr\/it\/armi-the-walking-dead\/katana-decorativa-per-zombie\/\"> katana zombie<\/a> decorazione ispirata a The Walking Dead. In conclusione, ogni pezzo racconta una storia e tutti hanno il loro posto in una collezione degna di un vero appassionato.<\/p>","protected":false},"excerpt":{"rendered":"<p>Incarnate il potere del drago con questa eccezionale katana, simbolo di coraggio, onore ed eleganza giapponese.<\/p>\n<ul>\n<li>Lama in acciaio<\/li>\n<li>Protezione in acciaio con finitura in bronzo e bordo a forma di drago<\/li>\n<li>Fodero in legno laccato con dragone<\/li>\n<li>Manico in legno rivestito con treccia di cotone<\/li>\n<li>Lunghezza lama: 67 cm - Lunghezza totale: 105 cm<\/li>\n<\/ul>","protected":false},"featured_media":90496,"template":"","meta":[],"product_brand":[],"product_cat":[32,107],"product_tag":[],"class_list":{"0":"post-90491","1":"product","2":"type-product","3":"status-publish","4":"has-post-thumbnail","6":"product_cat-katana-decoration","7":"product_cat-nouveautes","9":"first","10":"instock","11":"taxable","12":"shipping-taxable","13":"purchasable","14":"product-type-variable"},"yoast_head":"<!-- This site is optimized with the Yoast SEO plugin v27.4 - https:\/\/yoast.com\/product\/yoast-seo-wordpress\/ -->\n<title>Katana Samoura\u00ef Dragon - R\u00e9plique Manga Cin\u00e9<\/title>\n<meta name=\"description\" content=\"D\u00e9couvrez le Katana Samoura\u00ef Dragon de d\u00e9coration, avec lame en acier, garde bronze et fourreau laqu\u00e9. Symbole de puissance et d\u2019\u00e9l\u00e9gance japonaise.\" \/>\n<meta name=\"robots\" content=\"index, follow, max-snippet:-1, max-image-preview:large, max-video-preview:-1\" \/>\n<link rel=\"canonical\" href=\"https:\/\/repliquemangacine.fr\/it\/decorazione-della-katana\/katana-samurai-drago\/\" \/>\n<meta property=\"og:locale\" content=\"it_IT\" \/>\n<meta property=\"og:type\" content=\"article\" \/>\n<meta property=\"og:title\" content=\"Katana Samoura\u00ef Dragon - R\u00e9plique Manga Cin\u00e9\" \/>\n<meta property=\"og:description\" content=\"D\u00e9couvrez le Katana Samoura\u00ef Dragon de d\u00e9coration, avec lame en acier, garde bronze et fourreau laqu\u00e9. Symbole de puissance et d\u2019\u00e9l\u00e9gance japonaise.\" \/>\n<meta property=\"og:url\" content=\"https:\/\/repliquemangacine.fr\/it\/decorazione-della-katana\/katana-samurai-drago\/\" \/>\n<meta property=\"og:site_name\" content=\"R\u00e9plique Manga Cin\u00e9\" \/>\n<meta property=\"article:publisher\" content=\"https:\/\/www.facebook.com\/RepliqueMangaCine\" \/>\n<meta property=\"article:modified_time\" content=\"2026-04-16T19:22:58+00:00\" \/>\n<meta property=\"og:image\" content=\"https:\/\/repliquemangacine.fr\/wp-content\/uploads\/2025\/11\/Katana-dragon-blanc-hors-son-fourreau.jpg\" \/>\n\t<meta property=\"og:image:width\" content=\"700\" \/>\n\t<meta property=\"og:image:height\" content=\"698\" \/>\n\t<meta property=\"og:image:type\" content=\"image\/jpeg\" \/>\n<meta name=\"twitter:card\" content=\"summary_large_image\" \/>\n<meta name=\"twitter:label1\" content=\"Tempo di lettura stimato\" \/>\n\t<meta name=\"twitter:data1\" content=\"2 minuti\" \/>\n<script type=\"application\/ld+json\" class=\"yoast-schema-graph\">{\"@context\":\"https:\\\/\\\/schema.org\",\"@graph\":[{\"@type\":\"WebPage\",\"@id\":\"https:\\\/\\\/repliquemangacine.fr\\\/katana-decoration\\\/katana-samourai-dragon\\\/\",\"url\":\"https:\\\/\\\/repliquemangacine.fr\\\/katana-decoration\\\/katana-samourai-dragon\\\/\",\"name\":\"Katana Samoura\u00ef Dragon - R\u00e9plique Manga Cin\u00e9\",\"isPartOf\":{\"@id\":\"https:\\\/\\\/repliquemangacine.fr\\\/#website\"},\"primaryImageOfPage\":{\"@id\":\"https:\\\/\\\/repliquemangacine.fr\\\/katana-decoration\\\/katana-samourai-dragon\\\/#primaryimage\"},\"image\":{\"@id\":\"https:\\\/\\\/repliquemangacine.fr\\\/katana-decoration\\\/katana-samourai-dragon\\\/#primaryimage\"},\"thumbnailUrl\":\"https:\\\/\\\/repliquemangacine.fr\\\/wp-content\\\/uploads\\\/2025\\\/11\\\/Katana-dragon-blanc-hors-son-fourreau.jpg\",\"datePublished\":\"2025-11-12T17:25:17+00:00\",\"dateModified\":\"2026-04-16T19:22:58+00:00\",\"description\":\"D\u00e9couvrez le Katana Samoura\u00ef Dragon de d\u00e9coration, avec lame en acier, garde bronze et fourreau laqu\u00e9. Symbole de puissance et d\u2019\u00e9l\u00e9gance japonaise.\",\"breadcrumb\":{\"@id\":\"https:\\\/\\\/repliquemangacine.fr\\\/katana-decoration\\\/katana-samourai-dragon\\\/#breadcrumb\"},\"inLanguage\":\"it-IT\",\"potentialAction\":[{\"@type\":\"ReadAction\",\"target\":[\"https:\\\/\\\/repliquemangacine.fr\\\/katana-decoration\\\/katana-samourai-dragon\\\/\"]}]},{\"@type\":\"ImageObject\",\"inLanguage\":\"it-IT\",\"@id\":\"https:\\\/\\\/repliquemangacine.fr\\\/katana-decoration\\\/katana-samourai-dragon\\\/#primaryimage\",\"url\":\"https:\\\/\\\/repliquemangacine.fr\\\/wp-content\\\/uploads\\\/2025\\\/11\\\/Katana-dragon-blanc-hors-son-fourreau.jpg\",\"contentUrl\":\"https:\\\/\\\/repliquemangacine.fr\\\/wp-content\\\/uploads\\\/2025\\\/11\\\/Katana-dragon-blanc-hors-son-fourreau.jpg\",\"width\":700,\"height\":698,\"caption\":\"Katana Samoura\u00ef Dragon blanc\"},{\"@type\":\"BreadcrumbList\",\"@id\":\"https:\\\/\\\/repliquemangacine.fr\\\/katana-decoration\\\/katana-samourai-dragon\\\/#breadcrumb\",\"itemListElement\":[{\"@type\":\"ListItem\",\"position\":1,\"name\":\"Accueil\",\"item\":\"https:\\\/\\\/repliquemangacine.fr\\\/\"},{\"@type\":\"ListItem\",\"position\":2,\"name\":\"Produits\",\"item\":\"https:\\\/\\\/repliquemangacine.fr\\\/boutique\\\/\"},{\"@type\":\"ListItem\",\"position\":3,\"name\":\"Katana Samoura\u00ef Dragon\"}]},{\"@type\":\"WebSite\",\"@id\":\"https:\\\/\\\/repliquemangacine.fr\\\/#website\",\"url\":\"https:\\\/\\\/repliquemangacine.fr\\\/\",\"name\":\"R\u00e9plique Manga Cin\u00e9\",\"description\":\"\",\"publisher\":{\"@id\":\"https:\\\/\\\/repliquemangacine.fr\\\/#organization\"},\"potentialAction\":[{\"@type\":\"SearchAction\",\"target\":{\"@type\":\"EntryPoint\",\"urlTemplate\":\"https:\\\/\\\/repliquemangacine.fr\\\/?s={search_term_string}\"},\"query-input\":{\"@type\":\"PropertyValueSpecification\",\"valueRequired\":true,\"valueName\":\"search_term_string\"}}],\"inLanguage\":\"it-IT\"},{\"@type\":\"Organization\",\"@id\":\"https:\\\/\\\/repliquemangacine.fr\\\/#organization\",\"name\":\"R\u00e9plique Manga Cin\u00e9\",\"url\":\"https:\\\/\\\/repliquemangacine.fr\\\/\",\"logo\":{\"@type\":\"ImageObject\",\"inLanguage\":\"it-IT\",\"@id\":\"https:\\\/\\\/repliquemangacine.fr\\\/#\\\/schema\\\/logo\\\/image\\\/\",\"url\":\"https:\\\/\\\/repliquemangacine.fr\\\/wp-content\\\/uploads\\\/2023\\\/10\\\/RMC-500250.png\",\"contentUrl\":\"https:\\\/\\\/repliquemangacine.fr\\\/wp-content\\\/uploads\\\/2023\\\/10\\\/RMC-500250.png\",\"width\":500,\"height\":250,\"caption\":\"R\u00e9plique Manga Cin\u00e9\"},\"image\":{\"@id\":\"https:\\\/\\\/repliquemangacine.fr\\\/#\\\/schema\\\/logo\\\/image\\\/\"},\"sameAs\":[\"https:\\\/\\\/www.facebook.com\\\/RepliqueMangaCine\",\"https:\\\/\\\/www.instagram.com\\\/repliquemangacine.fr\\\/\"]}]}<\/script>\n<!-- \/ Yoast SEO plugin. -->","yoast_head_json":{"title":"Samurai Dragon Katana - R\u00e9plique Manga Cin\u00e9","description":"Scoprite la Katana decorativa Samurai Dragon, con lama in acciaio, guardia in bronzo e fodero laccato. Un simbolo del potere e dell'eleganza giapponese.","robots":{"index":"index","follow":"follow","max-snippet":"max-snippet:-1","max-image-preview":"max-image-preview:large","max-video-preview":"max-video-preview:-1"},"canonical":"https:\/\/repliquemangacine.fr\/it\/decorazione-della-katana\/katana-samurai-drago\/","og_locale":"it_IT","og_type":"article","og_title":"Katana Samoura\u00ef Dragon - R\u00e9plique Manga Cin\u00e9","og_description":"D\u00e9couvrez le Katana Samoura\u00ef Dragon de d\u00e9coration, avec lame en acier, garde bronze et fourreau laqu\u00e9. Symbole de puissance et d\u2019\u00e9l\u00e9gance japonaise.","og_url":"https:\/\/repliquemangacine.fr\/it\/decorazione-della-katana\/katana-samurai-drago\/","og_site_name":"R\u00e9plique Manga Cin\u00e9","article_publisher":"https:\/\/www.facebook.com\/RepliqueMangaCine","article_modified_time":"2026-04-16T19:22:58+00:00","og_image":[{"width":700,"height":698,"url":"https:\/\/repliquemangacine.fr\/wp-content\/uploads\/2025\/11\/Katana-dragon-blanc-hors-son-fourreau.jpg","type":"image\/jpeg"}],"twitter_card":"summary_large_image","twitter_misc":{"Tempo di lettura stimato":"2 minuti"},"schema":{"@context":"https:\/\/schema.org","@graph":[{"@type":"WebPage","@id":"https:\/\/repliquemangacine.fr\/katana-decoration\/katana-samourai-dragon\/","url":"https:\/\/repliquemangacine.fr\/katana-decoration\/katana-samourai-dragon\/","name":"Samurai Dragon Katana - R\u00e9plique Manga Cin\u00e9","isPartOf":{"@id":"https:\/\/repliquemangacine.fr\/#website"},"primaryImageOfPage":{"@id":"https:\/\/repliquemangacine.fr\/katana-decoration\/katana-samourai-dragon\/#primaryimage"},"image":{"@id":"https:\/\/repliquemangacine.fr\/katana-decoration\/katana-samourai-dragon\/#primaryimage"},"thumbnailUrl":"https:\/\/repliquemangacine.fr\/wp-content\/uploads\/2025\/11\/Katana-dragon-blanc-hors-son-fourreau.jpg","datePublished":"2025-11-12T17:25:17+00:00","dateModified":"2026-04-16T19:22:58+00:00","description":"Scoprite la Katana decorativa Samurai Dragon, con lama in acciaio, guardia in bronzo e fodero laccato. Un simbolo del potere e dell'eleganza giapponese.","breadcrumb":{"@id":"https:\/\/repliquemangacine.fr\/katana-decoration\/katana-samourai-dragon\/#breadcrumb"},"inLanguage":"it-IT","potentialAction":[{"@type":"ReadAction","target":["https:\/\/repliquemangacine.fr\/katana-decoration\/katana-samourai-dragon\/"]}]},{"@type":"ImageObject","inLanguage":"it-IT","@id":"https:\/\/repliquemangacine.fr\/katana-decoration\/katana-samourai-dragon\/#primaryimage","url":"https:\/\/repliquemangacine.fr\/wp-content\/uploads\/2025\/11\/Katana-dragon-blanc-hors-son-fourreau.jpg","contentUrl":"https:\/\/repliquemangacine.fr\/wp-content\/uploads\/2025\/11\/Katana-dragon-blanc-hors-son-fourreau.jpg","width":700,"height":698,"caption":"Katana Samoura\u00ef Dragon blanc"},{"@type":"BreadcrumbList","@id":"https:\/\/repliquemangacine.fr\/katana-decoration\/katana-samourai-dragon\/#breadcrumb","itemListElement":[{"@type":"ListItem","position":1,"name":"Accueil","item":"https:\/\/repliquemangacine.fr\/"},{"@type":"ListItem","position":2,"name":"Produits","item":"https:\/\/repliquemangacine.fr\/boutique\/"},{"@type":"ListItem","position":3,"name":"Katana Samoura\u00ef Dragon"}]},{"@type":"WebSite","@id":"https:\/\/repliquemangacine.fr\/#website","url":"https:\/\/repliquemangacine.fr\/","name":"R\u00e9plique Manga Cin\u00e9","description":"","publisher":{"@id":"https:\/\/repliquemangacine.fr\/#organization"},"potentialAction":[{"@type":"SearchAction","target":{"@type":"EntryPoint","urlTemplate":"https:\/\/repliquemangacine.fr\/?s={search_term_string}"},"query-input":{"@type":"PropertyValueSpecification","valueRequired":true,"valueName":"search_term_string"}}],"inLanguage":"it-IT"},{"@type":"Organization","@id":"https:\/\/repliquemangacine.fr\/#organization","name":"R\u00e9plique Manga Cin\u00e9","url":"https:\/\/repliquemangacine.fr\/","logo":{"@type":"ImageObject","inLanguage":"it-IT","@id":"https:\/\/repliquemangacine.fr\/#\/schema\/logo\/image\/","url":"https:\/\/repliquemangacine.fr\/wp-content\/uploads\/2023\/10\/RMC-500250.png","contentUrl":"https:\/\/repliquemangacine.fr\/wp-content\/uploads\/2023\/10\/RMC-500250.png","width":500,"height":250,"caption":"R\u00e9plique Manga Cin\u00e9"},"image":{"@id":"https:\/\/repliquemangacine.fr\/#\/schema\/logo\/image\/"},"sameAs":["https:\/\/www.facebook.com\/RepliqueMangaCine","https:\/\/www.instagram.com\/repliquemangacine.fr\/"]}]}},"_links":{"self":[{"href":"https:\/\/repliquemangacine.fr\/it\/wp-json\/wp\/v2\/product\/90491","targetHints":{"allow":["GET"]}}],"collection":[{"href":"https:\/\/repliquemangacine.fr\/it\/wp-json\/wp\/v2\/product"}],"about":[{"href":"https:\/\/repliquemangacine.fr\/it\/wp-json\/wp\/v2\/types\/product"}],"wp:featuredmedia":[{"embeddable":true,"href":"https:\/\/repliquemangacine.fr\/it\/wp-json\/wp\/v2\/media\/90496"}],"wp:attachment":[{"href":"https:\/\/repliquemangacine.fr\/it\/wp-json\/wp\/v2\/media?parent=90491"}],"wp:term":[{"taxonomy":"product_brand","embeddable":true,"href":"https:\/\/repliquemangacine.fr\/it\/wp-json\/wp\/v2\/product_brand?post=90491"},{"taxonomy":"product_cat","embeddable":true,"href":"https:\/\/repliquemangacine.fr\/it\/wp-json\/wp\/v2\/product_cat?post=90491"},{"taxonomy":"product_tag","embeddable":true,"href":"https:\/\/repliquemangacine.fr\/it\/wp-json\/wp\/v2\/product_tag?post=90491"}],"curies":[{"name":"wp","href":"https:\/\/api.w.org\/{rel}","templated":true}]}}