





{"id":90239,"date":"2025-11-07T15:06:27","date_gmt":"2025-11-07T14:06:27","guid":{"rendered":"https:\/\/repliquemangacine.fr\/?post_type=product&#038;p=90239"},"modified":"2026-03-10T01:01:21","modified_gmt":"2026-03-10T00:01:21","slug":"pistola-makarov","status":"publish","type":"product","link":"https:\/\/repliquemangacine.fr\/it\/reproductions-armes-seconde-guerre-mondiale-denix\/pistolet-makarov\/","title":{"rendered":"Pistola Makarov"},"content":{"rendered":"<h2>Caratteristiche della pistola Makarov<\/h2>\n<p>La pistola Makarov <a href=\"https:\/\/www.denix.fr\/fr\/\" target=\"_blank\" rel=\"noopener noreferrer\">Denix<\/a> \u00e8 una replica decorativa ispirata al famoso modello russo adottato nel 1951. La replica misura circa 16 centimetri e pesa 649 grammi, il che la rende facile da tenere in mano. La sua struttura in metallo garantisce una finitura robusta e credibile. L'impugnatura ha una finitura in finto legno per un aspetto caldo e autentico. Sebbene non sia funzionale, riproduce accuratamente la forma e l'ergonomia del modello originale. Questa pistola \u00e8 stata utilizzata dall'esercito sovietico e da diverse forze dell'Europa orientale durante la Guerra Fredda. Questa replica rende omaggio a un'arma ricca di storia militare. Si rivolge agli appassionati in cerca di un pezzo suggestivo e realizzato con cura. Grazie ai suoi materiali di alta qualit\u00e0, questo pezzo promette una presenza notevole nella vostra vetrina. Di conseguenza, impreziosir\u00e0 la vostra collezione con eleganza e coerenza storica.<\/p>\n<h2>Importanza e caratteristiche speciali di questa replica<\/h2>\n<p>Questa replica della pistola Makarov si distingue per il suo ruolo importante nella storia militare moderna. Il modello originale fu adottato come arma regolamentare dall'Unione Sovietica per sostituire le armi pi\u00f9 vecchie. Divenne un simbolo di potere, servizio e autorit\u00e0 nelle varie unit\u00e0 militari. Grazie a questa replica, potrete conservare l'essenza di un'epoca strategica fondamentale. Inoltre, le sue dimensioni compatte le conferiscono un'estetica discreta ma immediatamente riconoscibile. Questo lo rende ideale per le rievocazioni storiche o le produzioni cinematografiche. La qualit\u00e0 della riproduzione garantisce un'immersione autentica senza la necessit\u00e0 di un'arma funzionante. Inoltre, questa replica \u00e8 un eccellente elemento decorativo nelle esposizioni a tema. Affascina per il suo carattere sobrio e la sua storia profonda. Rimane una scelta importante per i collezionisti pi\u00f9 esigenti.<\/p>\n<h2>Completa la tua collezione con R\u00e9pliqueMangaCin\u00e9<\/h2>\n<p>Visita <strong>ReplicaMangaCin\u00e9<\/strong>, Con la nostra ampia selezione di articoli autentici, i collezionisti possono espandere il loro mondo. Tuttavia, il nostro negozio non si limita alle armi moderne ispirate a periodi storici. Offriamo anche articoli tratti da manga, videogiochi e famosi mondi fantasy. Ad esempio, troverete katane decorative che raffigurano gli eroi di One Piece, Naruto o <a href=\"https:\/\/repliquemangacine.fr\/it\/katana-uccisore-di-demoni\/\">Ammazzademoni<\/a>. Offriamo anche spade eleganti dal <a href=\"https:\/\/repliquemangacine.fr\/it\/il-signore-degli-anelli\/\">Il Signore degli Anelli<\/a> o The Witcher per gli appassionati di fantasy eroico. Per gli appassionati di armi storiche, sono disponibili anche spade antiche, spade dei pirati e scudi medievali. Ogni oggetto viene scelto per la sua qualit\u00e0, la sua finitura e il suo notevole impatto visivo. Grazie a questa diversit\u00e0, <strong>ReplicaMangaCin\u00e9<\/strong> vi permette di creare una vetrina che racconta una storia personale. In questo modo, la vostra collezione diventa un viaggio tra epoche, miti e leggende, con coerenza e passione.<\/p>","protected":false},"excerpt":{"rendered":"<p><strong>Caratteristiche :<\/strong><\/p>\n<ul>\n<li>Materiali: metallo + finto legno.<\/li>\n<li>Replica decorativa e non funzionale.<\/li>\n<li>Ideale per il collezionismo, la decorazione e il cosplay.<\/li>\n<li>Lunghezza: 16 cm.<\/li>\n<li>Peso: 649 g.<\/li>\n<\/ul>","protected":false},"featured_media":90246,"template":"","meta":[],"product_brand":[],"product_cat":[40,28,76],"product_tag":[],"class_list":{"0":"post-90239","1":"product","2":"type-product","3":"status-publish","4":"has-post-thumbnail","6":"product_cat-pistolet-moderne","7":"product_cat-repliques-darmes","8":"product_cat-reproductions-armes-seconde-guerre-mondiale-denix","10":"first","11":"instock","12":"featured","13":"taxable","14":"shipping-taxable","15":"purchasable","16":"product-type-simple"},"yoast_head":"<!-- This site is optimized with the Yoast SEO plugin v27.4 - https:\/\/yoast.com\/product\/yoast-seo-wordpress\/ -->\n<title>Pistolet Makarov | R\u00e9plique Manga Cin\u00e9<\/title>\n<meta name=\"description\" content=\"Pistolet Makarov en r\u00e9plique d\u00e9corative m\u00e9tal et bois, inspir\u00e9 du mod\u00e8le russe iconique. Id\u00e9al collection, cosplay et exposition. Livraison rapide.\" \/>\n<meta name=\"robots\" content=\"index, follow, max-snippet:-1, max-image-preview:large, max-video-preview:-1\" \/>\n<link rel=\"canonical\" href=\"https:\/\/repliquemangacine.fr\/it\/riproduzione-armi-seconda-guerra-mondiale-denix\/pistola-makarov\/\" \/>\n<meta property=\"og:locale\" content=\"it_IT\" \/>\n<meta property=\"og:type\" content=\"article\" \/>\n<meta property=\"og:title\" content=\"Pistolet Makarov | R\u00e9plique Manga Cin\u00e9\" \/>\n<meta property=\"og:description\" content=\"Pistolet Makarov en r\u00e9plique d\u00e9corative m\u00e9tal et bois, inspir\u00e9 du mod\u00e8le russe iconique. Id\u00e9al collection, cosplay et exposition. Livraison rapide.\" \/>\n<meta property=\"og:url\" content=\"https:\/\/repliquemangacine.fr\/it\/riproduzione-armi-seconda-guerra-mondiale-denix\/pistola-makarov\/\" \/>\n<meta property=\"og:site_name\" content=\"R\u00e9plique Manga Cin\u00e9\" \/>\n<meta property=\"article:publisher\" content=\"https:\/\/www.facebook.com\/RepliqueMangaCine\" \/>\n<meta property=\"article:modified_time\" content=\"2026-03-10T00:01:21+00:00\" \/>\n<meta property=\"og:image\" content=\"https:\/\/repliquemangacine.fr\/wp-content\/uploads\/2025\/11\/pistolet-makarov-laterale.jpg\" \/>\n\t<meta property=\"og:image:width\" content=\"700\" \/>\n\t<meta property=\"og:image:height\" content=\"700\" \/>\n\t<meta property=\"og:image:type\" content=\"image\/jpeg\" \/>\n<meta name=\"twitter:card\" content=\"summary_large_image\" \/>\n<meta name=\"twitter:label1\" content=\"Tempo di lettura stimato\" \/>\n\t<meta name=\"twitter:data1\" content=\"3 minuti\" \/>\n<script type=\"application\/ld+json\" class=\"yoast-schema-graph\">{\"@context\":\"https:\\\/\\\/schema.org\",\"@graph\":[{\"@type\":\"WebPage\",\"@id\":\"https:\\\/\\\/repliquemangacine.fr\\\/reproductions-armes-seconde-guerre-mondiale-denix\\\/pistolet-makarov\\\/\",\"url\":\"https:\\\/\\\/repliquemangacine.fr\\\/reproductions-armes-seconde-guerre-mondiale-denix\\\/pistolet-makarov\\\/\",\"name\":\"Pistolet Makarov | R\u00e9plique Manga Cin\u00e9\",\"isPartOf\":{\"@id\":\"https:\\\/\\\/repliquemangacine.fr\\\/#website\"},\"primaryImageOfPage\":{\"@id\":\"https:\\\/\\\/repliquemangacine.fr\\\/reproductions-armes-seconde-guerre-mondiale-denix\\\/pistolet-makarov\\\/#primaryimage\"},\"image\":{\"@id\":\"https:\\\/\\\/repliquemangacine.fr\\\/reproductions-armes-seconde-guerre-mondiale-denix\\\/pistolet-makarov\\\/#primaryimage\"},\"thumbnailUrl\":\"https:\\\/\\\/repliquemangacine.fr\\\/wp-content\\\/uploads\\\/2025\\\/11\\\/pistolet-makarov-laterale.jpg\",\"datePublished\":\"2025-11-07T14:06:27+00:00\",\"dateModified\":\"2026-03-10T00:01:21+00:00\",\"description\":\"Pistolet Makarov en r\u00e9plique d\u00e9corative m\u00e9tal et bois, inspir\u00e9 du mod\u00e8le russe iconique. Id\u00e9al collection, cosplay et exposition. Livraison rapide.\",\"breadcrumb\":{\"@id\":\"https:\\\/\\\/repliquemangacine.fr\\\/reproductions-armes-seconde-guerre-mondiale-denix\\\/pistolet-makarov\\\/#breadcrumb\"},\"inLanguage\":\"it-IT\",\"potentialAction\":[{\"@type\":\"ReadAction\",\"target\":[\"https:\\\/\\\/repliquemangacine.fr\\\/reproductions-armes-seconde-guerre-mondiale-denix\\\/pistolet-makarov\\\/\"]}]},{\"@type\":\"ImageObject\",\"inLanguage\":\"it-IT\",\"@id\":\"https:\\\/\\\/repliquemangacine.fr\\\/reproductions-armes-seconde-guerre-mondiale-denix\\\/pistolet-makarov\\\/#primaryimage\",\"url\":\"https:\\\/\\\/repliquemangacine.fr\\\/wp-content\\\/uploads\\\/2025\\\/11\\\/pistolet-makarov-laterale.jpg\",\"contentUrl\":\"https:\\\/\\\/repliquemangacine.fr\\\/wp-content\\\/uploads\\\/2025\\\/11\\\/pistolet-makarov-laterale.jpg\",\"width\":700,\"height\":700,\"caption\":\"pistolet-makarov-laterale\"},{\"@type\":\"BreadcrumbList\",\"@id\":\"https:\\\/\\\/repliquemangacine.fr\\\/reproductions-armes-seconde-guerre-mondiale-denix\\\/pistolet-makarov\\\/#breadcrumb\",\"itemListElement\":[{\"@type\":\"ListItem\",\"position\":1,\"name\":\"Accueil\",\"item\":\"https:\\\/\\\/repliquemangacine.fr\\\/\"},{\"@type\":\"ListItem\",\"position\":2,\"name\":\"Produits\",\"item\":\"https:\\\/\\\/repliquemangacine.fr\\\/boutique\\\/\"},{\"@type\":\"ListItem\",\"position\":3,\"name\":\"Pistolet Makarov\"}]},{\"@type\":\"WebSite\",\"@id\":\"https:\\\/\\\/repliquemangacine.fr\\\/#website\",\"url\":\"https:\\\/\\\/repliquemangacine.fr\\\/\",\"name\":\"R\u00e9plique Manga Cin\u00e9\",\"description\":\"\",\"publisher\":{\"@id\":\"https:\\\/\\\/repliquemangacine.fr\\\/#organization\"},\"potentialAction\":[{\"@type\":\"SearchAction\",\"target\":{\"@type\":\"EntryPoint\",\"urlTemplate\":\"https:\\\/\\\/repliquemangacine.fr\\\/?s={search_term_string}\"},\"query-input\":{\"@type\":\"PropertyValueSpecification\",\"valueRequired\":true,\"valueName\":\"search_term_string\"}}],\"inLanguage\":\"it-IT\"},{\"@type\":\"Organization\",\"@id\":\"https:\\\/\\\/repliquemangacine.fr\\\/#organization\",\"name\":\"R\u00e9plique Manga Cin\u00e9\",\"url\":\"https:\\\/\\\/repliquemangacine.fr\\\/\",\"logo\":{\"@type\":\"ImageObject\",\"inLanguage\":\"it-IT\",\"@id\":\"https:\\\/\\\/repliquemangacine.fr\\\/#\\\/schema\\\/logo\\\/image\\\/\",\"url\":\"https:\\\/\\\/repliquemangacine.fr\\\/wp-content\\\/uploads\\\/2023\\\/10\\\/RMC-500250.png\",\"contentUrl\":\"https:\\\/\\\/repliquemangacine.fr\\\/wp-content\\\/uploads\\\/2023\\\/10\\\/RMC-500250.png\",\"width\":500,\"height\":250,\"caption\":\"R\u00e9plique Manga Cin\u00e9\"},\"image\":{\"@id\":\"https:\\\/\\\/repliquemangacine.fr\\\/#\\\/schema\\\/logo\\\/image\\\/\"},\"sameAs\":[\"https:\\\/\\\/www.facebook.com\\\/RepliqueMangaCine\",\"https:\\\/\\\/www.instagram.com\\\/repliquemangacine.fr\\\/\"]}]}<\/script>\n<!-- \/ Yoast SEO plugin. -->","yoast_head_json":{"title":"Pistola Makarov | R\u00e9plique Manga Cin\u00e9","description":"Replica decorativa in metallo e legno della pistola Makarov, ispirata all'iconico modello russo. Ideale per collezioni, cosplay e mostre. Consegna rapida.","robots":{"index":"index","follow":"follow","max-snippet":"max-snippet:-1","max-image-preview":"max-image-preview:large","max-video-preview":"max-video-preview:-1"},"canonical":"https:\/\/repliquemangacine.fr\/it\/riproduzione-armi-seconda-guerra-mondiale-denix\/pistola-makarov\/","og_locale":"it_IT","og_type":"article","og_title":"Pistolet Makarov | R\u00e9plique Manga Cin\u00e9","og_description":"Pistolet Makarov en r\u00e9plique d\u00e9corative m\u00e9tal et bois, inspir\u00e9 du mod\u00e8le russe iconique. Id\u00e9al collection, cosplay et exposition. Livraison rapide.","og_url":"https:\/\/repliquemangacine.fr\/it\/riproduzione-armi-seconda-guerra-mondiale-denix\/pistola-makarov\/","og_site_name":"R\u00e9plique Manga Cin\u00e9","article_publisher":"https:\/\/www.facebook.com\/RepliqueMangaCine","article_modified_time":"2026-03-10T00:01:21+00:00","og_image":[{"width":700,"height":700,"url":"https:\/\/repliquemangacine.fr\/wp-content\/uploads\/2025\/11\/pistolet-makarov-laterale.jpg","type":"image\/jpeg"}],"twitter_card":"summary_large_image","twitter_misc":{"Tempo di lettura stimato":"3 minuti"},"schema":{"@context":"https:\/\/schema.org","@graph":[{"@type":"WebPage","@id":"https:\/\/repliquemangacine.fr\/reproductions-armes-seconde-guerre-mondiale-denix\/pistolet-makarov\/","url":"https:\/\/repliquemangacine.fr\/reproductions-armes-seconde-guerre-mondiale-denix\/pistolet-makarov\/","name":"Pistola Makarov | R\u00e9plique Manga Cin\u00e9","isPartOf":{"@id":"https:\/\/repliquemangacine.fr\/#website"},"primaryImageOfPage":{"@id":"https:\/\/repliquemangacine.fr\/reproductions-armes-seconde-guerre-mondiale-denix\/pistolet-makarov\/#primaryimage"},"image":{"@id":"https:\/\/repliquemangacine.fr\/reproductions-armes-seconde-guerre-mondiale-denix\/pistolet-makarov\/#primaryimage"},"thumbnailUrl":"https:\/\/repliquemangacine.fr\/wp-content\/uploads\/2025\/11\/pistolet-makarov-laterale.jpg","datePublished":"2025-11-07T14:06:27+00:00","dateModified":"2026-03-10T00:01:21+00:00","description":"Replica decorativa in metallo e legno della pistola Makarov, ispirata all'iconico modello russo. Ideale per collezioni, cosplay e mostre. Consegna rapida.","breadcrumb":{"@id":"https:\/\/repliquemangacine.fr\/reproductions-armes-seconde-guerre-mondiale-denix\/pistolet-makarov\/#breadcrumb"},"inLanguage":"it-IT","potentialAction":[{"@type":"ReadAction","target":["https:\/\/repliquemangacine.fr\/reproductions-armes-seconde-guerre-mondiale-denix\/pistolet-makarov\/"]}]},{"@type":"ImageObject","inLanguage":"it-IT","@id":"https:\/\/repliquemangacine.fr\/reproductions-armes-seconde-guerre-mondiale-denix\/pistolet-makarov\/#primaryimage","url":"https:\/\/repliquemangacine.fr\/wp-content\/uploads\/2025\/11\/pistolet-makarov-laterale.jpg","contentUrl":"https:\/\/repliquemangacine.fr\/wp-content\/uploads\/2025\/11\/pistolet-makarov-laterale.jpg","width":700,"height":700,"caption":"pistolet-makarov-laterale"},{"@type":"BreadcrumbList","@id":"https:\/\/repliquemangacine.fr\/reproductions-armes-seconde-guerre-mondiale-denix\/pistolet-makarov\/#breadcrumb","itemListElement":[{"@type":"ListItem","position":1,"name":"Accueil","item":"https:\/\/repliquemangacine.fr\/"},{"@type":"ListItem","position":2,"name":"Produits","item":"https:\/\/repliquemangacine.fr\/boutique\/"},{"@type":"ListItem","position":3,"name":"Pistolet Makarov"}]},{"@type":"WebSite","@id":"https:\/\/repliquemangacine.fr\/#website","url":"https:\/\/repliquemangacine.fr\/","name":"R\u00e9plique Manga Cin\u00e9","description":"","publisher":{"@id":"https:\/\/repliquemangacine.fr\/#organization"},"potentialAction":[{"@type":"SearchAction","target":{"@type":"EntryPoint","urlTemplate":"https:\/\/repliquemangacine.fr\/?s={search_term_string}"},"query-input":{"@type":"PropertyValueSpecification","valueRequired":true,"valueName":"search_term_string"}}],"inLanguage":"it-IT"},{"@type":"Organization","@id":"https:\/\/repliquemangacine.fr\/#organization","name":"R\u00e9plique Manga Cin\u00e9","url":"https:\/\/repliquemangacine.fr\/","logo":{"@type":"ImageObject","inLanguage":"it-IT","@id":"https:\/\/repliquemangacine.fr\/#\/schema\/logo\/image\/","url":"https:\/\/repliquemangacine.fr\/wp-content\/uploads\/2023\/10\/RMC-500250.png","contentUrl":"https:\/\/repliquemangacine.fr\/wp-content\/uploads\/2023\/10\/RMC-500250.png","width":500,"height":250,"caption":"R\u00e9plique Manga Cin\u00e9"},"image":{"@id":"https:\/\/repliquemangacine.fr\/#\/schema\/logo\/image\/"},"sameAs":["https:\/\/www.facebook.com\/RepliqueMangaCine","https:\/\/www.instagram.com\/repliquemangacine.fr\/"]}]}},"_links":{"self":[{"href":"https:\/\/repliquemangacine.fr\/it\/wp-json\/wp\/v2\/product\/90239","targetHints":{"allow":["GET"]}}],"collection":[{"href":"https:\/\/repliquemangacine.fr\/it\/wp-json\/wp\/v2\/product"}],"about":[{"href":"https:\/\/repliquemangacine.fr\/it\/wp-json\/wp\/v2\/types\/product"}],"wp:featuredmedia":[{"embeddable":true,"href":"https:\/\/repliquemangacine.fr\/it\/wp-json\/wp\/v2\/media\/90246"}],"wp:attachment":[{"href":"https:\/\/repliquemangacine.fr\/it\/wp-json\/wp\/v2\/media?parent=90239"}],"wp:term":[{"taxonomy":"product_brand","embeddable":true,"href":"https:\/\/repliquemangacine.fr\/it\/wp-json\/wp\/v2\/product_brand?post=90239"},{"taxonomy":"product_cat","embeddable":true,"href":"https:\/\/repliquemangacine.fr\/it\/wp-json\/wp\/v2\/product_cat?post=90239"},{"taxonomy":"product_tag","embeddable":true,"href":"https:\/\/repliquemangacine.fr\/it\/wp-json\/wp\/v2\/product_tag?post=90239"}],"curies":[{"name":"wp","href":"https:\/\/api.w.org\/{rel}","templated":true}]}}