





{"id":90225,"date":"2025-11-07T14:27:22","date_gmt":"2025-11-07T13:27:22","guid":{"rendered":"https:\/\/repliquemangacine.fr\/?post_type=product&#038;p=90225"},"modified":"2026-02-19T11:31:55","modified_gmt":"2026-02-19T10:31:55","slug":"pistola-a-percussione-pirata-in-bronzo","status":"publish","type":"product","link":"https:\/\/repliquemangacine.fr\/it\/armes-de-pirates\/pistolet-percussion-pirate-bronze\/","title":{"rendered":"Pistola a percussione pirata in bronzo"},"content":{"rendered":"<h2>Caratteristiche della pistola a percussione pirata storica in bronzo<\/h2>\n<p>Questa pistola a percussione pirata in bronzo <a href=\"https:\/\/www.denix.fr\/fr\/\" target=\"_blank\" rel=\"noopener noreferrer\">Denix<\/a> si distingue per la sua calda ed elegante finitura metallica, che ricorda le vecchie armi. La robusta struttura in legno aggiunge presenza visiva, ideale per il collezionismo e l'esposizione decorativa. La lunghezza complessiva di 37 centimetri la rende facile da maneggiare, mentre il peso realistico di 629 grammi ne aumenta la credibilit\u00e0. Questa replica si ispira alle pistole italiane utilizzate dai corsari e dai filibustieri del XVIII\u1d49 secolo. Questi avventurieri vagavano per gli oceani, alla ricerca di tesori, gloria e libert\u00e0 marittima. Questo modello rende quindi omaggio a questo mondo immaginario di audaci abbordaggi e viaggi in alto mare. Grazie alla sua estetica in bronzo, offre un'attraente alternativa colorata per i collezionisti. Questa riproduzione decorativa non funzionale soddisfa gli standard odierni, pur offrendo un fascino senza tempo. Pu\u00f2 essere facilmente integrata in una vetrina, in un arredamento a tema o in un coinvolgente costume da cosplay.<\/p>\n<h2>L'importanza e le particolarit\u00e0 di questa replica decorativa<\/h2>\n<p>Questa versione della pistola a percussione pirata in bronzo \u00e8 l'aggiunta perfetta a una collezione gi\u00e0 composta da una variet\u00e0 di pezzi storici. Il suo aspetto leggermente antico ricorda le armi invecchiate dal tempo e dagli spruzzi del mare. Inoltre, il colore contribuisce ad accentuare i dettagli scolpiti e modellati sulle parti metalliche. \u00c8 un'attrazione naturale e un invito all'immaginazione avventurosa. Inoltre, questa pistola \u00e8 un'ottima scelta per gli appassionati di cosplay che cercano una finitura realistica senza compromettere la funzionalit\u00e0. Grazie al suo ruolo decorativo, inoltre, pu\u00f2 abbellire una biblioteca, un ufficio o una stanza dedicata agli accessori tematici. Di conseguenza, questo oggetto trasmette un'autentica atmosfera piratesca. La replica incarna un simbolo di libert\u00e0, audacia e leggenda marittima senza tempo. Grazie a questa variante colorata, ogni collezione acquista un carattere distintivo e raffinato.<\/p>\n<h2>Altri articoli disponibili su R\u00e9pliqueMangaCin\u00e9<\/h2>\n<p>Infine, su <strong>ReplicaMangaCin\u00e9<\/strong>, Un'ampia selezione di armi decorative e repliche ispirate a molti mondi diversi. Gli appassionati di manga possono scoprire le katane di One Piece, Naruto, Demon Slayer e Bleach. Questi pezzi sono rivolti ai fan che cercano una forte qualit\u00e0 estetica e un riferimento fedele ai loro eroi preferiti. Inoltre, le spade di <a href=\"https:\/\/repliquemangacine.fr\/it\/film-serie-tv-vendita-di-spade-katana-e-prodotti-correlati\/\">film e serie<\/a> Abbiamo a disposizione un'ampia gamma di articoli di culto, tra cui Il Signore degli Anelli, Harry Potter e Game of Thrones. Per gli appassionati di storia, la nostra collezione comprende anche spade antiche, scudi medievali e spade dei pirati. Infine, gli appassionati del Far West troveranno <a href=\"https:\/\/repliquemangacine.fr\/it\/pistola-colt\/\">colts<\/a>, winchester e fondine per completare il loro mondo. Ogni prodotto \u00e8 selezionato con cura per garantire un'esperienza appassionata e coinvolgente. <strong>ReplicaMangaCin\u00e9<\/strong> aiuta i collezionisti a creare il proprio mondo ideale.<\/p>","protected":false},"excerpt":{"rendered":"<p><strong>Specifiche tecniche :<\/strong><\/p>\n<ul>\n<li>Corpo in legno verniciato<\/li>\n<li>Finiture in metallo fuso con finitura bronzo<\/li>\n<li>Replica decorativa non funzionale<\/li>\n<li>Pistola pirata italiana ispirata al 18\u1d49 secolo<\/li>\n<li>Marchio: Denix<\/li>\n<li>Ideale per collezioni, cosplay, decorazioni e rievocazioni<\/li>\n<li>Lunghezza totale: 37 cm<\/li>\n<li>Peso: 629 g<\/li>\n<\/ul>","protected":false},"featured_media":90232,"template":"","meta":[],"product_brand":[],"product_cat":[49,102,52,114,28],"product_tag":[],"class_list":{"0":"post-90225","1":"product","2":"type-product","3":"status-publish","4":"has-post-thumbnail","6":"product_cat-armes-de-pirates","7":"product_cat-denix","8":"product_cat-pistolet-ancien","9":"product_cat-pistolet-pirate","10":"product_cat-repliques-darmes","12":"first","13":"instock","14":"featured","15":"taxable","16":"shipping-taxable","17":"purchasable","18":"product-type-simple"},"yoast_head":"<!-- This site is optimized with the Yoast SEO plugin v27.5 - https:\/\/yoast.com\/product\/yoast-seo-wordpress\/ -->\n<title>Pistolet Percussion Pirate Bronze - R\u00e9plique Manga Cin\u00e9<\/title>\n<meta name=\"description\" content=\"Pistolet percussion pirate bronze en bois et m\u00e9tal. R\u00e9plique d\u00e9corative 37 cm. Id\u00e9al collection, cosplay et d\u00e9cor pirate authentique.\" \/>\n<meta name=\"robots\" content=\"index, follow, max-snippet:-1, max-image-preview:large, max-video-preview:-1\" \/>\n<link rel=\"canonical\" href=\"https:\/\/repliquemangacine.fr\/it\/armi-pirata\/pistola-a-percussione-pirata-in-bronzo\/\" \/>\n<meta property=\"og:locale\" content=\"it_IT\" \/>\n<meta property=\"og:type\" content=\"article\" \/>\n<meta property=\"og:title\" content=\"Pistolet Percussion Pirate Bronze - R\u00e9plique Manga Cin\u00e9\" \/>\n<meta property=\"og:description\" content=\"Pistolet percussion pirate bronze en bois et m\u00e9tal. R\u00e9plique d\u00e9corative 37 cm. Id\u00e9al collection, cosplay et d\u00e9cor pirate authentique.\" \/>\n<meta property=\"og:url\" content=\"https:\/\/repliquemangacine.fr\/it\/armi-pirata\/pistola-a-percussione-pirata-in-bronzo\/\" \/>\n<meta property=\"og:site_name\" content=\"R\u00e9plique Manga Cin\u00e9\" \/>\n<meta property=\"article:publisher\" content=\"https:\/\/www.facebook.com\/RepliqueMangaCine\" \/>\n<meta property=\"article:modified_time\" content=\"2026-02-19T10:31:55+00:00\" \/>\n<meta property=\"og:image\" content=\"https:\/\/repliquemangacine.fr\/wp-content\/uploads\/2025\/11\/pistolet-pirate-bronze-laterale.jpg\" \/>\n\t<meta property=\"og:image:width\" content=\"700\" \/>\n\t<meta property=\"og:image:height\" content=\"700\" \/>\n\t<meta property=\"og:image:type\" content=\"image\/jpeg\" \/>\n<meta name=\"twitter:card\" content=\"summary_large_image\" \/>\n<meta name=\"twitter:label1\" content=\"Tempo di lettura stimato\" \/>\n\t<meta name=\"twitter:data1\" content=\"3 minuti\" \/>\n<script type=\"application\/ld+json\" class=\"yoast-schema-graph\">{\"@context\":\"https:\\\/\\\/schema.org\",\"@graph\":[{\"@type\":\"WebPage\",\"@id\":\"https:\\\/\\\/repliquemangacine.fr\\\/armes-de-pirates\\\/pistolet-percussion-pirate-bronze\\\/\",\"url\":\"https:\\\/\\\/repliquemangacine.fr\\\/armes-de-pirates\\\/pistolet-percussion-pirate-bronze\\\/\",\"name\":\"Pistolet Percussion Pirate Bronze - R\u00e9plique Manga Cin\u00e9\",\"isPartOf\":{\"@id\":\"https:\\\/\\\/repliquemangacine.fr\\\/#website\"},\"primaryImageOfPage\":{\"@id\":\"https:\\\/\\\/repliquemangacine.fr\\\/armes-de-pirates\\\/pistolet-percussion-pirate-bronze\\\/#primaryimage\"},\"image\":{\"@id\":\"https:\\\/\\\/repliquemangacine.fr\\\/armes-de-pirates\\\/pistolet-percussion-pirate-bronze\\\/#primaryimage\"},\"thumbnailUrl\":\"https:\\\/\\\/repliquemangacine.fr\\\/wp-content\\\/uploads\\\/2025\\\/11\\\/pistolet-pirate-bronze-laterale.jpg\",\"datePublished\":\"2025-11-07T13:27:22+00:00\",\"dateModified\":\"2026-02-19T10:31:55+00:00\",\"description\":\"Pistolet percussion pirate bronze en bois et m\u00e9tal. R\u00e9plique d\u00e9corative 37 cm. Id\u00e9al collection, cosplay et d\u00e9cor pirate authentique.\",\"breadcrumb\":{\"@id\":\"https:\\\/\\\/repliquemangacine.fr\\\/armes-de-pirates\\\/pistolet-percussion-pirate-bronze\\\/#breadcrumb\"},\"inLanguage\":\"it-IT\",\"potentialAction\":[{\"@type\":\"ReadAction\",\"target\":[\"https:\\\/\\\/repliquemangacine.fr\\\/armes-de-pirates\\\/pistolet-percussion-pirate-bronze\\\/\"]}]},{\"@type\":\"ImageObject\",\"inLanguage\":\"it-IT\",\"@id\":\"https:\\\/\\\/repliquemangacine.fr\\\/armes-de-pirates\\\/pistolet-percussion-pirate-bronze\\\/#primaryimage\",\"url\":\"https:\\\/\\\/repliquemangacine.fr\\\/wp-content\\\/uploads\\\/2025\\\/11\\\/pistolet-pirate-bronze-laterale.jpg\",\"contentUrl\":\"https:\\\/\\\/repliquemangacine.fr\\\/wp-content\\\/uploads\\\/2025\\\/11\\\/pistolet-pirate-bronze-laterale.jpg\",\"width\":700,\"height\":700,\"caption\":\"Pistolet Percussion Pirate Bronze\"},{\"@type\":\"BreadcrumbList\",\"@id\":\"https:\\\/\\\/repliquemangacine.fr\\\/armes-de-pirates\\\/pistolet-percussion-pirate-bronze\\\/#breadcrumb\",\"itemListElement\":[{\"@type\":\"ListItem\",\"position\":1,\"name\":\"Accueil\",\"item\":\"https:\\\/\\\/repliquemangacine.fr\\\/\"},{\"@type\":\"ListItem\",\"position\":2,\"name\":\"Produits\",\"item\":\"https:\\\/\\\/repliquemangacine.fr\\\/boutique\\\/\"},{\"@type\":\"ListItem\",\"position\":3,\"name\":\"Pistolet Percussion Pirate Bronze\"}]},{\"@type\":\"WebSite\",\"@id\":\"https:\\\/\\\/repliquemangacine.fr\\\/#website\",\"url\":\"https:\\\/\\\/repliquemangacine.fr\\\/\",\"name\":\"R\u00e9plique Manga Cin\u00e9\",\"description\":\"\",\"publisher\":{\"@id\":\"https:\\\/\\\/repliquemangacine.fr\\\/#organization\"},\"potentialAction\":[{\"@type\":\"SearchAction\",\"target\":{\"@type\":\"EntryPoint\",\"urlTemplate\":\"https:\\\/\\\/repliquemangacine.fr\\\/?s={search_term_string}\"},\"query-input\":{\"@type\":\"PropertyValueSpecification\",\"valueRequired\":true,\"valueName\":\"search_term_string\"}}],\"inLanguage\":\"it-IT\"},{\"@type\":\"Organization\",\"@id\":\"https:\\\/\\\/repliquemangacine.fr\\\/#organization\",\"name\":\"R\u00e9plique Manga Cin\u00e9\",\"url\":\"https:\\\/\\\/repliquemangacine.fr\\\/\",\"logo\":{\"@type\":\"ImageObject\",\"inLanguage\":\"it-IT\",\"@id\":\"https:\\\/\\\/repliquemangacine.fr\\\/#\\\/schema\\\/logo\\\/image\\\/\",\"url\":\"https:\\\/\\\/repliquemangacine.fr\\\/wp-content\\\/uploads\\\/2023\\\/10\\\/RMC-500250.png\",\"contentUrl\":\"https:\\\/\\\/repliquemangacine.fr\\\/wp-content\\\/uploads\\\/2023\\\/10\\\/RMC-500250.png\",\"width\":500,\"height\":250,\"caption\":\"R\u00e9plique Manga Cin\u00e9\"},\"image\":{\"@id\":\"https:\\\/\\\/repliquemangacine.fr\\\/#\\\/schema\\\/logo\\\/image\\\/\"},\"sameAs\":[\"https:\\\/\\\/www.facebook.com\\\/RepliqueMangaCine\",\"https:\\\/\\\/www.instagram.com\\\/repliquemangacine.fr\\\/\"]}]}<\/script>\n<!-- \/ Yoast SEO plugin. -->","yoast_head_json":{"title":"Pistola a percussione pirata in bronzo - R\u00e9plique Manga Cin\u00e9","description":"Pistola pirata a percussione in bronzo, legno e metallo. Replica decorativa, 37 cm. Ideale per collezioni, cosplay e decorazioni piratesche autentiche.","robots":{"index":"index","follow":"follow","max-snippet":"max-snippet:-1","max-image-preview":"max-image-preview:large","max-video-preview":"max-video-preview:-1"},"canonical":"https:\/\/repliquemangacine.fr\/it\/armi-pirata\/pistola-a-percussione-pirata-in-bronzo\/","og_locale":"it_IT","og_type":"article","og_title":"Pistolet Percussion Pirate Bronze - R\u00e9plique Manga Cin\u00e9","og_description":"Pistolet percussion pirate bronze en bois et m\u00e9tal. R\u00e9plique d\u00e9corative 37 cm. Id\u00e9al collection, cosplay et d\u00e9cor pirate authentique.","og_url":"https:\/\/repliquemangacine.fr\/it\/armi-pirata\/pistola-a-percussione-pirata-in-bronzo\/","og_site_name":"R\u00e9plique Manga Cin\u00e9","article_publisher":"https:\/\/www.facebook.com\/RepliqueMangaCine","article_modified_time":"2026-02-19T10:31:55+00:00","og_image":[{"width":700,"height":700,"url":"https:\/\/repliquemangacine.fr\/wp-content\/uploads\/2025\/11\/pistolet-pirate-bronze-laterale.jpg","type":"image\/jpeg"}],"twitter_card":"summary_large_image","twitter_misc":{"Tempo di lettura stimato":"3 minuti"},"schema":{"@context":"https:\/\/schema.org","@graph":[{"@type":"WebPage","@id":"https:\/\/repliquemangacine.fr\/armes-de-pirates\/pistolet-percussion-pirate-bronze\/","url":"https:\/\/repliquemangacine.fr\/armes-de-pirates\/pistolet-percussion-pirate-bronze\/","name":"Pistola a percussione pirata in bronzo - R\u00e9plique Manga Cin\u00e9","isPartOf":{"@id":"https:\/\/repliquemangacine.fr\/#website"},"primaryImageOfPage":{"@id":"https:\/\/repliquemangacine.fr\/armes-de-pirates\/pistolet-percussion-pirate-bronze\/#primaryimage"},"image":{"@id":"https:\/\/repliquemangacine.fr\/armes-de-pirates\/pistolet-percussion-pirate-bronze\/#primaryimage"},"thumbnailUrl":"https:\/\/repliquemangacine.fr\/wp-content\/uploads\/2025\/11\/pistolet-pirate-bronze-laterale.jpg","datePublished":"2025-11-07T13:27:22+00:00","dateModified":"2026-02-19T10:31:55+00:00","description":"Pistola pirata a percussione in bronzo, legno e metallo. Replica decorativa, 37 cm. Ideale per collezioni, cosplay e decorazioni piratesche autentiche.","breadcrumb":{"@id":"https:\/\/repliquemangacine.fr\/armes-de-pirates\/pistolet-percussion-pirate-bronze\/#breadcrumb"},"inLanguage":"it-IT","potentialAction":[{"@type":"ReadAction","target":["https:\/\/repliquemangacine.fr\/armes-de-pirates\/pistolet-percussion-pirate-bronze\/"]}]},{"@type":"ImageObject","inLanguage":"it-IT","@id":"https:\/\/repliquemangacine.fr\/armes-de-pirates\/pistolet-percussion-pirate-bronze\/#primaryimage","url":"https:\/\/repliquemangacine.fr\/wp-content\/uploads\/2025\/11\/pistolet-pirate-bronze-laterale.jpg","contentUrl":"https:\/\/repliquemangacine.fr\/wp-content\/uploads\/2025\/11\/pistolet-pirate-bronze-laterale.jpg","width":700,"height":700,"caption":"Pistolet Percussion Pirate Bronze"},{"@type":"BreadcrumbList","@id":"https:\/\/repliquemangacine.fr\/armes-de-pirates\/pistolet-percussion-pirate-bronze\/#breadcrumb","itemListElement":[{"@type":"ListItem","position":1,"name":"Accueil","item":"https:\/\/repliquemangacine.fr\/"},{"@type":"ListItem","position":2,"name":"Produits","item":"https:\/\/repliquemangacine.fr\/boutique\/"},{"@type":"ListItem","position":3,"name":"Pistolet Percussion Pirate Bronze"}]},{"@type":"WebSite","@id":"https:\/\/repliquemangacine.fr\/#website","url":"https:\/\/repliquemangacine.fr\/","name":"R\u00e9plique Manga Cin\u00e9","description":"","publisher":{"@id":"https:\/\/repliquemangacine.fr\/#organization"},"potentialAction":[{"@type":"SearchAction","target":{"@type":"EntryPoint","urlTemplate":"https:\/\/repliquemangacine.fr\/?s={search_term_string}"},"query-input":{"@type":"PropertyValueSpecification","valueRequired":true,"valueName":"search_term_string"}}],"inLanguage":"it-IT"},{"@type":"Organization","@id":"https:\/\/repliquemangacine.fr\/#organization","name":"R\u00e9plique Manga Cin\u00e9","url":"https:\/\/repliquemangacine.fr\/","logo":{"@type":"ImageObject","inLanguage":"it-IT","@id":"https:\/\/repliquemangacine.fr\/#\/schema\/logo\/image\/","url":"https:\/\/repliquemangacine.fr\/wp-content\/uploads\/2023\/10\/RMC-500250.png","contentUrl":"https:\/\/repliquemangacine.fr\/wp-content\/uploads\/2023\/10\/RMC-500250.png","width":500,"height":250,"caption":"R\u00e9plique Manga Cin\u00e9"},"image":{"@id":"https:\/\/repliquemangacine.fr\/#\/schema\/logo\/image\/"},"sameAs":["https:\/\/www.facebook.com\/RepliqueMangaCine","https:\/\/www.instagram.com\/repliquemangacine.fr\/"]}]}},"_links":{"self":[{"href":"https:\/\/repliquemangacine.fr\/it\/wp-json\/wp\/v2\/product\/90225","targetHints":{"allow":["GET"]}}],"collection":[{"href":"https:\/\/repliquemangacine.fr\/it\/wp-json\/wp\/v2\/product"}],"about":[{"href":"https:\/\/repliquemangacine.fr\/it\/wp-json\/wp\/v2\/types\/product"}],"wp:featuredmedia":[{"embeddable":true,"href":"https:\/\/repliquemangacine.fr\/it\/wp-json\/wp\/v2\/media\/90232"}],"wp:attachment":[{"href":"https:\/\/repliquemangacine.fr\/it\/wp-json\/wp\/v2\/media?parent=90225"}],"wp:term":[{"taxonomy":"product_brand","embeddable":true,"href":"https:\/\/repliquemangacine.fr\/it\/wp-json\/wp\/v2\/product_brand?post=90225"},{"taxonomy":"product_cat","embeddable":true,"href":"https:\/\/repliquemangacine.fr\/it\/wp-json\/wp\/v2\/product_cat?post=90225"},{"taxonomy":"product_tag","embeddable":true,"href":"https:\/\/repliquemangacine.fr\/it\/wp-json\/wp\/v2\/product_tag?post=90225"}],"curies":[{"name":"wp","href":"https:\/\/api.w.org\/{rel}","templated":true}]}}