





{"id":90180,"date":"2025-11-06T16:56:13","date_gmt":"2025-11-06T15:56:13","guid":{"rendered":"https:\/\/repliquemangacine.fr\/?post_type=product&#038;p=90180"},"modified":"2026-02-19T11:32:20","modified_gmt":"2026-02-19T10:32:20","slug":"la-spada-oscura-di-sauron-gli-anelli-del-potere","status":"publish","type":"product","link":"https:\/\/repliquemangacine.fr\/it\/epees-et-dague-les-anneaux-de-pouvoir\/epee-sombre-de-sauron-les-anneaux-du-pouvoir\/","title":{"rendered":"La Spada Oscura di Sauron - Gli Anelli del Potere"},"content":{"rendered":"<h2>La Spada Oscura di Sauron - Il potere dell'ombra<\/h2>\n<p>Prima di tutto, questo <strong>Spada oscura di Sauron<\/strong> rappresenta il potere dominante di Sauron, come appare ne Gli Anelli del Potere. La sua lunghezza sottile e la sua tonalit\u00e0 metallica scura evocano immediatamente le fucine dell'Impero. <a href=\"https:\/\/lotr.fandom.com\/fr\/wiki\/Mordor\" target=\"_blank\" rel=\"noopener noreferrer\">Mordor<\/a>. Inoltre, il marchio di Sauron inciso sulla lama ne rafforza la dimensione sacra e maledetta. Realizzata interamente in metallo, ha una presenza visiva intensa, quasi minacciosa. Non \u00e8 quindi un semplice oggetto decorativo, ma impone la sua aura. Inoltre, la sua silhouette angolare e minacciosa attira naturalmente l'attenzione. Si rivolge ai collezionisti che sono alla ricerca di pezzi significativi. Infine, questa spada incarna la tentazione del potere, la lotta interiore e la grandezza perduta. Non \u00e8 solo un'arma: \u00e8 un'intera storia da mostrare.<\/p>\n<h2>Una lama elegante e terribilmente oscura<\/h2>\n<p>Questa replica si distingue per la meticolosit\u00e0 dei dettagli, che rafforzano l'impressione di una creazione di un'epoca dimenticata. Infatti, l'elsa irta ricorda una corona spezzata, mentre la lunga lama sembra pronta a fendere la luce stessa. Ogni curva, ogni rilievo, sembra deliberatamente scolpito per esprimere il dominio. Inoltre, grazie al suo equilibrio visivo, pu\u00f2 diventare il pezzo forte di qualsiasi collezione. Pu\u00f2 essere esposta a parete, in una vetrina o su uno stand dedicato. Grazie alla sua finitura scura, emana un'atmosfera profonda e seria. \u00c8 quindi adatto sia agli appassionati di fantasy sia agli amanti della decorazione drammatica. Non \u00e8 solo bello, racconta una storia. Sussurra una leggenda oscura. E invita a entrare nell'Ombra.<\/p>\n<h2>Completate la vostra collezione con le reliquie leggendarie<\/h2>\n<p>Per creare una scena completa della Terra di Mezzo, \u00e8 possibile combinare questa spada con altri pezzi emblematici. Per prima cosa, date un'occhiata alla replica della\u2019<a href=\"https:\/\/repliquemangacine.fr\/it\/spade-e-pugnali-gli-anelli-del-potere\/spada-di-galadriel-anelli-del-potere\/\">Spada di Galadriel<\/a>, un simbolo della saggezza e della luce elfica, che costituisce un affascinante contrasto con l'Ombra di Sauron. Aggiungete poi il\u2019<a href=\"https:\/\/repliquemangacine.fr\/it\/spade-e-pugnali-gli-anelli-del-potere\/spada-di-numenor-gli-anelli-del-potere\/\">Spada di N\u00famenor<\/a>, Il pomo ha la forma di una testa di cavallo, a ricordare la nobilt\u00e0 e l'eredit\u00e0 reale degli uomini. Infine, completate il vostro arredamento con il <a href=\"https:\/\/repliquemangacine.fr\/it\/spade-e-pugnali-gli-anelli-del-potere\/martello-di-celebrimbor\/\">Martello di Celebrimbor<\/a>, lo strumento usato per creare gli Anelli, intriso di storia e mistero. Insieme, questi pezzi formano un insieme armonioso, in equilibrio tra luce, potere, eredit\u00e0 e destino. E naturalmente, altre repliche eccezionali vi aspettano su R\u00e9plique Manga Cin\u00e9, per arricchire la vostra galleria di eroi.<\/p>","protected":false},"excerpt":{"rendered":"<p>Splendida replica della Spada Oscura di Sauron degli Anelli del Potere.<\/p>\n<ul>\n<li>Lama in acciaio bicolore con il marchio di Sauron<\/li>\n<li>Maniglia e pomolo in acciaio nichelato anticato<\/li>\n<li>Anche la guardia \u00e8 fatta di acciaio invecchiato, apparentemente forgiato nelle fiamme di Morgoth.<\/li>\n<li>Fornito con una staffa da parete in legno con il logo Sauron<\/li>\n<li>Lunghezza lama: 72,5 cm - Lunghezza totale: 96 cm<\/li>\n<li>Peso: 1336 gr<\/li>\n<\/ul>","protected":false},"featured_media":90181,"template":"","meta":[],"product_brand":[],"product_cat":[106],"product_tag":[979,978],"class_list":{"0":"post-90180","1":"product","2":"type-product","3":"status-publish","4":"has-post-thumbnail","6":"product_cat-epees-et-dague-les-anneaux-de-pouvoir","7":"product_tag-epee-anneaux-du-pouvoir","8":"product_tag-epee-sombre-sauron","10":"first","11":"instock","12":"taxable","13":"shipping-taxable","14":"purchasable","15":"product-type-simple"},"yoast_head":"<!-- This site is optimized with the Yoast SEO plugin v27.4 - https:\/\/yoast.com\/product\/yoast-seo-wordpress\/ -->\n<title>\u00c9p\u00e9e Sombre de Sauron - Les Anneaux du Pouvoir | RMC<\/title>\n<meta name=\"description\" content=\"\u00c9p\u00e9e Sombre de Sauron en m\u00e9tal avec marque grav\u00e9e. R\u00e9plique de collection inspir\u00e9e des Anneaux du Pouvoir. Pr\u00e9sence puissante et d\u00e9corative.\" \/>\n<meta name=\"robots\" content=\"index, follow, max-snippet:-1, max-image-preview:large, max-video-preview:-1\" \/>\n<link rel=\"canonical\" href=\"https:\/\/repliquemangacine.fr\/it\/spade-e-pugnali-gli-anelli-del-potere\/la-spada-oscura-di-sauron-gli-anelli-del-potere\/\" \/>\n<meta property=\"og:locale\" content=\"it_IT\" \/>\n<meta property=\"og:type\" content=\"article\" \/>\n<meta property=\"og:title\" content=\"\u00c9p\u00e9e Sombre de Sauron - Les Anneaux du Pouvoir | RMC\" \/>\n<meta property=\"og:description\" content=\"\u00c9p\u00e9e Sombre de Sauron en m\u00e9tal avec marque grav\u00e9e. R\u00e9plique de collection inspir\u00e9e des Anneaux du Pouvoir. Pr\u00e9sence puissante et d\u00e9corative.\" \/>\n<meta property=\"og:url\" content=\"https:\/\/repliquemangacine.fr\/it\/spade-e-pugnali-gli-anelli-del-potere\/la-spada-oscura-di-sauron-gli-anelli-del-potere\/\" \/>\n<meta property=\"og:site_name\" content=\"R\u00e9plique Manga Cin\u00e9\" \/>\n<meta property=\"article:publisher\" content=\"https:\/\/www.facebook.com\/RepliqueMangaCine\" \/>\n<meta property=\"article:modified_time\" content=\"2026-02-19T10:32:20+00:00\" \/>\n<meta property=\"og:image\" content=\"https:\/\/repliquemangacine.fr\/wp-content\/uploads\/2025\/11\/Epee-sombre-de-Sauron.jpg\" \/>\n\t<meta property=\"og:image:width\" content=\"700\" \/>\n\t<meta property=\"og:image:height\" content=\"700\" \/>\n\t<meta property=\"og:image:type\" content=\"image\/jpeg\" \/>\n<meta name=\"twitter:card\" content=\"summary_large_image\" \/>\n<meta name=\"twitter:label1\" content=\"Tempo di lettura stimato\" \/>\n\t<meta name=\"twitter:data1\" content=\"3 minuti\" \/>\n<script type=\"application\/ld+json\" class=\"yoast-schema-graph\">{\"@context\":\"https:\\\/\\\/schema.org\",\"@graph\":[{\"@type\":\"WebPage\",\"@id\":\"https:\\\/\\\/repliquemangacine.fr\\\/epees-et-dague-les-anneaux-de-pouvoir\\\/epee-sombre-de-sauron-les-anneaux-du-pouvoir\\\/\",\"url\":\"https:\\\/\\\/repliquemangacine.fr\\\/epees-et-dague-les-anneaux-de-pouvoir\\\/epee-sombre-de-sauron-les-anneaux-du-pouvoir\\\/\",\"name\":\"\u00c9p\u00e9e Sombre de Sauron - Les Anneaux du Pouvoir | RMC\",\"isPartOf\":{\"@id\":\"https:\\\/\\\/repliquemangacine.fr\\\/#website\"},\"primaryImageOfPage\":{\"@id\":\"https:\\\/\\\/repliquemangacine.fr\\\/epees-et-dague-les-anneaux-de-pouvoir\\\/epee-sombre-de-sauron-les-anneaux-du-pouvoir\\\/#primaryimage\"},\"image\":{\"@id\":\"https:\\\/\\\/repliquemangacine.fr\\\/epees-et-dague-les-anneaux-de-pouvoir\\\/epee-sombre-de-sauron-les-anneaux-du-pouvoir\\\/#primaryimage\"},\"thumbnailUrl\":\"https:\\\/\\\/repliquemangacine.fr\\\/wp-content\\\/uploads\\\/2025\\\/11\\\/Epee-sombre-de-Sauron.jpg\",\"datePublished\":\"2025-11-06T15:56:13+00:00\",\"dateModified\":\"2026-02-19T10:32:20+00:00\",\"description\":\"\u00c9p\u00e9e Sombre de Sauron en m\u00e9tal avec marque grav\u00e9e. R\u00e9plique de collection inspir\u00e9e des Anneaux du Pouvoir. Pr\u00e9sence puissante et d\u00e9corative.\",\"breadcrumb\":{\"@id\":\"https:\\\/\\\/repliquemangacine.fr\\\/epees-et-dague-les-anneaux-de-pouvoir\\\/epee-sombre-de-sauron-les-anneaux-du-pouvoir\\\/#breadcrumb\"},\"inLanguage\":\"it-IT\",\"potentialAction\":[{\"@type\":\"ReadAction\",\"target\":[\"https:\\\/\\\/repliquemangacine.fr\\\/epees-et-dague-les-anneaux-de-pouvoir\\\/epee-sombre-de-sauron-les-anneaux-du-pouvoir\\\/\"]}]},{\"@type\":\"ImageObject\",\"inLanguage\":\"it-IT\",\"@id\":\"https:\\\/\\\/repliquemangacine.fr\\\/epees-et-dague-les-anneaux-de-pouvoir\\\/epee-sombre-de-sauron-les-anneaux-du-pouvoir\\\/#primaryimage\",\"url\":\"https:\\\/\\\/repliquemangacine.fr\\\/wp-content\\\/uploads\\\/2025\\\/11\\\/Epee-sombre-de-Sauron.jpg\",\"contentUrl\":\"https:\\\/\\\/repliquemangacine.fr\\\/wp-content\\\/uploads\\\/2025\\\/11\\\/Epee-sombre-de-Sauron.jpg\",\"width\":700,\"height\":700,\"caption\":\"\u00c9p\u00e9e Sombre de Sauron -Les Anneaux du Pouvoir\"},{\"@type\":\"BreadcrumbList\",\"@id\":\"https:\\\/\\\/repliquemangacine.fr\\\/epees-et-dague-les-anneaux-de-pouvoir\\\/epee-sombre-de-sauron-les-anneaux-du-pouvoir\\\/#breadcrumb\",\"itemListElement\":[{\"@type\":\"ListItem\",\"position\":1,\"name\":\"Accueil\",\"item\":\"https:\\\/\\\/repliquemangacine.fr\\\/\"},{\"@type\":\"ListItem\",\"position\":2,\"name\":\"Produits\",\"item\":\"https:\\\/\\\/repliquemangacine.fr\\\/boutique\\\/\"},{\"@type\":\"ListItem\",\"position\":3,\"name\":\"\u00c9p\u00e9e Sombre de Sauron &#8211; Les Anneaux du Pouvoir\"}]},{\"@type\":\"WebSite\",\"@id\":\"https:\\\/\\\/repliquemangacine.fr\\\/#website\",\"url\":\"https:\\\/\\\/repliquemangacine.fr\\\/\",\"name\":\"R\u00e9plique Manga Cin\u00e9\",\"description\":\"\",\"publisher\":{\"@id\":\"https:\\\/\\\/repliquemangacine.fr\\\/#organization\"},\"potentialAction\":[{\"@type\":\"SearchAction\",\"target\":{\"@type\":\"EntryPoint\",\"urlTemplate\":\"https:\\\/\\\/repliquemangacine.fr\\\/?s={search_term_string}\"},\"query-input\":{\"@type\":\"PropertyValueSpecification\",\"valueRequired\":true,\"valueName\":\"search_term_string\"}}],\"inLanguage\":\"it-IT\"},{\"@type\":\"Organization\",\"@id\":\"https:\\\/\\\/repliquemangacine.fr\\\/#organization\",\"name\":\"R\u00e9plique Manga Cin\u00e9\",\"url\":\"https:\\\/\\\/repliquemangacine.fr\\\/\",\"logo\":{\"@type\":\"ImageObject\",\"inLanguage\":\"it-IT\",\"@id\":\"https:\\\/\\\/repliquemangacine.fr\\\/#\\\/schema\\\/logo\\\/image\\\/\",\"url\":\"https:\\\/\\\/repliquemangacine.fr\\\/wp-content\\\/uploads\\\/2023\\\/10\\\/RMC-500250.png\",\"contentUrl\":\"https:\\\/\\\/repliquemangacine.fr\\\/wp-content\\\/uploads\\\/2023\\\/10\\\/RMC-500250.png\",\"width\":500,\"height\":250,\"caption\":\"R\u00e9plique Manga Cin\u00e9\"},\"image\":{\"@id\":\"https:\\\/\\\/repliquemangacine.fr\\\/#\\\/schema\\\/logo\\\/image\\\/\"},\"sameAs\":[\"https:\\\/\\\/www.facebook.com\\\/RepliqueMangaCine\",\"https:\\\/\\\/www.instagram.com\\\/repliquemangacine.fr\\\/\"]}]}<\/script>\n<!-- \/ Yoast SEO plugin. -->","yoast_head_json":{"title":"La Spada Oscura di Sauron - Gli Anelli del Potere | RMC","description":"Spada Oscura di Sauron in metallo con marchio inciso. Replica da collezione ispirata agli Anelli del Potere. Una presenza potente e decorativa.","robots":{"index":"index","follow":"follow","max-snippet":"max-snippet:-1","max-image-preview":"max-image-preview:large","max-video-preview":"max-video-preview:-1"},"canonical":"https:\/\/repliquemangacine.fr\/it\/spade-e-pugnali-gli-anelli-del-potere\/la-spada-oscura-di-sauron-gli-anelli-del-potere\/","og_locale":"it_IT","og_type":"article","og_title":"\u00c9p\u00e9e Sombre de Sauron - Les Anneaux du Pouvoir | RMC","og_description":"\u00c9p\u00e9e Sombre de Sauron en m\u00e9tal avec marque grav\u00e9e. R\u00e9plique de collection inspir\u00e9e des Anneaux du Pouvoir. Pr\u00e9sence puissante et d\u00e9corative.","og_url":"https:\/\/repliquemangacine.fr\/it\/spade-e-pugnali-gli-anelli-del-potere\/la-spada-oscura-di-sauron-gli-anelli-del-potere\/","og_site_name":"R\u00e9plique Manga Cin\u00e9","article_publisher":"https:\/\/www.facebook.com\/RepliqueMangaCine","article_modified_time":"2026-02-19T10:32:20+00:00","og_image":[{"width":700,"height":700,"url":"https:\/\/repliquemangacine.fr\/wp-content\/uploads\/2025\/11\/Epee-sombre-de-Sauron.jpg","type":"image\/jpeg"}],"twitter_card":"summary_large_image","twitter_misc":{"Tempo di lettura stimato":"3 minuti"},"schema":{"@context":"https:\/\/schema.org","@graph":[{"@type":"WebPage","@id":"https:\/\/repliquemangacine.fr\/epees-et-dague-les-anneaux-de-pouvoir\/epee-sombre-de-sauron-les-anneaux-du-pouvoir\/","url":"https:\/\/repliquemangacine.fr\/epees-et-dague-les-anneaux-de-pouvoir\/epee-sombre-de-sauron-les-anneaux-du-pouvoir\/","name":"La Spada Oscura di Sauron - Gli Anelli del Potere | RMC","isPartOf":{"@id":"https:\/\/repliquemangacine.fr\/#website"},"primaryImageOfPage":{"@id":"https:\/\/repliquemangacine.fr\/epees-et-dague-les-anneaux-de-pouvoir\/epee-sombre-de-sauron-les-anneaux-du-pouvoir\/#primaryimage"},"image":{"@id":"https:\/\/repliquemangacine.fr\/epees-et-dague-les-anneaux-de-pouvoir\/epee-sombre-de-sauron-les-anneaux-du-pouvoir\/#primaryimage"},"thumbnailUrl":"https:\/\/repliquemangacine.fr\/wp-content\/uploads\/2025\/11\/Epee-sombre-de-Sauron.jpg","datePublished":"2025-11-06T15:56:13+00:00","dateModified":"2026-02-19T10:32:20+00:00","description":"Spada Oscura di Sauron in metallo con marchio inciso. Replica da collezione ispirata agli Anelli del Potere. Una presenza potente e decorativa.","breadcrumb":{"@id":"https:\/\/repliquemangacine.fr\/epees-et-dague-les-anneaux-de-pouvoir\/epee-sombre-de-sauron-les-anneaux-du-pouvoir\/#breadcrumb"},"inLanguage":"it-IT","potentialAction":[{"@type":"ReadAction","target":["https:\/\/repliquemangacine.fr\/epees-et-dague-les-anneaux-de-pouvoir\/epee-sombre-de-sauron-les-anneaux-du-pouvoir\/"]}]},{"@type":"ImageObject","inLanguage":"it-IT","@id":"https:\/\/repliquemangacine.fr\/epees-et-dague-les-anneaux-de-pouvoir\/epee-sombre-de-sauron-les-anneaux-du-pouvoir\/#primaryimage","url":"https:\/\/repliquemangacine.fr\/wp-content\/uploads\/2025\/11\/Epee-sombre-de-Sauron.jpg","contentUrl":"https:\/\/repliquemangacine.fr\/wp-content\/uploads\/2025\/11\/Epee-sombre-de-Sauron.jpg","width":700,"height":700,"caption":"\u00c9p\u00e9e Sombre de Sauron -Les Anneaux du Pouvoir"},{"@type":"BreadcrumbList","@id":"https:\/\/repliquemangacine.fr\/epees-et-dague-les-anneaux-de-pouvoir\/epee-sombre-de-sauron-les-anneaux-du-pouvoir\/#breadcrumb","itemListElement":[{"@type":"ListItem","position":1,"name":"Accueil","item":"https:\/\/repliquemangacine.fr\/"},{"@type":"ListItem","position":2,"name":"Produits","item":"https:\/\/repliquemangacine.fr\/boutique\/"},{"@type":"ListItem","position":3,"name":"\u00c9p\u00e9e Sombre de Sauron &#8211; Les Anneaux du Pouvoir"}]},{"@type":"WebSite","@id":"https:\/\/repliquemangacine.fr\/#website","url":"https:\/\/repliquemangacine.fr\/","name":"R\u00e9plique Manga Cin\u00e9","description":"","publisher":{"@id":"https:\/\/repliquemangacine.fr\/#organization"},"potentialAction":[{"@type":"SearchAction","target":{"@type":"EntryPoint","urlTemplate":"https:\/\/repliquemangacine.fr\/?s={search_term_string}"},"query-input":{"@type":"PropertyValueSpecification","valueRequired":true,"valueName":"search_term_string"}}],"inLanguage":"it-IT"},{"@type":"Organization","@id":"https:\/\/repliquemangacine.fr\/#organization","name":"R\u00e9plique Manga Cin\u00e9","url":"https:\/\/repliquemangacine.fr\/","logo":{"@type":"ImageObject","inLanguage":"it-IT","@id":"https:\/\/repliquemangacine.fr\/#\/schema\/logo\/image\/","url":"https:\/\/repliquemangacine.fr\/wp-content\/uploads\/2023\/10\/RMC-500250.png","contentUrl":"https:\/\/repliquemangacine.fr\/wp-content\/uploads\/2023\/10\/RMC-500250.png","width":500,"height":250,"caption":"R\u00e9plique Manga Cin\u00e9"},"image":{"@id":"https:\/\/repliquemangacine.fr\/#\/schema\/logo\/image\/"},"sameAs":["https:\/\/www.facebook.com\/RepliqueMangaCine","https:\/\/www.instagram.com\/repliquemangacine.fr\/"]}]}},"_links":{"self":[{"href":"https:\/\/repliquemangacine.fr\/it\/wp-json\/wp\/v2\/product\/90180","targetHints":{"allow":["GET"]}}],"collection":[{"href":"https:\/\/repliquemangacine.fr\/it\/wp-json\/wp\/v2\/product"}],"about":[{"href":"https:\/\/repliquemangacine.fr\/it\/wp-json\/wp\/v2\/types\/product"}],"wp:featuredmedia":[{"embeddable":true,"href":"https:\/\/repliquemangacine.fr\/it\/wp-json\/wp\/v2\/media\/90181"}],"wp:attachment":[{"href":"https:\/\/repliquemangacine.fr\/it\/wp-json\/wp\/v2\/media?parent=90180"}],"wp:term":[{"taxonomy":"product_brand","embeddable":true,"href":"https:\/\/repliquemangacine.fr\/it\/wp-json\/wp\/v2\/product_brand?post=90180"},{"taxonomy":"product_cat","embeddable":true,"href":"https:\/\/repliquemangacine.fr\/it\/wp-json\/wp\/v2\/product_cat?post=90180"},{"taxonomy":"product_tag","embeddable":true,"href":"https:\/\/repliquemangacine.fr\/it\/wp-json\/wp\/v2\/product_tag?post=90180"}],"curies":[{"name":"wp","href":"https:\/\/api.w.org\/{rel}","templated":true}]}}