





{"id":90143,"date":"2025-11-05T18:41:06","date_gmt":"2025-11-05T17:41:06","guid":{"rendered":"https:\/\/repliquemangacine.fr\/?post_type=product&#038;p=90143"},"modified":"2026-02-19T11:32:32","modified_gmt":"2026-02-19T10:32:32","slug":"spada-spezzata-di-sauron-gli-anelli-del-potere","status":"publish","type":"product","link":"https:\/\/repliquemangacine.fr\/it\/epees-et-dague-les-anneaux-de-pouvoir\/epee-brisee-de-sauron-les-anneaux-du-pouvoir\/","title":{"rendered":"La Spada Spezzata di Sauron - Gli Anelli del Potere"},"content":{"rendered":"<h2>La Spada Spezzata di Sauron - Reliquia Maledetta dell'Ombra<\/h2>\n<p>Prima di tutto, questa Spada Spezzata di Sauron \u00e8 un simbolo. Incarna il potere oscuro di Sauron ne Gli Anelli del Potere. Appare nelle mani di Theo, un giovane incuriosito dall'aura terribile di questa lama. L'elsa sembra forgiata nelle fiamme di Morgoth. Ogni dettaglio ricorda un'epoca di conquiste sanguinose. La lama, fratturata ma ancora minacciosa, racconta la storia di un'antica guerra. \u00c8 realizzata interamente in metallo, il che ne aumenta il realismo. Il marchio di Sauron \u00e8 visibile anche sulla parte superiore della lama. Sembra quasi viva. I collezionisti del <a href=\"https:\/\/www.tolkiendil.com\/bienvenue\" target=\"_blank\" rel=\"noopener noreferrer\">Tolkien<\/a> riconoscer\u00e0 immediatamente la sua silhouette unica. Si fa rispettare in qualsiasi collezione. Evoca corruzione, tentazione e destino. La sua presenza oscura \u00e8 immediatamente evidente. \u00c8 un potente pezzo da esposizione. Cattura lo sguardo e trattiene l'attenzione, non ha bisogno di parole per parlare, dice gi\u00e0 tutto.<\/p>\n<h2>Design scuro e dettagli autentici<\/h2>\n<p>Questa replica riproduce fedelmente l'estetica vista nella serie Rings of Power. Ha la stessa struttura metallica ruvida. Le punte dell'elsa ricordano una corona caduta. La lama presenta una frattura netta ma mistica. Questa frattura non ne riduce la potenza. Al contrario, le conferisce un carattere drammatico. Sembra essere uscita direttamente dalle fucine dell'Ombra. Il metallo scuro rafforza l'aspetto maledetto. \u00c8 un oggetto progettato per l'esposizione, non per il combattimento. Tuttavia, mantiene una presenza imponente. L'impugnatura \u00e8 naturale. Far\u00e0 un figurone su una parete, su una vetrina o su uno stand dedicato. Gli appassionati di decorazioni medievali fantastiche ne saranno entusiasti. Crea immediatamente un'atmosfera misteriosa. Ma non passa mai inosservato. Cos\u00ec diventa un punto focale in ogni stanza.<\/p>\n<h2>Per i collezionisti e gli appassionati delle Terre di Mezzo<\/h2>\n<p>Questa Spada Spezzata di Sauron si inserisce perfettamente in una collezione dedicata al mondo di Tolkien. Per completare l'atmosfera, scoprite anche la <a href=\"https:\/\/repliquemangacine.fr\/it\/spade-e-pugnali-gli-anelli-del-potere\/pugnale-finrod-pugnale-galadriel-gli-anelli-del-potere\/\">Pugnale di Finrod e Galadriel<\/a>perfetto per richiamare la lotta tra luce e tenebre. Poi, il<a href=\"https:\/\/repliquemangacine.fr\/it\/spade-e-pugnali-gli-anelli-del-potere\/spada-di-delendil-gli-anelli-del-potere\/\">Spada di Elendil<\/a>simbolo di coraggio e di eredit\u00e0 reale, arricchisce ulteriormente la mitologia della vostra collezione. \u00c8 inoltre possibile aggiungere il<a href=\"https:\/\/repliquemangacine.fr\/it\/spade-del-signore-degli-anelli\/signore-degli-anelli-isildur-spada\/\">La spada di Isildur<\/a>Ogni pezzo racconta una parte diversa della leggenda. Ogni pezzo racconta una parte della leggenda. E molto altro \u00e8 disponibile su R\u00e9plique Manga Cin\u00e9. Cos\u00ec potrete creare una vera e propria stanza dalle Cronache della Luce e dell'Ombra. In conclusione, questa lama non \u00e8 isolata, ma fa parte di un universo epico, pronto a prendere vita sulle vostre pareti.<\/p>","protected":false},"excerpt":{"rendered":"<p>Una splendida replica della Spada Spezzata di Sauron, scoperta da Theo negli Anelli del Potere.<\/p>\n<ul>\n<li>Lama spezzata in acciaio bicolore con il marchio di Sauron<\/li>\n<li>Maniglia e pomolo in acciaio nichelato anticato<\/li>\n<li>Anche la guardia \u00e8 fatta di acciaio invecchiato, apparentemente forgiato nelle fiamme di Morgoth.<\/li>\n<li>Fornito con una staffa da parete in legno con il logo Sauron<\/li>\n<li>Lunghezza lama: 17 cm - Lunghezza totale: 40 cm<\/li>\n<li>Peso: 808 g<\/li>\n<\/ul>","protected":false},"featured_media":90145,"template":"","meta":[],"product_brand":[],"product_cat":[106],"product_tag":[975,971,969,972,977,973,974,970,976],"class_list":{"0":"post-90143","1":"product","2":"type-product","3":"status-publish","4":"has-post-thumbnail","6":"product_cat-epees-et-dague-les-anneaux-de-pouvoir","7":"product_tag-dark-lord-broken-sword","8":"product_tag-epee-les-anneaux-du-pouvoir","9":"product_tag-epee-sauron-anneaux-du-pouvoir","10":"product_tag-epee-theo-anneaux-du-pouvoir","11":"product_tag-middle-earth-collectible-weapon","12":"product_tag-relique-sauron","13":"product_tag-replique-anneaux-du-pouvoir","14":"product_tag-replique-sauron","15":"product_tag-rings-of-power-sword-replica","17":"first","18":"instock","19":"taxable","20":"shipping-taxable","21":"purchasable","22":"product-type-simple"},"yoast_head":"<!-- This site is optimized with the Yoast SEO plugin v27.4 - https:\/\/yoast.com\/product\/yoast-seo-wordpress\/ -->\n<title>Ep\u00e9e Bris\u00e9e de Sauron - Les anneaux du pouvoir | RMC<\/title>\n<meta name=\"description\" content=\"R\u00e9plique en m\u00e9tal de l\u2019Ep\u00e9e Bris\u00e9e de Sauron vue dans Les Anneaux du Pouvoir. Pi\u00e8ce de collection sombre et iconique pour fans de Tolkien.\" \/>\n<meta name=\"robots\" content=\"index, follow, max-snippet:-1, max-image-preview:large, max-video-preview:-1\" \/>\n<link rel=\"canonical\" href=\"https:\/\/repliquemangacine.fr\/it\/spade-e-pugnali-gli-anelli-del-potere\/spada-spezzata-di-sauron-gli-anelli-del-potere\/\" \/>\n<meta property=\"og:locale\" content=\"it_IT\" \/>\n<meta property=\"og:type\" content=\"article\" \/>\n<meta property=\"og:title\" content=\"Ep\u00e9e Bris\u00e9e de Sauron - Les anneaux du pouvoir | RMC\" \/>\n<meta property=\"og:description\" content=\"R\u00e9plique en m\u00e9tal de l\u2019Ep\u00e9e Bris\u00e9e de Sauron vue dans Les Anneaux du Pouvoir. Pi\u00e8ce de collection sombre et iconique pour fans de Tolkien.\" \/>\n<meta property=\"og:url\" content=\"https:\/\/repliquemangacine.fr\/it\/spade-e-pugnali-gli-anelli-del-potere\/spada-spezzata-di-sauron-gli-anelli-del-potere\/\" \/>\n<meta property=\"og:site_name\" content=\"R\u00e9plique Manga Cin\u00e9\" \/>\n<meta property=\"article:publisher\" content=\"https:\/\/www.facebook.com\/RepliqueMangaCine\" \/>\n<meta property=\"article:modified_time\" content=\"2026-02-19T10:32:32+00:00\" \/>\n<meta property=\"og:image\" content=\"https:\/\/repliquemangacine.fr\/wp-content\/uploads\/2025\/11\/Epee-brisee-de-sauron.jpg\" \/>\n\t<meta property=\"og:image:width\" content=\"700\" \/>\n\t<meta property=\"og:image:height\" content=\"700\" \/>\n\t<meta property=\"og:image:type\" content=\"image\/jpeg\" \/>\n<meta name=\"twitter:card\" content=\"summary_large_image\" \/>\n<meta name=\"twitter:label1\" content=\"Tempo di lettura stimato\" \/>\n\t<meta name=\"twitter:data1\" content=\"3 minuti\" \/>\n<script type=\"application\/ld+json\" class=\"yoast-schema-graph\">{\"@context\":\"https:\\\/\\\/schema.org\",\"@graph\":[{\"@type\":\"WebPage\",\"@id\":\"https:\\\/\\\/repliquemangacine.fr\\\/epees-et-dague-les-anneaux-de-pouvoir\\\/epee-brisee-de-sauron-les-anneaux-du-pouvoir\\\/\",\"url\":\"https:\\\/\\\/repliquemangacine.fr\\\/epees-et-dague-les-anneaux-de-pouvoir\\\/epee-brisee-de-sauron-les-anneaux-du-pouvoir\\\/\",\"name\":\"Ep\u00e9e Bris\u00e9e de Sauron - Les anneaux du pouvoir | RMC\",\"isPartOf\":{\"@id\":\"https:\\\/\\\/repliquemangacine.fr\\\/#website\"},\"primaryImageOfPage\":{\"@id\":\"https:\\\/\\\/repliquemangacine.fr\\\/epees-et-dague-les-anneaux-de-pouvoir\\\/epee-brisee-de-sauron-les-anneaux-du-pouvoir\\\/#primaryimage\"},\"image\":{\"@id\":\"https:\\\/\\\/repliquemangacine.fr\\\/epees-et-dague-les-anneaux-de-pouvoir\\\/epee-brisee-de-sauron-les-anneaux-du-pouvoir\\\/#primaryimage\"},\"thumbnailUrl\":\"https:\\\/\\\/repliquemangacine.fr\\\/wp-content\\\/uploads\\\/2025\\\/11\\\/Epee-brisee-de-sauron.jpg\",\"datePublished\":\"2025-11-05T17:41:06+00:00\",\"dateModified\":\"2026-02-19T10:32:32+00:00\",\"description\":\"R\u00e9plique en m\u00e9tal de l\u2019Ep\u00e9e Bris\u00e9e de Sauron vue dans Les Anneaux du Pouvoir. Pi\u00e8ce de collection sombre et iconique pour fans de Tolkien.\",\"breadcrumb\":{\"@id\":\"https:\\\/\\\/repliquemangacine.fr\\\/epees-et-dague-les-anneaux-de-pouvoir\\\/epee-brisee-de-sauron-les-anneaux-du-pouvoir\\\/#breadcrumb\"},\"inLanguage\":\"it-IT\",\"potentialAction\":[{\"@type\":\"ReadAction\",\"target\":[\"https:\\\/\\\/repliquemangacine.fr\\\/epees-et-dague-les-anneaux-de-pouvoir\\\/epee-brisee-de-sauron-les-anneaux-du-pouvoir\\\/\"]}]},{\"@type\":\"ImageObject\",\"inLanguage\":\"it-IT\",\"@id\":\"https:\\\/\\\/repliquemangacine.fr\\\/epees-et-dague-les-anneaux-de-pouvoir\\\/epee-brisee-de-sauron-les-anneaux-du-pouvoir\\\/#primaryimage\",\"url\":\"https:\\\/\\\/repliquemangacine.fr\\\/wp-content\\\/uploads\\\/2025\\\/11\\\/Epee-brisee-de-sauron.jpg\",\"contentUrl\":\"https:\\\/\\\/repliquemangacine.fr\\\/wp-content\\\/uploads\\\/2025\\\/11\\\/Epee-brisee-de-sauron.jpg\",\"width\":700,\"height\":700,\"caption\":\"Ep\u00e9e Bris\u00e9e de Sauron les anneaux du pouvoir\"},{\"@type\":\"BreadcrumbList\",\"@id\":\"https:\\\/\\\/repliquemangacine.fr\\\/epees-et-dague-les-anneaux-de-pouvoir\\\/epee-brisee-de-sauron-les-anneaux-du-pouvoir\\\/#breadcrumb\",\"itemListElement\":[{\"@type\":\"ListItem\",\"position\":1,\"name\":\"Accueil\",\"item\":\"https:\\\/\\\/repliquemangacine.fr\\\/\"},{\"@type\":\"ListItem\",\"position\":2,\"name\":\"Produits\",\"item\":\"https:\\\/\\\/repliquemangacine.fr\\\/boutique\\\/\"},{\"@type\":\"ListItem\",\"position\":3,\"name\":\"Ep\u00e9e Bris\u00e9e de Sauron &#8211; Les anneaux du pouvoir\"}]},{\"@type\":\"WebSite\",\"@id\":\"https:\\\/\\\/repliquemangacine.fr\\\/#website\",\"url\":\"https:\\\/\\\/repliquemangacine.fr\\\/\",\"name\":\"R\u00e9plique Manga Cin\u00e9\",\"description\":\"\",\"publisher\":{\"@id\":\"https:\\\/\\\/repliquemangacine.fr\\\/#organization\"},\"potentialAction\":[{\"@type\":\"SearchAction\",\"target\":{\"@type\":\"EntryPoint\",\"urlTemplate\":\"https:\\\/\\\/repliquemangacine.fr\\\/?s={search_term_string}\"},\"query-input\":{\"@type\":\"PropertyValueSpecification\",\"valueRequired\":true,\"valueName\":\"search_term_string\"}}],\"inLanguage\":\"it-IT\"},{\"@type\":\"Organization\",\"@id\":\"https:\\\/\\\/repliquemangacine.fr\\\/#organization\",\"name\":\"R\u00e9plique Manga Cin\u00e9\",\"url\":\"https:\\\/\\\/repliquemangacine.fr\\\/\",\"logo\":{\"@type\":\"ImageObject\",\"inLanguage\":\"it-IT\",\"@id\":\"https:\\\/\\\/repliquemangacine.fr\\\/#\\\/schema\\\/logo\\\/image\\\/\",\"url\":\"https:\\\/\\\/repliquemangacine.fr\\\/wp-content\\\/uploads\\\/2023\\\/10\\\/RMC-500250.png\",\"contentUrl\":\"https:\\\/\\\/repliquemangacine.fr\\\/wp-content\\\/uploads\\\/2023\\\/10\\\/RMC-500250.png\",\"width\":500,\"height\":250,\"caption\":\"R\u00e9plique Manga Cin\u00e9\"},\"image\":{\"@id\":\"https:\\\/\\\/repliquemangacine.fr\\\/#\\\/schema\\\/logo\\\/image\\\/\"},\"sameAs\":[\"https:\\\/\\\/www.facebook.com\\\/RepliqueMangaCine\",\"https:\\\/\\\/www.instagram.com\\\/repliquemangacine.fr\\\/\"]}]}<\/script>\n<!-- \/ Yoast SEO plugin. -->","yoast_head_json":{"title":"La Spada Spezzata di Sauron - Gli Anelli del Potere | RMC","description":"Replica in metallo della Spada Spezzata di Sauron vista ne Gli Anelli del Potere. Un oggetto da collezione oscuro e iconico per i fan di Tolkien.","robots":{"index":"index","follow":"follow","max-snippet":"max-snippet:-1","max-image-preview":"max-image-preview:large","max-video-preview":"max-video-preview:-1"},"canonical":"https:\/\/repliquemangacine.fr\/it\/spade-e-pugnali-gli-anelli-del-potere\/spada-spezzata-di-sauron-gli-anelli-del-potere\/","og_locale":"it_IT","og_type":"article","og_title":"Ep\u00e9e Bris\u00e9e de Sauron - Les anneaux du pouvoir | RMC","og_description":"R\u00e9plique en m\u00e9tal de l\u2019Ep\u00e9e Bris\u00e9e de Sauron vue dans Les Anneaux du Pouvoir. Pi\u00e8ce de collection sombre et iconique pour fans de Tolkien.","og_url":"https:\/\/repliquemangacine.fr\/it\/spade-e-pugnali-gli-anelli-del-potere\/spada-spezzata-di-sauron-gli-anelli-del-potere\/","og_site_name":"R\u00e9plique Manga Cin\u00e9","article_publisher":"https:\/\/www.facebook.com\/RepliqueMangaCine","article_modified_time":"2026-02-19T10:32:32+00:00","og_image":[{"width":700,"height":700,"url":"https:\/\/repliquemangacine.fr\/wp-content\/uploads\/2025\/11\/Epee-brisee-de-sauron.jpg","type":"image\/jpeg"}],"twitter_card":"summary_large_image","twitter_misc":{"Tempo di lettura stimato":"3 minuti"},"schema":{"@context":"https:\/\/schema.org","@graph":[{"@type":"WebPage","@id":"https:\/\/repliquemangacine.fr\/epees-et-dague-les-anneaux-de-pouvoir\/epee-brisee-de-sauron-les-anneaux-du-pouvoir\/","url":"https:\/\/repliquemangacine.fr\/epees-et-dague-les-anneaux-de-pouvoir\/epee-brisee-de-sauron-les-anneaux-du-pouvoir\/","name":"La Spada Spezzata di Sauron - Gli Anelli del Potere | RMC","isPartOf":{"@id":"https:\/\/repliquemangacine.fr\/#website"},"primaryImageOfPage":{"@id":"https:\/\/repliquemangacine.fr\/epees-et-dague-les-anneaux-de-pouvoir\/epee-brisee-de-sauron-les-anneaux-du-pouvoir\/#primaryimage"},"image":{"@id":"https:\/\/repliquemangacine.fr\/epees-et-dague-les-anneaux-de-pouvoir\/epee-brisee-de-sauron-les-anneaux-du-pouvoir\/#primaryimage"},"thumbnailUrl":"https:\/\/repliquemangacine.fr\/wp-content\/uploads\/2025\/11\/Epee-brisee-de-sauron.jpg","datePublished":"2025-11-05T17:41:06+00:00","dateModified":"2026-02-19T10:32:32+00:00","description":"Replica in metallo della Spada Spezzata di Sauron vista ne Gli Anelli del Potere. Un oggetto da collezione oscuro e iconico per i fan di Tolkien.","breadcrumb":{"@id":"https:\/\/repliquemangacine.fr\/epees-et-dague-les-anneaux-de-pouvoir\/epee-brisee-de-sauron-les-anneaux-du-pouvoir\/#breadcrumb"},"inLanguage":"it-IT","potentialAction":[{"@type":"ReadAction","target":["https:\/\/repliquemangacine.fr\/epees-et-dague-les-anneaux-de-pouvoir\/epee-brisee-de-sauron-les-anneaux-du-pouvoir\/"]}]},{"@type":"ImageObject","inLanguage":"it-IT","@id":"https:\/\/repliquemangacine.fr\/epees-et-dague-les-anneaux-de-pouvoir\/epee-brisee-de-sauron-les-anneaux-du-pouvoir\/#primaryimage","url":"https:\/\/repliquemangacine.fr\/wp-content\/uploads\/2025\/11\/Epee-brisee-de-sauron.jpg","contentUrl":"https:\/\/repliquemangacine.fr\/wp-content\/uploads\/2025\/11\/Epee-brisee-de-sauron.jpg","width":700,"height":700,"caption":"Ep\u00e9e Bris\u00e9e de Sauron les anneaux du pouvoir"},{"@type":"BreadcrumbList","@id":"https:\/\/repliquemangacine.fr\/epees-et-dague-les-anneaux-de-pouvoir\/epee-brisee-de-sauron-les-anneaux-du-pouvoir\/#breadcrumb","itemListElement":[{"@type":"ListItem","position":1,"name":"Accueil","item":"https:\/\/repliquemangacine.fr\/"},{"@type":"ListItem","position":2,"name":"Produits","item":"https:\/\/repliquemangacine.fr\/boutique\/"},{"@type":"ListItem","position":3,"name":"Ep\u00e9e Bris\u00e9e de Sauron &#8211; Les anneaux du pouvoir"}]},{"@type":"WebSite","@id":"https:\/\/repliquemangacine.fr\/#website","url":"https:\/\/repliquemangacine.fr\/","name":"R\u00e9plique Manga Cin\u00e9","description":"","publisher":{"@id":"https:\/\/repliquemangacine.fr\/#organization"},"potentialAction":[{"@type":"SearchAction","target":{"@type":"EntryPoint","urlTemplate":"https:\/\/repliquemangacine.fr\/?s={search_term_string}"},"query-input":{"@type":"PropertyValueSpecification","valueRequired":true,"valueName":"search_term_string"}}],"inLanguage":"it-IT"},{"@type":"Organization","@id":"https:\/\/repliquemangacine.fr\/#organization","name":"R\u00e9plique Manga Cin\u00e9","url":"https:\/\/repliquemangacine.fr\/","logo":{"@type":"ImageObject","inLanguage":"it-IT","@id":"https:\/\/repliquemangacine.fr\/#\/schema\/logo\/image\/","url":"https:\/\/repliquemangacine.fr\/wp-content\/uploads\/2023\/10\/RMC-500250.png","contentUrl":"https:\/\/repliquemangacine.fr\/wp-content\/uploads\/2023\/10\/RMC-500250.png","width":500,"height":250,"caption":"R\u00e9plique Manga Cin\u00e9"},"image":{"@id":"https:\/\/repliquemangacine.fr\/#\/schema\/logo\/image\/"},"sameAs":["https:\/\/www.facebook.com\/RepliqueMangaCine","https:\/\/www.instagram.com\/repliquemangacine.fr\/"]}]}},"_links":{"self":[{"href":"https:\/\/repliquemangacine.fr\/it\/wp-json\/wp\/v2\/product\/90143","targetHints":{"allow":["GET"]}}],"collection":[{"href":"https:\/\/repliquemangacine.fr\/it\/wp-json\/wp\/v2\/product"}],"about":[{"href":"https:\/\/repliquemangacine.fr\/it\/wp-json\/wp\/v2\/types\/product"}],"wp:featuredmedia":[{"embeddable":true,"href":"https:\/\/repliquemangacine.fr\/it\/wp-json\/wp\/v2\/media\/90145"}],"wp:attachment":[{"href":"https:\/\/repliquemangacine.fr\/it\/wp-json\/wp\/v2\/media?parent=90143"}],"wp:term":[{"taxonomy":"product_brand","embeddable":true,"href":"https:\/\/repliquemangacine.fr\/it\/wp-json\/wp\/v2\/product_brand?post=90143"},{"taxonomy":"product_cat","embeddable":true,"href":"https:\/\/repliquemangacine.fr\/it\/wp-json\/wp\/v2\/product_cat?post=90143"},{"taxonomy":"product_tag","embeddable":true,"href":"https:\/\/repliquemangacine.fr\/it\/wp-json\/wp\/v2\/product_tag?post=90143"}],"curies":[{"name":"wp","href":"https:\/\/api.w.org\/{rel}","templated":true}]}}