





{"id":89986,"date":"2025-11-01T17:14:25","date_gmt":"2025-11-01T16:14:25","guid":{"rendered":"https:\/\/repliquemangacine.fr\/?post_type=product&#038;p=89986"},"modified":"2026-04-21T08:49:44","modified_gmt":"2026-04-21T06:49:44","slug":"lame-lunaire-de-rellana-elden-ring-shadow-of-the-erdtree","status":"publish","type":"product","link":"https:\/\/repliquemangacine.fr\/it\/elden-ring\/lame-lunaire-de-rellana-elden-ring-shadow-of-the-erdtree\/","title":{"rendered":"Anello Lama Lunare di Rellana-Elden"},"content":{"rendered":"<h2>Lama Lunare di Rellana - Anello di Elden (Ombra dell'Erdtree)<\/h2>\n<p>Innanzitutto, la Lama Lunare di Rellana, un pezzo che cattura immediatamente l'attenzione. La sua lama accuratamente incisa evoca la gelida magia delle notti eterne di Caria. Forgiata in acciaio inossidabile 440, ha una lucentezza controllata che rimane fedele all'estetica raffinata vista nel mondo del gioco. L'elsa e il pomo, disegnati in solido acciaio invecchiato, sono stati lavorati per conferire un aspetto nobile e autentico. Con i suoi 107 cm di lunghezza, la lama \u00e8 a suo agio sia in mano che in esposizione. Fornito con un supporto da parete in legno dalla forma elegante, appositamente decorato con il logo Elden Ring per un'esposizione immediata. Una lama che simboleggia mistero, equilibrio e conoscenza. Questa spada \u00e8 una delle lame gemelle di Rellana nell'espansione.<\/p>\n<h2>Rellana e la magia lunare nell'Anello di Elden<\/h2>\n<p>Nell'Elden Ring, questa lama rappresenta la parte lunare di Rellana, il Cavaliere delle Due Lune. Incarna il <a href=\"https:\/\/eldenring.fandom.com\/wiki\/Carian_Sorcery\" target=\"_blank\" rel=\"noopener noreferrer\">MAGIA CARIANA<\/a>Si tratta di un'arma nata da antiche tradizioni in cui erudizione e precisione si uniscono all'arte del combattimento. In effetti, quest'arma consente attacchi raffinati e danzati, spesso imprevedibili. Quando brilla di potenza, il colpo diventa quasi silenzioso, come se fosse la luna stessa a guidare il movimento. La Lama Lunare non \u00e8 quindi un'arma rozza. Richiede finezza, intelligenza e anticipazione. Rellana non cerca di dominare con la forza, ma di imporre un'eleganza che disarma l'avversario prima ancora che la lama lo raggiunga. In conclusione, questa \u00e8 un'arma per chi ama la bellezza nella strategia.<\/p>\n<h2>Ampliate la vostra collezione di anelli Elden con R\u00e9plique Manga Cin\u00e9<\/h2>\n<p>Per i collezionisti che desiderano arricchire il proprio universo di Elden Ring, R\u00e9plique Manga Cin\u00e9 offre una serie di altre repliche fedeli. L'imponente <a href=\"https:\/\/repliquemangacine.fr\/it\/anello-di-elden\/anello-elden-in-metallo-dark-moon-greatsword\/\">Spada della Luna Nera<\/a> in scala 1:1 emana un'affascinante aura glaciale. La sua lama bluastra e l'incisione floreale in rilievo evocano la magia lunare del gioco. C'\u00e8 anche il<a href=\"https:\/\/repliquemangacine.fr\/it\/anello-di-elden\/spada-elden-ring-greatsword\/\">Spada grande<\/a> L'Elden Ring offre un'indimenticabile potenza massiccia. Gli appassionati di armi eleganti apprezzeranno il <a href=\"https:\/\/repliquemangacine.fr\/it\/anello-di-elden\/katana-moonveil-nellanello-elden\/\">Katana Moonveil<\/a>famoso per il suo tratto tagliente e magico. E questo \u00e8 solo l'inizio. Altri pezzi arriveranno presto per formare una collezione degna del pi\u00f9 grande Ternis.<\/p>","protected":false},"excerpt":{"rendered":"<p>Splendida replica della Lama Lunare di Rellana da Elden Ring (Shadow of the Erdtree). Questa spada fa parte di una delle lame gemelle di Rellana.<\/p>\n<ul>\n<li>Lama incisa in acciaio inox 440<\/li>\n<li>Manopola in acciaio massiccio con finitura antica e forma specifica<\/li>\n<li>Impugnatura in ABS stampato blu<\/li>\n<li>Guardia in acciaio massiccio invecchiato con perle blu al centro e alle estremit\u00e0<\/li>\n<li>Fornito con staffa da parete in legno con logo e nome Elden Ring<\/li>\n<li>Lunghezza lama: 75 cm - Lunghezza totale: 107 cm<\/li>\n<li>Peso: 1034 gr<\/li>\n<\/ul>","protected":false},"featured_media":89989,"template":"","meta":[],"product_brand":[],"product_cat":[876],"product_tag":[904,900,901,898,897,905,899,902,906,903],"class_list":{"0":"post-89986","1":"product","2":"type-product","3":"status-publish","4":"has-post-thumbnail","6":"product_cat-elden-ring","7":"product_tag-elden-ring-cosplay-weapon","8":"product_tag-epee-elden-ring-collection","9":"product_tag-epee-elden-ring-decoration","10":"product_tag-lames-jumelles-elden-ring","11":"product_tag-rellana-elden-ring","12":"product_tag-rellana-twin-moon-knight","13":"product_tag-rellanas-twin-blades","14":"product_tag-replique-elden-ring-acier","15":"product_tag-shadow-of-the-erdtree-weapon","16":"product_tag-sword-elden-ring-replica","18":"first","19":"instock","20":"taxable","21":"shipping-taxable","22":"purchasable","23":"product-type-simple"},"yoast_head":"<!-- This site is optimized with the Yoast SEO plugin v27.4 - https:\/\/yoast.com\/product\/yoast-seo-wordpress\/ -->\n<title>Lame Lunaire de Rellana-Elden Ring | R\u00e9plique Manga Cin\u00e9<\/title>\n<meta name=\"description\" content=\"Lame Lunaire de Rellana dans Elden Ring (Shadow of the Erdtree). Cette \u00e9p\u00e9e fait partie des Lames Jumelles. Lame acier 440 stainless grav\u00e9e. Support mural\" \/>\n<meta name=\"robots\" content=\"index, follow, max-snippet:-1, max-image-preview:large, max-video-preview:-1\" \/>\n<link rel=\"canonical\" href=\"https:\/\/repliquemangacine.fr\/it\/anello-di-elden\/lame-lunaire-de-rellana-elden-ring-shadow-of-the-erdtree\/\" \/>\n<meta property=\"og:locale\" content=\"it_IT\" \/>\n<meta property=\"og:type\" content=\"article\" \/>\n<meta property=\"og:title\" content=\"Lame Lunaire de Rellana-Elden Ring | R\u00e9plique Manga Cin\u00e9\" \/>\n<meta property=\"og:description\" content=\"Lame Lunaire de Rellana dans Elden Ring (Shadow of the Erdtree). Cette \u00e9p\u00e9e fait partie des Lames Jumelles. Lame acier 440 stainless grav\u00e9e. Support mural\" \/>\n<meta property=\"og:url\" content=\"https:\/\/repliquemangacine.fr\/it\/anello-di-elden\/lame-lunaire-de-rellana-elden-ring-shadow-of-the-erdtree\/\" \/>\n<meta property=\"og:site_name\" content=\"R\u00e9plique Manga Cin\u00e9\" \/>\n<meta property=\"article:publisher\" content=\"https:\/\/www.facebook.com\/RepliqueMangaCine\" \/>\n<meta property=\"article:modified_time\" content=\"2026-04-21T06:49:44+00:00\" \/>\n<meta property=\"og:image\" content=\"https:\/\/repliquemangacine.fr\/wp-content\/uploads\/2025\/11\/Lame-Lunaire-de-Rellana.jpg\" \/>\n\t<meta property=\"og:image:width\" content=\"700\" \/>\n\t<meta property=\"og:image:height\" content=\"700\" \/>\n\t<meta property=\"og:image:type\" content=\"image\/jpeg\" \/>\n<meta name=\"twitter:card\" content=\"summary_large_image\" \/>\n<meta name=\"twitter:label1\" content=\"Tempo di lettura stimato\" \/>\n\t<meta name=\"twitter:data1\" content=\"3 minuti\" \/>\n<script type=\"application\/ld+json\" class=\"yoast-schema-graph\">{\"@context\":\"https:\\\/\\\/schema.org\",\"@graph\":[{\"@type\":\"WebPage\",\"@id\":\"https:\\\/\\\/repliquemangacine.fr\\\/elden-ring\\\/lame-lunaire-de-rellana-elden-ring-shadow-of-the-erdtree\\\/\",\"url\":\"https:\\\/\\\/repliquemangacine.fr\\\/elden-ring\\\/lame-lunaire-de-rellana-elden-ring-shadow-of-the-erdtree\\\/\",\"name\":\"Lame Lunaire de Rellana-Elden Ring | R\u00e9plique Manga Cin\u00e9\",\"isPartOf\":{\"@id\":\"https:\\\/\\\/repliquemangacine.fr\\\/#website\"},\"primaryImageOfPage\":{\"@id\":\"https:\\\/\\\/repliquemangacine.fr\\\/elden-ring\\\/lame-lunaire-de-rellana-elden-ring-shadow-of-the-erdtree\\\/#primaryimage\"},\"image\":{\"@id\":\"https:\\\/\\\/repliquemangacine.fr\\\/elden-ring\\\/lame-lunaire-de-rellana-elden-ring-shadow-of-the-erdtree\\\/#primaryimage\"},\"thumbnailUrl\":\"https:\\\/\\\/repliquemangacine.fr\\\/wp-content\\\/uploads\\\/2025\\\/11\\\/Lame-Lunaire-de-Rellana.jpg\",\"datePublished\":\"2025-11-01T16:14:25+00:00\",\"dateModified\":\"2026-04-21T06:49:44+00:00\",\"description\":\"Lame Lunaire de Rellana dans Elden Ring (Shadow of the Erdtree). Cette \u00e9p\u00e9e fait partie des Lames Jumelles. Lame acier 440 stainless grav\u00e9e. Support mural\",\"breadcrumb\":{\"@id\":\"https:\\\/\\\/repliquemangacine.fr\\\/elden-ring\\\/lame-lunaire-de-rellana-elden-ring-shadow-of-the-erdtree\\\/#breadcrumb\"},\"inLanguage\":\"it-IT\",\"potentialAction\":[{\"@type\":\"ReadAction\",\"target\":[\"https:\\\/\\\/repliquemangacine.fr\\\/elden-ring\\\/lame-lunaire-de-rellana-elden-ring-shadow-of-the-erdtree\\\/\"]}]},{\"@type\":\"ImageObject\",\"inLanguage\":\"it-IT\",\"@id\":\"https:\\\/\\\/repliquemangacine.fr\\\/elden-ring\\\/lame-lunaire-de-rellana-elden-ring-shadow-of-the-erdtree\\\/#primaryimage\",\"url\":\"https:\\\/\\\/repliquemangacine.fr\\\/wp-content\\\/uploads\\\/2025\\\/11\\\/Lame-Lunaire-de-Rellana.jpg\",\"contentUrl\":\"https:\\\/\\\/repliquemangacine.fr\\\/wp-content\\\/uploads\\\/2025\\\/11\\\/Lame-Lunaire-de-Rellana.jpg\",\"width\":700,\"height\":700,\"caption\":\"Lame Lunaire de Rellana dans Elden Ring\"},{\"@type\":\"BreadcrumbList\",\"@id\":\"https:\\\/\\\/repliquemangacine.fr\\\/elden-ring\\\/lame-lunaire-de-rellana-elden-ring-shadow-of-the-erdtree\\\/#breadcrumb\",\"itemListElement\":[{\"@type\":\"ListItem\",\"position\":1,\"name\":\"Accueil\",\"item\":\"https:\\\/\\\/repliquemangacine.fr\\\/\"},{\"@type\":\"ListItem\",\"position\":2,\"name\":\"Produits\",\"item\":\"https:\\\/\\\/repliquemangacine.fr\\\/boutique\\\/\"},{\"@type\":\"ListItem\",\"position\":3,\"name\":\"Lame Lunaire de Rellana-Elden Ring\"}]},{\"@type\":\"WebSite\",\"@id\":\"https:\\\/\\\/repliquemangacine.fr\\\/#website\",\"url\":\"https:\\\/\\\/repliquemangacine.fr\\\/\",\"name\":\"R\u00e9plique Manga Cin\u00e9\",\"description\":\"\",\"publisher\":{\"@id\":\"https:\\\/\\\/repliquemangacine.fr\\\/#organization\"},\"potentialAction\":[{\"@type\":\"SearchAction\",\"target\":{\"@type\":\"EntryPoint\",\"urlTemplate\":\"https:\\\/\\\/repliquemangacine.fr\\\/?s={search_term_string}\"},\"query-input\":{\"@type\":\"PropertyValueSpecification\",\"valueRequired\":true,\"valueName\":\"search_term_string\"}}],\"inLanguage\":\"it-IT\"},{\"@type\":\"Organization\",\"@id\":\"https:\\\/\\\/repliquemangacine.fr\\\/#organization\",\"name\":\"R\u00e9plique Manga Cin\u00e9\",\"url\":\"https:\\\/\\\/repliquemangacine.fr\\\/\",\"logo\":{\"@type\":\"ImageObject\",\"inLanguage\":\"it-IT\",\"@id\":\"https:\\\/\\\/repliquemangacine.fr\\\/#\\\/schema\\\/logo\\\/image\\\/\",\"url\":\"https:\\\/\\\/repliquemangacine.fr\\\/wp-content\\\/uploads\\\/2023\\\/10\\\/RMC-500250.png\",\"contentUrl\":\"https:\\\/\\\/repliquemangacine.fr\\\/wp-content\\\/uploads\\\/2023\\\/10\\\/RMC-500250.png\",\"width\":500,\"height\":250,\"caption\":\"R\u00e9plique Manga Cin\u00e9\"},\"image\":{\"@id\":\"https:\\\/\\\/repliquemangacine.fr\\\/#\\\/schema\\\/logo\\\/image\\\/\"},\"sameAs\":[\"https:\\\/\\\/www.facebook.com\\\/RepliqueMangaCine\",\"https:\\\/\\\/www.instagram.com\\\/repliquemangacine.fr\\\/\"]}]}<\/script>\n<!-- \/ Yoast SEO plugin. -->","yoast_head_json":{"title":"Anello della Lama Lunare di Rellana-Elden | R\u00e9plique Manga Cin\u00e9","description":"Lama della Luna di Rellana nell'Anello di Elden (Ombra dell'Erdtree). Questa spada \u00e8 una delle Lame Gemelle. Lama incisa in acciaio inossidabile 440. Supporto da parete","robots":{"index":"index","follow":"follow","max-snippet":"max-snippet:-1","max-image-preview":"max-image-preview:large","max-video-preview":"max-video-preview:-1"},"canonical":"https:\/\/repliquemangacine.fr\/it\/anello-di-elden\/lame-lunaire-de-rellana-elden-ring-shadow-of-the-erdtree\/","og_locale":"it_IT","og_type":"article","og_title":"Lame Lunaire de Rellana-Elden Ring | R\u00e9plique Manga Cin\u00e9","og_description":"Lame Lunaire de Rellana dans Elden Ring (Shadow of the Erdtree). Cette \u00e9p\u00e9e fait partie des Lames Jumelles. Lame acier 440 stainless grav\u00e9e. Support mural","og_url":"https:\/\/repliquemangacine.fr\/it\/anello-di-elden\/lame-lunaire-de-rellana-elden-ring-shadow-of-the-erdtree\/","og_site_name":"R\u00e9plique Manga Cin\u00e9","article_publisher":"https:\/\/www.facebook.com\/RepliqueMangaCine","article_modified_time":"2026-04-21T06:49:44+00:00","og_image":[{"width":700,"height":700,"url":"https:\/\/repliquemangacine.fr\/wp-content\/uploads\/2025\/11\/Lame-Lunaire-de-Rellana.jpg","type":"image\/jpeg"}],"twitter_card":"summary_large_image","twitter_misc":{"Tempo di lettura stimato":"3 minuti"},"schema":{"@context":"https:\/\/schema.org","@graph":[{"@type":"WebPage","@id":"https:\/\/repliquemangacine.fr\/elden-ring\/lame-lunaire-de-rellana-elden-ring-shadow-of-the-erdtree\/","url":"https:\/\/repliquemangacine.fr\/elden-ring\/lame-lunaire-de-rellana-elden-ring-shadow-of-the-erdtree\/","name":"Anello della Lama Lunare di Rellana-Elden | R\u00e9plique Manga Cin\u00e9","isPartOf":{"@id":"https:\/\/repliquemangacine.fr\/#website"},"primaryImageOfPage":{"@id":"https:\/\/repliquemangacine.fr\/elden-ring\/lame-lunaire-de-rellana-elden-ring-shadow-of-the-erdtree\/#primaryimage"},"image":{"@id":"https:\/\/repliquemangacine.fr\/elden-ring\/lame-lunaire-de-rellana-elden-ring-shadow-of-the-erdtree\/#primaryimage"},"thumbnailUrl":"https:\/\/repliquemangacine.fr\/wp-content\/uploads\/2025\/11\/Lame-Lunaire-de-Rellana.jpg","datePublished":"2025-11-01T16:14:25+00:00","dateModified":"2026-04-21T06:49:44+00:00","description":"Lama della Luna di Rellana nell'Anello di Elden (Ombra dell'Erdtree). Questa spada \u00e8 una delle Lame Gemelle. Lama incisa in acciaio inossidabile 440. Supporto da parete","breadcrumb":{"@id":"https:\/\/repliquemangacine.fr\/elden-ring\/lame-lunaire-de-rellana-elden-ring-shadow-of-the-erdtree\/#breadcrumb"},"inLanguage":"it-IT","potentialAction":[{"@type":"ReadAction","target":["https:\/\/repliquemangacine.fr\/elden-ring\/lame-lunaire-de-rellana-elden-ring-shadow-of-the-erdtree\/"]}]},{"@type":"ImageObject","inLanguage":"it-IT","@id":"https:\/\/repliquemangacine.fr\/elden-ring\/lame-lunaire-de-rellana-elden-ring-shadow-of-the-erdtree\/#primaryimage","url":"https:\/\/repliquemangacine.fr\/wp-content\/uploads\/2025\/11\/Lame-Lunaire-de-Rellana.jpg","contentUrl":"https:\/\/repliquemangacine.fr\/wp-content\/uploads\/2025\/11\/Lame-Lunaire-de-Rellana.jpg","width":700,"height":700,"caption":"Lame Lunaire de Rellana dans Elden Ring"},{"@type":"BreadcrumbList","@id":"https:\/\/repliquemangacine.fr\/elden-ring\/lame-lunaire-de-rellana-elden-ring-shadow-of-the-erdtree\/#breadcrumb","itemListElement":[{"@type":"ListItem","position":1,"name":"Accueil","item":"https:\/\/repliquemangacine.fr\/"},{"@type":"ListItem","position":2,"name":"Produits","item":"https:\/\/repliquemangacine.fr\/boutique\/"},{"@type":"ListItem","position":3,"name":"Lame Lunaire de Rellana-Elden Ring"}]},{"@type":"WebSite","@id":"https:\/\/repliquemangacine.fr\/#website","url":"https:\/\/repliquemangacine.fr\/","name":"R\u00e9plique Manga Cin\u00e9","description":"","publisher":{"@id":"https:\/\/repliquemangacine.fr\/#organization"},"potentialAction":[{"@type":"SearchAction","target":{"@type":"EntryPoint","urlTemplate":"https:\/\/repliquemangacine.fr\/?s={search_term_string}"},"query-input":{"@type":"PropertyValueSpecification","valueRequired":true,"valueName":"search_term_string"}}],"inLanguage":"it-IT"},{"@type":"Organization","@id":"https:\/\/repliquemangacine.fr\/#organization","name":"R\u00e9plique Manga Cin\u00e9","url":"https:\/\/repliquemangacine.fr\/","logo":{"@type":"ImageObject","inLanguage":"it-IT","@id":"https:\/\/repliquemangacine.fr\/#\/schema\/logo\/image\/","url":"https:\/\/repliquemangacine.fr\/wp-content\/uploads\/2023\/10\/RMC-500250.png","contentUrl":"https:\/\/repliquemangacine.fr\/wp-content\/uploads\/2023\/10\/RMC-500250.png","width":500,"height":250,"caption":"R\u00e9plique Manga Cin\u00e9"},"image":{"@id":"https:\/\/repliquemangacine.fr\/#\/schema\/logo\/image\/"},"sameAs":["https:\/\/www.facebook.com\/RepliqueMangaCine","https:\/\/www.instagram.com\/repliquemangacine.fr\/"]}]}},"_links":{"self":[{"href":"https:\/\/repliquemangacine.fr\/it\/wp-json\/wp\/v2\/product\/89986","targetHints":{"allow":["GET"]}}],"collection":[{"href":"https:\/\/repliquemangacine.fr\/it\/wp-json\/wp\/v2\/product"}],"about":[{"href":"https:\/\/repliquemangacine.fr\/it\/wp-json\/wp\/v2\/types\/product"}],"wp:featuredmedia":[{"embeddable":true,"href":"https:\/\/repliquemangacine.fr\/it\/wp-json\/wp\/v2\/media\/89989"}],"wp:attachment":[{"href":"https:\/\/repliquemangacine.fr\/it\/wp-json\/wp\/v2\/media?parent=89986"}],"wp:term":[{"taxonomy":"product_brand","embeddable":true,"href":"https:\/\/repliquemangacine.fr\/it\/wp-json\/wp\/v2\/product_brand?post=89986"},{"taxonomy":"product_cat","embeddable":true,"href":"https:\/\/repliquemangacine.fr\/it\/wp-json\/wp\/v2\/product_cat?post=89986"},{"taxonomy":"product_tag","embeddable":true,"href":"https:\/\/repliquemangacine.fr\/it\/wp-json\/wp\/v2\/product_tag?post=89986"}],"curies":[{"name":"wp","href":"https:\/\/api.w.org\/{rel}","templated":true}]}}