





{"id":89895,"date":"2025-10-30T11:50:36","date_gmt":"2025-10-30T10:50:36","guid":{"rendered":"https:\/\/repliquemangacine.fr\/?post_type=product&#038;p=89895"},"modified":"2026-02-19T11:33:35","modified_gmt":"2026-02-19T10:33:35","slug":"set-decorativo-di-maconics-blu","status":"publish","type":"product","link":"https:\/\/repliquemangacine.fr\/it\/epee-templier-medievale\/ensemble-maconnique-decoratif-bleu\/","title":{"rendered":"Set massonico decorativo blu"},"content":{"rendered":"<h2>Set massonico decorativo blu: simbolo e prestigio<\/h2>\n<p>Innanzitutto, questo set massonico decorativo blu \u00e8 destinato agli appassionati di simboli forti e di storia segreta. Per cominciare, le due spade incrociate sono realizzate in metallo con una finitura meticolosa, equilibrata ed elegante. Le loro lame dritte evocano la rettitudine morale e il desiderio di tagliare simbolicamente l'ignoranza. Le protezioni in metallo dorato aggiungono un tocco di misurata brillantezza. Al centro della guardia, i simboli della <a href=\"https:\/\/www.monarchiesetdynastiesdumonde.com\/pages\/actualites-des-monarchies-du-monde\/europe\/france\/quand-la-franc-maconnerie-etait-legitimiste-et-royaliste.html\" target=\"_blank\" rel=\"noopener noreferrer\">Massoni<\/a> il quadrato e il compasso che circondano la lettera \"G\". I manici in velluto rosso aggiungono una notevole intensit\u00e0 visiva. Il contrasto \u00e8 un dialogo tra forza, disciplina e passione. Questo tipo di oggetto decorativo trover\u00e0 posto nelle collezioni private degli intenditori.<\/p>\n<h2>Pannello scudo massonico: un insieme di simboli forti<\/h2>\n<p>Il pannello a forma di scudo offre una presenza visiva immediata. Il colore scuro del legno evoca sobriet\u00e0, tradizione e trasmissione. Al centro, il medaglione decorativo cattura lo sguardo. Presenta il quadrato e il compasso intorno alla lettera \"G\", simbolo di equilibrio, creazione e conoscenza interiore. Le incisioni tutt'intorno rafforzano il significato iniziatico dell'insieme. L'occhio radiante in alto ricorda la vigilanza, la ricerca della verit\u00e0 e l'elevazione dello spirito. Le due colonne rappresentano le fondamenta del viaggio, la porta d'accesso a una pi\u00f9 ampia comprensione del mondo. Infine, il libro aperto nella parte inferiore del pannello evoca la conoscenza, lo studio e l'approfondimento del pensiero. Questo scudo non \u00e8 quindi solo decorativo. Racconta una storia, una ricerca, un viaggio. In conclusione, conferisce all'oggetto una ricca dimensione simbolica che trova naturalmente posto nella collezione di un appassionato.<\/p>\n<h2>Perfetto per la collezione, la decorazione e il gabinetto delle curiosit\u00e0<\/h2>\n<p>Questo ensemble massonico \u00e8 un'aggiunta naturale a qualsiasi collezione, sia essa gi\u00e0 ricca o ancora da sviluppare. Si abbina perfettamente ad altri pezzi ricchi di storia, come il <a href=\"https:\/\/repliquemangacine.fr\/it\/replica-pistole-napoleoniche\/il-pugnale-dellincoronazione-di-napoleone\/\">Pugnale dell'incoronazione di Napoleone, modello 1809<\/a>simbolo dell'ambizione e del destino imperiale. Spos\u00f2 anche la<a href=\"https:\/\/repliquemangacine.fr\/it\/spada-templare-medievale\/excalibur-re-arthur-spada-leggendaria\/\">La leggendaria spada di Re Art\u00f9, la Excalibur<\/a>Un must per chi sogna la cavalleria e i miti di fondazione. Senza dimenticare la replica della spada <a href=\"https:\/\/repliquemangacine.fr\/it\/bilanci\/spada-di-san-maurizio-di-torino-xiii-secolo\/\">San Maurizio di Torino, XIII\u1d49 secolo<\/a>Questo segno elegante e sacro viene fornito completo di fodero. In questo modo, l'insegna massonica diventa un pilastro visivo, un punto di convergenza tra tradizioni, leggende e potere simbolico. Collocata in un salotto, in un ufficio o in una stanza dedicata, cattura l'attenzione, ispira curiosit\u00e0 e racconta una storia. Con questo set, non si tratta solo di decorare una parete. \u00c8 una dichiarazione di identit\u00e0. In breve, affermiamo il gusto per la conoscenza, la trasmissione e l'eleganza senza tempo.<\/p>","protected":false},"excerpt":{"rendered":"<p>Magnifico set decorativo massonico blu. Perfetto per collezioni, decorazioni d'interni e raffinate atmosfere cerimoniali.<\/p>\n<ul>\n<li>Entrambe le spade hanno una lama in acciaio inossidabile 440.<\/li>\n<li>Elsa e pomo in acciaio placcato oro con simboli massonici.<\/li>\n<li>Manico in acciaio rivestito in velluto rosso<\/li>\n<li>Scudo in legno con simboli massonici.<\/li>\n<li>Scudo diametro 16 cm - Piatto di legno 40X30 cm<\/li>\n<li>Lunghezza delle lame: 60 cm - Lunghezza totale delle spade: 76 cm<\/li>\n<\/ul>","protected":false},"featured_media":89898,"template":"","meta":[],"product_brand":[],"product_cat":[25,84],"product_tag":[958,966,962,937,953,964,965,956,968,957,952,926,954,963,955,967,948,961,959,960],"class_list":{"0":"post-89895","1":"product","2":"type-product","3":"status-publish","4":"has-post-thumbnail","6":"product_cat-armes-historiques","7":"product_cat-epee-templier-medievale","8":"product_tag-arme-de-collection","9":"product_tag-armurerie-decorative","10":"product_tag-ceremonial","11":"product_tag-dague-decorative","12":"product_tag-dague-maconnique","13":"product_tag-dague-medievale-decorative","14":"product_tag-decoration-historique","15":"product_tag-decoration-maconnique","16":"product_tag-decorative-dagger","17":"product_tag-ensemble-decoratif","18":"product_tag-ensemble-maconnique","19":"product_tag-epee-decorative","20":"product_tag-epee-maconnique","21":"product_tag-epee-medievale-decorative","22":"product_tag-maconnerie-symbolique","23":"product_tag-medieval-sword-replica","24":"product_tag-objet-de-collection","25":"product_tag-ordre-maconnique","26":"product_tag-symboles-maconniques","27":"product_tag-templier-decoration","29":"first","30":"instock","31":"taxable","32":"shipping-taxable","33":"purchasable","34":"product-type-simple"},"yoast_head":"<!-- This site is optimized with the Yoast SEO plugin v27.4 - https:\/\/yoast.com\/product\/yoast-seo-wordpress\/ -->\n<title>Ensemble Ma\u00e7onnique D\u00e9coratif Bleu - R\u00e9plique Manga Cin\u00e9<\/title>\n<meta name=\"description\" content=\"Ensemble Ma\u00e7onnique D\u00e9coratif Bleu, avec deux \u00e9p\u00e9es crois\u00e9es et bouclier symbolique. Parfait pour la d\u00e9coration et atmosph\u00e8re c\u00e9r\u00e9monielle raffin\u00e9e.\" \/>\n<meta name=\"robots\" content=\"index, follow, max-snippet:-1, max-image-preview:large, max-video-preview:-1\" \/>\n<link rel=\"canonical\" href=\"https:\/\/repliquemangacine.fr\/it\/spada-templare-medievale\/set-decorativo-di-maconics-blu\/\" \/>\n<meta property=\"og:locale\" content=\"it_IT\" \/>\n<meta property=\"og:type\" content=\"article\" \/>\n<meta property=\"og:title\" content=\"Ensemble Ma\u00e7onnique D\u00e9coratif Bleu - R\u00e9plique Manga Cin\u00e9\" \/>\n<meta property=\"og:description\" content=\"Ensemble Ma\u00e7onnique D\u00e9coratif Bleu, avec deux \u00e9p\u00e9es crois\u00e9es et bouclier symbolique. Parfait pour la d\u00e9coration et atmosph\u00e8re c\u00e9r\u00e9monielle raffin\u00e9e.\" \/>\n<meta property=\"og:url\" content=\"https:\/\/repliquemangacine.fr\/it\/spada-templare-medievale\/set-decorativo-di-maconics-blu\/\" \/>\n<meta property=\"og:site_name\" content=\"R\u00e9plique Manga Cin\u00e9\" \/>\n<meta property=\"article:publisher\" content=\"https:\/\/www.facebook.com\/RepliqueMangaCine\" \/>\n<meta property=\"article:modified_time\" content=\"2026-02-19T10:33:35+00:00\" \/>\n<meta property=\"og:image\" content=\"https:\/\/repliquemangacine.fr\/wp-content\/uploads\/2025\/10\/Ensemble-Maconnique-Decoratif-Bleu.jpg\" \/>\n\t<meta property=\"og:image:width\" content=\"700\" \/>\n\t<meta property=\"og:image:height\" content=\"700\" \/>\n\t<meta property=\"og:image:type\" content=\"image\/jpeg\" \/>\n<meta name=\"twitter:card\" content=\"summary_large_image\" \/>\n<meta name=\"twitter:label1\" content=\"Tempo di lettura stimato\" \/>\n\t<meta name=\"twitter:data1\" content=\"3 minuti\" \/>\n<script type=\"application\/ld+json\" class=\"yoast-schema-graph\">{\"@context\":\"https:\\\/\\\/schema.org\",\"@graph\":[{\"@type\":\"WebPage\",\"@id\":\"https:\\\/\\\/repliquemangacine.fr\\\/epee-templier-medievale\\\/ensemble-maconnique-decoratif-bleu\\\/\",\"url\":\"https:\\\/\\\/repliquemangacine.fr\\\/epee-templier-medievale\\\/ensemble-maconnique-decoratif-bleu\\\/\",\"name\":\"Ensemble Ma\u00e7onnique D\u00e9coratif Bleu - R\u00e9plique Manga Cin\u00e9\",\"isPartOf\":{\"@id\":\"https:\\\/\\\/repliquemangacine.fr\\\/#website\"},\"primaryImageOfPage\":{\"@id\":\"https:\\\/\\\/repliquemangacine.fr\\\/epee-templier-medievale\\\/ensemble-maconnique-decoratif-bleu\\\/#primaryimage\"},\"image\":{\"@id\":\"https:\\\/\\\/repliquemangacine.fr\\\/epee-templier-medievale\\\/ensemble-maconnique-decoratif-bleu\\\/#primaryimage\"},\"thumbnailUrl\":\"https:\\\/\\\/repliquemangacine.fr\\\/wp-content\\\/uploads\\\/2025\\\/10\\\/Ensemble-Maconnique-Decoratif-Bleu.jpg\",\"datePublished\":\"2025-10-30T10:50:36+00:00\",\"dateModified\":\"2026-02-19T10:33:35+00:00\",\"description\":\"Ensemble Ma\u00e7onnique D\u00e9coratif Bleu, avec deux \u00e9p\u00e9es crois\u00e9es et bouclier symbolique. Parfait pour la d\u00e9coration et atmosph\u00e8re c\u00e9r\u00e9monielle raffin\u00e9e.\",\"breadcrumb\":{\"@id\":\"https:\\\/\\\/repliquemangacine.fr\\\/epee-templier-medievale\\\/ensemble-maconnique-decoratif-bleu\\\/#breadcrumb\"},\"inLanguage\":\"it-IT\",\"potentialAction\":[{\"@type\":\"ReadAction\",\"target\":[\"https:\\\/\\\/repliquemangacine.fr\\\/epee-templier-medievale\\\/ensemble-maconnique-decoratif-bleu\\\/\"]}]},{\"@type\":\"ImageObject\",\"inLanguage\":\"it-IT\",\"@id\":\"https:\\\/\\\/repliquemangacine.fr\\\/epee-templier-medievale\\\/ensemble-maconnique-decoratif-bleu\\\/#primaryimage\",\"url\":\"https:\\\/\\\/repliquemangacine.fr\\\/wp-content\\\/uploads\\\/2025\\\/10\\\/Ensemble-Maconnique-Decoratif-Bleu.jpg\",\"contentUrl\":\"https:\\\/\\\/repliquemangacine.fr\\\/wp-content\\\/uploads\\\/2025\\\/10\\\/Ensemble-Maconnique-Decoratif-Bleu.jpg\",\"width\":700,\"height\":700,\"caption\":\"Ensemble Ma\u00e7onnique D\u00e9coratif Bleu\"},{\"@type\":\"BreadcrumbList\",\"@id\":\"https:\\\/\\\/repliquemangacine.fr\\\/epee-templier-medievale\\\/ensemble-maconnique-decoratif-bleu\\\/#breadcrumb\",\"itemListElement\":[{\"@type\":\"ListItem\",\"position\":1,\"name\":\"Accueil\",\"item\":\"https:\\\/\\\/repliquemangacine.fr\\\/\"},{\"@type\":\"ListItem\",\"position\":2,\"name\":\"Produits\",\"item\":\"https:\\\/\\\/repliquemangacine.fr\\\/boutique\\\/\"},{\"@type\":\"ListItem\",\"position\":3,\"name\":\"Ensemble Ma\u00e7onnique D\u00e9coratif Bleu\"}]},{\"@type\":\"WebSite\",\"@id\":\"https:\\\/\\\/repliquemangacine.fr\\\/#website\",\"url\":\"https:\\\/\\\/repliquemangacine.fr\\\/\",\"name\":\"R\u00e9plique Manga Cin\u00e9\",\"description\":\"\",\"publisher\":{\"@id\":\"https:\\\/\\\/repliquemangacine.fr\\\/#organization\"},\"potentialAction\":[{\"@type\":\"SearchAction\",\"target\":{\"@type\":\"EntryPoint\",\"urlTemplate\":\"https:\\\/\\\/repliquemangacine.fr\\\/?s={search_term_string}\"},\"query-input\":{\"@type\":\"PropertyValueSpecification\",\"valueRequired\":true,\"valueName\":\"search_term_string\"}}],\"inLanguage\":\"it-IT\"},{\"@type\":\"Organization\",\"@id\":\"https:\\\/\\\/repliquemangacine.fr\\\/#organization\",\"name\":\"R\u00e9plique Manga Cin\u00e9\",\"url\":\"https:\\\/\\\/repliquemangacine.fr\\\/\",\"logo\":{\"@type\":\"ImageObject\",\"inLanguage\":\"it-IT\",\"@id\":\"https:\\\/\\\/repliquemangacine.fr\\\/#\\\/schema\\\/logo\\\/image\\\/\",\"url\":\"https:\\\/\\\/repliquemangacine.fr\\\/wp-content\\\/uploads\\\/2023\\\/10\\\/RMC-500250.png\",\"contentUrl\":\"https:\\\/\\\/repliquemangacine.fr\\\/wp-content\\\/uploads\\\/2023\\\/10\\\/RMC-500250.png\",\"width\":500,\"height\":250,\"caption\":\"R\u00e9plique Manga Cin\u00e9\"},\"image\":{\"@id\":\"https:\\\/\\\/repliquemangacine.fr\\\/#\\\/schema\\\/logo\\\/image\\\/\"},\"sameAs\":[\"https:\\\/\\\/www.facebook.com\\\/RepliqueMangaCine\",\"https:\\\/\\\/www.instagram.com\\\/repliquemangacine.fr\\\/\"]}]}<\/script>\n<!-- \/ Yoast SEO plugin. -->","yoast_head_json":{"title":"Set massonico decorativo blu - R\u00e9plique Manga Cin\u00e9","description":"Set massonico decorativo blu, con due spade incrociate e scudo simbolico. Perfetto per la decorazione e per una raffinata atmosfera cerimoniale.","robots":{"index":"index","follow":"follow","max-snippet":"max-snippet:-1","max-image-preview":"max-image-preview:large","max-video-preview":"max-video-preview:-1"},"canonical":"https:\/\/repliquemangacine.fr\/it\/spada-templare-medievale\/set-decorativo-di-maconics-blu\/","og_locale":"it_IT","og_type":"article","og_title":"Ensemble Ma\u00e7onnique D\u00e9coratif Bleu - R\u00e9plique Manga Cin\u00e9","og_description":"Ensemble Ma\u00e7onnique D\u00e9coratif Bleu, avec deux \u00e9p\u00e9es crois\u00e9es et bouclier symbolique. Parfait pour la d\u00e9coration et atmosph\u00e8re c\u00e9r\u00e9monielle raffin\u00e9e.","og_url":"https:\/\/repliquemangacine.fr\/it\/spada-templare-medievale\/set-decorativo-di-maconics-blu\/","og_site_name":"R\u00e9plique Manga Cin\u00e9","article_publisher":"https:\/\/www.facebook.com\/RepliqueMangaCine","article_modified_time":"2026-02-19T10:33:35+00:00","og_image":[{"width":700,"height":700,"url":"https:\/\/repliquemangacine.fr\/wp-content\/uploads\/2025\/10\/Ensemble-Maconnique-Decoratif-Bleu.jpg","type":"image\/jpeg"}],"twitter_card":"summary_large_image","twitter_misc":{"Tempo di lettura stimato":"3 minuti"},"schema":{"@context":"https:\/\/schema.org","@graph":[{"@type":"WebPage","@id":"https:\/\/repliquemangacine.fr\/epee-templier-medievale\/ensemble-maconnique-decoratif-bleu\/","url":"https:\/\/repliquemangacine.fr\/epee-templier-medievale\/ensemble-maconnique-decoratif-bleu\/","name":"Set massonico decorativo blu - R\u00e9plique Manga Cin\u00e9","isPartOf":{"@id":"https:\/\/repliquemangacine.fr\/#website"},"primaryImageOfPage":{"@id":"https:\/\/repliquemangacine.fr\/epee-templier-medievale\/ensemble-maconnique-decoratif-bleu\/#primaryimage"},"image":{"@id":"https:\/\/repliquemangacine.fr\/epee-templier-medievale\/ensemble-maconnique-decoratif-bleu\/#primaryimage"},"thumbnailUrl":"https:\/\/repliquemangacine.fr\/wp-content\/uploads\/2025\/10\/Ensemble-Maconnique-Decoratif-Bleu.jpg","datePublished":"2025-10-30T10:50:36+00:00","dateModified":"2026-02-19T10:33:35+00:00","description":"Set massonico decorativo blu, con due spade incrociate e scudo simbolico. Perfetto per la decorazione e per una raffinata atmosfera cerimoniale.","breadcrumb":{"@id":"https:\/\/repliquemangacine.fr\/epee-templier-medievale\/ensemble-maconnique-decoratif-bleu\/#breadcrumb"},"inLanguage":"it-IT","potentialAction":[{"@type":"ReadAction","target":["https:\/\/repliquemangacine.fr\/epee-templier-medievale\/ensemble-maconnique-decoratif-bleu\/"]}]},{"@type":"ImageObject","inLanguage":"it-IT","@id":"https:\/\/repliquemangacine.fr\/epee-templier-medievale\/ensemble-maconnique-decoratif-bleu\/#primaryimage","url":"https:\/\/repliquemangacine.fr\/wp-content\/uploads\/2025\/10\/Ensemble-Maconnique-Decoratif-Bleu.jpg","contentUrl":"https:\/\/repliquemangacine.fr\/wp-content\/uploads\/2025\/10\/Ensemble-Maconnique-Decoratif-Bleu.jpg","width":700,"height":700,"caption":"Ensemble Ma\u00e7onnique D\u00e9coratif Bleu"},{"@type":"BreadcrumbList","@id":"https:\/\/repliquemangacine.fr\/epee-templier-medievale\/ensemble-maconnique-decoratif-bleu\/#breadcrumb","itemListElement":[{"@type":"ListItem","position":1,"name":"Accueil","item":"https:\/\/repliquemangacine.fr\/"},{"@type":"ListItem","position":2,"name":"Produits","item":"https:\/\/repliquemangacine.fr\/boutique\/"},{"@type":"ListItem","position":3,"name":"Ensemble Ma\u00e7onnique D\u00e9coratif Bleu"}]},{"@type":"WebSite","@id":"https:\/\/repliquemangacine.fr\/#website","url":"https:\/\/repliquemangacine.fr\/","name":"R\u00e9plique Manga Cin\u00e9","description":"","publisher":{"@id":"https:\/\/repliquemangacine.fr\/#organization"},"potentialAction":[{"@type":"SearchAction","target":{"@type":"EntryPoint","urlTemplate":"https:\/\/repliquemangacine.fr\/?s={search_term_string}"},"query-input":{"@type":"PropertyValueSpecification","valueRequired":true,"valueName":"search_term_string"}}],"inLanguage":"it-IT"},{"@type":"Organization","@id":"https:\/\/repliquemangacine.fr\/#organization","name":"R\u00e9plique Manga Cin\u00e9","url":"https:\/\/repliquemangacine.fr\/","logo":{"@type":"ImageObject","inLanguage":"it-IT","@id":"https:\/\/repliquemangacine.fr\/#\/schema\/logo\/image\/","url":"https:\/\/repliquemangacine.fr\/wp-content\/uploads\/2023\/10\/RMC-500250.png","contentUrl":"https:\/\/repliquemangacine.fr\/wp-content\/uploads\/2023\/10\/RMC-500250.png","width":500,"height":250,"caption":"R\u00e9plique Manga Cin\u00e9"},"image":{"@id":"https:\/\/repliquemangacine.fr\/#\/schema\/logo\/image\/"},"sameAs":["https:\/\/www.facebook.com\/RepliqueMangaCine","https:\/\/www.instagram.com\/repliquemangacine.fr\/"]}]}},"_links":{"self":[{"href":"https:\/\/repliquemangacine.fr\/it\/wp-json\/wp\/v2\/product\/89895","targetHints":{"allow":["GET"]}}],"collection":[{"href":"https:\/\/repliquemangacine.fr\/it\/wp-json\/wp\/v2\/product"}],"about":[{"href":"https:\/\/repliquemangacine.fr\/it\/wp-json\/wp\/v2\/types\/product"}],"wp:featuredmedia":[{"embeddable":true,"href":"https:\/\/repliquemangacine.fr\/it\/wp-json\/wp\/v2\/media\/89898"}],"wp:attachment":[{"href":"https:\/\/repliquemangacine.fr\/it\/wp-json\/wp\/v2\/media?parent=89895"}],"wp:term":[{"taxonomy":"product_brand","embeddable":true,"href":"https:\/\/repliquemangacine.fr\/it\/wp-json\/wp\/v2\/product_brand?post=89895"},{"taxonomy":"product_cat","embeddable":true,"href":"https:\/\/repliquemangacine.fr\/it\/wp-json\/wp\/v2\/product_cat?post=89895"},{"taxonomy":"product_tag","embeddable":true,"href":"https:\/\/repliquemangacine.fr\/it\/wp-json\/wp\/v2\/product_tag?post=89895"}],"curies":[{"name":"wp","href":"https:\/\/api.w.org\/{rel}","templated":true}]}}