





{"id":89503,"date":"2025-10-17T17:12:47","date_gmt":"2025-10-17T15:12:47","guid":{"rendered":"https:\/\/repliquemangacine.fr\/?post_type=product&#038;p=89503"},"modified":"2026-02-19T11:41:33","modified_gmt":"2026-02-19T10:41:33","slug":"regina-rossa-devil-may-cry-5","status":"publish","type":"product","link":"https:\/\/repliquemangacine.fr\/it\/devil-may-cry\/red-queen-devil-may-cry-5\/","title":{"rendered":"Regina Rossa - Devil May Cry 5"},"content":{"rendered":"<h2>La spada della Regina Rossa - la mitica arma di Nerone<\/h2>\n<p>In primo luogo, la spada <strong>Regina Rossa<\/strong>una replica eccezionale tratta dal gioco Devil May Cry 5. Con i suoi 135,5 cm di potenza grezza e la lama in acciaio da 102 cm. Colpisce a prima vista. L'impugnatura rossa e nera, un mix di metallo e ABS stampato, le conferisce un look unico e aggressivo. La protezione a forma di leva, accentuata dai tubi di scarico neri, corre lungo la lama per un look incredibilmente realistico. Ogni dettaglio \u00e8 stato riprodotto con cura per catturare la firma visiva di quest'arma leggendaria. La Regina Rossa, un vero e proprio simbolo di potere, capace di infiammare il combattimento con ogni sua mossa. Fornita con un supporto da esposizione, prender\u00e0 posto con orgoglio in qualsiasi collezione dedicata agli eroi di Capcom.<\/p>\n<h2>Nero - Il cacciatore di demoni sovralimentato<\/h2>\n<p>Prima di tutto, <a href=\"https:\/\/devilmaycrydmc.fandom.com\/fr\/wiki\/Nero\" target=\"_blank\" rel=\"noopener noreferrer\">Nero<\/a>il giovane protagonista di Devil May Cry 5, brandisce il <strong>Regina Rossa<\/strong> con una potenza di fuoco incomparabile. Grazie al suo sistema di \"giri\" ispirato alle moto, pu\u00f2 sovraccaricare la lama e farla brillare, scatenando attacchi esplosivi. Ogni colpo diventa uno spettacolo di fuoco e metallo, degno di un vero cacciatore di demoni. Nero combatte con passione, rabbia e determinazione, cercando di dimostrare il proprio valore e di dominare il potere demoniaco che arde dentro di lui. Il suo stile di combattimento, brutale ed elegante al tempo stesso, lo rende uno dei personaggi pi\u00f9 carismatici della saga. E la Regina Rossa \u00e8 la sua naturale estensione: veloce, distruttiva e piena di attitudine.<\/p>\n<h2>Altre repliche di Devil May Cry su R\u00e9plique Manga Cin\u00e9<\/h2>\n<p>Su R\u00e9plique Manga Cin\u00e9, la saga di Devil May Cry \u00e8 rappresentata da una collezione unica di armi leggendarie. Scoprite le<a href=\"https:\/\/repliquemangacine.fr\/it\/il-diavolo-puo-piangere\/pugnale-spada-regina-rossa-nero-diavolo-il-mio-grido\/\"> Pugnale con spada di Nerone<\/a>con la lama decorata da arabeschi demoniaci. Scoprite anche il magistrale <a href=\"https:\/\/repliquemangacine.fr\/it\/katana-e-spada-videogiochi-altri-videogiochi\/spada-del-diavolo-epee-du-diable-de-dante-diavolo-il-mio-grido\/\">Spada del diavolo di Dante<\/a>Realizzato in fibra di vetro con una struttura metallica interna, dipinta a mano per una finitura perfetta. Per chi ama lo stile deciso, il modello <a href=\"https:\/\/repliquemangacine.fr\/it\/katana-e-spada-videogiochi-altri-videogiochi\/katana-vergil-yamato-v2\/\">Katana Vergil Yamato<\/a>nella sua nuova versione da Devil May Cry 5. Ci sono anche altri prodotti per completare questa collezione demoniaca. Altri nuovi prodotti si aggiungeranno presto alla gamma, offrendo ai fan le iconiche armi dei pi\u00f9 grandi cacciatori di demoni del mondo.<\/p>","protected":false},"excerpt":{"rendered":"<p>Riproduzione assolutamente notevole della decorazione della spada della Regina Rossa in Devil My Cry 5<\/p>\n<ul>\n<li>Lama in acciaio inossidabile finemente decorata, non tagliente<\/li>\n<li>Manico in metallo con sezione in ABS stampato rosso<\/li>\n<li>Protezione della leva dell'acceleratore, come nel gioco<\/li>\n<li>Tubi di scarico in ABS nero tenuti in posizione da rivetti.<\/li>\n<li>Fornito con supporto di presentazione in legno<\/li>\n<li>Lunghezza lama: 102 cm - Lunghezza totale: 136 cm<\/li>\n<li>Peso: 8.000 g<\/li>\n<\/ul>","protected":false},"featured_media":89509,"template":"","meta":[],"product_brand":[],"product_cat":[880],"product_tag":[],"class_list":{"0":"post-89503","1":"product","2":"type-product","3":"status-publish","4":"has-post-thumbnail","6":"product_cat-devil-may-cry","8":"first","9":"instock","10":"taxable","11":"shipping-taxable","12":"purchasable","13":"product-type-simple"},"yoast_head":"<!-- This site is optimized with the Yoast SEO plugin v27.5 - https:\/\/yoast.com\/product\/yoast-seo-wordpress\/ -->\n<title>Red Queen - Devil May Cry 5 - R\u00e9plique Manga Cin\u00e9<\/title>\n<meta name=\"description\" content=\"Ajoutez la l\u00e9gendaire Red Queen de Nero \u00e0 votre collection Devil May Cry 5. Lame en acier d\u00e9cor\u00e9e, poign\u00e9e d\u00e9taill\u00e9e et r\u00e9alisme exceptionnel. 136 cm\" \/>\n<meta name=\"robots\" content=\"index, follow, max-snippet:-1, max-image-preview:large, max-video-preview:-1\" \/>\n<link rel=\"canonical\" href=\"https:\/\/repliquemangacine.fr\/it\/il-diavolo-puo-piangere\/regina-rossa-devil-may-cry-5\/\" \/>\n<meta property=\"og:locale\" content=\"it_IT\" \/>\n<meta property=\"og:type\" content=\"article\" \/>\n<meta property=\"og:title\" content=\"Red Queen - Devil May Cry 5 - R\u00e9plique Manga Cin\u00e9\" \/>\n<meta property=\"og:description\" content=\"Ajoutez la l\u00e9gendaire Red Queen de Nero \u00e0 votre collection Devil May Cry 5. Lame en acier d\u00e9cor\u00e9e, poign\u00e9e d\u00e9taill\u00e9e et r\u00e9alisme exceptionnel. 136 cm\" \/>\n<meta property=\"og:url\" content=\"https:\/\/repliquemangacine.fr\/it\/il-diavolo-puo-piangere\/regina-rossa-devil-may-cry-5\/\" \/>\n<meta property=\"og:site_name\" content=\"R\u00e9plique Manga Cin\u00e9\" \/>\n<meta property=\"article:publisher\" content=\"https:\/\/www.facebook.com\/RepliqueMangaCine\" \/>\n<meta property=\"article:modified_time\" content=\"2026-02-19T10:41:33+00:00\" \/>\n<meta property=\"og:image\" content=\"https:\/\/repliquemangacine.fr\/wp-content\/uploads\/2025\/10\/Red-Queen-Devil-My-Cry-5.jpg\" \/>\n\t<meta property=\"og:image:width\" content=\"700\" \/>\n\t<meta property=\"og:image:height\" content=\"700\" \/>\n\t<meta property=\"og:image:type\" content=\"image\/jpeg\" \/>\n<meta name=\"twitter:card\" content=\"summary_large_image\" \/>\n<meta name=\"twitter:label1\" content=\"Tempo di lettura stimato\" \/>\n\t<meta name=\"twitter:data1\" content=\"3 minuti\" \/>\n<script type=\"application\/ld+json\" class=\"yoast-schema-graph\">{\"@context\":\"https:\\\/\\\/schema.org\",\"@graph\":[{\"@type\":\"WebPage\",\"@id\":\"https:\\\/\\\/repliquemangacine.fr\\\/devil-may-cry\\\/red-queen-devil-may-cry-5\\\/\",\"url\":\"https:\\\/\\\/repliquemangacine.fr\\\/devil-may-cry\\\/red-queen-devil-may-cry-5\\\/\",\"name\":\"Red Queen - Devil May Cry 5 - R\u00e9plique Manga Cin\u00e9\",\"isPartOf\":{\"@id\":\"https:\\\/\\\/repliquemangacine.fr\\\/#website\"},\"primaryImageOfPage\":{\"@id\":\"https:\\\/\\\/repliquemangacine.fr\\\/devil-may-cry\\\/red-queen-devil-may-cry-5\\\/#primaryimage\"},\"image\":{\"@id\":\"https:\\\/\\\/repliquemangacine.fr\\\/devil-may-cry\\\/red-queen-devil-may-cry-5\\\/#primaryimage\"},\"thumbnailUrl\":\"https:\\\/\\\/repliquemangacine.fr\\\/wp-content\\\/uploads\\\/2025\\\/10\\\/Red-Queen-Devil-My-Cry-5.jpg\",\"datePublished\":\"2025-10-17T15:12:47+00:00\",\"dateModified\":\"2026-02-19T10:41:33+00:00\",\"description\":\"Ajoutez la l\u00e9gendaire Red Queen de Nero \u00e0 votre collection Devil May Cry 5. Lame en acier d\u00e9cor\u00e9e, poign\u00e9e d\u00e9taill\u00e9e et r\u00e9alisme exceptionnel. 136 cm\",\"breadcrumb\":{\"@id\":\"https:\\\/\\\/repliquemangacine.fr\\\/devil-may-cry\\\/red-queen-devil-may-cry-5\\\/#breadcrumb\"},\"inLanguage\":\"it-IT\",\"potentialAction\":[{\"@type\":\"ReadAction\",\"target\":[\"https:\\\/\\\/repliquemangacine.fr\\\/devil-may-cry\\\/red-queen-devil-may-cry-5\\\/\"]}]},{\"@type\":\"ImageObject\",\"inLanguage\":\"it-IT\",\"@id\":\"https:\\\/\\\/repliquemangacine.fr\\\/devil-may-cry\\\/red-queen-devil-may-cry-5\\\/#primaryimage\",\"url\":\"https:\\\/\\\/repliquemangacine.fr\\\/wp-content\\\/uploads\\\/2025\\\/10\\\/Red-Queen-Devil-My-Cry-5.jpg\",\"contentUrl\":\"https:\\\/\\\/repliquemangacine.fr\\\/wp-content\\\/uploads\\\/2025\\\/10\\\/Red-Queen-Devil-My-Cry-5.jpg\",\"width\":700,\"height\":700,\"caption\":\"Red Queen Devil My Cry 5\"},{\"@type\":\"BreadcrumbList\",\"@id\":\"https:\\\/\\\/repliquemangacine.fr\\\/devil-may-cry\\\/red-queen-devil-may-cry-5\\\/#breadcrumb\",\"itemListElement\":[{\"@type\":\"ListItem\",\"position\":1,\"name\":\"Accueil\",\"item\":\"https:\\\/\\\/repliquemangacine.fr\\\/\"},{\"@type\":\"ListItem\",\"position\":2,\"name\":\"Produits\",\"item\":\"https:\\\/\\\/repliquemangacine.fr\\\/boutique\\\/\"},{\"@type\":\"ListItem\",\"position\":3,\"name\":\"Red Queen &#8211; Devil May Cry 5\"}]},{\"@type\":\"WebSite\",\"@id\":\"https:\\\/\\\/repliquemangacine.fr\\\/#website\",\"url\":\"https:\\\/\\\/repliquemangacine.fr\\\/\",\"name\":\"R\u00e9plique Manga Cin\u00e9\",\"description\":\"\",\"publisher\":{\"@id\":\"https:\\\/\\\/repliquemangacine.fr\\\/#organization\"},\"potentialAction\":[{\"@type\":\"SearchAction\",\"target\":{\"@type\":\"EntryPoint\",\"urlTemplate\":\"https:\\\/\\\/repliquemangacine.fr\\\/?s={search_term_string}\"},\"query-input\":{\"@type\":\"PropertyValueSpecification\",\"valueRequired\":true,\"valueName\":\"search_term_string\"}}],\"inLanguage\":\"it-IT\"},{\"@type\":\"Organization\",\"@id\":\"https:\\\/\\\/repliquemangacine.fr\\\/#organization\",\"name\":\"R\u00e9plique Manga Cin\u00e9\",\"url\":\"https:\\\/\\\/repliquemangacine.fr\\\/\",\"logo\":{\"@type\":\"ImageObject\",\"inLanguage\":\"it-IT\",\"@id\":\"https:\\\/\\\/repliquemangacine.fr\\\/#\\\/schema\\\/logo\\\/image\\\/\",\"url\":\"https:\\\/\\\/repliquemangacine.fr\\\/wp-content\\\/uploads\\\/2023\\\/10\\\/RMC-500250.png\",\"contentUrl\":\"https:\\\/\\\/repliquemangacine.fr\\\/wp-content\\\/uploads\\\/2023\\\/10\\\/RMC-500250.png\",\"width\":500,\"height\":250,\"caption\":\"R\u00e9plique Manga Cin\u00e9\"},\"image\":{\"@id\":\"https:\\\/\\\/repliquemangacine.fr\\\/#\\\/schema\\\/logo\\\/image\\\/\"},\"sameAs\":[\"https:\\\/\\\/www.facebook.com\\\/RepliqueMangaCine\",\"https:\\\/\\\/www.instagram.com\\\/repliquemangacine.fr\\\/\"]}]}<\/script>\n<!-- \/ Yoast SEO plugin. -->","yoast_head_json":{"title":"Regina Rossa - Devil May Cry 5 - R\u00e9plique Manga Cin\u00e9","description":"Aggiungi la leggendaria Regina Rossa di Nero alla tua collezione di Devil May Cry 5. Lama in acciaio decorato, impugnatura dettagliata e realismo eccezionale. 136 cm di lunghezza","robots":{"index":"index","follow":"follow","max-snippet":"max-snippet:-1","max-image-preview":"max-image-preview:large","max-video-preview":"max-video-preview:-1"},"canonical":"https:\/\/repliquemangacine.fr\/it\/il-diavolo-puo-piangere\/regina-rossa-devil-may-cry-5\/","og_locale":"it_IT","og_type":"article","og_title":"Red Queen - Devil May Cry 5 - R\u00e9plique Manga Cin\u00e9","og_description":"Ajoutez la l\u00e9gendaire Red Queen de Nero \u00e0 votre collection Devil May Cry 5. Lame en acier d\u00e9cor\u00e9e, poign\u00e9e d\u00e9taill\u00e9e et r\u00e9alisme exceptionnel. 136 cm","og_url":"https:\/\/repliquemangacine.fr\/it\/il-diavolo-puo-piangere\/regina-rossa-devil-may-cry-5\/","og_site_name":"R\u00e9plique Manga Cin\u00e9","article_publisher":"https:\/\/www.facebook.com\/RepliqueMangaCine","article_modified_time":"2026-02-19T10:41:33+00:00","og_image":[{"width":700,"height":700,"url":"https:\/\/repliquemangacine.fr\/wp-content\/uploads\/2025\/10\/Red-Queen-Devil-My-Cry-5.jpg","type":"image\/jpeg"}],"twitter_card":"summary_large_image","twitter_misc":{"Tempo di lettura stimato":"3 minuti"},"schema":{"@context":"https:\/\/schema.org","@graph":[{"@type":"WebPage","@id":"https:\/\/repliquemangacine.fr\/devil-may-cry\/red-queen-devil-may-cry-5\/","url":"https:\/\/repliquemangacine.fr\/devil-may-cry\/red-queen-devil-may-cry-5\/","name":"Regina Rossa - Devil May Cry 5 - R\u00e9plique Manga Cin\u00e9","isPartOf":{"@id":"https:\/\/repliquemangacine.fr\/#website"},"primaryImageOfPage":{"@id":"https:\/\/repliquemangacine.fr\/devil-may-cry\/red-queen-devil-may-cry-5\/#primaryimage"},"image":{"@id":"https:\/\/repliquemangacine.fr\/devil-may-cry\/red-queen-devil-may-cry-5\/#primaryimage"},"thumbnailUrl":"https:\/\/repliquemangacine.fr\/wp-content\/uploads\/2025\/10\/Red-Queen-Devil-My-Cry-5.jpg","datePublished":"2025-10-17T15:12:47+00:00","dateModified":"2026-02-19T10:41:33+00:00","description":"Aggiungi la leggendaria Regina Rossa di Nero alla tua collezione di Devil May Cry 5. Lama in acciaio decorato, impugnatura dettagliata e realismo eccezionale. 136 cm di lunghezza","breadcrumb":{"@id":"https:\/\/repliquemangacine.fr\/devil-may-cry\/red-queen-devil-may-cry-5\/#breadcrumb"},"inLanguage":"it-IT","potentialAction":[{"@type":"ReadAction","target":["https:\/\/repliquemangacine.fr\/devil-may-cry\/red-queen-devil-may-cry-5\/"]}]},{"@type":"ImageObject","inLanguage":"it-IT","@id":"https:\/\/repliquemangacine.fr\/devil-may-cry\/red-queen-devil-may-cry-5\/#primaryimage","url":"https:\/\/repliquemangacine.fr\/wp-content\/uploads\/2025\/10\/Red-Queen-Devil-My-Cry-5.jpg","contentUrl":"https:\/\/repliquemangacine.fr\/wp-content\/uploads\/2025\/10\/Red-Queen-Devil-My-Cry-5.jpg","width":700,"height":700,"caption":"Red Queen Devil My Cry 5"},{"@type":"BreadcrumbList","@id":"https:\/\/repliquemangacine.fr\/devil-may-cry\/red-queen-devil-may-cry-5\/#breadcrumb","itemListElement":[{"@type":"ListItem","position":1,"name":"Accueil","item":"https:\/\/repliquemangacine.fr\/"},{"@type":"ListItem","position":2,"name":"Produits","item":"https:\/\/repliquemangacine.fr\/boutique\/"},{"@type":"ListItem","position":3,"name":"Red Queen &#8211; Devil May Cry 5"}]},{"@type":"WebSite","@id":"https:\/\/repliquemangacine.fr\/#website","url":"https:\/\/repliquemangacine.fr\/","name":"R\u00e9plique Manga Cin\u00e9","description":"","publisher":{"@id":"https:\/\/repliquemangacine.fr\/#organization"},"potentialAction":[{"@type":"SearchAction","target":{"@type":"EntryPoint","urlTemplate":"https:\/\/repliquemangacine.fr\/?s={search_term_string}"},"query-input":{"@type":"PropertyValueSpecification","valueRequired":true,"valueName":"search_term_string"}}],"inLanguage":"it-IT"},{"@type":"Organization","@id":"https:\/\/repliquemangacine.fr\/#organization","name":"R\u00e9plique Manga Cin\u00e9","url":"https:\/\/repliquemangacine.fr\/","logo":{"@type":"ImageObject","inLanguage":"it-IT","@id":"https:\/\/repliquemangacine.fr\/#\/schema\/logo\/image\/","url":"https:\/\/repliquemangacine.fr\/wp-content\/uploads\/2023\/10\/RMC-500250.png","contentUrl":"https:\/\/repliquemangacine.fr\/wp-content\/uploads\/2023\/10\/RMC-500250.png","width":500,"height":250,"caption":"R\u00e9plique Manga Cin\u00e9"},"image":{"@id":"https:\/\/repliquemangacine.fr\/#\/schema\/logo\/image\/"},"sameAs":["https:\/\/www.facebook.com\/RepliqueMangaCine","https:\/\/www.instagram.com\/repliquemangacine.fr\/"]}]}},"_links":{"self":[{"href":"https:\/\/repliquemangacine.fr\/it\/wp-json\/wp\/v2\/product\/89503","targetHints":{"allow":["GET"]}}],"collection":[{"href":"https:\/\/repliquemangacine.fr\/it\/wp-json\/wp\/v2\/product"}],"about":[{"href":"https:\/\/repliquemangacine.fr\/it\/wp-json\/wp\/v2\/types\/product"}],"wp:featuredmedia":[{"embeddable":true,"href":"https:\/\/repliquemangacine.fr\/it\/wp-json\/wp\/v2\/media\/89509"}],"wp:attachment":[{"href":"https:\/\/repliquemangacine.fr\/it\/wp-json\/wp\/v2\/media?parent=89503"}],"wp:term":[{"taxonomy":"product_brand","embeddable":true,"href":"https:\/\/repliquemangacine.fr\/it\/wp-json\/wp\/v2\/product_brand?post=89503"},{"taxonomy":"product_cat","embeddable":true,"href":"https:\/\/repliquemangacine.fr\/it\/wp-json\/wp\/v2\/product_cat?post=89503"},{"taxonomy":"product_tag","embeddable":true,"href":"https:\/\/repliquemangacine.fr\/it\/wp-json\/wp\/v2\/product_tag?post=89503"}],"curies":[{"name":"wp","href":"https:\/\/api.w.org\/{rel}","templated":true}]}}