





{"id":89331,"date":"2025-10-11T20:14:39","date_gmt":"2025-10-11T18:14:39","guid":{"rendered":"https:\/\/repliquemangacine.fr\/?post_type=product&#038;p=89331"},"modified":"2026-02-19T11:34:20","modified_gmt":"2026-02-19T10:34:20","slug":"la-replica-della-lancia-santa-del-museo-di-vienna","status":"publish","type":"product","link":"https:\/\/repliquemangacine.fr\/it\/armes-historiques\/la-sainte-lance-replique-du-musee-de-vienne\/","title":{"rendered":"La Sacra Lancia - Replica dal Museo di Vienna"},"content":{"rendered":"<h2>La Sainte Lance - Un'eccezionale replica storica<\/h2>\n<p>In primo luogo, questa replica museale riproduce fedelmente il <strong>Sainte Lance<\/strong>ora ospitato nella <a href=\"https:\/\/www.khm.at\/en\/artworks\/die-heilige-lanze-100443-1\" target=\"_blank\" rel=\"noopener noreferrer\">Il tesoro imperiale di Vienna<\/a>. La lama, finemente traforata, \u00e8 parzialmente rivestita di filo d'argento e bordata di ottone. Sulla piastra centrale, l'iscrizione latina LANCEA ET CLAVUS DOMINI significa \"La lancia e il chiodo del Signore\". Secondo la tradizione, contiene un frammento del Santo Chiodo usato per crocifiggere Cristo. Questa replica riprende ogni dettaglio dell'originale, dalla lavorazione del metallo alla doratura patinata. Di fatto, simboleggia sia l'arte sacra medievale sia il potere spirituale degli antichi imperatori. Elegante, autentico e ricco di significato, questo pezzo eccezionale \u00e8 perfetto per i collezionisti di armi storiche e oggetti religiosi.<\/p>\n<h2>La lancia del destino e il suo potere simbolico<\/h2>\n<p>Conosciuta anche come Lancia di San Maurizio o Lancia del Destino, la Sacra Lancia \u00e8 uno dei manufatti pi\u00f9 famosi del Sacro Romano Impero. Secondo la leggenda, apparteneva a Longino, il centurione romano che trafisse il costato di Cristo per assicurarne la morte. Impregnato del suo sangue sacro, divenne un simbolo di legittimit\u00e0 divina. Per secoli, re e imperatori la indossarono come segno del potere concesso da Dio. Il suo possesso doveva rendere il suo possessore invincibile. Questa replica evoca la fede, la gloria e il mistero di un'epoca in cui religione e potere erano la stessa cosa. Vera e propria testimonianza della storia, la Sacra Lancia rimane un pezzo mitico all'incrocio tra il sacro e il leggendario.<\/p>\n<h2>Altre armi storiche su R\u00e9plique Manga Cin\u00e9<\/h2>\n<p>R\u00e9plique Manga Cin\u00e9 offre anche un'eccezionale collezione di armi storiche fedelmente riprodotte. Scoprite le famose <a href=\"https:\/\/repliquemangacine.fr\/it\/spade-antiche\/fulham-spada-romana\/\">Spada Fulham<\/a>\u00c8 un simbolo della potenza militare romana. La sua riproduzione dettagliata rende omaggio all'antica arte del combattimento e alle abilit\u00e0 dei fabbri dell'epoca. Scoprite anche il <a href=\"https:\/\/repliquemangacine.fr\/it\/spade-antiche\/mainz-gladio-spada-tiberina\/\">Gladio di Magonza,<\/a> conosciuta come la spada di Tiberio, un pezzo emblematico dell'equipaggiamento del legionario romano. La sua lama corta e larga illustra perfettamente le tecniche di guerra disciplinate di Roma. Infine, lasciatevi sedurre dalla riproduzione storica del <a href=\"https:\/\/repliquemangacine.fr\/it\/spade-antiche\/spada-di-feltro\/\">la spada di Feltwell<\/a>un capolavoro archeologico accuratamente ricreato. Ogni arma \u00e8 realizzata con materiali di qualit\u00e0 e finiture autentiche. Grazie a queste repliche uniche, i collezionisti possono rivivere la grandezza delle antiche civilt\u00e0 e arricchire le loro vetrine con storia e leggenda.<\/p>","protected":false},"excerpt":{"rendered":"<p>Una replica museale di altissima qualit\u00e0 della Sacra Lancia, oggi conservata nel Tesoro di Vienna.<\/p>\n<ul>\n<li>Tutto acciaio<\/li>\n<li>La lancia \u00e8 avvolta da un filo d'argento<\/li>\n<li>Piastra centrale in ottone con incisioni.<\/li>\n<li>Incisione latina: LANCEA ET CLAVUS DOMINI , che significa \"La lancia e il chiodo del Signore\".<\/li>\n<li>Fornito senza manico, ma adatto a un manico di circa 2,5 cm di diametro.<\/li>\n<li>Lunghezza totale: 47 cm - Peso: 950 g<\/li>\n<\/ul>","protected":false},"featured_media":89335,"template":"","meta":[],"product_brand":[],"product_cat":[25,84,73],"product_tag":[],"class_list":{"0":"post-89331","1":"product","2":"type-product","3":"status-publish","4":"has-post-thumbnail","6":"product_cat-armes-historiques","7":"product_cat-epee-templier-medievale","8":"product_cat-epees-glaives-antique","10":"first","11":"outofstock","12":"taxable","13":"shipping-taxable","14":"purchasable","15":"product-type-simple"},"yoast_head":"<!-- This site is optimized with the Yoast SEO plugin v27.4 - https:\/\/yoast.com\/product\/yoast-seo-wordpress\/ -->\n<title>La Sainte Lance - R\u00e9plique du mus\u00e9e de Vienne - R\u00e9plique Manga Cin\u00e9<\/title>\n<meta name=\"description\" content=\"D\u00e9couvrez la Sainte Lance, r\u00e9plique fid\u00e8le du tr\u00e9sor de Vienne. Une pi\u00e8ce historique symbolisant la foi, le pouvoir et la l\u00e9gende des empereurs.\" \/>\n<meta name=\"robots\" content=\"index, follow, max-snippet:-1, max-image-preview:large, max-video-preview:-1\" \/>\n<link rel=\"canonical\" href=\"https:\/\/repliquemangacine.fr\/it\/armi-storiche\/la-replica-della-lancia-santa-del-museo-di-vienna\/\" \/>\n<meta property=\"og:locale\" content=\"it_IT\" \/>\n<meta property=\"og:type\" content=\"article\" \/>\n<meta property=\"og:title\" content=\"La Sainte Lance - R\u00e9plique du mus\u00e9e de Vienne - R\u00e9plique Manga Cin\u00e9\" \/>\n<meta property=\"og:description\" content=\"D\u00e9couvrez la Sainte Lance, r\u00e9plique fid\u00e8le du tr\u00e9sor de Vienne. Une pi\u00e8ce historique symbolisant la foi, le pouvoir et la l\u00e9gende des empereurs.\" \/>\n<meta property=\"og:url\" content=\"https:\/\/repliquemangacine.fr\/it\/armi-storiche\/la-replica-della-lancia-santa-del-museo-di-vienna\/\" \/>\n<meta property=\"og:site_name\" content=\"R\u00e9plique Manga Cin\u00e9\" \/>\n<meta property=\"article:publisher\" content=\"https:\/\/www.facebook.com\/RepliqueMangaCine\" \/>\n<meta property=\"article:modified_time\" content=\"2026-02-19T10:34:20+00:00\" \/>\n<meta property=\"og:image\" content=\"https:\/\/repliquemangacine.fr\/wp-content\/uploads\/2025\/10\/lance.jpg\" \/>\n\t<meta property=\"og:image:width\" content=\"700\" \/>\n\t<meta property=\"og:image:height\" content=\"700\" \/>\n\t<meta property=\"og:image:type\" content=\"image\/jpeg\" \/>\n<meta name=\"twitter:card\" content=\"summary_large_image\" \/>\n<meta name=\"twitter:label1\" content=\"Tempo di lettura stimato\" \/>\n\t<meta name=\"twitter:data1\" content=\"3 minuti\" \/>\n<script type=\"application\/ld+json\" class=\"yoast-schema-graph\">{\"@context\":\"https:\\\/\\\/schema.org\",\"@graph\":[{\"@type\":\"WebPage\",\"@id\":\"https:\\\/\\\/repliquemangacine.fr\\\/armes-historiques\\\/la-sainte-lance-replique-du-musee-de-vienne\\\/\",\"url\":\"https:\\\/\\\/repliquemangacine.fr\\\/armes-historiques\\\/la-sainte-lance-replique-du-musee-de-vienne\\\/\",\"name\":\"La Sainte Lance - R\u00e9plique du mus\u00e9e de Vienne - R\u00e9plique Manga Cin\u00e9\",\"isPartOf\":{\"@id\":\"https:\\\/\\\/repliquemangacine.fr\\\/#website\"},\"primaryImageOfPage\":{\"@id\":\"https:\\\/\\\/repliquemangacine.fr\\\/armes-historiques\\\/la-sainte-lance-replique-du-musee-de-vienne\\\/#primaryimage\"},\"image\":{\"@id\":\"https:\\\/\\\/repliquemangacine.fr\\\/armes-historiques\\\/la-sainte-lance-replique-du-musee-de-vienne\\\/#primaryimage\"},\"thumbnailUrl\":\"https:\\\/\\\/repliquemangacine.fr\\\/wp-content\\\/uploads\\\/2025\\\/10\\\/lance.jpg\",\"datePublished\":\"2025-10-11T18:14:39+00:00\",\"dateModified\":\"2026-02-19T10:34:20+00:00\",\"description\":\"D\u00e9couvrez la Sainte Lance, r\u00e9plique fid\u00e8le du tr\u00e9sor de Vienne. Une pi\u00e8ce historique symbolisant la foi, le pouvoir et la l\u00e9gende des empereurs.\",\"breadcrumb\":{\"@id\":\"https:\\\/\\\/repliquemangacine.fr\\\/armes-historiques\\\/la-sainte-lance-replique-du-musee-de-vienne\\\/#breadcrumb\"},\"inLanguage\":\"it-IT\",\"potentialAction\":[{\"@type\":\"ReadAction\",\"target\":[\"https:\\\/\\\/repliquemangacine.fr\\\/armes-historiques\\\/la-sainte-lance-replique-du-musee-de-vienne\\\/\"]}]},{\"@type\":\"ImageObject\",\"inLanguage\":\"it-IT\",\"@id\":\"https:\\\/\\\/repliquemangacine.fr\\\/armes-historiques\\\/la-sainte-lance-replique-du-musee-de-vienne\\\/#primaryimage\",\"url\":\"https:\\\/\\\/repliquemangacine.fr\\\/wp-content\\\/uploads\\\/2025\\\/10\\\/lance.jpg\",\"contentUrl\":\"https:\\\/\\\/repliquemangacine.fr\\\/wp-content\\\/uploads\\\/2025\\\/10\\\/lance.jpg\",\"width\":700,\"height\":700,\"caption\":\"La Sainte Lance\"},{\"@type\":\"BreadcrumbList\",\"@id\":\"https:\\\/\\\/repliquemangacine.fr\\\/armes-historiques\\\/la-sainte-lance-replique-du-musee-de-vienne\\\/#breadcrumb\",\"itemListElement\":[{\"@type\":\"ListItem\",\"position\":1,\"name\":\"Accueil\",\"item\":\"https:\\\/\\\/repliquemangacine.fr\\\/\"},{\"@type\":\"ListItem\",\"position\":2,\"name\":\"Produits\",\"item\":\"https:\\\/\\\/repliquemangacine.fr\\\/boutique\\\/\"},{\"@type\":\"ListItem\",\"position\":3,\"name\":\"La Sainte Lance &#8211; R\u00e9plique du mus\u00e9e de Vienne\"}]},{\"@type\":\"WebSite\",\"@id\":\"https:\\\/\\\/repliquemangacine.fr\\\/#website\",\"url\":\"https:\\\/\\\/repliquemangacine.fr\\\/\",\"name\":\"R\u00e9plique Manga Cin\u00e9\",\"description\":\"\",\"publisher\":{\"@id\":\"https:\\\/\\\/repliquemangacine.fr\\\/#organization\"},\"potentialAction\":[{\"@type\":\"SearchAction\",\"target\":{\"@type\":\"EntryPoint\",\"urlTemplate\":\"https:\\\/\\\/repliquemangacine.fr\\\/?s={search_term_string}\"},\"query-input\":{\"@type\":\"PropertyValueSpecification\",\"valueRequired\":true,\"valueName\":\"search_term_string\"}}],\"inLanguage\":\"it-IT\"},{\"@type\":\"Organization\",\"@id\":\"https:\\\/\\\/repliquemangacine.fr\\\/#organization\",\"name\":\"R\u00e9plique Manga Cin\u00e9\",\"url\":\"https:\\\/\\\/repliquemangacine.fr\\\/\",\"logo\":{\"@type\":\"ImageObject\",\"inLanguage\":\"it-IT\",\"@id\":\"https:\\\/\\\/repliquemangacine.fr\\\/#\\\/schema\\\/logo\\\/image\\\/\",\"url\":\"https:\\\/\\\/repliquemangacine.fr\\\/wp-content\\\/uploads\\\/2023\\\/10\\\/RMC-500250.png\",\"contentUrl\":\"https:\\\/\\\/repliquemangacine.fr\\\/wp-content\\\/uploads\\\/2023\\\/10\\\/RMC-500250.png\",\"width\":500,\"height\":250,\"caption\":\"R\u00e9plique Manga Cin\u00e9\"},\"image\":{\"@id\":\"https:\\\/\\\/repliquemangacine.fr\\\/#\\\/schema\\\/logo\\\/image\\\/\"},\"sameAs\":[\"https:\\\/\\\/www.facebook.com\\\/RepliqueMangaCine\",\"https:\\\/\\\/www.instagram.com\\\/repliquemangacine.fr\\\/\"]}]}<\/script>\n<!-- \/ Yoast SEO plugin. -->","yoast_head_json":{"title":"La Sacra Lancia - Replica dal Museo di Vienna - R\u00e9plique Manga Cin\u00e9","description":"Scoprite la Sacra Lancia, una replica fedele del Tesoro di Vienna. Un pezzo storico che simboleggia la fede, il potere e la leggenda degli imperatori.","robots":{"index":"index","follow":"follow","max-snippet":"max-snippet:-1","max-image-preview":"max-image-preview:large","max-video-preview":"max-video-preview:-1"},"canonical":"https:\/\/repliquemangacine.fr\/it\/armi-storiche\/la-replica-della-lancia-santa-del-museo-di-vienna\/","og_locale":"it_IT","og_type":"article","og_title":"La Sainte Lance - R\u00e9plique du mus\u00e9e de Vienne - R\u00e9plique Manga Cin\u00e9","og_description":"D\u00e9couvrez la Sainte Lance, r\u00e9plique fid\u00e8le du tr\u00e9sor de Vienne. Une pi\u00e8ce historique symbolisant la foi, le pouvoir et la l\u00e9gende des empereurs.","og_url":"https:\/\/repliquemangacine.fr\/it\/armi-storiche\/la-replica-della-lancia-santa-del-museo-di-vienna\/","og_site_name":"R\u00e9plique Manga Cin\u00e9","article_publisher":"https:\/\/www.facebook.com\/RepliqueMangaCine","article_modified_time":"2026-02-19T10:34:20+00:00","og_image":[{"width":700,"height":700,"url":"https:\/\/repliquemangacine.fr\/wp-content\/uploads\/2025\/10\/lance.jpg","type":"image\/jpeg"}],"twitter_card":"summary_large_image","twitter_misc":{"Tempo di lettura stimato":"3 minuti"},"schema":{"@context":"https:\/\/schema.org","@graph":[{"@type":"WebPage","@id":"https:\/\/repliquemangacine.fr\/armes-historiques\/la-sainte-lance-replique-du-musee-de-vienne\/","url":"https:\/\/repliquemangacine.fr\/armes-historiques\/la-sainte-lance-replique-du-musee-de-vienne\/","name":"La Sacra Lancia - Replica dal Museo di Vienna - R\u00e9plique Manga Cin\u00e9","isPartOf":{"@id":"https:\/\/repliquemangacine.fr\/#website"},"primaryImageOfPage":{"@id":"https:\/\/repliquemangacine.fr\/armes-historiques\/la-sainte-lance-replique-du-musee-de-vienne\/#primaryimage"},"image":{"@id":"https:\/\/repliquemangacine.fr\/armes-historiques\/la-sainte-lance-replique-du-musee-de-vienne\/#primaryimage"},"thumbnailUrl":"https:\/\/repliquemangacine.fr\/wp-content\/uploads\/2025\/10\/lance.jpg","datePublished":"2025-10-11T18:14:39+00:00","dateModified":"2026-02-19T10:34:20+00:00","description":"Scoprite la Sacra Lancia, una replica fedele del Tesoro di Vienna. Un pezzo storico che simboleggia la fede, il potere e la leggenda degli imperatori.","breadcrumb":{"@id":"https:\/\/repliquemangacine.fr\/armes-historiques\/la-sainte-lance-replique-du-musee-de-vienne\/#breadcrumb"},"inLanguage":"it-IT","potentialAction":[{"@type":"ReadAction","target":["https:\/\/repliquemangacine.fr\/armes-historiques\/la-sainte-lance-replique-du-musee-de-vienne\/"]}]},{"@type":"ImageObject","inLanguage":"it-IT","@id":"https:\/\/repliquemangacine.fr\/armes-historiques\/la-sainte-lance-replique-du-musee-de-vienne\/#primaryimage","url":"https:\/\/repliquemangacine.fr\/wp-content\/uploads\/2025\/10\/lance.jpg","contentUrl":"https:\/\/repliquemangacine.fr\/wp-content\/uploads\/2025\/10\/lance.jpg","width":700,"height":700,"caption":"La Sainte Lance"},{"@type":"BreadcrumbList","@id":"https:\/\/repliquemangacine.fr\/armes-historiques\/la-sainte-lance-replique-du-musee-de-vienne\/#breadcrumb","itemListElement":[{"@type":"ListItem","position":1,"name":"Accueil","item":"https:\/\/repliquemangacine.fr\/"},{"@type":"ListItem","position":2,"name":"Produits","item":"https:\/\/repliquemangacine.fr\/boutique\/"},{"@type":"ListItem","position":3,"name":"La Sainte Lance &#8211; R\u00e9plique du mus\u00e9e de Vienne"}]},{"@type":"WebSite","@id":"https:\/\/repliquemangacine.fr\/#website","url":"https:\/\/repliquemangacine.fr\/","name":"R\u00e9plique Manga Cin\u00e9","description":"","publisher":{"@id":"https:\/\/repliquemangacine.fr\/#organization"},"potentialAction":[{"@type":"SearchAction","target":{"@type":"EntryPoint","urlTemplate":"https:\/\/repliquemangacine.fr\/?s={search_term_string}"},"query-input":{"@type":"PropertyValueSpecification","valueRequired":true,"valueName":"search_term_string"}}],"inLanguage":"it-IT"},{"@type":"Organization","@id":"https:\/\/repliquemangacine.fr\/#organization","name":"R\u00e9plique Manga Cin\u00e9","url":"https:\/\/repliquemangacine.fr\/","logo":{"@type":"ImageObject","inLanguage":"it-IT","@id":"https:\/\/repliquemangacine.fr\/#\/schema\/logo\/image\/","url":"https:\/\/repliquemangacine.fr\/wp-content\/uploads\/2023\/10\/RMC-500250.png","contentUrl":"https:\/\/repliquemangacine.fr\/wp-content\/uploads\/2023\/10\/RMC-500250.png","width":500,"height":250,"caption":"R\u00e9plique Manga Cin\u00e9"},"image":{"@id":"https:\/\/repliquemangacine.fr\/#\/schema\/logo\/image\/"},"sameAs":["https:\/\/www.facebook.com\/RepliqueMangaCine","https:\/\/www.instagram.com\/repliquemangacine.fr\/"]}]}},"_links":{"self":[{"href":"https:\/\/repliquemangacine.fr\/it\/wp-json\/wp\/v2\/product\/89331","targetHints":{"allow":["GET"]}}],"collection":[{"href":"https:\/\/repliquemangacine.fr\/it\/wp-json\/wp\/v2\/product"}],"about":[{"href":"https:\/\/repliquemangacine.fr\/it\/wp-json\/wp\/v2\/types\/product"}],"wp:featuredmedia":[{"embeddable":true,"href":"https:\/\/repliquemangacine.fr\/it\/wp-json\/wp\/v2\/media\/89335"}],"wp:attachment":[{"href":"https:\/\/repliquemangacine.fr\/it\/wp-json\/wp\/v2\/media?parent=89331"}],"wp:term":[{"taxonomy":"product_brand","embeddable":true,"href":"https:\/\/repliquemangacine.fr\/it\/wp-json\/wp\/v2\/product_brand?post=89331"},{"taxonomy":"product_cat","embeddable":true,"href":"https:\/\/repliquemangacine.fr\/it\/wp-json\/wp\/v2\/product_cat?post=89331"},{"taxonomy":"product_tag","embeddable":true,"href":"https:\/\/repliquemangacine.fr\/it\/wp-json\/wp\/v2\/product_tag?post=89331"}],"curies":[{"name":"wp","href":"https:\/\/api.w.org\/{rel}","templated":true}]}}