





{"id":89324,"date":"2025-10-11T18:37:00","date_gmt":"2025-10-11T16:37:00","guid":{"rendered":"https:\/\/repliquemangacine.fr\/?post_type=product&#038;p=89324"},"modified":"2026-02-19T11:34:50","modified_gmt":"2026-02-19T10:34:50","slug":"fodero-per-pugnale-assassins-creed","status":"publish","type":"product","link":"https:\/\/repliquemangacine.fr\/it\/armes-assassins-creed\/dague-assassins-creed-fourreau\/","title":{"rendered":"Pugnale con fodero di Assassin's Creed"},"content":{"rendered":"<h2>Il pugnale e il fodero di Assassin's Creed sulla schiena<\/h2>\n<p>Prima di tutto, il <strong>Il pugnale di Alta\u00efr di Assassin's Creed<\/strong> \u00e8 un notevole oggetto da collezione. La sua lama in acciaio, finemente incisa con stelle, attira subito l'attenzione. Il manico, in metallo massiccio verniciato di nero, presenta sottili scheggiature per un autentico effetto invecchiato. Questa finitura conferisce al coltello il suo carattere distintivo. Il fodero in similpelle marrone completa il look con eleganza. La cinghia regolabile lo rende facile da indossare sulla schiena. Le fibbie, gli anelli e i rivetti in metallo invecchiato conferiscono un aspetto realistico. Questa replica combina robustezza, estetica e autenticit\u00e0. Si rivolge agli appassionati di giochi e ai collezionisti pi\u00f9 esigenti. Con i suoi dettagli meticolosi e il suo stile unico, questo pugnale \u00e8 la perfetta incarnazione del leggendario mondo di Assassin's Creed.<\/p>\n<h2>Alta\u00efr, l'emblematico Maestro Assassino<\/h2>\n<p>Prima di tutto, le cose da fare, <a href=\"https:\/\/assassinscreed.fandom.com\/fr\/wiki\/Alta%C3%AFr_Ibn-La%27Ahad\" target=\"_blank\" rel=\"noopener noreferrer\">Alta\u00efr Ibn-La'Ahad,<\/a>\u00a0il leggendario eroe del primo Assassin's Creed. Egli incarna saggezza, discrezione e precisione. Addestrato a diventare un Assassino fin dalla nascita, Altair \u00e8 diventato uno dei pi\u00f9 giovani Maestri Assassini all'et\u00e0 di venticinque anni. Il suo pugnale \u00e8 molto pi\u00f9 di un'arma: \u00e8 un simbolo di giustizia e lealt\u00e0. Usato nell'ombra, illustra l'arte del combattimento silenzioso. Ogni mossa di Alta\u00efr \u00e8 calcolata, rapida e precisa. La sua lama \u00e8 leggera e affilata e gli permette di eliminare i suoi bersagli in modo efficace. Quest'arma rappresenta il suo impegno nei confronti della Confraternita degli Assassini. Simboleggia anche la sua ricerca della redenzione e della verit\u00e0. Possedere questo pugnale significa onorare uno dei pi\u00f9 grandi maestri assassini della saga. Il pugnale collega il collezionista direttamente allo spirito del credo: \"Nulla \u00e8 vero, tutto \u00e8 permesso\".<\/p>\n<h2>Armi di Assassin's Creed su R\u00e9plique Manga Cin\u00e9<\/h2>\n<p>R\u00e9plique Manga Cin\u00e9 offre una collezione unica di armi della famosa saga di Assassin's Creed. Scoprite anche il<a href=\"https:\/\/repliquemangacine.fr\/it\/armi-di-assassins-creed\/spada-altair-assassins-creed\/\">spada di Alta\u00efr<\/a>Il nuovo look \u00e8 fedele a quello del leggendario Assassino. Scoprite il <a href=\"https:\/\/repliquemangacine.fr\/it\/armi-di-assassins-creed\/assassin-s-creed-odyssey-replica-lancia-spezzata-di-leonida\/\">La lancia spezzata di Leonida<\/a> di Assassin's Creed Odyssey, simbolo del coraggio e dell'eredit\u00e0 spartana. Senza dimenticare l'ascia di Connor, il famoso <a href=\"https:\/\/repliquemangacine.fr\/it\/armi-di-assassins-creed\/tomahawk-degli-assassini-assassins-creed-3\/\">Tomahawk degli assassini<\/a> di Assassin's Creed III, con un design spaventoso. Troverete anche altri oggetti da collezione della saga. Ogni replica \u00e8 realizzata con cura per offrire autenticit\u00e0 e immersione. Queste armi mitiche saranno apprezzate sia dai collezionisti che dai fan del gioco. Per concludere, sono gi\u00e0 in cantiere diversi nuovi oggetti che andranno ad arricchire la gamma. Grazie a questi pezzi, ogni appassionato potr\u00e0 estendere l'avventura di Assassin's Creed attraverso il tempo e le leggende.<\/p>","protected":false},"excerpt":{"rendered":"<p>Magnifico set di pugnale di Alta\u00efr e fodero posteriore<\/p>\n<ul>\n<li>Lama in acciaio non tagliente con incisione ben visibile di motivi a stella.<\/li>\n<li>Manico in acciaio massiccio verniciato di nero, con sottili scaglie per un effetto invecchiato<\/li>\n<li>Fodero posteriore in similpelle marrone con cinghia regolabile.<\/li>\n<li>Le fibbie, gli anelli e i rivetti in metallo conferiscono un aspetto realistico.<\/li>\n<li>Lunghezza lama: 36,5 cm - Lunghezza totale: 52 cm<\/li>\n<li>Peso: 370 g solo pugnale<\/li>\n<\/ul>","protected":false},"featured_media":89325,"template":"","meta":[],"product_brand":[],"product_cat":[836,48],"product_tag":[],"class_list":{"0":"post-89324","1":"product","2":"type-product","3":"status-publish","4":"has-post-thumbnail","6":"product_cat-armes-assassins-creed","7":"product_cat-epees-assassins-creed-armes-assassins-creed","9":"first","10":"instock","11":"taxable","12":"shipping-taxable","13":"purchasable","14":"product-type-simple"},"yoast_head":"<!-- This site is optimized with the Yoast SEO plugin v27.5 - https:\/\/yoast.com\/product\/yoast-seo-wordpress\/ -->\n<title>Dague Assassin&#039;s Creed Fourreau - R\u00e9plique Manga Cin\u00e9<\/title>\n<meta name=\"description\" content=\"D\u00e9couvrez la dague d\u2019Assassin\u2019s Creed d\u2019Alta\u00efr avec fourreau dorsal. Lame en acier grav\u00e9e, poign\u00e9e m\u00e9tal vieilli et design fid\u00e8le au jeu culte.\" \/>\n<meta name=\"robots\" content=\"index, follow, max-snippet:-1, max-image-preview:large, max-video-preview:-1\" \/>\n<link rel=\"canonical\" href=\"https:\/\/repliquemangacine.fr\/it\/armi-di-assassins-creed\/fodero-per-pugnale-assassins-creed\/\" \/>\n<meta property=\"og:locale\" content=\"it_IT\" \/>\n<meta property=\"og:type\" content=\"article\" \/>\n<meta property=\"og:title\" content=\"Dague Assassin&#039;s Creed Fourreau - R\u00e9plique Manga Cin\u00e9\" \/>\n<meta property=\"og:description\" content=\"D\u00e9couvrez la dague d\u2019Assassin\u2019s Creed d\u2019Alta\u00efr avec fourreau dorsal. Lame en acier grav\u00e9e, poign\u00e9e m\u00e9tal vieilli et design fid\u00e8le au jeu culte.\" \/>\n<meta property=\"og:url\" content=\"https:\/\/repliquemangacine.fr\/it\/armi-di-assassins-creed\/fodero-per-pugnale-assassins-creed\/\" \/>\n<meta property=\"og:site_name\" content=\"R\u00e9plique Manga Cin\u00e9\" \/>\n<meta property=\"article:publisher\" content=\"https:\/\/www.facebook.com\/RepliqueMangaCine\" \/>\n<meta property=\"article:modified_time\" content=\"2026-02-19T10:34:50+00:00\" \/>\n<meta property=\"og:image\" content=\"https:\/\/repliquemangacine.fr\/wp-content\/uploads\/2025\/10\/Dague-Assassins-Creed-avec-fourreau.jpg\" \/>\n\t<meta property=\"og:image:width\" content=\"700\" \/>\n\t<meta property=\"og:image:height\" content=\"700\" \/>\n\t<meta property=\"og:image:type\" content=\"image\/jpeg\" \/>\n<meta name=\"twitter:card\" content=\"summary_large_image\" \/>\n<meta name=\"twitter:label1\" content=\"Tempo di lettura stimato\" \/>\n\t<meta name=\"twitter:data1\" content=\"3 minuti\" \/>\n<script type=\"application\/ld+json\" class=\"yoast-schema-graph\">{\"@context\":\"https:\\\/\\\/schema.org\",\"@graph\":[{\"@type\":\"WebPage\",\"@id\":\"https:\\\/\\\/repliquemangacine.fr\\\/armes-assassins-creed\\\/dague-assassins-creed-fourreau\\\/\",\"url\":\"https:\\\/\\\/repliquemangacine.fr\\\/armes-assassins-creed\\\/dague-assassins-creed-fourreau\\\/\",\"name\":\"Dague Assassin's Creed Fourreau - R\u00e9plique Manga Cin\u00e9\",\"isPartOf\":{\"@id\":\"https:\\\/\\\/repliquemangacine.fr\\\/#website\"},\"primaryImageOfPage\":{\"@id\":\"https:\\\/\\\/repliquemangacine.fr\\\/armes-assassins-creed\\\/dague-assassins-creed-fourreau\\\/#primaryimage\"},\"image\":{\"@id\":\"https:\\\/\\\/repliquemangacine.fr\\\/armes-assassins-creed\\\/dague-assassins-creed-fourreau\\\/#primaryimage\"},\"thumbnailUrl\":\"https:\\\/\\\/repliquemangacine.fr\\\/wp-content\\\/uploads\\\/2025\\\/10\\\/Dague-Assassins-Creed-avec-fourreau.jpg\",\"datePublished\":\"2025-10-11T16:37:00+00:00\",\"dateModified\":\"2026-02-19T10:34:50+00:00\",\"description\":\"D\u00e9couvrez la dague d\u2019Assassin\u2019s Creed d\u2019Alta\u00efr avec fourreau dorsal. Lame en acier grav\u00e9e, poign\u00e9e m\u00e9tal vieilli et design fid\u00e8le au jeu culte.\",\"breadcrumb\":{\"@id\":\"https:\\\/\\\/repliquemangacine.fr\\\/armes-assassins-creed\\\/dague-assassins-creed-fourreau\\\/#breadcrumb\"},\"inLanguage\":\"it-IT\",\"potentialAction\":[{\"@type\":\"ReadAction\",\"target\":[\"https:\\\/\\\/repliquemangacine.fr\\\/armes-assassins-creed\\\/dague-assassins-creed-fourreau\\\/\"]}]},{\"@type\":\"ImageObject\",\"inLanguage\":\"it-IT\",\"@id\":\"https:\\\/\\\/repliquemangacine.fr\\\/armes-assassins-creed\\\/dague-assassins-creed-fourreau\\\/#primaryimage\",\"url\":\"https:\\\/\\\/repliquemangacine.fr\\\/wp-content\\\/uploads\\\/2025\\\/10\\\/Dague-Assassins-Creed-avec-fourreau.jpg\",\"contentUrl\":\"https:\\\/\\\/repliquemangacine.fr\\\/wp-content\\\/uploads\\\/2025\\\/10\\\/Dague-Assassins-Creed-avec-fourreau.jpg\",\"width\":700,\"height\":700,\"caption\":\"Dague Assassin's Creed fourreau dorsal\"},{\"@type\":\"BreadcrumbList\",\"@id\":\"https:\\\/\\\/repliquemangacine.fr\\\/armes-assassins-creed\\\/dague-assassins-creed-fourreau\\\/#breadcrumb\",\"itemListElement\":[{\"@type\":\"ListItem\",\"position\":1,\"name\":\"Accueil\",\"item\":\"https:\\\/\\\/repliquemangacine.fr\\\/\"},{\"@type\":\"ListItem\",\"position\":2,\"name\":\"Produits\",\"item\":\"https:\\\/\\\/repliquemangacine.fr\\\/boutique\\\/\"},{\"@type\":\"ListItem\",\"position\":3,\"name\":\"Dague Assassin&#8217;s Creed Fourreau\"}]},{\"@type\":\"WebSite\",\"@id\":\"https:\\\/\\\/repliquemangacine.fr\\\/#website\",\"url\":\"https:\\\/\\\/repliquemangacine.fr\\\/\",\"name\":\"R\u00e9plique Manga Cin\u00e9\",\"description\":\"\",\"publisher\":{\"@id\":\"https:\\\/\\\/repliquemangacine.fr\\\/#organization\"},\"potentialAction\":[{\"@type\":\"SearchAction\",\"target\":{\"@type\":\"EntryPoint\",\"urlTemplate\":\"https:\\\/\\\/repliquemangacine.fr\\\/?s={search_term_string}\"},\"query-input\":{\"@type\":\"PropertyValueSpecification\",\"valueRequired\":true,\"valueName\":\"search_term_string\"}}],\"inLanguage\":\"it-IT\"},{\"@type\":\"Organization\",\"@id\":\"https:\\\/\\\/repliquemangacine.fr\\\/#organization\",\"name\":\"R\u00e9plique Manga Cin\u00e9\",\"url\":\"https:\\\/\\\/repliquemangacine.fr\\\/\",\"logo\":{\"@type\":\"ImageObject\",\"inLanguage\":\"it-IT\",\"@id\":\"https:\\\/\\\/repliquemangacine.fr\\\/#\\\/schema\\\/logo\\\/image\\\/\",\"url\":\"https:\\\/\\\/repliquemangacine.fr\\\/wp-content\\\/uploads\\\/2023\\\/10\\\/RMC-500250.png\",\"contentUrl\":\"https:\\\/\\\/repliquemangacine.fr\\\/wp-content\\\/uploads\\\/2023\\\/10\\\/RMC-500250.png\",\"width\":500,\"height\":250,\"caption\":\"R\u00e9plique Manga Cin\u00e9\"},\"image\":{\"@id\":\"https:\\\/\\\/repliquemangacine.fr\\\/#\\\/schema\\\/logo\\\/image\\\/\"},\"sameAs\":[\"https:\\\/\\\/www.facebook.com\\\/RepliqueMangaCine\",\"https:\\\/\\\/www.instagram.com\\\/repliquemangacine.fr\\\/\"]}]}<\/script>\n<!-- \/ Yoast SEO plugin. -->","yoast_head_json":{"title":"Pugnale con fodero di Assassin's Creed - R\u00e9plique Manga Cin\u00e9","description":"Scoprite il pugnale Assassin's Creed di Alta\u00efr con fodero posteriore. Lama in acciaio inciso, impugnatura in metallo invecchiato e design fedele al gioco cult.","robots":{"index":"index","follow":"follow","max-snippet":"max-snippet:-1","max-image-preview":"max-image-preview:large","max-video-preview":"max-video-preview:-1"},"canonical":"https:\/\/repliquemangacine.fr\/it\/armi-di-assassins-creed\/fodero-per-pugnale-assassins-creed\/","og_locale":"it_IT","og_type":"article","og_title":"Dague Assassin's Creed Fourreau - R\u00e9plique Manga Cin\u00e9","og_description":"D\u00e9couvrez la dague d\u2019Assassin\u2019s Creed d\u2019Alta\u00efr avec fourreau dorsal. Lame en acier grav\u00e9e, poign\u00e9e m\u00e9tal vieilli et design fid\u00e8le au jeu culte.","og_url":"https:\/\/repliquemangacine.fr\/it\/armi-di-assassins-creed\/fodero-per-pugnale-assassins-creed\/","og_site_name":"R\u00e9plique Manga Cin\u00e9","article_publisher":"https:\/\/www.facebook.com\/RepliqueMangaCine","article_modified_time":"2026-02-19T10:34:50+00:00","og_image":[{"width":700,"height":700,"url":"https:\/\/repliquemangacine.fr\/wp-content\/uploads\/2025\/10\/Dague-Assassins-Creed-avec-fourreau.jpg","type":"image\/jpeg"}],"twitter_card":"summary_large_image","twitter_misc":{"Tempo di lettura stimato":"3 minuti"},"schema":{"@context":"https:\/\/schema.org","@graph":[{"@type":"WebPage","@id":"https:\/\/repliquemangacine.fr\/armes-assassins-creed\/dague-assassins-creed-fourreau\/","url":"https:\/\/repliquemangacine.fr\/armes-assassins-creed\/dague-assassins-creed-fourreau\/","name":"Pugnale con fodero di Assassin's Creed - R\u00e9plique Manga Cin\u00e9","isPartOf":{"@id":"https:\/\/repliquemangacine.fr\/#website"},"primaryImageOfPage":{"@id":"https:\/\/repliquemangacine.fr\/armes-assassins-creed\/dague-assassins-creed-fourreau\/#primaryimage"},"image":{"@id":"https:\/\/repliquemangacine.fr\/armes-assassins-creed\/dague-assassins-creed-fourreau\/#primaryimage"},"thumbnailUrl":"https:\/\/repliquemangacine.fr\/wp-content\/uploads\/2025\/10\/Dague-Assassins-Creed-avec-fourreau.jpg","datePublished":"2025-10-11T16:37:00+00:00","dateModified":"2026-02-19T10:34:50+00:00","description":"Scoprite il pugnale Assassin's Creed di Alta\u00efr con fodero posteriore. Lama in acciaio inciso, impugnatura in metallo invecchiato e design fedele al gioco cult.","breadcrumb":{"@id":"https:\/\/repliquemangacine.fr\/armes-assassins-creed\/dague-assassins-creed-fourreau\/#breadcrumb"},"inLanguage":"it-IT","potentialAction":[{"@type":"ReadAction","target":["https:\/\/repliquemangacine.fr\/armes-assassins-creed\/dague-assassins-creed-fourreau\/"]}]},{"@type":"ImageObject","inLanguage":"it-IT","@id":"https:\/\/repliquemangacine.fr\/armes-assassins-creed\/dague-assassins-creed-fourreau\/#primaryimage","url":"https:\/\/repliquemangacine.fr\/wp-content\/uploads\/2025\/10\/Dague-Assassins-Creed-avec-fourreau.jpg","contentUrl":"https:\/\/repliquemangacine.fr\/wp-content\/uploads\/2025\/10\/Dague-Assassins-Creed-avec-fourreau.jpg","width":700,"height":700,"caption":"Dague Assassin's Creed fourreau dorsal"},{"@type":"BreadcrumbList","@id":"https:\/\/repliquemangacine.fr\/armes-assassins-creed\/dague-assassins-creed-fourreau\/#breadcrumb","itemListElement":[{"@type":"ListItem","position":1,"name":"Accueil","item":"https:\/\/repliquemangacine.fr\/"},{"@type":"ListItem","position":2,"name":"Produits","item":"https:\/\/repliquemangacine.fr\/boutique\/"},{"@type":"ListItem","position":3,"name":"Dague Assassin&#8217;s Creed Fourreau"}]},{"@type":"WebSite","@id":"https:\/\/repliquemangacine.fr\/#website","url":"https:\/\/repliquemangacine.fr\/","name":"R\u00e9plique Manga Cin\u00e9","description":"","publisher":{"@id":"https:\/\/repliquemangacine.fr\/#organization"},"potentialAction":[{"@type":"SearchAction","target":{"@type":"EntryPoint","urlTemplate":"https:\/\/repliquemangacine.fr\/?s={search_term_string}"},"query-input":{"@type":"PropertyValueSpecification","valueRequired":true,"valueName":"search_term_string"}}],"inLanguage":"it-IT"},{"@type":"Organization","@id":"https:\/\/repliquemangacine.fr\/#organization","name":"R\u00e9plique Manga Cin\u00e9","url":"https:\/\/repliquemangacine.fr\/","logo":{"@type":"ImageObject","inLanguage":"it-IT","@id":"https:\/\/repliquemangacine.fr\/#\/schema\/logo\/image\/","url":"https:\/\/repliquemangacine.fr\/wp-content\/uploads\/2023\/10\/RMC-500250.png","contentUrl":"https:\/\/repliquemangacine.fr\/wp-content\/uploads\/2023\/10\/RMC-500250.png","width":500,"height":250,"caption":"R\u00e9plique Manga Cin\u00e9"},"image":{"@id":"https:\/\/repliquemangacine.fr\/#\/schema\/logo\/image\/"},"sameAs":["https:\/\/www.facebook.com\/RepliqueMangaCine","https:\/\/www.instagram.com\/repliquemangacine.fr\/"]}]}},"_links":{"self":[{"href":"https:\/\/repliquemangacine.fr\/it\/wp-json\/wp\/v2\/product\/89324","targetHints":{"allow":["GET"]}}],"collection":[{"href":"https:\/\/repliquemangacine.fr\/it\/wp-json\/wp\/v2\/product"}],"about":[{"href":"https:\/\/repliquemangacine.fr\/it\/wp-json\/wp\/v2\/types\/product"}],"wp:featuredmedia":[{"embeddable":true,"href":"https:\/\/repliquemangacine.fr\/it\/wp-json\/wp\/v2\/media\/89325"}],"wp:attachment":[{"href":"https:\/\/repliquemangacine.fr\/it\/wp-json\/wp\/v2\/media?parent=89324"}],"wp:term":[{"taxonomy":"product_brand","embeddable":true,"href":"https:\/\/repliquemangacine.fr\/it\/wp-json\/wp\/v2\/product_brand?post=89324"},{"taxonomy":"product_cat","embeddable":true,"href":"https:\/\/repliquemangacine.fr\/it\/wp-json\/wp\/v2\/product_cat?post=89324"},{"taxonomy":"product_tag","embeddable":true,"href":"https:\/\/repliquemangacine.fr\/it\/wp-json\/wp\/v2\/product_tag?post=89324"}],"curies":[{"name":"wp","href":"https:\/\/api.w.org\/{rel}","templated":true}]}}