





{"id":89295,"date":"2025-10-10T18:31:58","date_gmt":"2025-10-10T16:31:58","guid":{"rendered":"https:\/\/repliquemangacine.fr\/?post_type=product&#038;p=89295"},"modified":"2026-05-01T19:27:26","modified_gmt":"2026-05-01T17:27:26","slug":"set-katana-blu-sakai-epee-de-jin-fantasma-di-tsushima","status":"publish","type":"product","link":"https:\/\/repliquemangacine.fr\/it\/katana-et-epee-de-jeux-video-autre-jeux-video\/set-katana-blue-sakai-epee-de-jin-ghost-of-tsushima\/","title":{"rendered":"Set di katana Sakai blu - Spada Jin"},"content":{"rendered":"<h2>Set di katana Blue Sakai Ghost of Tsushima - La leggendaria arma di Jin Sakai<\/h2>\n<p>Innanzitutto, questo set katana Blue Sakai Ghost of Tsushima rende omaggio all'universo coinvolgente del famoso videogioco. Composto da una katana e da un wakizashi abbinati, unisce bellezza, autenticit\u00e0 e finiture di alta qualit\u00e0. La katana rappresenta la nobilt\u00e0 e la potenza del combattimento frontale, mentre il wakizashi, pi\u00f9 corto, simboleggia la precisione e la maestria nel combattimento ravvicinato.<br \/>\nVa sottolineato che il design del set riprende fedelmente l'estetica del gioco.<\/p>\n<p>Le impugnature bianche intrecciate garantiscono un'ottima presa e richiamano lo stile tradizionale giapponese. Inoltre, i foderi laccati neri e blu sono decorati con eleganti motivi ispirati alle onde di Tsushima. Infine, i dettagli dorati e argentati sulla guardia e sul puntale impreziosiscono questo set, fornito con il suo supporto da esposizione.<\/p>\n<h2>Jin Sakai, il Fantasma di Tsushima e la sua iconica katana<\/h2>\n<p>In <a href=\"https:\/\/ghost-of-tsushima.fandom.com\/fr\/wiki\/Ghost_of_Tsushima\" target=\"_blank\" rel=\"noopener noreferrer\">Il fantasma di Tsushima<\/a>, l'eroe Jin Sakai rappresenta la lotta tra l'onore e la sopravvivenza. A poco a poco, abbandona il rigido codice dei samurai per diventare il Fantasma, un guerriero astuto e temuto. La sua katana incarna la sua metamorfosi: un simbolo di coraggio, adattamento e resistenza di fronte al nemico mongolo. Con omicidi, armi esplosive o avvelenate, il Fantasma diventa una vera leggenda in tutta l'isola e un simbolo di speranza per tutti i suoi abitanti.<\/p>\n<p>Possedere questa replica significa quindi celebrare la nobilt\u00e0 di un uomo che ha scelto di lottare per la libert\u00e0 del suo popolo.<\/p>\n<h2>Altre repliche leggendarie da scoprire su R\u00e9plique Manga Cin\u00e9<\/h2>\n<p>Sul sito R\u00e9plique Manga Cin\u00e9 troverete anche numerose repliche tratte dai videogiochi pi\u00f9 famosi.<br \/>\nOltre a questo eccezionale set, scoprite l\u2019<a href=\"https:\/\/repliquemangacine.fr\/it\/katana-e-spada-videogiochi-altri-videogiochi\/fantasma-di-tsushima-jin-spada\/\">La spada di Jin Sakai da sola<\/a>entrambi <a href=\"https:\/\/repliquemangacine.fr\/it\/katana-e-spada-videogiochi-altri-videogiochi\/epees-darcher-yin-yang-destino-rimanere-notte\/\">Le spade dell'arciere in Fate Stay Night<\/a>o il <a href=\"https:\/\/repliquemangacine.fr\/it\/katana-e-spada-videogiochi-altri-videogiochi\/spada-rossa-regina-diavolo-il-mio-grido\/\">La Regina Rossa di Nero in Devil May Cry<\/a>.<br \/>\nE non \u00e8 tutto! Numerose armi leggendarie e oggetti da collezione ti aspettano per arricchire la tua collezione.<br \/>\nInsomma, R\u00e9plique Manga Cin\u00e9 vi immerge nel cuore dei mondi videoludici pi\u00f9 iconici con pezzi eccezionali.<\/p>","protected":false},"excerpt":{"rendered":"<p>Set di katana Blue Sakai assolutamente magnifico, la spada di Jin in Ghost of Tsushima.<\/p>\n<ul>\n<li>Le lame sono realizzate in acciaio inox 440 bicolore<\/li>\n<li>Manici in finta pelle di razza circondati da una treccia di cotone bianco<\/li>\n<li>Le protezioni in acciaio sono finemente incise<\/li>\n<li>Guaine in legno laccato nero con eleganti motivi ispirati alle onde di Tsushima<\/li>\n<li>Sul fondo delle guaine si trova un pezzo di alluminio che forma delle onde.<\/li>\n<li>Fornito con supporto a 2 posti.<\/li>\n<li><strong>Wakizashi<\/strong> Lama di 47 cm - Lunghezza totale: 80 cm con fodero<\/li>\n<li><strong>Katana<\/strong> Lama: 68 cm - Lunghezza totale: 103 cm con il fodero<\/li>\n<\/ul>","protected":false},"featured_media":89298,"template":"","meta":[],"product_brand":[],"product_cat":[32,67],"product_tag":[],"class_list":{"0":"post-89295","1":"product","2":"type-product","3":"status-publish","4":"has-post-thumbnail","6":"product_cat-katana-decoration","7":"product_cat-katana-et-epee-de-jeux-video-autre-jeux-video","9":"first","10":"instock","11":"taxable","12":"shipping-taxable","13":"purchasable","14":"product-type-simple"},"yoast_head":"<!-- This site is optimized with the Yoast SEO plugin v27.5 - https:\/\/yoast.com\/product\/yoast-seo-wordpress\/ -->\n<title>Set katana Blue Sakai- Ep\u00e9e de jin - R\u00e9plique Manga Cin\u00e9<\/title>\n<meta name=\"description\" content=\"Incarne le Fant\u00f4me de Tsushima ! Set katana Blue Sakai fid\u00e8le au jeu vid\u00e9o culte Ghost of Tsushima. Version luxe comprenant Katana, Wakizashi et support.\" \/>\n<meta name=\"robots\" content=\"index, follow, max-snippet:-1, max-image-preview:large, max-video-preview:-1\" \/>\n<link rel=\"canonical\" href=\"https:\/\/repliquemangacine.fr\/it\/katana-e-spada-videogiochi-altri-videogiochi\/set-katana-blu-sakai-epee-de-jin-fantasma-di-tsushima\/\" \/>\n<meta property=\"og:locale\" content=\"it_IT\" \/>\n<meta property=\"og:type\" content=\"article\" \/>\n<meta property=\"og:title\" content=\"Set katana Blue Sakai- Ep\u00e9e de jin - R\u00e9plique Manga Cin\u00e9\" \/>\n<meta property=\"og:description\" content=\"Incarne le Fant\u00f4me de Tsushima ! Set katana Blue Sakai fid\u00e8le au jeu vid\u00e9o culte Ghost of Tsushima. Version luxe comprenant Katana, Wakizashi et support.\" \/>\n<meta property=\"og:url\" content=\"https:\/\/repliquemangacine.fr\/it\/katana-e-spada-videogiochi-altri-videogiochi\/set-katana-blu-sakai-epee-de-jin-fantasma-di-tsushima\/\" \/>\n<meta property=\"og:site_name\" content=\"R\u00e9plique Manga Cin\u00e9\" \/>\n<meta property=\"article:publisher\" content=\"https:\/\/www.facebook.com\/RepliqueMangaCine\" \/>\n<meta property=\"article:modified_time\" content=\"2026-05-01T17:27:26+00:00\" \/>\n<meta property=\"og:image\" content=\"https:\/\/repliquemangacine.fr\/wp-content\/uploads\/2025\/10\/Set-Katana-Wakizashi-Jin.jpg\" \/>\n\t<meta property=\"og:image:width\" content=\"600\" \/>\n\t<meta property=\"og:image:height\" content=\"600\" \/>\n\t<meta property=\"og:image:type\" content=\"image\/jpeg\" \/>\n<meta name=\"twitter:card\" content=\"summary_large_image\" \/>\n<meta name=\"twitter:label1\" content=\"Tempo di lettura stimato\" \/>\n\t<meta name=\"twitter:data1\" content=\"2 minuti\" \/>\n<script type=\"application\/ld+json\" class=\"yoast-schema-graph\">{\"@context\":\"https:\\\/\\\/schema.org\",\"@graph\":[{\"@type\":\"WebPage\",\"@id\":\"https:\\\/\\\/repliquemangacine.fr\\\/katana-et-epee-de-jeux-video-autre-jeux-video\\\/set-katana-blue-sakai-epee-de-jin-ghost-of-tsushima\\\/\",\"url\":\"https:\\\/\\\/repliquemangacine.fr\\\/katana-et-epee-de-jeux-video-autre-jeux-video\\\/set-katana-blue-sakai-epee-de-jin-ghost-of-tsushima\\\/\",\"name\":\"Set katana Blue Sakai- Ep\u00e9e de jin - R\u00e9plique Manga Cin\u00e9\",\"isPartOf\":{\"@id\":\"https:\\\/\\\/repliquemangacine.fr\\\/#website\"},\"primaryImageOfPage\":{\"@id\":\"https:\\\/\\\/repliquemangacine.fr\\\/katana-et-epee-de-jeux-video-autre-jeux-video\\\/set-katana-blue-sakai-epee-de-jin-ghost-of-tsushima\\\/#primaryimage\"},\"image\":{\"@id\":\"https:\\\/\\\/repliquemangacine.fr\\\/katana-et-epee-de-jeux-video-autre-jeux-video\\\/set-katana-blue-sakai-epee-de-jin-ghost-of-tsushima\\\/#primaryimage\"},\"thumbnailUrl\":\"https:\\\/\\\/repliquemangacine.fr\\\/wp-content\\\/uploads\\\/2025\\\/10\\\/Set-Katana-Wakizashi-Jin.jpg\",\"datePublished\":\"2025-10-10T16:31:58+00:00\",\"dateModified\":\"2026-05-01T17:27:26+00:00\",\"description\":\"Incarne le Fant\u00f4me de Tsushima ! Set katana Blue Sakai fid\u00e8le au jeu vid\u00e9o culte Ghost of Tsushima. Version luxe comprenant Katana, Wakizashi et support.\",\"breadcrumb\":{\"@id\":\"https:\\\/\\\/repliquemangacine.fr\\\/katana-et-epee-de-jeux-video-autre-jeux-video\\\/set-katana-blue-sakai-epee-de-jin-ghost-of-tsushima\\\/#breadcrumb\"},\"inLanguage\":\"it-IT\",\"potentialAction\":[{\"@type\":\"ReadAction\",\"target\":[\"https:\\\/\\\/repliquemangacine.fr\\\/katana-et-epee-de-jeux-video-autre-jeux-video\\\/set-katana-blue-sakai-epee-de-jin-ghost-of-tsushima\\\/\"]}]},{\"@type\":\"ImageObject\",\"inLanguage\":\"it-IT\",\"@id\":\"https:\\\/\\\/repliquemangacine.fr\\\/katana-et-epee-de-jeux-video-autre-jeux-video\\\/set-katana-blue-sakai-epee-de-jin-ghost-of-tsushima\\\/#primaryimage\",\"url\":\"https:\\\/\\\/repliquemangacine.fr\\\/wp-content\\\/uploads\\\/2025\\\/10\\\/Set-Katana-Wakizashi-Jin.jpg\",\"contentUrl\":\"https:\\\/\\\/repliquemangacine.fr\\\/wp-content\\\/uploads\\\/2025\\\/10\\\/Set-Katana-Wakizashi-Jin.jpg\",\"width\":600,\"height\":600,\"caption\":\"Set katana Blue Sakai, katana, wakizashi et support dans Ghost of Tsushima\"},{\"@type\":\"BreadcrumbList\",\"@id\":\"https:\\\/\\\/repliquemangacine.fr\\\/katana-et-epee-de-jeux-video-autre-jeux-video\\\/set-katana-blue-sakai-epee-de-jin-ghost-of-tsushima\\\/#breadcrumb\",\"itemListElement\":[{\"@type\":\"ListItem\",\"position\":1,\"name\":\"Accueil\",\"item\":\"https:\\\/\\\/repliquemangacine.fr\\\/\"},{\"@type\":\"ListItem\",\"position\":2,\"name\":\"Produits\",\"item\":\"https:\\\/\\\/repliquemangacine.fr\\\/boutique\\\/\"},{\"@type\":\"ListItem\",\"position\":3,\"name\":\"Set katana Blue Sakai- Ep\u00e9e de jin\"}]},{\"@type\":\"WebSite\",\"@id\":\"https:\\\/\\\/repliquemangacine.fr\\\/#website\",\"url\":\"https:\\\/\\\/repliquemangacine.fr\\\/\",\"name\":\"R\u00e9plique Manga Cin\u00e9\",\"description\":\"\",\"publisher\":{\"@id\":\"https:\\\/\\\/repliquemangacine.fr\\\/#organization\"},\"potentialAction\":[{\"@type\":\"SearchAction\",\"target\":{\"@type\":\"EntryPoint\",\"urlTemplate\":\"https:\\\/\\\/repliquemangacine.fr\\\/?s={search_term_string}\"},\"query-input\":{\"@type\":\"PropertyValueSpecification\",\"valueRequired\":true,\"valueName\":\"search_term_string\"}}],\"inLanguage\":\"it-IT\"},{\"@type\":\"Organization\",\"@id\":\"https:\\\/\\\/repliquemangacine.fr\\\/#organization\",\"name\":\"R\u00e9plique Manga Cin\u00e9\",\"url\":\"https:\\\/\\\/repliquemangacine.fr\\\/\",\"logo\":{\"@type\":\"ImageObject\",\"inLanguage\":\"it-IT\",\"@id\":\"https:\\\/\\\/repliquemangacine.fr\\\/#\\\/schema\\\/logo\\\/image\\\/\",\"url\":\"https:\\\/\\\/repliquemangacine.fr\\\/wp-content\\\/uploads\\\/2023\\\/10\\\/RMC-500250.png\",\"contentUrl\":\"https:\\\/\\\/repliquemangacine.fr\\\/wp-content\\\/uploads\\\/2023\\\/10\\\/RMC-500250.png\",\"width\":500,\"height\":250,\"caption\":\"R\u00e9plique Manga Cin\u00e9\"},\"image\":{\"@id\":\"https:\\\/\\\/repliquemangacine.fr\\\/#\\\/schema\\\/logo\\\/image\\\/\"},\"sameAs\":[\"https:\\\/\\\/www.facebook.com\\\/RepliqueMangaCine\",\"https:\\\/\\\/www.instagram.com\\\/repliquemangacine.fr\\\/\"]}]}<\/script>\n<!-- \/ Yoast SEO plugin. -->","yoast_head_json":{"title":"Set di katana Sakai blu - Spada Jin - R\u00e9plique Manga Cin\u00e9","description":"Vesti i panni del fantasma di Tsushima! Set di katane Sakai blu basato sul videogioco cult Ghost of Tsushima. Versione deluxe che include Katana, Wakizashi e supporto.","robots":{"index":"index","follow":"follow","max-snippet":"max-snippet:-1","max-image-preview":"max-image-preview:large","max-video-preview":"max-video-preview:-1"},"canonical":"https:\/\/repliquemangacine.fr\/it\/katana-e-spada-videogiochi-altri-videogiochi\/set-katana-blu-sakai-epee-de-jin-fantasma-di-tsushima\/","og_locale":"it_IT","og_type":"article","og_title":"Set katana Blue Sakai- Ep\u00e9e de jin - R\u00e9plique Manga Cin\u00e9","og_description":"Incarne le Fant\u00f4me de Tsushima ! Set katana Blue Sakai fid\u00e8le au jeu vid\u00e9o culte Ghost of Tsushima. Version luxe comprenant Katana, Wakizashi et support.","og_url":"https:\/\/repliquemangacine.fr\/it\/katana-e-spada-videogiochi-altri-videogiochi\/set-katana-blu-sakai-epee-de-jin-fantasma-di-tsushima\/","og_site_name":"R\u00e9plique Manga Cin\u00e9","article_publisher":"https:\/\/www.facebook.com\/RepliqueMangaCine","article_modified_time":"2026-05-01T17:27:26+00:00","og_image":[{"width":600,"height":600,"url":"https:\/\/repliquemangacine.fr\/wp-content\/uploads\/2025\/10\/Set-Katana-Wakizashi-Jin.jpg","type":"image\/jpeg"}],"twitter_card":"summary_large_image","twitter_misc":{"Tempo di lettura stimato":"2 minuti"},"schema":{"@context":"https:\/\/schema.org","@graph":[{"@type":"WebPage","@id":"https:\/\/repliquemangacine.fr\/katana-et-epee-de-jeux-video-autre-jeux-video\/set-katana-blue-sakai-epee-de-jin-ghost-of-tsushima\/","url":"https:\/\/repliquemangacine.fr\/katana-et-epee-de-jeux-video-autre-jeux-video\/set-katana-blue-sakai-epee-de-jin-ghost-of-tsushima\/","name":"Set di katana Sakai blu - Spada Jin - R\u00e9plique Manga Cin\u00e9","isPartOf":{"@id":"https:\/\/repliquemangacine.fr\/#website"},"primaryImageOfPage":{"@id":"https:\/\/repliquemangacine.fr\/katana-et-epee-de-jeux-video-autre-jeux-video\/set-katana-blue-sakai-epee-de-jin-ghost-of-tsushima\/#primaryimage"},"image":{"@id":"https:\/\/repliquemangacine.fr\/katana-et-epee-de-jeux-video-autre-jeux-video\/set-katana-blue-sakai-epee-de-jin-ghost-of-tsushima\/#primaryimage"},"thumbnailUrl":"https:\/\/repliquemangacine.fr\/wp-content\/uploads\/2025\/10\/Set-Katana-Wakizashi-Jin.jpg","datePublished":"2025-10-10T16:31:58+00:00","dateModified":"2026-05-01T17:27:26+00:00","description":"Vesti i panni del fantasma di Tsushima! Set di katane Sakai blu basato sul videogioco cult Ghost of Tsushima. Versione deluxe che include Katana, Wakizashi e supporto.","breadcrumb":{"@id":"https:\/\/repliquemangacine.fr\/katana-et-epee-de-jeux-video-autre-jeux-video\/set-katana-blue-sakai-epee-de-jin-ghost-of-tsushima\/#breadcrumb"},"inLanguage":"it-IT","potentialAction":[{"@type":"ReadAction","target":["https:\/\/repliquemangacine.fr\/katana-et-epee-de-jeux-video-autre-jeux-video\/set-katana-blue-sakai-epee-de-jin-ghost-of-tsushima\/"]}]},{"@type":"ImageObject","inLanguage":"it-IT","@id":"https:\/\/repliquemangacine.fr\/katana-et-epee-de-jeux-video-autre-jeux-video\/set-katana-blue-sakai-epee-de-jin-ghost-of-tsushima\/#primaryimage","url":"https:\/\/repliquemangacine.fr\/wp-content\/uploads\/2025\/10\/Set-Katana-Wakizashi-Jin.jpg","contentUrl":"https:\/\/repliquemangacine.fr\/wp-content\/uploads\/2025\/10\/Set-Katana-Wakizashi-Jin.jpg","width":600,"height":600,"caption":"Set katana Blue Sakai, katana, wakizashi et support dans Ghost of Tsushima"},{"@type":"BreadcrumbList","@id":"https:\/\/repliquemangacine.fr\/katana-et-epee-de-jeux-video-autre-jeux-video\/set-katana-blue-sakai-epee-de-jin-ghost-of-tsushima\/#breadcrumb","itemListElement":[{"@type":"ListItem","position":1,"name":"Accueil","item":"https:\/\/repliquemangacine.fr\/"},{"@type":"ListItem","position":2,"name":"Produits","item":"https:\/\/repliquemangacine.fr\/boutique\/"},{"@type":"ListItem","position":3,"name":"Set katana Blue Sakai- Ep\u00e9e de jin"}]},{"@type":"WebSite","@id":"https:\/\/repliquemangacine.fr\/#website","url":"https:\/\/repliquemangacine.fr\/","name":"R\u00e9plique Manga Cin\u00e9","description":"","publisher":{"@id":"https:\/\/repliquemangacine.fr\/#organization"},"potentialAction":[{"@type":"SearchAction","target":{"@type":"EntryPoint","urlTemplate":"https:\/\/repliquemangacine.fr\/?s={search_term_string}"},"query-input":{"@type":"PropertyValueSpecification","valueRequired":true,"valueName":"search_term_string"}}],"inLanguage":"it-IT"},{"@type":"Organization","@id":"https:\/\/repliquemangacine.fr\/#organization","name":"R\u00e9plique Manga Cin\u00e9","url":"https:\/\/repliquemangacine.fr\/","logo":{"@type":"ImageObject","inLanguage":"it-IT","@id":"https:\/\/repliquemangacine.fr\/#\/schema\/logo\/image\/","url":"https:\/\/repliquemangacine.fr\/wp-content\/uploads\/2023\/10\/RMC-500250.png","contentUrl":"https:\/\/repliquemangacine.fr\/wp-content\/uploads\/2023\/10\/RMC-500250.png","width":500,"height":250,"caption":"R\u00e9plique Manga Cin\u00e9"},"image":{"@id":"https:\/\/repliquemangacine.fr\/#\/schema\/logo\/image\/"},"sameAs":["https:\/\/www.facebook.com\/RepliqueMangaCine","https:\/\/www.instagram.com\/repliquemangacine.fr\/"]}]}},"_links":{"self":[{"href":"https:\/\/repliquemangacine.fr\/it\/wp-json\/wp\/v2\/product\/89295","targetHints":{"allow":["GET"]}}],"collection":[{"href":"https:\/\/repliquemangacine.fr\/it\/wp-json\/wp\/v2\/product"}],"about":[{"href":"https:\/\/repliquemangacine.fr\/it\/wp-json\/wp\/v2\/types\/product"}],"wp:featuredmedia":[{"embeddable":true,"href":"https:\/\/repliquemangacine.fr\/it\/wp-json\/wp\/v2\/media\/89298"}],"wp:attachment":[{"href":"https:\/\/repliquemangacine.fr\/it\/wp-json\/wp\/v2\/media?parent=89295"}],"wp:term":[{"taxonomy":"product_brand","embeddable":true,"href":"https:\/\/repliquemangacine.fr\/it\/wp-json\/wp\/v2\/product_brand?post=89295"},{"taxonomy":"product_cat","embeddable":true,"href":"https:\/\/repliquemangacine.fr\/it\/wp-json\/wp\/v2\/product_cat?post=89295"},{"taxonomy":"product_tag","embeddable":true,"href":"https:\/\/repliquemangacine.fr\/it\/wp-json\/wp\/v2\/product_tag?post=89295"}],"curies":[{"name":"wp","href":"https:\/\/api.w.org\/{rel}","templated":true}]}}