





{"id":89237,"date":"2025-10-09T17:43:27","date_gmt":"2025-10-09T15:43:27","guid":{"rendered":"https:\/\/repliquemangacine.fr\/?post_type=product&#038;p=89237"},"modified":"2026-02-19T11:36:00","modified_gmt":"2026-02-19T10:36:00","slug":"livellamento-in-solitaria-della-zanna-del-veleno-di-kasakas","status":"publish","type":"product","link":"https:\/\/repliquemangacine.fr\/it\/solo-leveling\/kasakas-venom-fang-solo-leveling\/","title":{"rendered":"Zanna velenosa di Kasaka - Livellamento in solitaria"},"content":{"rendered":"<h2>Zanna velenosa di Kasaka nel livellamento in solitaria<\/h2>\n<p>Prima di tutto, il <strong>Zanna velenosa di Kasaka<\/strong>una delle prime armi mitiche ottenute da Sung Jin-Woo nel livellamento in solitaria. Questo pugnale, strappato al terribile serpente Kasaka, \u00e8 famoso per il suo potere venefico. La sua lama sottile, affilata e bluastra contiene un veleno mortale. Ogni colpo infligge danni continui al nemico, rendendolo sempre pi\u00f9 vulnerabile. Nel gioco, come nel manhwa, quest'arma simboleggia l'evoluzione dell'eroe. Grazie ad essa, Jin-Woo passa da debole cacciatore a vero combattente. Il suo design ricorda la zanna di un serpente gigante, elegante e pericoloso al tempo stesso. Con la sua guardia a forma di artiglio di rettile, questa replica attira subito l'attenzione. \u00c8 ideale per i collezionisti alla ricerca di un pezzo unico e iconico di Solo Leveling.<\/p>\n<h2>Sung Jin-Woo e la maestria del veleno<\/h2>\n<p><a href=\"https:\/\/solo-leveling.fandom.com\/wiki\/Sung_Jinwoo\" target=\"_blank\" rel=\"noopener noreferrer\">Sung Jin-Woo<\/a> gestisce il <strong>Zanna velenosa di Kasaka<\/strong> con un'efficienza formidabile. All'inizio della sua ascesa, la us\u00f2 per sconfiggere mostri molto pi\u00f9 potenti di lui. La sua velocit\u00e0 e precisione gli permettevano di sfruttare al meglio l'effetto velenoso della lama. Il pugnale diventa la sua arma preferita per eliminare con discrezione i suoi avversari. Jin-Woo incarna una costante evoluzione, passando dal ruolo di preda a quello di predatore. La zanna velenosa di Kasaka segna questa transizione. Simboleggia la sua intelligenza tattica e la sua capacit\u00e0 di capitalizzare ogni vittoria. Nel manhwa, ogni combattimento con quest'arma \u00e8 una lezione di strategia e compostezza. Rimane con Jin-Woo fino a quando non padroneggia pugnali ancora pi\u00f9 potenti, cementando la sua leggenda.<\/p>\n<h2>Altre repliche di Solo Leveling su R\u00e9plique Manga Cin\u00e9<\/h2>\n<p>R\u00e9plique Manga Cin\u00e9 offre un'ampia selezione di armi mitiche di Solo Leveling. Oltre alle <strong>Zanna velenosa di Kasaka<\/strong>scoprire il <a href=\"https:\/\/repliquemangacine.fr\/it\/livellamento-in-solitaria\/livellamento-in-solitaria-di-dague-knight-killer\/\">Pugnale Knight Killer<\/a>tutto in acciaio, un simbolo di potenza cruda. \u00c8 possibile trovare anche il <a href=\"https:\/\/repliquemangacine.fr\/it\/livellamento-in-solitaria\/due-pugnali-del-re-dei-demoni-livellamento-in-solitaria\/\">due pugnali del Re Demone<\/a>con una testa e un occhio demoniaci, perfetto per gli appassionati di armi oscure. Senza dimenticare il famoso <a href=\"https:\/\/repliquemangacine.fr\/it\/livellamento-in-solitaria\/livellamento-in-solitaria-del-pugnale-baruka\/\">Pugnale Baruka<\/a>Un design bestiale e spaventoso. Ogni pezzo \u00e8 realizzato con cura per offrire la massima fedelt\u00e0 all'opera originale. Grazie a queste repliche, i collezionisti potranno immergersi nell'intenso mondo di Sung Jin-Woo. Altri nuovi prodotti Solo Leveling si aggiungeranno presto alla collezione. Queste armi leggendarie trasformeranno la vostra vetrina in una vera e propria galleria di eroi e demoni.<\/p>","protected":false},"excerpt":{"rendered":"<p>Replica superba del pugnale Venom Fang di Kasaka, noto anche come Venom Fang di Kasaka in Solo Leveling.<\/p>\n<ul>\n<li>Lama non tagliente in acciaio viola con design sinuoso che ricorda i segni dell'energia magica.<\/li>\n<li>Protezione in metallo color rame che forma artigli da rettile.<\/li>\n<li>Manico in metallo ricoperto da una benda di cotone beige per una presa sicura.<\/li>\n<li>Pomolo in acciaio massiccio color rame dalla forma specifica.<\/li>\n<li>Fornito con espositore in legno.<\/li>\n<li>Lunghezza totale della lama: 55 cm<\/li>\n<li>Lunghezza totale del pugnale: 61 cm - Peso: 1355 g<\/li>\n<\/ul>","protected":false},"featured_media":89240,"template":"","meta":[],"product_brand":[],"product_cat":[895],"product_tag":[],"class_list":{"0":"post-89237","1":"product","2":"type-product","3":"status-publish","4":"has-post-thumbnail","6":"product_cat-solo-leveling","8":"first","9":"instock","10":"taxable","11":"shipping-taxable","12":"purchasable","13":"product-type-simple"},"yoast_head":"<!-- This site is optimized with the Yoast SEO plugin v27.4 - https:\/\/yoast.com\/product\/yoast-seo-wordpress\/ -->\n<title>Kasaka\u2019s Venom Fang - Solo Leveling - R\u00e9plique Manga Cin\u00e9<\/title>\n<meta name=\"description\" content=\"Ajoutez \u00e0 votre collection la Kasaka\u2019s Venom Fang de Solo Leveling. Une r\u00e9plique fid\u00e8le et venimeuse, symbole du pouvoir de Sung Jin-Woo. 60 cm.\" \/>\n<meta name=\"robots\" content=\"index, follow, max-snippet:-1, max-image-preview:large, max-video-preview:-1\" \/>\n<link rel=\"canonical\" href=\"https:\/\/repliquemangacine.fr\/it\/livellamento-in-solitaria\/livellamento-in-solitaria-della-zanna-del-veleno-di-kasakas\/\" \/>\n<meta property=\"og:locale\" content=\"it_IT\" \/>\n<meta property=\"og:type\" content=\"article\" \/>\n<meta property=\"og:title\" content=\"Kasaka\u2019s Venom Fang - Solo Leveling - R\u00e9plique Manga Cin\u00e9\" \/>\n<meta property=\"og:description\" content=\"Ajoutez \u00e0 votre collection la Kasaka\u2019s Venom Fang de Solo Leveling. Une r\u00e9plique fid\u00e8le et venimeuse, symbole du pouvoir de Sung Jin-Woo. 60 cm.\" \/>\n<meta property=\"og:url\" content=\"https:\/\/repliquemangacine.fr\/it\/livellamento-in-solitaria\/livellamento-in-solitaria-della-zanna-del-veleno-di-kasakas\/\" \/>\n<meta property=\"og:site_name\" content=\"R\u00e9plique Manga Cin\u00e9\" \/>\n<meta property=\"article:publisher\" content=\"https:\/\/www.facebook.com\/RepliqueMangaCine\" \/>\n<meta property=\"article:modified_time\" content=\"2026-02-19T10:36:00+00:00\" \/>\n<meta property=\"og:image\" content=\"https:\/\/repliquemangacine.fr\/wp-content\/uploads\/2025\/10\/Kasakas-Venom-Fang.jpg\" \/>\n\t<meta property=\"og:image:width\" content=\"700\" \/>\n\t<meta property=\"og:image:height\" content=\"700\" \/>\n\t<meta property=\"og:image:type\" content=\"image\/jpeg\" \/>\n<meta name=\"twitter:card\" content=\"summary_large_image\" \/>\n<meta name=\"twitter:label1\" content=\"Tempo di lettura stimato\" \/>\n\t<meta name=\"twitter:data1\" content=\"3 minuti\" \/>\n<script type=\"application\/ld+json\" class=\"yoast-schema-graph\">{\"@context\":\"https:\\\/\\\/schema.org\",\"@graph\":[{\"@type\":\"WebPage\",\"@id\":\"https:\\\/\\\/repliquemangacine.fr\\\/solo-leveling\\\/kasakas-venom-fang-solo-leveling\\\/\",\"url\":\"https:\\\/\\\/repliquemangacine.fr\\\/solo-leveling\\\/kasakas-venom-fang-solo-leveling\\\/\",\"name\":\"Kasaka\u2019s Venom Fang - Solo Leveling - R\u00e9plique Manga Cin\u00e9\",\"isPartOf\":{\"@id\":\"https:\\\/\\\/repliquemangacine.fr\\\/#website\"},\"primaryImageOfPage\":{\"@id\":\"https:\\\/\\\/repliquemangacine.fr\\\/solo-leveling\\\/kasakas-venom-fang-solo-leveling\\\/#primaryimage\"},\"image\":{\"@id\":\"https:\\\/\\\/repliquemangacine.fr\\\/solo-leveling\\\/kasakas-venom-fang-solo-leveling\\\/#primaryimage\"},\"thumbnailUrl\":\"https:\\\/\\\/repliquemangacine.fr\\\/wp-content\\\/uploads\\\/2025\\\/10\\\/Kasakas-Venom-Fang.jpg\",\"datePublished\":\"2025-10-09T15:43:27+00:00\",\"dateModified\":\"2026-02-19T10:36:00+00:00\",\"description\":\"Ajoutez \u00e0 votre collection la Kasaka\u2019s Venom Fang de Solo Leveling. Une r\u00e9plique fid\u00e8le et venimeuse, symbole du pouvoir de Sung Jin-Woo. 60 cm.\",\"breadcrumb\":{\"@id\":\"https:\\\/\\\/repliquemangacine.fr\\\/solo-leveling\\\/kasakas-venom-fang-solo-leveling\\\/#breadcrumb\"},\"inLanguage\":\"it-IT\",\"potentialAction\":[{\"@type\":\"ReadAction\",\"target\":[\"https:\\\/\\\/repliquemangacine.fr\\\/solo-leveling\\\/kasakas-venom-fang-solo-leveling\\\/\"]}]},{\"@type\":\"ImageObject\",\"inLanguage\":\"it-IT\",\"@id\":\"https:\\\/\\\/repliquemangacine.fr\\\/solo-leveling\\\/kasakas-venom-fang-solo-leveling\\\/#primaryimage\",\"url\":\"https:\\\/\\\/repliquemangacine.fr\\\/wp-content\\\/uploads\\\/2025\\\/10\\\/Kasakas-Venom-Fang.jpg\",\"contentUrl\":\"https:\\\/\\\/repliquemangacine.fr\\\/wp-content\\\/uploads\\\/2025\\\/10\\\/Kasakas-Venom-Fang.jpg\",\"width\":700,\"height\":700,\"caption\":\"Kasaka\u2019s Venom Fang-Solo Leveling\"},{\"@type\":\"BreadcrumbList\",\"@id\":\"https:\\\/\\\/repliquemangacine.fr\\\/solo-leveling\\\/kasakas-venom-fang-solo-leveling\\\/#breadcrumb\",\"itemListElement\":[{\"@type\":\"ListItem\",\"position\":1,\"name\":\"Accueil\",\"item\":\"https:\\\/\\\/repliquemangacine.fr\\\/\"},{\"@type\":\"ListItem\",\"position\":2,\"name\":\"Produits\",\"item\":\"https:\\\/\\\/repliquemangacine.fr\\\/boutique\\\/\"},{\"@type\":\"ListItem\",\"position\":3,\"name\":\"Kasaka\u2019s Venom Fang &#8211; Solo Leveling\"}]},{\"@type\":\"WebSite\",\"@id\":\"https:\\\/\\\/repliquemangacine.fr\\\/#website\",\"url\":\"https:\\\/\\\/repliquemangacine.fr\\\/\",\"name\":\"R\u00e9plique Manga Cin\u00e9\",\"description\":\"\",\"publisher\":{\"@id\":\"https:\\\/\\\/repliquemangacine.fr\\\/#organization\"},\"potentialAction\":[{\"@type\":\"SearchAction\",\"target\":{\"@type\":\"EntryPoint\",\"urlTemplate\":\"https:\\\/\\\/repliquemangacine.fr\\\/?s={search_term_string}\"},\"query-input\":{\"@type\":\"PropertyValueSpecification\",\"valueRequired\":true,\"valueName\":\"search_term_string\"}}],\"inLanguage\":\"it-IT\"},{\"@type\":\"Organization\",\"@id\":\"https:\\\/\\\/repliquemangacine.fr\\\/#organization\",\"name\":\"R\u00e9plique Manga Cin\u00e9\",\"url\":\"https:\\\/\\\/repliquemangacine.fr\\\/\",\"logo\":{\"@type\":\"ImageObject\",\"inLanguage\":\"it-IT\",\"@id\":\"https:\\\/\\\/repliquemangacine.fr\\\/#\\\/schema\\\/logo\\\/image\\\/\",\"url\":\"https:\\\/\\\/repliquemangacine.fr\\\/wp-content\\\/uploads\\\/2023\\\/10\\\/RMC-500250.png\",\"contentUrl\":\"https:\\\/\\\/repliquemangacine.fr\\\/wp-content\\\/uploads\\\/2023\\\/10\\\/RMC-500250.png\",\"width\":500,\"height\":250,\"caption\":\"R\u00e9plique Manga Cin\u00e9\"},\"image\":{\"@id\":\"https:\\\/\\\/repliquemangacine.fr\\\/#\\\/schema\\\/logo\\\/image\\\/\"},\"sameAs\":[\"https:\\\/\\\/www.facebook.com\\\/RepliqueMangaCine\",\"https:\\\/\\\/www.instagram.com\\\/repliquemangacine.fr\\\/\"]}]}<\/script>\n<!-- \/ Yoast SEO plugin. -->","yoast_head_json":{"title":"Zanna velenosa di Kasaka - Livellamento in solitaria - R\u00e9plique Manga Cin\u00e9","description":"Aggiungete la Zanna velenosa di Kasaka di Solo Leveling alla vostra collezione. Una replica fedele e velenosa, simbolo del potere di Sung Jin-Woo. 60 cm.","robots":{"index":"index","follow":"follow","max-snippet":"max-snippet:-1","max-image-preview":"max-image-preview:large","max-video-preview":"max-video-preview:-1"},"canonical":"https:\/\/repliquemangacine.fr\/it\/livellamento-in-solitaria\/livellamento-in-solitaria-della-zanna-del-veleno-di-kasakas\/","og_locale":"it_IT","og_type":"article","og_title":"Kasaka\u2019s Venom Fang - Solo Leveling - R\u00e9plique Manga Cin\u00e9","og_description":"Ajoutez \u00e0 votre collection la Kasaka\u2019s Venom Fang de Solo Leveling. Une r\u00e9plique fid\u00e8le et venimeuse, symbole du pouvoir de Sung Jin-Woo. 60 cm.","og_url":"https:\/\/repliquemangacine.fr\/it\/livellamento-in-solitaria\/livellamento-in-solitaria-della-zanna-del-veleno-di-kasakas\/","og_site_name":"R\u00e9plique Manga Cin\u00e9","article_publisher":"https:\/\/www.facebook.com\/RepliqueMangaCine","article_modified_time":"2026-02-19T10:36:00+00:00","og_image":[{"width":700,"height":700,"url":"https:\/\/repliquemangacine.fr\/wp-content\/uploads\/2025\/10\/Kasakas-Venom-Fang.jpg","type":"image\/jpeg"}],"twitter_card":"summary_large_image","twitter_misc":{"Tempo di lettura stimato":"3 minuti"},"schema":{"@context":"https:\/\/schema.org","@graph":[{"@type":"WebPage","@id":"https:\/\/repliquemangacine.fr\/solo-leveling\/kasakas-venom-fang-solo-leveling\/","url":"https:\/\/repliquemangacine.fr\/solo-leveling\/kasakas-venom-fang-solo-leveling\/","name":"Zanna velenosa di Kasaka - Livellamento in solitaria - R\u00e9plique Manga Cin\u00e9","isPartOf":{"@id":"https:\/\/repliquemangacine.fr\/#website"},"primaryImageOfPage":{"@id":"https:\/\/repliquemangacine.fr\/solo-leveling\/kasakas-venom-fang-solo-leveling\/#primaryimage"},"image":{"@id":"https:\/\/repliquemangacine.fr\/solo-leveling\/kasakas-venom-fang-solo-leveling\/#primaryimage"},"thumbnailUrl":"https:\/\/repliquemangacine.fr\/wp-content\/uploads\/2025\/10\/Kasakas-Venom-Fang.jpg","datePublished":"2025-10-09T15:43:27+00:00","dateModified":"2026-02-19T10:36:00+00:00","description":"Aggiungete la Zanna velenosa di Kasaka di Solo Leveling alla vostra collezione. Una replica fedele e velenosa, simbolo del potere di Sung Jin-Woo. 60 cm.","breadcrumb":{"@id":"https:\/\/repliquemangacine.fr\/solo-leveling\/kasakas-venom-fang-solo-leveling\/#breadcrumb"},"inLanguage":"it-IT","potentialAction":[{"@type":"ReadAction","target":["https:\/\/repliquemangacine.fr\/solo-leveling\/kasakas-venom-fang-solo-leveling\/"]}]},{"@type":"ImageObject","inLanguage":"it-IT","@id":"https:\/\/repliquemangacine.fr\/solo-leveling\/kasakas-venom-fang-solo-leveling\/#primaryimage","url":"https:\/\/repliquemangacine.fr\/wp-content\/uploads\/2025\/10\/Kasakas-Venom-Fang.jpg","contentUrl":"https:\/\/repliquemangacine.fr\/wp-content\/uploads\/2025\/10\/Kasakas-Venom-Fang.jpg","width":700,"height":700,"caption":"Kasaka\u2019s Venom Fang-Solo Leveling"},{"@type":"BreadcrumbList","@id":"https:\/\/repliquemangacine.fr\/solo-leveling\/kasakas-venom-fang-solo-leveling\/#breadcrumb","itemListElement":[{"@type":"ListItem","position":1,"name":"Accueil","item":"https:\/\/repliquemangacine.fr\/"},{"@type":"ListItem","position":2,"name":"Produits","item":"https:\/\/repliquemangacine.fr\/boutique\/"},{"@type":"ListItem","position":3,"name":"Kasaka\u2019s Venom Fang &#8211; Solo Leveling"}]},{"@type":"WebSite","@id":"https:\/\/repliquemangacine.fr\/#website","url":"https:\/\/repliquemangacine.fr\/","name":"R\u00e9plique Manga Cin\u00e9","description":"","publisher":{"@id":"https:\/\/repliquemangacine.fr\/#organization"},"potentialAction":[{"@type":"SearchAction","target":{"@type":"EntryPoint","urlTemplate":"https:\/\/repliquemangacine.fr\/?s={search_term_string}"},"query-input":{"@type":"PropertyValueSpecification","valueRequired":true,"valueName":"search_term_string"}}],"inLanguage":"it-IT"},{"@type":"Organization","@id":"https:\/\/repliquemangacine.fr\/#organization","name":"R\u00e9plique Manga Cin\u00e9","url":"https:\/\/repliquemangacine.fr\/","logo":{"@type":"ImageObject","inLanguage":"it-IT","@id":"https:\/\/repliquemangacine.fr\/#\/schema\/logo\/image\/","url":"https:\/\/repliquemangacine.fr\/wp-content\/uploads\/2023\/10\/RMC-500250.png","contentUrl":"https:\/\/repliquemangacine.fr\/wp-content\/uploads\/2023\/10\/RMC-500250.png","width":500,"height":250,"caption":"R\u00e9plique Manga Cin\u00e9"},"image":{"@id":"https:\/\/repliquemangacine.fr\/#\/schema\/logo\/image\/"},"sameAs":["https:\/\/www.facebook.com\/RepliqueMangaCine","https:\/\/www.instagram.com\/repliquemangacine.fr\/"]}]}},"_links":{"self":[{"href":"https:\/\/repliquemangacine.fr\/it\/wp-json\/wp\/v2\/product\/89237","targetHints":{"allow":["GET"]}}],"collection":[{"href":"https:\/\/repliquemangacine.fr\/it\/wp-json\/wp\/v2\/product"}],"about":[{"href":"https:\/\/repliquemangacine.fr\/it\/wp-json\/wp\/v2\/types\/product"}],"wp:featuredmedia":[{"embeddable":true,"href":"https:\/\/repliquemangacine.fr\/it\/wp-json\/wp\/v2\/media\/89240"}],"wp:attachment":[{"href":"https:\/\/repliquemangacine.fr\/it\/wp-json\/wp\/v2\/media?parent=89237"}],"wp:term":[{"taxonomy":"product_brand","embeddable":true,"href":"https:\/\/repliquemangacine.fr\/it\/wp-json\/wp\/v2\/product_brand?post=89237"},{"taxonomy":"product_cat","embeddable":true,"href":"https:\/\/repliquemangacine.fr\/it\/wp-json\/wp\/v2\/product_cat?post=89237"},{"taxonomy":"product_tag","embeddable":true,"href":"https:\/\/repliquemangacine.fr\/it\/wp-json\/wp\/v2\/product_tag?post=89237"}],"curies":[{"name":"wp","href":"https:\/\/api.w.org\/{rel}","templated":true}]}}