





{"id":88649,"date":"2025-09-23T18:04:28","date_gmt":"2025-09-23T16:04:28","guid":{"rendered":"https:\/\/repliquemangacine.fr\/?post_type=product&#038;p=88649"},"modified":"2026-02-19T11:36:24","modified_gmt":"2026-02-19T10:36:24","slug":"lama-morgul-signore-degli-anelli","status":"publish","type":"product","link":"https:\/\/repliquemangacine.fr\/it\/le-seigneur-des-anneaux\/lame-de-morgul-le-seigneur-des-anneaux\/","title":{"rendered":"Lama di Morgul - Il Signore degli Anelli"},"content":{"rendered":"<h2>La Lama di Morgul - l'arma maledetta di Sauron<\/h2>\n<p>Prima di tutto, la Lama di Morgul, una delle armi pi\u00f9 temute dell'universo del Signore degli Anelli. Usata dai Nazg\u00fbl, spettri al servizio di Sauron, non ferisce soltanto: corrompe l'anima di chi la riceve. La sua lama lunga e affusolata, segnata da sinistri disegni, sembra divorata dalla magia nera. L'elsa ruvida e l'aspetto consumato rafforzano l'aspetto maledetto di questo leggendario pugnale. Fornito con una staffa da parete ornata da motivi elfici dorati. Questo crea un contrasto sorprendente tra la luce degli elfi e l'oscurit\u00e0 del pugnale. <a href=\"https:\/\/lotr.fandom.com\/fr\/wiki\/Mordor\" target=\"_blank\" rel=\"noopener noreferrer\">Mordor<\/a>. Vale la pena notare che questa lama \u00e8 una riproduzione dell'oggetto di scena utilizzato durante le riprese. Pi\u00f9 che un semplice oggetto decorativo, quest'arma incarna la paura, il potere e il terrore delle forze oscure. Un oggetto imperdibile da aggiungere alla vostra collezione per immergervi nell'oscurit\u00e0 della Terra di Mezzo.<\/p>\n<h2>I Nazg\u00fbl e il destino di Frodo<\/h2>\n<p>Tanto per cominciare, questa sinistra lama \u00e8 tristemente nota per il suo ruolo nella ricerca dell'Anello. Fu con una Lama di Morgul che il Re Stregone di Angmar, capo dei Nazg\u00fbl, fer\u00ec Frodo sul Monte Ventoso. Non era una ferita qualunque: un frammento della lama rimase nel suo corpo, minacciando di trasformarlo a poco a poco in uno spettro, schiavo dell'Oscurit\u00e0. Solo l'intervento di Aragorn e degli elfi pu\u00f2 rallentare questa corruzione. Questo passaggio emblematico illustra perfettamente la crudelt\u00e0 di quest'arma maledetta. Possedere questa replica significa possedere un pezzo di storia del Signore degli Anelli, un'arma al centro della lotta tra luce e ombra. Se siete appassionati collezionisti o fan di oggetti mitici, questo pezzo oscuro \u00e8 un must-have. Evoca il terrore dei Nazg\u00fbl e ci ricorda che il male \u00e8 ancora in agguato nella Terra di Mezzo.<\/p>\n<h2>Una collezione imperdibile - Il Signore degli Anelli<\/h2>\n<p>Repliquemangacine offre un'ampia scelta di repliche ufficiali de Il Signore degli Anelli e Lo Hobbit. La Lama di Morgul si aggiunge a una prestigiosa collezione che comprende pezzi leggendari come <a href=\"https:\/\/repliquemangacine.fr\/it\/spade-e-pugnali-gli-anelli-del-potere\/spada-anduril-aragorn-signore-degli-anelli\/\" target=\"_blank\" rel=\"noopener noreferrer\">And\u00faril, la spada forgiata di Aragorn<\/a>o <a href=\"https:\/\/repliquemangacine.fr\/it\/spade-del-signore-degli-anelli\/spada-di-frodo-2\/\" target=\"_blank\" rel=\"noopener noreferrer\">Dardo<\/a>La famosa spada di Bilbo e Frodo. Troverete inoltre armi iconiche come <a href=\"https:\/\/repliquemangacine.fr\/it\/spade-del-signore-degli-anelli\/spada-di-theoden-spada-di-herugrim\/\" target=\"_blank\" rel=\"noopener noreferrer\">Herugrim, la spada di Re Th\u00e9oden<\/a>e la temibile ascia di Gimli. Ogni replica \u00e8 realizzata con un'eccezionale attenzione ai dettagli, combinando realismo e fedelt\u00e0 ai film di Peter Jackson. Questi pezzi non sono solo decorativi: incarnano lo spirito di una saga leggendaria che ha segnato intere generazioni. In conclusione, regalatevi un frammento della Terra di Mezzo e trasformate la vostra casa in una sala del trono degna di Minas Tirith.<\/p>","protected":false},"excerpt":{"rendered":"<p>Una superba replica della Lama di Morgul, una riproduzione a grandezza naturale utilizzata durante le riprese.<\/p>\n<ul>\n<li>Lama in acciaio inossidabile martellata e invecchiata.<\/li>\n<li>Protezione e pomolo in acciaio appositamente sagomato<\/li>\n<li>Manico in metallo rivestito in pelle nera.<\/li>\n<li>Fornito con supporto a parete decorato.<\/li>\n<li>Lunghezza lama: 42,5 cm - Lunghezza totale: 63 cm<\/li>\n<li>Peso del pugnale: 580 g<\/li>\n<\/ul>","protected":false},"featured_media":88650,"template":"","meta":[],"product_brand":[],"product_cat":[68,29],"product_tag":[],"class_list":{"0":"post-88649","1":"product","2":"type-product","3":"status-publish","4":"has-post-thumbnail","6":"product_cat-epees-seigneur-des-anneaux","7":"product_cat-le-seigneur-des-anneaux","9":"first","10":"instock","11":"taxable","12":"shipping-taxable","13":"purchasable","14":"product-type-simple"},"yoast_head":"<!-- This site is optimized with the Yoast SEO plugin v27.4 - https:\/\/yoast.com\/product\/yoast-seo-wordpress\/ -->\n<title>Lame de Morgul - Le seigneur des Anneaux - R\u00e9plique Manga Cin\u00e9<\/title>\n<meta name=\"description\" content=\"Achetez la Lame de Morgul du Seigneur des Anneaux. R\u00e9plique echelle 1\/1 des Nazg\u00fbl, une arme maudite incontournable pour collectionneurs et fans de Tolkien.\" \/>\n<meta name=\"robots\" content=\"index, follow, max-snippet:-1, max-image-preview:large, max-video-preview:-1\" \/>\n<link rel=\"canonical\" href=\"https:\/\/repliquemangacine.fr\/it\/il-signore-degli-anelli\/lama-morgul-signore-degli-anelli\/\" \/>\n<meta property=\"og:locale\" content=\"it_IT\" \/>\n<meta property=\"og:type\" content=\"article\" \/>\n<meta property=\"og:title\" content=\"Lame de Morgul - Le seigneur des Anneaux - R\u00e9plique Manga Cin\u00e9\" \/>\n<meta property=\"og:description\" content=\"Achetez la Lame de Morgul du Seigneur des Anneaux. R\u00e9plique echelle 1\/1 des Nazg\u00fbl, une arme maudite incontournable pour collectionneurs et fans de Tolkien.\" \/>\n<meta property=\"og:url\" content=\"https:\/\/repliquemangacine.fr\/it\/il-signore-degli-anelli\/lama-morgul-signore-degli-anelli\/\" \/>\n<meta property=\"og:site_name\" content=\"R\u00e9plique Manga Cin\u00e9\" \/>\n<meta property=\"article:publisher\" content=\"https:\/\/www.facebook.com\/RepliqueMangaCine\" \/>\n<meta property=\"article:modified_time\" content=\"2026-02-19T10:36:24+00:00\" \/>\n<meta property=\"og:image\" content=\"https:\/\/repliquemangacine.fr\/wp-content\/uploads\/2025\/09\/Lame-de-Morgul-Le-seigneur-des-Anneaux.jpg\" \/>\n\t<meta property=\"og:image:width\" content=\"700\" \/>\n\t<meta property=\"og:image:height\" content=\"700\" \/>\n\t<meta property=\"og:image:type\" content=\"image\/jpeg\" \/>\n<meta name=\"twitter:card\" content=\"summary_large_image\" \/>\n<meta name=\"twitter:label1\" content=\"Tempo di lettura stimato\" \/>\n\t<meta name=\"twitter:data1\" content=\"3 minuti\" \/>\n<script type=\"application\/ld+json\" class=\"yoast-schema-graph\">{\"@context\":\"https:\\\/\\\/schema.org\",\"@graph\":[{\"@type\":\"WebPage\",\"@id\":\"https:\\\/\\\/repliquemangacine.fr\\\/le-seigneur-des-anneaux\\\/lame-de-morgul-le-seigneur-des-anneaux\\\/\",\"url\":\"https:\\\/\\\/repliquemangacine.fr\\\/le-seigneur-des-anneaux\\\/lame-de-morgul-le-seigneur-des-anneaux\\\/\",\"name\":\"Lame de Morgul - Le seigneur des Anneaux - R\u00e9plique Manga Cin\u00e9\",\"isPartOf\":{\"@id\":\"https:\\\/\\\/repliquemangacine.fr\\\/#website\"},\"primaryImageOfPage\":{\"@id\":\"https:\\\/\\\/repliquemangacine.fr\\\/le-seigneur-des-anneaux\\\/lame-de-morgul-le-seigneur-des-anneaux\\\/#primaryimage\"},\"image\":{\"@id\":\"https:\\\/\\\/repliquemangacine.fr\\\/le-seigneur-des-anneaux\\\/lame-de-morgul-le-seigneur-des-anneaux\\\/#primaryimage\"},\"thumbnailUrl\":\"https:\\\/\\\/repliquemangacine.fr\\\/wp-content\\\/uploads\\\/2025\\\/09\\\/Lame-de-Morgul-Le-seigneur-des-Anneaux.jpg\",\"datePublished\":\"2025-09-23T16:04:28+00:00\",\"dateModified\":\"2026-02-19T10:36:24+00:00\",\"description\":\"Achetez la Lame de Morgul du Seigneur des Anneaux. R\u00e9plique echelle 1\\\/1 des Nazg\u00fbl, une arme maudite incontournable pour collectionneurs et fans de Tolkien.\",\"breadcrumb\":{\"@id\":\"https:\\\/\\\/repliquemangacine.fr\\\/le-seigneur-des-anneaux\\\/lame-de-morgul-le-seigneur-des-anneaux\\\/#breadcrumb\"},\"inLanguage\":\"it-IT\",\"potentialAction\":[{\"@type\":\"ReadAction\",\"target\":[\"https:\\\/\\\/repliquemangacine.fr\\\/le-seigneur-des-anneaux\\\/lame-de-morgul-le-seigneur-des-anneaux\\\/\"]}]},{\"@type\":\"ImageObject\",\"inLanguage\":\"it-IT\",\"@id\":\"https:\\\/\\\/repliquemangacine.fr\\\/le-seigneur-des-anneaux\\\/lame-de-morgul-le-seigneur-des-anneaux\\\/#primaryimage\",\"url\":\"https:\\\/\\\/repliquemangacine.fr\\\/wp-content\\\/uploads\\\/2025\\\/09\\\/Lame-de-Morgul-Le-seigneur-des-Anneaux.jpg\",\"contentUrl\":\"https:\\\/\\\/repliquemangacine.fr\\\/wp-content\\\/uploads\\\/2025\\\/09\\\/Lame-de-Morgul-Le-seigneur-des-Anneaux.jpg\",\"width\":700,\"height\":700,\"caption\":\"Lame de Morgul du Seigneur des Anneaux\"},{\"@type\":\"BreadcrumbList\",\"@id\":\"https:\\\/\\\/repliquemangacine.fr\\\/le-seigneur-des-anneaux\\\/lame-de-morgul-le-seigneur-des-anneaux\\\/#breadcrumb\",\"itemListElement\":[{\"@type\":\"ListItem\",\"position\":1,\"name\":\"Accueil\",\"item\":\"https:\\\/\\\/repliquemangacine.fr\\\/\"},{\"@type\":\"ListItem\",\"position\":2,\"name\":\"Produits\",\"item\":\"https:\\\/\\\/repliquemangacine.fr\\\/boutique\\\/\"},{\"@type\":\"ListItem\",\"position\":3,\"name\":\"Lame de Morgul &#8211; Le seigneur des Anneaux\"}]},{\"@type\":\"WebSite\",\"@id\":\"https:\\\/\\\/repliquemangacine.fr\\\/#website\",\"url\":\"https:\\\/\\\/repliquemangacine.fr\\\/\",\"name\":\"R\u00e9plique Manga Cin\u00e9\",\"description\":\"\",\"publisher\":{\"@id\":\"https:\\\/\\\/repliquemangacine.fr\\\/#organization\"},\"potentialAction\":[{\"@type\":\"SearchAction\",\"target\":{\"@type\":\"EntryPoint\",\"urlTemplate\":\"https:\\\/\\\/repliquemangacine.fr\\\/?s={search_term_string}\"},\"query-input\":{\"@type\":\"PropertyValueSpecification\",\"valueRequired\":true,\"valueName\":\"search_term_string\"}}],\"inLanguage\":\"it-IT\"},{\"@type\":\"Organization\",\"@id\":\"https:\\\/\\\/repliquemangacine.fr\\\/#organization\",\"name\":\"R\u00e9plique Manga Cin\u00e9\",\"url\":\"https:\\\/\\\/repliquemangacine.fr\\\/\",\"logo\":{\"@type\":\"ImageObject\",\"inLanguage\":\"it-IT\",\"@id\":\"https:\\\/\\\/repliquemangacine.fr\\\/#\\\/schema\\\/logo\\\/image\\\/\",\"url\":\"https:\\\/\\\/repliquemangacine.fr\\\/wp-content\\\/uploads\\\/2023\\\/10\\\/RMC-500250.png\",\"contentUrl\":\"https:\\\/\\\/repliquemangacine.fr\\\/wp-content\\\/uploads\\\/2023\\\/10\\\/RMC-500250.png\",\"width\":500,\"height\":250,\"caption\":\"R\u00e9plique Manga Cin\u00e9\"},\"image\":{\"@id\":\"https:\\\/\\\/repliquemangacine.fr\\\/#\\\/schema\\\/logo\\\/image\\\/\"},\"sameAs\":[\"https:\\\/\\\/www.facebook.com\\\/RepliqueMangaCine\",\"https:\\\/\\\/www.instagram.com\\\/repliquemangacine.fr\\\/\"]}]}<\/script>\n<!-- \/ Yoast SEO plugin. -->","yoast_head_json":{"title":"Lama di Morgul - Il Signore degli Anelli - R\u00e9plique Manga Cin\u00e9","description":"Acquista la Lama Morgul de Il Signore degli Anelli. Una replica in scala 1\/1 del Nazg\u00fbl, un'arma maledetta che \u00e8 un must per i collezionisti e i fan di Tolkien.","robots":{"index":"index","follow":"follow","max-snippet":"max-snippet:-1","max-image-preview":"max-image-preview:large","max-video-preview":"max-video-preview:-1"},"canonical":"https:\/\/repliquemangacine.fr\/it\/il-signore-degli-anelli\/lama-morgul-signore-degli-anelli\/","og_locale":"it_IT","og_type":"article","og_title":"Lame de Morgul - Le seigneur des Anneaux - R\u00e9plique Manga Cin\u00e9","og_description":"Achetez la Lame de Morgul du Seigneur des Anneaux. R\u00e9plique echelle 1\/1 des Nazg\u00fbl, une arme maudite incontournable pour collectionneurs et fans de Tolkien.","og_url":"https:\/\/repliquemangacine.fr\/it\/il-signore-degli-anelli\/lama-morgul-signore-degli-anelli\/","og_site_name":"R\u00e9plique Manga Cin\u00e9","article_publisher":"https:\/\/www.facebook.com\/RepliqueMangaCine","article_modified_time":"2026-02-19T10:36:24+00:00","og_image":[{"width":700,"height":700,"url":"https:\/\/repliquemangacine.fr\/wp-content\/uploads\/2025\/09\/Lame-de-Morgul-Le-seigneur-des-Anneaux.jpg","type":"image\/jpeg"}],"twitter_card":"summary_large_image","twitter_misc":{"Tempo di lettura stimato":"3 minuti"},"schema":{"@context":"https:\/\/schema.org","@graph":[{"@type":"WebPage","@id":"https:\/\/repliquemangacine.fr\/le-seigneur-des-anneaux\/lame-de-morgul-le-seigneur-des-anneaux\/","url":"https:\/\/repliquemangacine.fr\/le-seigneur-des-anneaux\/lame-de-morgul-le-seigneur-des-anneaux\/","name":"Lama di Morgul - Il Signore degli Anelli - R\u00e9plique Manga Cin\u00e9","isPartOf":{"@id":"https:\/\/repliquemangacine.fr\/#website"},"primaryImageOfPage":{"@id":"https:\/\/repliquemangacine.fr\/le-seigneur-des-anneaux\/lame-de-morgul-le-seigneur-des-anneaux\/#primaryimage"},"image":{"@id":"https:\/\/repliquemangacine.fr\/le-seigneur-des-anneaux\/lame-de-morgul-le-seigneur-des-anneaux\/#primaryimage"},"thumbnailUrl":"https:\/\/repliquemangacine.fr\/wp-content\/uploads\/2025\/09\/Lame-de-Morgul-Le-seigneur-des-Anneaux.jpg","datePublished":"2025-09-23T16:04:28+00:00","dateModified":"2026-02-19T10:36:24+00:00","description":"Acquista la Lama Morgul de Il Signore degli Anelli. Una replica in scala 1\/1 del Nazg\u00fbl, un'arma maledetta che \u00e8 un must per i collezionisti e i fan di Tolkien.","breadcrumb":{"@id":"https:\/\/repliquemangacine.fr\/le-seigneur-des-anneaux\/lame-de-morgul-le-seigneur-des-anneaux\/#breadcrumb"},"inLanguage":"it-IT","potentialAction":[{"@type":"ReadAction","target":["https:\/\/repliquemangacine.fr\/le-seigneur-des-anneaux\/lame-de-morgul-le-seigneur-des-anneaux\/"]}]},{"@type":"ImageObject","inLanguage":"it-IT","@id":"https:\/\/repliquemangacine.fr\/le-seigneur-des-anneaux\/lame-de-morgul-le-seigneur-des-anneaux\/#primaryimage","url":"https:\/\/repliquemangacine.fr\/wp-content\/uploads\/2025\/09\/Lame-de-Morgul-Le-seigneur-des-Anneaux.jpg","contentUrl":"https:\/\/repliquemangacine.fr\/wp-content\/uploads\/2025\/09\/Lame-de-Morgul-Le-seigneur-des-Anneaux.jpg","width":700,"height":700,"caption":"Lame de Morgul du Seigneur des Anneaux"},{"@type":"BreadcrumbList","@id":"https:\/\/repliquemangacine.fr\/le-seigneur-des-anneaux\/lame-de-morgul-le-seigneur-des-anneaux\/#breadcrumb","itemListElement":[{"@type":"ListItem","position":1,"name":"Accueil","item":"https:\/\/repliquemangacine.fr\/"},{"@type":"ListItem","position":2,"name":"Produits","item":"https:\/\/repliquemangacine.fr\/boutique\/"},{"@type":"ListItem","position":3,"name":"Lame de Morgul &#8211; Le seigneur des Anneaux"}]},{"@type":"WebSite","@id":"https:\/\/repliquemangacine.fr\/#website","url":"https:\/\/repliquemangacine.fr\/","name":"R\u00e9plique Manga Cin\u00e9","description":"","publisher":{"@id":"https:\/\/repliquemangacine.fr\/#organization"},"potentialAction":[{"@type":"SearchAction","target":{"@type":"EntryPoint","urlTemplate":"https:\/\/repliquemangacine.fr\/?s={search_term_string}"},"query-input":{"@type":"PropertyValueSpecification","valueRequired":true,"valueName":"search_term_string"}}],"inLanguage":"it-IT"},{"@type":"Organization","@id":"https:\/\/repliquemangacine.fr\/#organization","name":"R\u00e9plique Manga Cin\u00e9","url":"https:\/\/repliquemangacine.fr\/","logo":{"@type":"ImageObject","inLanguage":"it-IT","@id":"https:\/\/repliquemangacine.fr\/#\/schema\/logo\/image\/","url":"https:\/\/repliquemangacine.fr\/wp-content\/uploads\/2023\/10\/RMC-500250.png","contentUrl":"https:\/\/repliquemangacine.fr\/wp-content\/uploads\/2023\/10\/RMC-500250.png","width":500,"height":250,"caption":"R\u00e9plique Manga Cin\u00e9"},"image":{"@id":"https:\/\/repliquemangacine.fr\/#\/schema\/logo\/image\/"},"sameAs":["https:\/\/www.facebook.com\/RepliqueMangaCine","https:\/\/www.instagram.com\/repliquemangacine.fr\/"]}]}},"_links":{"self":[{"href":"https:\/\/repliquemangacine.fr\/it\/wp-json\/wp\/v2\/product\/88649","targetHints":{"allow":["GET"]}}],"collection":[{"href":"https:\/\/repliquemangacine.fr\/it\/wp-json\/wp\/v2\/product"}],"about":[{"href":"https:\/\/repliquemangacine.fr\/it\/wp-json\/wp\/v2\/types\/product"}],"wp:featuredmedia":[{"embeddable":true,"href":"https:\/\/repliquemangacine.fr\/it\/wp-json\/wp\/v2\/media\/88650"}],"wp:attachment":[{"href":"https:\/\/repliquemangacine.fr\/it\/wp-json\/wp\/v2\/media?parent=88649"}],"wp:term":[{"taxonomy":"product_brand","embeddable":true,"href":"https:\/\/repliquemangacine.fr\/it\/wp-json\/wp\/v2\/product_brand?post=88649"},{"taxonomy":"product_cat","embeddable":true,"href":"https:\/\/repliquemangacine.fr\/it\/wp-json\/wp\/v2\/product_cat?post=88649"},{"taxonomy":"product_tag","embeddable":true,"href":"https:\/\/repliquemangacine.fr\/it\/wp-json\/wp\/v2\/product_tag?post=88649"}],"curies":[{"name":"wp","href":"https:\/\/api.w.org\/{rel}","templated":true}]}}