





{"id":88449,"date":"2025-09-16T23:14:57","date_gmt":"2025-09-16T21:14:57","guid":{"rendered":"https:\/\/repliquemangacine.fr\/?post_type=product&#038;p=88449"},"modified":"2025-11-12T22:57:20","modified_gmt":"2025-11-12T21:57:20","slug":"coltello-pieghevole-blu-sck","status":"publish","type":"product","link":"https:\/\/repliquemangacine.fr\/it\/coutellerie\/couteau-pliant-bleu-sck\/","title":{"rendered":"Coltello pieghevole SCK blu"},"content":{"rendered":"<h2>Caratteristiche del coltello tattico pieghevole SCK blu<\/h2>\n<p>Cominciamo con l'esaminare questo coltello tattico pieghevole SCK blu con lama in acciaio inossidabile nero.<br \/>\nIn primo luogo, la sua lama parzialmente seghettata consente di tagliare efficacemente corde, tessuti e materiali resistenti.<br \/>\nIn secondo luogo, il sistema di apertura semiautomatico garantisce un azionamento rapido e fluido, facilitando l'utilizzo in tutte le situazioni di emergenza imprevedibili.<br \/>\nIl suo manico ergonomico include inserti blu antiscivolo, che garantiscono comfort, stile e sicurezza ad ogni presa.<br \/>\nIn terzo luogo, \u00e8 dotato di un robusto rompivetro, perfettamente adatto per interventi rapidi in auto o in caso di incidenti che richiedono un'evacuazione.<br \/>\nInfine, un tagliabeltelle affilato rende questo coltello indispensabile in situazioni di sopravvivenza, emergenze automobilistiche o interventi di sicurezza.<br \/>\nCompatto e dotato di una robusta clip da cintura, rimane accessibile, pratico e discreto per tutte le vostre attivit\u00e0 quotidiane e all'aperto.<\/p>\n<h2>L'importanza e le caratteristiche di questo coltello tattico<\/h2>\n<p>Un coltello tattico pieghevole come il modello SCK blu si distingue per la sua versatilit\u00e0, consentendo a chiunque lo utilizzi di essere sempre pronto ad affrontare qualsiasi situazione quotidiana.<br \/>\nA differenza di un semplice coltellino tascabile, combina diverse funzioni di sopravvivenza, soccorso e utilit\u00e0 pratica in un unico strumento.<br \/>\nL'apertura semiautomatica offre una preziosa reattivit\u00e0, essenziale per il campeggio, l'escursionismo, le situazioni di emergenza e le attivit\u00e0 all'aperto che richiedono strumenti affidabili.<br \/>\nLa presenza di un rompivetro e di un taglierina per cinture di sicurezza ne aumenta notevolmente il valore, in particolare per gli automobilisti che desiderano rafforzare la propria sicurezza personale.<br \/>\nIl suo design moderno con inserti blu gli conferisce un aspetto unico, che unisce un'estetica elegante e una robustezza funzionale perfettamente adatta agli appassionati.<br \/>\nQuesto coltello tattico compatto \u00e8 facile da trasportare grazie alla clip da cintura, che consente di averlo sempre a portata di mano.<br \/>\nSi distingue quindi come un alleato indispensabile per la sopravvivenza, il soccorso, la sicurezza quotidiana e le attivit\u00e0 all'aperto che richiedono efficacia immediata.<\/p>\n<h2>Scopri altri prodotti su R\u00e9plique Manga Cin\u00e9<\/h2>\n<p>Sul nostro sito web <strong>R\u00e9plique Manga Cin\u00e9<\/strong>, troverete un'ampia scelta di prodotti ispirati al mondo dei manga, dei videogiochi e del cinema.<br \/>\nProponiamo katana iconiche di One Piece, Demon Slayer, Naruto, Bleach, Zelda e Sword Art Online, perfette per collezionisti.<br \/>\nGli appassionati di film e serie TV potranno scoprire spade e repliche tratte dal Signore degli Anelli, Harry Potter o Games of Thrones.<br \/>\nGli appassionati di\u2019<a href=\"https:\/\/repliquemangacine.fr\/it\/armi-storiche\/\">storia<\/a> apprezzeranno le nostre spade romane, le sciabole dei pirati, gli elmi antichi, gli scudi medievali e le varie armi utilizzate nelle rievocazioni storiche.<br \/>\nIl nostro negozio offre anche repliche western imperdibili, tra cui colt, winchester, fondine e le famose stelle da sceriffo autentiche.<br \/>\nOgni oggetto \u00e8 selezionato per soddisfare collezionisti, appassionati di cosplay o semplici amatori che desiderano arricchire la propria collezione con oggetti unici.<br \/>\n<strong>R\u00e9plique Manga Cin\u00e9<\/strong> \u00e8 il luogo dove andare per scoprire, collezionare e acquistare repliche autentiche che riflettono la passione e il mondo mitico del marchio.<\/p>\n<p><strong>\u26a0\ufe0f Vendita vietata ai minori. Dopo l'ordine potrebbe essere richiesta una verifica dell'identit\u00e0 per confermare la maggiore et\u00e0 dell'acquirente.<\/strong><\/p>","protected":false},"excerpt":{"rendered":"<p><strong>Specifiche tecniche :<\/strong><\/p>\n<ul>\n<li style=\"list-style-type: none;\">\n<ul>\n<li>Lama in acciaio inossidabile nero con bordo seghettato<\/li>\n<li>Apertura assistita semiautomatica, veloce e scorrevole<\/li>\n<li>Impugnatura ergonomica con inserti antiscivolo blu<\/li>\n<li>Interruttore integrato per le situazioni di emergenza<\/li>\n<li>Tagliacinture pratico e sicuro<\/li>\n<li>Robusta clip da cintura per un trasporto discreto e facile.<\/li>\n<li>Lunghezza totale: 22 cm<\/li>\n<li>Lunghezza della lama: 10 cm<\/li>\n<li>Peso: 134 g<\/li>\n<\/ul>\n<\/li>\n<\/ul>","protected":false},"featured_media":88450,"template":"","meta":[],"product_brand":[896],"product_cat":[891,892,884],"product_tag":[],"class_list":{"0":"post-88449","1":"product","2":"type-product","3":"status-publish","4":"has-post-thumbnail","6":"product_brand-replique-manga-cine","7":"product_cat-couteaux-automatiques","8":"product_cat-couteaux-tactical","9":"product_cat-coutellerie","11":"first","12":"instock","13":"taxable","14":"shipping-taxable","15":"purchasable","16":"product-type-simple"},"yoast_head":"<!-- This site is optimized with the Yoast SEO plugin v27.4 - https:\/\/yoast.com\/product\/yoast-seo-wordpress\/ -->\n<title>Couteau pliant bleu SCK - R\u00e9plique Manga Cin\u00e9<\/title>\n<meta name=\"description\" content=\"D\u00e9couvrez le couteau pliant bleu SCK, tactique et semi-automatique, avec lame crant\u00e9e, brise-vitre, coupe-ceinture et clip ceinture robuste.\" \/>\n<meta name=\"robots\" content=\"index, follow, max-snippet:-1, max-image-preview:large, max-video-preview:-1\" \/>\n<link rel=\"canonical\" href=\"https:\/\/repliquemangacine.fr\/it\/posate\/coltello-pieghevole-blu-sck\/\" \/>\n<meta property=\"og:locale\" content=\"it_IT\" \/>\n<meta property=\"og:type\" content=\"article\" \/>\n<meta property=\"og:title\" content=\"Couteau pliant bleu SCK - R\u00e9plique Manga Cin\u00e9\" \/>\n<meta property=\"og:description\" content=\"D\u00e9couvrez le couteau pliant bleu SCK, tactique et semi-automatique, avec lame crant\u00e9e, brise-vitre, coupe-ceinture et clip ceinture robuste.\" \/>\n<meta property=\"og:url\" content=\"https:\/\/repliquemangacine.fr\/it\/posate\/coltello-pieghevole-blu-sck\/\" \/>\n<meta property=\"og:site_name\" content=\"R\u00e9plique Manga Cin\u00e9\" \/>\n<meta property=\"article:publisher\" content=\"https:\/\/www.facebook.com\/RepliqueMangaCine\" \/>\n<meta property=\"article:modified_time\" content=\"2025-11-12T21:57:20+00:00\" \/>\n<meta property=\"og:image\" content=\"https:\/\/repliquemangacine.fr\/wp-content\/uploads\/2025\/09\/Couteau-SCK-tactique-Bleu.jpg\" \/>\n\t<meta property=\"og:image:width\" content=\"700\" \/>\n\t<meta property=\"og:image:height\" content=\"700\" \/>\n\t<meta property=\"og:image:type\" content=\"image\/jpeg\" \/>\n<meta name=\"twitter:card\" content=\"summary_large_image\" \/>\n<meta name=\"twitter:label1\" content=\"Tempo di lettura stimato\" \/>\n\t<meta name=\"twitter:data1\" content=\"3 minuti\" \/>\n<script type=\"application\/ld+json\" class=\"yoast-schema-graph\">{\"@context\":\"https:\\\/\\\/schema.org\",\"@graph\":[{\"@type\":\"WebPage\",\"@id\":\"https:\\\/\\\/repliquemangacine.fr\\\/coutellerie\\\/couteau-pliant-bleu-sck\\\/\",\"url\":\"https:\\\/\\\/repliquemangacine.fr\\\/coutellerie\\\/couteau-pliant-bleu-sck\\\/\",\"name\":\"Couteau pliant bleu SCK - R\u00e9plique Manga Cin\u00e9\",\"isPartOf\":{\"@id\":\"https:\\\/\\\/repliquemangacine.fr\\\/#website\"},\"primaryImageOfPage\":{\"@id\":\"https:\\\/\\\/repliquemangacine.fr\\\/coutellerie\\\/couteau-pliant-bleu-sck\\\/#primaryimage\"},\"image\":{\"@id\":\"https:\\\/\\\/repliquemangacine.fr\\\/coutellerie\\\/couteau-pliant-bleu-sck\\\/#primaryimage\"},\"thumbnailUrl\":\"https:\\\/\\\/repliquemangacine.fr\\\/wp-content\\\/uploads\\\/2025\\\/09\\\/Couteau-SCK-tactique-Bleu.jpg\",\"datePublished\":\"2025-09-16T21:14:57+00:00\",\"dateModified\":\"2025-11-12T21:57:20+00:00\",\"description\":\"D\u00e9couvrez le couteau pliant bleu SCK, tactique et semi-automatique, avec lame crant\u00e9e, brise-vitre, coupe-ceinture et clip ceinture robuste.\",\"breadcrumb\":{\"@id\":\"https:\\\/\\\/repliquemangacine.fr\\\/coutellerie\\\/couteau-pliant-bleu-sck\\\/#breadcrumb\"},\"inLanguage\":\"it-IT\",\"potentialAction\":[{\"@type\":\"ReadAction\",\"target\":[\"https:\\\/\\\/repliquemangacine.fr\\\/coutellerie\\\/couteau-pliant-bleu-sck\\\/\"]}]},{\"@type\":\"ImageObject\",\"inLanguage\":\"it-IT\",\"@id\":\"https:\\\/\\\/repliquemangacine.fr\\\/coutellerie\\\/couteau-pliant-bleu-sck\\\/#primaryimage\",\"url\":\"https:\\\/\\\/repliquemangacine.fr\\\/wp-content\\\/uploads\\\/2025\\\/09\\\/Couteau-SCK-tactique-Bleu.jpg\",\"contentUrl\":\"https:\\\/\\\/repliquemangacine.fr\\\/wp-content\\\/uploads\\\/2025\\\/09\\\/Couteau-SCK-tactique-Bleu.jpg\",\"width\":700,\"height\":700,\"caption\":\"Couteau-SCK-tactique-Bleu\"},{\"@type\":\"BreadcrumbList\",\"@id\":\"https:\\\/\\\/repliquemangacine.fr\\\/coutellerie\\\/couteau-pliant-bleu-sck\\\/#breadcrumb\",\"itemListElement\":[{\"@type\":\"ListItem\",\"position\":1,\"name\":\"Accueil\",\"item\":\"https:\\\/\\\/repliquemangacine.fr\\\/\"},{\"@type\":\"ListItem\",\"position\":2,\"name\":\"Produits\",\"item\":\"https:\\\/\\\/repliquemangacine.fr\\\/boutique\\\/\"},{\"@type\":\"ListItem\",\"position\":3,\"name\":\"Couteau pliant bleu SCK\"}]},{\"@type\":\"WebSite\",\"@id\":\"https:\\\/\\\/repliquemangacine.fr\\\/#website\",\"url\":\"https:\\\/\\\/repliquemangacine.fr\\\/\",\"name\":\"R\u00e9plique Manga Cin\u00e9\",\"description\":\"\",\"publisher\":{\"@id\":\"https:\\\/\\\/repliquemangacine.fr\\\/#organization\"},\"potentialAction\":[{\"@type\":\"SearchAction\",\"target\":{\"@type\":\"EntryPoint\",\"urlTemplate\":\"https:\\\/\\\/repliquemangacine.fr\\\/?s={search_term_string}\"},\"query-input\":{\"@type\":\"PropertyValueSpecification\",\"valueRequired\":true,\"valueName\":\"search_term_string\"}}],\"inLanguage\":\"it-IT\"},{\"@type\":\"Organization\",\"@id\":\"https:\\\/\\\/repliquemangacine.fr\\\/#organization\",\"name\":\"R\u00e9plique Manga Cin\u00e9\",\"url\":\"https:\\\/\\\/repliquemangacine.fr\\\/\",\"logo\":{\"@type\":\"ImageObject\",\"inLanguage\":\"it-IT\",\"@id\":\"https:\\\/\\\/repliquemangacine.fr\\\/#\\\/schema\\\/logo\\\/image\\\/\",\"url\":\"https:\\\/\\\/repliquemangacine.fr\\\/wp-content\\\/uploads\\\/2023\\\/10\\\/RMC-500250.png\",\"contentUrl\":\"https:\\\/\\\/repliquemangacine.fr\\\/wp-content\\\/uploads\\\/2023\\\/10\\\/RMC-500250.png\",\"width\":500,\"height\":250,\"caption\":\"R\u00e9plique Manga Cin\u00e9\"},\"image\":{\"@id\":\"https:\\\/\\\/repliquemangacine.fr\\\/#\\\/schema\\\/logo\\\/image\\\/\"},\"sameAs\":[\"https:\\\/\\\/www.facebook.com\\\/RepliqueMangaCine\",\"https:\\\/\\\/www.instagram.com\\\/repliquemangacine.fr\\\/\"]}]}<\/script>\n<!-- \/ Yoast SEO plugin. -->","yoast_head_json":{"title":"Coltello pieghevole SCK blu - R\u00e9plique Manga Cin\u00e9","description":"Scoprite il coltello pieghevole SCK blu, tattico e semiautomatico, con lama seghettata, frangivetro, tagliacinture e robusta clip da cintura.","robots":{"index":"index","follow":"follow","max-snippet":"max-snippet:-1","max-image-preview":"max-image-preview:large","max-video-preview":"max-video-preview:-1"},"canonical":"https:\/\/repliquemangacine.fr\/it\/posate\/coltello-pieghevole-blu-sck\/","og_locale":"it_IT","og_type":"article","og_title":"Couteau pliant bleu SCK - R\u00e9plique Manga Cin\u00e9","og_description":"D\u00e9couvrez le couteau pliant bleu SCK, tactique et semi-automatique, avec lame crant\u00e9e, brise-vitre, coupe-ceinture et clip ceinture robuste.","og_url":"https:\/\/repliquemangacine.fr\/it\/posate\/coltello-pieghevole-blu-sck\/","og_site_name":"R\u00e9plique Manga Cin\u00e9","article_publisher":"https:\/\/www.facebook.com\/RepliqueMangaCine","article_modified_time":"2025-11-12T21:57:20+00:00","og_image":[{"width":700,"height":700,"url":"https:\/\/repliquemangacine.fr\/wp-content\/uploads\/2025\/09\/Couteau-SCK-tactique-Bleu.jpg","type":"image\/jpeg"}],"twitter_card":"summary_large_image","twitter_misc":{"Tempo di lettura stimato":"3 minuti"},"schema":{"@context":"https:\/\/schema.org","@graph":[{"@type":"WebPage","@id":"https:\/\/repliquemangacine.fr\/coutellerie\/couteau-pliant-bleu-sck\/","url":"https:\/\/repliquemangacine.fr\/coutellerie\/couteau-pliant-bleu-sck\/","name":"Coltello pieghevole SCK blu - R\u00e9plique Manga Cin\u00e9","isPartOf":{"@id":"https:\/\/repliquemangacine.fr\/#website"},"primaryImageOfPage":{"@id":"https:\/\/repliquemangacine.fr\/coutellerie\/couteau-pliant-bleu-sck\/#primaryimage"},"image":{"@id":"https:\/\/repliquemangacine.fr\/coutellerie\/couteau-pliant-bleu-sck\/#primaryimage"},"thumbnailUrl":"https:\/\/repliquemangacine.fr\/wp-content\/uploads\/2025\/09\/Couteau-SCK-tactique-Bleu.jpg","datePublished":"2025-09-16T21:14:57+00:00","dateModified":"2025-11-12T21:57:20+00:00","description":"Scoprite il coltello pieghevole SCK blu, tattico e semiautomatico, con lama seghettata, frangivetro, tagliacinture e robusta clip da cintura.","breadcrumb":{"@id":"https:\/\/repliquemangacine.fr\/coutellerie\/couteau-pliant-bleu-sck\/#breadcrumb"},"inLanguage":"it-IT","potentialAction":[{"@type":"ReadAction","target":["https:\/\/repliquemangacine.fr\/coutellerie\/couteau-pliant-bleu-sck\/"]}]},{"@type":"ImageObject","inLanguage":"it-IT","@id":"https:\/\/repliquemangacine.fr\/coutellerie\/couteau-pliant-bleu-sck\/#primaryimage","url":"https:\/\/repliquemangacine.fr\/wp-content\/uploads\/2025\/09\/Couteau-SCK-tactique-Bleu.jpg","contentUrl":"https:\/\/repliquemangacine.fr\/wp-content\/uploads\/2025\/09\/Couteau-SCK-tactique-Bleu.jpg","width":700,"height":700,"caption":"Couteau-SCK-tactique-Bleu"},{"@type":"BreadcrumbList","@id":"https:\/\/repliquemangacine.fr\/coutellerie\/couteau-pliant-bleu-sck\/#breadcrumb","itemListElement":[{"@type":"ListItem","position":1,"name":"Accueil","item":"https:\/\/repliquemangacine.fr\/"},{"@type":"ListItem","position":2,"name":"Produits","item":"https:\/\/repliquemangacine.fr\/boutique\/"},{"@type":"ListItem","position":3,"name":"Couteau pliant bleu SCK"}]},{"@type":"WebSite","@id":"https:\/\/repliquemangacine.fr\/#website","url":"https:\/\/repliquemangacine.fr\/","name":"R\u00e9plique Manga Cin\u00e9","description":"","publisher":{"@id":"https:\/\/repliquemangacine.fr\/#organization"},"potentialAction":[{"@type":"SearchAction","target":{"@type":"EntryPoint","urlTemplate":"https:\/\/repliquemangacine.fr\/?s={search_term_string}"},"query-input":{"@type":"PropertyValueSpecification","valueRequired":true,"valueName":"search_term_string"}}],"inLanguage":"it-IT"},{"@type":"Organization","@id":"https:\/\/repliquemangacine.fr\/#organization","name":"R\u00e9plique Manga Cin\u00e9","url":"https:\/\/repliquemangacine.fr\/","logo":{"@type":"ImageObject","inLanguage":"it-IT","@id":"https:\/\/repliquemangacine.fr\/#\/schema\/logo\/image\/","url":"https:\/\/repliquemangacine.fr\/wp-content\/uploads\/2023\/10\/RMC-500250.png","contentUrl":"https:\/\/repliquemangacine.fr\/wp-content\/uploads\/2023\/10\/RMC-500250.png","width":500,"height":250,"caption":"R\u00e9plique Manga Cin\u00e9"},"image":{"@id":"https:\/\/repliquemangacine.fr\/#\/schema\/logo\/image\/"},"sameAs":["https:\/\/www.facebook.com\/RepliqueMangaCine","https:\/\/www.instagram.com\/repliquemangacine.fr\/"]}]}},"_links":{"self":[{"href":"https:\/\/repliquemangacine.fr\/it\/wp-json\/wp\/v2\/product\/88449","targetHints":{"allow":["GET"]}}],"collection":[{"href":"https:\/\/repliquemangacine.fr\/it\/wp-json\/wp\/v2\/product"}],"about":[{"href":"https:\/\/repliquemangacine.fr\/it\/wp-json\/wp\/v2\/types\/product"}],"wp:featuredmedia":[{"embeddable":true,"href":"https:\/\/repliquemangacine.fr\/it\/wp-json\/wp\/v2\/media\/88450"}],"wp:attachment":[{"href":"https:\/\/repliquemangacine.fr\/it\/wp-json\/wp\/v2\/media?parent=88449"}],"wp:term":[{"taxonomy":"product_brand","embeddable":true,"href":"https:\/\/repliquemangacine.fr\/it\/wp-json\/wp\/v2\/product_brand?post=88449"},{"taxonomy":"product_cat","embeddable":true,"href":"https:\/\/repliquemangacine.fr\/it\/wp-json\/wp\/v2\/product_cat?post=88449"},{"taxonomy":"product_tag","embeddable":true,"href":"https:\/\/repliquemangacine.fr\/it\/wp-json\/wp\/v2\/product_tag?post=88449"}],"curies":[{"name":"wp","href":"https:\/\/api.w.org\/{rel}","templated":true}]}}