





{"id":88402,"date":"2025-09-16T14:48:43","date_gmt":"2025-09-16T12:48:43","guid":{"rendered":"https:\/\/repliquemangacine.fr\/?post_type=product&#038;p=88402"},"modified":"2026-03-31T19:14:39","modified_gmt":"2026-03-31T17:14:39","slug":"pugnale-del-re-demone-livellamento-in-solitaria","status":"publish","type":"product","link":"https:\/\/repliquemangacine.fr\/it\/solo-leveling\/dague-du-roi-demon-solo-leveling\/","title":{"rendered":"Pugnale del Re Demone"},"content":{"rendered":"<h2>Il pugnale del Re Demone - Guardia del capo demoniaca<\/h2>\n<p>La <strong>Pugnale del Re Demone<\/strong> con una guardia a forma di testa demoniaca \u00e8 un'arma impressionante. La sua lama ricurva rossa e nera evoca una potenza cruda. Ogni dettaglio dell'impugnatura metallica riflette un design aggressivo e raffinato. Questa replica impone immediatamente il suo stile oscuro e temibile. Pi\u00f9 che una semplice decorazione, simboleggia la forza e il dominio del Re Demone. Con il suo fascino terrificante, questo pezzo \u00e8 un vero e proprio richiamo visivo. \u00c8 l'aggiunta perfetta a una collezione dedicata ai mondi oscuri. La sua finitura meticolosa lo rende un must per ogni fan esigente. Questo pugnale \u00e8 la perfetta incarnazione dello spirito feroce di Solo Leveling.<\/p>\n<h2>Il Re Demone, un mitico avversario per il livellamento in solitaria<\/h2>\n<p>Il Re Demone \u00e8 un avversario emblematico in <a href=\"https:\/\/solo-leveling.fandom.com\/wiki\/Solo_Leveling_Wiki\" target=\"_blank\" rel=\"noopener noreferrer\">Livellamento in solitaria<\/a>. Il suo carisma e la sua crudelt\u00e0 lo rendono una figura potente. Questo antagonista rappresenta l'ultimo pericolo per i cacciatori. Il suo potere supera quello di molti nemici incontrati da Sung Jinwoo. Possedere una replica della sua arma \u00e8 come tenere tra le mani una parte di questa leggenda. Il pugnale diventa un simbolo di questa battaglia mitica. Illustra l'opposizione tra luce e ombra. Grazie alla sua storia, ogni collezionista pu\u00f2 sentire tutta l'intensit\u00e0 della storia.<\/p>\n<h2>Notizie sul livellamento in solitaria su R\u00e9plique Manga Cin\u00e9<\/h2>\n<p>Oltre a quest'arma, R\u00e9plique Manga Cin\u00e9 offre altre repliche di Solo Leveling. Scoprite, ad esempio, la famosa <a href=\"https:\/\/repliquemangacine.fr\/it\/nuovi-prodotti\/pugnale-moonshadow-livellamento-in-solitaria\/\" target=\"_blank\" rel=\"noopener noreferrer\">Pugnale Moonshadow<\/a> di Sung Jinwoo. Il suo design elegante incarna velocit\u00e0 e precisione. Troverete anche il <a href=\"https:\/\/repliquemangacine.fr\/it\/livellamento-in-solitaria\/livellamento-in-solitaria-del-pugnale-baruka\/\" target=\"_blank\" rel=\"noopener noreferrer\">Pugnale Baruka<\/a>, cupo e temibile. Ogni pezzo \u00e8 realizzato con cura e fedelt\u00e0. Queste repliche consentono di rivivere l'intensit\u00e0 del manhwa e dell'anime. In questo modo, ogni appassionato pu\u00f2 arricchire la propria collezione con autenticit\u00e0.<\/p>\n<p>Presto arriveranno altre novit\u00e0, come ad esempio il pugnale Rasaka's Fang e il pugnale Knight Killer, oltre ad altre sorprese.<\/p>","protected":false},"excerpt":{"rendered":"<p>Sublime Pugnale del Re Demondans Livellamento in solitaria<\/p>\n<ul>\n<li>Lama in acciaio inox 440 rosso bicolore<\/li>\n<li>Elsa in acciaio pieno a forma di testa di demone finemente dettagliata.<\/li>\n<li>Manico e pomo in acciaio massiccio ricoperto da una striscia di cotone marrone.<\/li>\n<li>Fornito con espositore in legno.<\/li>\n<li>Lunghezza lama: 38 cm - Lunghezza totale: 62 cm<\/li>\n<li>Peso del solo pugnale: 1100 g<\/li>\n<\/ul>","protected":false},"featured_media":94350,"template":"","meta":[],"product_brand":[896],"product_cat":[895],"product_tag":[],"class_list":{"0":"post-88402","1":"product","2":"type-product","3":"status-publish","4":"has-post-thumbnail","6":"product_brand-replique-manga-cine","7":"product_cat-solo-leveling","9":"first","10":"instock","11":"taxable","12":"shipping-taxable","13":"purchasable","14":"product-type-simple"},"yoast_head":"<!-- This site is optimized with the Yoast SEO plugin v27.4 - https:\/\/yoast.com\/product\/yoast-seo-wordpress\/ -->\n<title>Dague du Roi Demon - Solo Leveling - R\u00e9plique Manga Cin\u00e9<\/title>\n<meta name=\"description\" content=\"Offrez-vous la Dague du Roi D\u00e9mon en t\u00eate d\u00e9moniaque. Une r\u00e9plique Solo Leveling tout en m\u00e9tal, unique et sombre, id\u00e9ale pour fans et collectionneurs. 63cm\" \/>\n<meta name=\"robots\" content=\"index, follow, max-snippet:-1, max-image-preview:large, max-video-preview:-1\" \/>\n<link rel=\"canonical\" href=\"https:\/\/repliquemangacine.fr\/it\/livellamento-in-solitaria\/pugnale-del-re-demone-livellamento-in-solitaria\/\" \/>\n<meta property=\"og:locale\" content=\"it_IT\" \/>\n<meta property=\"og:type\" content=\"article\" \/>\n<meta property=\"og:title\" content=\"Dague du Roi Demon - Solo Leveling - R\u00e9plique Manga Cin\u00e9\" \/>\n<meta property=\"og:description\" content=\"Offrez-vous la Dague du Roi D\u00e9mon en t\u00eate d\u00e9moniaque. Une r\u00e9plique Solo Leveling tout en m\u00e9tal, unique et sombre, id\u00e9ale pour fans et collectionneurs. 63cm\" \/>\n<meta property=\"og:url\" content=\"https:\/\/repliquemangacine.fr\/it\/livellamento-in-solitaria\/pugnale-del-re-demone-livellamento-in-solitaria\/\" \/>\n<meta property=\"og:site_name\" content=\"R\u00e9plique Manga Cin\u00e9\" \/>\n<meta property=\"article:publisher\" content=\"https:\/\/www.facebook.com\/RepliqueMangaCine\" \/>\n<meta property=\"article:modified_time\" content=\"2026-03-31T17:14:39+00:00\" \/>\n<meta property=\"og:image\" content=\"https:\/\/repliquemangacine.fr\/wp-content\/uploads\/2025\/09\/Dague-du-roi-demon.jpg\" \/>\n\t<meta property=\"og:image:width\" content=\"800\" \/>\n\t<meta property=\"og:image:height\" content=\"800\" \/>\n\t<meta property=\"og:image:type\" content=\"image\/jpeg\" \/>\n<meta name=\"twitter:card\" content=\"summary_large_image\" \/>\n<meta name=\"twitter:label1\" content=\"Tempo di lettura stimato\" \/>\n\t<meta name=\"twitter:data1\" content=\"2 minuti\" \/>\n<script type=\"application\/ld+json\" class=\"yoast-schema-graph\">{\"@context\":\"https:\\\/\\\/schema.org\",\"@graph\":[{\"@type\":\"WebPage\",\"@id\":\"https:\\\/\\\/repliquemangacine.fr\\\/solo-leveling\\\/dague-du-roi-demon-solo-leveling\\\/\",\"url\":\"https:\\\/\\\/repliquemangacine.fr\\\/solo-leveling\\\/dague-du-roi-demon-solo-leveling\\\/\",\"name\":\"Dague du Roi Demon - Solo Leveling - R\u00e9plique Manga Cin\u00e9\",\"isPartOf\":{\"@id\":\"https:\\\/\\\/repliquemangacine.fr\\\/#website\"},\"primaryImageOfPage\":{\"@id\":\"https:\\\/\\\/repliquemangacine.fr\\\/solo-leveling\\\/dague-du-roi-demon-solo-leveling\\\/#primaryimage\"},\"image\":{\"@id\":\"https:\\\/\\\/repliquemangacine.fr\\\/solo-leveling\\\/dague-du-roi-demon-solo-leveling\\\/#primaryimage\"},\"thumbnailUrl\":\"https:\\\/\\\/repliquemangacine.fr\\\/wp-content\\\/uploads\\\/2025\\\/09\\\/Dague-du-roi-demon.jpg\",\"datePublished\":\"2025-09-16T12:48:43+00:00\",\"dateModified\":\"2026-03-31T17:14:39+00:00\",\"description\":\"Offrez-vous la Dague du Roi D\u00e9mon en t\u00eate d\u00e9moniaque. Une r\u00e9plique Solo Leveling tout en m\u00e9tal, unique et sombre, id\u00e9ale pour fans et collectionneurs. 63cm\",\"breadcrumb\":{\"@id\":\"https:\\\/\\\/repliquemangacine.fr\\\/solo-leveling\\\/dague-du-roi-demon-solo-leveling\\\/#breadcrumb\"},\"inLanguage\":\"it-IT\",\"potentialAction\":[{\"@type\":\"ReadAction\",\"target\":[\"https:\\\/\\\/repliquemangacine.fr\\\/solo-leveling\\\/dague-du-roi-demon-solo-leveling\\\/\"]}]},{\"@type\":\"ImageObject\",\"inLanguage\":\"it-IT\",\"@id\":\"https:\\\/\\\/repliquemangacine.fr\\\/solo-leveling\\\/dague-du-roi-demon-solo-leveling\\\/#primaryimage\",\"url\":\"https:\\\/\\\/repliquemangacine.fr\\\/wp-content\\\/uploads\\\/2025\\\/09\\\/Dague-du-roi-demon.jpg\",\"contentUrl\":\"https:\\\/\\\/repliquemangacine.fr\\\/wp-content\\\/uploads\\\/2025\\\/09\\\/Dague-du-roi-demon.jpg\",\"width\":800,\"height\":800,\"caption\":\"Dague du Roi D\u00e9mon Solo Leveling\"},{\"@type\":\"BreadcrumbList\",\"@id\":\"https:\\\/\\\/repliquemangacine.fr\\\/solo-leveling\\\/dague-du-roi-demon-solo-leveling\\\/#breadcrumb\",\"itemListElement\":[{\"@type\":\"ListItem\",\"position\":1,\"name\":\"Accueil\",\"item\":\"https:\\\/\\\/repliquemangacine.fr\\\/\"},{\"@type\":\"ListItem\",\"position\":2,\"name\":\"Produits\",\"item\":\"https:\\\/\\\/repliquemangacine.fr\\\/boutique\\\/\"},{\"@type\":\"ListItem\",\"position\":3,\"name\":\"Dague du Roi Demon\"}]},{\"@type\":\"WebSite\",\"@id\":\"https:\\\/\\\/repliquemangacine.fr\\\/#website\",\"url\":\"https:\\\/\\\/repliquemangacine.fr\\\/\",\"name\":\"R\u00e9plique Manga Cin\u00e9\",\"description\":\"\",\"publisher\":{\"@id\":\"https:\\\/\\\/repliquemangacine.fr\\\/#organization\"},\"potentialAction\":[{\"@type\":\"SearchAction\",\"target\":{\"@type\":\"EntryPoint\",\"urlTemplate\":\"https:\\\/\\\/repliquemangacine.fr\\\/?s={search_term_string}\"},\"query-input\":{\"@type\":\"PropertyValueSpecification\",\"valueRequired\":true,\"valueName\":\"search_term_string\"}}],\"inLanguage\":\"it-IT\"},{\"@type\":\"Organization\",\"@id\":\"https:\\\/\\\/repliquemangacine.fr\\\/#organization\",\"name\":\"R\u00e9plique Manga Cin\u00e9\",\"url\":\"https:\\\/\\\/repliquemangacine.fr\\\/\",\"logo\":{\"@type\":\"ImageObject\",\"inLanguage\":\"it-IT\",\"@id\":\"https:\\\/\\\/repliquemangacine.fr\\\/#\\\/schema\\\/logo\\\/image\\\/\",\"url\":\"https:\\\/\\\/repliquemangacine.fr\\\/wp-content\\\/uploads\\\/2023\\\/10\\\/RMC-500250.png\",\"contentUrl\":\"https:\\\/\\\/repliquemangacine.fr\\\/wp-content\\\/uploads\\\/2023\\\/10\\\/RMC-500250.png\",\"width\":500,\"height\":250,\"caption\":\"R\u00e9plique Manga Cin\u00e9\"},\"image\":{\"@id\":\"https:\\\/\\\/repliquemangacine.fr\\\/#\\\/schema\\\/logo\\\/image\\\/\"},\"sameAs\":[\"https:\\\/\\\/www.facebook.com\\\/RepliqueMangaCine\",\"https:\\\/\\\/www.instagram.com\\\/repliquemangacine.fr\\\/\"]}]}<\/script>\n<!-- \/ Yoast SEO plugin. -->","yoast_head_json":{"title":"Pugnale del Re Demone - Livellamento in solitaria - R\u00e9plique Manga Cin\u00e9","description":"Regalatevi il Pugnale del Re Demone con testa demoniaca. Una replica unica, oscura e interamente in metallo di Solo Leveling, ideale per i fan e i collezionisti. 63 cm","robots":{"index":"index","follow":"follow","max-snippet":"max-snippet:-1","max-image-preview":"max-image-preview:large","max-video-preview":"max-video-preview:-1"},"canonical":"https:\/\/repliquemangacine.fr\/it\/livellamento-in-solitaria\/pugnale-del-re-demone-livellamento-in-solitaria\/","og_locale":"it_IT","og_type":"article","og_title":"Dague du Roi Demon - Solo Leveling - R\u00e9plique Manga Cin\u00e9","og_description":"Offrez-vous la Dague du Roi D\u00e9mon en t\u00eate d\u00e9moniaque. Une r\u00e9plique Solo Leveling tout en m\u00e9tal, unique et sombre, id\u00e9ale pour fans et collectionneurs. 63cm","og_url":"https:\/\/repliquemangacine.fr\/it\/livellamento-in-solitaria\/pugnale-del-re-demone-livellamento-in-solitaria\/","og_site_name":"R\u00e9plique Manga Cin\u00e9","article_publisher":"https:\/\/www.facebook.com\/RepliqueMangaCine","article_modified_time":"2026-03-31T17:14:39+00:00","og_image":[{"width":800,"height":800,"url":"https:\/\/repliquemangacine.fr\/wp-content\/uploads\/2025\/09\/Dague-du-roi-demon.jpg","type":"image\/jpeg"}],"twitter_card":"summary_large_image","twitter_misc":{"Tempo di lettura stimato":"2 minuti"},"schema":{"@context":"https:\/\/schema.org","@graph":[{"@type":"WebPage","@id":"https:\/\/repliquemangacine.fr\/solo-leveling\/dague-du-roi-demon-solo-leveling\/","url":"https:\/\/repliquemangacine.fr\/solo-leveling\/dague-du-roi-demon-solo-leveling\/","name":"Pugnale del Re Demone - Livellamento in solitaria - R\u00e9plique Manga Cin\u00e9","isPartOf":{"@id":"https:\/\/repliquemangacine.fr\/#website"},"primaryImageOfPage":{"@id":"https:\/\/repliquemangacine.fr\/solo-leveling\/dague-du-roi-demon-solo-leveling\/#primaryimage"},"image":{"@id":"https:\/\/repliquemangacine.fr\/solo-leveling\/dague-du-roi-demon-solo-leveling\/#primaryimage"},"thumbnailUrl":"https:\/\/repliquemangacine.fr\/wp-content\/uploads\/2025\/09\/Dague-du-roi-demon.jpg","datePublished":"2025-09-16T12:48:43+00:00","dateModified":"2026-03-31T17:14:39+00:00","description":"Regalatevi il Pugnale del Re Demone con testa demoniaca. Una replica unica, oscura e interamente in metallo di Solo Leveling, ideale per i fan e i collezionisti. 63 cm","breadcrumb":{"@id":"https:\/\/repliquemangacine.fr\/solo-leveling\/dague-du-roi-demon-solo-leveling\/#breadcrumb"},"inLanguage":"it-IT","potentialAction":[{"@type":"ReadAction","target":["https:\/\/repliquemangacine.fr\/solo-leveling\/dague-du-roi-demon-solo-leveling\/"]}]},{"@type":"ImageObject","inLanguage":"it-IT","@id":"https:\/\/repliquemangacine.fr\/solo-leveling\/dague-du-roi-demon-solo-leveling\/#primaryimage","url":"https:\/\/repliquemangacine.fr\/wp-content\/uploads\/2025\/09\/Dague-du-roi-demon.jpg","contentUrl":"https:\/\/repliquemangacine.fr\/wp-content\/uploads\/2025\/09\/Dague-du-roi-demon.jpg","width":800,"height":800,"caption":"Dague du Roi D\u00e9mon Solo Leveling"},{"@type":"BreadcrumbList","@id":"https:\/\/repliquemangacine.fr\/solo-leveling\/dague-du-roi-demon-solo-leveling\/#breadcrumb","itemListElement":[{"@type":"ListItem","position":1,"name":"Accueil","item":"https:\/\/repliquemangacine.fr\/"},{"@type":"ListItem","position":2,"name":"Produits","item":"https:\/\/repliquemangacine.fr\/boutique\/"},{"@type":"ListItem","position":3,"name":"Dague du Roi Demon"}]},{"@type":"WebSite","@id":"https:\/\/repliquemangacine.fr\/#website","url":"https:\/\/repliquemangacine.fr\/","name":"R\u00e9plique Manga Cin\u00e9","description":"","publisher":{"@id":"https:\/\/repliquemangacine.fr\/#organization"},"potentialAction":[{"@type":"SearchAction","target":{"@type":"EntryPoint","urlTemplate":"https:\/\/repliquemangacine.fr\/?s={search_term_string}"},"query-input":{"@type":"PropertyValueSpecification","valueRequired":true,"valueName":"search_term_string"}}],"inLanguage":"it-IT"},{"@type":"Organization","@id":"https:\/\/repliquemangacine.fr\/#organization","name":"R\u00e9plique Manga Cin\u00e9","url":"https:\/\/repliquemangacine.fr\/","logo":{"@type":"ImageObject","inLanguage":"it-IT","@id":"https:\/\/repliquemangacine.fr\/#\/schema\/logo\/image\/","url":"https:\/\/repliquemangacine.fr\/wp-content\/uploads\/2023\/10\/RMC-500250.png","contentUrl":"https:\/\/repliquemangacine.fr\/wp-content\/uploads\/2023\/10\/RMC-500250.png","width":500,"height":250,"caption":"R\u00e9plique Manga Cin\u00e9"},"image":{"@id":"https:\/\/repliquemangacine.fr\/#\/schema\/logo\/image\/"},"sameAs":["https:\/\/www.facebook.com\/RepliqueMangaCine","https:\/\/www.instagram.com\/repliquemangacine.fr\/"]}]}},"_links":{"self":[{"href":"https:\/\/repliquemangacine.fr\/it\/wp-json\/wp\/v2\/product\/88402","targetHints":{"allow":["GET"]}}],"collection":[{"href":"https:\/\/repliquemangacine.fr\/it\/wp-json\/wp\/v2\/product"}],"about":[{"href":"https:\/\/repliquemangacine.fr\/it\/wp-json\/wp\/v2\/types\/product"}],"wp:featuredmedia":[{"embeddable":true,"href":"https:\/\/repliquemangacine.fr\/it\/wp-json\/wp\/v2\/media\/94350"}],"wp:attachment":[{"href":"https:\/\/repliquemangacine.fr\/it\/wp-json\/wp\/v2\/media?parent=88402"}],"wp:term":[{"taxonomy":"product_brand","embeddable":true,"href":"https:\/\/repliquemangacine.fr\/it\/wp-json\/wp\/v2\/product_brand?post=88402"},{"taxonomy":"product_cat","embeddable":true,"href":"https:\/\/repliquemangacine.fr\/it\/wp-json\/wp\/v2\/product_cat?post=88402"},{"taxonomy":"product_tag","embeddable":true,"href":"https:\/\/repliquemangacine.fr\/it\/wp-json\/wp\/v2\/product_tag?post=88402"}],"curies":[{"name":"wp","href":"https:\/\/api.w.org\/{rel}","templated":true}]}}