





{"id":88401,"date":"2025-09-16T14:57:02","date_gmt":"2025-09-16T12:57:02","guid":{"rendered":"https:\/\/repliquemangacine.fr\/?post_type=product&#038;p=88401"},"modified":"2025-12-13T18:33:02","modified_gmt":"2025-12-13T17:33:02","slug":"coltello-pieghevole-in-rame-sck","status":"publish","type":"product","link":"https:\/\/repliquemangacine.fr\/it\/coutellerie\/couteau-pliant-sck-cuivre\/","title":{"rendered":"Coltello pieghevole SCK Rame"},"content":{"rendered":"<h2>Specifiche dettagliate del coltello pieghevole SCK Copper<\/h2>\n<p>Cominciamo con l'esaminare il coltello pieghevole SCK rame, che si distingue per la sua lama in acciaio inossidabile.<br \/>\nIl manico in metallo color bronzo presenta motivi scolpiti che garantiscono una presa ottimale e un design unico.<br \/>\nDotato di una robusta clip da cintura, che consente un trasporto facile, sicuro e discreto nella vita quotidiana.<br \/>\nIl sistema di apertura rapida garantisce un utilizzo pratico, con una lama ricurva che ricorda gli artigli degli animali.<br \/>\nUna volta aperta, \u00e8 protetta da un <a href=\"https:\/\/en.wikipedia.org\/wiki\/Liner_lock#:~:text=A%20Linerlock%20is%20a%20folding,the%20knife%20in%20the%20hand.\" target=\"_blank\" rel=\"noopener noreferrer\">Blocco della fodera<\/a> (blocco interno sul lato del manico) che impedisce qualsiasi chiusura accidentale.<br \/>\nIl suo design pieghevole garantisce una conservazione semplice e compatta, perfetta per gli appassionati di coltelleria.<br \/>\nQuesto modello firmato SCK unisce solidit\u00e0 ed estetica, rendendolo uno strumento affidabile, pratico e soprattutto un vero e proprio oggetto da collezione unico nel suo genere.<\/p>\n<h2>L'importanza e le caratteristiche di questo coltello<\/h2>\n<p>Il coltello pieghevole SCK rame non \u00e8 un semplice accessorio, ma un pezzo unico che unisce stile, efficienza e robustezza.<br \/>\nLa sua lama ricurva attira immediatamente l'attenzione, richiamando alla mente il mondo delle lame tattiche moderne e delle armi ispirate agli eroi immaginari.<br \/>\nDiventa un simbolo di potenza e originalit\u00e0, perfetto per completare una collezione o accompagnare un appassionato di coltelli unici.<br \/>\nGrazie alle sue finiture in bronzo e al suo meccanismo fluido, si impone come un coltello eccezionale che si apprezza a lungo.<\/p>\n<h2>Altri prodotti disponibili su R\u00e9plique Manga Cin\u00e9<\/h2>\n<p>Oltre a questo coltello pieghevole SCK, il <strong>R\u00e9plique Manga Cin\u00e9<\/strong> offre un'ampia selezione di articoli unici, imperdibili e appassionanti.<br \/>\nTroverete katana ispirate a One Piece, Naruto, <a href=\"https:\/\/repliquemangacine.fr\/it\/katana-uccisore-di-demoni\/\" target=\"_blank\" rel=\"noopener noreferrer\">Ammazzademoni<\/a>, Bleach o Sword Art Online, perfetti per i collezionisti appassionati.<br \/>\nInfine, gli appassionati di cinema potranno scoprire repliche iconiche come la spada del Signore degli Anelli, <a href=\"https:\/\/repliquemangacine.fr\/it\/coltelli-rambo-pugnale-john-rambo\/\" target=\"_blank\" rel=\"noopener noreferrer\">Coltello di Rambo<\/a> o altre opere di culto.<br \/>\n<strong>R\u00e9plique Manga Cin\u00e9<\/strong> offre anche riproduzioni di armi storiche, dalle spade antiche alle sciabole medievali e alle armi della seconda guerra mondiale.<br \/>\nInfine, gli appassionati di western saranno entusiasti dei colt, dei winchester, delle fondine e dei distintivi da sceriffo riprodotti fedelmente e selezionati con cura.<\/p>\n<p><strong>\u26a0\ufe0f Vendita vietata ai minori. Dopo l'ordine potrebbe essere richiesta una verifica dell'identit\u00e0 per confermare la maggiore et\u00e0 dell'acquirente.<\/strong><\/p>","protected":false},"excerpt":{"rendered":"<p><strong>Specifiche tecniche :<\/strong><\/p>\n<ul>\n<li style=\"list-style-type: none;\">\n<ul>\n<li>Marchio : SCK<\/li>\n<li>Tipo : Coltello pieghevole manuale (apertura assistita a pinna)<\/li>\n<li>Lama: acciaio inossidabile<\/li>\n<li>Lunghezza della lama: circa 9 cm<\/li>\n<li>Manico: manico in metallo color bronzo con motivi scolpiti<\/li>\n<li>Clip da cintura: S\u00ec<\/li>\n<li>Lunghezza aperta: 20,5 cm<\/li>\n<\/ul>\n<\/li>\n<\/ul>\n<p>Lunghezza della lama: 9 cm<\/p>\n<ul>\n<li>Peso: 219 grammi<\/li>\n<\/ul>","protected":false},"featured_media":88403,"template":"","meta":[],"product_brand":[896],"product_cat":[891,886,884],"product_tag":[],"class_list":{"0":"post-88401","1":"product","2":"type-product","3":"status-publish","4":"has-post-thumbnail","6":"product_brand-replique-manga-cine","7":"product_cat-couteaux-automatiques","8":"product_cat-couteaux-de-poche","9":"product_cat-coutellerie","11":"first","12":"instock","13":"taxable","14":"shipping-taxable","15":"purchasable","16":"product-type-simple"},"yoast_head":"<!-- This site is optimized with the Yoast SEO plugin v27.4 - https:\/\/yoast.com\/product\/yoast-seo-wordpress\/ -->\n<title>Couteau pliant SCK Cuivre - R\u00e9plique Manga Cin\u00e9<\/title>\n<meta name=\"description\" content=\"Le couteau pliant SCK Cuivre allie \u00e9l\u00e9gance et robustesse, un design unique id\u00e9al pour les passionn\u00e9s de coutellerie et collectionneurs exigeants.\" \/>\n<meta name=\"robots\" content=\"index, follow, max-snippet:-1, max-image-preview:large, max-video-preview:-1\" \/>\n<link rel=\"canonical\" href=\"https:\/\/repliquemangacine.fr\/it\/posate\/coltello-pieghevole-in-rame-sck\/\" \/>\n<meta property=\"og:locale\" content=\"it_IT\" \/>\n<meta property=\"og:type\" content=\"article\" \/>\n<meta property=\"og:title\" content=\"Couteau pliant SCK Cuivre - R\u00e9plique Manga Cin\u00e9\" \/>\n<meta property=\"og:description\" content=\"Le couteau pliant SCK Cuivre allie \u00e9l\u00e9gance et robustesse, un design unique id\u00e9al pour les passionn\u00e9s de coutellerie et collectionneurs exigeants.\" \/>\n<meta property=\"og:url\" content=\"https:\/\/repliquemangacine.fr\/it\/posate\/coltello-pieghevole-in-rame-sck\/\" \/>\n<meta property=\"og:site_name\" content=\"R\u00e9plique Manga Cin\u00e9\" \/>\n<meta property=\"article:publisher\" content=\"https:\/\/www.facebook.com\/RepliqueMangaCine\" \/>\n<meta property=\"article:modified_time\" content=\"2025-12-13T17:33:02+00:00\" \/>\n<meta property=\"og:image\" content=\"https:\/\/repliquemangacine.fr\/wp-content\/uploads\/2025\/09\/Couteau-de-poche-Pliant-SCK.jpg\" \/>\n\t<meta property=\"og:image:width\" content=\"700\" \/>\n\t<meta property=\"og:image:height\" content=\"700\" \/>\n\t<meta property=\"og:image:type\" content=\"image\/jpeg\" \/>\n<meta name=\"twitter:card\" content=\"summary_large_image\" \/>\n<meta name=\"twitter:label1\" content=\"Tempo di lettura stimato\" \/>\n\t<meta name=\"twitter:data1\" content=\"3 minuti\" \/>\n<script type=\"application\/ld+json\" class=\"yoast-schema-graph\">{\"@context\":\"https:\\\/\\\/schema.org\",\"@graph\":[{\"@type\":\"WebPage\",\"@id\":\"https:\\\/\\\/repliquemangacine.fr\\\/coutellerie\\\/couteau-pliant-sck-cuivre\\\/\",\"url\":\"https:\\\/\\\/repliquemangacine.fr\\\/coutellerie\\\/couteau-pliant-sck-cuivre\\\/\",\"name\":\"Couteau pliant SCK Cuivre - R\u00e9plique Manga Cin\u00e9\",\"isPartOf\":{\"@id\":\"https:\\\/\\\/repliquemangacine.fr\\\/#website\"},\"primaryImageOfPage\":{\"@id\":\"https:\\\/\\\/repliquemangacine.fr\\\/coutellerie\\\/couteau-pliant-sck-cuivre\\\/#primaryimage\"},\"image\":{\"@id\":\"https:\\\/\\\/repliquemangacine.fr\\\/coutellerie\\\/couteau-pliant-sck-cuivre\\\/#primaryimage\"},\"thumbnailUrl\":\"https:\\\/\\\/repliquemangacine.fr\\\/wp-content\\\/uploads\\\/2025\\\/09\\\/Couteau-de-poche-Pliant-SCK.jpg\",\"datePublished\":\"2025-09-16T12:57:02+00:00\",\"dateModified\":\"2025-12-13T17:33:02+00:00\",\"description\":\"Le couteau pliant SCK Cuivre allie \u00e9l\u00e9gance et robustesse, un design unique id\u00e9al pour les passionn\u00e9s de coutellerie et collectionneurs exigeants.\",\"breadcrumb\":{\"@id\":\"https:\\\/\\\/repliquemangacine.fr\\\/coutellerie\\\/couteau-pliant-sck-cuivre\\\/#breadcrumb\"},\"inLanguage\":\"it-IT\",\"potentialAction\":[{\"@type\":\"ReadAction\",\"target\":[\"https:\\\/\\\/repliquemangacine.fr\\\/coutellerie\\\/couteau-pliant-sck-cuivre\\\/\"]}]},{\"@type\":\"ImageObject\",\"inLanguage\":\"it-IT\",\"@id\":\"https:\\\/\\\/repliquemangacine.fr\\\/coutellerie\\\/couteau-pliant-sck-cuivre\\\/#primaryimage\",\"url\":\"https:\\\/\\\/repliquemangacine.fr\\\/wp-content\\\/uploads\\\/2025\\\/09\\\/Couteau-de-poche-Pliant-SCK.jpg\",\"contentUrl\":\"https:\\\/\\\/repliquemangacine.fr\\\/wp-content\\\/uploads\\\/2025\\\/09\\\/Couteau-de-poche-Pliant-SCK.jpg\",\"width\":700,\"height\":700,\"caption\":\"Couteau-de-poche-Pliant-SCK\"},{\"@type\":\"BreadcrumbList\",\"@id\":\"https:\\\/\\\/repliquemangacine.fr\\\/coutellerie\\\/couteau-pliant-sck-cuivre\\\/#breadcrumb\",\"itemListElement\":[{\"@type\":\"ListItem\",\"position\":1,\"name\":\"Accueil\",\"item\":\"https:\\\/\\\/repliquemangacine.fr\\\/\"},{\"@type\":\"ListItem\",\"position\":2,\"name\":\"Produits\",\"item\":\"https:\\\/\\\/repliquemangacine.fr\\\/boutique\\\/\"},{\"@type\":\"ListItem\",\"position\":3,\"name\":\"Couteau pliant SCK Cuivre\"}]},{\"@type\":\"WebSite\",\"@id\":\"https:\\\/\\\/repliquemangacine.fr\\\/#website\",\"url\":\"https:\\\/\\\/repliquemangacine.fr\\\/\",\"name\":\"R\u00e9plique Manga Cin\u00e9\",\"description\":\"\",\"publisher\":{\"@id\":\"https:\\\/\\\/repliquemangacine.fr\\\/#organization\"},\"potentialAction\":[{\"@type\":\"SearchAction\",\"target\":{\"@type\":\"EntryPoint\",\"urlTemplate\":\"https:\\\/\\\/repliquemangacine.fr\\\/?s={search_term_string}\"},\"query-input\":{\"@type\":\"PropertyValueSpecification\",\"valueRequired\":true,\"valueName\":\"search_term_string\"}}],\"inLanguage\":\"it-IT\"},{\"@type\":\"Organization\",\"@id\":\"https:\\\/\\\/repliquemangacine.fr\\\/#organization\",\"name\":\"R\u00e9plique Manga Cin\u00e9\",\"url\":\"https:\\\/\\\/repliquemangacine.fr\\\/\",\"logo\":{\"@type\":\"ImageObject\",\"inLanguage\":\"it-IT\",\"@id\":\"https:\\\/\\\/repliquemangacine.fr\\\/#\\\/schema\\\/logo\\\/image\\\/\",\"url\":\"https:\\\/\\\/repliquemangacine.fr\\\/wp-content\\\/uploads\\\/2023\\\/10\\\/RMC-500250.png\",\"contentUrl\":\"https:\\\/\\\/repliquemangacine.fr\\\/wp-content\\\/uploads\\\/2023\\\/10\\\/RMC-500250.png\",\"width\":500,\"height\":250,\"caption\":\"R\u00e9plique Manga Cin\u00e9\"},\"image\":{\"@id\":\"https:\\\/\\\/repliquemangacine.fr\\\/#\\\/schema\\\/logo\\\/image\\\/\"},\"sameAs\":[\"https:\\\/\\\/www.facebook.com\\\/RepliqueMangaCine\",\"https:\\\/\\\/www.instagram.com\\\/repliquemangacine.fr\\\/\"]}]}<\/script>\n<!-- \/ Yoast SEO plugin. -->","yoast_head_json":{"title":"SCK Coltello pieghevole in rame - R\u00e9plique Manga Cin\u00e9","description":"Il coltello pieghevole SCK Cuivre unisce eleganza e robustezza in un design unico, ideale per gli appassionati di coltelleria e i collezionisti pi\u00f9 esigenti.","robots":{"index":"index","follow":"follow","max-snippet":"max-snippet:-1","max-image-preview":"max-image-preview:large","max-video-preview":"max-video-preview:-1"},"canonical":"https:\/\/repliquemangacine.fr\/it\/posate\/coltello-pieghevole-in-rame-sck\/","og_locale":"it_IT","og_type":"article","og_title":"Couteau pliant SCK Cuivre - R\u00e9plique Manga Cin\u00e9","og_description":"Le couteau pliant SCK Cuivre allie \u00e9l\u00e9gance et robustesse, un design unique id\u00e9al pour les passionn\u00e9s de coutellerie et collectionneurs exigeants.","og_url":"https:\/\/repliquemangacine.fr\/it\/posate\/coltello-pieghevole-in-rame-sck\/","og_site_name":"R\u00e9plique Manga Cin\u00e9","article_publisher":"https:\/\/www.facebook.com\/RepliqueMangaCine","article_modified_time":"2025-12-13T17:33:02+00:00","og_image":[{"width":700,"height":700,"url":"https:\/\/repliquemangacine.fr\/wp-content\/uploads\/2025\/09\/Couteau-de-poche-Pliant-SCK.jpg","type":"image\/jpeg"}],"twitter_card":"summary_large_image","twitter_misc":{"Tempo di lettura stimato":"3 minuti"},"schema":{"@context":"https:\/\/schema.org","@graph":[{"@type":"WebPage","@id":"https:\/\/repliquemangacine.fr\/coutellerie\/couteau-pliant-sck-cuivre\/","url":"https:\/\/repliquemangacine.fr\/coutellerie\/couteau-pliant-sck-cuivre\/","name":"SCK Coltello pieghevole in rame - R\u00e9plique Manga Cin\u00e9","isPartOf":{"@id":"https:\/\/repliquemangacine.fr\/#website"},"primaryImageOfPage":{"@id":"https:\/\/repliquemangacine.fr\/coutellerie\/couteau-pliant-sck-cuivre\/#primaryimage"},"image":{"@id":"https:\/\/repliquemangacine.fr\/coutellerie\/couteau-pliant-sck-cuivre\/#primaryimage"},"thumbnailUrl":"https:\/\/repliquemangacine.fr\/wp-content\/uploads\/2025\/09\/Couteau-de-poche-Pliant-SCK.jpg","datePublished":"2025-09-16T12:57:02+00:00","dateModified":"2025-12-13T17:33:02+00:00","description":"Il coltello pieghevole SCK Cuivre unisce eleganza e robustezza in un design unico, ideale per gli appassionati di coltelleria e i collezionisti pi\u00f9 esigenti.","breadcrumb":{"@id":"https:\/\/repliquemangacine.fr\/coutellerie\/couteau-pliant-sck-cuivre\/#breadcrumb"},"inLanguage":"it-IT","potentialAction":[{"@type":"ReadAction","target":["https:\/\/repliquemangacine.fr\/coutellerie\/couteau-pliant-sck-cuivre\/"]}]},{"@type":"ImageObject","inLanguage":"it-IT","@id":"https:\/\/repliquemangacine.fr\/coutellerie\/couteau-pliant-sck-cuivre\/#primaryimage","url":"https:\/\/repliquemangacine.fr\/wp-content\/uploads\/2025\/09\/Couteau-de-poche-Pliant-SCK.jpg","contentUrl":"https:\/\/repliquemangacine.fr\/wp-content\/uploads\/2025\/09\/Couteau-de-poche-Pliant-SCK.jpg","width":700,"height":700,"caption":"Couteau-de-poche-Pliant-SCK"},{"@type":"BreadcrumbList","@id":"https:\/\/repliquemangacine.fr\/coutellerie\/couteau-pliant-sck-cuivre\/#breadcrumb","itemListElement":[{"@type":"ListItem","position":1,"name":"Accueil","item":"https:\/\/repliquemangacine.fr\/"},{"@type":"ListItem","position":2,"name":"Produits","item":"https:\/\/repliquemangacine.fr\/boutique\/"},{"@type":"ListItem","position":3,"name":"Couteau pliant SCK Cuivre"}]},{"@type":"WebSite","@id":"https:\/\/repliquemangacine.fr\/#website","url":"https:\/\/repliquemangacine.fr\/","name":"R\u00e9plique Manga Cin\u00e9","description":"","publisher":{"@id":"https:\/\/repliquemangacine.fr\/#organization"},"potentialAction":[{"@type":"SearchAction","target":{"@type":"EntryPoint","urlTemplate":"https:\/\/repliquemangacine.fr\/?s={search_term_string}"},"query-input":{"@type":"PropertyValueSpecification","valueRequired":true,"valueName":"search_term_string"}}],"inLanguage":"it-IT"},{"@type":"Organization","@id":"https:\/\/repliquemangacine.fr\/#organization","name":"R\u00e9plique Manga Cin\u00e9","url":"https:\/\/repliquemangacine.fr\/","logo":{"@type":"ImageObject","inLanguage":"it-IT","@id":"https:\/\/repliquemangacine.fr\/#\/schema\/logo\/image\/","url":"https:\/\/repliquemangacine.fr\/wp-content\/uploads\/2023\/10\/RMC-500250.png","contentUrl":"https:\/\/repliquemangacine.fr\/wp-content\/uploads\/2023\/10\/RMC-500250.png","width":500,"height":250,"caption":"R\u00e9plique Manga Cin\u00e9"},"image":{"@id":"https:\/\/repliquemangacine.fr\/#\/schema\/logo\/image\/"},"sameAs":["https:\/\/www.facebook.com\/RepliqueMangaCine","https:\/\/www.instagram.com\/repliquemangacine.fr\/"]}]}},"_links":{"self":[{"href":"https:\/\/repliquemangacine.fr\/it\/wp-json\/wp\/v2\/product\/88401","targetHints":{"allow":["GET"]}}],"collection":[{"href":"https:\/\/repliquemangacine.fr\/it\/wp-json\/wp\/v2\/product"}],"about":[{"href":"https:\/\/repliquemangacine.fr\/it\/wp-json\/wp\/v2\/types\/product"}],"wp:featuredmedia":[{"embeddable":true,"href":"https:\/\/repliquemangacine.fr\/it\/wp-json\/wp\/v2\/media\/88403"}],"wp:attachment":[{"href":"https:\/\/repliquemangacine.fr\/it\/wp-json\/wp\/v2\/media?parent=88401"}],"wp:term":[{"taxonomy":"product_brand","embeddable":true,"href":"https:\/\/repliquemangacine.fr\/it\/wp-json\/wp\/v2\/product_brand?post=88401"},{"taxonomy":"product_cat","embeddable":true,"href":"https:\/\/repliquemangacine.fr\/it\/wp-json\/wp\/v2\/product_cat?post=88401"},{"taxonomy":"product_tag","embeddable":true,"href":"https:\/\/repliquemangacine.fr\/it\/wp-json\/wp\/v2\/product_tag?post=88401"}],"curies":[{"name":"wp","href":"https:\/\/api.w.org\/{rel}","templated":true}]}}