





{"id":88362,"date":"2025-09-14T16:26:55","date_gmt":"2025-09-14T14:26:55","guid":{"rendered":"https:\/\/repliquemangacine.fr\/?post_type=product&#038;p=88362"},"modified":"2026-04-23T12:35:09","modified_gmt":"2026-04-23T10:35:09","slug":"livellamento-in-solitaria-del-pugnale-baruka","status":"publish","type":"product","link":"https:\/\/repliquemangacine.fr\/it\/solo-leveling\/dague-de-baruka-solo-leveling\/","title":{"rendered":"Pugnale di livellamento Baruka Solo"},"content":{"rendered":"<h2>Livellamento in solitaria del Pugnale di Baruka<\/h2>\n<p>Prima di tutto, immergetevi nell'oscuro mondo del Solo Leveling con questa fedele replica del pugnale di Baruka. Capo degli Elfi del Ghiaccio e formidabile avversario di <a href=\"https:\/\/solo-leveling.fandom.com\/wiki\/Sung_Jinwoo\" target=\"_blank\" rel=\"noopener noreferrer\">Sung Jin-Woo<\/a>, Baruka maneggiava quest'arma con una maestria spaventosa. Dopo la sua morte, fu Jin-Woo stesso a renderla una delle sue armi principali prima di ottenere i pugnali del Re Demone.<\/p>\n<p>Questo pugnale, realizzato in acciaio inossidabile 440, offre un risultato autentico e resistente. La sua lama ricurva \u00e8 inconfondibile. Impreziosito da una guardia e da un pomello in ABS blu, riprende il design originale del manhwa.  Questo pezzo unico vi permette infatti di rivivere questi mitici scontri e completa la vostra collezione con una replica degna dei pi\u00f9 grandi fan.<\/p>\n<h2>Baruka, l'elfo dei ghiacci con il pugnale leggendario<\/h2>\n<p>Essendo un elfo del ghiaccio, Baruka aveva capelli bianchi come la neve. Pelle blu, occhi bianchi, sorriso crudele, unghie nere e un motivo di foglie viola sulla fronte. Indossava anche un cappello peloso bianco e blu.<\/p>\n<p>Come il resto della sua trib\u00f9, Baruka era egocentrico e sadico. Si vantava spesso della sua forza superiore e della sua abilit\u00e0 in combattimento durante la battaglia. Provava grande gioia nell'uccidere gli umani. Era anche molto intelligente per essere una bestia magica. Dopo averlo conosciuto solo per pochi minuti, cap\u00ec che Sung Jinwoo non era completamente umano.<br \/>\nCome bestia magica di rango S in un dungeon della Porta Rossa, Baruka era cos\u00ec potente che Jinwoo riconobbe che non avrebbe mai potuto sconfiggerlo da solo e ci riusc\u00ec solo dopo aver sconfitto l'elfo del ghiaccio con le sue ombre pi\u00f9 potenti dell'epoca, Igris e Iron.<\/p>\n<h2>Repliche di livellamento in solitaria disponibili su RMC<\/h2>\n<p>R\u00e9plique Manga Cin\u00e9 offre una selezione unica di repliche di Solo Leveling. Troverete i famosi <a href=\"https:\/\/repliquemangacine.fr\/it\/nuovi-prodotti\/pugnale-moonshadow-livellamento-in-solitaria\/\" target=\"_blank\" rel=\"noopener noreferrer\">Pugnale Moonshadow<\/a> di Sung Jinwoo. Quest'arma mitica illustra perfettamente il suo stile rapido e preciso. Anche i Demon King's Daggers fanno parte delle novit\u00e0 disponibili. Ogni pezzo \u00e8 stato progettato con cura per riflettere lo spirito del manhwa.<\/p>\n<p>Ogni novit\u00e0 \u00e8 scelta per la sua fedelt\u00e0 e qualit\u00e0 di riproduzione. Proponiamo repliche tratte dai pi\u00f9 grandi manga, videogiochi e film cult. Grazie a queste armi emblematiche, i collezionisti arricchiscono le loro vetrine con pezzi unici.<\/p>","protected":false},"excerpt":{"rendered":"<p>Superba replica del Pugnale di Baruka in Livellamento in solitaria<\/p>\n<ul>\n<li>Lama in acciaio inossidabile 440 appositamente sagomata.<\/li>\n<li>Protezione e pomolo in ABS blu dal design speciale.<\/li>\n<li>Manico rivestito in ABS marrone sagomato e rigato per una buona presa.<\/li>\n<li>Fornito con supporto di presentazione<\/li>\n<li>Lunghezza lama: 59 cm con curva<\/li>\n<li>Lunghezza totale: 69 cm<\/li>\n<\/ul>\n<p>&nbsp;<\/p>\n<p>&nbsp;<\/p>","protected":false},"featured_media":88365,"template":"","meta":[],"product_brand":[896],"product_cat":[895],"product_tag":[],"class_list":{"0":"post-88362","1":"product","2":"type-product","3":"status-publish","4":"has-post-thumbnail","6":"product_brand-replique-manga-cine","7":"product_cat-solo-leveling","9":"first","10":"instock","11":"taxable","12":"shipping-taxable","13":"purchasable","14":"product-type-simple"},"yoast_head":"<!-- This site is optimized with the Yoast SEO plugin v27.5 - https:\/\/yoast.com\/product\/yoast-seo-wordpress\/ -->\n<title>Dague de Baruka Solo Leveling - R\u00e9plique Manga Cin\u00e9<\/title>\n<meta name=\"description\" content=\"R\u00e9plique fid\u00e8le de la dague de Baruka dans Solo Leveling, en acier inoxydable 440 avec support. Id\u00e9al collectionneurs, cosplay et fans du manhwa. 69 cm.\" \/>\n<meta name=\"robots\" content=\"index, follow, max-snippet:-1, max-image-preview:large, max-video-preview:-1\" \/>\n<link rel=\"canonical\" href=\"https:\/\/repliquemangacine.fr\/it\/livellamento-in-solitaria\/livellamento-in-solitaria-del-pugnale-baruka\/\" \/>\n<meta property=\"og:locale\" content=\"it_IT\" \/>\n<meta property=\"og:type\" content=\"article\" \/>\n<meta property=\"og:title\" content=\"Dague de Baruka Solo Leveling - R\u00e9plique Manga Cin\u00e9\" \/>\n<meta property=\"og:description\" content=\"R\u00e9plique fid\u00e8le de la dague de Baruka dans Solo Leveling, en acier inoxydable 440 avec support. Id\u00e9al collectionneurs, cosplay et fans du manhwa. 69 cm.\" \/>\n<meta property=\"og:url\" content=\"https:\/\/repliquemangacine.fr\/it\/livellamento-in-solitaria\/livellamento-in-solitaria-del-pugnale-baruka\/\" \/>\n<meta property=\"og:site_name\" content=\"R\u00e9plique Manga Cin\u00e9\" \/>\n<meta property=\"article:publisher\" content=\"https:\/\/www.facebook.com\/RepliqueMangaCine\" \/>\n<meta property=\"article:modified_time\" content=\"2026-04-23T10:35:09+00:00\" \/>\n<meta property=\"og:image\" content=\"https:\/\/repliquemangacine.fr\/wp-content\/uploads\/2025\/09\/Dague-Baruka-Solo-Leveling.jpg\" \/>\n\t<meta property=\"og:image:width\" content=\"700\" \/>\n\t<meta property=\"og:image:height\" content=\"700\" \/>\n\t<meta property=\"og:image:type\" content=\"image\/jpeg\" \/>\n<meta name=\"twitter:card\" content=\"summary_large_image\" \/>\n<meta name=\"twitter:label1\" content=\"Tempo di lettura stimato\" \/>\n\t<meta name=\"twitter:data1\" content=\"3 minuti\" \/>\n<script type=\"application\/ld+json\" class=\"yoast-schema-graph\">{\"@context\":\"https:\\\/\\\/schema.org\",\"@graph\":[{\"@type\":\"WebPage\",\"@id\":\"https:\\\/\\\/repliquemangacine.fr\\\/solo-leveling\\\/dague-de-baruka-solo-leveling\\\/\",\"url\":\"https:\\\/\\\/repliquemangacine.fr\\\/solo-leveling\\\/dague-de-baruka-solo-leveling\\\/\",\"name\":\"Dague de Baruka Solo Leveling - R\u00e9plique Manga Cin\u00e9\",\"isPartOf\":{\"@id\":\"https:\\\/\\\/repliquemangacine.fr\\\/#website\"},\"primaryImageOfPage\":{\"@id\":\"https:\\\/\\\/repliquemangacine.fr\\\/solo-leveling\\\/dague-de-baruka-solo-leveling\\\/#primaryimage\"},\"image\":{\"@id\":\"https:\\\/\\\/repliquemangacine.fr\\\/solo-leveling\\\/dague-de-baruka-solo-leveling\\\/#primaryimage\"},\"thumbnailUrl\":\"https:\\\/\\\/repliquemangacine.fr\\\/wp-content\\\/uploads\\\/2025\\\/09\\\/Dague-Baruka-Solo-Leveling.jpg\",\"datePublished\":\"2025-09-14T14:26:55+00:00\",\"dateModified\":\"2026-04-23T10:35:09+00:00\",\"description\":\"R\u00e9plique fid\u00e8le de la dague de Baruka dans Solo Leveling, en acier inoxydable 440 avec support. Id\u00e9al collectionneurs, cosplay et fans du manhwa. 69 cm.\",\"breadcrumb\":{\"@id\":\"https:\\\/\\\/repliquemangacine.fr\\\/solo-leveling\\\/dague-de-baruka-solo-leveling\\\/#breadcrumb\"},\"inLanguage\":\"it-IT\",\"potentialAction\":[{\"@type\":\"ReadAction\",\"target\":[\"https:\\\/\\\/repliquemangacine.fr\\\/solo-leveling\\\/dague-de-baruka-solo-leveling\\\/\"]}]},{\"@type\":\"ImageObject\",\"inLanguage\":\"it-IT\",\"@id\":\"https:\\\/\\\/repliquemangacine.fr\\\/solo-leveling\\\/dague-de-baruka-solo-leveling\\\/#primaryimage\",\"url\":\"https:\\\/\\\/repliquemangacine.fr\\\/wp-content\\\/uploads\\\/2025\\\/09\\\/Dague-Baruka-Solo-Leveling.jpg\",\"contentUrl\":\"https:\\\/\\\/repliquemangacine.fr\\\/wp-content\\\/uploads\\\/2025\\\/09\\\/Dague-Baruka-Solo-Leveling.jpg\",\"width\":700,\"height\":700,\"caption\":\"Dague de Baruka Solo Leveling\"},{\"@type\":\"BreadcrumbList\",\"@id\":\"https:\\\/\\\/repliquemangacine.fr\\\/solo-leveling\\\/dague-de-baruka-solo-leveling\\\/#breadcrumb\",\"itemListElement\":[{\"@type\":\"ListItem\",\"position\":1,\"name\":\"Accueil\",\"item\":\"https:\\\/\\\/repliquemangacine.fr\\\/\"},{\"@type\":\"ListItem\",\"position\":2,\"name\":\"Produits\",\"item\":\"https:\\\/\\\/repliquemangacine.fr\\\/boutique\\\/\"},{\"@type\":\"ListItem\",\"position\":3,\"name\":\"Dague de Baruka Solo Leveling\"}]},{\"@type\":\"WebSite\",\"@id\":\"https:\\\/\\\/repliquemangacine.fr\\\/#website\",\"url\":\"https:\\\/\\\/repliquemangacine.fr\\\/\",\"name\":\"R\u00e9plique Manga Cin\u00e9\",\"description\":\"\",\"publisher\":{\"@id\":\"https:\\\/\\\/repliquemangacine.fr\\\/#organization\"},\"potentialAction\":[{\"@type\":\"SearchAction\",\"target\":{\"@type\":\"EntryPoint\",\"urlTemplate\":\"https:\\\/\\\/repliquemangacine.fr\\\/?s={search_term_string}\"},\"query-input\":{\"@type\":\"PropertyValueSpecification\",\"valueRequired\":true,\"valueName\":\"search_term_string\"}}],\"inLanguage\":\"it-IT\"},{\"@type\":\"Organization\",\"@id\":\"https:\\\/\\\/repliquemangacine.fr\\\/#organization\",\"name\":\"R\u00e9plique Manga Cin\u00e9\",\"url\":\"https:\\\/\\\/repliquemangacine.fr\\\/\",\"logo\":{\"@type\":\"ImageObject\",\"inLanguage\":\"it-IT\",\"@id\":\"https:\\\/\\\/repliquemangacine.fr\\\/#\\\/schema\\\/logo\\\/image\\\/\",\"url\":\"https:\\\/\\\/repliquemangacine.fr\\\/wp-content\\\/uploads\\\/2023\\\/10\\\/RMC-500250.png\",\"contentUrl\":\"https:\\\/\\\/repliquemangacine.fr\\\/wp-content\\\/uploads\\\/2023\\\/10\\\/RMC-500250.png\",\"width\":500,\"height\":250,\"caption\":\"R\u00e9plique Manga Cin\u00e9\"},\"image\":{\"@id\":\"https:\\\/\\\/repliquemangacine.fr\\\/#\\\/schema\\\/logo\\\/image\\\/\"},\"sameAs\":[\"https:\\\/\\\/www.facebook.com\\\/RepliqueMangaCine\",\"https:\\\/\\\/www.instagram.com\\\/repliquemangacine.fr\\\/\"]}]}<\/script>\n<!-- \/ Yoast SEO plugin. -->","yoast_head_json":{"title":"Pugnale da livellamento Baruka Solo - R\u00e9plique Manga Cin\u00e9","description":"Replica fedele del pugnale di Baruka di Solo Leveling, in acciaio inossidabile 440 con supporto. Ideale per collezionisti, cosplayer e fan dei manhwa. 69 cm.","robots":{"index":"index","follow":"follow","max-snippet":"max-snippet:-1","max-image-preview":"max-image-preview:large","max-video-preview":"max-video-preview:-1"},"canonical":"https:\/\/repliquemangacine.fr\/it\/livellamento-in-solitaria\/livellamento-in-solitaria-del-pugnale-baruka\/","og_locale":"it_IT","og_type":"article","og_title":"Dague de Baruka Solo Leveling - R\u00e9plique Manga Cin\u00e9","og_description":"R\u00e9plique fid\u00e8le de la dague de Baruka dans Solo Leveling, en acier inoxydable 440 avec support. Id\u00e9al collectionneurs, cosplay et fans du manhwa. 69 cm.","og_url":"https:\/\/repliquemangacine.fr\/it\/livellamento-in-solitaria\/livellamento-in-solitaria-del-pugnale-baruka\/","og_site_name":"R\u00e9plique Manga Cin\u00e9","article_publisher":"https:\/\/www.facebook.com\/RepliqueMangaCine","article_modified_time":"2026-04-23T10:35:09+00:00","og_image":[{"width":700,"height":700,"url":"https:\/\/repliquemangacine.fr\/wp-content\/uploads\/2025\/09\/Dague-Baruka-Solo-Leveling.jpg","type":"image\/jpeg"}],"twitter_card":"summary_large_image","twitter_misc":{"Tempo di lettura stimato":"3 minuti"},"schema":{"@context":"https:\/\/schema.org","@graph":[{"@type":"WebPage","@id":"https:\/\/repliquemangacine.fr\/solo-leveling\/dague-de-baruka-solo-leveling\/","url":"https:\/\/repliquemangacine.fr\/solo-leveling\/dague-de-baruka-solo-leveling\/","name":"Pugnale da livellamento Baruka Solo - R\u00e9plique Manga Cin\u00e9","isPartOf":{"@id":"https:\/\/repliquemangacine.fr\/#website"},"primaryImageOfPage":{"@id":"https:\/\/repliquemangacine.fr\/solo-leveling\/dague-de-baruka-solo-leveling\/#primaryimage"},"image":{"@id":"https:\/\/repliquemangacine.fr\/solo-leveling\/dague-de-baruka-solo-leveling\/#primaryimage"},"thumbnailUrl":"https:\/\/repliquemangacine.fr\/wp-content\/uploads\/2025\/09\/Dague-Baruka-Solo-Leveling.jpg","datePublished":"2025-09-14T14:26:55+00:00","dateModified":"2026-04-23T10:35:09+00:00","description":"Replica fedele del pugnale di Baruka di Solo Leveling, in acciaio inossidabile 440 con supporto. Ideale per collezionisti, cosplayer e fan dei manhwa. 69 cm.","breadcrumb":{"@id":"https:\/\/repliquemangacine.fr\/solo-leveling\/dague-de-baruka-solo-leveling\/#breadcrumb"},"inLanguage":"it-IT","potentialAction":[{"@type":"ReadAction","target":["https:\/\/repliquemangacine.fr\/solo-leveling\/dague-de-baruka-solo-leveling\/"]}]},{"@type":"ImageObject","inLanguage":"it-IT","@id":"https:\/\/repliquemangacine.fr\/solo-leveling\/dague-de-baruka-solo-leveling\/#primaryimage","url":"https:\/\/repliquemangacine.fr\/wp-content\/uploads\/2025\/09\/Dague-Baruka-Solo-Leveling.jpg","contentUrl":"https:\/\/repliquemangacine.fr\/wp-content\/uploads\/2025\/09\/Dague-Baruka-Solo-Leveling.jpg","width":700,"height":700,"caption":"Dague de Baruka Solo Leveling"},{"@type":"BreadcrumbList","@id":"https:\/\/repliquemangacine.fr\/solo-leveling\/dague-de-baruka-solo-leveling\/#breadcrumb","itemListElement":[{"@type":"ListItem","position":1,"name":"Accueil","item":"https:\/\/repliquemangacine.fr\/"},{"@type":"ListItem","position":2,"name":"Produits","item":"https:\/\/repliquemangacine.fr\/boutique\/"},{"@type":"ListItem","position":3,"name":"Dague de Baruka Solo Leveling"}]},{"@type":"WebSite","@id":"https:\/\/repliquemangacine.fr\/#website","url":"https:\/\/repliquemangacine.fr\/","name":"R\u00e9plique Manga Cin\u00e9","description":"","publisher":{"@id":"https:\/\/repliquemangacine.fr\/#organization"},"potentialAction":[{"@type":"SearchAction","target":{"@type":"EntryPoint","urlTemplate":"https:\/\/repliquemangacine.fr\/?s={search_term_string}"},"query-input":{"@type":"PropertyValueSpecification","valueRequired":true,"valueName":"search_term_string"}}],"inLanguage":"it-IT"},{"@type":"Organization","@id":"https:\/\/repliquemangacine.fr\/#organization","name":"R\u00e9plique Manga Cin\u00e9","url":"https:\/\/repliquemangacine.fr\/","logo":{"@type":"ImageObject","inLanguage":"it-IT","@id":"https:\/\/repliquemangacine.fr\/#\/schema\/logo\/image\/","url":"https:\/\/repliquemangacine.fr\/wp-content\/uploads\/2023\/10\/RMC-500250.png","contentUrl":"https:\/\/repliquemangacine.fr\/wp-content\/uploads\/2023\/10\/RMC-500250.png","width":500,"height":250,"caption":"R\u00e9plique Manga Cin\u00e9"},"image":{"@id":"https:\/\/repliquemangacine.fr\/#\/schema\/logo\/image\/"},"sameAs":["https:\/\/www.facebook.com\/RepliqueMangaCine","https:\/\/www.instagram.com\/repliquemangacine.fr\/"]}]}},"_links":{"self":[{"href":"https:\/\/repliquemangacine.fr\/it\/wp-json\/wp\/v2\/product\/88362","targetHints":{"allow":["GET"]}}],"collection":[{"href":"https:\/\/repliquemangacine.fr\/it\/wp-json\/wp\/v2\/product"}],"about":[{"href":"https:\/\/repliquemangacine.fr\/it\/wp-json\/wp\/v2\/types\/product"}],"wp:featuredmedia":[{"embeddable":true,"href":"https:\/\/repliquemangacine.fr\/it\/wp-json\/wp\/v2\/media\/88365"}],"wp:attachment":[{"href":"https:\/\/repliquemangacine.fr\/it\/wp-json\/wp\/v2\/media?parent=88362"}],"wp:term":[{"taxonomy":"product_brand","embeddable":true,"href":"https:\/\/repliquemangacine.fr\/it\/wp-json\/wp\/v2\/product_brand?post=88362"},{"taxonomy":"product_cat","embeddable":true,"href":"https:\/\/repliquemangacine.fr\/it\/wp-json\/wp\/v2\/product_cat?post=88362"},{"taxonomy":"product_tag","embeddable":true,"href":"https:\/\/repliquemangacine.fr\/it\/wp-json\/wp\/v2\/product_tag?post=88362"}],"curies":[{"name":"wp","href":"https:\/\/api.w.org\/{rel}","templated":true}]}}