





{"id":88241,"date":"2025-09-09T17:30:00","date_gmt":"2025-09-09T15:30:00","guid":{"rendered":"https:\/\/repliquemangacine.fr\/?post_type=product&#038;p=88241"},"modified":"2026-02-19T11:30:19","modified_gmt":"2026-02-19T10:30:19","slug":"scudo-vichingo-lupo-fenrir","status":"publish","type":"product","link":"https:\/\/repliquemangacine.fr\/it\/armes-et-accessoires-vikings\/bouclier-viking-loup-fenrir\/","title":{"rendered":"Scudo vichingo Fenrir Wolf"},"content":{"rendered":"<h2>Scudo vichingo dipinto a mano Fenrir Wolf<\/h2>\n<p>Ecco un autentico scudo vichingo decorativo, dipinto a mano con il possente lupo Fenrir. Nella mitologia norrena, Fenrir simboleggia la forza bruta e il destino ineluttabile. Realizzato in solido compensato di 13 mm di spessore, rivestito in lino. Questo scudo rotondo presenta un motivo stilizzato dipinto a mano che rappresenta il lupo Fenrir. Presenta inoltre una serie di rune dell'antico futhark (il pi\u00f9 antico alfabeto runico) che ne scandiscono il nome. \u00c8 dotato di un solido manico in legno sul retro per una presa sicura. Al centro dello scudo si trova un'ampia borchia in acciaio, fissata saldamente da quattro rivetti. Con un diametro di 61 cm, \u00e8 una dimensione realistica per la rievocazione o l'esposizione. La verniciatura blu e i motivi vichinghi intrecciati gli conferiscono uno stile unico.<\/p>\n<h2>Uno scudo decorativo e robusto dall'aspetto storico<\/h2>\n<p>Nella mitologia germanica, Fenrir \u00e8 uno dei tre nemici del mondo, insieme a Hel e al serpente di Midgard J\u00f6rmungandr. Tutti e tre sono figli del dio maligno Loki e della gigantessa Angrboda. Fenrir combatte l'ordine costituito e alla fine incarna la distruzione del mondo. Gli dei si rendono conto della sua pericolosit\u00e0, cos\u00ec lo incatenano astutamente a una roccia e lo fanno precipitare nelle profondit\u00e0 della terra. Affinch\u00e9 il piano abbia successo, il dio della guerra Tyr sacrifica persino una mano. Per molto tempo il lupo fu sottomesso, finch\u00e9 alla fine, al crepuscolo degli dei, ruppe le catene e divor\u00f2 la terra. <a href=\"https:\/\/fr.wikipedia.org\/wiki\/Odin\" target=\"_blank\" rel=\"noopener noreferrer\">Odino<\/a>. Widar, figlio di Odino, uccide Fenrir, ma \u00e8 troppo tardi: il padre degli dei cade e con lui l'ordine del mondo.<\/p>\n<h2>R\u00e9plique Manga Cin\u00e9 e il mondo vichingo<\/h2>\n<p>Con R\u00e9plique Manga Cin\u00e9, questo scudo vichingo Fenrir completa una ricca collezione dedicata ai guerrieri del Nord. Scoprite l'impressionante <a href=\"https:\/\/repliquemangacine.fr\/it\/spade-serie-tv-vichinghi\/replica-della-spada-di-re-ragnar-lothbrok-della-serie-tv-vikings\/\" target=\"_blank\" rel=\"noopener noreferrer\">La spada di re Ragnar Lothbrok<\/a> ispirata alla serie Vikings, cos\u00ec come la replica del<a href=\"https:\/\/repliquemangacine.fr\/it\/assi-della-serie-viking\/ascia-vichinga-tipo-m\/\" target=\"_blank\" rel=\"noopener noreferrer\"> Ascia vichinga di tipo M<\/a> Petersen, un'autentica arma temuta in combattimento. Scoprite anche il<a href=\"https:\/\/repliquemangacine.fr\/it\/armi-e-accessori-vichinghi\/freydis-spada-vichinghi-valhalla\/\" target=\"_blank\" rel=\"noopener noreferrer\">spada di Freydis<\/a> di Vikings: Valhalla, un pezzo elegante e storico. La nostra gamma vichinga \u00e8 in continua espansione e combina l'autenticit\u00e0 con l'ispirazione alle saghe. Ogni replica \u00e8 progettata per riflettere lo spirito dei guerrieri scandinavi. Che siate appassionati di rievocazione, collezionisti o amanti della mitologia norrena, nel nostro negozio troverete sempre nuovi articoli per arricchire il vostro mondo vichingo.<\/p>","protected":false},"excerpt":{"rendered":"<p>Splendida replica dello scudo vichingo Wolf Fenrir<\/p>\n<ul>\n<li>Realizzato in compensato di 13 mm di spessore.<\/li>\n<li>Rivestito in lino e decorato con un motivo stilizzato.<\/li>\n<li>Dipinto a mano<\/li>\n<li>Maniglia in legno massiccio sul retro.<\/li>\n<li>Gobba in acciaio (Umbo)<\/li>\n<li>Diametro 61 cm - Peso: 2,55 kg<\/li>\n<\/ul>","protected":false},"featured_media":88243,"template":"","meta":[],"product_brand":[896],"product_cat":[103,57],"product_tag":[],"class_list":{"0":"post-88241","1":"product","2":"type-product","3":"status-publish","4":"has-post-thumbnail","6":"product_brand-replique-manga-cine","7":"product_cat-armes-et-accessoires-vikings","8":"product_cat-armes-vikings","10":"first","11":"instock","12":"taxable","13":"shipping-taxable","14":"purchasable","15":"product-type-simple"},"yoast_head":"<!-- This site is optimized with the Yoast SEO plugin v27.4 - https:\/\/yoast.com\/product\/yoast-seo-wordpress\/ -->\n<title>Bouclier Viking Loup Fenrir - R\u00e9plique Manga Cin\u00e9<\/title>\n<meta name=\"description\" content=\"Bouclier viking Loup Fenrir rond peint \u00e0 la main. R\u00e9plique disponible sur R\u00e9plique Manga Cin\u00e9 avec \u00e9p\u00e9es et haches inspir\u00e9es des guerriers nordiques.\" \/>\n<meta name=\"robots\" content=\"index, follow, max-snippet:-1, max-image-preview:large, max-video-preview:-1\" \/>\n<link rel=\"canonical\" href=\"https:\/\/repliquemangacine.fr\/it\/armi-e-accessori-vichinghi\/scudo-vichingo-lupo-fenrir\/\" \/>\n<meta property=\"og:locale\" content=\"it_IT\" \/>\n<meta property=\"og:type\" content=\"article\" \/>\n<meta property=\"og:title\" content=\"Bouclier Viking Loup Fenrir - R\u00e9plique Manga Cin\u00e9\" \/>\n<meta property=\"og:description\" content=\"Bouclier viking Loup Fenrir rond peint \u00e0 la main. R\u00e9plique disponible sur R\u00e9plique Manga Cin\u00e9 avec \u00e9p\u00e9es et haches inspir\u00e9es des guerriers nordiques.\" \/>\n<meta property=\"og:url\" content=\"https:\/\/repliquemangacine.fr\/it\/armi-e-accessori-vichinghi\/scudo-vichingo-lupo-fenrir\/\" \/>\n<meta property=\"og:site_name\" content=\"R\u00e9plique Manga Cin\u00e9\" \/>\n<meta property=\"article:publisher\" content=\"https:\/\/www.facebook.com\/RepliqueMangaCine\" \/>\n<meta property=\"article:modified_time\" content=\"2026-02-19T10:30:19+00:00\" \/>\n<meta property=\"og:image\" content=\"https:\/\/repliquemangacine.fr\/wp-content\/uploads\/2025\/09\/Bouclier-Viking-motif-Fenrir.jpg\" \/>\n\t<meta property=\"og:image:width\" content=\"700\" \/>\n\t<meta property=\"og:image:height\" content=\"700\" \/>\n\t<meta property=\"og:image:type\" content=\"image\/jpeg\" \/>\n<meta name=\"twitter:card\" content=\"summary_large_image\" \/>\n<meta name=\"twitter:label1\" content=\"Tempo di lettura stimato\" \/>\n\t<meta name=\"twitter:data1\" content=\"3 minuti\" \/>\n<script type=\"application\/ld+json\" class=\"yoast-schema-graph\">{\"@context\":\"https:\\\/\\\/schema.org\",\"@graph\":[{\"@type\":\"WebPage\",\"@id\":\"https:\\\/\\\/repliquemangacine.fr\\\/armes-et-accessoires-vikings\\\/bouclier-viking-loup-fenrir\\\/\",\"url\":\"https:\\\/\\\/repliquemangacine.fr\\\/armes-et-accessoires-vikings\\\/bouclier-viking-loup-fenrir\\\/\",\"name\":\"Bouclier Viking Loup Fenrir - R\u00e9plique Manga Cin\u00e9\",\"isPartOf\":{\"@id\":\"https:\\\/\\\/repliquemangacine.fr\\\/#website\"},\"primaryImageOfPage\":{\"@id\":\"https:\\\/\\\/repliquemangacine.fr\\\/armes-et-accessoires-vikings\\\/bouclier-viking-loup-fenrir\\\/#primaryimage\"},\"image\":{\"@id\":\"https:\\\/\\\/repliquemangacine.fr\\\/armes-et-accessoires-vikings\\\/bouclier-viking-loup-fenrir\\\/#primaryimage\"},\"thumbnailUrl\":\"https:\\\/\\\/repliquemangacine.fr\\\/wp-content\\\/uploads\\\/2025\\\/09\\\/Bouclier-Viking-motif-Fenrir.jpg\",\"datePublished\":\"2025-09-09T15:30:00+00:00\",\"dateModified\":\"2026-02-19T10:30:19+00:00\",\"description\":\"Bouclier viking Loup Fenrir rond peint \u00e0 la main. R\u00e9plique disponible sur R\u00e9plique Manga Cin\u00e9 avec \u00e9p\u00e9es et haches inspir\u00e9es des guerriers nordiques.\",\"breadcrumb\":{\"@id\":\"https:\\\/\\\/repliquemangacine.fr\\\/armes-et-accessoires-vikings\\\/bouclier-viking-loup-fenrir\\\/#breadcrumb\"},\"inLanguage\":\"it-IT\",\"potentialAction\":[{\"@type\":\"ReadAction\",\"target\":[\"https:\\\/\\\/repliquemangacine.fr\\\/armes-et-accessoires-vikings\\\/bouclier-viking-loup-fenrir\\\/\"]}]},{\"@type\":\"ImageObject\",\"inLanguage\":\"it-IT\",\"@id\":\"https:\\\/\\\/repliquemangacine.fr\\\/armes-et-accessoires-vikings\\\/bouclier-viking-loup-fenrir\\\/#primaryimage\",\"url\":\"https:\\\/\\\/repliquemangacine.fr\\\/wp-content\\\/uploads\\\/2025\\\/09\\\/Bouclier-Viking-motif-Fenrir.jpg\",\"contentUrl\":\"https:\\\/\\\/repliquemangacine.fr\\\/wp-content\\\/uploads\\\/2025\\\/09\\\/Bouclier-Viking-motif-Fenrir.jpg\",\"width\":700,\"height\":700,\"caption\":\"Bouclier Viking Loup Fenrir\"},{\"@type\":\"BreadcrumbList\",\"@id\":\"https:\\\/\\\/repliquemangacine.fr\\\/armes-et-accessoires-vikings\\\/bouclier-viking-loup-fenrir\\\/#breadcrumb\",\"itemListElement\":[{\"@type\":\"ListItem\",\"position\":1,\"name\":\"Accueil\",\"item\":\"https:\\\/\\\/repliquemangacine.fr\\\/\"},{\"@type\":\"ListItem\",\"position\":2,\"name\":\"Produits\",\"item\":\"https:\\\/\\\/repliquemangacine.fr\\\/boutique\\\/\"},{\"@type\":\"ListItem\",\"position\":3,\"name\":\"Bouclier Viking Loup Fenrir\"}]},{\"@type\":\"WebSite\",\"@id\":\"https:\\\/\\\/repliquemangacine.fr\\\/#website\",\"url\":\"https:\\\/\\\/repliquemangacine.fr\\\/\",\"name\":\"R\u00e9plique Manga Cin\u00e9\",\"description\":\"\",\"publisher\":{\"@id\":\"https:\\\/\\\/repliquemangacine.fr\\\/#organization\"},\"potentialAction\":[{\"@type\":\"SearchAction\",\"target\":{\"@type\":\"EntryPoint\",\"urlTemplate\":\"https:\\\/\\\/repliquemangacine.fr\\\/?s={search_term_string}\"},\"query-input\":{\"@type\":\"PropertyValueSpecification\",\"valueRequired\":true,\"valueName\":\"search_term_string\"}}],\"inLanguage\":\"it-IT\"},{\"@type\":\"Organization\",\"@id\":\"https:\\\/\\\/repliquemangacine.fr\\\/#organization\",\"name\":\"R\u00e9plique Manga Cin\u00e9\",\"url\":\"https:\\\/\\\/repliquemangacine.fr\\\/\",\"logo\":{\"@type\":\"ImageObject\",\"inLanguage\":\"it-IT\",\"@id\":\"https:\\\/\\\/repliquemangacine.fr\\\/#\\\/schema\\\/logo\\\/image\\\/\",\"url\":\"https:\\\/\\\/repliquemangacine.fr\\\/wp-content\\\/uploads\\\/2023\\\/10\\\/RMC-500250.png\",\"contentUrl\":\"https:\\\/\\\/repliquemangacine.fr\\\/wp-content\\\/uploads\\\/2023\\\/10\\\/RMC-500250.png\",\"width\":500,\"height\":250,\"caption\":\"R\u00e9plique Manga Cin\u00e9\"},\"image\":{\"@id\":\"https:\\\/\\\/repliquemangacine.fr\\\/#\\\/schema\\\/logo\\\/image\\\/\"},\"sameAs\":[\"https:\\\/\\\/www.facebook.com\\\/RepliqueMangaCine\",\"https:\\\/\\\/www.instagram.com\\\/repliquemangacine.fr\\\/\"]}]}<\/script>\n<!-- \/ Yoast SEO plugin. -->","yoast_head_json":{"title":"Scudo vichingo Fenrir Wolf - R\u00e9plique Manga Cin\u00e9","description":"Scudo vichingo rotondo Fenrir Wolf dipinto a mano. Replica disponibile su R\u00e9plique Manga Cin\u00e9 con spade e asce ispirate ai guerrieri norreni.","robots":{"index":"index","follow":"follow","max-snippet":"max-snippet:-1","max-image-preview":"max-image-preview:large","max-video-preview":"max-video-preview:-1"},"canonical":"https:\/\/repliquemangacine.fr\/it\/armi-e-accessori-vichinghi\/scudo-vichingo-lupo-fenrir\/","og_locale":"it_IT","og_type":"article","og_title":"Bouclier Viking Loup Fenrir - R\u00e9plique Manga Cin\u00e9","og_description":"Bouclier viking Loup Fenrir rond peint \u00e0 la main. R\u00e9plique disponible sur R\u00e9plique Manga Cin\u00e9 avec \u00e9p\u00e9es et haches inspir\u00e9es des guerriers nordiques.","og_url":"https:\/\/repliquemangacine.fr\/it\/armi-e-accessori-vichinghi\/scudo-vichingo-lupo-fenrir\/","og_site_name":"R\u00e9plique Manga Cin\u00e9","article_publisher":"https:\/\/www.facebook.com\/RepliqueMangaCine","article_modified_time":"2026-02-19T10:30:19+00:00","og_image":[{"width":700,"height":700,"url":"https:\/\/repliquemangacine.fr\/wp-content\/uploads\/2025\/09\/Bouclier-Viking-motif-Fenrir.jpg","type":"image\/jpeg"}],"twitter_card":"summary_large_image","twitter_misc":{"Tempo di lettura stimato":"3 minuti"},"schema":{"@context":"https:\/\/schema.org","@graph":[{"@type":"WebPage","@id":"https:\/\/repliquemangacine.fr\/armes-et-accessoires-vikings\/bouclier-viking-loup-fenrir\/","url":"https:\/\/repliquemangacine.fr\/armes-et-accessoires-vikings\/bouclier-viking-loup-fenrir\/","name":"Scudo vichingo Fenrir Wolf - R\u00e9plique Manga Cin\u00e9","isPartOf":{"@id":"https:\/\/repliquemangacine.fr\/#website"},"primaryImageOfPage":{"@id":"https:\/\/repliquemangacine.fr\/armes-et-accessoires-vikings\/bouclier-viking-loup-fenrir\/#primaryimage"},"image":{"@id":"https:\/\/repliquemangacine.fr\/armes-et-accessoires-vikings\/bouclier-viking-loup-fenrir\/#primaryimage"},"thumbnailUrl":"https:\/\/repliquemangacine.fr\/wp-content\/uploads\/2025\/09\/Bouclier-Viking-motif-Fenrir.jpg","datePublished":"2025-09-09T15:30:00+00:00","dateModified":"2026-02-19T10:30:19+00:00","description":"Scudo vichingo rotondo Fenrir Wolf dipinto a mano. Replica disponibile su R\u00e9plique Manga Cin\u00e9 con spade e asce ispirate ai guerrieri norreni.","breadcrumb":{"@id":"https:\/\/repliquemangacine.fr\/armes-et-accessoires-vikings\/bouclier-viking-loup-fenrir\/#breadcrumb"},"inLanguage":"it-IT","potentialAction":[{"@type":"ReadAction","target":["https:\/\/repliquemangacine.fr\/armes-et-accessoires-vikings\/bouclier-viking-loup-fenrir\/"]}]},{"@type":"ImageObject","inLanguage":"it-IT","@id":"https:\/\/repliquemangacine.fr\/armes-et-accessoires-vikings\/bouclier-viking-loup-fenrir\/#primaryimage","url":"https:\/\/repliquemangacine.fr\/wp-content\/uploads\/2025\/09\/Bouclier-Viking-motif-Fenrir.jpg","contentUrl":"https:\/\/repliquemangacine.fr\/wp-content\/uploads\/2025\/09\/Bouclier-Viking-motif-Fenrir.jpg","width":700,"height":700,"caption":"Bouclier Viking Loup Fenrir"},{"@type":"BreadcrumbList","@id":"https:\/\/repliquemangacine.fr\/armes-et-accessoires-vikings\/bouclier-viking-loup-fenrir\/#breadcrumb","itemListElement":[{"@type":"ListItem","position":1,"name":"Accueil","item":"https:\/\/repliquemangacine.fr\/"},{"@type":"ListItem","position":2,"name":"Produits","item":"https:\/\/repliquemangacine.fr\/boutique\/"},{"@type":"ListItem","position":3,"name":"Bouclier Viking Loup Fenrir"}]},{"@type":"WebSite","@id":"https:\/\/repliquemangacine.fr\/#website","url":"https:\/\/repliquemangacine.fr\/","name":"R\u00e9plique Manga Cin\u00e9","description":"","publisher":{"@id":"https:\/\/repliquemangacine.fr\/#organization"},"potentialAction":[{"@type":"SearchAction","target":{"@type":"EntryPoint","urlTemplate":"https:\/\/repliquemangacine.fr\/?s={search_term_string}"},"query-input":{"@type":"PropertyValueSpecification","valueRequired":true,"valueName":"search_term_string"}}],"inLanguage":"it-IT"},{"@type":"Organization","@id":"https:\/\/repliquemangacine.fr\/#organization","name":"R\u00e9plique Manga Cin\u00e9","url":"https:\/\/repliquemangacine.fr\/","logo":{"@type":"ImageObject","inLanguage":"it-IT","@id":"https:\/\/repliquemangacine.fr\/#\/schema\/logo\/image\/","url":"https:\/\/repliquemangacine.fr\/wp-content\/uploads\/2023\/10\/RMC-500250.png","contentUrl":"https:\/\/repliquemangacine.fr\/wp-content\/uploads\/2023\/10\/RMC-500250.png","width":500,"height":250,"caption":"R\u00e9plique Manga Cin\u00e9"},"image":{"@id":"https:\/\/repliquemangacine.fr\/#\/schema\/logo\/image\/"},"sameAs":["https:\/\/www.facebook.com\/RepliqueMangaCine","https:\/\/www.instagram.com\/repliquemangacine.fr\/"]}]}},"_links":{"self":[{"href":"https:\/\/repliquemangacine.fr\/it\/wp-json\/wp\/v2\/product\/88241","targetHints":{"allow":["GET"]}}],"collection":[{"href":"https:\/\/repliquemangacine.fr\/it\/wp-json\/wp\/v2\/product"}],"about":[{"href":"https:\/\/repliquemangacine.fr\/it\/wp-json\/wp\/v2\/types\/product"}],"wp:featuredmedia":[{"embeddable":true,"href":"https:\/\/repliquemangacine.fr\/it\/wp-json\/wp\/v2\/media\/88243"}],"wp:attachment":[{"href":"https:\/\/repliquemangacine.fr\/it\/wp-json\/wp\/v2\/media?parent=88241"}],"wp:term":[{"taxonomy":"product_brand","embeddable":true,"href":"https:\/\/repliquemangacine.fr\/it\/wp-json\/wp\/v2\/product_brand?post=88241"},{"taxonomy":"product_cat","embeddable":true,"href":"https:\/\/repliquemangacine.fr\/it\/wp-json\/wp\/v2\/product_cat?post=88241"},{"taxonomy":"product_tag","embeddable":true,"href":"https:\/\/repliquemangacine.fr\/it\/wp-json\/wp\/v2\/product_tag?post=88241"}],"curies":[{"name":"wp","href":"https:\/\/api.w.org\/{rel}","templated":true}]}}