





{"id":88233,"date":"2025-09-09T16:41:35","date_gmt":"2025-09-09T14:41:35","guid":{"rendered":"https:\/\/repliquemangacine.fr\/?post_type=product&#038;p=88233"},"modified":"2026-02-19T11:30:09","modified_gmt":"2026-02-19T10:30:09","slug":"sciabola-tradizionale-della-dinastia-tang","status":"publish","type":"product","link":"https:\/\/repliquemangacine.fr\/it\/epees-et-dagues-fantasy\/sabre-traditionnel-de-la-dynastie-tang\/","title":{"rendered":"Sciabola tradizionale della dinastia Tang"},"content":{"rendered":"<h2>La spada tradizionale della dinastia Tang<\/h2>\n<p>Ecco una splendida riproduzione della tradizionale spada cinese della dinastia Tang. Quest'arma emblematica, chiamata jian, \u00e8 una delle pi\u00f9 antiche spade cinesi. Utilizzata da oltre 2500 anni, simboleggia sia la potenza che la raffinatezza. Durante la dinastia Tang, la jian non era solo un'arma da combattimento, ma anche un oggetto di prestigio portato dai nobili e dagli studiosi.<\/p>\n<p>Questa riproduzione fedele riprende l'eleganza e la raffinatezza dell'arma originale. Troviamo: un'elsa circolare riccamente decorata, qui con un motivo a forma di drago, simbolo imperiale di potere e protezione. Un'impugnatura incisa e lavorata, che offre eleganza e fermezza. Un fodero ornato, che non era solo pratico ma anche un segno di status sociale. Una lama diritta, lunga ed equilibrata, adatta sia ai colpi di stoccata che ai tagli precisi.<\/p>\n<h2>Una spada di prestigio e tradizione<\/h2>\n<p>Le <a href=\"https:\/\/samurai-chronicles.fandom.com\/fr\/wiki\/Jian\" target=\"_blank\" rel=\"noopener noreferrer\">jian<\/a> \u00e8 conosciuta come \"l'arma dei gentiluomini\", perch\u00e9 rappresenta sia la cultura che l'arte marziale. A differenza delle spade curve giapponesi, questa spada \u00e8 dritta e ha due taglienti. Consente attacchi precisi e bilanciati, perfetti sia per le spinte che per i fendenti. Questa replica evidenzia tutti i dettagli raffinati che hanno reso grandi le armi Tang. La guardia in metallo finemente decorata, il fodero ornato con motivi tradizionali e la lama bilanciata testimoniano la qualit\u00e0 dell'artigianato. \u00c8 un pezzo che racchiude forza ed eleganza in un'unica arma. In conclusione, possedere un jian in stile Tang significa avere nella propria vetrina un pezzo di storia e di patrimonio cinese.<\/p>\n<h2>R\u00e9plique Manga Cin\u00e9 e le sue collezioni storiche<\/h2>\n<p>Presso R\u00e9plique Manga Cin\u00e9, questa sciabola tradizionale della dinastia Tang si unisce a una collezione unica dedicata alle armi storiche cinesi. Scoprite anche la<a href=\"https:\/\/repliquemangacine.fr\/it\/decorazione-della-katana\/spada-tradizionale-della-dinastia-ming\/\" target=\"_blank\" rel=\"noopener noreferrer\">Spada tradizionale della dinastia Ming<\/a>Un pezzo raffinato che richiama il potere e la cultura di questa grande epoca. Offriamo anche un <a href=\"https:\/\/repliquemangacine.fr\/it\/decorazione-della-katana\/spada-tradizionale-della-dinastia-tang\/\" target=\"_blank\" rel=\"noopener noreferrer\">Spada tradizionale della dinastia Tang con guardia a drago<\/a>un simbolo di prestigio e protezione nell'impero cinese. Queste repliche fedeli mettono in mostra il know-how ancestrale e si rivolgono ai collezionisti appassionati. Ogni spada \u00e8 stata accuratamente selezionata per la qualit\u00e0 delle finiture e l'autenticit\u00e0. Con questi pezzi eccezionali, potrete arricchire la vostra collezione di armi orientali e storiche, preservando il patrimonio di antiche civilt\u00e0.<\/p>","protected":false},"excerpt":{"rendered":"<p>Una magnifica spada tradizionale della dinastia Tang, un pezzo emblematico della storia militare e culturale cinese.<\/p>\n<ul>\n<li>Lama dritta in acciaio inossidabile con elegante incisione.<\/li>\n<li>Elsa circolare in acciaio massiccio invecchiato con decorazione a drago.<\/li>\n<li>Pomello in acciaio massiccio, anch'esso riccamente decorato.<\/li>\n<li>Manico lungo in acciaio riccamente decorato con drago e cinturino in pelle al centro per una buona presa.<\/li>\n<li>Fodero in legno rivestito di spessa stoffa nera con decorazione di draghi.<\/li>\n<li>Tre pezzi di ornamento in acciaio invecchiato finemente decorati con draghi lungo il fodero.<\/li>\n<li>Cordoncino nero con due pompon e perline di legno<\/li>\n<li>Lunghezza lama: 71,5 cm - Lunghezza totale senza fodero: 108 cm e 113 cm con fodero<\/li>\n<li>Peso: 1850 g per la sola spada e 2550 g con il fodero<\/li>\n<\/ul>","protected":false},"featured_media":88235,"template":"","meta":[],"product_brand":[896],"product_cat":[44],"product_tag":[],"class_list":{"0":"post-88233","1":"product","2":"type-product","3":"status-publish","4":"has-post-thumbnail","6":"product_brand-replique-manga-cine","7":"product_cat-epees-et-dagues-fantasy","9":"first","10":"instock","11":"taxable","12":"shipping-taxable","13":"purchasable","14":"product-type-simple"},"yoast_head":"<!-- This site is optimized with the Yoast SEO plugin v27.3 - https:\/\/yoast.com\/product\/yoast-seo-wordpress\/ -->\n<title>sabre traditionnel de la dynastie Tang - R\u00e9plique Manga Cin\u00e9<\/title>\n<meta name=\"description\" content=\"D\u00e9couvrez l\u2019\u00e9l\u00e9gance du sabre traditionnel de la dynastie Tang. R\u00e9plique historique avec garde dragon. Pour passionn\u00e9s d\u2019armes orientales.\" \/>\n<meta name=\"robots\" content=\"index, follow, max-snippet:-1, max-image-preview:large, max-video-preview:-1\" \/>\n<link rel=\"canonical\" href=\"https:\/\/repliquemangacine.fr\/it\/spade-e-pugnali-fantasy\/sciabola-tradizionale-della-dinastia-tang\/\" \/>\n<meta property=\"og:locale\" content=\"it_IT\" \/>\n<meta property=\"og:type\" content=\"article\" \/>\n<meta property=\"og:title\" content=\"sabre traditionnel de la dynastie Tang - R\u00e9plique Manga Cin\u00e9\" \/>\n<meta property=\"og:description\" content=\"D\u00e9couvrez l\u2019\u00e9l\u00e9gance du sabre traditionnel de la dynastie Tang. R\u00e9plique historique avec garde dragon. Pour passionn\u00e9s d\u2019armes orientales.\" \/>\n<meta property=\"og:url\" content=\"https:\/\/repliquemangacine.fr\/it\/spade-e-pugnali-fantasy\/sciabola-tradizionale-della-dinastia-tang\/\" \/>\n<meta property=\"og:site_name\" content=\"R\u00e9plique Manga Cin\u00e9\" \/>\n<meta property=\"article:publisher\" content=\"https:\/\/www.facebook.com\/RepliqueMangaCine\" \/>\n<meta property=\"article:modified_time\" content=\"2026-02-19T10:30:09+00:00\" \/>\n<meta property=\"og:image\" content=\"https:\/\/repliquemangacine.fr\/wp-content\/uploads\/2025\/09\/Epee-Dynastie-Tang.jpg\" \/>\n\t<meta property=\"og:image:width\" content=\"700\" \/>\n\t<meta property=\"og:image:height\" content=\"700\" \/>\n\t<meta property=\"og:image:type\" content=\"image\/jpeg\" \/>\n<meta name=\"twitter:card\" content=\"summary_large_image\" \/>\n<meta name=\"twitter:label1\" content=\"Tempo di lettura stimato\" \/>\n\t<meta name=\"twitter:data1\" content=\"3 minuti\" \/>\n<script type=\"application\/ld+json\" class=\"yoast-schema-graph\">{\"@context\":\"https:\\\/\\\/schema.org\",\"@graph\":[{\"@type\":\"WebPage\",\"@id\":\"https:\\\/\\\/repliquemangacine.fr\\\/epees-et-dagues-fantasy\\\/sabre-traditionnel-de-la-dynastie-tang\\\/\",\"url\":\"https:\\\/\\\/repliquemangacine.fr\\\/epees-et-dagues-fantasy\\\/sabre-traditionnel-de-la-dynastie-tang\\\/\",\"name\":\"sabre traditionnel de la dynastie Tang - R\u00e9plique Manga Cin\u00e9\",\"isPartOf\":{\"@id\":\"https:\\\/\\\/repliquemangacine.fr\\\/#website\"},\"primaryImageOfPage\":{\"@id\":\"https:\\\/\\\/repliquemangacine.fr\\\/epees-et-dagues-fantasy\\\/sabre-traditionnel-de-la-dynastie-tang\\\/#primaryimage\"},\"image\":{\"@id\":\"https:\\\/\\\/repliquemangacine.fr\\\/epees-et-dagues-fantasy\\\/sabre-traditionnel-de-la-dynastie-tang\\\/#primaryimage\"},\"thumbnailUrl\":\"https:\\\/\\\/repliquemangacine.fr\\\/wp-content\\\/uploads\\\/2025\\\/09\\\/Epee-Dynastie-Tang.jpg\",\"datePublished\":\"2025-09-09T14:41:35+00:00\",\"dateModified\":\"2026-02-19T10:30:09+00:00\",\"description\":\"D\u00e9couvrez l\u2019\u00e9l\u00e9gance du sabre traditionnel de la dynastie Tang. R\u00e9plique historique avec garde dragon. Pour passionn\u00e9s d\u2019armes orientales.\",\"breadcrumb\":{\"@id\":\"https:\\\/\\\/repliquemangacine.fr\\\/epees-et-dagues-fantasy\\\/sabre-traditionnel-de-la-dynastie-tang\\\/#breadcrumb\"},\"inLanguage\":\"it-IT\",\"potentialAction\":[{\"@type\":\"ReadAction\",\"target\":[\"https:\\\/\\\/repliquemangacine.fr\\\/epees-et-dagues-fantasy\\\/sabre-traditionnel-de-la-dynastie-tang\\\/\"]}]},{\"@type\":\"ImageObject\",\"inLanguage\":\"it-IT\",\"@id\":\"https:\\\/\\\/repliquemangacine.fr\\\/epees-et-dagues-fantasy\\\/sabre-traditionnel-de-la-dynastie-tang\\\/#primaryimage\",\"url\":\"https:\\\/\\\/repliquemangacine.fr\\\/wp-content\\\/uploads\\\/2025\\\/09\\\/Epee-Dynastie-Tang.jpg\",\"contentUrl\":\"https:\\\/\\\/repliquemangacine.fr\\\/wp-content\\\/uploads\\\/2025\\\/09\\\/Epee-Dynastie-Tang.jpg\",\"width\":700,\"height\":700,\"caption\":\"sabre traditionnel de la dynastie Tang\"},{\"@type\":\"BreadcrumbList\",\"@id\":\"https:\\\/\\\/repliquemangacine.fr\\\/epees-et-dagues-fantasy\\\/sabre-traditionnel-de-la-dynastie-tang\\\/#breadcrumb\",\"itemListElement\":[{\"@type\":\"ListItem\",\"position\":1,\"name\":\"Accueil\",\"item\":\"https:\\\/\\\/repliquemangacine.fr\\\/\"},{\"@type\":\"ListItem\",\"position\":2,\"name\":\"Produits\",\"item\":\"https:\\\/\\\/repliquemangacine.fr\\\/boutique\\\/\"},{\"@type\":\"ListItem\",\"position\":3,\"name\":\"sabre traditionnel de la dynastie Tang\"}]},{\"@type\":\"WebSite\",\"@id\":\"https:\\\/\\\/repliquemangacine.fr\\\/#website\",\"url\":\"https:\\\/\\\/repliquemangacine.fr\\\/\",\"name\":\"R\u00e9plique Manga Cin\u00e9\",\"description\":\"\",\"publisher\":{\"@id\":\"https:\\\/\\\/repliquemangacine.fr\\\/#organization\"},\"potentialAction\":[{\"@type\":\"SearchAction\",\"target\":{\"@type\":\"EntryPoint\",\"urlTemplate\":\"https:\\\/\\\/repliquemangacine.fr\\\/?s={search_term_string}\"},\"query-input\":{\"@type\":\"PropertyValueSpecification\",\"valueRequired\":true,\"valueName\":\"search_term_string\"}}],\"inLanguage\":\"it-IT\"},{\"@type\":\"Organization\",\"@id\":\"https:\\\/\\\/repliquemangacine.fr\\\/#organization\",\"name\":\"R\u00e9plique Manga Cin\u00e9\",\"url\":\"https:\\\/\\\/repliquemangacine.fr\\\/\",\"logo\":{\"@type\":\"ImageObject\",\"inLanguage\":\"it-IT\",\"@id\":\"https:\\\/\\\/repliquemangacine.fr\\\/#\\\/schema\\\/logo\\\/image\\\/\",\"url\":\"https:\\\/\\\/repliquemangacine.fr\\\/wp-content\\\/uploads\\\/2023\\\/10\\\/RMC-500250.png\",\"contentUrl\":\"https:\\\/\\\/repliquemangacine.fr\\\/wp-content\\\/uploads\\\/2023\\\/10\\\/RMC-500250.png\",\"width\":500,\"height\":250,\"caption\":\"R\u00e9plique Manga Cin\u00e9\"},\"image\":{\"@id\":\"https:\\\/\\\/repliquemangacine.fr\\\/#\\\/schema\\\/logo\\\/image\\\/\"},\"sameAs\":[\"https:\\\/\\\/www.facebook.com\\\/RepliqueMangaCine\",\"https:\\\/\\\/www.instagram.com\\\/repliquemangacine.fr\\\/\"]}]}<\/script>\n<!-- \/ Yoast SEO plugin. -->","yoast_head_json":{"title":"Sciabola tradizionale della dinastia Tang - R\u00e9plique Manga Cin\u00e9","description":"Scoprite l'eleganza della spada tradizionale della dinastia Tang. Replica storica con guardia a forma di drago. Per gli appassionati di armi orientali.","robots":{"index":"index","follow":"follow","max-snippet":"max-snippet:-1","max-image-preview":"max-image-preview:large","max-video-preview":"max-video-preview:-1"},"canonical":"https:\/\/repliquemangacine.fr\/it\/spade-e-pugnali-fantasy\/sciabola-tradizionale-della-dinastia-tang\/","og_locale":"it_IT","og_type":"article","og_title":"sabre traditionnel de la dynastie Tang - R\u00e9plique Manga Cin\u00e9","og_description":"D\u00e9couvrez l\u2019\u00e9l\u00e9gance du sabre traditionnel de la dynastie Tang. R\u00e9plique historique avec garde dragon. Pour passionn\u00e9s d\u2019armes orientales.","og_url":"https:\/\/repliquemangacine.fr\/it\/spade-e-pugnali-fantasy\/sciabola-tradizionale-della-dinastia-tang\/","og_site_name":"R\u00e9plique Manga Cin\u00e9","article_publisher":"https:\/\/www.facebook.com\/RepliqueMangaCine","article_modified_time":"2026-02-19T10:30:09+00:00","og_image":[{"width":700,"height":700,"url":"https:\/\/repliquemangacine.fr\/wp-content\/uploads\/2025\/09\/Epee-Dynastie-Tang.jpg","type":"image\/jpeg"}],"twitter_card":"summary_large_image","twitter_misc":{"Tempo di lettura stimato":"3 minuti"},"schema":{"@context":"https:\/\/schema.org","@graph":[{"@type":"WebPage","@id":"https:\/\/repliquemangacine.fr\/epees-et-dagues-fantasy\/sabre-traditionnel-de-la-dynastie-tang\/","url":"https:\/\/repliquemangacine.fr\/epees-et-dagues-fantasy\/sabre-traditionnel-de-la-dynastie-tang\/","name":"Sciabola tradizionale della dinastia Tang - R\u00e9plique Manga Cin\u00e9","isPartOf":{"@id":"https:\/\/repliquemangacine.fr\/#website"},"primaryImageOfPage":{"@id":"https:\/\/repliquemangacine.fr\/epees-et-dagues-fantasy\/sabre-traditionnel-de-la-dynastie-tang\/#primaryimage"},"image":{"@id":"https:\/\/repliquemangacine.fr\/epees-et-dagues-fantasy\/sabre-traditionnel-de-la-dynastie-tang\/#primaryimage"},"thumbnailUrl":"https:\/\/repliquemangacine.fr\/wp-content\/uploads\/2025\/09\/Epee-Dynastie-Tang.jpg","datePublished":"2025-09-09T14:41:35+00:00","dateModified":"2026-02-19T10:30:09+00:00","description":"Scoprite l'eleganza della spada tradizionale della dinastia Tang. Replica storica con guardia a forma di drago. Per gli appassionati di armi orientali.","breadcrumb":{"@id":"https:\/\/repliquemangacine.fr\/epees-et-dagues-fantasy\/sabre-traditionnel-de-la-dynastie-tang\/#breadcrumb"},"inLanguage":"it-IT","potentialAction":[{"@type":"ReadAction","target":["https:\/\/repliquemangacine.fr\/epees-et-dagues-fantasy\/sabre-traditionnel-de-la-dynastie-tang\/"]}]},{"@type":"ImageObject","inLanguage":"it-IT","@id":"https:\/\/repliquemangacine.fr\/epees-et-dagues-fantasy\/sabre-traditionnel-de-la-dynastie-tang\/#primaryimage","url":"https:\/\/repliquemangacine.fr\/wp-content\/uploads\/2025\/09\/Epee-Dynastie-Tang.jpg","contentUrl":"https:\/\/repliquemangacine.fr\/wp-content\/uploads\/2025\/09\/Epee-Dynastie-Tang.jpg","width":700,"height":700,"caption":"sabre traditionnel de la dynastie Tang"},{"@type":"BreadcrumbList","@id":"https:\/\/repliquemangacine.fr\/epees-et-dagues-fantasy\/sabre-traditionnel-de-la-dynastie-tang\/#breadcrumb","itemListElement":[{"@type":"ListItem","position":1,"name":"Accueil","item":"https:\/\/repliquemangacine.fr\/"},{"@type":"ListItem","position":2,"name":"Produits","item":"https:\/\/repliquemangacine.fr\/boutique\/"},{"@type":"ListItem","position":3,"name":"sabre traditionnel de la dynastie Tang"}]},{"@type":"WebSite","@id":"https:\/\/repliquemangacine.fr\/#website","url":"https:\/\/repliquemangacine.fr\/","name":"R\u00e9plique Manga Cin\u00e9","description":"","publisher":{"@id":"https:\/\/repliquemangacine.fr\/#organization"},"potentialAction":[{"@type":"SearchAction","target":{"@type":"EntryPoint","urlTemplate":"https:\/\/repliquemangacine.fr\/?s={search_term_string}"},"query-input":{"@type":"PropertyValueSpecification","valueRequired":true,"valueName":"search_term_string"}}],"inLanguage":"it-IT"},{"@type":"Organization","@id":"https:\/\/repliquemangacine.fr\/#organization","name":"R\u00e9plique Manga Cin\u00e9","url":"https:\/\/repliquemangacine.fr\/","logo":{"@type":"ImageObject","inLanguage":"it-IT","@id":"https:\/\/repliquemangacine.fr\/#\/schema\/logo\/image\/","url":"https:\/\/repliquemangacine.fr\/wp-content\/uploads\/2023\/10\/RMC-500250.png","contentUrl":"https:\/\/repliquemangacine.fr\/wp-content\/uploads\/2023\/10\/RMC-500250.png","width":500,"height":250,"caption":"R\u00e9plique Manga Cin\u00e9"},"image":{"@id":"https:\/\/repliquemangacine.fr\/#\/schema\/logo\/image\/"},"sameAs":["https:\/\/www.facebook.com\/RepliqueMangaCine","https:\/\/www.instagram.com\/repliquemangacine.fr\/"]}]}},"_links":{"self":[{"href":"https:\/\/repliquemangacine.fr\/it\/wp-json\/wp\/v2\/product\/88233","targetHints":{"allow":["GET"]}}],"collection":[{"href":"https:\/\/repliquemangacine.fr\/it\/wp-json\/wp\/v2\/product"}],"about":[{"href":"https:\/\/repliquemangacine.fr\/it\/wp-json\/wp\/v2\/types\/product"}],"wp:featuredmedia":[{"embeddable":true,"href":"https:\/\/repliquemangacine.fr\/it\/wp-json\/wp\/v2\/media\/88235"}],"wp:attachment":[{"href":"https:\/\/repliquemangacine.fr\/it\/wp-json\/wp\/v2\/media?parent=88233"}],"wp:term":[{"taxonomy":"product_brand","embeddable":true,"href":"https:\/\/repliquemangacine.fr\/it\/wp-json\/wp\/v2\/product_brand?post=88233"},{"taxonomy":"product_cat","embeddable":true,"href":"https:\/\/repliquemangacine.fr\/it\/wp-json\/wp\/v2\/product_cat?post=88233"},{"taxonomy":"product_tag","embeddable":true,"href":"https:\/\/repliquemangacine.fr\/it\/wp-json\/wp\/v2\/product_tag?post=88233"}],"curies":[{"name":"wp","href":"https:\/\/api.w.org\/{rel}","templated":true}]}}