





{"id":88222,"date":"2025-09-09T15:48:13","date_gmt":"2025-09-09T13:48:13","guid":{"rendered":"https:\/\/repliquemangacine.fr\/?post_type=product&#038;p=88222"},"modified":"2026-02-19T11:29:55","modified_gmt":"2026-02-19T10:29:55","slug":"tanto-yamato-de-vergil-diavolo-il-mio-grido","status":"publish","type":"product","link":"https:\/\/repliquemangacine.fr\/it\/devil-may-cry\/tanto-yamato-de-vergil-devil-my-cry\/","title":{"rendered":"Tanto Yamato de Vergil - Devil My Cry"},"content":{"rendered":"<h2>Tanto Yamato di Vergil<\/h2>\n<p>Prima di tutto, ecco la replica della famosa Tanto Yamato di Vergil di Devil May Cry. Questa mini katana compatta assume le caratteristiche della mitica katana brandita dal fratello gemello di Dante. Nella saga, la Yamato \u00e8 un'arma divina in grado di tagliare la realt\u00e0 stessa. Inoltre, apre portali dimensionali e simboleggia il potere gelido di Vergil. Questa versione tant\u014d evidenzia la finezza e l'eleganza di quest'arma di culto. L'impugnatura bianca con motivi neri riflette uno stile raffinato e autentico. L'elsa d'argento finemente lavorata richiama le sue origini tradizionali giapponesi.<\/p>\n<h2>Un'arma mitica di Devil May Cry<\/h2>\n<p>In <a href=\"https:\/\/devilmaycrydmc.fandom.com\/fr\/wiki\/Devil_May_Cry\" target=\"_blank\" rel=\"noopener noreferrer\">Devil May Cry<\/a>Vergil si distingue per la sua maestria e precisione. A differenza di Dante, predilige la velocit\u00e0 e la disciplina. Lo Yamato diventa la sua naturale estensione. Quest'arma rappresenta la sua ambizione e il suo desiderio di potere. In questa replica tant\u014d, ogni dettaglio \u00e8 rispettato per sedurre i fan pi\u00f9 esigenti. La lama affilata ed elegante incarna tutta la fluidit\u00e0 di Vergil. Il fodero nero lucido, accompagnato da un cordino blu, offre una finitura sobria e prestigiosa. Grazie alle sue dimensioni compatte, questo tant\u014d \u00e8 ideale per essere esposto e collezionato.<\/p>\n<h2>L'R\u00e9plique Manga Cin\u00e9 e le sue nuove funzionalit\u00e0<\/h2>\n<p>Con R\u00e9plique Manga Cin\u00e9, questo Tant\u014d Yamato di Vergil si aggiunge a una collezione in continua espansione. Scoprite anche il <a href=\"https:\/\/repliquemangacine.fr\/it\/katana-e-manga-spada-anime-altri-manga\/twin-blade-de-julie-sigtuna-absolute-duo\/\" target=\"_blank\" rel=\"noopener noreferrer\">Doppia lama<\/a> Julie Sigtuna dell'Absolute Duo, il <a href=\"https:\/\/repliquemangacine.fr\/it\/katana-demon-slayer-metal\/katana-kanao-nero-rosa-uccisore-di-demoni\/\" target=\"_blank\" rel=\"noopener noreferrer\">Katana rosa nera di Kanao<\/a> in Demon Slayer o il<a href=\"https:\/\/repliquemangacine.fr\/it\/nuovi-prodotti\/katana-ninja-gaiden\/\" target=\"_blank\" rel=\"noopener noreferrer\"> La leggendaria katana di Ryu Hayabusa<\/a> in Ninja Gaiden. Ogni nuovo articolo viene scelto per la sua fedelt\u00e0 e qualit\u00e0 di riproduzione. Offriamo repliche dei pi\u00f9 grandi manga, videogiochi e film cult. Grazie a queste armi emblematiche, i collezionisti possono arricchire le loro vetrine con pezzi unici. In conclusione, il Tant\u014d Yamato \u00e8 una replica imperdibile per tutti gli appassionati di Devil May Cry e delle mitiche spade giapponesi.<\/p>","protected":false},"excerpt":{"rendered":"<p>La superba Tanto Yamato di Vergil in Devil My Cry. Questa replica \u00e8 identica alla katana presente nel gioco.<\/p>\n<ul>\n<li>Lama in acciaio inossidabile bicolore<\/li>\n<li>Protezione in metallo finemente decorata<\/li>\n<li>Manico in finta pelle di razza, ricoperto da una treccia di cotone bianco.<\/li>\n<li>Fodero in legno laccato nero<\/li>\n<li>Fornito con un piccolo supporto di presentazione.<\/li>\n<li>Lunghezza lama: 26,5 cm - Lunghezza totale: 45 cm<\/li>\n<li>Peso con fodero: 245 g<\/li>\n<\/ul>","protected":false},"featured_media":88228,"template":"","meta":[],"product_brand":[896],"product_cat":[880],"product_tag":[],"class_list":{"0":"post-88222","1":"product","2":"type-product","3":"status-publish","4":"has-post-thumbnail","6":"product_brand-replique-manga-cine","7":"product_cat-devil-may-cry","9":"first","10":"instock","11":"taxable","12":"shipping-taxable","13":"purchasable","14":"product-type-simple"},"yoast_head":"<!-- This site is optimized with the Yoast SEO plugin v27.5 - https:\/\/yoast.com\/product\/yoast-seo-wordpress\/ -->\n<title>Tanto Yamato de Vergil - Devil My Cry - R\u00e9plique Manga Cin\u00e9<\/title>\n<meta name=\"description\" content=\"D\u00e9couvrez le Tanto Yamato de Vergil. R\u00e9plique Devil May Cry fid\u00e8le et \u00e9l\u00e9gante disponible sur R\u00e9plique Manga Cin\u00e9 pour fans et collectionneurs.\" \/>\n<meta name=\"robots\" content=\"index, follow, max-snippet:-1, max-image-preview:large, max-video-preview:-1\" \/>\n<link rel=\"canonical\" href=\"https:\/\/repliquemangacine.fr\/it\/il-diavolo-puo-piangere\/tanto-yamato-de-vergil-diavolo-il-mio-grido\/\" \/>\n<meta property=\"og:locale\" content=\"it_IT\" \/>\n<meta property=\"og:type\" content=\"article\" \/>\n<meta property=\"og:title\" content=\"Tanto Yamato de Vergil - Devil My Cry - R\u00e9plique Manga Cin\u00e9\" \/>\n<meta property=\"og:description\" content=\"D\u00e9couvrez le Tanto Yamato de Vergil. R\u00e9plique Devil May Cry fid\u00e8le et \u00e9l\u00e9gante disponible sur R\u00e9plique Manga Cin\u00e9 pour fans et collectionneurs.\" \/>\n<meta property=\"og:url\" content=\"https:\/\/repliquemangacine.fr\/it\/il-diavolo-puo-piangere\/tanto-yamato-de-vergil-diavolo-il-mio-grido\/\" \/>\n<meta property=\"og:site_name\" content=\"R\u00e9plique Manga Cin\u00e9\" \/>\n<meta property=\"article:publisher\" content=\"https:\/\/www.facebook.com\/RepliqueMangaCine\" \/>\n<meta property=\"article:modified_time\" content=\"2026-02-19T10:29:55+00:00\" \/>\n<meta property=\"og:image\" content=\"https:\/\/repliquemangacine.fr\/wp-content\/uploads\/2025\/09\/Mini-katana-YAMATO-DMC.jpg\" \/>\n\t<meta property=\"og:image:width\" content=\"700\" \/>\n\t<meta property=\"og:image:height\" content=\"700\" \/>\n\t<meta property=\"og:image:type\" content=\"image\/jpeg\" \/>\n<meta name=\"twitter:card\" content=\"summary_large_image\" \/>\n<meta name=\"twitter:label1\" content=\"Tempo di lettura stimato\" \/>\n\t<meta name=\"twitter:data1\" content=\"2 minuti\" \/>\n<script type=\"application\/ld+json\" class=\"yoast-schema-graph\">{\"@context\":\"https:\\\/\\\/schema.org\",\"@graph\":[{\"@type\":\"WebPage\",\"@id\":\"https:\\\/\\\/repliquemangacine.fr\\\/devil-may-cry\\\/tanto-yamato-de-vergil-devil-my-cry\\\/\",\"url\":\"https:\\\/\\\/repliquemangacine.fr\\\/devil-may-cry\\\/tanto-yamato-de-vergil-devil-my-cry\\\/\",\"name\":\"Tanto Yamato de Vergil - Devil My Cry - R\u00e9plique Manga Cin\u00e9\",\"isPartOf\":{\"@id\":\"https:\\\/\\\/repliquemangacine.fr\\\/#website\"},\"primaryImageOfPage\":{\"@id\":\"https:\\\/\\\/repliquemangacine.fr\\\/devil-may-cry\\\/tanto-yamato-de-vergil-devil-my-cry\\\/#primaryimage\"},\"image\":{\"@id\":\"https:\\\/\\\/repliquemangacine.fr\\\/devil-may-cry\\\/tanto-yamato-de-vergil-devil-my-cry\\\/#primaryimage\"},\"thumbnailUrl\":\"https:\\\/\\\/repliquemangacine.fr\\\/wp-content\\\/uploads\\\/2025\\\/09\\\/Mini-katana-YAMATO-DMC.jpg\",\"datePublished\":\"2025-09-09T13:48:13+00:00\",\"dateModified\":\"2026-02-19T10:29:55+00:00\",\"description\":\"D\u00e9couvrez le Tanto Yamato de Vergil. R\u00e9plique Devil May Cry fid\u00e8le et \u00e9l\u00e9gante disponible sur R\u00e9plique Manga Cin\u00e9 pour fans et collectionneurs.\",\"breadcrumb\":{\"@id\":\"https:\\\/\\\/repliquemangacine.fr\\\/devil-may-cry\\\/tanto-yamato-de-vergil-devil-my-cry\\\/#breadcrumb\"},\"inLanguage\":\"it-IT\",\"potentialAction\":[{\"@type\":\"ReadAction\",\"target\":[\"https:\\\/\\\/repliquemangacine.fr\\\/devil-may-cry\\\/tanto-yamato-de-vergil-devil-my-cry\\\/\"]}]},{\"@type\":\"ImageObject\",\"inLanguage\":\"it-IT\",\"@id\":\"https:\\\/\\\/repliquemangacine.fr\\\/devil-may-cry\\\/tanto-yamato-de-vergil-devil-my-cry\\\/#primaryimage\",\"url\":\"https:\\\/\\\/repliquemangacine.fr\\\/wp-content\\\/uploads\\\/2025\\\/09\\\/Mini-katana-YAMATO-DMC.jpg\",\"contentUrl\":\"https:\\\/\\\/repliquemangacine.fr\\\/wp-content\\\/uploads\\\/2025\\\/09\\\/Mini-katana-YAMATO-DMC.jpg\",\"width\":700,\"height\":700,\"caption\":\"Tanto Yamato de Vergil dans Devil My Cry\"},{\"@type\":\"BreadcrumbList\",\"@id\":\"https:\\\/\\\/repliquemangacine.fr\\\/devil-may-cry\\\/tanto-yamato-de-vergil-devil-my-cry\\\/#breadcrumb\",\"itemListElement\":[{\"@type\":\"ListItem\",\"position\":1,\"name\":\"Accueil\",\"item\":\"https:\\\/\\\/repliquemangacine.fr\\\/\"},{\"@type\":\"ListItem\",\"position\":2,\"name\":\"Produits\",\"item\":\"https:\\\/\\\/repliquemangacine.fr\\\/boutique\\\/\"},{\"@type\":\"ListItem\",\"position\":3,\"name\":\"Tanto Yamato de Vergil &#8211; Devil My Cry\"}]},{\"@type\":\"WebSite\",\"@id\":\"https:\\\/\\\/repliquemangacine.fr\\\/#website\",\"url\":\"https:\\\/\\\/repliquemangacine.fr\\\/\",\"name\":\"R\u00e9plique Manga Cin\u00e9\",\"description\":\"\",\"publisher\":{\"@id\":\"https:\\\/\\\/repliquemangacine.fr\\\/#organization\"},\"potentialAction\":[{\"@type\":\"SearchAction\",\"target\":{\"@type\":\"EntryPoint\",\"urlTemplate\":\"https:\\\/\\\/repliquemangacine.fr\\\/?s={search_term_string}\"},\"query-input\":{\"@type\":\"PropertyValueSpecification\",\"valueRequired\":true,\"valueName\":\"search_term_string\"}}],\"inLanguage\":\"it-IT\"},{\"@type\":\"Organization\",\"@id\":\"https:\\\/\\\/repliquemangacine.fr\\\/#organization\",\"name\":\"R\u00e9plique Manga Cin\u00e9\",\"url\":\"https:\\\/\\\/repliquemangacine.fr\\\/\",\"logo\":{\"@type\":\"ImageObject\",\"inLanguage\":\"it-IT\",\"@id\":\"https:\\\/\\\/repliquemangacine.fr\\\/#\\\/schema\\\/logo\\\/image\\\/\",\"url\":\"https:\\\/\\\/repliquemangacine.fr\\\/wp-content\\\/uploads\\\/2023\\\/10\\\/RMC-500250.png\",\"contentUrl\":\"https:\\\/\\\/repliquemangacine.fr\\\/wp-content\\\/uploads\\\/2023\\\/10\\\/RMC-500250.png\",\"width\":500,\"height\":250,\"caption\":\"R\u00e9plique Manga Cin\u00e9\"},\"image\":{\"@id\":\"https:\\\/\\\/repliquemangacine.fr\\\/#\\\/schema\\\/logo\\\/image\\\/\"},\"sameAs\":[\"https:\\\/\\\/www.facebook.com\\\/RepliqueMangaCine\",\"https:\\\/\\\/www.instagram.com\\\/repliquemangacine.fr\\\/\"]}]}<\/script>\n<!-- \/ Yoast SEO plugin. -->","yoast_head_json":{"title":"Tanto Yamato de Vergil - Devil My Cry - R\u00e9plique Manga Cin\u00e9","description":"Scoprite il Tanto Yamato di Vergil. Fedele ed elegante replica di Devil May Cry disponibile su R\u00e9plique Manga Cin\u00e9 per i fan e i collezionisti.","robots":{"index":"index","follow":"follow","max-snippet":"max-snippet:-1","max-image-preview":"max-image-preview:large","max-video-preview":"max-video-preview:-1"},"canonical":"https:\/\/repliquemangacine.fr\/it\/il-diavolo-puo-piangere\/tanto-yamato-de-vergil-diavolo-il-mio-grido\/","og_locale":"it_IT","og_type":"article","og_title":"Tanto Yamato de Vergil - Devil My Cry - R\u00e9plique Manga Cin\u00e9","og_description":"D\u00e9couvrez le Tanto Yamato de Vergil. R\u00e9plique Devil May Cry fid\u00e8le et \u00e9l\u00e9gante disponible sur R\u00e9plique Manga Cin\u00e9 pour fans et collectionneurs.","og_url":"https:\/\/repliquemangacine.fr\/it\/il-diavolo-puo-piangere\/tanto-yamato-de-vergil-diavolo-il-mio-grido\/","og_site_name":"R\u00e9plique Manga Cin\u00e9","article_publisher":"https:\/\/www.facebook.com\/RepliqueMangaCine","article_modified_time":"2026-02-19T10:29:55+00:00","og_image":[{"width":700,"height":700,"url":"https:\/\/repliquemangacine.fr\/wp-content\/uploads\/2025\/09\/Mini-katana-YAMATO-DMC.jpg","type":"image\/jpeg"}],"twitter_card":"summary_large_image","twitter_misc":{"Tempo di lettura stimato":"2 minuti"},"schema":{"@context":"https:\/\/schema.org","@graph":[{"@type":"WebPage","@id":"https:\/\/repliquemangacine.fr\/devil-may-cry\/tanto-yamato-de-vergil-devil-my-cry\/","url":"https:\/\/repliquemangacine.fr\/devil-may-cry\/tanto-yamato-de-vergil-devil-my-cry\/","name":"Tanto Yamato de Vergil - Devil My Cry - R\u00e9plique Manga Cin\u00e9","isPartOf":{"@id":"https:\/\/repliquemangacine.fr\/#website"},"primaryImageOfPage":{"@id":"https:\/\/repliquemangacine.fr\/devil-may-cry\/tanto-yamato-de-vergil-devil-my-cry\/#primaryimage"},"image":{"@id":"https:\/\/repliquemangacine.fr\/devil-may-cry\/tanto-yamato-de-vergil-devil-my-cry\/#primaryimage"},"thumbnailUrl":"https:\/\/repliquemangacine.fr\/wp-content\/uploads\/2025\/09\/Mini-katana-YAMATO-DMC.jpg","datePublished":"2025-09-09T13:48:13+00:00","dateModified":"2026-02-19T10:29:55+00:00","description":"Scoprite il Tanto Yamato di Vergil. Fedele ed elegante replica di Devil May Cry disponibile su R\u00e9plique Manga Cin\u00e9 per i fan e i collezionisti.","breadcrumb":{"@id":"https:\/\/repliquemangacine.fr\/devil-may-cry\/tanto-yamato-de-vergil-devil-my-cry\/#breadcrumb"},"inLanguage":"it-IT","potentialAction":[{"@type":"ReadAction","target":["https:\/\/repliquemangacine.fr\/devil-may-cry\/tanto-yamato-de-vergil-devil-my-cry\/"]}]},{"@type":"ImageObject","inLanguage":"it-IT","@id":"https:\/\/repliquemangacine.fr\/devil-may-cry\/tanto-yamato-de-vergil-devil-my-cry\/#primaryimage","url":"https:\/\/repliquemangacine.fr\/wp-content\/uploads\/2025\/09\/Mini-katana-YAMATO-DMC.jpg","contentUrl":"https:\/\/repliquemangacine.fr\/wp-content\/uploads\/2025\/09\/Mini-katana-YAMATO-DMC.jpg","width":700,"height":700,"caption":"Tanto Yamato de Vergil dans Devil My Cry"},{"@type":"BreadcrumbList","@id":"https:\/\/repliquemangacine.fr\/devil-may-cry\/tanto-yamato-de-vergil-devil-my-cry\/#breadcrumb","itemListElement":[{"@type":"ListItem","position":1,"name":"Accueil","item":"https:\/\/repliquemangacine.fr\/"},{"@type":"ListItem","position":2,"name":"Produits","item":"https:\/\/repliquemangacine.fr\/boutique\/"},{"@type":"ListItem","position":3,"name":"Tanto Yamato de Vergil &#8211; Devil My Cry"}]},{"@type":"WebSite","@id":"https:\/\/repliquemangacine.fr\/#website","url":"https:\/\/repliquemangacine.fr\/","name":"R\u00e9plique Manga Cin\u00e9","description":"","publisher":{"@id":"https:\/\/repliquemangacine.fr\/#organization"},"potentialAction":[{"@type":"SearchAction","target":{"@type":"EntryPoint","urlTemplate":"https:\/\/repliquemangacine.fr\/?s={search_term_string}"},"query-input":{"@type":"PropertyValueSpecification","valueRequired":true,"valueName":"search_term_string"}}],"inLanguage":"it-IT"},{"@type":"Organization","@id":"https:\/\/repliquemangacine.fr\/#organization","name":"R\u00e9plique Manga Cin\u00e9","url":"https:\/\/repliquemangacine.fr\/","logo":{"@type":"ImageObject","inLanguage":"it-IT","@id":"https:\/\/repliquemangacine.fr\/#\/schema\/logo\/image\/","url":"https:\/\/repliquemangacine.fr\/wp-content\/uploads\/2023\/10\/RMC-500250.png","contentUrl":"https:\/\/repliquemangacine.fr\/wp-content\/uploads\/2023\/10\/RMC-500250.png","width":500,"height":250,"caption":"R\u00e9plique Manga Cin\u00e9"},"image":{"@id":"https:\/\/repliquemangacine.fr\/#\/schema\/logo\/image\/"},"sameAs":["https:\/\/www.facebook.com\/RepliqueMangaCine","https:\/\/www.instagram.com\/repliquemangacine.fr\/"]}]}},"_links":{"self":[{"href":"https:\/\/repliquemangacine.fr\/it\/wp-json\/wp\/v2\/product\/88222","targetHints":{"allow":["GET"]}}],"collection":[{"href":"https:\/\/repliquemangacine.fr\/it\/wp-json\/wp\/v2\/product"}],"about":[{"href":"https:\/\/repliquemangacine.fr\/it\/wp-json\/wp\/v2\/types\/product"}],"wp:featuredmedia":[{"embeddable":true,"href":"https:\/\/repliquemangacine.fr\/it\/wp-json\/wp\/v2\/media\/88228"}],"wp:attachment":[{"href":"https:\/\/repliquemangacine.fr\/it\/wp-json\/wp\/v2\/media?parent=88222"}],"wp:term":[{"taxonomy":"product_brand","embeddable":true,"href":"https:\/\/repliquemangacine.fr\/it\/wp-json\/wp\/v2\/product_brand?post=88222"},{"taxonomy":"product_cat","embeddable":true,"href":"https:\/\/repliquemangacine.fr\/it\/wp-json\/wp\/v2\/product_cat?post=88222"},{"taxonomy":"product_tag","embeddable":true,"href":"https:\/\/repliquemangacine.fr\/it\/wp-json\/wp\/v2\/product_tag?post=88222"}],"curies":[{"name":"wp","href":"https:\/\/api.w.org\/{rel}","templated":true}]}}