





{"id":88032,"date":"2025-09-03T18:12:56","date_gmt":"2025-09-03T16:12:56","guid":{"rendered":"https:\/\/repliquemangacine.fr\/?post_type=product&#038;p=88032"},"modified":"2026-04-15T12:22:03","modified_gmt":"2026-04-15T10:22:03","slug":"katana-obanai-iguro-v3-uccisore-di-demoni","status":"publish","type":"product","link":"https:\/\/repliquemangacine.fr\/it\/katana-demon-slayer-metal\/katana-obanai-iguro-v3-demon-slayer\/","title":{"rendered":"Katana Obanai Iguro V3 - Uccisore di demoni"},"content":{"rendered":"<h2>Katana Obanai Iguro V3<\/h2>\n<p>Prima di tutto, ecco una replica fedele della katana Obanai Iguro V3, la Colonna del Serpente in <a href=\"https:\/\/demon-slayer.fr\/wiki\/\" target=\"_blank\" rel=\"noopener noreferrer\">Ammazzademoni<\/a>. Questa spada \u00e8 immediatamente riconoscibile per la sua lama ondulata, che ricorda il movimento fluido e imprevedibile di un serpente. L'elsa verde, decorata con motivi rettiliani, accentua questo legame unico con lo stile di combattimento. L'impugnatura a strisce bianche e rosse \u00e8 una finitura notevole, sia esteticamente che simbolicamente. Nell'anime, Obanai brandisce questa katana con una precisione micidiale. Questa riproduzione riproduce perfettamente l'arma originale. Sar\u00e0 apprezzata dai collezionisti e dai fan dell'universo di Demon Slayers.<\/p>\n<h2>Un'arma iconica dell'Ammazzademoni<\/h2>\n<p>Per cominciare, in Kimetsu no Yaiba, ogni Pilastro \u00e8 contraddistinto da una katana unica, che ne rappresenta il respiro e la personalit\u00e0. Quella di Obanai riflette la flessibilit\u00e0 e l'astuzia del serpente. Grazie alla sua lama sinuosa, pu\u00f2 attaccare da angolazioni imprevedibili, destabilizzando gli avversari. La sua guardia serpentiforme rafforza questa profonda connessione con il suo stile. Quest'arma simboleggia il suo ruolo di Hashira, garante del potere e della disciplina dei combattenti con la spada. La replica mette in risalto tutti i dettagli, dalla curva della lama all'intreccio dell'impugnatura. \u00c8 un must per tutti gli appassionati di anime.<\/p>\n<h2>L'R\u00e9plique Manga Cin\u00e9 e le sue nuove funzionalit\u00e0<\/h2>\n<p>All'R\u00e9plique Manga Cin\u00e9, la katana di Obanai Iguro si aggiunge a una selezione gi\u00e0 imperdibile di nuovi prodotti. Scoprite il <a href=\"https:\/\/repliquemangacine.fr\/it\/katana-e-manga-spada-anime-altri-manga\/twin-blade-de-julie-sigtuna-absolute-duo\/\" target=\"_blank\" rel=\"noopener noreferrer\">Twin Blade di Julie Sigtuna<\/a> di Absolute Duo, un'arma oscura ed elegante dal design unico. I fan di Demon Slayer apprezzeranno anche il <a href=\"https:\/\/repliquemangacine.fr\/it\/katana-demon-slayer-metal\/katana-kanao-nero-rosa-uccisore-di-demoni\/\" target=\"_blank\" rel=\"noopener noreferrer\">Katana rosa nera di Kanao<\/a>una versione rivisitata che unisce stile e modernit\u00e0. Infine, non perdete la superba replica del <a href=\"https:\/\/repliquemangacine.fr\/it\/nuovi-prodotti\/katana-ninja-gaiden\/\" target=\"_blank\" rel=\"noopener noreferrer\">La katana di Ryu Hayabusa in Ninja Gaiden<\/a>una spada mitica forgiata dalla leggenda. Il nostro negozio arricchisce regolarmente il suo catalogo con pezzi emblematici di manga, videogiochi e universi cult. Ogni replica \u00e8 scelta per la sua fedelt\u00e0 e qualit\u00e0 per soddisfare collezionisti e appassionati. Con questi nuovi prodotti, R\u00e9plique Manga Cin\u00e9 continua a offrire armi eccezionali che rendono omaggio agli eroi e ai mondi che ci ispirano.<\/p>","protected":false},"excerpt":{"rendered":"<p>Una superba replica della katana di Obanai Iguro, il Pilastro del Serpente in Demon Slayer.<\/p>\n<ul>\n<li>Lama in metallo ondulato bicolore con incisione<\/li>\n<li>Manico rivestito in cotone a righe bianche e rosse<\/li>\n<li>Elsa d'acciaio decorata con motivi rettiliani verdi e neri<\/li>\n<li>Fodero in similpelle nera con cinturino<\/li>\n<li>Lunghezza lama: 69 cm - Lunghezza totale: 102 cm<\/li>\n<li>Peso: 985 g<\/li>\n<\/ul>","protected":false},"featured_media":88033,"template":"","meta":[],"product_brand":[896],"product_cat":[63,117],"product_tag":[],"class_list":{"0":"post-88032","1":"product","2":"type-product","3":"status-publish","4":"has-post-thumbnail","6":"product_brand-replique-manga-cine","7":"product_cat-katana-demon-slayer","8":"product_cat-katana-demon-slayer-metal","10":"first","11":"instock","12":"taxable","13":"shipping-taxable","14":"purchasable","15":"product-type-simple"},"yoast_head":"<!-- This site is optimized with the Yoast SEO plugin v27.4 - https:\/\/yoast.com\/product\/yoast-seo-wordpress\/ -->\n<title>Katana Obanai Iguro V3 - Demon Slayer - R\u00e9plique Manga Cin\u00e9<\/title>\n<meta name=\"description\" content=\"R\u00e9plique fid\u00e8le du katana d\u2019Obanai Iguro V3. Un sabre Demon Slayer unique \u00e0 ajouter \u00e0 votre collection chez R\u00e9plique Manga Cin\u00e9. En m\u00e9tal. 102 cm\" \/>\n<meta name=\"robots\" content=\"index, follow, max-snippet:-1, max-image-preview:large, max-video-preview:-1\" \/>\n<link rel=\"canonical\" href=\"https:\/\/repliquemangacine.fr\/it\/katana-demon-slayer-metal\/katana-obanai-iguro-v3-uccisore-di-demoni\/\" \/>\n<meta property=\"og:locale\" content=\"it_IT\" \/>\n<meta property=\"og:type\" content=\"article\" \/>\n<meta property=\"og:title\" content=\"Katana Obanai Iguro V3 - Demon Slayer - R\u00e9plique Manga Cin\u00e9\" \/>\n<meta property=\"og:description\" content=\"R\u00e9plique fid\u00e8le du katana d\u2019Obanai Iguro V3. Un sabre Demon Slayer unique \u00e0 ajouter \u00e0 votre collection chez R\u00e9plique Manga Cin\u00e9. En m\u00e9tal. 102 cm\" \/>\n<meta property=\"og:url\" content=\"https:\/\/repliquemangacine.fr\/it\/katana-demon-slayer-metal\/katana-obanai-iguro-v3-uccisore-di-demoni\/\" \/>\n<meta property=\"og:site_name\" content=\"R\u00e9plique Manga Cin\u00e9\" \/>\n<meta property=\"article:publisher\" content=\"https:\/\/www.facebook.com\/RepliqueMangaCine\" \/>\n<meta property=\"article:modified_time\" content=\"2026-04-15T10:22:03+00:00\" \/>\n<meta property=\"og:image\" content=\"https:\/\/repliquemangacine.fr\/wp-content\/uploads\/2025\/09\/Katana-Obanai-Iguro-V3-Demon-Slayer.jpg\" \/>\n\t<meta property=\"og:image:width\" content=\"600\" \/>\n\t<meta property=\"og:image:height\" content=\"600\" \/>\n\t<meta property=\"og:image:type\" content=\"image\/jpeg\" \/>\n<meta name=\"twitter:card\" content=\"summary_large_image\" \/>\n<meta name=\"twitter:label1\" content=\"Tempo di lettura stimato\" \/>\n\t<meta name=\"twitter:data1\" content=\"3 minuti\" \/>\n<script type=\"application\/ld+json\" class=\"yoast-schema-graph\">{\"@context\":\"https:\\\/\\\/schema.org\",\"@graph\":[{\"@type\":\"WebPage\",\"@id\":\"https:\\\/\\\/repliquemangacine.fr\\\/katana-demon-slayer-metal\\\/katana-obanai-iguro-v3-demon-slayer\\\/\",\"url\":\"https:\\\/\\\/repliquemangacine.fr\\\/katana-demon-slayer-metal\\\/katana-obanai-iguro-v3-demon-slayer\\\/\",\"name\":\"Katana Obanai Iguro V3 - Demon Slayer - R\u00e9plique Manga Cin\u00e9\",\"isPartOf\":{\"@id\":\"https:\\\/\\\/repliquemangacine.fr\\\/#website\"},\"primaryImageOfPage\":{\"@id\":\"https:\\\/\\\/repliquemangacine.fr\\\/katana-demon-slayer-metal\\\/katana-obanai-iguro-v3-demon-slayer\\\/#primaryimage\"},\"image\":{\"@id\":\"https:\\\/\\\/repliquemangacine.fr\\\/katana-demon-slayer-metal\\\/katana-obanai-iguro-v3-demon-slayer\\\/#primaryimage\"},\"thumbnailUrl\":\"https:\\\/\\\/repliquemangacine.fr\\\/wp-content\\\/uploads\\\/2025\\\/09\\\/Katana-Obanai-Iguro-V3-Demon-Slayer.jpg\",\"datePublished\":\"2025-09-03T16:12:56+00:00\",\"dateModified\":\"2026-04-15T10:22:03+00:00\",\"description\":\"R\u00e9plique fid\u00e8le du katana d\u2019Obanai Iguro V3. Un sabre Demon Slayer unique \u00e0 ajouter \u00e0 votre collection chez R\u00e9plique Manga Cin\u00e9. En m\u00e9tal. 102 cm\",\"breadcrumb\":{\"@id\":\"https:\\\/\\\/repliquemangacine.fr\\\/katana-demon-slayer-metal\\\/katana-obanai-iguro-v3-demon-slayer\\\/#breadcrumb\"},\"inLanguage\":\"it-IT\",\"potentialAction\":[{\"@type\":\"ReadAction\",\"target\":[\"https:\\\/\\\/repliquemangacine.fr\\\/katana-demon-slayer-metal\\\/katana-obanai-iguro-v3-demon-slayer\\\/\"]}]},{\"@type\":\"ImageObject\",\"inLanguage\":\"it-IT\",\"@id\":\"https:\\\/\\\/repliquemangacine.fr\\\/katana-demon-slayer-metal\\\/katana-obanai-iguro-v3-demon-slayer\\\/#primaryimage\",\"url\":\"https:\\\/\\\/repliquemangacine.fr\\\/wp-content\\\/uploads\\\/2025\\\/09\\\/Katana-Obanai-Iguro-V3-Demon-Slayer.jpg\",\"contentUrl\":\"https:\\\/\\\/repliquemangacine.fr\\\/wp-content\\\/uploads\\\/2025\\\/09\\\/Katana-Obanai-Iguro-V3-Demon-Slayer.jpg\",\"width\":600,\"height\":600,\"caption\":\"Katana Obanai Iguro V3 Demon Slayer\"},{\"@type\":\"BreadcrumbList\",\"@id\":\"https:\\\/\\\/repliquemangacine.fr\\\/katana-demon-slayer-metal\\\/katana-obanai-iguro-v3-demon-slayer\\\/#breadcrumb\",\"itemListElement\":[{\"@type\":\"ListItem\",\"position\":1,\"name\":\"Accueil\",\"item\":\"https:\\\/\\\/repliquemangacine.fr\\\/\"},{\"@type\":\"ListItem\",\"position\":2,\"name\":\"Produits\",\"item\":\"https:\\\/\\\/repliquemangacine.fr\\\/boutique\\\/\"},{\"@type\":\"ListItem\",\"position\":3,\"name\":\"Katana Obanai Iguro V3 &#8211; Demon Slayer\"}]},{\"@type\":\"WebSite\",\"@id\":\"https:\\\/\\\/repliquemangacine.fr\\\/#website\",\"url\":\"https:\\\/\\\/repliquemangacine.fr\\\/\",\"name\":\"R\u00e9plique Manga Cin\u00e9\",\"description\":\"\",\"publisher\":{\"@id\":\"https:\\\/\\\/repliquemangacine.fr\\\/#organization\"},\"potentialAction\":[{\"@type\":\"SearchAction\",\"target\":{\"@type\":\"EntryPoint\",\"urlTemplate\":\"https:\\\/\\\/repliquemangacine.fr\\\/?s={search_term_string}\"},\"query-input\":{\"@type\":\"PropertyValueSpecification\",\"valueRequired\":true,\"valueName\":\"search_term_string\"}}],\"inLanguage\":\"it-IT\"},{\"@type\":\"Organization\",\"@id\":\"https:\\\/\\\/repliquemangacine.fr\\\/#organization\",\"name\":\"R\u00e9plique Manga Cin\u00e9\",\"url\":\"https:\\\/\\\/repliquemangacine.fr\\\/\",\"logo\":{\"@type\":\"ImageObject\",\"inLanguage\":\"it-IT\",\"@id\":\"https:\\\/\\\/repliquemangacine.fr\\\/#\\\/schema\\\/logo\\\/image\\\/\",\"url\":\"https:\\\/\\\/repliquemangacine.fr\\\/wp-content\\\/uploads\\\/2023\\\/10\\\/RMC-500250.png\",\"contentUrl\":\"https:\\\/\\\/repliquemangacine.fr\\\/wp-content\\\/uploads\\\/2023\\\/10\\\/RMC-500250.png\",\"width\":500,\"height\":250,\"caption\":\"R\u00e9plique Manga Cin\u00e9\"},\"image\":{\"@id\":\"https:\\\/\\\/repliquemangacine.fr\\\/#\\\/schema\\\/logo\\\/image\\\/\"},\"sameAs\":[\"https:\\\/\\\/www.facebook.com\\\/RepliqueMangaCine\",\"https:\\\/\\\/www.instagram.com\\\/repliquemangacine.fr\\\/\"]}]}<\/script>\n<!-- \/ Yoast SEO plugin. -->","yoast_head_json":{"title":"Katana Obanai Iguro V3 - Uccisore di demoni - R\u00e9plique Manga Cin\u00e9","description":"Replica fedele della katana Obanai Iguro V3. Un'esclusiva spada da cacciatore di demoni da aggiungere alla vostra collezione presso R\u00e9plique Manga Cin\u00e9. Realizzata in metallo. 102 cm","robots":{"index":"index","follow":"follow","max-snippet":"max-snippet:-1","max-image-preview":"max-image-preview:large","max-video-preview":"max-video-preview:-1"},"canonical":"https:\/\/repliquemangacine.fr\/it\/katana-demon-slayer-metal\/katana-obanai-iguro-v3-uccisore-di-demoni\/","og_locale":"it_IT","og_type":"article","og_title":"Katana Obanai Iguro V3 - Demon Slayer - R\u00e9plique Manga Cin\u00e9","og_description":"R\u00e9plique fid\u00e8le du katana d\u2019Obanai Iguro V3. Un sabre Demon Slayer unique \u00e0 ajouter \u00e0 votre collection chez R\u00e9plique Manga Cin\u00e9. En m\u00e9tal. 102 cm","og_url":"https:\/\/repliquemangacine.fr\/it\/katana-demon-slayer-metal\/katana-obanai-iguro-v3-uccisore-di-demoni\/","og_site_name":"R\u00e9plique Manga Cin\u00e9","article_publisher":"https:\/\/www.facebook.com\/RepliqueMangaCine","article_modified_time":"2026-04-15T10:22:03+00:00","og_image":[{"width":600,"height":600,"url":"https:\/\/repliquemangacine.fr\/wp-content\/uploads\/2025\/09\/Katana-Obanai-Iguro-V3-Demon-Slayer.jpg","type":"image\/jpeg"}],"twitter_card":"summary_large_image","twitter_misc":{"Tempo di lettura stimato":"3 minuti"},"schema":{"@context":"https:\/\/schema.org","@graph":[{"@type":"WebPage","@id":"https:\/\/repliquemangacine.fr\/katana-demon-slayer-metal\/katana-obanai-iguro-v3-demon-slayer\/","url":"https:\/\/repliquemangacine.fr\/katana-demon-slayer-metal\/katana-obanai-iguro-v3-demon-slayer\/","name":"Katana Obanai Iguro V3 - Uccisore di demoni - R\u00e9plique Manga Cin\u00e9","isPartOf":{"@id":"https:\/\/repliquemangacine.fr\/#website"},"primaryImageOfPage":{"@id":"https:\/\/repliquemangacine.fr\/katana-demon-slayer-metal\/katana-obanai-iguro-v3-demon-slayer\/#primaryimage"},"image":{"@id":"https:\/\/repliquemangacine.fr\/katana-demon-slayer-metal\/katana-obanai-iguro-v3-demon-slayer\/#primaryimage"},"thumbnailUrl":"https:\/\/repliquemangacine.fr\/wp-content\/uploads\/2025\/09\/Katana-Obanai-Iguro-V3-Demon-Slayer.jpg","datePublished":"2025-09-03T16:12:56+00:00","dateModified":"2026-04-15T10:22:03+00:00","description":"Replica fedele della katana Obanai Iguro V3. Un'esclusiva spada da cacciatore di demoni da aggiungere alla vostra collezione presso R\u00e9plique Manga Cin\u00e9. Realizzata in metallo. 102 cm","breadcrumb":{"@id":"https:\/\/repliquemangacine.fr\/katana-demon-slayer-metal\/katana-obanai-iguro-v3-demon-slayer\/#breadcrumb"},"inLanguage":"it-IT","potentialAction":[{"@type":"ReadAction","target":["https:\/\/repliquemangacine.fr\/katana-demon-slayer-metal\/katana-obanai-iguro-v3-demon-slayer\/"]}]},{"@type":"ImageObject","inLanguage":"it-IT","@id":"https:\/\/repliquemangacine.fr\/katana-demon-slayer-metal\/katana-obanai-iguro-v3-demon-slayer\/#primaryimage","url":"https:\/\/repliquemangacine.fr\/wp-content\/uploads\/2025\/09\/Katana-Obanai-Iguro-V3-Demon-Slayer.jpg","contentUrl":"https:\/\/repliquemangacine.fr\/wp-content\/uploads\/2025\/09\/Katana-Obanai-Iguro-V3-Demon-Slayer.jpg","width":600,"height":600,"caption":"Katana Obanai Iguro V3 Demon Slayer"},{"@type":"BreadcrumbList","@id":"https:\/\/repliquemangacine.fr\/katana-demon-slayer-metal\/katana-obanai-iguro-v3-demon-slayer\/#breadcrumb","itemListElement":[{"@type":"ListItem","position":1,"name":"Accueil","item":"https:\/\/repliquemangacine.fr\/"},{"@type":"ListItem","position":2,"name":"Produits","item":"https:\/\/repliquemangacine.fr\/boutique\/"},{"@type":"ListItem","position":3,"name":"Katana Obanai Iguro V3 &#8211; Demon Slayer"}]},{"@type":"WebSite","@id":"https:\/\/repliquemangacine.fr\/#website","url":"https:\/\/repliquemangacine.fr\/","name":"R\u00e9plique Manga Cin\u00e9","description":"","publisher":{"@id":"https:\/\/repliquemangacine.fr\/#organization"},"potentialAction":[{"@type":"SearchAction","target":{"@type":"EntryPoint","urlTemplate":"https:\/\/repliquemangacine.fr\/?s={search_term_string}"},"query-input":{"@type":"PropertyValueSpecification","valueRequired":true,"valueName":"search_term_string"}}],"inLanguage":"it-IT"},{"@type":"Organization","@id":"https:\/\/repliquemangacine.fr\/#organization","name":"R\u00e9plique Manga Cin\u00e9","url":"https:\/\/repliquemangacine.fr\/","logo":{"@type":"ImageObject","inLanguage":"it-IT","@id":"https:\/\/repliquemangacine.fr\/#\/schema\/logo\/image\/","url":"https:\/\/repliquemangacine.fr\/wp-content\/uploads\/2023\/10\/RMC-500250.png","contentUrl":"https:\/\/repliquemangacine.fr\/wp-content\/uploads\/2023\/10\/RMC-500250.png","width":500,"height":250,"caption":"R\u00e9plique Manga Cin\u00e9"},"image":{"@id":"https:\/\/repliquemangacine.fr\/#\/schema\/logo\/image\/"},"sameAs":["https:\/\/www.facebook.com\/RepliqueMangaCine","https:\/\/www.instagram.com\/repliquemangacine.fr\/"]}]}},"_links":{"self":[{"href":"https:\/\/repliquemangacine.fr\/it\/wp-json\/wp\/v2\/product\/88032","targetHints":{"allow":["GET"]}}],"collection":[{"href":"https:\/\/repliquemangacine.fr\/it\/wp-json\/wp\/v2\/product"}],"about":[{"href":"https:\/\/repliquemangacine.fr\/it\/wp-json\/wp\/v2\/types\/product"}],"wp:featuredmedia":[{"embeddable":true,"href":"https:\/\/repliquemangacine.fr\/it\/wp-json\/wp\/v2\/media\/88033"}],"wp:attachment":[{"href":"https:\/\/repliquemangacine.fr\/it\/wp-json\/wp\/v2\/media?parent=88032"}],"wp:term":[{"taxonomy":"product_brand","embeddable":true,"href":"https:\/\/repliquemangacine.fr\/it\/wp-json\/wp\/v2\/product_brand?post=88032"},{"taxonomy":"product_cat","embeddable":true,"href":"https:\/\/repliquemangacine.fr\/it\/wp-json\/wp\/v2\/product_cat?post=88032"},{"taxonomy":"product_tag","embeddable":true,"href":"https:\/\/repliquemangacine.fr\/it\/wp-json\/wp\/v2\/product_tag?post=88032"}],"curies":[{"name":"wp","href":"https:\/\/api.w.org\/{rel}","templated":true}]}}