





{"id":88022,"date":"2025-09-03T17:04:09","date_gmt":"2025-09-03T15:04:09","guid":{"rendered":"https:\/\/repliquemangacine.fr\/?post_type=product&#038;p=88022"},"modified":"2026-02-19T11:29:38","modified_gmt":"2026-02-19T10:29:38","slug":"twin-blade-de-julie-sigtuna-absolute-duo","status":"publish","type":"product","link":"https:\/\/repliquemangacine.fr\/it\/katana-et-epee-de-manga-anime-autre-manga\/twin-blade-de-julie-sigtuna-absolute-duo\/","title":{"rendered":"Twin Blade di Julie Sigtuna - Duo assoluto"},"content":{"rendered":"<h2>La lama gemella di Julie Sigtuna<\/h2>\n<p>Prima di tutto, ecco l'impressionante linea Twin Blade di Julie Sigtuna dell'eroina dell'anime <a href=\"https:\/\/manga-encyclopedie.fandom.com\/fr\/wiki\/Cat%C3%A9gorie:Absolute_Duo\" target=\"_blank\" rel=\"noopener noreferrer\">Duo assoluto<\/a>. In questo universo, ogni combattente ha una \"Blaze\", un'arma materializzata dalla sua anima. Julie si distingue per un'arma rara: una doppia lama nera con venature rosse, simbolo della sua forza e del suo tragico destino. Questa fedele riproduzione riprende il design originale con la sua guardia aggressiva e la lama atipica. Grazie al suo stile unico, attira subito l'attenzione di collezionisti e appassionati. Questa spada incarna l'eleganza e la potenza di Julie in battaglia. Rappresenta anche il suo equilibrio tra dolcezza e determinazione.<\/p>\n<h2>Un'arma iconica in Absolute Duo<\/h2>\n<p>Per cominciare, in Absolute Duo, le Blaze riflettono la personalit\u00e0 di chi le indossa. Quella di Julie \u00e8 un'arma formidabile, perfettamente adatta alla sua padronanza del combattimento ravvicinato. La Twin Blade combina velocit\u00e0, precisione e potenza, dando vita a sequenze spettacolari. Le lame di Julie travolgono gli avversari in un turbine fluido e implacabile. Le venature rosse visibili nell'acciaio ricordano la sua energia interiore e il suo legame con il passato. Questa replica conserva ogni dettaglio per soddisfare i fan pi\u00f9 esigenti. Pi\u00f9 che un'arma, \u00e8 un simbolo di volont\u00e0 e resilienza. \u00c8 quindi un must per gli appassionati di anime e per i collezionisti di armi.<\/p>\n<h2>R\u00e9plique Manga Cin\u00e9 e i suoi nuovi prodotti esclusivi<\/h2>\n<p>Con R\u00e9plique Manga Cin\u00e9, il Twin Blade di Julie si aggiunge ai nostri nuovi modelli di punta. Il primo, il <a href=\"https:\/\/repliquemangacine.fr\/it\/nuovi-prodotti\/katana-cloud-gouger-a-kagurabachi\/\" target=\"_blank\" rel=\"noopener noreferrer\">Katana di Cloud Gouger<\/a> di Kagurabachi \u00e8 un vero e proprio richiamo visivo. Il suo design moderno e deciso \u00e8 un successo immediato per gli appassionati. Scoprite poi <a href=\"https:\/\/repliquemangacine.fr\/it\/katana-kagurabachi-metallo\/katana-enten-di-chihiro-kagurabachi\/\" target=\"_blank\" rel=\"noopener noreferrer\">Enten<\/a>un'altra delle katane simbolo di Kagurabachi, gi\u00e0 diventata un cult per i lettori. Per l'universo di Jujutsu Kaisen, ecco la <a href=\"https:\/\/repliquemangacine.fr\/it\/jujutsu-kaisen\/anima-divisa-katana-jujutsu-kaisen\/\" target=\"_blank\" rel=\"noopener noreferrer\">Katana dell'anima divisa<\/a>oscuro e spaventoso. \u00c8 il complemento perfetto per le collezioni di esorcisti e maledizioni. Inoltre, il<a href=\"https:\/\/repliquemangacine.fr\/it\/anello-di-elden\/anello-elden-giuramento-spada\/\" target=\"_blank\" rel=\"noopener noreferrer\">Anello di Elden Spada del Giuramento<\/a> fa un ingresso in grande stile. Evoca le epiche battaglie e i giuramenti dei Sans-\u00e9clats. Inoltre, il nostro catalogo \u00e8 in continua espansione. Aspettatevi arrivi regolari ed esclusive accuratamente realizzate. Ogni articolo \u00e8 scelto per la sua fedelt\u00e0 e qualit\u00e0. Di conseguenza, la vostra vetrina guadagner\u00e0 in impatto e coerenza. Infine, esplorate le nostre categorie per trovare la vostra prossima leggenda.<\/p>","protected":false},"excerpt":{"rendered":"<p>Replica unica della Twin Blade di Julie Sigtuna. L'arma di culto di Absolute Duo.<\/p>\n<ul>\n<li>Lama in acciaio nero con venature rosse<\/li>\n<li>Manico appositamente sagomato con filo di cotone nero per una presa sicura.<\/li>\n<li>Fodero in similpelle nera con tracolla.<\/li>\n<li>Lunghezza lama: 52 cm - Lunghezza totale: 79 cm<\/li>\n<li>Peso: 1080 g<\/li>\n<\/ul>","protected":false},"featured_media":88029,"template":"","meta":[],"product_brand":[896],"product_cat":[65],"product_tag":[],"class_list":{"0":"post-88022","1":"product","2":"type-product","3":"status-publish","4":"has-post-thumbnail","6":"product_brand-replique-manga-cine","7":"product_cat-katana-et-epee-de-manga-anime-autre-manga","9":"first","10":"instock","11":"taxable","12":"shipping-taxable","13":"purchasable","14":"product-type-simple"},"yoast_head":"<!-- This site is optimized with the Yoast SEO plugin v27.4 - https:\/\/yoast.com\/product\/yoast-seo-wordpress\/ -->\n<title>Twin Blade de Julie Sigtuna - Absolute Duo - R\u00e9plique Manga Cin\u00e9<\/title>\n<meta name=\"description\" content=\"R\u00e9plique unique de la Twin Blade de Julie Sigtuna. Arme culte d\u2019Absolute Duo disponible chez R\u00e9plique Manga Cin\u00e9 pour les fans d\u2019anime.\" \/>\n<meta name=\"robots\" content=\"index, follow, max-snippet:-1, max-image-preview:large, max-video-preview:-1\" \/>\n<link rel=\"canonical\" href=\"https:\/\/repliquemangacine.fr\/it\/katana-e-manga-spada-anime-altri-manga\/twin-blade-de-julie-sigtuna-absolute-duo\/\" \/>\n<meta property=\"og:locale\" content=\"it_IT\" \/>\n<meta property=\"og:type\" content=\"article\" \/>\n<meta property=\"og:title\" content=\"Twin Blade de Julie Sigtuna - Absolute Duo - R\u00e9plique Manga Cin\u00e9\" \/>\n<meta property=\"og:description\" content=\"R\u00e9plique unique de la Twin Blade de Julie Sigtuna. Arme culte d\u2019Absolute Duo disponible chez R\u00e9plique Manga Cin\u00e9 pour les fans d\u2019anime.\" \/>\n<meta property=\"og:url\" content=\"https:\/\/repliquemangacine.fr\/it\/katana-e-manga-spada-anime-altri-manga\/twin-blade-de-julie-sigtuna-absolute-duo\/\" \/>\n<meta property=\"og:site_name\" content=\"R\u00e9plique Manga Cin\u00e9\" \/>\n<meta property=\"article:publisher\" content=\"https:\/\/www.facebook.com\/RepliqueMangaCine\" \/>\n<meta property=\"article:modified_time\" content=\"2026-02-19T10:29:38+00:00\" \/>\n<meta property=\"og:image\" content=\"https:\/\/repliquemangacine.fr\/wp-content\/uploads\/2025\/09\/twin-blade-julie-sigtuna-1.jpg\" \/>\n\t<meta property=\"og:image:width\" content=\"700\" \/>\n\t<meta property=\"og:image:height\" content=\"700\" \/>\n\t<meta property=\"og:image:type\" content=\"image\/jpeg\" \/>\n<meta name=\"twitter:card\" content=\"summary_large_image\" \/>\n<meta name=\"twitter:label1\" content=\"Tempo di lettura stimato\" \/>\n\t<meta name=\"twitter:data1\" content=\"3 minuti\" \/>\n<script type=\"application\/ld+json\" class=\"yoast-schema-graph\">{\"@context\":\"https:\\\/\\\/schema.org\",\"@graph\":[{\"@type\":\"WebPage\",\"@id\":\"https:\\\/\\\/repliquemangacine.fr\\\/katana-et-epee-de-manga-anime-autre-manga\\\/twin-blade-de-julie-sigtuna-absolute-duo\\\/\",\"url\":\"https:\\\/\\\/repliquemangacine.fr\\\/katana-et-epee-de-manga-anime-autre-manga\\\/twin-blade-de-julie-sigtuna-absolute-duo\\\/\",\"name\":\"Twin Blade de Julie Sigtuna - Absolute Duo - R\u00e9plique Manga Cin\u00e9\",\"isPartOf\":{\"@id\":\"https:\\\/\\\/repliquemangacine.fr\\\/#website\"},\"primaryImageOfPage\":{\"@id\":\"https:\\\/\\\/repliquemangacine.fr\\\/katana-et-epee-de-manga-anime-autre-manga\\\/twin-blade-de-julie-sigtuna-absolute-duo\\\/#primaryimage\"},\"image\":{\"@id\":\"https:\\\/\\\/repliquemangacine.fr\\\/katana-et-epee-de-manga-anime-autre-manga\\\/twin-blade-de-julie-sigtuna-absolute-duo\\\/#primaryimage\"},\"thumbnailUrl\":\"https:\\\/\\\/repliquemangacine.fr\\\/wp-content\\\/uploads\\\/2025\\\/09\\\/twin-blade-julie-sigtuna-1.jpg\",\"datePublished\":\"2025-09-03T15:04:09+00:00\",\"dateModified\":\"2026-02-19T10:29:38+00:00\",\"description\":\"R\u00e9plique unique de la Twin Blade de Julie Sigtuna. Arme culte d\u2019Absolute Duo disponible chez R\u00e9plique Manga Cin\u00e9 pour les fans d\u2019anime.\",\"breadcrumb\":{\"@id\":\"https:\\\/\\\/repliquemangacine.fr\\\/katana-et-epee-de-manga-anime-autre-manga\\\/twin-blade-de-julie-sigtuna-absolute-duo\\\/#breadcrumb\"},\"inLanguage\":\"it-IT\",\"potentialAction\":[{\"@type\":\"ReadAction\",\"target\":[\"https:\\\/\\\/repliquemangacine.fr\\\/katana-et-epee-de-manga-anime-autre-manga\\\/twin-blade-de-julie-sigtuna-absolute-duo\\\/\"]}]},{\"@type\":\"ImageObject\",\"inLanguage\":\"it-IT\",\"@id\":\"https:\\\/\\\/repliquemangacine.fr\\\/katana-et-epee-de-manga-anime-autre-manga\\\/twin-blade-de-julie-sigtuna-absolute-duo\\\/#primaryimage\",\"url\":\"https:\\\/\\\/repliquemangacine.fr\\\/wp-content\\\/uploads\\\/2025\\\/09\\\/twin-blade-julie-sigtuna-1.jpg\",\"contentUrl\":\"https:\\\/\\\/repliquemangacine.fr\\\/wp-content\\\/uploads\\\/2025\\\/09\\\/twin-blade-julie-sigtuna-1.jpg\",\"width\":700,\"height\":700},{\"@type\":\"BreadcrumbList\",\"@id\":\"https:\\\/\\\/repliquemangacine.fr\\\/katana-et-epee-de-manga-anime-autre-manga\\\/twin-blade-de-julie-sigtuna-absolute-duo\\\/#breadcrumb\",\"itemListElement\":[{\"@type\":\"ListItem\",\"position\":1,\"name\":\"Accueil\",\"item\":\"https:\\\/\\\/repliquemangacine.fr\\\/\"},{\"@type\":\"ListItem\",\"position\":2,\"name\":\"Produits\",\"item\":\"https:\\\/\\\/repliquemangacine.fr\\\/boutique\\\/\"},{\"@type\":\"ListItem\",\"position\":3,\"name\":\"Twin Blade de Julie Sigtuna &#8211; Absolute Duo\"}]},{\"@type\":\"WebSite\",\"@id\":\"https:\\\/\\\/repliquemangacine.fr\\\/#website\",\"url\":\"https:\\\/\\\/repliquemangacine.fr\\\/\",\"name\":\"R\u00e9plique Manga Cin\u00e9\",\"description\":\"\",\"publisher\":{\"@id\":\"https:\\\/\\\/repliquemangacine.fr\\\/#organization\"},\"potentialAction\":[{\"@type\":\"SearchAction\",\"target\":{\"@type\":\"EntryPoint\",\"urlTemplate\":\"https:\\\/\\\/repliquemangacine.fr\\\/?s={search_term_string}\"},\"query-input\":{\"@type\":\"PropertyValueSpecification\",\"valueRequired\":true,\"valueName\":\"search_term_string\"}}],\"inLanguage\":\"it-IT\"},{\"@type\":\"Organization\",\"@id\":\"https:\\\/\\\/repliquemangacine.fr\\\/#organization\",\"name\":\"R\u00e9plique Manga Cin\u00e9\",\"url\":\"https:\\\/\\\/repliquemangacine.fr\\\/\",\"logo\":{\"@type\":\"ImageObject\",\"inLanguage\":\"it-IT\",\"@id\":\"https:\\\/\\\/repliquemangacine.fr\\\/#\\\/schema\\\/logo\\\/image\\\/\",\"url\":\"https:\\\/\\\/repliquemangacine.fr\\\/wp-content\\\/uploads\\\/2023\\\/10\\\/RMC-500250.png\",\"contentUrl\":\"https:\\\/\\\/repliquemangacine.fr\\\/wp-content\\\/uploads\\\/2023\\\/10\\\/RMC-500250.png\",\"width\":500,\"height\":250,\"caption\":\"R\u00e9plique Manga Cin\u00e9\"},\"image\":{\"@id\":\"https:\\\/\\\/repliquemangacine.fr\\\/#\\\/schema\\\/logo\\\/image\\\/\"},\"sameAs\":[\"https:\\\/\\\/www.facebook.com\\\/RepliqueMangaCine\",\"https:\\\/\\\/www.instagram.com\\\/repliquemangacine.fr\\\/\"]}]}<\/script>\n<!-- \/ Yoast SEO plugin. -->","yoast_head_json":{"title":"Twin Blade di Julie Sigtuna - Duo assoluto - R\u00e9plique Manga Cin\u00e9","description":"Replica unica della Twin Blade di Julie Sigtuna. L'arma di culto di Absolute Duo disponibile da R\u00e9plique Manga Cin\u00e9 per gli appassionati di anime.","robots":{"index":"index","follow":"follow","max-snippet":"max-snippet:-1","max-image-preview":"max-image-preview:large","max-video-preview":"max-video-preview:-1"},"canonical":"https:\/\/repliquemangacine.fr\/it\/katana-e-manga-spada-anime-altri-manga\/twin-blade-de-julie-sigtuna-absolute-duo\/","og_locale":"it_IT","og_type":"article","og_title":"Twin Blade de Julie Sigtuna - Absolute Duo - R\u00e9plique Manga Cin\u00e9","og_description":"R\u00e9plique unique de la Twin Blade de Julie Sigtuna. Arme culte d\u2019Absolute Duo disponible chez R\u00e9plique Manga Cin\u00e9 pour les fans d\u2019anime.","og_url":"https:\/\/repliquemangacine.fr\/it\/katana-e-manga-spada-anime-altri-manga\/twin-blade-de-julie-sigtuna-absolute-duo\/","og_site_name":"R\u00e9plique Manga Cin\u00e9","article_publisher":"https:\/\/www.facebook.com\/RepliqueMangaCine","article_modified_time":"2026-02-19T10:29:38+00:00","og_image":[{"width":700,"height":700,"url":"https:\/\/repliquemangacine.fr\/wp-content\/uploads\/2025\/09\/twin-blade-julie-sigtuna-1.jpg","type":"image\/jpeg"}],"twitter_card":"summary_large_image","twitter_misc":{"Tempo di lettura stimato":"3 minuti"},"schema":{"@context":"https:\/\/schema.org","@graph":[{"@type":"WebPage","@id":"https:\/\/repliquemangacine.fr\/katana-et-epee-de-manga-anime-autre-manga\/twin-blade-de-julie-sigtuna-absolute-duo\/","url":"https:\/\/repliquemangacine.fr\/katana-et-epee-de-manga-anime-autre-manga\/twin-blade-de-julie-sigtuna-absolute-duo\/","name":"Twin Blade di Julie Sigtuna - Duo assoluto - R\u00e9plique Manga Cin\u00e9","isPartOf":{"@id":"https:\/\/repliquemangacine.fr\/#website"},"primaryImageOfPage":{"@id":"https:\/\/repliquemangacine.fr\/katana-et-epee-de-manga-anime-autre-manga\/twin-blade-de-julie-sigtuna-absolute-duo\/#primaryimage"},"image":{"@id":"https:\/\/repliquemangacine.fr\/katana-et-epee-de-manga-anime-autre-manga\/twin-blade-de-julie-sigtuna-absolute-duo\/#primaryimage"},"thumbnailUrl":"https:\/\/repliquemangacine.fr\/wp-content\/uploads\/2025\/09\/twin-blade-julie-sigtuna-1.jpg","datePublished":"2025-09-03T15:04:09+00:00","dateModified":"2026-02-19T10:29:38+00:00","description":"Replica unica della Twin Blade di Julie Sigtuna. L'arma di culto di Absolute Duo disponibile da R\u00e9plique Manga Cin\u00e9 per gli appassionati di anime.","breadcrumb":{"@id":"https:\/\/repliquemangacine.fr\/katana-et-epee-de-manga-anime-autre-manga\/twin-blade-de-julie-sigtuna-absolute-duo\/#breadcrumb"},"inLanguage":"it-IT","potentialAction":[{"@type":"ReadAction","target":["https:\/\/repliquemangacine.fr\/katana-et-epee-de-manga-anime-autre-manga\/twin-blade-de-julie-sigtuna-absolute-duo\/"]}]},{"@type":"ImageObject","inLanguage":"it-IT","@id":"https:\/\/repliquemangacine.fr\/katana-et-epee-de-manga-anime-autre-manga\/twin-blade-de-julie-sigtuna-absolute-duo\/#primaryimage","url":"https:\/\/repliquemangacine.fr\/wp-content\/uploads\/2025\/09\/twin-blade-julie-sigtuna-1.jpg","contentUrl":"https:\/\/repliquemangacine.fr\/wp-content\/uploads\/2025\/09\/twin-blade-julie-sigtuna-1.jpg","width":700,"height":700},{"@type":"BreadcrumbList","@id":"https:\/\/repliquemangacine.fr\/katana-et-epee-de-manga-anime-autre-manga\/twin-blade-de-julie-sigtuna-absolute-duo\/#breadcrumb","itemListElement":[{"@type":"ListItem","position":1,"name":"Accueil","item":"https:\/\/repliquemangacine.fr\/"},{"@type":"ListItem","position":2,"name":"Produits","item":"https:\/\/repliquemangacine.fr\/boutique\/"},{"@type":"ListItem","position":3,"name":"Twin Blade de Julie Sigtuna &#8211; Absolute Duo"}]},{"@type":"WebSite","@id":"https:\/\/repliquemangacine.fr\/#website","url":"https:\/\/repliquemangacine.fr\/","name":"R\u00e9plique Manga Cin\u00e9","description":"","publisher":{"@id":"https:\/\/repliquemangacine.fr\/#organization"},"potentialAction":[{"@type":"SearchAction","target":{"@type":"EntryPoint","urlTemplate":"https:\/\/repliquemangacine.fr\/?s={search_term_string}"},"query-input":{"@type":"PropertyValueSpecification","valueRequired":true,"valueName":"search_term_string"}}],"inLanguage":"it-IT"},{"@type":"Organization","@id":"https:\/\/repliquemangacine.fr\/#organization","name":"R\u00e9plique Manga Cin\u00e9","url":"https:\/\/repliquemangacine.fr\/","logo":{"@type":"ImageObject","inLanguage":"it-IT","@id":"https:\/\/repliquemangacine.fr\/#\/schema\/logo\/image\/","url":"https:\/\/repliquemangacine.fr\/wp-content\/uploads\/2023\/10\/RMC-500250.png","contentUrl":"https:\/\/repliquemangacine.fr\/wp-content\/uploads\/2023\/10\/RMC-500250.png","width":500,"height":250,"caption":"R\u00e9plique Manga Cin\u00e9"},"image":{"@id":"https:\/\/repliquemangacine.fr\/#\/schema\/logo\/image\/"},"sameAs":["https:\/\/www.facebook.com\/RepliqueMangaCine","https:\/\/www.instagram.com\/repliquemangacine.fr\/"]}]}},"_links":{"self":[{"href":"https:\/\/repliquemangacine.fr\/it\/wp-json\/wp\/v2\/product\/88022","targetHints":{"allow":["GET"]}}],"collection":[{"href":"https:\/\/repliquemangacine.fr\/it\/wp-json\/wp\/v2\/product"}],"about":[{"href":"https:\/\/repliquemangacine.fr\/it\/wp-json\/wp\/v2\/types\/product"}],"wp:featuredmedia":[{"embeddable":true,"href":"https:\/\/repliquemangacine.fr\/it\/wp-json\/wp\/v2\/media\/88029"}],"wp:attachment":[{"href":"https:\/\/repliquemangacine.fr\/it\/wp-json\/wp\/v2\/media?parent=88022"}],"wp:term":[{"taxonomy":"product_brand","embeddable":true,"href":"https:\/\/repliquemangacine.fr\/it\/wp-json\/wp\/v2\/product_brand?post=88022"},{"taxonomy":"product_cat","embeddable":true,"href":"https:\/\/repliquemangacine.fr\/it\/wp-json\/wp\/v2\/product_cat?post=88022"},{"taxonomy":"product_tag","embeddable":true,"href":"https:\/\/repliquemangacine.fr\/it\/wp-json\/wp\/v2\/product_tag?post=88022"}],"curies":[{"name":"wp","href":"https:\/\/api.w.org\/{rel}","templated":true}]}}