





{"id":87986,"date":"2025-09-02T17:48:27","date_gmt":"2025-09-02T15:48:27","guid":{"rendered":"https:\/\/repliquemangacine.fr\/?post_type=product&#038;p=87986"},"modified":"2026-04-16T09:31:17","modified_gmt":"2026-04-16T07:31:17","slug":"katana-kanao-nero-rosa-uccisore-di-demoni","status":"publish","type":"product","link":"https:\/\/repliquemangacine.fr\/it\/katana-demon-slayer-metal\/katana-kanao-black-pink-demon-slayer\/","title":{"rendered":"Katana Kanao Nero Rosa"},"content":{"rendered":"<h2>Katana Kanao Nero Rosa - Cacciatore di Demoni<\/h2>\n<p>Innanzitutto, scoprite la replica unica della katana di Kanao Tsuyuri in versione rosa nero. In <a href=\"https:\/\/demon-slayer.fr\/wiki\/\" target=\"_blank\" rel=\"noopener noreferrer\">Ammazzademoni<\/a>Kanao si distingue per la sua grazia, la sua precisione e la sua calma incrollabile. Infatti, questa spada riprende l'eleganza della sua arma, ma la rivisita con un design audace e moderno. Infatti, il suo stile \u00e8 direttamente ispirato alla moda delle BLACKPINK, un mix di potenza e morbidezza che spopola in tutto il mondo. La guardia floreale rosa ricorda la delicatezza di Kanao, mentre il contrasto bianco-nero dell'impugnatura evoca forza ed eleganza. Questa replica raggiunge il perfetto equilibrio tra fedelt\u00e0 all'anime e influenza di tendenza.<\/p>\n<h2>Una katana ispirata alle Demon Slayer e alla moda delle BLACKPINK<\/h2>\n<p>In Kimetsu no Yaiba, ogni Cacciatore di Demoni ha una katana che riflette la sua personalit\u00e0. La katana di Kanao incarna grazia e determinazione. In questa versione Black Pink, la lama mantiene l'anima dell'arma originale e sfoggia un'estetica ispirata alla cultura pop coreana. Il duo nero e rosa, simbolo del gruppo BLACKPINK, ha conquistato il mondo della moda combinando glamour e potenza. Questo contrasto si riflette anche nel fodero rosa acceso e nell'elsa scura di questa spada. L'incisione \"Black Pink\" sulla lama aggiunge un tocco distintivo e moderno che piacer\u00e0 agli appassionati di manga e K-pop.<\/p>\n<h2>R\u00e9plique Manga Cin\u00e9 e le sue collezioni<\/h2>\n<p>Da R\u00e9plique Manga Cin\u00e9, questa katana rosa nera di Kanao si aggiunge a una vasta gamma di repliche. Offriamo armi ispirate ai pi\u00f9 grandi manga, videogiochi, film e serie cult. Scoprite le nostre katane dei manga One Piece, Bleach e Sword Art Online. Troverete anche riproduzioni di spade mitiche come quelle di Zelda o The Witcher. Per gli appassionati di storia, offriamo tutte le spade di<a href=\"https:\/\/repliquemangacine.fr\/it\/armi-accessorie-guerra-mondiale\/\" target=\"_blank\" rel=\"noopener noreferrer\">eproduzioni di armi della Seconda Guerra Mondiale<\/a>. Ci sono anche <a href=\"https:\/\/repliquemangacine.fr\/it\/armi-e-accessori-vichinghi\/\" target=\"_blank\" rel=\"noopener noreferrer\">Spade e accessori vichinghi<\/a> e scudi vichinghi. Ogni pezzo \u00e8 scelto per la sua qualit\u00e0 e fedelt\u00e0 ai modelli originali. Che siate collezionisti o semplici appassionati, il nostro negozio offre un'ampia scelta per arricchire le vostre vetrine. In conclusione, questa katana Black Pink \u00e8 un must per completare la vostra collezione.<\/p>","protected":false},"excerpt":{"rendered":"<p>Katana Kanao Demon Slayer replica - Versione nera e rosa<\/p>\n<ul>\n<li>Lama non affilata in acciaio inox 440<\/li>\n<li>Incisione sulla parte superiore della lama \"Black Pink<\/li>\n<li>Manico in finta pelle di razza ricoperto da una treccia di cotone nero.<\/li>\n<li>Fodero in legno laccato rosa<\/li>\n<li>Protezione in metallo con decorazione floreale<\/li>\n<li>Lunghezza lama: 64 cm - Lunghezza totale: 102 cm<\/li>\n<li>Peso: 960 g<\/li>\n<\/ul>","protected":false},"featured_media":87987,"template":"","meta":[],"product_brand":[896],"product_cat":[63,117],"product_tag":[],"class_list":{"0":"post-87986","1":"product","2":"type-product","3":"status-publish","4":"has-post-thumbnail","6":"product_brand-replique-manga-cine","7":"product_cat-katana-demon-slayer","8":"product_cat-katana-demon-slayer-metal","10":"first","11":"instock","12":"taxable","13":"shipping-taxable","14":"purchasable","15":"product-type-simple"},"yoast_head":"<!-- This site is optimized with the Yoast SEO plugin v27.4 - https:\/\/yoast.com\/product\/yoast-seo-wordpress\/ -->\n<title>Katana Kanao Black Pink - R\u00e9plique Manga Cin\u00e9<\/title>\n<meta name=\"description\" content=\"Decouvrez le Katana Kanao Black Pink inspir\u00e9e de l&#039;anim\u00e9 Demon Slayer et de l&#039;esth\u00e9tique Black Pink. Une r\u00e9plique tendance et originale disponible chez RMC\" \/>\n<meta name=\"robots\" content=\"index, follow, max-snippet:-1, max-image-preview:large, max-video-preview:-1\" \/>\n<link rel=\"canonical\" href=\"https:\/\/repliquemangacine.fr\/it\/katana-demon-slayer-metal\/katana-kanao-nero-rosa-uccisore-di-demoni\/\" \/>\n<meta property=\"og:locale\" content=\"it_IT\" \/>\n<meta property=\"og:type\" content=\"article\" \/>\n<meta property=\"og:title\" content=\"Katana Kanao Black Pink - R\u00e9plique Manga Cin\u00e9\" \/>\n<meta property=\"og:description\" content=\"Decouvrez le Katana Kanao Black Pink inspir\u00e9e de l&#039;anim\u00e9 Demon Slayer et de l&#039;esth\u00e9tique Black Pink. Une r\u00e9plique tendance et originale disponible chez RMC\" \/>\n<meta property=\"og:url\" content=\"https:\/\/repliquemangacine.fr\/it\/katana-demon-slayer-metal\/katana-kanao-nero-rosa-uccisore-di-demoni\/\" \/>\n<meta property=\"og:site_name\" content=\"R\u00e9plique Manga Cin\u00e9\" \/>\n<meta property=\"article:publisher\" content=\"https:\/\/www.facebook.com\/RepliqueMangaCine\" \/>\n<meta property=\"article:modified_time\" content=\"2026-04-16T07:31:17+00:00\" \/>\n<meta property=\"og:image\" content=\"https:\/\/repliquemangacine.fr\/wp-content\/uploads\/2025\/09\/Katana-kanao-Black-pink.jpg\" \/>\n\t<meta property=\"og:image:width\" content=\"1000\" \/>\n\t<meta property=\"og:image:height\" content=\"1000\" \/>\n\t<meta property=\"og:image:type\" content=\"image\/jpeg\" \/>\n<meta name=\"twitter:card\" content=\"summary_large_image\" \/>\n<meta name=\"twitter:label1\" content=\"Tempo di lettura stimato\" \/>\n\t<meta name=\"twitter:data1\" content=\"3 minuti\" \/>\n<script type=\"application\/ld+json\" class=\"yoast-schema-graph\">{\"@context\":\"https:\\\/\\\/schema.org\",\"@graph\":[{\"@type\":\"WebPage\",\"@id\":\"https:\\\/\\\/repliquemangacine.fr\\\/katana-demon-slayer-metal\\\/katana-kanao-black-pink-demon-slayer\\\/\",\"url\":\"https:\\\/\\\/repliquemangacine.fr\\\/katana-demon-slayer-metal\\\/katana-kanao-black-pink-demon-slayer\\\/\",\"name\":\"Katana Kanao Black Pink - R\u00e9plique Manga Cin\u00e9\",\"isPartOf\":{\"@id\":\"https:\\\/\\\/repliquemangacine.fr\\\/#website\"},\"primaryImageOfPage\":{\"@id\":\"https:\\\/\\\/repliquemangacine.fr\\\/katana-demon-slayer-metal\\\/katana-kanao-black-pink-demon-slayer\\\/#primaryimage\"},\"image\":{\"@id\":\"https:\\\/\\\/repliquemangacine.fr\\\/katana-demon-slayer-metal\\\/katana-kanao-black-pink-demon-slayer\\\/#primaryimage\"},\"thumbnailUrl\":\"https:\\\/\\\/repliquemangacine.fr\\\/wp-content\\\/uploads\\\/2025\\\/09\\\/Katana-kanao-Black-pink.jpg\",\"datePublished\":\"2025-09-02T15:48:27+00:00\",\"dateModified\":\"2026-04-16T07:31:17+00:00\",\"description\":\"Decouvrez le Katana Kanao Black Pink inspir\u00e9e de l'anim\u00e9 Demon Slayer et de l'esth\u00e9tique Black Pink. Une r\u00e9plique tendance et originale disponible chez RMC\",\"breadcrumb\":{\"@id\":\"https:\\\/\\\/repliquemangacine.fr\\\/katana-demon-slayer-metal\\\/katana-kanao-black-pink-demon-slayer\\\/#breadcrumb\"},\"inLanguage\":\"it-IT\",\"potentialAction\":[{\"@type\":\"ReadAction\",\"target\":[\"https:\\\/\\\/repliquemangacine.fr\\\/katana-demon-slayer-metal\\\/katana-kanao-black-pink-demon-slayer\\\/\"]}]},{\"@type\":\"ImageObject\",\"inLanguage\":\"it-IT\",\"@id\":\"https:\\\/\\\/repliquemangacine.fr\\\/katana-demon-slayer-metal\\\/katana-kanao-black-pink-demon-slayer\\\/#primaryimage\",\"url\":\"https:\\\/\\\/repliquemangacine.fr\\\/wp-content\\\/uploads\\\/2025\\\/09\\\/Katana-kanao-Black-pink.jpg\",\"contentUrl\":\"https:\\\/\\\/repliquemangacine.fr\\\/wp-content\\\/uploads\\\/2025\\\/09\\\/Katana-kanao-Black-pink.jpg\",\"width\":1000,\"height\":1000,\"caption\":\"Katana Kanao Black Pink - Demon Slayer\"},{\"@type\":\"BreadcrumbList\",\"@id\":\"https:\\\/\\\/repliquemangacine.fr\\\/katana-demon-slayer-metal\\\/katana-kanao-black-pink-demon-slayer\\\/#breadcrumb\",\"itemListElement\":[{\"@type\":\"ListItem\",\"position\":1,\"name\":\"Accueil\",\"item\":\"https:\\\/\\\/repliquemangacine.fr\\\/\"},{\"@type\":\"ListItem\",\"position\":2,\"name\":\"Produits\",\"item\":\"https:\\\/\\\/repliquemangacine.fr\\\/boutique\\\/\"},{\"@type\":\"ListItem\",\"position\":3,\"name\":\"Katana Kanao Black Pink\"}]},{\"@type\":\"WebSite\",\"@id\":\"https:\\\/\\\/repliquemangacine.fr\\\/#website\",\"url\":\"https:\\\/\\\/repliquemangacine.fr\\\/\",\"name\":\"R\u00e9plique Manga Cin\u00e9\",\"description\":\"\",\"publisher\":{\"@id\":\"https:\\\/\\\/repliquemangacine.fr\\\/#organization\"},\"potentialAction\":[{\"@type\":\"SearchAction\",\"target\":{\"@type\":\"EntryPoint\",\"urlTemplate\":\"https:\\\/\\\/repliquemangacine.fr\\\/?s={search_term_string}\"},\"query-input\":{\"@type\":\"PropertyValueSpecification\",\"valueRequired\":true,\"valueName\":\"search_term_string\"}}],\"inLanguage\":\"it-IT\"},{\"@type\":\"Organization\",\"@id\":\"https:\\\/\\\/repliquemangacine.fr\\\/#organization\",\"name\":\"R\u00e9plique Manga Cin\u00e9\",\"url\":\"https:\\\/\\\/repliquemangacine.fr\\\/\",\"logo\":{\"@type\":\"ImageObject\",\"inLanguage\":\"it-IT\",\"@id\":\"https:\\\/\\\/repliquemangacine.fr\\\/#\\\/schema\\\/logo\\\/image\\\/\",\"url\":\"https:\\\/\\\/repliquemangacine.fr\\\/wp-content\\\/uploads\\\/2023\\\/10\\\/RMC-500250.png\",\"contentUrl\":\"https:\\\/\\\/repliquemangacine.fr\\\/wp-content\\\/uploads\\\/2023\\\/10\\\/RMC-500250.png\",\"width\":500,\"height\":250,\"caption\":\"R\u00e9plique Manga Cin\u00e9\"},\"image\":{\"@id\":\"https:\\\/\\\/repliquemangacine.fr\\\/#\\\/schema\\\/logo\\\/image\\\/\"},\"sameAs\":[\"https:\\\/\\\/www.facebook.com\\\/RepliqueMangaCine\",\"https:\\\/\\\/www.instagram.com\\\/repliquemangacine.fr\\\/\"]}]}<\/script>\n<!-- \/ Yoast SEO plugin. -->","yoast_head_json":{"title":"Katana Kanao Nero Rosa - R\u00e9plique Manga Cin\u00e9","description":"Scoprite la Katana Kanao Black Pink ispirata all'anime Demon Slayer e all'estetica Black Pink. Una replica originale e di tendenza disponibile da RMC.","robots":{"index":"index","follow":"follow","max-snippet":"max-snippet:-1","max-image-preview":"max-image-preview:large","max-video-preview":"max-video-preview:-1"},"canonical":"https:\/\/repliquemangacine.fr\/it\/katana-demon-slayer-metal\/katana-kanao-nero-rosa-uccisore-di-demoni\/","og_locale":"it_IT","og_type":"article","og_title":"Katana Kanao Black Pink - R\u00e9plique Manga Cin\u00e9","og_description":"Decouvrez le Katana Kanao Black Pink inspir\u00e9e de l'anim\u00e9 Demon Slayer et de l'esth\u00e9tique Black Pink. Une r\u00e9plique tendance et originale disponible chez RMC","og_url":"https:\/\/repliquemangacine.fr\/it\/katana-demon-slayer-metal\/katana-kanao-nero-rosa-uccisore-di-demoni\/","og_site_name":"R\u00e9plique Manga Cin\u00e9","article_publisher":"https:\/\/www.facebook.com\/RepliqueMangaCine","article_modified_time":"2026-04-16T07:31:17+00:00","og_image":[{"width":1000,"height":1000,"url":"https:\/\/repliquemangacine.fr\/wp-content\/uploads\/2025\/09\/Katana-kanao-Black-pink.jpg","type":"image\/jpeg"}],"twitter_card":"summary_large_image","twitter_misc":{"Tempo di lettura stimato":"3 minuti"},"schema":{"@context":"https:\/\/schema.org","@graph":[{"@type":"WebPage","@id":"https:\/\/repliquemangacine.fr\/katana-demon-slayer-metal\/katana-kanao-black-pink-demon-slayer\/","url":"https:\/\/repliquemangacine.fr\/katana-demon-slayer-metal\/katana-kanao-black-pink-demon-slayer\/","name":"Katana Kanao Nero Rosa - R\u00e9plique Manga Cin\u00e9","isPartOf":{"@id":"https:\/\/repliquemangacine.fr\/#website"},"primaryImageOfPage":{"@id":"https:\/\/repliquemangacine.fr\/katana-demon-slayer-metal\/katana-kanao-black-pink-demon-slayer\/#primaryimage"},"image":{"@id":"https:\/\/repliquemangacine.fr\/katana-demon-slayer-metal\/katana-kanao-black-pink-demon-slayer\/#primaryimage"},"thumbnailUrl":"https:\/\/repliquemangacine.fr\/wp-content\/uploads\/2025\/09\/Katana-kanao-Black-pink.jpg","datePublished":"2025-09-02T15:48:27+00:00","dateModified":"2026-04-16T07:31:17+00:00","description":"Scoprite la Katana Kanao Black Pink ispirata all'anime Demon Slayer e all'estetica Black Pink. Una replica originale e di tendenza disponibile da RMC.","breadcrumb":{"@id":"https:\/\/repliquemangacine.fr\/katana-demon-slayer-metal\/katana-kanao-black-pink-demon-slayer\/#breadcrumb"},"inLanguage":"it-IT","potentialAction":[{"@type":"ReadAction","target":["https:\/\/repliquemangacine.fr\/katana-demon-slayer-metal\/katana-kanao-black-pink-demon-slayer\/"]}]},{"@type":"ImageObject","inLanguage":"it-IT","@id":"https:\/\/repliquemangacine.fr\/katana-demon-slayer-metal\/katana-kanao-black-pink-demon-slayer\/#primaryimage","url":"https:\/\/repliquemangacine.fr\/wp-content\/uploads\/2025\/09\/Katana-kanao-Black-pink.jpg","contentUrl":"https:\/\/repliquemangacine.fr\/wp-content\/uploads\/2025\/09\/Katana-kanao-Black-pink.jpg","width":1000,"height":1000,"caption":"Katana Kanao Black Pink - Demon Slayer"},{"@type":"BreadcrumbList","@id":"https:\/\/repliquemangacine.fr\/katana-demon-slayer-metal\/katana-kanao-black-pink-demon-slayer\/#breadcrumb","itemListElement":[{"@type":"ListItem","position":1,"name":"Accueil","item":"https:\/\/repliquemangacine.fr\/"},{"@type":"ListItem","position":2,"name":"Produits","item":"https:\/\/repliquemangacine.fr\/boutique\/"},{"@type":"ListItem","position":3,"name":"Katana Kanao Black Pink"}]},{"@type":"WebSite","@id":"https:\/\/repliquemangacine.fr\/#website","url":"https:\/\/repliquemangacine.fr\/","name":"R\u00e9plique Manga Cin\u00e9","description":"","publisher":{"@id":"https:\/\/repliquemangacine.fr\/#organization"},"potentialAction":[{"@type":"SearchAction","target":{"@type":"EntryPoint","urlTemplate":"https:\/\/repliquemangacine.fr\/?s={search_term_string}"},"query-input":{"@type":"PropertyValueSpecification","valueRequired":true,"valueName":"search_term_string"}}],"inLanguage":"it-IT"},{"@type":"Organization","@id":"https:\/\/repliquemangacine.fr\/#organization","name":"R\u00e9plique Manga Cin\u00e9","url":"https:\/\/repliquemangacine.fr\/","logo":{"@type":"ImageObject","inLanguage":"it-IT","@id":"https:\/\/repliquemangacine.fr\/#\/schema\/logo\/image\/","url":"https:\/\/repliquemangacine.fr\/wp-content\/uploads\/2023\/10\/RMC-500250.png","contentUrl":"https:\/\/repliquemangacine.fr\/wp-content\/uploads\/2023\/10\/RMC-500250.png","width":500,"height":250,"caption":"R\u00e9plique Manga Cin\u00e9"},"image":{"@id":"https:\/\/repliquemangacine.fr\/#\/schema\/logo\/image\/"},"sameAs":["https:\/\/www.facebook.com\/RepliqueMangaCine","https:\/\/www.instagram.com\/repliquemangacine.fr\/"]}]}},"_links":{"self":[{"href":"https:\/\/repliquemangacine.fr\/it\/wp-json\/wp\/v2\/product\/87986","targetHints":{"allow":["GET"]}}],"collection":[{"href":"https:\/\/repliquemangacine.fr\/it\/wp-json\/wp\/v2\/product"}],"about":[{"href":"https:\/\/repliquemangacine.fr\/it\/wp-json\/wp\/v2\/types\/product"}],"wp:featuredmedia":[{"embeddable":true,"href":"https:\/\/repliquemangacine.fr\/it\/wp-json\/wp\/v2\/media\/87987"}],"wp:attachment":[{"href":"https:\/\/repliquemangacine.fr\/it\/wp-json\/wp\/v2\/media?parent=87986"}],"wp:term":[{"taxonomy":"product_brand","embeddable":true,"href":"https:\/\/repliquemangacine.fr\/it\/wp-json\/wp\/v2\/product_brand?post=87986"},{"taxonomy":"product_cat","embeddable":true,"href":"https:\/\/repliquemangacine.fr\/it\/wp-json\/wp\/v2\/product_cat?post=87986"},{"taxonomy":"product_tag","embeddable":true,"href":"https:\/\/repliquemangacine.fr\/it\/wp-json\/wp\/v2\/product_tag?post=87986"}],"curies":[{"name":"wp","href":"https:\/\/api.w.org\/{rel}","templated":true}]}}