





{"id":87979,"date":"2025-09-02T17:33:37","date_gmt":"2025-09-02T15:33:37","guid":{"rendered":"https:\/\/repliquemangacine.fr\/?post_type=product&#038;p=87979"},"modified":"2026-03-25T15:55:55","modified_gmt":"2026-03-25T14:55:55","slug":"katana-ninja-gaiden","status":"publish","type":"product","link":"https:\/\/repliquemangacine.fr\/it\/katana-et-epee-de-jeux-video-autre-jeux-video\/katana-ninja-gaiden\/","title":{"rendered":"Katana Ninja Gaiden"},"content":{"rendered":"<h2>Katana Ninja Gaiden: la leggendaria spada di Ryu Hayabusa<\/h2>\n<p>Prima di tutto, ecco una replica fedele della katana di <a href=\"https:\/\/ninjagaiden.fandom.com\/wiki\/Ryu_Hayabusa\" target=\"_blank\" rel=\"noopener noreferrer\">Ryu Hayabusa<\/a>l'eroe emblematico di Ninja Gaiden. Questa spada, chiamata Dragon Sword, incarna l'eredit\u00e0 di un clan ninja ancestrale. Con la sua elsa rossa e la guardia finemente lavorata, questa katana attira subito l'attenzione. Nel mondo dei giochi, la lama possiede l'anima di un drago e rivela la sua piena potenza solo ai veri maestri. Questa riproduzione cattura l'essenza della mitica arma di Ryu. Si rivolge ai collezionisti, agli appassionati e agli amanti delle spade giapponesi. Grazie alla finitura meticolosa e al design unico, questa katana \u00e8 molto pi\u00f9 di un semplice oggetto decorativo. \u00c8 un simbolo di coraggio e disciplina.<\/p>\n<h2>Il posto della katana in Ninja Gaiden<\/h2>\n<p>Nella saga di Ninja Gaiden, la Spada del Drago \u00e8 un'arma diversa da tutte le altre. Rappresenta il cuore del gioco e si evolve nel corso dell'avventura. Ryu Hayabusa sblocca nuove tecniche, rafforzando il legame tra il giocatore e la sua katana. Ogni colpo sferrato diventa pi\u00f9 potente e spettacolare. Questa spada divina accompagna Ryu nelle sue battaglie contro nemici temibili e demoni terrificanti. Nella storia, la Spada del Drago \u00e8 anche un'eredit\u00e0 sacra tramandata all'interno del clan Hayabusa. Simboleggia la continuit\u00e0, l'onore e il destino dei ninja. Per i giocatori, rimane l'arma pi\u00f9 iconica del franchise. Questa importanza rende la sua replica un must per ogni fan di Ninja Gaiden.<\/p>\n<h2>R\u00e9plique Manga Cin\u00e9 e gli altri universi<\/h2>\n<p>Da R\u00e9plique Manga Cin\u00e9, questa spada di culto si unisce a un'ampia collezione di repliche. Troverete una vasta gamma di armi ispirate a manga, videogiochi, film e serie TV. Se siete fan di <a href=\"https:\/\/repliquemangacine.fr\/it\/katana-monopezzo\/\" target=\"_blank\" rel=\"noopener noreferrer\">Un pezzo<\/a>, <a href=\"https:\/\/repliquemangacine.fr\/it\/katana-uccisore-di-demoni\/\" target=\"_blank\" rel=\"noopener noreferrer\">Ammazzademoni<\/a>The Witcher e <a href=\"https:\/\/repliquemangacine.fr\/it\/spada-di-zelda\/\" target=\"_blank\" rel=\"noopener noreferrer\">Zelda<\/a>Il nostro negozio offre pezzi eccezionali. Ogni replica \u00e8 selezionata per la sua qualit\u00e0 e fedelt\u00e0 ai modelli originali. Oltre alle katane, offriamo <a href=\"https:\/\/repliquemangacine.fr\/it\/spade-antiche\/\" target=\"_blank\" rel=\"noopener noreferrer\">spade antiche<\/a>spade medievali e <a href=\"https:\/\/repliquemangacine.fr\/it\/armi-pirata\/\" target=\"_blank\" rel=\"noopener noreferrer\">armi pirata<\/a>. Collezionisti e rievocatori troveranno ci\u00f2 che cercano nel nostro variegato catalogo. Inoltre, questa diversit\u00e0 significa che ogni fan pu\u00f2 arricchire la propria collezione. In conclusione, la katana di Ryu Hayabusa \u00e8 un oggetto imperdibile, ma \u00e8 solo l'inizio di un vasto universo.<\/p>","protected":false},"excerpt":{"rendered":"<p>Superba replica della katana di Ryu Hayabusa in Ninja Gaiden<\/p>\n<ul>\n<li>Lama non affilata in acciaio inox 440<\/li>\n<li>Protezione in metallo finemente decorata<\/li>\n<li>Manico in finta pelle di razza, ricoperto da una treccia di cotone rosso.<\/li>\n<li>Fodero in legno con finiture in metallo dorato<\/li>\n<li>Lunghezza lama: 65 cm - Lunghezza totale: 103 cm<\/li>\n<li>Peso: 910 g<\/li>\n<\/ul>","protected":false},"featured_media":87980,"template":"","meta":[],"product_brand":[896],"product_cat":[67],"product_tag":[],"class_list":{"0":"post-87979","1":"product","2":"type-product","3":"status-publish","4":"has-post-thumbnail","6":"product_brand-replique-manga-cine","7":"product_cat-katana-et-epee-de-jeux-video-autre-jeux-video","9":"first","10":"instock","11":"taxable","12":"shipping-taxable","13":"purchasable","14":"product-type-simple"},"yoast_head":"<!-- This site is optimized with the Yoast SEO plugin v27.4 - https:\/\/yoast.com\/product\/yoast-seo-wordpress\/ -->\n<title>Katana Ninja Gaiden - R\u00e9plique Manga Cin\u00e9<\/title>\n<meta name=\"description\" content=\"D\u00e9couvrez le Katana Ninja Gaiden, la Dragon Sword de Ryu Hayabusa. Lame et garde en acier. Fourreau bois. Longueur totale: 103 cm. Id\u00e9al Cosplay et fans.\" \/>\n<meta name=\"robots\" content=\"index, follow, max-snippet:-1, max-image-preview:large, max-video-preview:-1\" \/>\n<link rel=\"canonical\" href=\"https:\/\/repliquemangacine.fr\/it\/katana-e-spada-videogiochi-altri-videogiochi\/katana-ninja-gaiden\/\" \/>\n<meta property=\"og:locale\" content=\"it_IT\" \/>\n<meta property=\"og:type\" content=\"article\" \/>\n<meta property=\"og:title\" content=\"Katana Ninja Gaiden - R\u00e9plique Manga Cin\u00e9\" \/>\n<meta property=\"og:description\" content=\"D\u00e9couvrez le Katana Ninja Gaiden, la Dragon Sword de Ryu Hayabusa. Lame et garde en acier. Fourreau bois. Longueur totale: 103 cm. Id\u00e9al Cosplay et fans.\" \/>\n<meta property=\"og:url\" content=\"https:\/\/repliquemangacine.fr\/it\/katana-e-spada-videogiochi-altri-videogiochi\/katana-ninja-gaiden\/\" \/>\n<meta property=\"og:site_name\" content=\"R\u00e9plique Manga Cin\u00e9\" \/>\n<meta property=\"article:publisher\" content=\"https:\/\/www.facebook.com\/RepliqueMangaCine\" \/>\n<meta property=\"article:modified_time\" content=\"2026-03-25T14:55:55+00:00\" \/>\n<meta property=\"og:image\" content=\"https:\/\/repliquemangacine.fr\/wp-content\/uploads\/2025\/09\/katana-ninja-gaiden.jpg\" \/>\n\t<meta property=\"og:image:width\" content=\"700\" \/>\n\t<meta property=\"og:image:height\" content=\"700\" \/>\n\t<meta property=\"og:image:type\" content=\"image\/jpeg\" \/>\n<meta name=\"twitter:card\" content=\"summary_large_image\" \/>\n<meta name=\"twitter:label1\" content=\"Tempo di lettura stimato\" \/>\n\t<meta name=\"twitter:data1\" content=\"3 minuti\" \/>\n<script type=\"application\/ld+json\" class=\"yoast-schema-graph\">{\"@context\":\"https:\\\/\\\/schema.org\",\"@graph\":[{\"@type\":\"WebPage\",\"@id\":\"https:\\\/\\\/repliquemangacine.fr\\\/katana-et-epee-de-jeux-video-autre-jeux-video\\\/katana-ninja-gaiden\\\/\",\"url\":\"https:\\\/\\\/repliquemangacine.fr\\\/katana-et-epee-de-jeux-video-autre-jeux-video\\\/katana-ninja-gaiden\\\/\",\"name\":\"Katana Ninja Gaiden - R\u00e9plique Manga Cin\u00e9\",\"isPartOf\":{\"@id\":\"https:\\\/\\\/repliquemangacine.fr\\\/#website\"},\"primaryImageOfPage\":{\"@id\":\"https:\\\/\\\/repliquemangacine.fr\\\/katana-et-epee-de-jeux-video-autre-jeux-video\\\/katana-ninja-gaiden\\\/#primaryimage\"},\"image\":{\"@id\":\"https:\\\/\\\/repliquemangacine.fr\\\/katana-et-epee-de-jeux-video-autre-jeux-video\\\/katana-ninja-gaiden\\\/#primaryimage\"},\"thumbnailUrl\":\"https:\\\/\\\/repliquemangacine.fr\\\/wp-content\\\/uploads\\\/2025\\\/09\\\/katana-ninja-gaiden.jpg\",\"datePublished\":\"2025-09-02T15:33:37+00:00\",\"dateModified\":\"2026-03-25T14:55:55+00:00\",\"description\":\"D\u00e9couvrez le Katana Ninja Gaiden, la Dragon Sword de Ryu Hayabusa. Lame et garde en acier. Fourreau bois. Longueur totale: 103 cm. Id\u00e9al Cosplay et fans.\",\"breadcrumb\":{\"@id\":\"https:\\\/\\\/repliquemangacine.fr\\\/katana-et-epee-de-jeux-video-autre-jeux-video\\\/katana-ninja-gaiden\\\/#breadcrumb\"},\"inLanguage\":\"it-IT\",\"potentialAction\":[{\"@type\":\"ReadAction\",\"target\":[\"https:\\\/\\\/repliquemangacine.fr\\\/katana-et-epee-de-jeux-video-autre-jeux-video\\\/katana-ninja-gaiden\\\/\"]}]},{\"@type\":\"ImageObject\",\"inLanguage\":\"it-IT\",\"@id\":\"https:\\\/\\\/repliquemangacine.fr\\\/katana-et-epee-de-jeux-video-autre-jeux-video\\\/katana-ninja-gaiden\\\/#primaryimage\",\"url\":\"https:\\\/\\\/repliquemangacine.fr\\\/wp-content\\\/uploads\\\/2025\\\/09\\\/katana-ninja-gaiden.jpg\",\"contentUrl\":\"https:\\\/\\\/repliquemangacine.fr\\\/wp-content\\\/uploads\\\/2025\\\/09\\\/katana-ninja-gaiden.jpg\",\"width\":700,\"height\":700,\"caption\":\"Katana Ninja Gaiden\"},{\"@type\":\"BreadcrumbList\",\"@id\":\"https:\\\/\\\/repliquemangacine.fr\\\/katana-et-epee-de-jeux-video-autre-jeux-video\\\/katana-ninja-gaiden\\\/#breadcrumb\",\"itemListElement\":[{\"@type\":\"ListItem\",\"position\":1,\"name\":\"Accueil\",\"item\":\"https:\\\/\\\/repliquemangacine.fr\\\/\"},{\"@type\":\"ListItem\",\"position\":2,\"name\":\"Produits\",\"item\":\"https:\\\/\\\/repliquemangacine.fr\\\/boutique\\\/\"},{\"@type\":\"ListItem\",\"position\":3,\"name\":\"Katana Ninja Gaiden\"}]},{\"@type\":\"WebSite\",\"@id\":\"https:\\\/\\\/repliquemangacine.fr\\\/#website\",\"url\":\"https:\\\/\\\/repliquemangacine.fr\\\/\",\"name\":\"R\u00e9plique Manga Cin\u00e9\",\"description\":\"\",\"publisher\":{\"@id\":\"https:\\\/\\\/repliquemangacine.fr\\\/#organization\"},\"potentialAction\":[{\"@type\":\"SearchAction\",\"target\":{\"@type\":\"EntryPoint\",\"urlTemplate\":\"https:\\\/\\\/repliquemangacine.fr\\\/?s={search_term_string}\"},\"query-input\":{\"@type\":\"PropertyValueSpecification\",\"valueRequired\":true,\"valueName\":\"search_term_string\"}}],\"inLanguage\":\"it-IT\"},{\"@type\":\"Organization\",\"@id\":\"https:\\\/\\\/repliquemangacine.fr\\\/#organization\",\"name\":\"R\u00e9plique Manga Cin\u00e9\",\"url\":\"https:\\\/\\\/repliquemangacine.fr\\\/\",\"logo\":{\"@type\":\"ImageObject\",\"inLanguage\":\"it-IT\",\"@id\":\"https:\\\/\\\/repliquemangacine.fr\\\/#\\\/schema\\\/logo\\\/image\\\/\",\"url\":\"https:\\\/\\\/repliquemangacine.fr\\\/wp-content\\\/uploads\\\/2023\\\/10\\\/RMC-500250.png\",\"contentUrl\":\"https:\\\/\\\/repliquemangacine.fr\\\/wp-content\\\/uploads\\\/2023\\\/10\\\/RMC-500250.png\",\"width\":500,\"height\":250,\"caption\":\"R\u00e9plique Manga Cin\u00e9\"},\"image\":{\"@id\":\"https:\\\/\\\/repliquemangacine.fr\\\/#\\\/schema\\\/logo\\\/image\\\/\"},\"sameAs\":[\"https:\\\/\\\/www.facebook.com\\\/RepliqueMangaCine\",\"https:\\\/\\\/www.instagram.com\\\/repliquemangacine.fr\\\/\"]}]}<\/script>\n<!-- \/ Yoast SEO plugin. -->","yoast_head_json":{"title":"Katana Ninja Gaiden - R\u00e9plique Manga Cin\u00e9","description":"Scopri la Katana di Ninja Gaiden, la spada del drago di Ryu Hayabusa. Lama e guardia in acciaio. Fodero in legno. Lunghezza totale: 103 cm. Ideale per Cosplay e fan.","robots":{"index":"index","follow":"follow","max-snippet":"max-snippet:-1","max-image-preview":"max-image-preview:large","max-video-preview":"max-video-preview:-1"},"canonical":"https:\/\/repliquemangacine.fr\/it\/katana-e-spada-videogiochi-altri-videogiochi\/katana-ninja-gaiden\/","og_locale":"it_IT","og_type":"article","og_title":"Katana Ninja Gaiden - R\u00e9plique Manga Cin\u00e9","og_description":"D\u00e9couvrez le Katana Ninja Gaiden, la Dragon Sword de Ryu Hayabusa. Lame et garde en acier. Fourreau bois. Longueur totale: 103 cm. Id\u00e9al Cosplay et fans.","og_url":"https:\/\/repliquemangacine.fr\/it\/katana-e-spada-videogiochi-altri-videogiochi\/katana-ninja-gaiden\/","og_site_name":"R\u00e9plique Manga Cin\u00e9","article_publisher":"https:\/\/www.facebook.com\/RepliqueMangaCine","article_modified_time":"2026-03-25T14:55:55+00:00","og_image":[{"width":700,"height":700,"url":"https:\/\/repliquemangacine.fr\/wp-content\/uploads\/2025\/09\/katana-ninja-gaiden.jpg","type":"image\/jpeg"}],"twitter_card":"summary_large_image","twitter_misc":{"Tempo di lettura stimato":"3 minuti"},"schema":{"@context":"https:\/\/schema.org","@graph":[{"@type":"WebPage","@id":"https:\/\/repliquemangacine.fr\/katana-et-epee-de-jeux-video-autre-jeux-video\/katana-ninja-gaiden\/","url":"https:\/\/repliquemangacine.fr\/katana-et-epee-de-jeux-video-autre-jeux-video\/katana-ninja-gaiden\/","name":"Katana Ninja Gaiden - R\u00e9plique Manga Cin\u00e9","isPartOf":{"@id":"https:\/\/repliquemangacine.fr\/#website"},"primaryImageOfPage":{"@id":"https:\/\/repliquemangacine.fr\/katana-et-epee-de-jeux-video-autre-jeux-video\/katana-ninja-gaiden\/#primaryimage"},"image":{"@id":"https:\/\/repliquemangacine.fr\/katana-et-epee-de-jeux-video-autre-jeux-video\/katana-ninja-gaiden\/#primaryimage"},"thumbnailUrl":"https:\/\/repliquemangacine.fr\/wp-content\/uploads\/2025\/09\/katana-ninja-gaiden.jpg","datePublished":"2025-09-02T15:33:37+00:00","dateModified":"2026-03-25T14:55:55+00:00","description":"Scopri la Katana di Ninja Gaiden, la spada del drago di Ryu Hayabusa. Lama e guardia in acciaio. Fodero in legno. Lunghezza totale: 103 cm. Ideale per Cosplay e fan.","breadcrumb":{"@id":"https:\/\/repliquemangacine.fr\/katana-et-epee-de-jeux-video-autre-jeux-video\/katana-ninja-gaiden\/#breadcrumb"},"inLanguage":"it-IT","potentialAction":[{"@type":"ReadAction","target":["https:\/\/repliquemangacine.fr\/katana-et-epee-de-jeux-video-autre-jeux-video\/katana-ninja-gaiden\/"]}]},{"@type":"ImageObject","inLanguage":"it-IT","@id":"https:\/\/repliquemangacine.fr\/katana-et-epee-de-jeux-video-autre-jeux-video\/katana-ninja-gaiden\/#primaryimage","url":"https:\/\/repliquemangacine.fr\/wp-content\/uploads\/2025\/09\/katana-ninja-gaiden.jpg","contentUrl":"https:\/\/repliquemangacine.fr\/wp-content\/uploads\/2025\/09\/katana-ninja-gaiden.jpg","width":700,"height":700,"caption":"Katana Ninja Gaiden"},{"@type":"BreadcrumbList","@id":"https:\/\/repliquemangacine.fr\/katana-et-epee-de-jeux-video-autre-jeux-video\/katana-ninja-gaiden\/#breadcrumb","itemListElement":[{"@type":"ListItem","position":1,"name":"Accueil","item":"https:\/\/repliquemangacine.fr\/"},{"@type":"ListItem","position":2,"name":"Produits","item":"https:\/\/repliquemangacine.fr\/boutique\/"},{"@type":"ListItem","position":3,"name":"Katana Ninja Gaiden"}]},{"@type":"WebSite","@id":"https:\/\/repliquemangacine.fr\/#website","url":"https:\/\/repliquemangacine.fr\/","name":"R\u00e9plique Manga Cin\u00e9","description":"","publisher":{"@id":"https:\/\/repliquemangacine.fr\/#organization"},"potentialAction":[{"@type":"SearchAction","target":{"@type":"EntryPoint","urlTemplate":"https:\/\/repliquemangacine.fr\/?s={search_term_string}"},"query-input":{"@type":"PropertyValueSpecification","valueRequired":true,"valueName":"search_term_string"}}],"inLanguage":"it-IT"},{"@type":"Organization","@id":"https:\/\/repliquemangacine.fr\/#organization","name":"R\u00e9plique Manga Cin\u00e9","url":"https:\/\/repliquemangacine.fr\/","logo":{"@type":"ImageObject","inLanguage":"it-IT","@id":"https:\/\/repliquemangacine.fr\/#\/schema\/logo\/image\/","url":"https:\/\/repliquemangacine.fr\/wp-content\/uploads\/2023\/10\/RMC-500250.png","contentUrl":"https:\/\/repliquemangacine.fr\/wp-content\/uploads\/2023\/10\/RMC-500250.png","width":500,"height":250,"caption":"R\u00e9plique Manga Cin\u00e9"},"image":{"@id":"https:\/\/repliquemangacine.fr\/#\/schema\/logo\/image\/"},"sameAs":["https:\/\/www.facebook.com\/RepliqueMangaCine","https:\/\/www.instagram.com\/repliquemangacine.fr\/"]}]}},"_links":{"self":[{"href":"https:\/\/repliquemangacine.fr\/it\/wp-json\/wp\/v2\/product\/87979","targetHints":{"allow":["GET"]}}],"collection":[{"href":"https:\/\/repliquemangacine.fr\/it\/wp-json\/wp\/v2\/product"}],"about":[{"href":"https:\/\/repliquemangacine.fr\/it\/wp-json\/wp\/v2\/types\/product"}],"wp:featuredmedia":[{"embeddable":true,"href":"https:\/\/repliquemangacine.fr\/it\/wp-json\/wp\/v2\/media\/87980"}],"wp:attachment":[{"href":"https:\/\/repliquemangacine.fr\/it\/wp-json\/wp\/v2\/media?parent=87979"}],"wp:term":[{"taxonomy":"product_brand","embeddable":true,"href":"https:\/\/repliquemangacine.fr\/it\/wp-json\/wp\/v2\/product_brand?post=87979"},{"taxonomy":"product_cat","embeddable":true,"href":"https:\/\/repliquemangacine.fr\/it\/wp-json\/wp\/v2\/product_cat?post=87979"},{"taxonomy":"product_tag","embeddable":true,"href":"https:\/\/repliquemangacine.fr\/it\/wp-json\/wp\/v2\/product_tag?post=87979"}],"curies":[{"name":"wp","href":"https:\/\/api.w.org\/{rel}","templated":true}]}}